{"id":22500,"date":"2024-03-13T19:58:23","date_gmt":"2024-03-13T18:58:23","guid":{"rendered":"https:\/\/exparto.pl\/produkt\/dluto-grzadzieli-kongskilde-delta-flex-80x12-mm\/"},"modified":"2026-03-25T09:31:00","modified_gmt":"2026-03-25T08:31:00","slug":"dluto-grzadzieli-kongskilde-delta-flex-80x12-mm","status":"publish","type":"product","link":"https:\/\/exparto.pl\/hu\/produkt\/dluto-grzadzieli-kongskilde-delta-flex-80x12-mm\/","title":{"rendered":"D\u0142uto grz\u0105dzieli Kongskilde Delta Flex 80&#215;12 mm"},"content":{"rendered":"<p><p style=\"text-align: justify;\">Dzi\u00f3b, d\u0142uto wykonane ze stali odpornej na \u015bcieranie, walcowanej, powierzchniowo hartowanej.<\/p>\n<p><p style=\"text-align: justify;\"><b>Zastosowanie:<\/b><\/p>\n<ul>\n<li style=\"text-align: justify;\">Pasuje do agregat\u00f3w podorywkowych z systemem Kongskilde Delta Flex<\/li>\n<\/ul>\n<div style=\"text-align: justify;\"><b>Numer katalogowy:<\/b><\/div>\n<div>\n<ul>\n<li style=\"text-align: justify;\">101003120<\/li>\n<\/ul>\n<\/div>\n<p><b>Przygotowali\u015bmy dla Ciebie wysokiej jako\u015bci d\u0142uto grz\u0105dzieli Kongskilde Delta Flex 80\u00d712 mm<\/b><span style=\"font-weight: 400;\">, kt\u00f3re przeznaczone jest do stosowania w r\u00f3\u017cnych maszynach rolniczych. <\/span><b>Pasuje m.in. do agregat\u00f3w podorywkowych, agregat\u00f3w \u015bcierniskowych i p\u0142ug\u00f3w Kongskilde z systemem Delta Flex<\/b><span style=\"font-weight: 400;\">. Oferowany przez nas produkt charakteryzuje si\u0119 dobrymi parametrami technicznymi i wysok\u0105 wytrzyma\u0142o\u015bci\u0105 eksploatacyjn\u0105.<\/span><\/p>\n<h2><span style=\"font-weight: 400;\">D\u0142uto grz\u0105dzieli do agregatu podorywkowego \u2013 d\u0142uto Kongskilde Delta Flex<\/span><\/h2>\n<p><span style=\"font-weight: 400;\">Na co dzie\u0144 w gospodarstwie rolnym wykorzystuje si\u0119 r\u00f3\u017cnego rodzaju maszyny. W\u015br\u00f3d nich znajduj\u0105 si\u0119 m.in. agregaty \u015bcierniskowe, agregaty podorywkowe i p\u0142ugi. Te ostatnie pozwalaj\u0105 na wykonanie szeregu prac agrarnych. Z czasem jednak poszczeg\u00f3lne ich cz\u0119\u015bci ulegaj\u0105 zu\u017cyciu i wymagaj\u0105 wymiany. <\/span><b>Dotyczy to m.in. d\u0142uta grz\u0105dzieli. W\u0142a\u015bnie dlatego w tym miejscu przygotowali\u015bmy dla Ciebie wysokiej jako\u015bci d\u0142uto Kongskilde Delta Flex<\/b><span style=\"font-weight: 400;\">, kt\u00f3re pasuje do maszyn wyposa\u017conych w ten system.<\/span><\/p>\n<p><span style=\"font-weight: 400;\">Oferowane przez nas d\u0142uto Delta Flex <\/span><b>powstaje ze starannie dobranej stali. Jest ona walcowana i powierzchniowo hartowana<\/b><span style=\"font-weight: 400;\">. W ten spos\u00f3b nadajemy jej wi\u0119kszej odporno\u015bci na \u015bcieranie podczas kontaktu z ziemi\u0105, kamieniami i innymi elementami.<\/span><b> Pozwala to na wyd\u0142u\u017cenie \u017cywotno\u015bci maszyny rolniczej oraz na zoptymalizowanie koszt\u00f3w prowadzenia gospodarstwa rolnego<\/b><span style=\"font-weight: 400;\">. Mocowanie d\u0142uta do maszyny jest proste i odbywa si\u0119 przy pomocy jednej \u015bruby p\u0142u\u017cnej. Skorzystaj z naszej oferty i zapewnij sobie bezpieczn\u0105 i wydajn\u0105 prac\u0119 w polu.<\/span><\/p>\n","protected":false},"excerpt":{"rendered":"<p style=\"text-align: justify;\">D\u0142uto delta flex<\/p>\n","protected":false},"featured_media":22484,"comment_status":"open","ping_status":"closed","template":"","meta":{"_acf_changed":false,"inline_featured_image":false},"product_brand":[],"product_cat":[773],"product_tag":[],"class_list":{"0":"post-22500","1":"product","2":"type-product","3":"status-publish","4":"has-post-thumbnail","6":"product_cat-czesci-do-agregatu-scierniskowego","8":"first","9":"outofstock","10":"taxable","11":"shipping-taxable","12":"purchasable","13":"product-type-simple"},"acf":[],"yoast_head":"<!-- This site is optimized with the Yoast SEO plugin v27.3 - https:\/\/yoast.com\/product\/yoast-seo-wordpress\/ -->\n<title>D\u0142uto grz\u0105dzieli Kongskilde Delta Flex 80x12 mm - Exparto.pl<\/title>\n<meta name=\"robots\" content=\"index, follow, max-snippet:-1, max-image-preview:large, max-video-preview:-1\" \/>\n<link rel=\"canonical\" href=\"https:\/\/exparto.pl\/hu\/produkt\/dluto-grzadzieli-kongskilde-delta-flex-80x12-mm\/\" \/>\n<meta property=\"og:locale\" content=\"hu_HU\" \/>\n<meta property=\"og:type\" content=\"article\" \/>\n<meta property=\"og:title\" content=\"D\u0142uto grz\u0105dzieli Kongskilde Delta Flex 80x12 mm - Exparto.pl\" \/>\n<meta property=\"og:description\" content=\"D\u0142uto delta flex\" \/>\n<meta property=\"og:url\" content=\"https:\/\/exparto.pl\/hu\/produkt\/dluto-grzadzieli-kongskilde-delta-flex-80x12-mm\/\" \/>\n<meta property=\"og:site_name\" content=\"Exparto.pl\" \/>\n<meta property=\"article:publisher\" content=\"https:\/\/www.facebook.com\/exparto.agro\/\" \/>\n<meta property=\"article:modified_time\" content=\"2026-03-25T08:31:00+00:00\" \/>\n<meta property=\"og:image\" content=\"https:\/\/exparto.pl\/wp-content\/uploads\/2024\/03\/b728c272dfb0a856034ec4121489982e.jpg\" \/>\n\t<meta property=\"og:image:width\" content=\"1200\" \/>\n\t<meta property=\"og:image:height\" content=\"1200\" \/>\n\t<meta property=\"og:image:type\" content=\"image\/jpeg\" \/>\n<meta name=\"twitter:card\" content=\"summary_large_image\" \/>\n<meta name=\"twitter:label1\" content=\"Becs\u00fclt olvas\u00e1si id\u0151\" \/>\n\t<meta name=\"twitter:data1\" content=\"2 perc\" \/>\n<script type=\"application\/ld+json\" class=\"yoast-schema-graph\">{\"@context\":\"https:\\\/\\\/schema.org\",\"@graph\":[{\"@type\":\"WebPage\",\"@id\":\"https:\\\/\\\/exparto.pl\\\/hu\\\/produkt\\\/dluto-grzadzieli-kongskilde-delta-flex-80x12-mm\\\/\",\"url\":\"https:\\\/\\\/exparto.pl\\\/hu\\\/produkt\\\/dluto-grzadzieli-kongskilde-delta-flex-80x12-mm\\\/\",\"name\":\"D\u0142uto grz\u0105dzieli Kongskilde Delta Flex 80x12 mm - Exparto.pl\",\"isPartOf\":{\"@id\":\"https:\\\/\\\/exparto.pl\\\/hu\\\/#website\"},\"primaryImageOfPage\":{\"@id\":\"https:\\\/\\\/exparto.pl\\\/hu\\\/produkt\\\/dluto-grzadzieli-kongskilde-delta-flex-80x12-mm\\\/#primaryimage\"},\"image\":{\"@id\":\"https:\\\/\\\/exparto.pl\\\/hu\\\/produkt\\\/dluto-grzadzieli-kongskilde-delta-flex-80x12-mm\\\/#primaryimage\"},\"thumbnailUrl\":\"https:\\\/\\\/exparto.pl\\\/wp-content\\\/uploads\\\/2024\\\/03\\\/b728c272dfb0a856034ec4121489982e.jpg\",\"datePublished\":\"2024-03-13T18:58:23+00:00\",\"dateModified\":\"2026-03-25T08:31:00+00:00\",\"breadcrumb\":{\"@id\":\"https:\\\/\\\/exparto.pl\\\/hu\\\/produkt\\\/dluto-grzadzieli-kongskilde-delta-flex-80x12-mm\\\/#breadcrumb\"},\"inLanguage\":\"hu\",\"potentialAction\":[{\"@type\":\"ReadAction\",\"target\":[\"https:\\\/\\\/exparto.pl\\\/hu\\\/produkt\\\/dluto-grzadzieli-kongskilde-delta-flex-80x12-mm\\\/\"]}]},{\"@type\":\"ImageObject\",\"inLanguage\":\"hu\",\"@id\":\"https:\\\/\\\/exparto.pl\\\/hu\\\/produkt\\\/dluto-grzadzieli-kongskilde-delta-flex-80x12-mm\\\/#primaryimage\",\"url\":\"https:\\\/\\\/exparto.pl\\\/wp-content\\\/uploads\\\/2024\\\/03\\\/b728c272dfb0a856034ec4121489982e.jpg\",\"contentUrl\":\"https:\\\/\\\/exparto.pl\\\/wp-content\\\/uploads\\\/2024\\\/03\\\/b728c272dfb0a856034ec4121489982e.jpg\",\"width\":1200,\"height\":1200},{\"@type\":\"BreadcrumbList\",\"@id\":\"https:\\\/\\\/exparto.pl\\\/hu\\\/produkt\\\/dluto-grzadzieli-kongskilde-delta-flex-80x12-mm\\\/#breadcrumb\",\"itemListElement\":[{\"@type\":\"ListItem\",\"position\":1,\"name\":\"Honlap\",\"item\":\"https:\\\/\\\/exparto.pl\\\/hu\\\/\"},{\"@type\":\"ListItem\",\"position\":2,\"name\":\"Sklep\",\"item\":\"https:\\\/\\\/exparto.pl\\\/sklep\\\/\"},{\"@type\":\"ListItem\",\"position\":3,\"name\":\"Alkatr\u00e9szek a kasz\u00e1l\u00f3egys\u00e9ghez\",\"item\":\"https:\\\/\\\/exparto.pl\\\/hu\\\/termekkategoria\\\/alkatreszek-a-kaszaloegyseghez\\\/\"},{\"@type\":\"ListItem\",\"position\":4,\"name\":\"D\u0142uto grz\u0105dzieli Kongskilde Delta Flex 80&#215;12 mm\"}]},{\"@type\":\"WebSite\",\"@id\":\"https:\\\/\\\/exparto.pl\\\/hu\\\/#website\",\"url\":\"https:\\\/\\\/exparto.pl\\\/hu\\\/\",\"name\":\"EXPARTO\",\"description\":\"More than agro parts\",\"publisher\":{\"@id\":\"https:\\\/\\\/exparto.pl\\\/hu\\\/#organization\"},\"potentialAction\":[{\"@type\":\"SearchAction\",\"target\":{\"@type\":\"EntryPoint\",\"urlTemplate\":\"https:\\\/\\\/exparto.pl\\\/hu\\\/?s={search_term_string}\"},\"query-input\":{\"@type\":\"PropertyValueSpecification\",\"valueRequired\":true,\"valueName\":\"search_term_string\"}}],\"inLanguage\":\"hu\"},{\"@type\":\"Organization\",\"@id\":\"https:\\\/\\\/exparto.pl\\\/hu\\\/#organization\",\"name\":\"EXPARTO\",\"url\":\"https:\\\/\\\/exparto.pl\\\/hu\\\/\",\"logo\":{\"@type\":\"ImageObject\",\"inLanguage\":\"hu\",\"@id\":\"https:\\\/\\\/exparto.pl\\\/hu\\\/#\\\/schema\\\/logo\\\/image\\\/\",\"url\":\"https:\\\/\\\/exparto.pl\\\/wp-content\\\/uploads\\\/2023\\\/02\\\/logo-wektor.png\",\"contentUrl\":\"https:\\\/\\\/exparto.pl\\\/wp-content\\\/uploads\\\/2023\\\/02\\\/logo-wektor.png\",\"width\":1338,\"height\":143,\"caption\":\"EXPARTO\"},\"image\":{\"@id\":\"https:\\\/\\\/exparto.pl\\\/hu\\\/#\\\/schema\\\/logo\\\/image\\\/\"},\"sameAs\":[\"https:\\\/\\\/www.facebook.com\\\/exparto.agro\\\/\"]}]}<\/script>\n<!-- \/ Yoast SEO plugin. -->","yoast_head_json":{"title":"D\u0142uto grz\u0105dzieli Kongskilde Delta Flex 80x12 mm - Exparto.pl","robots":{"index":"index","follow":"follow","max-snippet":"max-snippet:-1","max-image-preview":"max-image-preview:large","max-video-preview":"max-video-preview:-1"},"canonical":"https:\/\/exparto.pl\/hu\/produkt\/dluto-grzadzieli-kongskilde-delta-flex-80x12-mm\/","og_locale":"hu_HU","og_type":"article","og_title":"D\u0142uto grz\u0105dzieli Kongskilde Delta Flex 80x12 mm - Exparto.pl","og_description":"D\u0142uto delta flex","og_url":"https:\/\/exparto.pl\/hu\/produkt\/dluto-grzadzieli-kongskilde-delta-flex-80x12-mm\/","og_site_name":"Exparto.pl","article_publisher":"https:\/\/www.facebook.com\/exparto.agro\/","article_modified_time":"2026-03-25T08:31:00+00:00","og_image":[{"width":1200,"height":1200,"url":"https:\/\/exparto.pl\/wp-content\/uploads\/2024\/03\/b728c272dfb0a856034ec4121489982e.jpg","type":"image\/jpeg"}],"twitter_card":"summary_large_image","twitter_misc":{"Becs\u00fclt olvas\u00e1si id\u0151":"2 perc"},"schema":{"@context":"https:\/\/schema.org","@graph":[{"@type":"WebPage","@id":"https:\/\/exparto.pl\/hu\/produkt\/dluto-grzadzieli-kongskilde-delta-flex-80x12-mm\/","url":"https:\/\/exparto.pl\/hu\/produkt\/dluto-grzadzieli-kongskilde-delta-flex-80x12-mm\/","name":"D\u0142uto grz\u0105dzieli Kongskilde Delta Flex 80x12 mm - Exparto.pl","isPartOf":{"@id":"https:\/\/exparto.pl\/hu\/#website"},"primaryImageOfPage":{"@id":"https:\/\/exparto.pl\/hu\/produkt\/dluto-grzadzieli-kongskilde-delta-flex-80x12-mm\/#primaryimage"},"image":{"@id":"https:\/\/exparto.pl\/hu\/produkt\/dluto-grzadzieli-kongskilde-delta-flex-80x12-mm\/#primaryimage"},"thumbnailUrl":"https:\/\/exparto.pl\/wp-content\/uploads\/2024\/03\/b728c272dfb0a856034ec4121489982e.jpg","datePublished":"2024-03-13T18:58:23+00:00","dateModified":"2026-03-25T08:31:00+00:00","breadcrumb":{"@id":"https:\/\/exparto.pl\/hu\/produkt\/dluto-grzadzieli-kongskilde-delta-flex-80x12-mm\/#breadcrumb"},"inLanguage":"hu","potentialAction":[{"@type":"ReadAction","target":["https:\/\/exparto.pl\/hu\/produkt\/dluto-grzadzieli-kongskilde-delta-flex-80x12-mm\/"]}]},{"@type":"ImageObject","inLanguage":"hu","@id":"https:\/\/exparto.pl\/hu\/produkt\/dluto-grzadzieli-kongskilde-delta-flex-80x12-mm\/#primaryimage","url":"https:\/\/exparto.pl\/wp-content\/uploads\/2024\/03\/b728c272dfb0a856034ec4121489982e.jpg","contentUrl":"https:\/\/exparto.pl\/wp-content\/uploads\/2024\/03\/b728c272dfb0a856034ec4121489982e.jpg","width":1200,"height":1200},{"@type":"BreadcrumbList","@id":"https:\/\/exparto.pl\/hu\/produkt\/dluto-grzadzieli-kongskilde-delta-flex-80x12-mm\/#breadcrumb","itemListElement":[{"@type":"ListItem","position":1,"name":"Honlap","item":"https:\/\/exparto.pl\/hu\/"},{"@type":"ListItem","position":2,"name":"Sklep","item":"https:\/\/exparto.pl\/sklep\/"},{"@type":"ListItem","position":3,"name":"Alkatr\u00e9szek a kasz\u00e1l\u00f3egys\u00e9ghez","item":"https:\/\/exparto.pl\/hu\/termekkategoria\/alkatreszek-a-kaszaloegyseghez\/"},{"@type":"ListItem","position":4,"name":"D\u0142uto grz\u0105dzieli Kongskilde Delta Flex 80&#215;12 mm"}]},{"@type":"WebSite","@id":"https:\/\/exparto.pl\/hu\/#website","url":"https:\/\/exparto.pl\/hu\/","name":"EXPARTO","description":"More than agro parts","publisher":{"@id":"https:\/\/exparto.pl\/hu\/#organization"},"potentialAction":[{"@type":"SearchAction","target":{"@type":"EntryPoint","urlTemplate":"https:\/\/exparto.pl\/hu\/?s={search_term_string}"},"query-input":{"@type":"PropertyValueSpecification","valueRequired":true,"valueName":"search_term_string"}}],"inLanguage":"hu"},{"@type":"Organization","@id":"https:\/\/exparto.pl\/hu\/#organization","name":"EXPARTO","url":"https:\/\/exparto.pl\/hu\/","logo":{"@type":"ImageObject","inLanguage":"hu","@id":"https:\/\/exparto.pl\/hu\/#\/schema\/logo\/image\/","url":"https:\/\/exparto.pl\/wp-content\/uploads\/2023\/02\/logo-wektor.png","contentUrl":"https:\/\/exparto.pl\/wp-content\/uploads\/2023\/02\/logo-wektor.png","width":1338,"height":143,"caption":"EXPARTO"},"image":{"@id":"https:\/\/exparto.pl\/hu\/#\/schema\/logo\/image\/"},"sameAs":["https:\/\/www.facebook.com\/exparto.agro\/"]}]}},"_links":{"self":[{"href":"https:\/\/exparto.pl\/hu\/wp-json\/wp\/v2\/product\/22500","targetHints":{"allow":["GET"]}}],"collection":[{"href":"https:\/\/exparto.pl\/hu\/wp-json\/wp\/v2\/product"}],"about":[{"href":"https:\/\/exparto.pl\/hu\/wp-json\/wp\/v2\/types\/product"}],"replies":[{"embeddable":true,"href":"https:\/\/exparto.pl\/hu\/wp-json\/wp\/v2\/comments?post=22500"}],"wp:featuredmedia":[{"embeddable":true,"href":"https:\/\/exparto.pl\/hu\/wp-json\/wp\/v2\/media\/22484"}],"wp:attachment":[{"href":"https:\/\/exparto.pl\/hu\/wp-json\/wp\/v2\/media?parent=22500"}],"wp:term":[{"taxonomy":"product_brand","embeddable":true,"href":"https:\/\/exparto.pl\/hu\/wp-json\/wp\/v2\/product_brand?post=22500"},{"taxonomy":"product_cat","embeddable":true,"href":"https:\/\/exparto.pl\/hu\/wp-json\/wp\/v2\/product_cat?post=22500"},{"taxonomy":"product_tag","embeddable":true,"href":"https:\/\/exparto.pl\/hu\/wp-json\/wp\/v2\/product_tag?post=22500"}],"curies":[{"name":"wp","href":"https:\/\/api.w.org\/{rel}","templated":true}]}}