{"id":22671,"date":"2024-03-13T20:51:29","date_gmt":"2024-03-13T19:51:29","guid":{"rendered":"https:\/\/exparto.pl\/produkt\/oslona-podbieracza-ii-do-prasy-z562-metal-fach\/"},"modified":"2026-03-06T11:43:47","modified_gmt":"2026-03-06T10:43:47","slug":"oslona-podbieracza-ii-do-prasy-z562-metal-fach","status":"publish","type":"product","link":"https:\/\/exparto.pl\/hu\/produkt\/oslona-podbieracza-ii-do-prasy-z562-metal-fach\/","title":{"rendered":"Os\u0142ona podbieracza II do prasy Z562 METAL-FACH"},"content":{"rendered":"<p><span style=\"font-weight: 400\">Prasa beluj\u0105ca Metal-Fach Z-562 to maszyna powszechnie wykorzystywana w polskich gospodarstwach rolnych. W trakcie jej eksploatacji mo\u017ce doj\u015b\u0107 do zu\u017cycia lub uszkodzenia wybranych cz\u0119\u015bci roboczych. Wymienisz je, korzystaj\u0105c z naszej oferty. <\/span><b>W EXPARTO przygotowali\u015bmy m.in. oryginaln\u0105 os\u0142on\u0119 podbieracza prasy beluj\u0105cej Metal-Fach Z-562<\/b><span style=\"font-weight: 400\">.\u00a0<\/span><\/p>\n<h2><span style=\"font-weight: 400\">Os\u0142ona podbieracza II Metal-Fach Z-562<\/span><\/h2>\n<p><b>Jednym z wa\u017cnych element\u00f3w prasy beluj\u0105cej Metal-Fach Z-562 jest podbieracz<\/b><span style=\"font-weight: 400\">. Od jego prawid\u0142owej pracy zale\u017c\u0105 pob\u00f3r pokosu z pola oraz efektywne belowanie. <\/span><b>Aby zmniejszy\u0107 ryzyko usterek i wyd\u0142u\u017cy\u0107 \u017cywotno\u015b\u0107 tego elementu, stosuje si\u0119 os\u0142on\u0119 podbieracza<\/b><span style=\"font-weight: 400\">. Stanowi ona element ochronny w uk\u0142adzie. W zwi\u0105zku z tym musi charakteryzowa\u0107 si\u0119 dobrym dopasowaniem do prasy beluj\u0105cej, wysok\u0105 wytrzyma\u0142o\u015bci\u0105 eksploatacyjn\u0105 oraz odporno\u015bci\u0105 na uszkodzenia mechaniczne.\u00a0<\/span><\/p>\n<p><b>W EXPARTO oferujemy Ci oryginaln\u0105 os\u0142on\u0119 podbieracza Metal-Fach<\/b><span style=\"font-weight: 400\">. Cz\u0119\u015b\u0107 ta pasuje do prasy beluj\u0105cej Z-562. Wymiary tego elementu to 39 \u00d7 30 \u00d7 7 cm, a waga wynosi kilogram. Dzi\u0119ki temu os\u0142ona jest prosta w monta\u017cu i demonta\u017cu. Proponujemy j\u0105 w atrakcyjnej cenie i z kr\u00f3tkim terminem realizacji zam\u00f3wienia.\u00a0<\/span><\/p>\n<p><b>Kupuj\u0105c w EXPARTO, zagwarantujesz sobie dost\u0119p do oryginalnych cz\u0119\u015bci do prasy beluj\u0105cej Metal-Fach<\/b><span style=\"font-weight: 400\"> oraz najwy\u017csz\u0105 jako\u015b\u0107 otrzymywanych produkt\u00f3w. W przypadku jakichkolwiek pyta\u0144 zach\u0119camy do kontaktu z naszym zespo\u0142em.\u00a0<\/span><\/p>\n<p><b>Zastosowanie<\/b><span style=\"font-weight: 400\">:<\/span><\/p>\n<p><span style=\"font-weight: 400\">Prasa beluj\u0105ca Z-562 MF<\/span><\/p>\n<p><b>Numer katalogowy<\/b><span style=\"font-weight: 400\">:<\/span><\/p>\n<p style=\"text-align: justify\"><span style=\"font-weight: 400\">096.000.025<\/span><\/p>\n","protected":false},"excerpt":{"rendered":"<p style=\"text-align: justify\">Os\u0142ona podbieracza II MF<\/p>\n","protected":false},"featured_media":22651,"comment_status":"open","ping_status":"closed","template":"","meta":{"_acf_changed":false,"inline_featured_image":false},"product_brand":[],"product_cat":[785,774],"product_tag":[],"class_list":{"0":"post-22671","1":"product","2":"type-product","3":"status-publish","4":"has-post-thumbnail","6":"product_cat-czesci-do-prasy-rolujacej","7":"product_cat-metal-fach-z-562","9":"first","10":"instock","11":"taxable","12":"shipping-taxable","13":"purchasable","14":"product-type-simple"},"acf":[],"yoast_head":"<!-- This site is optimized with the Yoast SEO plugin v27.3 - https:\/\/yoast.com\/product\/yoast-seo-wordpress\/ -->\n<title>Os\u0142ona podbieracza II do prasy Z562 METAL-FACH - Exparto.pl<\/title>\n<meta name=\"robots\" content=\"index, follow, max-snippet:-1, max-image-preview:large, max-video-preview:-1\" \/>\n<link rel=\"canonical\" href=\"https:\/\/exparto.pl\/hu\/produkt\/oslona-podbieracza-ii-do-prasy-z562-metal-fach\/\" \/>\n<meta property=\"og:locale\" content=\"hu_HU\" \/>\n<meta property=\"og:type\" content=\"article\" \/>\n<meta property=\"og:title\" content=\"Os\u0142ona podbieracza II do prasy Z562 METAL-FACH - Exparto.pl\" \/>\n<meta property=\"og:description\" content=\"Os\u0142ona podbieracza II MF\" \/>\n<meta property=\"og:url\" content=\"https:\/\/exparto.pl\/hu\/produkt\/oslona-podbieracza-ii-do-prasy-z562-metal-fach\/\" \/>\n<meta property=\"og:site_name\" content=\"Exparto.pl\" \/>\n<meta property=\"article:publisher\" content=\"https:\/\/www.facebook.com\/exparto.agro\/\" \/>\n<meta property=\"article:modified_time\" content=\"2026-03-06T10:43:47+00:00\" \/>\n<meta property=\"og:image\" content=\"https:\/\/exparto.pl\/wp-content\/uploads\/2024\/03\/ac03db48e8178190cb000314a232bda7.jpg\" \/>\n\t<meta property=\"og:image:width\" content=\"1200\" \/>\n\t<meta property=\"og:image:height\" content=\"1200\" \/>\n\t<meta property=\"og:image:type\" content=\"image\/jpeg\" \/>\n<meta name=\"twitter:card\" content=\"summary_large_image\" \/>\n<meta name=\"twitter:label1\" content=\"Becs\u00fclt olvas\u00e1si id\u0151\" \/>\n\t<meta name=\"twitter:data1\" content=\"2 perc\" \/>\n<script type=\"application\/ld+json\" class=\"yoast-schema-graph\">{\"@context\":\"https:\\\/\\\/schema.org\",\"@graph\":[{\"@type\":\"WebPage\",\"@id\":\"https:\\\/\\\/exparto.pl\\\/hu\\\/produkt\\\/oslona-podbieracza-ii-do-prasy-z562-metal-fach\\\/\",\"url\":\"https:\\\/\\\/exparto.pl\\\/hu\\\/produkt\\\/oslona-podbieracza-ii-do-prasy-z562-metal-fach\\\/\",\"name\":\"Os\u0142ona podbieracza II do prasy Z562 METAL-FACH - Exparto.pl\",\"isPartOf\":{\"@id\":\"https:\\\/\\\/exparto.pl\\\/hu\\\/#website\"},\"primaryImageOfPage\":{\"@id\":\"https:\\\/\\\/exparto.pl\\\/hu\\\/produkt\\\/oslona-podbieracza-ii-do-prasy-z562-metal-fach\\\/#primaryimage\"},\"image\":{\"@id\":\"https:\\\/\\\/exparto.pl\\\/hu\\\/produkt\\\/oslona-podbieracza-ii-do-prasy-z562-metal-fach\\\/#primaryimage\"},\"thumbnailUrl\":\"https:\\\/\\\/exparto.pl\\\/wp-content\\\/uploads\\\/2024\\\/03\\\/ac03db48e8178190cb000314a232bda7.jpg\",\"datePublished\":\"2024-03-13T19:51:29+00:00\",\"dateModified\":\"2026-03-06T10:43:47+00:00\",\"breadcrumb\":{\"@id\":\"https:\\\/\\\/exparto.pl\\\/hu\\\/produkt\\\/oslona-podbieracza-ii-do-prasy-z562-metal-fach\\\/#breadcrumb\"},\"inLanguage\":\"hu\",\"potentialAction\":[{\"@type\":\"ReadAction\",\"target\":[\"https:\\\/\\\/exparto.pl\\\/hu\\\/produkt\\\/oslona-podbieracza-ii-do-prasy-z562-metal-fach\\\/\"]}]},{\"@type\":\"ImageObject\",\"inLanguage\":\"hu\",\"@id\":\"https:\\\/\\\/exparto.pl\\\/hu\\\/produkt\\\/oslona-podbieracza-ii-do-prasy-z562-metal-fach\\\/#primaryimage\",\"url\":\"https:\\\/\\\/exparto.pl\\\/wp-content\\\/uploads\\\/2024\\\/03\\\/ac03db48e8178190cb000314a232bda7.jpg\",\"contentUrl\":\"https:\\\/\\\/exparto.pl\\\/wp-content\\\/uploads\\\/2024\\\/03\\\/ac03db48e8178190cb000314a232bda7.jpg\",\"width\":1200,\"height\":1200},{\"@type\":\"BreadcrumbList\",\"@id\":\"https:\\\/\\\/exparto.pl\\\/hu\\\/produkt\\\/oslona-podbieracza-ii-do-prasy-z562-metal-fach\\\/#breadcrumb\",\"itemListElement\":[{\"@type\":\"ListItem\",\"position\":1,\"name\":\"Honlap\",\"item\":\"https:\\\/\\\/exparto.pl\\\/hu\\\/\"},{\"@type\":\"ListItem\",\"position\":2,\"name\":\"Sklep\",\"item\":\"https:\\\/\\\/exparto.pl\\\/sklep\\\/\"},{\"@type\":\"ListItem\",\"position\":3,\"name\":\"Alkatr\u00e9szek k\u00f6rb\u00e1l\u00e1z\u00f3khoz\",\"item\":\"https:\\\/\\\/exparto.pl\\\/hu\\\/termekkategoria\\\/alkatreszek-korbalazokhoz\\\/\"},{\"@type\":\"ListItem\",\"position\":4,\"name\":\"Alkatr\u00e9szek METAL FACH Z-562 b\u00e1l\u00e1z\u00f3hoz\",\"item\":\"https:\\\/\\\/exparto.pl\\\/hu\\\/termekkategoria\\\/alkatreszek-korbalazokhoz\\\/alkatreszek-metal-fach-z-562-balazohoz\\\/\"},{\"@type\":\"ListItem\",\"position\":5,\"name\":\"Os\u0142ona podbieracza II do prasy Z562 METAL-FACH\"}]},{\"@type\":\"WebSite\",\"@id\":\"https:\\\/\\\/exparto.pl\\\/hu\\\/#website\",\"url\":\"https:\\\/\\\/exparto.pl\\\/hu\\\/\",\"name\":\"EXPARTO\",\"description\":\"More than agro parts\",\"publisher\":{\"@id\":\"https:\\\/\\\/exparto.pl\\\/hu\\\/#organization\"},\"potentialAction\":[{\"@type\":\"SearchAction\",\"target\":{\"@type\":\"EntryPoint\",\"urlTemplate\":\"https:\\\/\\\/exparto.pl\\\/hu\\\/?s={search_term_string}\"},\"query-input\":{\"@type\":\"PropertyValueSpecification\",\"valueRequired\":true,\"valueName\":\"search_term_string\"}}],\"inLanguage\":\"hu\"},{\"@type\":\"Organization\",\"@id\":\"https:\\\/\\\/exparto.pl\\\/hu\\\/#organization\",\"name\":\"EXPARTO\",\"url\":\"https:\\\/\\\/exparto.pl\\\/hu\\\/\",\"logo\":{\"@type\":\"ImageObject\",\"inLanguage\":\"hu\",\"@id\":\"https:\\\/\\\/exparto.pl\\\/hu\\\/#\\\/schema\\\/logo\\\/image\\\/\",\"url\":\"https:\\\/\\\/exparto.pl\\\/wp-content\\\/uploads\\\/2023\\\/02\\\/logo-wektor.png\",\"contentUrl\":\"https:\\\/\\\/exparto.pl\\\/wp-content\\\/uploads\\\/2023\\\/02\\\/logo-wektor.png\",\"width\":1338,\"height\":143,\"caption\":\"EXPARTO\"},\"image\":{\"@id\":\"https:\\\/\\\/exparto.pl\\\/hu\\\/#\\\/schema\\\/logo\\\/image\\\/\"},\"sameAs\":[\"https:\\\/\\\/www.facebook.com\\\/exparto.agro\\\/\"]}]}<\/script>\n<!-- \/ Yoast SEO plugin. -->","yoast_head_json":{"title":"Os\u0142ona podbieracza II do prasy Z562 METAL-FACH - Exparto.pl","robots":{"index":"index","follow":"follow","max-snippet":"max-snippet:-1","max-image-preview":"max-image-preview:large","max-video-preview":"max-video-preview:-1"},"canonical":"https:\/\/exparto.pl\/hu\/produkt\/oslona-podbieracza-ii-do-prasy-z562-metal-fach\/","og_locale":"hu_HU","og_type":"article","og_title":"Os\u0142ona podbieracza II do prasy Z562 METAL-FACH - Exparto.pl","og_description":"Os\u0142ona podbieracza II MF","og_url":"https:\/\/exparto.pl\/hu\/produkt\/oslona-podbieracza-ii-do-prasy-z562-metal-fach\/","og_site_name":"Exparto.pl","article_publisher":"https:\/\/www.facebook.com\/exparto.agro\/","article_modified_time":"2026-03-06T10:43:47+00:00","og_image":[{"width":1200,"height":1200,"url":"https:\/\/exparto.pl\/wp-content\/uploads\/2024\/03\/ac03db48e8178190cb000314a232bda7.jpg","type":"image\/jpeg"}],"twitter_card":"summary_large_image","twitter_misc":{"Becs\u00fclt olvas\u00e1si id\u0151":"2 perc"},"schema":{"@context":"https:\/\/schema.org","@graph":[{"@type":"WebPage","@id":"https:\/\/exparto.pl\/hu\/produkt\/oslona-podbieracza-ii-do-prasy-z562-metal-fach\/","url":"https:\/\/exparto.pl\/hu\/produkt\/oslona-podbieracza-ii-do-prasy-z562-metal-fach\/","name":"Os\u0142ona podbieracza II do prasy Z562 METAL-FACH - Exparto.pl","isPartOf":{"@id":"https:\/\/exparto.pl\/hu\/#website"},"primaryImageOfPage":{"@id":"https:\/\/exparto.pl\/hu\/produkt\/oslona-podbieracza-ii-do-prasy-z562-metal-fach\/#primaryimage"},"image":{"@id":"https:\/\/exparto.pl\/hu\/produkt\/oslona-podbieracza-ii-do-prasy-z562-metal-fach\/#primaryimage"},"thumbnailUrl":"https:\/\/exparto.pl\/wp-content\/uploads\/2024\/03\/ac03db48e8178190cb000314a232bda7.jpg","datePublished":"2024-03-13T19:51:29+00:00","dateModified":"2026-03-06T10:43:47+00:00","breadcrumb":{"@id":"https:\/\/exparto.pl\/hu\/produkt\/oslona-podbieracza-ii-do-prasy-z562-metal-fach\/#breadcrumb"},"inLanguage":"hu","potentialAction":[{"@type":"ReadAction","target":["https:\/\/exparto.pl\/hu\/produkt\/oslona-podbieracza-ii-do-prasy-z562-metal-fach\/"]}]},{"@type":"ImageObject","inLanguage":"hu","@id":"https:\/\/exparto.pl\/hu\/produkt\/oslona-podbieracza-ii-do-prasy-z562-metal-fach\/#primaryimage","url":"https:\/\/exparto.pl\/wp-content\/uploads\/2024\/03\/ac03db48e8178190cb000314a232bda7.jpg","contentUrl":"https:\/\/exparto.pl\/wp-content\/uploads\/2024\/03\/ac03db48e8178190cb000314a232bda7.jpg","width":1200,"height":1200},{"@type":"BreadcrumbList","@id":"https:\/\/exparto.pl\/hu\/produkt\/oslona-podbieracza-ii-do-prasy-z562-metal-fach\/#breadcrumb","itemListElement":[{"@type":"ListItem","position":1,"name":"Honlap","item":"https:\/\/exparto.pl\/hu\/"},{"@type":"ListItem","position":2,"name":"Sklep","item":"https:\/\/exparto.pl\/sklep\/"},{"@type":"ListItem","position":3,"name":"Alkatr\u00e9szek k\u00f6rb\u00e1l\u00e1z\u00f3khoz","item":"https:\/\/exparto.pl\/hu\/termekkategoria\/alkatreszek-korbalazokhoz\/"},{"@type":"ListItem","position":4,"name":"Alkatr\u00e9szek METAL FACH Z-562 b\u00e1l\u00e1z\u00f3hoz","item":"https:\/\/exparto.pl\/hu\/termekkategoria\/alkatreszek-korbalazokhoz\/alkatreszek-metal-fach-z-562-balazohoz\/"},{"@type":"ListItem","position":5,"name":"Os\u0142ona podbieracza II do prasy Z562 METAL-FACH"}]},{"@type":"WebSite","@id":"https:\/\/exparto.pl\/hu\/#website","url":"https:\/\/exparto.pl\/hu\/","name":"EXPARTO","description":"More than agro parts","publisher":{"@id":"https:\/\/exparto.pl\/hu\/#organization"},"potentialAction":[{"@type":"SearchAction","target":{"@type":"EntryPoint","urlTemplate":"https:\/\/exparto.pl\/hu\/?s={search_term_string}"},"query-input":{"@type":"PropertyValueSpecification","valueRequired":true,"valueName":"search_term_string"}}],"inLanguage":"hu"},{"@type":"Organization","@id":"https:\/\/exparto.pl\/hu\/#organization","name":"EXPARTO","url":"https:\/\/exparto.pl\/hu\/","logo":{"@type":"ImageObject","inLanguage":"hu","@id":"https:\/\/exparto.pl\/hu\/#\/schema\/logo\/image\/","url":"https:\/\/exparto.pl\/wp-content\/uploads\/2023\/02\/logo-wektor.png","contentUrl":"https:\/\/exparto.pl\/wp-content\/uploads\/2023\/02\/logo-wektor.png","width":1338,"height":143,"caption":"EXPARTO"},"image":{"@id":"https:\/\/exparto.pl\/hu\/#\/schema\/logo\/image\/"},"sameAs":["https:\/\/www.facebook.com\/exparto.agro\/"]}]}},"_links":{"self":[{"href":"https:\/\/exparto.pl\/hu\/wp-json\/wp\/v2\/product\/22671","targetHints":{"allow":["GET"]}}],"collection":[{"href":"https:\/\/exparto.pl\/hu\/wp-json\/wp\/v2\/product"}],"about":[{"href":"https:\/\/exparto.pl\/hu\/wp-json\/wp\/v2\/types\/product"}],"replies":[{"embeddable":true,"href":"https:\/\/exparto.pl\/hu\/wp-json\/wp\/v2\/comments?post=22671"}],"wp:featuredmedia":[{"embeddable":true,"href":"https:\/\/exparto.pl\/hu\/wp-json\/wp\/v2\/media\/22651"}],"wp:attachment":[{"href":"https:\/\/exparto.pl\/hu\/wp-json\/wp\/v2\/media?parent=22671"}],"wp:term":[{"taxonomy":"product_brand","embeddable":true,"href":"https:\/\/exparto.pl\/hu\/wp-json\/wp\/v2\/product_brand?post=22671"},{"taxonomy":"product_cat","embeddable":true,"href":"https:\/\/exparto.pl\/hu\/wp-json\/wp\/v2\/product_cat?post=22671"},{"taxonomy":"product_tag","embeddable":true,"href":"https:\/\/exparto.pl\/hu\/wp-json\/wp\/v2\/product_tag?post=22671"}],"curies":[{"name":"wp","href":"https:\/\/api.w.org\/{rel}","templated":true}]}}