{"id":22734,"date":"2024-03-15T12:33:28","date_gmt":"2024-03-15T11:33:28","guid":{"rendered":"https:\/\/exparto.pl\/produkt\/komplet-wkladow-paliwa-kwp010x-ursusa-c-330-c-360\/"},"modified":"2026-01-21T12:21:17","modified_gmt":"2026-01-21T11:21:17","slug":"komplet-wkladow-paliwa-kwp010x-ursusa-c-330-c-360","status":"publish","type":"product","link":"https:\/\/exparto.pl\/hu\/produkt\/komplet-wkladow-paliwa-kwp010x-ursusa-c-330-c-360\/","title":{"rendered":"Komplet wk\u0142ad\u00f3w paliwa &#8211; KWP010X URSUSA C-330 C-360"},"content":{"rendered":"<p style=\"text-align: justify\"><b>Zastosowanie filtra:<\/b><\/p>\n<ul>\n<li style=\"text-align: justify\">Ci\u0105gniki Ursus: C-330; C-328; C-330M; C-355; C-360; C-4011<\/li>\n<li style=\"text-align: justify\">Kombajny Bizon: Z-056; Z-058; Rekord; Z 050 Super<\/li>\n<li style=\"text-align: justify\">FORTSCHRITT<\/li>\n<li style=\"text-align: justify\">URSUS &#8211; 900 SERIA, 1000 SERIA, C 335, C 330M, C365<\/li>\n<\/ul>\n<div style=\"text-align: justify\"><b>Numer por\u00f3wnawczy\/zamiennik:<\/b><\/div>\n<div style=\"text-align: justify\">\n<ul>\n<li>50004100U<\/li>\n<\/ul>\n<\/div>\n<div style=\"text-align: justify\"><\/div>\n<div style=\"text-align: justify\"><\/div>\n","protected":false},"excerpt":{"rendered":"<p style=\"text-align: justify\">Wk\u0142ad filtra paliwa URSUS C-330, C-360<\/p>\n","protected":false},"featured_media":22729,"comment_status":"open","ping_status":"closed","template":"","meta":{"_acf_changed":false,"inline_featured_image":false},"product_brand":[],"product_cat":[131,164],"product_tag":[],"class_list":{"0":"post-22734","1":"product","2":"type-product","3":"status-publish","4":"has-post-thumbnail","6":"product_cat-filtry","7":"product_cat-wklad-filtru-paliwa","9":"first","10":"outofstock","11":"taxable","12":"shipping-taxable","13":"purchasable","14":"product-type-simple"},"acf":[],"yoast_head":"<!-- This site is optimized with the Yoast SEO plugin v27.2 - https:\/\/yoast.com\/product\/yoast-seo-wordpress\/ -->\n<title>Komplet wk\u0142ad\u00f3w paliwa - KWP010X URSUSA C-330 C-360 - Exparto.pl<\/title>\n<meta name=\"robots\" content=\"index, follow, max-snippet:-1, max-image-preview:large, max-video-preview:-1\" \/>\n<link rel=\"canonical\" href=\"https:\/\/exparto.pl\/hu\/produkt\/komplet-wkladow-paliwa-kwp010x-ursusa-c-330-c-360\/\" \/>\n<meta property=\"og:locale\" content=\"hu_HU\" \/>\n<meta property=\"og:type\" content=\"article\" \/>\n<meta property=\"og:title\" content=\"Komplet wk\u0142ad\u00f3w paliwa - KWP010X URSUSA C-330 C-360 - Exparto.pl\" \/>\n<meta property=\"og:description\" content=\"Wk\u0142ad filtra paliwa URSUS C-330, C-360\" \/>\n<meta property=\"og:url\" content=\"https:\/\/exparto.pl\/hu\/produkt\/komplet-wkladow-paliwa-kwp010x-ursusa-c-330-c-360\/\" \/>\n<meta property=\"og:site_name\" content=\"Exparto.pl\" \/>\n<meta property=\"article:publisher\" content=\"https:\/\/www.facebook.com\/exparto.agro\/\" \/>\n<meta property=\"article:modified_time\" content=\"2026-01-21T11:21:17+00:00\" \/>\n<meta property=\"og:image\" content=\"https:\/\/exparto.pl\/wp-content\/uploads\/2024\/03\/f69012ad8cae25f49ff35003cb53ca9c.jpg\" \/>\n\t<meta property=\"og:image:width\" content=\"1000\" \/>\n\t<meta property=\"og:image:height\" content=\"1000\" \/>\n\t<meta property=\"og:image:type\" content=\"image\/jpeg\" \/>\n<meta name=\"twitter:card\" content=\"summary_large_image\" \/>\n<meta name=\"twitter:label1\" content=\"Becs\u00fclt olvas\u00e1si id\u0151\" \/>\n\t<meta name=\"twitter:data1\" content=\"1 perc\" \/>\n<script type=\"application\/ld+json\" class=\"yoast-schema-graph\">{\"@context\":\"https:\/\/schema.org\",\"@graph\":[{\"@type\":\"WebPage\",\"@id\":\"https:\/\/exparto.pl\/hu\/produkt\/komplet-wkladow-paliwa-kwp010x-ursusa-c-330-c-360\/\",\"url\":\"https:\/\/exparto.pl\/hu\/produkt\/komplet-wkladow-paliwa-kwp010x-ursusa-c-330-c-360\/\",\"name\":\"Komplet wk\u0142ad\u00f3w paliwa - KWP010X URSUSA C-330 C-360 - Exparto.pl\",\"isPartOf\":{\"@id\":\"https:\/\/exparto.pl\/hu\/#website\"},\"primaryImageOfPage\":{\"@id\":\"https:\/\/exparto.pl\/hu\/produkt\/komplet-wkladow-paliwa-kwp010x-ursusa-c-330-c-360\/#primaryimage\"},\"image\":{\"@id\":\"https:\/\/exparto.pl\/hu\/produkt\/komplet-wkladow-paliwa-kwp010x-ursusa-c-330-c-360\/#primaryimage\"},\"thumbnailUrl\":\"https:\/\/exparto.pl\/wp-content\/uploads\/2024\/03\/f69012ad8cae25f49ff35003cb53ca9c.jpg\",\"datePublished\":\"2024-03-15T11:33:28+00:00\",\"dateModified\":\"2026-01-21T11:21:17+00:00\",\"breadcrumb\":{\"@id\":\"https:\/\/exparto.pl\/hu\/produkt\/komplet-wkladow-paliwa-kwp010x-ursusa-c-330-c-360\/#breadcrumb\"},\"inLanguage\":\"hu\",\"potentialAction\":[{\"@type\":\"ReadAction\",\"target\":[\"https:\/\/exparto.pl\/hu\/produkt\/komplet-wkladow-paliwa-kwp010x-ursusa-c-330-c-360\/\"]}]},{\"@type\":\"ImageObject\",\"inLanguage\":\"hu\",\"@id\":\"https:\/\/exparto.pl\/hu\/produkt\/komplet-wkladow-paliwa-kwp010x-ursusa-c-330-c-360\/#primaryimage\",\"url\":\"https:\/\/exparto.pl\/wp-content\/uploads\/2024\/03\/f69012ad8cae25f49ff35003cb53ca9c.jpg\",\"contentUrl\":\"https:\/\/exparto.pl\/wp-content\/uploads\/2024\/03\/f69012ad8cae25f49ff35003cb53ca9c.jpg\",\"width\":1000,\"height\":1000},{\"@type\":\"BreadcrumbList\",\"@id\":\"https:\/\/exparto.pl\/hu\/produkt\/komplet-wkladow-paliwa-kwp010x-ursusa-c-330-c-360\/#breadcrumb\",\"itemListElement\":[{\"@type\":\"ListItem\",\"position\":1,\"name\":\"Honlap\",\"item\":\"https:\/\/exparto.pl\/hu\/\"},{\"@type\":\"ListItem\",\"position\":2,\"name\":\"Sklep\",\"item\":\"https:\/\/exparto.pl\/sklep\/\"},{\"@type\":\"ListItem\",\"position\":3,\"name\":\"Sz\u0171r\u0151k\",\"item\":\"https:\/\/exparto.pl\/hu\/termekkategoria\/szurok\/\"},{\"@type\":\"ListItem\",\"position\":4,\"name\":\"\u00dczemanyagsz\u0171r\u0151 bet\u00e9t\",\"item\":\"https:\/\/exparto.pl\/hu\/termekkategoria\/szurok\/uzemanyagszuro-betet\/\"},{\"@type\":\"ListItem\",\"position\":5,\"name\":\"Komplet wk\u0142ad\u00f3w paliwa &#8211; KWP010X URSUSA C-330 C-360\"}]},{\"@type\":\"WebSite\",\"@id\":\"https:\/\/exparto.pl\/hu\/#website\",\"url\":\"https:\/\/exparto.pl\/hu\/\",\"name\":\"EXPARTO\",\"description\":\"More than agro parts\",\"publisher\":{\"@id\":\"https:\/\/exparto.pl\/hu\/#organization\"},\"potentialAction\":[{\"@type\":\"SearchAction\",\"target\":{\"@type\":\"EntryPoint\",\"urlTemplate\":\"https:\/\/exparto.pl\/hu\/?s={search_term_string}\"},\"query-input\":{\"@type\":\"PropertyValueSpecification\",\"valueRequired\":true,\"valueName\":\"search_term_string\"}}],\"inLanguage\":\"hu\"},{\"@type\":\"Organization\",\"@id\":\"https:\/\/exparto.pl\/hu\/#organization\",\"name\":\"EXPARTO\",\"url\":\"https:\/\/exparto.pl\/hu\/\",\"logo\":{\"@type\":\"ImageObject\",\"inLanguage\":\"hu\",\"@id\":\"https:\/\/exparto.pl\/hu\/#\/schema\/logo\/image\/\",\"url\":\"https:\/\/exparto.pl\/wp-content\/uploads\/2023\/02\/logo-wektor.png\",\"contentUrl\":\"https:\/\/exparto.pl\/wp-content\/uploads\/2023\/02\/logo-wektor.png\",\"width\":1338,\"height\":143,\"caption\":\"EXPARTO\"},\"image\":{\"@id\":\"https:\/\/exparto.pl\/hu\/#\/schema\/logo\/image\/\"},\"sameAs\":[\"https:\/\/www.facebook.com\/exparto.agro\/\"]}]}<\/script>\n<!-- \/ Yoast SEO plugin. -->","yoast_head_json":{"title":"Komplet wk\u0142ad\u00f3w paliwa - KWP010X URSUSA C-330 C-360 - Exparto.pl","robots":{"index":"index","follow":"follow","max-snippet":"max-snippet:-1","max-image-preview":"max-image-preview:large","max-video-preview":"max-video-preview:-1"},"canonical":"https:\/\/exparto.pl\/hu\/produkt\/komplet-wkladow-paliwa-kwp010x-ursusa-c-330-c-360\/","og_locale":"hu_HU","og_type":"article","og_title":"Komplet wk\u0142ad\u00f3w paliwa - KWP010X URSUSA C-330 C-360 - Exparto.pl","og_description":"Wk\u0142ad filtra paliwa URSUS C-330, C-360","og_url":"https:\/\/exparto.pl\/hu\/produkt\/komplet-wkladow-paliwa-kwp010x-ursusa-c-330-c-360\/","og_site_name":"Exparto.pl","article_publisher":"https:\/\/www.facebook.com\/exparto.agro\/","article_modified_time":"2026-01-21T11:21:17+00:00","og_image":[{"width":1000,"height":1000,"url":"https:\/\/exparto.pl\/wp-content\/uploads\/2024\/03\/f69012ad8cae25f49ff35003cb53ca9c.jpg","type":"image\/jpeg"}],"twitter_card":"summary_large_image","twitter_misc":{"Becs\u00fclt olvas\u00e1si id\u0151":"1 perc"},"schema":{"@context":"https:\/\/schema.org","@graph":[{"@type":"WebPage","@id":"https:\/\/exparto.pl\/hu\/produkt\/komplet-wkladow-paliwa-kwp010x-ursusa-c-330-c-360\/","url":"https:\/\/exparto.pl\/hu\/produkt\/komplet-wkladow-paliwa-kwp010x-ursusa-c-330-c-360\/","name":"Komplet wk\u0142ad\u00f3w paliwa - KWP010X URSUSA C-330 C-360 - Exparto.pl","isPartOf":{"@id":"https:\/\/exparto.pl\/hu\/#website"},"primaryImageOfPage":{"@id":"https:\/\/exparto.pl\/hu\/produkt\/komplet-wkladow-paliwa-kwp010x-ursusa-c-330-c-360\/#primaryimage"},"image":{"@id":"https:\/\/exparto.pl\/hu\/produkt\/komplet-wkladow-paliwa-kwp010x-ursusa-c-330-c-360\/#primaryimage"},"thumbnailUrl":"https:\/\/exparto.pl\/wp-content\/uploads\/2024\/03\/f69012ad8cae25f49ff35003cb53ca9c.jpg","datePublished":"2024-03-15T11:33:28+00:00","dateModified":"2026-01-21T11:21:17+00:00","breadcrumb":{"@id":"https:\/\/exparto.pl\/hu\/produkt\/komplet-wkladow-paliwa-kwp010x-ursusa-c-330-c-360\/#breadcrumb"},"inLanguage":"hu","potentialAction":[{"@type":"ReadAction","target":["https:\/\/exparto.pl\/hu\/produkt\/komplet-wkladow-paliwa-kwp010x-ursusa-c-330-c-360\/"]}]},{"@type":"ImageObject","inLanguage":"hu","@id":"https:\/\/exparto.pl\/hu\/produkt\/komplet-wkladow-paliwa-kwp010x-ursusa-c-330-c-360\/#primaryimage","url":"https:\/\/exparto.pl\/wp-content\/uploads\/2024\/03\/f69012ad8cae25f49ff35003cb53ca9c.jpg","contentUrl":"https:\/\/exparto.pl\/wp-content\/uploads\/2024\/03\/f69012ad8cae25f49ff35003cb53ca9c.jpg","width":1000,"height":1000},{"@type":"BreadcrumbList","@id":"https:\/\/exparto.pl\/hu\/produkt\/komplet-wkladow-paliwa-kwp010x-ursusa-c-330-c-360\/#breadcrumb","itemListElement":[{"@type":"ListItem","position":1,"name":"Honlap","item":"https:\/\/exparto.pl\/hu\/"},{"@type":"ListItem","position":2,"name":"Sklep","item":"https:\/\/exparto.pl\/sklep\/"},{"@type":"ListItem","position":3,"name":"Sz\u0171r\u0151k","item":"https:\/\/exparto.pl\/hu\/termekkategoria\/szurok\/"},{"@type":"ListItem","position":4,"name":"\u00dczemanyagsz\u0171r\u0151 bet\u00e9t","item":"https:\/\/exparto.pl\/hu\/termekkategoria\/szurok\/uzemanyagszuro-betet\/"},{"@type":"ListItem","position":5,"name":"Komplet wk\u0142ad\u00f3w paliwa &#8211; KWP010X URSUSA C-330 C-360"}]},{"@type":"WebSite","@id":"https:\/\/exparto.pl\/hu\/#website","url":"https:\/\/exparto.pl\/hu\/","name":"EXPARTO","description":"More than agro parts","publisher":{"@id":"https:\/\/exparto.pl\/hu\/#organization"},"potentialAction":[{"@type":"SearchAction","target":{"@type":"EntryPoint","urlTemplate":"https:\/\/exparto.pl\/hu\/?s={search_term_string}"},"query-input":{"@type":"PropertyValueSpecification","valueRequired":true,"valueName":"search_term_string"}}],"inLanguage":"hu"},{"@type":"Organization","@id":"https:\/\/exparto.pl\/hu\/#organization","name":"EXPARTO","url":"https:\/\/exparto.pl\/hu\/","logo":{"@type":"ImageObject","inLanguage":"hu","@id":"https:\/\/exparto.pl\/hu\/#\/schema\/logo\/image\/","url":"https:\/\/exparto.pl\/wp-content\/uploads\/2023\/02\/logo-wektor.png","contentUrl":"https:\/\/exparto.pl\/wp-content\/uploads\/2023\/02\/logo-wektor.png","width":1338,"height":143,"caption":"EXPARTO"},"image":{"@id":"https:\/\/exparto.pl\/hu\/#\/schema\/logo\/image\/"},"sameAs":["https:\/\/www.facebook.com\/exparto.agro\/"]}]}},"_links":{"self":[{"href":"https:\/\/exparto.pl\/hu\/wp-json\/wp\/v2\/product\/22734","targetHints":{"allow":["GET"]}}],"collection":[{"href":"https:\/\/exparto.pl\/hu\/wp-json\/wp\/v2\/product"}],"about":[{"href":"https:\/\/exparto.pl\/hu\/wp-json\/wp\/v2\/types\/product"}],"replies":[{"embeddable":true,"href":"https:\/\/exparto.pl\/hu\/wp-json\/wp\/v2\/comments?post=22734"}],"wp:featuredmedia":[{"embeddable":true,"href":"https:\/\/exparto.pl\/hu\/wp-json\/wp\/v2\/media\/22729"}],"wp:attachment":[{"href":"https:\/\/exparto.pl\/hu\/wp-json\/wp\/v2\/media?parent=22734"}],"wp:term":[{"taxonomy":"product_brand","embeddable":true,"href":"https:\/\/exparto.pl\/hu\/wp-json\/wp\/v2\/product_brand?post=22734"},{"taxonomy":"product_cat","embeddable":true,"href":"https:\/\/exparto.pl\/hu\/wp-json\/wp\/v2\/product_cat?post=22734"},{"taxonomy":"product_tag","embeddable":true,"href":"https:\/\/exparto.pl\/hu\/wp-json\/wp\/v2\/product_tag?post=22734"}],"curies":[{"name":"wp","href":"https:\/\/api.w.org\/{rel}","templated":true}]}}