{"id":23731,"date":"2024-04-04T14:10:45","date_gmt":"2024-04-04T12:10:45","guid":{"rendered":"https:\/\/exparto.pl\/produkt\/lemiesz-z-dziobem-zamiennik-as-0184-atlas-plug\/"},"modified":"2026-01-21T12:34:23","modified_gmt":"2026-01-21T11:34:23","slug":"lemiesz-z-dziobem-zamiennik-as-0184-atlas-plug","status":"publish","type":"product","link":"https:\/\/exparto.pl\/hu\/produkt\/lemiesz-z-dziobem-zamiennik-as-0184-atlas-plug\/","title":{"rendered":"Lemiesz z dziobem zamiennik AS\/0184 Atlas P\u0142ug"},"content":{"rendered":"<p style=\"text-align: justify\">Lemiesz z dziobem wykonany ze stali borowej &#8211; twardo\u015b\u0107 43-50HRC<\/p>\n<p style=\"text-align: justify\"><b>Z<\/b><span style=\"color: var(--gray-800)\"><b>astosowanie:<\/b><\/span><\/p>\n<ul>\n<li style=\"text-align: justify\">\u00a0p\u0142ugi zagonowe<\/li>\n<\/ul>\n<p style=\"text-align: justify\"><span style=\"color: var(--gray-800)\"><b>Numer katalogowy:\u00a0<\/b><\/span><\/p>\n<ul>\n<li style=\"text-align: justify\">1101403000<\/li>\n<\/ul>\n<p><b>Dost\u0119pny w sklepie EXPARTO lemiesz p\u0142uga z dziobem to cz\u0119\u015b\u0107 pasuj\u0105ca do p\u0142ug\u00f3w zagonowych Atlas<\/b><span style=\"font-weight: 400\">. To wysokiej jako\u015bci zamiennik, dzi\u0119ki kt\u00f3remu zapewnisz sobie bezpieczn\u0105 i wydajn\u0105 ork\u0119. Zach\u0119camy do zapoznania si\u0119 z charakterystyk\u0105 tego produktu oraz do jego zakupu w naszym sklepie.\u00a0<\/span><\/p>\n<h2><span style=\"font-weight: 400\">Lemiesz do p\u0142uga z dziobem \u2013 zamiennik Atlas<\/span><\/h2>\n<p><span style=\"font-weight: 400\">P\u0142ug to jedna z podstawowych maszyn rolniczych wykorzystywanych w gospodarstwie rolnym. <\/span><b>S\u0142u\u017cy przede wszystkim do spulchniania i kruszenia ziemi w celu przygotowania stanowiska do uprawy<\/b><span style=\"font-weight: 400\">. Cz\u0119\u015bci\u0105 robocz\u0105 maszyny jest lemiesz. To on bierze udzia\u0142 w zrywaniu wierzchniej warstwy gleby, a nast\u0119pnie jej odwracaniu. Z czasem cz\u0119\u015b\u0107 ta traci swoj\u0105 ostro\u015b\u0107 oraz w\u0142a\u015bciwo\u015bci. Na skutek tego wymaga wymiany, aby p\u0142ug zachowa\u0142 swoj\u0105 funkcjonalno\u015b\u0107 i wydajno\u015b\u0107.\u00a0<\/span><\/p>\n<p><b>Przygotowali\u015bmy dla Ciebie lemiesz zamiennik Atlas, kt\u00f3ry przeznaczony jest do stosowania w p\u0142ugach zagonowych<\/b><span style=\"font-weight: 400\">. Cz\u0119\u015b\u0107 ta wyposa\u017cona jest w charakterystyczny p\u0142ug. Tego typu lemiesze do p\u0142uga cechuj\u0105 si\u0119 wysok\u0105 wydajno\u015bci\u0105 i dobrym zrywaniem ziemi. <\/span><b>Oferowany przez na produkt powstaje ze stali borowej o podwy\u017cszonej twardo\u015bci<\/b><span style=\"font-weight: 400\">. Dzi\u0119ki temu lemiesz do p\u0142uga jest odporny na intensywne u\u017cytkowanie, \u015bcieranie i uszkodzenia mechaniczne. D\u0142u\u017cej zachowa swoje w\u0142a\u015bciwo\u015bci, a Ty zaoszcz\u0119dzisz cenne pieni\u0105dze. <\/span><b>Kupuj\u0105c w EXPARTO, zapewnisz sobie wysokiej jako\u015bci cz\u0119\u015bci do maszyn rolniczych i wygodn\u0105 prac\u0119 w polu<\/b><span style=\"font-weight: 400\">. Zach\u0119camy do skorzystania z naszej oferty.\u00a0<\/span><\/p>\n","protected":false},"excerpt":{"rendered":"<p style=\"text-align: justify\">Lemiesz z dziobem<\/p>\n","protected":false},"featured_media":23705,"comment_status":"open","ping_status":"closed","template":"","meta":{"_acf_changed":false,"inline_featured_image":false},"product_brand":[],"product_cat":[765,772,935],"product_tag":[],"class_list":{"0":"post-23731","1":"product","2":"type-product","3":"status-publish","4":"has-post-thumbnail","6":"product_cat-czesci-do-plugow","7":"product_cat-lemiesze-do-pluga","8":"product_cat-lemiesze-prawe","10":"first","11":"instock","12":"taxable","13":"shipping-taxable","14":"purchasable","15":"product-type-simple"},"acf":[],"yoast_head":"<!-- This site is optimized with the Yoast SEO plugin v27.2 - https:\/\/yoast.com\/product\/yoast-seo-wordpress\/ -->\n<title>Lemiesz z dziobem zamiennik AS\/0184 Atlas P\u0142ug - Exparto.pl<\/title>\n<meta name=\"robots\" content=\"index, follow, max-snippet:-1, max-image-preview:large, max-video-preview:-1\" \/>\n<link rel=\"canonical\" href=\"https:\/\/exparto.pl\/hu\/produkt\/lemiesz-z-dziobem-zamiennik-as-0184-atlas-plug\/\" \/>\n<meta property=\"og:locale\" content=\"hu_HU\" \/>\n<meta property=\"og:type\" content=\"article\" \/>\n<meta property=\"og:title\" content=\"Lemiesz z dziobem zamiennik AS\/0184 Atlas P\u0142ug - Exparto.pl\" \/>\n<meta property=\"og:description\" content=\"Lemiesz z dziobem\" \/>\n<meta property=\"og:url\" content=\"https:\/\/exparto.pl\/hu\/produkt\/lemiesz-z-dziobem-zamiennik-as-0184-atlas-plug\/\" \/>\n<meta property=\"og:site_name\" content=\"Exparto.pl\" \/>\n<meta property=\"article:publisher\" content=\"https:\/\/www.facebook.com\/exparto.agro\/\" \/>\n<meta property=\"article:modified_time\" content=\"2026-01-21T11:34:23+00:00\" \/>\n<meta property=\"og:image\" content=\"https:\/\/exparto.pl\/wp-content\/uploads\/2024\/04\/042d185b426b5e55a75bebb21b324dd0.jpg\" \/>\n\t<meta property=\"og:image:width\" content=\"1200\" \/>\n\t<meta property=\"og:image:height\" content=\"1200\" \/>\n\t<meta property=\"og:image:type\" content=\"image\/jpeg\" \/>\n<meta name=\"twitter:card\" content=\"summary_large_image\" \/>\n<meta name=\"twitter:label1\" content=\"Becs\u00fclt olvas\u00e1si id\u0151\" \/>\n\t<meta name=\"twitter:data1\" content=\"2 perc\" \/>\n<script type=\"application\/ld+json\" class=\"yoast-schema-graph\">{\"@context\":\"https:\/\/schema.org\",\"@graph\":[{\"@type\":\"WebPage\",\"@id\":\"https:\/\/exparto.pl\/hu\/produkt\/lemiesz-z-dziobem-zamiennik-as-0184-atlas-plug\/\",\"url\":\"https:\/\/exparto.pl\/hu\/produkt\/lemiesz-z-dziobem-zamiennik-as-0184-atlas-plug\/\",\"name\":\"Lemiesz z dziobem zamiennik AS\/0184 Atlas P\u0142ug - Exparto.pl\",\"isPartOf\":{\"@id\":\"https:\/\/exparto.pl\/hu\/#website\"},\"primaryImageOfPage\":{\"@id\":\"https:\/\/exparto.pl\/hu\/produkt\/lemiesz-z-dziobem-zamiennik-as-0184-atlas-plug\/#primaryimage\"},\"image\":{\"@id\":\"https:\/\/exparto.pl\/hu\/produkt\/lemiesz-z-dziobem-zamiennik-as-0184-atlas-plug\/#primaryimage\"},\"thumbnailUrl\":\"https:\/\/exparto.pl\/wp-content\/uploads\/2024\/04\/042d185b426b5e55a75bebb21b324dd0.jpg\",\"datePublished\":\"2024-04-04T12:10:45+00:00\",\"dateModified\":\"2026-01-21T11:34:23+00:00\",\"breadcrumb\":{\"@id\":\"https:\/\/exparto.pl\/hu\/produkt\/lemiesz-z-dziobem-zamiennik-as-0184-atlas-plug\/#breadcrumb\"},\"inLanguage\":\"hu\",\"potentialAction\":[{\"@type\":\"ReadAction\",\"target\":[\"https:\/\/exparto.pl\/hu\/produkt\/lemiesz-z-dziobem-zamiennik-as-0184-atlas-plug\/\"]}]},{\"@type\":\"ImageObject\",\"inLanguage\":\"hu\",\"@id\":\"https:\/\/exparto.pl\/hu\/produkt\/lemiesz-z-dziobem-zamiennik-as-0184-atlas-plug\/#primaryimage\",\"url\":\"https:\/\/exparto.pl\/wp-content\/uploads\/2024\/04\/042d185b426b5e55a75bebb21b324dd0.jpg\",\"contentUrl\":\"https:\/\/exparto.pl\/wp-content\/uploads\/2024\/04\/042d185b426b5e55a75bebb21b324dd0.jpg\",\"width\":1200,\"height\":1200},{\"@type\":\"BreadcrumbList\",\"@id\":\"https:\/\/exparto.pl\/hu\/produkt\/lemiesz-z-dziobem-zamiennik-as-0184-atlas-plug\/#breadcrumb\",\"itemListElement\":[{\"@type\":\"ListItem\",\"position\":1,\"name\":\"Honlap\",\"item\":\"https:\/\/exparto.pl\/hu\/\"},{\"@type\":\"ListItem\",\"position\":2,\"name\":\"Sklep\",\"item\":\"https:\/\/exparto.pl\/sklep\/\"},{\"@type\":\"ListItem\",\"position\":3,\"name\":\"Asz\u00faalkatr\u00e9szek\",\"item\":\"https:\/\/exparto.pl\/hu\/termekkategoria\/aszualkatreszek\/\"},{\"@type\":\"ListItem\",\"position\":4,\"name\":\"Sz\u00e1nt\u00f3sz\u00e1rnyak\",\"item\":\"https:\/\/exparto.pl\/hu\/termekkategoria\/aszualkatreszek\/szantoszarnyak\/\"},{\"@type\":\"ListItem\",\"position\":5,\"name\":\"Lemiesz z dziobem zamiennik AS\/0184 Atlas P\u0142ug\"}]},{\"@type\":\"WebSite\",\"@id\":\"https:\/\/exparto.pl\/hu\/#website\",\"url\":\"https:\/\/exparto.pl\/hu\/\",\"name\":\"EXPARTO\",\"description\":\"More than agro parts\",\"publisher\":{\"@id\":\"https:\/\/exparto.pl\/hu\/#organization\"},\"potentialAction\":[{\"@type\":\"SearchAction\",\"target\":{\"@type\":\"EntryPoint\",\"urlTemplate\":\"https:\/\/exparto.pl\/hu\/?s={search_term_string}\"},\"query-input\":{\"@type\":\"PropertyValueSpecification\",\"valueRequired\":true,\"valueName\":\"search_term_string\"}}],\"inLanguage\":\"hu\"},{\"@type\":\"Organization\",\"@id\":\"https:\/\/exparto.pl\/hu\/#organization\",\"name\":\"EXPARTO\",\"url\":\"https:\/\/exparto.pl\/hu\/\",\"logo\":{\"@type\":\"ImageObject\",\"inLanguage\":\"hu\",\"@id\":\"https:\/\/exparto.pl\/hu\/#\/schema\/logo\/image\/\",\"url\":\"https:\/\/exparto.pl\/wp-content\/uploads\/2023\/02\/logo-wektor.png\",\"contentUrl\":\"https:\/\/exparto.pl\/wp-content\/uploads\/2023\/02\/logo-wektor.png\",\"width\":1338,\"height\":143,\"caption\":\"EXPARTO\"},\"image\":{\"@id\":\"https:\/\/exparto.pl\/hu\/#\/schema\/logo\/image\/\"},\"sameAs\":[\"https:\/\/www.facebook.com\/exparto.agro\/\"]}]}<\/script>\n<!-- \/ Yoast SEO plugin. -->","yoast_head_json":{"title":"Lemiesz z dziobem zamiennik AS\/0184 Atlas P\u0142ug - Exparto.pl","robots":{"index":"index","follow":"follow","max-snippet":"max-snippet:-1","max-image-preview":"max-image-preview:large","max-video-preview":"max-video-preview:-1"},"canonical":"https:\/\/exparto.pl\/hu\/produkt\/lemiesz-z-dziobem-zamiennik-as-0184-atlas-plug\/","og_locale":"hu_HU","og_type":"article","og_title":"Lemiesz z dziobem zamiennik AS\/0184 Atlas P\u0142ug - Exparto.pl","og_description":"Lemiesz z dziobem","og_url":"https:\/\/exparto.pl\/hu\/produkt\/lemiesz-z-dziobem-zamiennik-as-0184-atlas-plug\/","og_site_name":"Exparto.pl","article_publisher":"https:\/\/www.facebook.com\/exparto.agro\/","article_modified_time":"2026-01-21T11:34:23+00:00","og_image":[{"width":1200,"height":1200,"url":"https:\/\/exparto.pl\/wp-content\/uploads\/2024\/04\/042d185b426b5e55a75bebb21b324dd0.jpg","type":"image\/jpeg"}],"twitter_card":"summary_large_image","twitter_misc":{"Becs\u00fclt olvas\u00e1si id\u0151":"2 perc"},"schema":{"@context":"https:\/\/schema.org","@graph":[{"@type":"WebPage","@id":"https:\/\/exparto.pl\/hu\/produkt\/lemiesz-z-dziobem-zamiennik-as-0184-atlas-plug\/","url":"https:\/\/exparto.pl\/hu\/produkt\/lemiesz-z-dziobem-zamiennik-as-0184-atlas-plug\/","name":"Lemiesz z dziobem zamiennik AS\/0184 Atlas P\u0142ug - Exparto.pl","isPartOf":{"@id":"https:\/\/exparto.pl\/hu\/#website"},"primaryImageOfPage":{"@id":"https:\/\/exparto.pl\/hu\/produkt\/lemiesz-z-dziobem-zamiennik-as-0184-atlas-plug\/#primaryimage"},"image":{"@id":"https:\/\/exparto.pl\/hu\/produkt\/lemiesz-z-dziobem-zamiennik-as-0184-atlas-plug\/#primaryimage"},"thumbnailUrl":"https:\/\/exparto.pl\/wp-content\/uploads\/2024\/04\/042d185b426b5e55a75bebb21b324dd0.jpg","datePublished":"2024-04-04T12:10:45+00:00","dateModified":"2026-01-21T11:34:23+00:00","breadcrumb":{"@id":"https:\/\/exparto.pl\/hu\/produkt\/lemiesz-z-dziobem-zamiennik-as-0184-atlas-plug\/#breadcrumb"},"inLanguage":"hu","potentialAction":[{"@type":"ReadAction","target":["https:\/\/exparto.pl\/hu\/produkt\/lemiesz-z-dziobem-zamiennik-as-0184-atlas-plug\/"]}]},{"@type":"ImageObject","inLanguage":"hu","@id":"https:\/\/exparto.pl\/hu\/produkt\/lemiesz-z-dziobem-zamiennik-as-0184-atlas-plug\/#primaryimage","url":"https:\/\/exparto.pl\/wp-content\/uploads\/2024\/04\/042d185b426b5e55a75bebb21b324dd0.jpg","contentUrl":"https:\/\/exparto.pl\/wp-content\/uploads\/2024\/04\/042d185b426b5e55a75bebb21b324dd0.jpg","width":1200,"height":1200},{"@type":"BreadcrumbList","@id":"https:\/\/exparto.pl\/hu\/produkt\/lemiesz-z-dziobem-zamiennik-as-0184-atlas-plug\/#breadcrumb","itemListElement":[{"@type":"ListItem","position":1,"name":"Honlap","item":"https:\/\/exparto.pl\/hu\/"},{"@type":"ListItem","position":2,"name":"Sklep","item":"https:\/\/exparto.pl\/sklep\/"},{"@type":"ListItem","position":3,"name":"Asz\u00faalkatr\u00e9szek","item":"https:\/\/exparto.pl\/hu\/termekkategoria\/aszualkatreszek\/"},{"@type":"ListItem","position":4,"name":"Sz\u00e1nt\u00f3sz\u00e1rnyak","item":"https:\/\/exparto.pl\/hu\/termekkategoria\/aszualkatreszek\/szantoszarnyak\/"},{"@type":"ListItem","position":5,"name":"Lemiesz z dziobem zamiennik AS\/0184 Atlas P\u0142ug"}]},{"@type":"WebSite","@id":"https:\/\/exparto.pl\/hu\/#website","url":"https:\/\/exparto.pl\/hu\/","name":"EXPARTO","description":"More than agro parts","publisher":{"@id":"https:\/\/exparto.pl\/hu\/#organization"},"potentialAction":[{"@type":"SearchAction","target":{"@type":"EntryPoint","urlTemplate":"https:\/\/exparto.pl\/hu\/?s={search_term_string}"},"query-input":{"@type":"PropertyValueSpecification","valueRequired":true,"valueName":"search_term_string"}}],"inLanguage":"hu"},{"@type":"Organization","@id":"https:\/\/exparto.pl\/hu\/#organization","name":"EXPARTO","url":"https:\/\/exparto.pl\/hu\/","logo":{"@type":"ImageObject","inLanguage":"hu","@id":"https:\/\/exparto.pl\/hu\/#\/schema\/logo\/image\/","url":"https:\/\/exparto.pl\/wp-content\/uploads\/2023\/02\/logo-wektor.png","contentUrl":"https:\/\/exparto.pl\/wp-content\/uploads\/2023\/02\/logo-wektor.png","width":1338,"height":143,"caption":"EXPARTO"},"image":{"@id":"https:\/\/exparto.pl\/hu\/#\/schema\/logo\/image\/"},"sameAs":["https:\/\/www.facebook.com\/exparto.agro\/"]}]}},"_links":{"self":[{"href":"https:\/\/exparto.pl\/hu\/wp-json\/wp\/v2\/product\/23731","targetHints":{"allow":["GET"]}}],"collection":[{"href":"https:\/\/exparto.pl\/hu\/wp-json\/wp\/v2\/product"}],"about":[{"href":"https:\/\/exparto.pl\/hu\/wp-json\/wp\/v2\/types\/product"}],"replies":[{"embeddable":true,"href":"https:\/\/exparto.pl\/hu\/wp-json\/wp\/v2\/comments?post=23731"}],"wp:featuredmedia":[{"embeddable":true,"href":"https:\/\/exparto.pl\/hu\/wp-json\/wp\/v2\/media\/23705"}],"wp:attachment":[{"href":"https:\/\/exparto.pl\/hu\/wp-json\/wp\/v2\/media?parent=23731"}],"wp:term":[{"taxonomy":"product_brand","embeddable":true,"href":"https:\/\/exparto.pl\/hu\/wp-json\/wp\/v2\/product_brand?post=23731"},{"taxonomy":"product_cat","embeddable":true,"href":"https:\/\/exparto.pl\/hu\/wp-json\/wp\/v2\/product_cat?post=23731"},{"taxonomy":"product_tag","embeddable":true,"href":"https:\/\/exparto.pl\/hu\/wp-json\/wp\/v2\/product_tag?post=23731"}],"curies":[{"name":"wp","href":"https:\/\/api.w.org\/{rel}","templated":true}]}}