{"id":23763,"date":"2024-04-04T14:12:28","date_gmt":"2024-04-04T12:12:28","guid":{"rendered":"https:\/\/exparto.pl\/produkt\/lemiesz-do-pluga-prawy-16-kverneland\/"},"modified":"2026-03-29T23:00:51","modified_gmt":"2026-03-29T21:00:51","slug":"lemiesz-do-pluga-prawy-16-kverneland","status":"publish","type":"product","link":"https:\/\/exparto.pl\/hu\/produkt\/lemiesz-do-pluga-prawy-16-kverneland\/","title":{"rendered":"Lemiesz do p\u0142uga prawy 16&#8243; Kverneland"},"content":{"rendered":"<p><p style=\"text-align: justify\">Lemiesz prawy z wykonany ze stali borowej &#8211; twardo\u015b\u0107 43-50HRC<\/p>\n<p><p style=\"text-align: justify\"><b>Z<\/b><span style=\"color: var(--gray-800)\"><b>astosowanie:<\/b><\/span><\/p>\n<ul>\n<li style=\"text-align: justify\">\u00a0p\u0142ugi obrotowe typu Kverneland<\/li>\n<\/ul>\n<p><p style=\"text-align: justify\"><span style=\"color: var(--gray-800)\"><b>Numer katalogowy:\u00a0<\/b><\/span><\/p>\n<ul>\n<li style=\"text-align: justify\">073004<\/li>\n<\/ul>\n<p><b>Dost\u0119pny w EXPARTO prawy lemiesz p\u0142uga 16&#8243; to cz\u0119\u015b\u0107 robocza pasuj\u0105ca do p\u0142ug\u00f3w obrotowych typu Kverneland<\/b><span style=\"font-weight: 400\">. Wykonano j\u0105 z nale\u017cyt\u0105 staranno\u015bci\u0105 i z wysokiej jako\u015bci materia\u0142u. Zapraszamy do zapoznania si\u0119 z parametrami technicznymi lemiesza oraz do jego zakupu w naszym sklepie.\u00a0<\/span><\/p>\n<h2><span style=\"font-weight: 400\">Lemiesz do p\u0142uga \u2013 prawy, 16 cali \u2013 Kverneland<\/span><\/h2>\n<p><span style=\"font-weight: 400\">Oferowane przez nas lemiesze do p\u0142uga spe\u0142niaj\u0105 najwy\u017csze standardy rynkowe. Zwracamy na to szczeg\u00f3ln\u0105 uwag\u0119, poniewa\u017c od jako\u015bci tych cz\u0119\u015bci w du\u017cej mierze zale\u017c\u0105 bezpiecze\u0144stwo i efektywno\u015b\u0107 prowadzonych prac rolnych. <\/span><b>Lemiesz to element, kt\u00f3ry wchodzi w bezpo\u015bredni kontakt z ziemi\u0105, zrywaj\u0105c i obracaj\u0105c jej wierzchni\u0105 warstw\u0119<\/b><span style=\"font-weight: 400\">. W ca\u0142ym procesie nara\u017cony jest na uszkodzenia mechaniczne oraz \u015bcieranie w wyniku kontaktu z kamieniami i innymi przedmiotami.\u00a0<\/span><\/p>\n<p><span style=\"font-weight: 400\">Z czasem lemiesz wymaga wymiany. Wtedy postaw na sprawdzone rozwi\u0105zania. <\/span><b>W EXPARTO oferujemy Ci wysokiej jako\u015bci prawy lemiesz do p\u0142uga Kverneland, kt\u00f3ry wykonano ze stali borowej o podwy\u017cszonej twardo\u015bci<\/b><span style=\"font-weight: 400\">. Dzi\u0119ki temu element ten jest odporny na uszkodzenia i d\u0142u\u017cej zachowuje swoje pierwotne w\u0142a\u015bciwo\u015bci. Pozwala to na przeprowadzenie prac zwi\u0105zanych z ork\u0105 oraz na optymalizacj\u0119 koszt\u00f3w utrzymania maszyn w gospodarstwie rolnym. <\/span><b>Kupuj\u0105c w naszym sklepie, gwarantujesz sobie najwy\u017csz\u0105 jako\u015b\u0107 i niezawodno\u015b\u0107 cz\u0119\u015bci do maszyn rolniczych<\/b><span style=\"font-weight: 400\">.\u00a0<\/span><\/p>\n","protected":false},"excerpt":{"rendered":"<p style=\"text-align: justify\">Lemiesz prawy<\/p>\n","protected":false},"featured_media":23737,"comment_status":"open","ping_status":"closed","template":"","meta":{"_acf_changed":false,"inline_featured_image":false},"product_brand":[],"product_cat":[765,772,935],"product_tag":[],"class_list":{"0":"post-23763","1":"product","2":"type-product","3":"status-publish","4":"has-post-thumbnail","6":"product_cat-czesci-do-plugow","7":"product_cat-lemiesze-do-pluga","8":"product_cat-lemiesze-prawe","10":"first","11":"instock","12":"taxable","13":"shipping-taxable","14":"purchasable","15":"product-type-simple"},"acf":[],"yoast_head":"<!-- This site is optimized with the Yoast SEO plugin v27.2 - https:\/\/yoast.com\/product\/yoast-seo-wordpress\/ -->\n<title>Lemiesz do p\u0142uga prawy 16&quot; Kverneland - Exparto.pl<\/title>\n<meta name=\"robots\" content=\"index, follow, max-snippet:-1, max-image-preview:large, max-video-preview:-1\" \/>\n<link rel=\"canonical\" href=\"https:\/\/exparto.pl\/hu\/produkt\/lemiesz-do-pluga-prawy-16-kverneland\/\" \/>\n<meta property=\"og:locale\" content=\"hu_HU\" \/>\n<meta property=\"og:type\" content=\"article\" \/>\n<meta property=\"og:title\" content=\"Lemiesz do p\u0142uga prawy 16&quot; Kverneland - Exparto.pl\" \/>\n<meta property=\"og:description\" content=\"Lemiesz prawy\" \/>\n<meta property=\"og:url\" content=\"https:\/\/exparto.pl\/hu\/produkt\/lemiesz-do-pluga-prawy-16-kverneland\/\" \/>\n<meta property=\"og:site_name\" content=\"Exparto.pl\" \/>\n<meta property=\"article:publisher\" content=\"https:\/\/www.facebook.com\/exparto.agro\/\" \/>\n<meta property=\"article:modified_time\" content=\"2026-03-29T21:00:51+00:00\" \/>\n<meta property=\"og:image\" content=\"https:\/\/exparto.pl\/wp-content\/uploads\/2024\/04\/9e7a590d89fb46eb3c940d3de93a9062.jpg\" \/>\n\t<meta property=\"og:image:width\" content=\"1200\" \/>\n\t<meta property=\"og:image:height\" content=\"1200\" \/>\n\t<meta property=\"og:image:type\" content=\"image\/jpeg\" \/>\n<meta name=\"twitter:card\" content=\"summary_large_image\" \/>\n<meta name=\"twitter:label1\" content=\"Becs\u00fclt olvas\u00e1si id\u0151\" \/>\n\t<meta name=\"twitter:data1\" content=\"2 perc\" \/>\n<script type=\"application\/ld+json\" class=\"yoast-schema-graph\">{\"@context\":\"https:\/\/schema.org\",\"@graph\":[{\"@type\":\"WebPage\",\"@id\":\"https:\/\/exparto.pl\/hu\/produkt\/lemiesz-do-pluga-prawy-16-kverneland\/\",\"url\":\"https:\/\/exparto.pl\/hu\/produkt\/lemiesz-do-pluga-prawy-16-kverneland\/\",\"name\":\"Lemiesz do p\u0142uga prawy 16\\\" Kverneland - Exparto.pl\",\"isPartOf\":{\"@id\":\"https:\/\/exparto.pl\/hu\/#website\"},\"primaryImageOfPage\":{\"@id\":\"https:\/\/exparto.pl\/hu\/produkt\/lemiesz-do-pluga-prawy-16-kverneland\/#primaryimage\"},\"image\":{\"@id\":\"https:\/\/exparto.pl\/hu\/produkt\/lemiesz-do-pluga-prawy-16-kverneland\/#primaryimage\"},\"thumbnailUrl\":\"https:\/\/exparto.pl\/wp-content\/uploads\/2024\/04\/9e7a590d89fb46eb3c940d3de93a9062.jpg\",\"datePublished\":\"2024-04-04T12:12:28+00:00\",\"dateModified\":\"2026-03-29T21:00:51+00:00\",\"breadcrumb\":{\"@id\":\"https:\/\/exparto.pl\/hu\/produkt\/lemiesz-do-pluga-prawy-16-kverneland\/#breadcrumb\"},\"inLanguage\":\"hu\",\"potentialAction\":[{\"@type\":\"ReadAction\",\"target\":[\"https:\/\/exparto.pl\/hu\/produkt\/lemiesz-do-pluga-prawy-16-kverneland\/\"]}]},{\"@type\":\"ImageObject\",\"inLanguage\":\"hu\",\"@id\":\"https:\/\/exparto.pl\/hu\/produkt\/lemiesz-do-pluga-prawy-16-kverneland\/#primaryimage\",\"url\":\"https:\/\/exparto.pl\/wp-content\/uploads\/2024\/04\/9e7a590d89fb46eb3c940d3de93a9062.jpg\",\"contentUrl\":\"https:\/\/exparto.pl\/wp-content\/uploads\/2024\/04\/9e7a590d89fb46eb3c940d3de93a9062.jpg\",\"width\":1200,\"height\":1200},{\"@type\":\"BreadcrumbList\",\"@id\":\"https:\/\/exparto.pl\/hu\/produkt\/lemiesz-do-pluga-prawy-16-kverneland\/#breadcrumb\",\"itemListElement\":[{\"@type\":\"ListItem\",\"position\":1,\"name\":\"Honlap\",\"item\":\"https:\/\/exparto.pl\/hu\/\"},{\"@type\":\"ListItem\",\"position\":2,\"name\":\"Sklep\",\"item\":\"https:\/\/exparto.pl\/sklep\/\"},{\"@type\":\"ListItem\",\"position\":3,\"name\":\"Asz\u00faalkatr\u00e9szek\",\"item\":\"https:\/\/exparto.pl\/hu\/termekkategoria\/aszualkatreszek\/\"},{\"@type\":\"ListItem\",\"position\":4,\"name\":\"Sz\u00e1nt\u00f3sz\u00e1rnyak\",\"item\":\"https:\/\/exparto.pl\/hu\/termekkategoria\/aszualkatreszek\/szantoszarnyak\/\"},{\"@type\":\"ListItem\",\"position\":5,\"name\":\"Lemiesz do p\u0142uga prawy 16&#8243; Kverneland\"}]},{\"@type\":\"WebSite\",\"@id\":\"https:\/\/exparto.pl\/hu\/#website\",\"url\":\"https:\/\/exparto.pl\/hu\/\",\"name\":\"EXPARTO\",\"description\":\"More than agro parts\",\"publisher\":{\"@id\":\"https:\/\/exparto.pl\/hu\/#organization\"},\"potentialAction\":[{\"@type\":\"SearchAction\",\"target\":{\"@type\":\"EntryPoint\",\"urlTemplate\":\"https:\/\/exparto.pl\/hu\/?s={search_term_string}\"},\"query-input\":{\"@type\":\"PropertyValueSpecification\",\"valueRequired\":true,\"valueName\":\"search_term_string\"}}],\"inLanguage\":\"hu\"},{\"@type\":\"Organization\",\"@id\":\"https:\/\/exparto.pl\/hu\/#organization\",\"name\":\"EXPARTO\",\"url\":\"https:\/\/exparto.pl\/hu\/\",\"logo\":{\"@type\":\"ImageObject\",\"inLanguage\":\"hu\",\"@id\":\"https:\/\/exparto.pl\/hu\/#\/schema\/logo\/image\/\",\"url\":\"https:\/\/exparto.pl\/wp-content\/uploads\/2023\/02\/logo-wektor.png\",\"contentUrl\":\"https:\/\/exparto.pl\/wp-content\/uploads\/2023\/02\/logo-wektor.png\",\"width\":1338,\"height\":143,\"caption\":\"EXPARTO\"},\"image\":{\"@id\":\"https:\/\/exparto.pl\/hu\/#\/schema\/logo\/image\/\"},\"sameAs\":[\"https:\/\/www.facebook.com\/exparto.agro\/\"]}]}<\/script>\n<!-- \/ Yoast SEO plugin. -->","yoast_head_json":{"title":"Lemiesz do p\u0142uga prawy 16\" Kverneland - Exparto.pl","robots":{"index":"index","follow":"follow","max-snippet":"max-snippet:-1","max-image-preview":"max-image-preview:large","max-video-preview":"max-video-preview:-1"},"canonical":"https:\/\/exparto.pl\/hu\/produkt\/lemiesz-do-pluga-prawy-16-kverneland\/","og_locale":"hu_HU","og_type":"article","og_title":"Lemiesz do p\u0142uga prawy 16\" Kverneland - Exparto.pl","og_description":"Lemiesz prawy","og_url":"https:\/\/exparto.pl\/hu\/produkt\/lemiesz-do-pluga-prawy-16-kverneland\/","og_site_name":"Exparto.pl","article_publisher":"https:\/\/www.facebook.com\/exparto.agro\/","article_modified_time":"2026-03-29T21:00:51+00:00","og_image":[{"width":1200,"height":1200,"url":"https:\/\/exparto.pl\/wp-content\/uploads\/2024\/04\/9e7a590d89fb46eb3c940d3de93a9062.jpg","type":"image\/jpeg"}],"twitter_card":"summary_large_image","twitter_misc":{"Becs\u00fclt olvas\u00e1si id\u0151":"2 perc"},"schema":{"@context":"https:\/\/schema.org","@graph":[{"@type":"WebPage","@id":"https:\/\/exparto.pl\/hu\/produkt\/lemiesz-do-pluga-prawy-16-kverneland\/","url":"https:\/\/exparto.pl\/hu\/produkt\/lemiesz-do-pluga-prawy-16-kverneland\/","name":"Lemiesz do p\u0142uga prawy 16\" Kverneland - Exparto.pl","isPartOf":{"@id":"https:\/\/exparto.pl\/hu\/#website"},"primaryImageOfPage":{"@id":"https:\/\/exparto.pl\/hu\/produkt\/lemiesz-do-pluga-prawy-16-kverneland\/#primaryimage"},"image":{"@id":"https:\/\/exparto.pl\/hu\/produkt\/lemiesz-do-pluga-prawy-16-kverneland\/#primaryimage"},"thumbnailUrl":"https:\/\/exparto.pl\/wp-content\/uploads\/2024\/04\/9e7a590d89fb46eb3c940d3de93a9062.jpg","datePublished":"2024-04-04T12:12:28+00:00","dateModified":"2026-03-29T21:00:51+00:00","breadcrumb":{"@id":"https:\/\/exparto.pl\/hu\/produkt\/lemiesz-do-pluga-prawy-16-kverneland\/#breadcrumb"},"inLanguage":"hu","potentialAction":[{"@type":"ReadAction","target":["https:\/\/exparto.pl\/hu\/produkt\/lemiesz-do-pluga-prawy-16-kverneland\/"]}]},{"@type":"ImageObject","inLanguage":"hu","@id":"https:\/\/exparto.pl\/hu\/produkt\/lemiesz-do-pluga-prawy-16-kverneland\/#primaryimage","url":"https:\/\/exparto.pl\/wp-content\/uploads\/2024\/04\/9e7a590d89fb46eb3c940d3de93a9062.jpg","contentUrl":"https:\/\/exparto.pl\/wp-content\/uploads\/2024\/04\/9e7a590d89fb46eb3c940d3de93a9062.jpg","width":1200,"height":1200},{"@type":"BreadcrumbList","@id":"https:\/\/exparto.pl\/hu\/produkt\/lemiesz-do-pluga-prawy-16-kverneland\/#breadcrumb","itemListElement":[{"@type":"ListItem","position":1,"name":"Honlap","item":"https:\/\/exparto.pl\/hu\/"},{"@type":"ListItem","position":2,"name":"Sklep","item":"https:\/\/exparto.pl\/sklep\/"},{"@type":"ListItem","position":3,"name":"Asz\u00faalkatr\u00e9szek","item":"https:\/\/exparto.pl\/hu\/termekkategoria\/aszualkatreszek\/"},{"@type":"ListItem","position":4,"name":"Sz\u00e1nt\u00f3sz\u00e1rnyak","item":"https:\/\/exparto.pl\/hu\/termekkategoria\/aszualkatreszek\/szantoszarnyak\/"},{"@type":"ListItem","position":5,"name":"Lemiesz do p\u0142uga prawy 16&#8243; Kverneland"}]},{"@type":"WebSite","@id":"https:\/\/exparto.pl\/hu\/#website","url":"https:\/\/exparto.pl\/hu\/","name":"EXPARTO","description":"More than agro parts","publisher":{"@id":"https:\/\/exparto.pl\/hu\/#organization"},"potentialAction":[{"@type":"SearchAction","target":{"@type":"EntryPoint","urlTemplate":"https:\/\/exparto.pl\/hu\/?s={search_term_string}"},"query-input":{"@type":"PropertyValueSpecification","valueRequired":true,"valueName":"search_term_string"}}],"inLanguage":"hu"},{"@type":"Organization","@id":"https:\/\/exparto.pl\/hu\/#organization","name":"EXPARTO","url":"https:\/\/exparto.pl\/hu\/","logo":{"@type":"ImageObject","inLanguage":"hu","@id":"https:\/\/exparto.pl\/hu\/#\/schema\/logo\/image\/","url":"https:\/\/exparto.pl\/wp-content\/uploads\/2023\/02\/logo-wektor.png","contentUrl":"https:\/\/exparto.pl\/wp-content\/uploads\/2023\/02\/logo-wektor.png","width":1338,"height":143,"caption":"EXPARTO"},"image":{"@id":"https:\/\/exparto.pl\/hu\/#\/schema\/logo\/image\/"},"sameAs":["https:\/\/www.facebook.com\/exparto.agro\/"]}]}},"_links":{"self":[{"href":"https:\/\/exparto.pl\/hu\/wp-json\/wp\/v2\/product\/23763","targetHints":{"allow":["GET"]}}],"collection":[{"href":"https:\/\/exparto.pl\/hu\/wp-json\/wp\/v2\/product"}],"about":[{"href":"https:\/\/exparto.pl\/hu\/wp-json\/wp\/v2\/types\/product"}],"replies":[{"embeddable":true,"href":"https:\/\/exparto.pl\/hu\/wp-json\/wp\/v2\/comments?post=23763"}],"wp:featuredmedia":[{"embeddable":true,"href":"https:\/\/exparto.pl\/hu\/wp-json\/wp\/v2\/media\/23737"}],"wp:attachment":[{"href":"https:\/\/exparto.pl\/hu\/wp-json\/wp\/v2\/media?parent=23763"}],"wp:term":[{"taxonomy":"product_brand","embeddable":true,"href":"https:\/\/exparto.pl\/hu\/wp-json\/wp\/v2\/product_brand?post=23763"},{"taxonomy":"product_cat","embeddable":true,"href":"https:\/\/exparto.pl\/hu\/wp-json\/wp\/v2\/product_cat?post=23763"},{"taxonomy":"product_tag","embeddable":true,"href":"https:\/\/exparto.pl\/hu\/wp-json\/wp\/v2\/product_tag?post=23763"}],"curies":[{"name":"wp","href":"https:\/\/api.w.org\/{rel}","templated":true}]}}