{"id":23789,"date":"2024-04-04T14:13:30","date_gmt":"2024-04-04T12:13:30","guid":{"rendered":"https:\/\/exparto.pl\/produkt\/lemiesz-do-pluga-z-dlutem-lewy-po389-ibis-unia\/"},"modified":"2026-01-21T12:34:21","modified_gmt":"2026-01-21T11:34:21","slug":"lemiesz-do-pluga-z-dlutem-lewy-po389-ibis-unia","status":"publish","type":"product","link":"https:\/\/exparto.pl\/hu\/produkt\/lemiesz-do-pluga-z-dlutem-lewy-po389-ibis-unia\/","title":{"rendered":"Lemiesz do p\u0142uga z d\u0142utem lewy PO389 Ibis Unia"},"content":{"rendered":"<p><p style=\"text-align: justify\">Lemiesz z d\u0142utem wykonany ze stali borowej &#8211; twardo\u015b\u0107 43-50HRC<\/p>\n<p><p style=\"text-align: justify\"><b>Z<\/b><span style=\"color: var(--gray-800)\"><b>astosowanie:<\/b><\/span><\/p>\n<ul>\n<li style=\"text-align: justify\">\u00a0p\u0142ugi obrotowe UNIA IBIS<\/li>\n<\/ul>\n<p><p style=\"text-align: justify\"><span style=\"color: var(--gray-800)\"><b>Numer katalogowy:\u00a0<\/b><\/span><\/p>\n<ul>\n<li style=\"text-align: justify\">1117611000<\/li>\n<\/ul>\n<p><b>Oferowany w naszym sklepie lewy lemiesz p\u0142uga z d\u0142utem to model pasuj\u0105cy do p\u0142ug\u00f3w obrotowych producenta UNIA IBIS<\/b><span style=\"font-weight: 400\">. Produkt ten charakteryzuje si\u0119 wysok\u0105 jako\u015bci\u0105 wykonania i odporno\u015bci\u0105 na intensywne u\u017cytkowania. Zapraszamy do zakupu lemiesza do p\u0142uga z naszej oferty.\u00a0<\/span><\/p>\n<h2><span style=\"font-weight: 400\">Lemiesz do p\u0142uga z d\u0142utem \u2013 lewy \u2013 Ibis, Unia Grudzi\u0105dz<\/span><\/h2>\n<p><b>Na co dzie\u0144 korzystasz z p\u0142uga w gospodarstwie rolnym? Z pewno\u015bci\u0105 staniesz przed wyzwaniem zmiany lemiesza<\/b><span style=\"font-weight: 400\">. To cz\u0119\u015b\u0107 robocza, kt\u00f3ra podlega intensywnemu u\u017cytkowaniu i jest nara\u017cona na uszkodzenie oraz zu\u017cycie eksploatacyjne. Lemiesze do p\u0142uga bior\u0105 udzia\u0142 w procesie zrywania i odwracania wierzchniej warstwy ziemi w trakcie orki. W glebie trafiaj\u0105 na kamienie i inne przedmioty, kt\u00f3re mog\u0105 os\u0142abia\u0107 ich struktur\u0105 i w\u0142a\u015bciwo\u015bci.\u00a0<\/span><\/p>\n<p><span style=\"font-weight: 400\">W tym miejscu <\/span><b>przygotowali\u015bmy dla Ciebie dedykowany lemiesz do p\u0142uga Unia. Produkt ten powstaje ze starannie obrobionej stali borowej<\/b><span style=\"font-weight: 400\">, kt\u00f3ra charakteryzuje si\u0119 wysok\u0105 twardo\u015bci\u0105 i odporno\u015bci\u0105 na uszkodzenia. Cz\u0119\u015b\u0107 ta pasuje do p\u0142ug\u00f3w obrotowych. <\/span><b>Kupuj\u0105c lemiesz p\u0142uga bis w naszym sklepie, zyskujesz pewno\u015b\u0107 otrzymania cz\u0119\u015bci pozbawionej skaz produkcyjnych<\/b><span style=\"font-weight: 400\"> i dobrze przygotowanej do trudnych warunk\u00f3w pracy na polu. Zapraszamy do zakup\u00f3w lemiesza z d\u0142utem do p\u0142uga lewego.\u00a0<\/span><\/p>\n","protected":false},"excerpt":{"rendered":"<p style=\"text-align: justify\">Lemiesz z d\u0142utem<\/p>\n","protected":false},"featured_media":23764,"comment_status":"open","ping_status":"closed","template":"","meta":{"_acf_changed":false,"inline_featured_image":false},"product_brand":[],"product_cat":[765,772,934,942],"product_tag":[],"class_list":{"0":"post-23789","1":"product","2":"type-product","3":"status-publish","4":"has-post-thumbnail","6":"product_cat-czesci-do-plugow","7":"product_cat-lemiesze-do-pluga","8":"product_cat-lemiesze-lewe","9":"product_cat-lemiesze-z-dlutem-lemiesze-kompletne","11":"first","12":"instock","13":"taxable","14":"shipping-taxable","15":"purchasable","16":"product-type-simple"},"acf":[],"yoast_head":"<!-- This site is optimized with the Yoast SEO plugin v27.2 - https:\/\/yoast.com\/product\/yoast-seo-wordpress\/ -->\n<title>Lemiesz do p\u0142uga z d\u0142utem lewy PO389 Ibis Unia - Exparto.pl<\/title>\n<meta name=\"robots\" content=\"index, follow, max-snippet:-1, max-image-preview:large, max-video-preview:-1\" \/>\n<link rel=\"canonical\" href=\"https:\/\/exparto.pl\/hu\/produkt\/lemiesz-do-pluga-z-dlutem-lewy-po389-ibis-unia\/\" \/>\n<meta property=\"og:locale\" content=\"hu_HU\" \/>\n<meta property=\"og:type\" content=\"article\" \/>\n<meta property=\"og:title\" content=\"Lemiesz do p\u0142uga z d\u0142utem lewy PO389 Ibis Unia - Exparto.pl\" \/>\n<meta property=\"og:description\" content=\"Lemiesz z d\u0142utem\" \/>\n<meta property=\"og:url\" content=\"https:\/\/exparto.pl\/hu\/produkt\/lemiesz-do-pluga-z-dlutem-lewy-po389-ibis-unia\/\" \/>\n<meta property=\"og:site_name\" content=\"Exparto.pl\" \/>\n<meta property=\"article:publisher\" content=\"https:\/\/www.facebook.com\/exparto.agro\/\" \/>\n<meta property=\"article:modified_time\" content=\"2026-01-21T11:34:21+00:00\" \/>\n<meta property=\"og:image\" content=\"https:\/\/exparto.pl\/wp-content\/uploads\/2024\/04\/1c12adc267422ef70cec826afda1375c.jpg\" \/>\n\t<meta property=\"og:image:width\" content=\"1200\" \/>\n\t<meta property=\"og:image:height\" content=\"1200\" \/>\n\t<meta property=\"og:image:type\" content=\"image\/jpeg\" \/>\n<meta name=\"twitter:card\" content=\"summary_large_image\" \/>\n<meta name=\"twitter:label1\" content=\"Becs\u00fclt olvas\u00e1si id\u0151\" \/>\n\t<meta name=\"twitter:data1\" content=\"2 perc\" \/>\n<script type=\"application\/ld+json\" class=\"yoast-schema-graph\">{\"@context\":\"https:\/\/schema.org\",\"@graph\":[{\"@type\":\"WebPage\",\"@id\":\"https:\/\/exparto.pl\/hu\/produkt\/lemiesz-do-pluga-z-dlutem-lewy-po389-ibis-unia\/\",\"url\":\"https:\/\/exparto.pl\/hu\/produkt\/lemiesz-do-pluga-z-dlutem-lewy-po389-ibis-unia\/\",\"name\":\"Lemiesz do p\u0142uga z d\u0142utem lewy PO389 Ibis Unia - Exparto.pl\",\"isPartOf\":{\"@id\":\"https:\/\/exparto.pl\/hu\/#website\"},\"primaryImageOfPage\":{\"@id\":\"https:\/\/exparto.pl\/hu\/produkt\/lemiesz-do-pluga-z-dlutem-lewy-po389-ibis-unia\/#primaryimage\"},\"image\":{\"@id\":\"https:\/\/exparto.pl\/hu\/produkt\/lemiesz-do-pluga-z-dlutem-lewy-po389-ibis-unia\/#primaryimage\"},\"thumbnailUrl\":\"https:\/\/exparto.pl\/wp-content\/uploads\/2024\/04\/1c12adc267422ef70cec826afda1375c.jpg\",\"datePublished\":\"2024-04-04T12:13:30+00:00\",\"dateModified\":\"2026-01-21T11:34:21+00:00\",\"breadcrumb\":{\"@id\":\"https:\/\/exparto.pl\/hu\/produkt\/lemiesz-do-pluga-z-dlutem-lewy-po389-ibis-unia\/#breadcrumb\"},\"inLanguage\":\"hu\",\"potentialAction\":[{\"@type\":\"ReadAction\",\"target\":[\"https:\/\/exparto.pl\/hu\/produkt\/lemiesz-do-pluga-z-dlutem-lewy-po389-ibis-unia\/\"]}]},{\"@type\":\"ImageObject\",\"inLanguage\":\"hu\",\"@id\":\"https:\/\/exparto.pl\/hu\/produkt\/lemiesz-do-pluga-z-dlutem-lewy-po389-ibis-unia\/#primaryimage\",\"url\":\"https:\/\/exparto.pl\/wp-content\/uploads\/2024\/04\/1c12adc267422ef70cec826afda1375c.jpg\",\"contentUrl\":\"https:\/\/exparto.pl\/wp-content\/uploads\/2024\/04\/1c12adc267422ef70cec826afda1375c.jpg\",\"width\":1200,\"height\":1200},{\"@type\":\"BreadcrumbList\",\"@id\":\"https:\/\/exparto.pl\/hu\/produkt\/lemiesz-do-pluga-z-dlutem-lewy-po389-ibis-unia\/#breadcrumb\",\"itemListElement\":[{\"@type\":\"ListItem\",\"position\":1,\"name\":\"Honlap\",\"item\":\"https:\/\/exparto.pl\/hu\/\"},{\"@type\":\"ListItem\",\"position\":2,\"name\":\"Sklep\",\"item\":\"https:\/\/exparto.pl\/sklep\/\"},{\"@type\":\"ListItem\",\"position\":3,\"name\":\"Asz\u00faalkatr\u00e9szek\",\"item\":\"https:\/\/exparto.pl\/hu\/termekkategoria\/aszualkatreszek\/\"},{\"@type\":\"ListItem\",\"position\":4,\"name\":\"Sz\u00e1nt\u00f3sz\u00e1rnyak\",\"item\":\"https:\/\/exparto.pl\/hu\/termekkategoria\/aszualkatreszek\/szantoszarnyak\/\"},{\"@type\":\"ListItem\",\"position\":5,\"name\":\"Lemiesz do p\u0142uga z d\u0142utem lewy PO389 Ibis Unia\"}]},{\"@type\":\"WebSite\",\"@id\":\"https:\/\/exparto.pl\/hu\/#website\",\"url\":\"https:\/\/exparto.pl\/hu\/\",\"name\":\"EXPARTO\",\"description\":\"More than agro parts\",\"publisher\":{\"@id\":\"https:\/\/exparto.pl\/hu\/#organization\"},\"potentialAction\":[{\"@type\":\"SearchAction\",\"target\":{\"@type\":\"EntryPoint\",\"urlTemplate\":\"https:\/\/exparto.pl\/hu\/?s={search_term_string}\"},\"query-input\":{\"@type\":\"PropertyValueSpecification\",\"valueRequired\":true,\"valueName\":\"search_term_string\"}}],\"inLanguage\":\"hu\"},{\"@type\":\"Organization\",\"@id\":\"https:\/\/exparto.pl\/hu\/#organization\",\"name\":\"EXPARTO\",\"url\":\"https:\/\/exparto.pl\/hu\/\",\"logo\":{\"@type\":\"ImageObject\",\"inLanguage\":\"hu\",\"@id\":\"https:\/\/exparto.pl\/hu\/#\/schema\/logo\/image\/\",\"url\":\"https:\/\/exparto.pl\/wp-content\/uploads\/2023\/02\/logo-wektor.png\",\"contentUrl\":\"https:\/\/exparto.pl\/wp-content\/uploads\/2023\/02\/logo-wektor.png\",\"width\":1338,\"height\":143,\"caption\":\"EXPARTO\"},\"image\":{\"@id\":\"https:\/\/exparto.pl\/hu\/#\/schema\/logo\/image\/\"},\"sameAs\":[\"https:\/\/www.facebook.com\/exparto.agro\/\"]}]}<\/script>\n<!-- \/ Yoast SEO plugin. -->","yoast_head_json":{"title":"Lemiesz do p\u0142uga z d\u0142utem lewy PO389 Ibis Unia - Exparto.pl","robots":{"index":"index","follow":"follow","max-snippet":"max-snippet:-1","max-image-preview":"max-image-preview:large","max-video-preview":"max-video-preview:-1"},"canonical":"https:\/\/exparto.pl\/hu\/produkt\/lemiesz-do-pluga-z-dlutem-lewy-po389-ibis-unia\/","og_locale":"hu_HU","og_type":"article","og_title":"Lemiesz do p\u0142uga z d\u0142utem lewy PO389 Ibis Unia - Exparto.pl","og_description":"Lemiesz z d\u0142utem","og_url":"https:\/\/exparto.pl\/hu\/produkt\/lemiesz-do-pluga-z-dlutem-lewy-po389-ibis-unia\/","og_site_name":"Exparto.pl","article_publisher":"https:\/\/www.facebook.com\/exparto.agro\/","article_modified_time":"2026-01-21T11:34:21+00:00","og_image":[{"width":1200,"height":1200,"url":"https:\/\/exparto.pl\/wp-content\/uploads\/2024\/04\/1c12adc267422ef70cec826afda1375c.jpg","type":"image\/jpeg"}],"twitter_card":"summary_large_image","twitter_misc":{"Becs\u00fclt olvas\u00e1si id\u0151":"2 perc"},"schema":{"@context":"https:\/\/schema.org","@graph":[{"@type":"WebPage","@id":"https:\/\/exparto.pl\/hu\/produkt\/lemiesz-do-pluga-z-dlutem-lewy-po389-ibis-unia\/","url":"https:\/\/exparto.pl\/hu\/produkt\/lemiesz-do-pluga-z-dlutem-lewy-po389-ibis-unia\/","name":"Lemiesz do p\u0142uga z d\u0142utem lewy PO389 Ibis Unia - Exparto.pl","isPartOf":{"@id":"https:\/\/exparto.pl\/hu\/#website"},"primaryImageOfPage":{"@id":"https:\/\/exparto.pl\/hu\/produkt\/lemiesz-do-pluga-z-dlutem-lewy-po389-ibis-unia\/#primaryimage"},"image":{"@id":"https:\/\/exparto.pl\/hu\/produkt\/lemiesz-do-pluga-z-dlutem-lewy-po389-ibis-unia\/#primaryimage"},"thumbnailUrl":"https:\/\/exparto.pl\/wp-content\/uploads\/2024\/04\/1c12adc267422ef70cec826afda1375c.jpg","datePublished":"2024-04-04T12:13:30+00:00","dateModified":"2026-01-21T11:34:21+00:00","breadcrumb":{"@id":"https:\/\/exparto.pl\/hu\/produkt\/lemiesz-do-pluga-z-dlutem-lewy-po389-ibis-unia\/#breadcrumb"},"inLanguage":"hu","potentialAction":[{"@type":"ReadAction","target":["https:\/\/exparto.pl\/hu\/produkt\/lemiesz-do-pluga-z-dlutem-lewy-po389-ibis-unia\/"]}]},{"@type":"ImageObject","inLanguage":"hu","@id":"https:\/\/exparto.pl\/hu\/produkt\/lemiesz-do-pluga-z-dlutem-lewy-po389-ibis-unia\/#primaryimage","url":"https:\/\/exparto.pl\/wp-content\/uploads\/2024\/04\/1c12adc267422ef70cec826afda1375c.jpg","contentUrl":"https:\/\/exparto.pl\/wp-content\/uploads\/2024\/04\/1c12adc267422ef70cec826afda1375c.jpg","width":1200,"height":1200},{"@type":"BreadcrumbList","@id":"https:\/\/exparto.pl\/hu\/produkt\/lemiesz-do-pluga-z-dlutem-lewy-po389-ibis-unia\/#breadcrumb","itemListElement":[{"@type":"ListItem","position":1,"name":"Honlap","item":"https:\/\/exparto.pl\/hu\/"},{"@type":"ListItem","position":2,"name":"Sklep","item":"https:\/\/exparto.pl\/sklep\/"},{"@type":"ListItem","position":3,"name":"Asz\u00faalkatr\u00e9szek","item":"https:\/\/exparto.pl\/hu\/termekkategoria\/aszualkatreszek\/"},{"@type":"ListItem","position":4,"name":"Sz\u00e1nt\u00f3sz\u00e1rnyak","item":"https:\/\/exparto.pl\/hu\/termekkategoria\/aszualkatreszek\/szantoszarnyak\/"},{"@type":"ListItem","position":5,"name":"Lemiesz do p\u0142uga z d\u0142utem lewy PO389 Ibis Unia"}]},{"@type":"WebSite","@id":"https:\/\/exparto.pl\/hu\/#website","url":"https:\/\/exparto.pl\/hu\/","name":"EXPARTO","description":"More than agro parts","publisher":{"@id":"https:\/\/exparto.pl\/hu\/#organization"},"potentialAction":[{"@type":"SearchAction","target":{"@type":"EntryPoint","urlTemplate":"https:\/\/exparto.pl\/hu\/?s={search_term_string}"},"query-input":{"@type":"PropertyValueSpecification","valueRequired":true,"valueName":"search_term_string"}}],"inLanguage":"hu"},{"@type":"Organization","@id":"https:\/\/exparto.pl\/hu\/#organization","name":"EXPARTO","url":"https:\/\/exparto.pl\/hu\/","logo":{"@type":"ImageObject","inLanguage":"hu","@id":"https:\/\/exparto.pl\/hu\/#\/schema\/logo\/image\/","url":"https:\/\/exparto.pl\/wp-content\/uploads\/2023\/02\/logo-wektor.png","contentUrl":"https:\/\/exparto.pl\/wp-content\/uploads\/2023\/02\/logo-wektor.png","width":1338,"height":143,"caption":"EXPARTO"},"image":{"@id":"https:\/\/exparto.pl\/hu\/#\/schema\/logo\/image\/"},"sameAs":["https:\/\/www.facebook.com\/exparto.agro\/"]}]}},"_links":{"self":[{"href":"https:\/\/exparto.pl\/hu\/wp-json\/wp\/v2\/product\/23789","targetHints":{"allow":["GET"]}}],"collection":[{"href":"https:\/\/exparto.pl\/hu\/wp-json\/wp\/v2\/product"}],"about":[{"href":"https:\/\/exparto.pl\/hu\/wp-json\/wp\/v2\/types\/product"}],"replies":[{"embeddable":true,"href":"https:\/\/exparto.pl\/hu\/wp-json\/wp\/v2\/comments?post=23789"}],"wp:featuredmedia":[{"embeddable":true,"href":"https:\/\/exparto.pl\/hu\/wp-json\/wp\/v2\/media\/23764"}],"wp:attachment":[{"href":"https:\/\/exparto.pl\/hu\/wp-json\/wp\/v2\/media?parent=23789"}],"wp:term":[{"taxonomy":"product_brand","embeddable":true,"href":"https:\/\/exparto.pl\/hu\/wp-json\/wp\/v2\/product_brand?post=23789"},{"taxonomy":"product_cat","embeddable":true,"href":"https:\/\/exparto.pl\/hu\/wp-json\/wp\/v2\/product_cat?post=23789"},{"taxonomy":"product_tag","embeddable":true,"href":"https:\/\/exparto.pl\/hu\/wp-json\/wp\/v2\/product_tag?post=23789"}],"curies":[{"name":"wp","href":"https:\/\/api.w.org\/{rel}","templated":true}]}}