{"id":23923,"date":"2024-04-05T15:31:07","date_gmt":"2024-04-05T13:31:07","guid":{"rendered":"https:\/\/exparto.pl\/produkt\/dluto-do-pluga-vis-17-xl-unia-3-otworowe-prawe\/"},"modified":"2026-03-22T23:02:07","modified_gmt":"2026-03-22T22:02:07","slug":"dluto-do-pluga-vis-17-xl-unia-3-otworowe-prawe","status":"publish","type":"product","link":"https:\/\/exparto.pl\/hu\/produkt\/dluto-do-pluga-vis-17-xl-unia-3-otworowe-prawe\/","title":{"rendered":"D\u0142uto do p\u0142uga VIS\/17 XL Unia 3-otworowe prawe"},"content":{"rendered":"<p><b>Zastosowanie<\/b><span style=\"font-weight: 400\">:\u00a0<\/span><\/p>\n<ul>\n<li style=\"font-weight: 400\"><span style=\"font-weight: 400\">p\u0142ugi zagonowe i obrotowe<\/span><\/li>\n<\/ul>\n<p><b>Numer katalogowy<\/b><span style=\"font-weight: 400\">:<\/span><\/p>\n<ul>\n<li style=\"font-weight: 400\"><span style=\"font-weight: 400\">106727000<\/span><\/li>\n<li style=\"font-weight: 400\"><span style=\"font-weight: 400\">1150712010<\/span><\/li>\n<\/ul>\n<p><span style=\"font-weight: 400\">W gospodarstwie rolnym wykorzystujesz p\u0142ug zagonowy lub obrotowy producenta Unia Grudzi\u0105dz i szukasz wysokiej jako\u015bci cz\u0119\u015bci zamiennych? <\/span><b>W EXPARTO oferujemy Ci d\u0142uta do p\u0142uga Unia Grudzi\u0105dz<\/b><span style=\"font-weight: 400\">. W tym miejscu znajdziesz model prawy z trzema otworami, kt\u00f3ry pasuje do maszyny VIS\/17 XL.<\/span><\/p>\n<h2><span style=\"font-weight: 400\">D\u0142uto do p\u0142uga \u2013 prawe \u2013 Unia Grudzi\u0105dz \u2013 3-otworowe<\/span><\/h2>\n<p><span style=\"font-weight: 400\">Dbamy o to, aby ka\u017cdy z naszych produkt\u00f3w spe\u0142nia\u0142 najwy\u017csze standardy bran\u017cowe. <\/span><b>Takie te\u017c jest nasze d\u0142uto prawe do p\u0142ug\u00f3w Unia Grudzi\u0105dz. Powstaje ono z wytrzyma\u0142ej stali borowej o wysokiej twardo\u015bci<\/b><span style=\"font-weight: 400\">. Gwarantuje to zwi\u0119kszon\u0105 wytrzyma\u0142o\u015b\u0107 na intensywne u\u017cytkowanie w trudnych warunkach. <\/span><b>Specjalne profilowanie sprawia, \u017ce to d\u0142uto p\u0142uga idealnie sprawdza si\u0119 w monta\u017cu po prawej stronie korpusu maszyny rolniczej<\/b><span style=\"font-weight: 400\">.\u00a0<\/span><\/p>\n<p><p style=\"text-align: justify\"><span style=\"font-weight: 400\">Odpowiednio dobrane i zamontowane d\u0142uto zapewni Ci wydajn\u0105 i spokojn\u0105 prac\u0119 w polu na kilka sezon\u00f3w. Pami\u0119taj jednak o tym, aby je regularnie czy\u015bci\u0107 i konserwowa\u0107. <\/span><b>Kupuj\u0105c w EXPARTO, zapewniasz sobie dostaw\u0119 cz\u0119\u015bci znajduj\u0105cych si\u0119 w doskona\u0142ym stanie technicznym i od razu gotowych do u\u017cytku<\/b><span style=\"font-weight: 400\">. Zapraszamy do zakup\u00f3w. <\/span><\/p>\n","protected":false},"excerpt":{"rendered":"<p style=\"text-align: justify\">D\u0142uto prawe<\/p>\n","protected":false},"featured_media":23908,"comment_status":"open","ping_status":"closed","template":"","meta":{"_acf_changed":false,"inline_featured_image":false},"product_brand":[],"product_cat":[765,771,937],"product_tag":[],"class_list":{"0":"post-23923","1":"product","2":"type-product","3":"status-publish","4":"has-post-thumbnail","6":"product_cat-czesci-do-plugow","7":"product_cat-dluta-do-pluga","8":"product_cat-dluta-prawe","10":"first","11":"instock","12":"taxable","13":"shipping-taxable","14":"purchasable","15":"product-type-simple"},"acf":[],"yoast_head":"<!-- This site is optimized with the Yoast SEO plugin v27.2 - https:\/\/yoast.com\/product\/yoast-seo-wordpress\/ -->\n<title>D\u0142uto do p\u0142uga VIS\/17 XL Unia 3-otworowe prawe - Exparto.pl<\/title>\n<meta name=\"robots\" content=\"index, follow, max-snippet:-1, max-image-preview:large, max-video-preview:-1\" \/>\n<link rel=\"canonical\" href=\"https:\/\/exparto.pl\/hu\/produkt\/dluto-do-pluga-vis-17-xl-unia-3-otworowe-prawe\/\" \/>\n<meta property=\"og:locale\" content=\"hu_HU\" \/>\n<meta property=\"og:type\" content=\"article\" \/>\n<meta property=\"og:title\" content=\"D\u0142uto do p\u0142uga VIS\/17 XL Unia 3-otworowe prawe - Exparto.pl\" \/>\n<meta property=\"og:description\" content=\"D\u0142uto prawe\" \/>\n<meta property=\"og:url\" content=\"https:\/\/exparto.pl\/hu\/produkt\/dluto-do-pluga-vis-17-xl-unia-3-otworowe-prawe\/\" \/>\n<meta property=\"og:site_name\" content=\"Exparto.pl\" \/>\n<meta property=\"article:publisher\" content=\"https:\/\/www.facebook.com\/exparto.agro\/\" \/>\n<meta property=\"article:modified_time\" content=\"2026-03-22T22:02:07+00:00\" \/>\n<meta property=\"og:image\" content=\"https:\/\/exparto.pl\/wp-content\/uploads\/2024\/04\/22073900ceea998a72de916ddaacdcc8.jpg\" \/>\n\t<meta property=\"og:image:width\" content=\"1200\" \/>\n\t<meta property=\"og:image:height\" content=\"1200\" \/>\n\t<meta property=\"og:image:type\" content=\"image\/jpeg\" \/>\n<meta name=\"twitter:card\" content=\"summary_large_image\" \/>\n<meta name=\"twitter:label1\" content=\"Becs\u00fclt olvas\u00e1si id\u0151\" \/>\n\t<meta name=\"twitter:data1\" content=\"2 perc\" \/>\n<script type=\"application\/ld+json\" class=\"yoast-schema-graph\">{\"@context\":\"https:\/\/schema.org\",\"@graph\":[{\"@type\":\"WebPage\",\"@id\":\"https:\/\/exparto.pl\/hu\/produkt\/dluto-do-pluga-vis-17-xl-unia-3-otworowe-prawe\/\",\"url\":\"https:\/\/exparto.pl\/hu\/produkt\/dluto-do-pluga-vis-17-xl-unia-3-otworowe-prawe\/\",\"name\":\"D\u0142uto do p\u0142uga VIS\/17 XL Unia 3-otworowe prawe - Exparto.pl\",\"isPartOf\":{\"@id\":\"https:\/\/exparto.pl\/hu\/#website\"},\"primaryImageOfPage\":{\"@id\":\"https:\/\/exparto.pl\/hu\/produkt\/dluto-do-pluga-vis-17-xl-unia-3-otworowe-prawe\/#primaryimage\"},\"image\":{\"@id\":\"https:\/\/exparto.pl\/hu\/produkt\/dluto-do-pluga-vis-17-xl-unia-3-otworowe-prawe\/#primaryimage\"},\"thumbnailUrl\":\"https:\/\/exparto.pl\/wp-content\/uploads\/2024\/04\/22073900ceea998a72de916ddaacdcc8.jpg\",\"datePublished\":\"2024-04-05T13:31:07+00:00\",\"dateModified\":\"2026-03-22T22:02:07+00:00\",\"breadcrumb\":{\"@id\":\"https:\/\/exparto.pl\/hu\/produkt\/dluto-do-pluga-vis-17-xl-unia-3-otworowe-prawe\/#breadcrumb\"},\"inLanguage\":\"hu\",\"potentialAction\":[{\"@type\":\"ReadAction\",\"target\":[\"https:\/\/exparto.pl\/hu\/produkt\/dluto-do-pluga-vis-17-xl-unia-3-otworowe-prawe\/\"]}]},{\"@type\":\"ImageObject\",\"inLanguage\":\"hu\",\"@id\":\"https:\/\/exparto.pl\/hu\/produkt\/dluto-do-pluga-vis-17-xl-unia-3-otworowe-prawe\/#primaryimage\",\"url\":\"https:\/\/exparto.pl\/wp-content\/uploads\/2024\/04\/22073900ceea998a72de916ddaacdcc8.jpg\",\"contentUrl\":\"https:\/\/exparto.pl\/wp-content\/uploads\/2024\/04\/22073900ceea998a72de916ddaacdcc8.jpg\",\"width\":1200,\"height\":1200},{\"@type\":\"BreadcrumbList\",\"@id\":\"https:\/\/exparto.pl\/hu\/produkt\/dluto-do-pluga-vis-17-xl-unia-3-otworowe-prawe\/#breadcrumb\",\"itemListElement\":[{\"@type\":\"ListItem\",\"position\":1,\"name\":\"Honlap\",\"item\":\"https:\/\/exparto.pl\/hu\/\"},{\"@type\":\"ListItem\",\"position\":2,\"name\":\"Sklep\",\"item\":\"https:\/\/exparto.pl\/sklep\/\"},{\"@type\":\"ListItem\",\"position\":3,\"name\":\"Asz\u00faalkatr\u00e9szek\",\"item\":\"https:\/\/exparto.pl\/hu\/termekkategoria\/aszualkatreszek\/\"},{\"@type\":\"ListItem\",\"position\":4,\"name\":\"D\u0142uta do p\u0142uga\",\"item\":\"https:\/\/exparto.pl\/kategoria-produktu\/czesci-do-plugow\/dluta-do-pluga\/\"},{\"@type\":\"ListItem\",\"position\":5,\"name\":\"D\u0142uto do p\u0142uga VIS\/17 XL Unia 3-otworowe prawe\"}]},{\"@type\":\"WebSite\",\"@id\":\"https:\/\/exparto.pl\/hu\/#website\",\"url\":\"https:\/\/exparto.pl\/hu\/\",\"name\":\"EXPARTO\",\"description\":\"More than agro parts\",\"publisher\":{\"@id\":\"https:\/\/exparto.pl\/hu\/#organization\"},\"potentialAction\":[{\"@type\":\"SearchAction\",\"target\":{\"@type\":\"EntryPoint\",\"urlTemplate\":\"https:\/\/exparto.pl\/hu\/?s={search_term_string}\"},\"query-input\":{\"@type\":\"PropertyValueSpecification\",\"valueRequired\":true,\"valueName\":\"search_term_string\"}}],\"inLanguage\":\"hu\"},{\"@type\":\"Organization\",\"@id\":\"https:\/\/exparto.pl\/hu\/#organization\",\"name\":\"EXPARTO\",\"url\":\"https:\/\/exparto.pl\/hu\/\",\"logo\":{\"@type\":\"ImageObject\",\"inLanguage\":\"hu\",\"@id\":\"https:\/\/exparto.pl\/hu\/#\/schema\/logo\/image\/\",\"url\":\"https:\/\/exparto.pl\/wp-content\/uploads\/2023\/02\/logo-wektor.png\",\"contentUrl\":\"https:\/\/exparto.pl\/wp-content\/uploads\/2023\/02\/logo-wektor.png\",\"width\":1338,\"height\":143,\"caption\":\"EXPARTO\"},\"image\":{\"@id\":\"https:\/\/exparto.pl\/hu\/#\/schema\/logo\/image\/\"},\"sameAs\":[\"https:\/\/www.facebook.com\/exparto.agro\/\"]}]}<\/script>\n<!-- \/ Yoast SEO plugin. -->","yoast_head_json":{"title":"D\u0142uto do p\u0142uga VIS\/17 XL Unia 3-otworowe prawe - Exparto.pl","robots":{"index":"index","follow":"follow","max-snippet":"max-snippet:-1","max-image-preview":"max-image-preview:large","max-video-preview":"max-video-preview:-1"},"canonical":"https:\/\/exparto.pl\/hu\/produkt\/dluto-do-pluga-vis-17-xl-unia-3-otworowe-prawe\/","og_locale":"hu_HU","og_type":"article","og_title":"D\u0142uto do p\u0142uga VIS\/17 XL Unia 3-otworowe prawe - Exparto.pl","og_description":"D\u0142uto prawe","og_url":"https:\/\/exparto.pl\/hu\/produkt\/dluto-do-pluga-vis-17-xl-unia-3-otworowe-prawe\/","og_site_name":"Exparto.pl","article_publisher":"https:\/\/www.facebook.com\/exparto.agro\/","article_modified_time":"2026-03-22T22:02:07+00:00","og_image":[{"width":1200,"height":1200,"url":"https:\/\/exparto.pl\/wp-content\/uploads\/2024\/04\/22073900ceea998a72de916ddaacdcc8.jpg","type":"image\/jpeg"}],"twitter_card":"summary_large_image","twitter_misc":{"Becs\u00fclt olvas\u00e1si id\u0151":"2 perc"},"schema":{"@context":"https:\/\/schema.org","@graph":[{"@type":"WebPage","@id":"https:\/\/exparto.pl\/hu\/produkt\/dluto-do-pluga-vis-17-xl-unia-3-otworowe-prawe\/","url":"https:\/\/exparto.pl\/hu\/produkt\/dluto-do-pluga-vis-17-xl-unia-3-otworowe-prawe\/","name":"D\u0142uto do p\u0142uga VIS\/17 XL Unia 3-otworowe prawe - Exparto.pl","isPartOf":{"@id":"https:\/\/exparto.pl\/hu\/#website"},"primaryImageOfPage":{"@id":"https:\/\/exparto.pl\/hu\/produkt\/dluto-do-pluga-vis-17-xl-unia-3-otworowe-prawe\/#primaryimage"},"image":{"@id":"https:\/\/exparto.pl\/hu\/produkt\/dluto-do-pluga-vis-17-xl-unia-3-otworowe-prawe\/#primaryimage"},"thumbnailUrl":"https:\/\/exparto.pl\/wp-content\/uploads\/2024\/04\/22073900ceea998a72de916ddaacdcc8.jpg","datePublished":"2024-04-05T13:31:07+00:00","dateModified":"2026-03-22T22:02:07+00:00","breadcrumb":{"@id":"https:\/\/exparto.pl\/hu\/produkt\/dluto-do-pluga-vis-17-xl-unia-3-otworowe-prawe\/#breadcrumb"},"inLanguage":"hu","potentialAction":[{"@type":"ReadAction","target":["https:\/\/exparto.pl\/hu\/produkt\/dluto-do-pluga-vis-17-xl-unia-3-otworowe-prawe\/"]}]},{"@type":"ImageObject","inLanguage":"hu","@id":"https:\/\/exparto.pl\/hu\/produkt\/dluto-do-pluga-vis-17-xl-unia-3-otworowe-prawe\/#primaryimage","url":"https:\/\/exparto.pl\/wp-content\/uploads\/2024\/04\/22073900ceea998a72de916ddaacdcc8.jpg","contentUrl":"https:\/\/exparto.pl\/wp-content\/uploads\/2024\/04\/22073900ceea998a72de916ddaacdcc8.jpg","width":1200,"height":1200},{"@type":"BreadcrumbList","@id":"https:\/\/exparto.pl\/hu\/produkt\/dluto-do-pluga-vis-17-xl-unia-3-otworowe-prawe\/#breadcrumb","itemListElement":[{"@type":"ListItem","position":1,"name":"Honlap","item":"https:\/\/exparto.pl\/hu\/"},{"@type":"ListItem","position":2,"name":"Sklep","item":"https:\/\/exparto.pl\/sklep\/"},{"@type":"ListItem","position":3,"name":"Asz\u00faalkatr\u00e9szek","item":"https:\/\/exparto.pl\/hu\/termekkategoria\/aszualkatreszek\/"},{"@type":"ListItem","position":4,"name":"D\u0142uta do p\u0142uga","item":"https:\/\/exparto.pl\/kategoria-produktu\/czesci-do-plugow\/dluta-do-pluga\/"},{"@type":"ListItem","position":5,"name":"D\u0142uto do p\u0142uga VIS\/17 XL Unia 3-otworowe prawe"}]},{"@type":"WebSite","@id":"https:\/\/exparto.pl\/hu\/#website","url":"https:\/\/exparto.pl\/hu\/","name":"EXPARTO","description":"More than agro parts","publisher":{"@id":"https:\/\/exparto.pl\/hu\/#organization"},"potentialAction":[{"@type":"SearchAction","target":{"@type":"EntryPoint","urlTemplate":"https:\/\/exparto.pl\/hu\/?s={search_term_string}"},"query-input":{"@type":"PropertyValueSpecification","valueRequired":true,"valueName":"search_term_string"}}],"inLanguage":"hu"},{"@type":"Organization","@id":"https:\/\/exparto.pl\/hu\/#organization","name":"EXPARTO","url":"https:\/\/exparto.pl\/hu\/","logo":{"@type":"ImageObject","inLanguage":"hu","@id":"https:\/\/exparto.pl\/hu\/#\/schema\/logo\/image\/","url":"https:\/\/exparto.pl\/wp-content\/uploads\/2023\/02\/logo-wektor.png","contentUrl":"https:\/\/exparto.pl\/wp-content\/uploads\/2023\/02\/logo-wektor.png","width":1338,"height":143,"caption":"EXPARTO"},"image":{"@id":"https:\/\/exparto.pl\/hu\/#\/schema\/logo\/image\/"},"sameAs":["https:\/\/www.facebook.com\/exparto.agro\/"]}]}},"_links":{"self":[{"href":"https:\/\/exparto.pl\/hu\/wp-json\/wp\/v2\/product\/23923","targetHints":{"allow":["GET"]}}],"collection":[{"href":"https:\/\/exparto.pl\/hu\/wp-json\/wp\/v2\/product"}],"about":[{"href":"https:\/\/exparto.pl\/hu\/wp-json\/wp\/v2\/types\/product"}],"replies":[{"embeddable":true,"href":"https:\/\/exparto.pl\/hu\/wp-json\/wp\/v2\/comments?post=23923"}],"wp:featuredmedia":[{"embeddable":true,"href":"https:\/\/exparto.pl\/hu\/wp-json\/wp\/v2\/media\/23908"}],"wp:attachment":[{"href":"https:\/\/exparto.pl\/hu\/wp-json\/wp\/v2\/media?parent=23923"}],"wp:term":[{"taxonomy":"product_brand","embeddable":true,"href":"https:\/\/exparto.pl\/hu\/wp-json\/wp\/v2\/product_brand?post=23923"},{"taxonomy":"product_cat","embeddable":true,"href":"https:\/\/exparto.pl\/hu\/wp-json\/wp\/v2\/product_cat?post=23923"},{"taxonomy":"product_tag","embeddable":true,"href":"https:\/\/exparto.pl\/hu\/wp-json\/wp\/v2\/product_tag?post=23923"}],"curies":[{"name":"wp","href":"https:\/\/api.w.org\/{rel}","templated":true}]}}