{"id":23960,"date":"2024-04-05T15:32:16","date_gmt":"2024-04-05T13:32:16","guid":{"rendered":"https:\/\/exparto.pl\/produkt\/ploza-przednia-do-pluga-po740-xl-unia-prawa\/"},"modified":"2026-01-21T12:34:31","modified_gmt":"2026-01-21T11:34:31","slug":"ploza-przednia-do-pluga-po740-xl-unia-prawa","status":"publish","type":"product","link":"https:\/\/exparto.pl\/hu\/produkt\/ploza-przednia-do-pluga-po740-xl-unia-prawa\/","title":{"rendered":"P\u0142oza przednia do p\u0142uga PO740 XL Unia prawa"},"content":{"rendered":"<p><b>Zastosowanie<\/b><span style=\"font-weight: 400\">:<\/span><\/p>\n<ul>\n<li style=\"font-weight: 400\"><span style=\"font-weight: 400\">p\u0142ugi obrotowe UNIA IBIS<\/span><\/li>\n<\/ul>\n<p><b>Numer katalogowy<\/b><span style=\"font-weight: 400\">:\u00a0<\/span><\/p>\n<ul>\n<li style=\"font-weight: 400\"><span style=\"font-weight: 400\">1116710010<\/span><\/li>\n<\/ul>\n<p><b>Oferowana przez nas p\u0142oza przednia do p\u0142uga prawa pasuje do p\u0142ug\u00f3w obrotowych producenta UNIA IBIS<\/b><span style=\"font-weight: 400\">. Cz\u0119\u015b\u0107 ta powstaje z wysokiej jako\u015bci materia\u0142\u00f3w, dzi\u0119ki czemu doskonale sprawdza si\u0119 w pracy w polu. Zapoznaj si\u0119 z jej specyfikacj\u0105 techniczn\u0105 oraz skorzystaj z naszej oferty.<\/span><\/p>\n<h2><span style=\"font-weight: 400\">P\u0142oza do p\u0142uga \u2013 przednia prawa \u2013 Unia Grudzi\u0105dz<\/span><\/h2>\n<p><b>P\u0142oza p\u0142uga Unii Grudzi\u0105dz to element eksploatacyjny, kt\u00f3ry bierze bezpo\u015bredni udzia\u0142 w kruszeniu i ci\u0119ciu ziemi<\/b><span style=\"font-weight: 400\">. Dzi\u0119ki temu mo\u017cliwe jest jeszcze lepsze przygotowanie stanowiska pod planowan\u0105 upraw\u0119. Ze wzgl\u0119du na intensywne u\u017cytkowanie oraz kontakt cz\u0119\u015bci z gleb\u0105, jest ona nara\u017cona na uszkodzenia mechaniczne i \u015bcieranie. <\/span><b>Dobr\u0105 praktyk\u0105 rolnika jest monitorowanie stanu technicznego sprz\u0119tu oraz jego konserwacja<\/b><span style=\"font-weight: 400\">. Ta wi\u0105\u017ce si\u0119 m.in. z okresow\u0105 wymian\u0105 p\u0142ozy do p\u0142uga Unii Grudzi\u0105dz.\u00a0<\/span><\/p>\n<p><span style=\"font-weight: 400\">W EXPARTO przygotowali\u015bmy dla Ciebie dedykowan\u0105 ofert\u0119. <\/span><b>Obejmuje ona wysokiej jako\u015bci p\u0142oz\u0119 przedni\u0105 praw\u0105, kt\u00f3ra idealnie pasuje do p\u0142ug\u00f3w obrotowych Unia<\/b><span style=\"font-weight: 400\">. Spe\u0142nia najwy\u017csze standardy w zakresie wytrzyma\u0142o\u015bci eksploatacyjnej i charakteryzuje si\u0119 wyd\u0142u\u017con\u0105 \u017cywotno\u015bci\u0105. <\/span><b>Proponowana przez nas p\u0142oza powstaje ze stali borowej o podwy\u017cszonej twardo\u015bci. Wa\u017cy 3,5 kilograma, dzi\u0119ki czemu jest prosta w monta\u017cu<\/b><span style=\"font-weight: 400\">. Wybieraj\u0105c nasze produkty, zapewniasz sobie niezawodne cz\u0119\u015bci rolnicze i dbasz o bezpieczn\u0105 i wydajn\u0105 prac\u0119 w gospodarstwie rolnym. Zapraszamy do zakup\u00f3w p\u0142ozy do p\u0142uga Unia w EXPARTO.\u00a0<\/span><\/p>\n","protected":false},"excerpt":{"rendered":"<p style=\"text-align: justify\">P\u0142oza przednia prawa<\/p>\n","protected":false},"featured_media":23929,"comment_status":"open","ping_status":"closed","template":"","meta":{"_acf_changed":false,"inline_featured_image":false},"product_brand":[],"product_cat":[765,781,939],"product_tag":[],"class_list":{"0":"post-23960","1":"product","2":"type-product","3":"status-publish","4":"has-post-thumbnail","6":"product_cat-czesci-do-plugow","7":"product_cat-plozy-do-pluga","8":"product_cat-plozy-prawe","10":"first","11":"instock","12":"taxable","13":"shipping-taxable","14":"purchasable","15":"product-type-simple"},"acf":[],"yoast_head":"<!-- This site is optimized with the Yoast SEO plugin v27.2 - https:\/\/yoast.com\/product\/yoast-seo-wordpress\/ -->\n<title>P\u0142oza przednia do p\u0142uga PO740 XL Unia prawa - Exparto.pl<\/title>\n<meta name=\"robots\" content=\"index, follow, max-snippet:-1, max-image-preview:large, max-video-preview:-1\" \/>\n<link rel=\"canonical\" href=\"https:\/\/exparto.pl\/hu\/produkt\/ploza-przednia-do-pluga-po740-xl-unia-prawa\/\" \/>\n<meta property=\"og:locale\" content=\"hu_HU\" \/>\n<meta property=\"og:type\" content=\"article\" \/>\n<meta property=\"og:title\" content=\"P\u0142oza przednia do p\u0142uga PO740 XL Unia prawa - Exparto.pl\" \/>\n<meta property=\"og:description\" content=\"P\u0142oza przednia prawa\" \/>\n<meta property=\"og:url\" content=\"https:\/\/exparto.pl\/hu\/produkt\/ploza-przednia-do-pluga-po740-xl-unia-prawa\/\" \/>\n<meta property=\"og:site_name\" content=\"Exparto.pl\" \/>\n<meta property=\"article:publisher\" content=\"https:\/\/www.facebook.com\/exparto.agro\/\" \/>\n<meta property=\"article:modified_time\" content=\"2026-01-21T11:34:31+00:00\" \/>\n<meta property=\"og:image\" content=\"https:\/\/exparto.pl\/wp-content\/uploads\/2024\/04\/a3fd948f196650d2954e02b05ffbb5a8.jpg\" \/>\n\t<meta property=\"og:image:width\" content=\"1200\" \/>\n\t<meta property=\"og:image:height\" content=\"1200\" \/>\n\t<meta property=\"og:image:type\" content=\"image\/jpeg\" \/>\n<meta name=\"twitter:card\" content=\"summary_large_image\" \/>\n<meta name=\"twitter:label1\" content=\"Becs\u00fclt olvas\u00e1si id\u0151\" \/>\n\t<meta name=\"twitter:data1\" content=\"2 perc\" \/>\n<script type=\"application\/ld+json\" class=\"yoast-schema-graph\">{\"@context\":\"https:\/\/schema.org\",\"@graph\":[{\"@type\":\"WebPage\",\"@id\":\"https:\/\/exparto.pl\/hu\/produkt\/ploza-przednia-do-pluga-po740-xl-unia-prawa\/\",\"url\":\"https:\/\/exparto.pl\/hu\/produkt\/ploza-przednia-do-pluga-po740-xl-unia-prawa\/\",\"name\":\"P\u0142oza przednia do p\u0142uga PO740 XL Unia prawa - Exparto.pl\",\"isPartOf\":{\"@id\":\"https:\/\/exparto.pl\/hu\/#website\"},\"primaryImageOfPage\":{\"@id\":\"https:\/\/exparto.pl\/hu\/produkt\/ploza-przednia-do-pluga-po740-xl-unia-prawa\/#primaryimage\"},\"image\":{\"@id\":\"https:\/\/exparto.pl\/hu\/produkt\/ploza-przednia-do-pluga-po740-xl-unia-prawa\/#primaryimage\"},\"thumbnailUrl\":\"https:\/\/exparto.pl\/wp-content\/uploads\/2024\/04\/a3fd948f196650d2954e02b05ffbb5a8.jpg\",\"datePublished\":\"2024-04-05T13:32:16+00:00\",\"dateModified\":\"2026-01-21T11:34:31+00:00\",\"breadcrumb\":{\"@id\":\"https:\/\/exparto.pl\/hu\/produkt\/ploza-przednia-do-pluga-po740-xl-unia-prawa\/#breadcrumb\"},\"inLanguage\":\"hu\",\"potentialAction\":[{\"@type\":\"ReadAction\",\"target\":[\"https:\/\/exparto.pl\/hu\/produkt\/ploza-przednia-do-pluga-po740-xl-unia-prawa\/\"]}]},{\"@type\":\"ImageObject\",\"inLanguage\":\"hu\",\"@id\":\"https:\/\/exparto.pl\/hu\/produkt\/ploza-przednia-do-pluga-po740-xl-unia-prawa\/#primaryimage\",\"url\":\"https:\/\/exparto.pl\/wp-content\/uploads\/2024\/04\/a3fd948f196650d2954e02b05ffbb5a8.jpg\",\"contentUrl\":\"https:\/\/exparto.pl\/wp-content\/uploads\/2024\/04\/a3fd948f196650d2954e02b05ffbb5a8.jpg\",\"width\":1200,\"height\":1200},{\"@type\":\"BreadcrumbList\",\"@id\":\"https:\/\/exparto.pl\/hu\/produkt\/ploza-przednia-do-pluga-po740-xl-unia-prawa\/#breadcrumb\",\"itemListElement\":[{\"@type\":\"ListItem\",\"position\":1,\"name\":\"Honlap\",\"item\":\"https:\/\/exparto.pl\/hu\/\"},{\"@type\":\"ListItem\",\"position\":2,\"name\":\"Sklep\",\"item\":\"https:\/\/exparto.pl\/sklep\/\"},{\"@type\":\"ListItem\",\"position\":3,\"name\":\"Asz\u00faalkatr\u00e9szek\",\"item\":\"https:\/\/exparto.pl\/hu\/termekkategoria\/aszualkatreszek\/\"},{\"@type\":\"ListItem\",\"position\":4,\"name\":\"Eke cs\u00faszk\u00e1k\",\"item\":\"https:\/\/exparto.pl\/hu\/termekkategoria\/aszualkatreszek\/eke-csuszkak\/\"},{\"@type\":\"ListItem\",\"position\":5,\"name\":\"P\u0142oza przednia do p\u0142uga PO740 XL Unia prawa\"}]},{\"@type\":\"WebSite\",\"@id\":\"https:\/\/exparto.pl\/hu\/#website\",\"url\":\"https:\/\/exparto.pl\/hu\/\",\"name\":\"EXPARTO\",\"description\":\"More than agro parts\",\"publisher\":{\"@id\":\"https:\/\/exparto.pl\/hu\/#organization\"},\"potentialAction\":[{\"@type\":\"SearchAction\",\"target\":{\"@type\":\"EntryPoint\",\"urlTemplate\":\"https:\/\/exparto.pl\/hu\/?s={search_term_string}\"},\"query-input\":{\"@type\":\"PropertyValueSpecification\",\"valueRequired\":true,\"valueName\":\"search_term_string\"}}],\"inLanguage\":\"hu\"},{\"@type\":\"Organization\",\"@id\":\"https:\/\/exparto.pl\/hu\/#organization\",\"name\":\"EXPARTO\",\"url\":\"https:\/\/exparto.pl\/hu\/\",\"logo\":{\"@type\":\"ImageObject\",\"inLanguage\":\"hu\",\"@id\":\"https:\/\/exparto.pl\/hu\/#\/schema\/logo\/image\/\",\"url\":\"https:\/\/exparto.pl\/wp-content\/uploads\/2023\/02\/logo-wektor.png\",\"contentUrl\":\"https:\/\/exparto.pl\/wp-content\/uploads\/2023\/02\/logo-wektor.png\",\"width\":1338,\"height\":143,\"caption\":\"EXPARTO\"},\"image\":{\"@id\":\"https:\/\/exparto.pl\/hu\/#\/schema\/logo\/image\/\"},\"sameAs\":[\"https:\/\/www.facebook.com\/exparto.agro\/\"]}]}<\/script>\n<!-- \/ Yoast SEO plugin. -->","yoast_head_json":{"title":"P\u0142oza przednia do p\u0142uga PO740 XL Unia prawa - Exparto.pl","robots":{"index":"index","follow":"follow","max-snippet":"max-snippet:-1","max-image-preview":"max-image-preview:large","max-video-preview":"max-video-preview:-1"},"canonical":"https:\/\/exparto.pl\/hu\/produkt\/ploza-przednia-do-pluga-po740-xl-unia-prawa\/","og_locale":"hu_HU","og_type":"article","og_title":"P\u0142oza przednia do p\u0142uga PO740 XL Unia prawa - Exparto.pl","og_description":"P\u0142oza przednia prawa","og_url":"https:\/\/exparto.pl\/hu\/produkt\/ploza-przednia-do-pluga-po740-xl-unia-prawa\/","og_site_name":"Exparto.pl","article_publisher":"https:\/\/www.facebook.com\/exparto.agro\/","article_modified_time":"2026-01-21T11:34:31+00:00","og_image":[{"width":1200,"height":1200,"url":"https:\/\/exparto.pl\/wp-content\/uploads\/2024\/04\/a3fd948f196650d2954e02b05ffbb5a8.jpg","type":"image\/jpeg"}],"twitter_card":"summary_large_image","twitter_misc":{"Becs\u00fclt olvas\u00e1si id\u0151":"2 perc"},"schema":{"@context":"https:\/\/schema.org","@graph":[{"@type":"WebPage","@id":"https:\/\/exparto.pl\/hu\/produkt\/ploza-przednia-do-pluga-po740-xl-unia-prawa\/","url":"https:\/\/exparto.pl\/hu\/produkt\/ploza-przednia-do-pluga-po740-xl-unia-prawa\/","name":"P\u0142oza przednia do p\u0142uga PO740 XL Unia prawa - Exparto.pl","isPartOf":{"@id":"https:\/\/exparto.pl\/hu\/#website"},"primaryImageOfPage":{"@id":"https:\/\/exparto.pl\/hu\/produkt\/ploza-przednia-do-pluga-po740-xl-unia-prawa\/#primaryimage"},"image":{"@id":"https:\/\/exparto.pl\/hu\/produkt\/ploza-przednia-do-pluga-po740-xl-unia-prawa\/#primaryimage"},"thumbnailUrl":"https:\/\/exparto.pl\/wp-content\/uploads\/2024\/04\/a3fd948f196650d2954e02b05ffbb5a8.jpg","datePublished":"2024-04-05T13:32:16+00:00","dateModified":"2026-01-21T11:34:31+00:00","breadcrumb":{"@id":"https:\/\/exparto.pl\/hu\/produkt\/ploza-przednia-do-pluga-po740-xl-unia-prawa\/#breadcrumb"},"inLanguage":"hu","potentialAction":[{"@type":"ReadAction","target":["https:\/\/exparto.pl\/hu\/produkt\/ploza-przednia-do-pluga-po740-xl-unia-prawa\/"]}]},{"@type":"ImageObject","inLanguage":"hu","@id":"https:\/\/exparto.pl\/hu\/produkt\/ploza-przednia-do-pluga-po740-xl-unia-prawa\/#primaryimage","url":"https:\/\/exparto.pl\/wp-content\/uploads\/2024\/04\/a3fd948f196650d2954e02b05ffbb5a8.jpg","contentUrl":"https:\/\/exparto.pl\/wp-content\/uploads\/2024\/04\/a3fd948f196650d2954e02b05ffbb5a8.jpg","width":1200,"height":1200},{"@type":"BreadcrumbList","@id":"https:\/\/exparto.pl\/hu\/produkt\/ploza-przednia-do-pluga-po740-xl-unia-prawa\/#breadcrumb","itemListElement":[{"@type":"ListItem","position":1,"name":"Honlap","item":"https:\/\/exparto.pl\/hu\/"},{"@type":"ListItem","position":2,"name":"Sklep","item":"https:\/\/exparto.pl\/sklep\/"},{"@type":"ListItem","position":3,"name":"Asz\u00faalkatr\u00e9szek","item":"https:\/\/exparto.pl\/hu\/termekkategoria\/aszualkatreszek\/"},{"@type":"ListItem","position":4,"name":"Eke cs\u00faszk\u00e1k","item":"https:\/\/exparto.pl\/hu\/termekkategoria\/aszualkatreszek\/eke-csuszkak\/"},{"@type":"ListItem","position":5,"name":"P\u0142oza przednia do p\u0142uga PO740 XL Unia prawa"}]},{"@type":"WebSite","@id":"https:\/\/exparto.pl\/hu\/#website","url":"https:\/\/exparto.pl\/hu\/","name":"EXPARTO","description":"More than agro parts","publisher":{"@id":"https:\/\/exparto.pl\/hu\/#organization"},"potentialAction":[{"@type":"SearchAction","target":{"@type":"EntryPoint","urlTemplate":"https:\/\/exparto.pl\/hu\/?s={search_term_string}"},"query-input":{"@type":"PropertyValueSpecification","valueRequired":true,"valueName":"search_term_string"}}],"inLanguage":"hu"},{"@type":"Organization","@id":"https:\/\/exparto.pl\/hu\/#organization","name":"EXPARTO","url":"https:\/\/exparto.pl\/hu\/","logo":{"@type":"ImageObject","inLanguage":"hu","@id":"https:\/\/exparto.pl\/hu\/#\/schema\/logo\/image\/","url":"https:\/\/exparto.pl\/wp-content\/uploads\/2023\/02\/logo-wektor.png","contentUrl":"https:\/\/exparto.pl\/wp-content\/uploads\/2023\/02\/logo-wektor.png","width":1338,"height":143,"caption":"EXPARTO"},"image":{"@id":"https:\/\/exparto.pl\/hu\/#\/schema\/logo\/image\/"},"sameAs":["https:\/\/www.facebook.com\/exparto.agro\/"]}]}},"_links":{"self":[{"href":"https:\/\/exparto.pl\/hu\/wp-json\/wp\/v2\/product\/23960","targetHints":{"allow":["GET"]}}],"collection":[{"href":"https:\/\/exparto.pl\/hu\/wp-json\/wp\/v2\/product"}],"about":[{"href":"https:\/\/exparto.pl\/hu\/wp-json\/wp\/v2\/types\/product"}],"replies":[{"embeddable":true,"href":"https:\/\/exparto.pl\/hu\/wp-json\/wp\/v2\/comments?post=23960"}],"wp:featuredmedia":[{"embeddable":true,"href":"https:\/\/exparto.pl\/hu\/wp-json\/wp\/v2\/media\/23929"}],"wp:attachment":[{"href":"https:\/\/exparto.pl\/hu\/wp-json\/wp\/v2\/media?parent=23960"}],"wp:term":[{"taxonomy":"product_brand","embeddable":true,"href":"https:\/\/exparto.pl\/hu\/wp-json\/wp\/v2\/product_brand?post=23960"},{"taxonomy":"product_cat","embeddable":true,"href":"https:\/\/exparto.pl\/hu\/wp-json\/wp\/v2\/product_cat?post=23960"},{"taxonomy":"product_tag","embeddable":true,"href":"https:\/\/exparto.pl\/hu\/wp-json\/wp\/v2\/product_tag?post=23960"}],"curies":[{"name":"wp","href":"https:\/\/api.w.org\/{rel}","templated":true}]}}