{"id":24233,"date":"2024-04-05T15:43:22","date_gmt":"2024-04-05T13:43:22","guid":{"rendered":"https:\/\/exparto.pl\/produkt\/lemiesz-agregatu-scierniskowego-wygiety-dlugi-lemken-smaragd-prawy\/"},"modified":"2026-03-24T12:21:18","modified_gmt":"2026-03-24T11:21:18","slug":"lemiesz-agregatu-scierniskowego-wygiety-dlugi-lemken-smaragd-prawy","status":"publish","type":"product","link":"https:\/\/exparto.pl\/hu\/produkt\/lemiesz-agregatu-scierniskowego-wygiety-dlugi-lemken-smaragd-prawy\/","title":{"rendered":"Lemiesz agregatu \u015bcierniskowego wygi\u0119ty d\u0142ugi Lemken Smaragd prawy"},"content":{"rendered":"<p><p style=\"text-align: justify;\">Lemiesz prawy z wykonany ze stali borowej &#8211; twardo\u015b\u0107 43-50HRC<\/p>\n<p><b>Zastosowanie<\/b><span style=\"font-weight: 400;\">:<\/span><\/p>\n<ul>\n<li style=\"font-weight: 400;\" aria-level=\"1\"><span style=\"font-weight: 400;\">agregat \u015bcierniskowy i podorywkowy Lemken Smaragd, Mandam, Kongskilde, Agromasz, Expom<\/span><\/li>\n<\/ul>\n<p><b>Numer katalogowy<\/b><span style=\"font-weight: 400;\">:\u00a0<\/span><\/p>\n<ul>\n<li style=\"font-weight: 400;\" aria-level=\"1\"><span style=\"font-weight: 400;\">3374420<\/span><\/li>\n<\/ul>\n<p><b>Oferowany przez nas lemiesz prawy to cz\u0119\u015b\u0107 pasuj\u0105ca do agregat\u00f3w \u015bcierniskowych i podorywkowych: Lemken Smaragd, Mandam, Kongskilde, Agromasz, Expom<\/b><span style=\"font-weight: 400;\">. Produkt ten powstaje z hartowanej stali borowej, dzi\u0119ki czemu jest wytrzyma\u0142y i odporny na \u015bcieranie. Doskonale sprawdza si\u0119 w trakcie intensywnych prac w polu. Zapraszamy do zapoznania si\u0119 z jego charakterystyk\u0105.<\/span><\/p>\n<h2><span style=\"font-weight: 400;\">Lemiesz prawy, wygi\u0119ty, d\u0142ugi do agregatu \u015bcierniskowego \u2013 Lemken Smaragd, Mandam, Kongskilde, Agromasz, Expom<\/span><\/h2>\n<p><b>Lemiesz do agregatu \u015bcierniskowego to cz\u0119\u015b\u0107, kt\u00f3ra bierze czynny udzia\u0142 w procesie zrywania wierzchniej warstwy gleby i jej odwracania<\/b><span style=\"font-weight: 400;\">. Odpowiada za mieszanie \u015bcierniska z gleb\u0105, kruszenie ziemi oraz jej spulchnianie. Prace tego typu wykonuje si\u0119 w celu przygotowania pod\u0142o\u017ce pod kolejny siew. Specyfika ich pracy sprawia, \u017ce cz\u0119\u015bci do agregatu \u015bcierniskowego powinny charakteryzowa\u0107 si\u0119 wysok\u0105 wytrzyma\u0142o\u015bci\u0105 eksploatacyjn\u0105 i wysok\u0105 niezawodno\u015bci\u0105.\u00a0<\/span><\/p>\n<p><span style=\"font-weight: 400;\">W EXPARTO du\u017c\u0105 wag\u0119 przyk\u0142adamy do tego, aby ka\u017cdy pojedynczy element z naszego asortymentu spe\u0142nia\u0142 najwy\u017csze standardy rynkowe. <\/span><b>Lemiesz wygi\u0119ty, d\u0142uto do agregat\u00f3w \u015bcierniskowych i podorywkowych powstaje z hartowanej stali borowej<\/b><span style=\"font-weight: 400;\">. Dzi\u0119ki temu bardzo dobrze sprawdza si\u0119 w codziennej pracy, zachowuj\u0105c ostro\u015b\u0107, co jest kluczowe dla prawid\u0142owego przebiegu ca\u0142ego procesu. Chcesz zagwarantowa\u0107 sobie spokojn\u0105 i wydajn\u0105 prac\u0119 w polu? <\/span><b>Zach\u0119camy do skorzystania z naszej oferty oraz do zakupu lemiesza prawego w EXPARTO<\/b><span style=\"font-weight: 400;\">.\u00a0<\/span><\/p>\n","protected":false},"excerpt":{"rendered":"<p style=\"text-align: justify;\">Lemiesz d\u0142ugi prawy<\/p>\n","protected":false},"featured_media":24211,"comment_status":"open","ping_status":"closed","template":"","meta":{"_acf_changed":false,"inline_featured_image":false},"product_brand":[],"product_cat":[773],"product_tag":[],"class_list":{"0":"post-24233","1":"product","2":"type-product","3":"status-publish","4":"has-post-thumbnail","6":"product_cat-czesci-do-agregatu-scierniskowego","8":"first","9":"instock","10":"taxable","11":"shipping-taxable","12":"purchasable","13":"product-type-simple"},"acf":[],"yoast_head":"<!-- This site is optimized with the Yoast SEO plugin v27.3 - https:\/\/yoast.com\/product\/yoast-seo-wordpress\/ -->\n<title>Lemiesz agregatu \u015bcierniskowego wygi\u0119ty d\u0142ugi Lemken Smaragd prawy - Exparto.pl<\/title>\n<meta name=\"robots\" content=\"index, follow, max-snippet:-1, max-image-preview:large, max-video-preview:-1\" \/>\n<link rel=\"canonical\" href=\"https:\/\/exparto.pl\/hu\/produkt\/lemiesz-agregatu-scierniskowego-wygiety-dlugi-lemken-smaragd-prawy\/\" \/>\n<meta property=\"og:locale\" content=\"hu_HU\" \/>\n<meta property=\"og:type\" content=\"article\" \/>\n<meta property=\"og:title\" content=\"Lemiesz agregatu \u015bcierniskowego wygi\u0119ty d\u0142ugi Lemken Smaragd prawy - Exparto.pl\" \/>\n<meta property=\"og:description\" content=\"Lemiesz d\u0142ugi prawy\" \/>\n<meta property=\"og:url\" content=\"https:\/\/exparto.pl\/hu\/produkt\/lemiesz-agregatu-scierniskowego-wygiety-dlugi-lemken-smaragd-prawy\/\" \/>\n<meta property=\"og:site_name\" content=\"Exparto.pl\" \/>\n<meta property=\"article:publisher\" content=\"https:\/\/www.facebook.com\/exparto.agro\/\" \/>\n<meta property=\"article:modified_time\" content=\"2026-03-24T11:21:18+00:00\" \/>\n<meta property=\"og:image\" content=\"https:\/\/exparto.pl\/wp-content\/uploads\/2024\/04\/ee9bc5820fba358bb378bb744d534a46.jpg\" \/>\n\t<meta property=\"og:image:width\" content=\"1200\" \/>\n\t<meta property=\"og:image:height\" content=\"1200\" \/>\n\t<meta property=\"og:image:type\" content=\"image\/jpeg\" \/>\n<meta name=\"twitter:card\" content=\"summary_large_image\" \/>\n<meta name=\"twitter:label1\" content=\"Becs\u00fclt olvas\u00e1si id\u0151\" \/>\n\t<meta name=\"twitter:data1\" content=\"2 perc\" \/>\n<script type=\"application\/ld+json\" class=\"yoast-schema-graph\">{\"@context\":\"https:\\\/\\\/schema.org\",\"@graph\":[{\"@type\":\"WebPage\",\"@id\":\"https:\\\/\\\/exparto.pl\\\/hu\\\/produkt\\\/lemiesz-agregatu-scierniskowego-wygiety-dlugi-lemken-smaragd-prawy\\\/\",\"url\":\"https:\\\/\\\/exparto.pl\\\/hu\\\/produkt\\\/lemiesz-agregatu-scierniskowego-wygiety-dlugi-lemken-smaragd-prawy\\\/\",\"name\":\"Lemiesz agregatu \u015bcierniskowego wygi\u0119ty d\u0142ugi Lemken Smaragd prawy - Exparto.pl\",\"isPartOf\":{\"@id\":\"https:\\\/\\\/exparto.pl\\\/hu\\\/#website\"},\"primaryImageOfPage\":{\"@id\":\"https:\\\/\\\/exparto.pl\\\/hu\\\/produkt\\\/lemiesz-agregatu-scierniskowego-wygiety-dlugi-lemken-smaragd-prawy\\\/#primaryimage\"},\"image\":{\"@id\":\"https:\\\/\\\/exparto.pl\\\/hu\\\/produkt\\\/lemiesz-agregatu-scierniskowego-wygiety-dlugi-lemken-smaragd-prawy\\\/#primaryimage\"},\"thumbnailUrl\":\"https:\\\/\\\/exparto.pl\\\/wp-content\\\/uploads\\\/2024\\\/04\\\/ee9bc5820fba358bb378bb744d534a46.jpg\",\"datePublished\":\"2024-04-05T13:43:22+00:00\",\"dateModified\":\"2026-03-24T11:21:18+00:00\",\"breadcrumb\":{\"@id\":\"https:\\\/\\\/exparto.pl\\\/hu\\\/produkt\\\/lemiesz-agregatu-scierniskowego-wygiety-dlugi-lemken-smaragd-prawy\\\/#breadcrumb\"},\"inLanguage\":\"hu\",\"potentialAction\":[{\"@type\":\"ReadAction\",\"target\":[\"https:\\\/\\\/exparto.pl\\\/hu\\\/produkt\\\/lemiesz-agregatu-scierniskowego-wygiety-dlugi-lemken-smaragd-prawy\\\/\"]}]},{\"@type\":\"ImageObject\",\"inLanguage\":\"hu\",\"@id\":\"https:\\\/\\\/exparto.pl\\\/hu\\\/produkt\\\/lemiesz-agregatu-scierniskowego-wygiety-dlugi-lemken-smaragd-prawy\\\/#primaryimage\",\"url\":\"https:\\\/\\\/exparto.pl\\\/wp-content\\\/uploads\\\/2024\\\/04\\\/ee9bc5820fba358bb378bb744d534a46.jpg\",\"contentUrl\":\"https:\\\/\\\/exparto.pl\\\/wp-content\\\/uploads\\\/2024\\\/04\\\/ee9bc5820fba358bb378bb744d534a46.jpg\",\"width\":1200,\"height\":1200},{\"@type\":\"BreadcrumbList\",\"@id\":\"https:\\\/\\\/exparto.pl\\\/hu\\\/produkt\\\/lemiesz-agregatu-scierniskowego-wygiety-dlugi-lemken-smaragd-prawy\\\/#breadcrumb\",\"itemListElement\":[{\"@type\":\"ListItem\",\"position\":1,\"name\":\"Honlap\",\"item\":\"https:\\\/\\\/exparto.pl\\\/hu\\\/\"},{\"@type\":\"ListItem\",\"position\":2,\"name\":\"Sklep\",\"item\":\"https:\\\/\\\/exparto.pl\\\/sklep\\\/\"},{\"@type\":\"ListItem\",\"position\":3,\"name\":\"Alkatr\u00e9szek a kasz\u00e1l\u00f3egys\u00e9ghez\",\"item\":\"https:\\\/\\\/exparto.pl\\\/hu\\\/termekkategoria\\\/alkatreszek-a-kaszaloegyseghez\\\/\"},{\"@type\":\"ListItem\",\"position\":4,\"name\":\"Lemiesz agregatu \u015bcierniskowego wygi\u0119ty d\u0142ugi Lemken Smaragd prawy\"}]},{\"@type\":\"WebSite\",\"@id\":\"https:\\\/\\\/exparto.pl\\\/hu\\\/#website\",\"url\":\"https:\\\/\\\/exparto.pl\\\/hu\\\/\",\"name\":\"EXPARTO\",\"description\":\"More than agro parts\",\"publisher\":{\"@id\":\"https:\\\/\\\/exparto.pl\\\/hu\\\/#organization\"},\"potentialAction\":[{\"@type\":\"SearchAction\",\"target\":{\"@type\":\"EntryPoint\",\"urlTemplate\":\"https:\\\/\\\/exparto.pl\\\/hu\\\/?s={search_term_string}\"},\"query-input\":{\"@type\":\"PropertyValueSpecification\",\"valueRequired\":true,\"valueName\":\"search_term_string\"}}],\"inLanguage\":\"hu\"},{\"@type\":\"Organization\",\"@id\":\"https:\\\/\\\/exparto.pl\\\/hu\\\/#organization\",\"name\":\"EXPARTO\",\"url\":\"https:\\\/\\\/exparto.pl\\\/hu\\\/\",\"logo\":{\"@type\":\"ImageObject\",\"inLanguage\":\"hu\",\"@id\":\"https:\\\/\\\/exparto.pl\\\/hu\\\/#\\\/schema\\\/logo\\\/image\\\/\",\"url\":\"https:\\\/\\\/exparto.pl\\\/wp-content\\\/uploads\\\/2023\\\/02\\\/logo-wektor.png\",\"contentUrl\":\"https:\\\/\\\/exparto.pl\\\/wp-content\\\/uploads\\\/2023\\\/02\\\/logo-wektor.png\",\"width\":1338,\"height\":143,\"caption\":\"EXPARTO\"},\"image\":{\"@id\":\"https:\\\/\\\/exparto.pl\\\/hu\\\/#\\\/schema\\\/logo\\\/image\\\/\"},\"sameAs\":[\"https:\\\/\\\/www.facebook.com\\\/exparto.agro\\\/\"]}]}<\/script>\n<!-- \/ Yoast SEO plugin. -->","yoast_head_json":{"title":"Lemiesz agregatu \u015bcierniskowego wygi\u0119ty d\u0142ugi Lemken Smaragd prawy - Exparto.pl","robots":{"index":"index","follow":"follow","max-snippet":"max-snippet:-1","max-image-preview":"max-image-preview:large","max-video-preview":"max-video-preview:-1"},"canonical":"https:\/\/exparto.pl\/hu\/produkt\/lemiesz-agregatu-scierniskowego-wygiety-dlugi-lemken-smaragd-prawy\/","og_locale":"hu_HU","og_type":"article","og_title":"Lemiesz agregatu \u015bcierniskowego wygi\u0119ty d\u0142ugi Lemken Smaragd prawy - Exparto.pl","og_description":"Lemiesz d\u0142ugi prawy","og_url":"https:\/\/exparto.pl\/hu\/produkt\/lemiesz-agregatu-scierniskowego-wygiety-dlugi-lemken-smaragd-prawy\/","og_site_name":"Exparto.pl","article_publisher":"https:\/\/www.facebook.com\/exparto.agro\/","article_modified_time":"2026-03-24T11:21:18+00:00","og_image":[{"width":1200,"height":1200,"url":"https:\/\/exparto.pl\/wp-content\/uploads\/2024\/04\/ee9bc5820fba358bb378bb744d534a46.jpg","type":"image\/jpeg"}],"twitter_card":"summary_large_image","twitter_misc":{"Becs\u00fclt olvas\u00e1si id\u0151":"2 perc"},"schema":{"@context":"https:\/\/schema.org","@graph":[{"@type":"WebPage","@id":"https:\/\/exparto.pl\/hu\/produkt\/lemiesz-agregatu-scierniskowego-wygiety-dlugi-lemken-smaragd-prawy\/","url":"https:\/\/exparto.pl\/hu\/produkt\/lemiesz-agregatu-scierniskowego-wygiety-dlugi-lemken-smaragd-prawy\/","name":"Lemiesz agregatu \u015bcierniskowego wygi\u0119ty d\u0142ugi Lemken Smaragd prawy - Exparto.pl","isPartOf":{"@id":"https:\/\/exparto.pl\/hu\/#website"},"primaryImageOfPage":{"@id":"https:\/\/exparto.pl\/hu\/produkt\/lemiesz-agregatu-scierniskowego-wygiety-dlugi-lemken-smaragd-prawy\/#primaryimage"},"image":{"@id":"https:\/\/exparto.pl\/hu\/produkt\/lemiesz-agregatu-scierniskowego-wygiety-dlugi-lemken-smaragd-prawy\/#primaryimage"},"thumbnailUrl":"https:\/\/exparto.pl\/wp-content\/uploads\/2024\/04\/ee9bc5820fba358bb378bb744d534a46.jpg","datePublished":"2024-04-05T13:43:22+00:00","dateModified":"2026-03-24T11:21:18+00:00","breadcrumb":{"@id":"https:\/\/exparto.pl\/hu\/produkt\/lemiesz-agregatu-scierniskowego-wygiety-dlugi-lemken-smaragd-prawy\/#breadcrumb"},"inLanguage":"hu","potentialAction":[{"@type":"ReadAction","target":["https:\/\/exparto.pl\/hu\/produkt\/lemiesz-agregatu-scierniskowego-wygiety-dlugi-lemken-smaragd-prawy\/"]}]},{"@type":"ImageObject","inLanguage":"hu","@id":"https:\/\/exparto.pl\/hu\/produkt\/lemiesz-agregatu-scierniskowego-wygiety-dlugi-lemken-smaragd-prawy\/#primaryimage","url":"https:\/\/exparto.pl\/wp-content\/uploads\/2024\/04\/ee9bc5820fba358bb378bb744d534a46.jpg","contentUrl":"https:\/\/exparto.pl\/wp-content\/uploads\/2024\/04\/ee9bc5820fba358bb378bb744d534a46.jpg","width":1200,"height":1200},{"@type":"BreadcrumbList","@id":"https:\/\/exparto.pl\/hu\/produkt\/lemiesz-agregatu-scierniskowego-wygiety-dlugi-lemken-smaragd-prawy\/#breadcrumb","itemListElement":[{"@type":"ListItem","position":1,"name":"Honlap","item":"https:\/\/exparto.pl\/hu\/"},{"@type":"ListItem","position":2,"name":"Sklep","item":"https:\/\/exparto.pl\/sklep\/"},{"@type":"ListItem","position":3,"name":"Alkatr\u00e9szek a kasz\u00e1l\u00f3egys\u00e9ghez","item":"https:\/\/exparto.pl\/hu\/termekkategoria\/alkatreszek-a-kaszaloegyseghez\/"},{"@type":"ListItem","position":4,"name":"Lemiesz agregatu \u015bcierniskowego wygi\u0119ty d\u0142ugi Lemken Smaragd prawy"}]},{"@type":"WebSite","@id":"https:\/\/exparto.pl\/hu\/#website","url":"https:\/\/exparto.pl\/hu\/","name":"EXPARTO","description":"More than agro parts","publisher":{"@id":"https:\/\/exparto.pl\/hu\/#organization"},"potentialAction":[{"@type":"SearchAction","target":{"@type":"EntryPoint","urlTemplate":"https:\/\/exparto.pl\/hu\/?s={search_term_string}"},"query-input":{"@type":"PropertyValueSpecification","valueRequired":true,"valueName":"search_term_string"}}],"inLanguage":"hu"},{"@type":"Organization","@id":"https:\/\/exparto.pl\/hu\/#organization","name":"EXPARTO","url":"https:\/\/exparto.pl\/hu\/","logo":{"@type":"ImageObject","inLanguage":"hu","@id":"https:\/\/exparto.pl\/hu\/#\/schema\/logo\/image\/","url":"https:\/\/exparto.pl\/wp-content\/uploads\/2023\/02\/logo-wektor.png","contentUrl":"https:\/\/exparto.pl\/wp-content\/uploads\/2023\/02\/logo-wektor.png","width":1338,"height":143,"caption":"EXPARTO"},"image":{"@id":"https:\/\/exparto.pl\/hu\/#\/schema\/logo\/image\/"},"sameAs":["https:\/\/www.facebook.com\/exparto.agro\/"]}]}},"_links":{"self":[{"href":"https:\/\/exparto.pl\/hu\/wp-json\/wp\/v2\/product\/24233","targetHints":{"allow":["GET"]}}],"collection":[{"href":"https:\/\/exparto.pl\/hu\/wp-json\/wp\/v2\/product"}],"about":[{"href":"https:\/\/exparto.pl\/hu\/wp-json\/wp\/v2\/types\/product"}],"replies":[{"embeddable":true,"href":"https:\/\/exparto.pl\/hu\/wp-json\/wp\/v2\/comments?post=24233"}],"wp:featuredmedia":[{"embeddable":true,"href":"https:\/\/exparto.pl\/hu\/wp-json\/wp\/v2\/media\/24211"}],"wp:attachment":[{"href":"https:\/\/exparto.pl\/hu\/wp-json\/wp\/v2\/media?parent=24233"}],"wp:term":[{"taxonomy":"product_brand","embeddable":true,"href":"https:\/\/exparto.pl\/hu\/wp-json\/wp\/v2\/product_brand?post=24233"},{"taxonomy":"product_cat","embeddable":true,"href":"https:\/\/exparto.pl\/hu\/wp-json\/wp\/v2\/product_cat?post=24233"},{"taxonomy":"product_tag","embeddable":true,"href":"https:\/\/exparto.pl\/hu\/wp-json\/wp\/v2\/product_tag?post=24233"}],"curies":[{"name":"wp","href":"https:\/\/api.w.org\/{rel}","templated":true}]}}