{"id":24293,"date":"2024-04-05T15:47:06","date_gmt":"2024-04-05T13:47:06","guid":{"rendered":"https:\/\/exparto.pl\/produkt\/ploza-do-pluga-krotka-obracalna-kverneland\/"},"modified":"2026-03-30T09:30:45","modified_gmt":"2026-03-30T07:30:45","slug":"ploza-do-pluga-krotka-obracalna-kverneland","status":"publish","type":"product","link":"https:\/\/exparto.pl\/hu\/produkt\/ploza-do-pluga-krotka-obracalna-kverneland\/","title":{"rendered":"P\u0142oza do p\u0142uga kr\u00f3tka obracalna Kverneland"},"content":{"rendered":"<p><b>Zastosowanie<\/b><span style=\"font-weight: 400\">:<\/span><\/p>\n<ul>\n<li style=\"font-weight: 400\"><span style=\"font-weight: 400\">p\u0142ugi zagonowe i obrotowe Kverneland<\/span><\/li>\n<\/ul>\n<p><b>Numer katalogowy<\/b><span style=\"font-weight: 400\">:\u00a0<\/span><\/p>\n<ul>\n<li style=\"font-weight: 400\"><span style=\"font-weight: 400\">073608<\/span><\/li>\n<\/ul>\n<p><b>Dost\u0119pna w EXPARTO p\u0142oza do p\u0142uga kr\u00f3tka obracalna pasuje do p\u0142ug\u00f3w zagonowych i obrotowych producenta Kverneland<\/b><span style=\"font-weight: 400\">. Oferujemy uniwersaln\u0105 cz\u0119\u015b\u0107, kt\u00f3ra mo\u017ce by\u0107 stosowane z lewej i prawej strony maszyny rolniczej. Zapoznaj si\u0119 z nasz\u0105 ofert\u0105 oraz skorzystaj z wysokiej jako\u015bci element\u00f3w do p\u0142ug\u00f3w Kverneland.<\/span><\/p>\n<h2><span style=\"font-weight: 400\">P\u0142oza do p\u0142uga \u2013 uniwersalna, kr\u00f3tka, obracalna \u2013 Kverneland<\/span><\/h2>\n<p><b>Jako\u015b\u0107 wykorzystywanych w maszynach rolniczych cz\u0119\u015bci wp\u0142ywa bezpo\u015brednio na komfort i bezpiecze\u0144stwo prowadzonych prac<\/b><span style=\"font-weight: 400\">. Wida\u0107 to na przyk\u0142adzie p\u0142ug\u00f3w rolniczych \u2013 podstawowych maszyn stosowanych w przygotowaniu stanowiska pod wysiew lub po przeprowadzeniu \u017cniw. <\/span><b>Elementem roboczym p\u0142uga jest p\u0142oza, kt\u00f3ra odpowiada z ci\u0119cie i kruszenie gleby<\/b><span style=\"font-weight: 400\">. Z czasem cz\u0119\u015b\u0107 ta ulega zniszczeniu, przez co wymaga regularnej wymiany.\u00a0<\/span><\/p>\n<p><b>Z my\u015bl\u0105 o potrzebach rolnik\u00f3w oferujemy wysokiej jako\u015bci uniwersalne p\u0142ozy p\u0142uga Kverneland w wersji kr\u00f3tkiej i obustronnej<\/b><span style=\"font-weight: 400\">. Model ten mo\u017ce by\u0107 wykorzystywany z lewej lub prawej strony maszyny rolniczej. Cz\u0119\u015b\u0107 powstaje z wytrzyma\u0142ej stali borowej o <\/span><b>podwy\u017cszonej twardo\u015bci<\/b><span style=\"font-weight: 400\">, dzi\u0119ki czemu wzrasta jej \u017cywotno\u015b\u0107. <\/span><span style=\"font-weight: 400\"><br \/>\n<\/span><span style=\"font-weight: 400\"><br \/>\n<\/span><span style=\"font-weight: 400\">W EXPARTO proponujemy dedykowane p\u0142ozy do p\u0142uga Kverneland z asortymentu producenta Agro-interstar. Zale\u017cy Ci na wydajnej i bezpiecznej pracy w polu? <\/span><b>Skorzystaj z naszej oferty i zapewnij sobie najwy\u017cszej jako\u015bci cz\u0119\u015bci do maszyn rolniczych<\/b><span style=\"font-weight: 400\">.\u00a0<\/span><\/p>\n","protected":false},"excerpt":{"rendered":"<p style=\"text-align: justify\">P\u0142oza kr\u00f3tka obracalna<\/p>\n","protected":false},"featured_media":24278,"comment_status":"open","ping_status":"closed","template":"","meta":{"_acf_changed":false,"inline_featured_image":false},"product_brand":[],"product_cat":[765,781,940],"product_tag":[],"class_list":{"0":"post-24293","1":"product","2":"type-product","3":"status-publish","4":"has-post-thumbnail","6":"product_cat-czesci-do-plugow","7":"product_cat-plozy-do-pluga","8":"product_cat-plozy-uniwersalne-prawe-lewe","10":"first","11":"instock","12":"taxable","13":"shipping-taxable","14":"purchasable","15":"product-type-simple"},"acf":[],"yoast_head":"<!-- This site is optimized with the Yoast SEO plugin v27.2 - https:\/\/yoast.com\/product\/yoast-seo-wordpress\/ -->\n<title>P\u0142oza do p\u0142uga kr\u00f3tka obracalna Kverneland - Exparto.pl<\/title>\n<meta name=\"robots\" content=\"index, follow, max-snippet:-1, max-image-preview:large, max-video-preview:-1\" \/>\n<link rel=\"canonical\" href=\"https:\/\/exparto.pl\/hu\/produkt\/ploza-do-pluga-krotka-obracalna-kverneland\/\" \/>\n<meta property=\"og:locale\" content=\"hu_HU\" \/>\n<meta property=\"og:type\" content=\"article\" \/>\n<meta property=\"og:title\" content=\"P\u0142oza do p\u0142uga kr\u00f3tka obracalna Kverneland - Exparto.pl\" \/>\n<meta property=\"og:description\" content=\"P\u0142oza kr\u00f3tka obracalna\" \/>\n<meta property=\"og:url\" content=\"https:\/\/exparto.pl\/hu\/produkt\/ploza-do-pluga-krotka-obracalna-kverneland\/\" \/>\n<meta property=\"og:site_name\" content=\"Exparto.pl\" \/>\n<meta property=\"article:publisher\" content=\"https:\/\/www.facebook.com\/exparto.agro\/\" \/>\n<meta property=\"article:modified_time\" content=\"2026-03-30T07:30:45+00:00\" \/>\n<meta property=\"og:image\" content=\"https:\/\/exparto.pl\/wp-content\/uploads\/2024\/04\/6b48c5b6dd72680115783b5f81f8105f.jpg\" \/>\n\t<meta property=\"og:image:width\" content=\"1200\" \/>\n\t<meta property=\"og:image:height\" content=\"1200\" \/>\n\t<meta property=\"og:image:type\" content=\"image\/jpeg\" \/>\n<meta name=\"twitter:card\" content=\"summary_large_image\" \/>\n<meta name=\"twitter:label1\" content=\"Becs\u00fclt olvas\u00e1si id\u0151\" \/>\n\t<meta name=\"twitter:data1\" content=\"2 perc\" \/>\n<script type=\"application\/ld+json\" class=\"yoast-schema-graph\">{\"@context\":\"https:\/\/schema.org\",\"@graph\":[{\"@type\":\"WebPage\",\"@id\":\"https:\/\/exparto.pl\/hu\/produkt\/ploza-do-pluga-krotka-obracalna-kverneland\/\",\"url\":\"https:\/\/exparto.pl\/hu\/produkt\/ploza-do-pluga-krotka-obracalna-kverneland\/\",\"name\":\"P\u0142oza do p\u0142uga kr\u00f3tka obracalna Kverneland - Exparto.pl\",\"isPartOf\":{\"@id\":\"https:\/\/exparto.pl\/hu\/#website\"},\"primaryImageOfPage\":{\"@id\":\"https:\/\/exparto.pl\/hu\/produkt\/ploza-do-pluga-krotka-obracalna-kverneland\/#primaryimage\"},\"image\":{\"@id\":\"https:\/\/exparto.pl\/hu\/produkt\/ploza-do-pluga-krotka-obracalna-kverneland\/#primaryimage\"},\"thumbnailUrl\":\"https:\/\/exparto.pl\/wp-content\/uploads\/2024\/04\/6b48c5b6dd72680115783b5f81f8105f.jpg\",\"datePublished\":\"2024-04-05T13:47:06+00:00\",\"dateModified\":\"2026-03-30T07:30:45+00:00\",\"breadcrumb\":{\"@id\":\"https:\/\/exparto.pl\/hu\/produkt\/ploza-do-pluga-krotka-obracalna-kverneland\/#breadcrumb\"},\"inLanguage\":\"hu\",\"potentialAction\":[{\"@type\":\"ReadAction\",\"target\":[\"https:\/\/exparto.pl\/hu\/produkt\/ploza-do-pluga-krotka-obracalna-kverneland\/\"]}]},{\"@type\":\"ImageObject\",\"inLanguage\":\"hu\",\"@id\":\"https:\/\/exparto.pl\/hu\/produkt\/ploza-do-pluga-krotka-obracalna-kverneland\/#primaryimage\",\"url\":\"https:\/\/exparto.pl\/wp-content\/uploads\/2024\/04\/6b48c5b6dd72680115783b5f81f8105f.jpg\",\"contentUrl\":\"https:\/\/exparto.pl\/wp-content\/uploads\/2024\/04\/6b48c5b6dd72680115783b5f81f8105f.jpg\",\"width\":1200,\"height\":1200},{\"@type\":\"BreadcrumbList\",\"@id\":\"https:\/\/exparto.pl\/hu\/produkt\/ploza-do-pluga-krotka-obracalna-kverneland\/#breadcrumb\",\"itemListElement\":[{\"@type\":\"ListItem\",\"position\":1,\"name\":\"Honlap\",\"item\":\"https:\/\/exparto.pl\/hu\/\"},{\"@type\":\"ListItem\",\"position\":2,\"name\":\"Sklep\",\"item\":\"https:\/\/exparto.pl\/sklep\/\"},{\"@type\":\"ListItem\",\"position\":3,\"name\":\"Asz\u00faalkatr\u00e9szek\",\"item\":\"https:\/\/exparto.pl\/hu\/termekkategoria\/aszualkatreszek\/\"},{\"@type\":\"ListItem\",\"position\":4,\"name\":\"Eke cs\u00faszk\u00e1k\",\"item\":\"https:\/\/exparto.pl\/hu\/termekkategoria\/aszualkatreszek\/eke-csuszkak\/\"},{\"@type\":\"ListItem\",\"position\":5,\"name\":\"P\u0142oza do p\u0142uga kr\u00f3tka obracalna Kverneland\"}]},{\"@type\":\"WebSite\",\"@id\":\"https:\/\/exparto.pl\/hu\/#website\",\"url\":\"https:\/\/exparto.pl\/hu\/\",\"name\":\"EXPARTO\",\"description\":\"More than agro parts\",\"publisher\":{\"@id\":\"https:\/\/exparto.pl\/hu\/#organization\"},\"potentialAction\":[{\"@type\":\"SearchAction\",\"target\":{\"@type\":\"EntryPoint\",\"urlTemplate\":\"https:\/\/exparto.pl\/hu\/?s={search_term_string}\"},\"query-input\":{\"@type\":\"PropertyValueSpecification\",\"valueRequired\":true,\"valueName\":\"search_term_string\"}}],\"inLanguage\":\"hu\"},{\"@type\":\"Organization\",\"@id\":\"https:\/\/exparto.pl\/hu\/#organization\",\"name\":\"EXPARTO\",\"url\":\"https:\/\/exparto.pl\/hu\/\",\"logo\":{\"@type\":\"ImageObject\",\"inLanguage\":\"hu\",\"@id\":\"https:\/\/exparto.pl\/hu\/#\/schema\/logo\/image\/\",\"url\":\"https:\/\/exparto.pl\/wp-content\/uploads\/2023\/02\/logo-wektor.png\",\"contentUrl\":\"https:\/\/exparto.pl\/wp-content\/uploads\/2023\/02\/logo-wektor.png\",\"width\":1338,\"height\":143,\"caption\":\"EXPARTO\"},\"image\":{\"@id\":\"https:\/\/exparto.pl\/hu\/#\/schema\/logo\/image\/\"},\"sameAs\":[\"https:\/\/www.facebook.com\/exparto.agro\/\"]}]}<\/script>\n<!-- \/ Yoast SEO plugin. -->","yoast_head_json":{"title":"P\u0142oza do p\u0142uga kr\u00f3tka obracalna Kverneland - Exparto.pl","robots":{"index":"index","follow":"follow","max-snippet":"max-snippet:-1","max-image-preview":"max-image-preview:large","max-video-preview":"max-video-preview:-1"},"canonical":"https:\/\/exparto.pl\/hu\/produkt\/ploza-do-pluga-krotka-obracalna-kverneland\/","og_locale":"hu_HU","og_type":"article","og_title":"P\u0142oza do p\u0142uga kr\u00f3tka obracalna Kverneland - Exparto.pl","og_description":"P\u0142oza kr\u00f3tka obracalna","og_url":"https:\/\/exparto.pl\/hu\/produkt\/ploza-do-pluga-krotka-obracalna-kverneland\/","og_site_name":"Exparto.pl","article_publisher":"https:\/\/www.facebook.com\/exparto.agro\/","article_modified_time":"2026-03-30T07:30:45+00:00","og_image":[{"width":1200,"height":1200,"url":"https:\/\/exparto.pl\/wp-content\/uploads\/2024\/04\/6b48c5b6dd72680115783b5f81f8105f.jpg","type":"image\/jpeg"}],"twitter_card":"summary_large_image","twitter_misc":{"Becs\u00fclt olvas\u00e1si id\u0151":"2 perc"},"schema":{"@context":"https:\/\/schema.org","@graph":[{"@type":"WebPage","@id":"https:\/\/exparto.pl\/hu\/produkt\/ploza-do-pluga-krotka-obracalna-kverneland\/","url":"https:\/\/exparto.pl\/hu\/produkt\/ploza-do-pluga-krotka-obracalna-kverneland\/","name":"P\u0142oza do p\u0142uga kr\u00f3tka obracalna Kverneland - Exparto.pl","isPartOf":{"@id":"https:\/\/exparto.pl\/hu\/#website"},"primaryImageOfPage":{"@id":"https:\/\/exparto.pl\/hu\/produkt\/ploza-do-pluga-krotka-obracalna-kverneland\/#primaryimage"},"image":{"@id":"https:\/\/exparto.pl\/hu\/produkt\/ploza-do-pluga-krotka-obracalna-kverneland\/#primaryimage"},"thumbnailUrl":"https:\/\/exparto.pl\/wp-content\/uploads\/2024\/04\/6b48c5b6dd72680115783b5f81f8105f.jpg","datePublished":"2024-04-05T13:47:06+00:00","dateModified":"2026-03-30T07:30:45+00:00","breadcrumb":{"@id":"https:\/\/exparto.pl\/hu\/produkt\/ploza-do-pluga-krotka-obracalna-kverneland\/#breadcrumb"},"inLanguage":"hu","potentialAction":[{"@type":"ReadAction","target":["https:\/\/exparto.pl\/hu\/produkt\/ploza-do-pluga-krotka-obracalna-kverneland\/"]}]},{"@type":"ImageObject","inLanguage":"hu","@id":"https:\/\/exparto.pl\/hu\/produkt\/ploza-do-pluga-krotka-obracalna-kverneland\/#primaryimage","url":"https:\/\/exparto.pl\/wp-content\/uploads\/2024\/04\/6b48c5b6dd72680115783b5f81f8105f.jpg","contentUrl":"https:\/\/exparto.pl\/wp-content\/uploads\/2024\/04\/6b48c5b6dd72680115783b5f81f8105f.jpg","width":1200,"height":1200},{"@type":"BreadcrumbList","@id":"https:\/\/exparto.pl\/hu\/produkt\/ploza-do-pluga-krotka-obracalna-kverneland\/#breadcrumb","itemListElement":[{"@type":"ListItem","position":1,"name":"Honlap","item":"https:\/\/exparto.pl\/hu\/"},{"@type":"ListItem","position":2,"name":"Sklep","item":"https:\/\/exparto.pl\/sklep\/"},{"@type":"ListItem","position":3,"name":"Asz\u00faalkatr\u00e9szek","item":"https:\/\/exparto.pl\/hu\/termekkategoria\/aszualkatreszek\/"},{"@type":"ListItem","position":4,"name":"Eke cs\u00faszk\u00e1k","item":"https:\/\/exparto.pl\/hu\/termekkategoria\/aszualkatreszek\/eke-csuszkak\/"},{"@type":"ListItem","position":5,"name":"P\u0142oza do p\u0142uga kr\u00f3tka obracalna Kverneland"}]},{"@type":"WebSite","@id":"https:\/\/exparto.pl\/hu\/#website","url":"https:\/\/exparto.pl\/hu\/","name":"EXPARTO","description":"More than agro parts","publisher":{"@id":"https:\/\/exparto.pl\/hu\/#organization"},"potentialAction":[{"@type":"SearchAction","target":{"@type":"EntryPoint","urlTemplate":"https:\/\/exparto.pl\/hu\/?s={search_term_string}"},"query-input":{"@type":"PropertyValueSpecification","valueRequired":true,"valueName":"search_term_string"}}],"inLanguage":"hu"},{"@type":"Organization","@id":"https:\/\/exparto.pl\/hu\/#organization","name":"EXPARTO","url":"https:\/\/exparto.pl\/hu\/","logo":{"@type":"ImageObject","inLanguage":"hu","@id":"https:\/\/exparto.pl\/hu\/#\/schema\/logo\/image\/","url":"https:\/\/exparto.pl\/wp-content\/uploads\/2023\/02\/logo-wektor.png","contentUrl":"https:\/\/exparto.pl\/wp-content\/uploads\/2023\/02\/logo-wektor.png","width":1338,"height":143,"caption":"EXPARTO"},"image":{"@id":"https:\/\/exparto.pl\/hu\/#\/schema\/logo\/image\/"},"sameAs":["https:\/\/www.facebook.com\/exparto.agro\/"]}]}},"_links":{"self":[{"href":"https:\/\/exparto.pl\/hu\/wp-json\/wp\/v2\/product\/24293","targetHints":{"allow":["GET"]}}],"collection":[{"href":"https:\/\/exparto.pl\/hu\/wp-json\/wp\/v2\/product"}],"about":[{"href":"https:\/\/exparto.pl\/hu\/wp-json\/wp\/v2\/types\/product"}],"replies":[{"embeddable":true,"href":"https:\/\/exparto.pl\/hu\/wp-json\/wp\/v2\/comments?post=24293"}],"wp:featuredmedia":[{"embeddable":true,"href":"https:\/\/exparto.pl\/hu\/wp-json\/wp\/v2\/media\/24278"}],"wp:attachment":[{"href":"https:\/\/exparto.pl\/hu\/wp-json\/wp\/v2\/media?parent=24293"}],"wp:term":[{"taxonomy":"product_brand","embeddable":true,"href":"https:\/\/exparto.pl\/hu\/wp-json\/wp\/v2\/product_brand?post=24293"},{"taxonomy":"product_cat","embeddable":true,"href":"https:\/\/exparto.pl\/hu\/wp-json\/wp\/v2\/product_cat?post=24293"},{"taxonomy":"product_tag","embeddable":true,"href":"https:\/\/exparto.pl\/hu\/wp-json\/wp\/v2\/product_tag?post=24293"}],"curies":[{"name":"wp","href":"https:\/\/api.w.org\/{rel}","templated":true}]}}