{"id":25607,"date":"2024-04-23T14:44:10","date_gmt":"2024-04-23T12:44:10","guid":{"rendered":"https:\/\/exparto.pl\/produkt\/siekacz-kompletny-srutownik-bak\/"},"modified":"2026-01-21T12:35:17","modified_gmt":"2026-01-21T11:35:17","slug":"siekacz-kompletny-srutownik-bak","status":"publish","type":"product","link":"https:\/\/exparto.pl\/hu\/produkt\/siekacz-kompletny-srutownik-bak\/","title":{"rendered":"Siekacz kompletny \u015brutownik B\u0105k"},"content":{"rendered":"<p><p style=\"text-align: justify;\">Siekacz kompletny.\u00a0<span style=\"color: var(--gray-800);\">Produkt krajowy: wykonany z wysokiej jako\u015bci materia\u0142\u00f3w.<\/span><\/p>\n<p><b>Zastosowanie<\/b><span style=\"font-weight: 400;\">:<\/span><\/p>\n<ul>\n<li style=\"font-weight: 400;\" aria-level=\"1\"><span style=\"font-weight: 400;\">\u015brutownik B\u0105k<\/span><\/li>\n<\/ul>\n<p><b>Numer katalogowy<\/b><span style=\"font-weight: 400;\">:\u00a0<\/span><\/p>\n<ul>\n<li style=\"font-weight: 400;\" aria-level=\"1\"><span style=\"font-weight: 400;\">8111010170<\/span><\/li>\n<\/ul>\n<p><b>Siekacz \u015brutownika B\u0105k to jeden z kluczowych element\u00f3w tej maszyny rolniczej<\/b><span style=\"font-weight: 400;\">. To on odpowiada m.in. za rozdrabnianie ziaren na \u015brut\u0119. W EXPARTO przygotowali\u015bmy dla Ciebie siekacz kompletny, kt\u00f3rzy przeznaczony jest do stosowania w \u015brutowniku B\u0105k. Spe\u0142nia najwy\u017csze standardy rynkowe w zakresie jako\u015bci wykonania.\u00a0<\/span><\/p>\n<h2><span style=\"font-weight: 400;\">Siekacz \u015brutownika B\u0105k \u2013 kompletny<\/span><\/h2>\n<p><b>Rozdrabniacze i \u015brutowniki B\u0105k s\u0105 powszechnie wykorzystywane w polskich gospodarstwach rolnych<\/b><span style=\"font-weight: 400;\">. Przeznaczone s\u0105 do rozdrabniania ziaren na \u015brut\u0119, kt\u00f3ra nast\u0119pnie stosowana jest jako pokarm dla zwierz\u0105t hodowlanych. Za proces rozdrabniania odpowiada m.in. siekacz. <\/span><b>Aby spe\u0142nia\u0142 swoje zadanie, musi charakteryzowa\u0107 si\u0119 odporno\u015bci\u0105 na \u015bcieranie i d\u0142ugo zachowywa\u0107 swoj\u0105 ostro\u015b\u0107<\/b><span style=\"font-weight: 400;\">.<\/span><\/p>\n<p><span style=\"font-weight: 400;\">Taki w\u0142a\u015bnie jest produkt oferowany w EXPARTO. Powstaje z wysokiej jako\u015bci materia\u0142u, a <\/span><b>proces produkcji odbywa si\u0119 od A do Z w Polsce z zachowaniem najwy\u017cszych standard\u00f3w kontroli jako\u015bci<\/b><span style=\"font-weight: 400;\">. Dzi\u0119ki temu w Twoje r\u0119ce trafia kompletny siekacz do \u015brutownika B\u0105k, kt\u00f3ry umo\u017cliwi Ci efektywne przygotowywanie paszy. Cz\u0119\u015b\u0107 jest \u0142atwa w monta\u017cu i konserwacji.\u00a0<\/span><\/p>\n<p><p style=\"text-align: justify;\"><span style=\"font-weight: 400;\">Na co dzie\u0144 w gospodarstwie rozdrabniasz ziarno na \u015brut\u0119? <\/span><b>Skorzystaj z naszej oferty i zapewnij sobie wydajn\u0105 i niezawodn\u0105 prac\u0119 \u015brutownika B\u0105k<\/b><span style=\"font-weight: 400;\">. <\/span><\/p>\n","protected":false},"excerpt":{"rendered":"<p style=\"text-align: justify;\">Siekacz kompletny<\/p>\n","protected":false},"featured_media":25592,"comment_status":"open","ping_status":"closed","template":"","meta":{"_acf_changed":false,"inline_featured_image":false},"product_brand":[],"product_cat":[734],"product_tag":[],"class_list":{"0":"post-25607","1":"product","2":"type-product","3":"status-publish","4":"has-post-thumbnail","6":"product_cat-czesci-do-rozdrabniacza","8":"first","9":"instock","10":"taxable","11":"shipping-taxable","12":"purchasable","13":"product-type-simple"},"acf":[],"yoast_head":"<!-- This site is optimized with the Yoast SEO plugin v27.3 - https:\/\/yoast.com\/product\/yoast-seo-wordpress\/ -->\n<title>Siekacz kompletny \u015brutownik B\u0105k - Exparto.pl<\/title>\n<meta name=\"robots\" content=\"index, follow, max-snippet:-1, max-image-preview:large, max-video-preview:-1\" \/>\n<link rel=\"canonical\" href=\"https:\/\/exparto.pl\/hu\/produkt\/siekacz-kompletny-srutownik-bak\/\" \/>\n<meta property=\"og:locale\" content=\"hu_HU\" \/>\n<meta property=\"og:type\" content=\"article\" \/>\n<meta property=\"og:title\" content=\"Siekacz kompletny \u015brutownik B\u0105k - Exparto.pl\" \/>\n<meta property=\"og:description\" content=\"Siekacz kompletny\" \/>\n<meta property=\"og:url\" content=\"https:\/\/exparto.pl\/hu\/produkt\/siekacz-kompletny-srutownik-bak\/\" \/>\n<meta property=\"og:site_name\" content=\"Exparto.pl\" \/>\n<meta property=\"article:publisher\" content=\"https:\/\/www.facebook.com\/exparto.agro\/\" \/>\n<meta property=\"article:modified_time\" content=\"2026-01-21T11:35:17+00:00\" \/>\n<meta property=\"og:image\" content=\"https:\/\/exparto.pl\/wp-content\/uploads\/2024\/04\/7951cb35b6cd26f2e9b07f440c123161.jpg\" \/>\n\t<meta property=\"og:image:width\" content=\"1200\" \/>\n\t<meta property=\"og:image:height\" content=\"1200\" \/>\n\t<meta property=\"og:image:type\" content=\"image\/jpeg\" \/>\n<meta name=\"twitter:card\" content=\"summary_large_image\" \/>\n<meta name=\"twitter:label1\" content=\"Becs\u00fclt olvas\u00e1si id\u0151\" \/>\n\t<meta name=\"twitter:data1\" content=\"2 perc\" \/>\n<script type=\"application\/ld+json\" class=\"yoast-schema-graph\">{\"@context\":\"https:\\\/\\\/schema.org\",\"@graph\":[{\"@type\":\"WebPage\",\"@id\":\"https:\\\/\\\/exparto.pl\\\/hu\\\/produkt\\\/siekacz-kompletny-srutownik-bak\\\/\",\"url\":\"https:\\\/\\\/exparto.pl\\\/hu\\\/produkt\\\/siekacz-kompletny-srutownik-bak\\\/\",\"name\":\"Siekacz kompletny \u015brutownik B\u0105k - Exparto.pl\",\"isPartOf\":{\"@id\":\"https:\\\/\\\/exparto.pl\\\/hu\\\/#website\"},\"primaryImageOfPage\":{\"@id\":\"https:\\\/\\\/exparto.pl\\\/hu\\\/produkt\\\/siekacz-kompletny-srutownik-bak\\\/#primaryimage\"},\"image\":{\"@id\":\"https:\\\/\\\/exparto.pl\\\/hu\\\/produkt\\\/siekacz-kompletny-srutownik-bak\\\/#primaryimage\"},\"thumbnailUrl\":\"https:\\\/\\\/exparto.pl\\\/wp-content\\\/uploads\\\/2024\\\/04\\\/7951cb35b6cd26f2e9b07f440c123161.jpg\",\"datePublished\":\"2024-04-23T12:44:10+00:00\",\"dateModified\":\"2026-01-21T11:35:17+00:00\",\"breadcrumb\":{\"@id\":\"https:\\\/\\\/exparto.pl\\\/hu\\\/produkt\\\/siekacz-kompletny-srutownik-bak\\\/#breadcrumb\"},\"inLanguage\":\"hu\",\"potentialAction\":[{\"@type\":\"ReadAction\",\"target\":[\"https:\\\/\\\/exparto.pl\\\/hu\\\/produkt\\\/siekacz-kompletny-srutownik-bak\\\/\"]}]},{\"@type\":\"ImageObject\",\"inLanguage\":\"hu\",\"@id\":\"https:\\\/\\\/exparto.pl\\\/hu\\\/produkt\\\/siekacz-kompletny-srutownik-bak\\\/#primaryimage\",\"url\":\"https:\\\/\\\/exparto.pl\\\/wp-content\\\/uploads\\\/2024\\\/04\\\/7951cb35b6cd26f2e9b07f440c123161.jpg\",\"contentUrl\":\"https:\\\/\\\/exparto.pl\\\/wp-content\\\/uploads\\\/2024\\\/04\\\/7951cb35b6cd26f2e9b07f440c123161.jpg\",\"width\":1200,\"height\":1200},{\"@type\":\"BreadcrumbList\",\"@id\":\"https:\\\/\\\/exparto.pl\\\/hu\\\/produkt\\\/siekacz-kompletny-srutownik-bak\\\/#breadcrumb\",\"itemListElement\":[{\"@type\":\"ListItem\",\"position\":1,\"name\":\"Honlap\",\"item\":\"https:\\\/\\\/exparto.pl\\\/hu\\\/\"},{\"@type\":\"ListItem\",\"position\":2,\"name\":\"Sklep\",\"item\":\"https:\\\/\\\/exparto.pl\\\/sklep\\\/\"},{\"@type\":\"ListItem\",\"position\":3,\"name\":\"Cz\u0119\u015bci do rozdrabniacza\",\"item\":\"https:\\\/\\\/exparto.pl\\\/kategoria-produktu\\\/czesci-do-rozdrabniacza\\\/\"},{\"@type\":\"ListItem\",\"position\":4,\"name\":\"Siekacz kompletny \u015brutownik B\u0105k\"}]},{\"@type\":\"WebSite\",\"@id\":\"https:\\\/\\\/exparto.pl\\\/hu\\\/#website\",\"url\":\"https:\\\/\\\/exparto.pl\\\/hu\\\/\",\"name\":\"EXPARTO\",\"description\":\"More than agro parts\",\"publisher\":{\"@id\":\"https:\\\/\\\/exparto.pl\\\/hu\\\/#organization\"},\"potentialAction\":[{\"@type\":\"SearchAction\",\"target\":{\"@type\":\"EntryPoint\",\"urlTemplate\":\"https:\\\/\\\/exparto.pl\\\/hu\\\/?s={search_term_string}\"},\"query-input\":{\"@type\":\"PropertyValueSpecification\",\"valueRequired\":true,\"valueName\":\"search_term_string\"}}],\"inLanguage\":\"hu\"},{\"@type\":\"Organization\",\"@id\":\"https:\\\/\\\/exparto.pl\\\/hu\\\/#organization\",\"name\":\"EXPARTO\",\"url\":\"https:\\\/\\\/exparto.pl\\\/hu\\\/\",\"logo\":{\"@type\":\"ImageObject\",\"inLanguage\":\"hu\",\"@id\":\"https:\\\/\\\/exparto.pl\\\/hu\\\/#\\\/schema\\\/logo\\\/image\\\/\",\"url\":\"https:\\\/\\\/exparto.pl\\\/wp-content\\\/uploads\\\/2023\\\/02\\\/logo-wektor.png\",\"contentUrl\":\"https:\\\/\\\/exparto.pl\\\/wp-content\\\/uploads\\\/2023\\\/02\\\/logo-wektor.png\",\"width\":1338,\"height\":143,\"caption\":\"EXPARTO\"},\"image\":{\"@id\":\"https:\\\/\\\/exparto.pl\\\/hu\\\/#\\\/schema\\\/logo\\\/image\\\/\"},\"sameAs\":[\"https:\\\/\\\/www.facebook.com\\\/exparto.agro\\\/\"]}]}<\/script>\n<!-- \/ Yoast SEO plugin. -->","yoast_head_json":{"title":"Siekacz kompletny \u015brutownik B\u0105k - Exparto.pl","robots":{"index":"index","follow":"follow","max-snippet":"max-snippet:-1","max-image-preview":"max-image-preview:large","max-video-preview":"max-video-preview:-1"},"canonical":"https:\/\/exparto.pl\/hu\/produkt\/siekacz-kompletny-srutownik-bak\/","og_locale":"hu_HU","og_type":"article","og_title":"Siekacz kompletny \u015brutownik B\u0105k - Exparto.pl","og_description":"Siekacz kompletny","og_url":"https:\/\/exparto.pl\/hu\/produkt\/siekacz-kompletny-srutownik-bak\/","og_site_name":"Exparto.pl","article_publisher":"https:\/\/www.facebook.com\/exparto.agro\/","article_modified_time":"2026-01-21T11:35:17+00:00","og_image":[{"width":1200,"height":1200,"url":"https:\/\/exparto.pl\/wp-content\/uploads\/2024\/04\/7951cb35b6cd26f2e9b07f440c123161.jpg","type":"image\/jpeg"}],"twitter_card":"summary_large_image","twitter_misc":{"Becs\u00fclt olvas\u00e1si id\u0151":"2 perc"},"schema":{"@context":"https:\/\/schema.org","@graph":[{"@type":"WebPage","@id":"https:\/\/exparto.pl\/hu\/produkt\/siekacz-kompletny-srutownik-bak\/","url":"https:\/\/exparto.pl\/hu\/produkt\/siekacz-kompletny-srutownik-bak\/","name":"Siekacz kompletny \u015brutownik B\u0105k - Exparto.pl","isPartOf":{"@id":"https:\/\/exparto.pl\/hu\/#website"},"primaryImageOfPage":{"@id":"https:\/\/exparto.pl\/hu\/produkt\/siekacz-kompletny-srutownik-bak\/#primaryimage"},"image":{"@id":"https:\/\/exparto.pl\/hu\/produkt\/siekacz-kompletny-srutownik-bak\/#primaryimage"},"thumbnailUrl":"https:\/\/exparto.pl\/wp-content\/uploads\/2024\/04\/7951cb35b6cd26f2e9b07f440c123161.jpg","datePublished":"2024-04-23T12:44:10+00:00","dateModified":"2026-01-21T11:35:17+00:00","breadcrumb":{"@id":"https:\/\/exparto.pl\/hu\/produkt\/siekacz-kompletny-srutownik-bak\/#breadcrumb"},"inLanguage":"hu","potentialAction":[{"@type":"ReadAction","target":["https:\/\/exparto.pl\/hu\/produkt\/siekacz-kompletny-srutownik-bak\/"]}]},{"@type":"ImageObject","inLanguage":"hu","@id":"https:\/\/exparto.pl\/hu\/produkt\/siekacz-kompletny-srutownik-bak\/#primaryimage","url":"https:\/\/exparto.pl\/wp-content\/uploads\/2024\/04\/7951cb35b6cd26f2e9b07f440c123161.jpg","contentUrl":"https:\/\/exparto.pl\/wp-content\/uploads\/2024\/04\/7951cb35b6cd26f2e9b07f440c123161.jpg","width":1200,"height":1200},{"@type":"BreadcrumbList","@id":"https:\/\/exparto.pl\/hu\/produkt\/siekacz-kompletny-srutownik-bak\/#breadcrumb","itemListElement":[{"@type":"ListItem","position":1,"name":"Honlap","item":"https:\/\/exparto.pl\/hu\/"},{"@type":"ListItem","position":2,"name":"Sklep","item":"https:\/\/exparto.pl\/sklep\/"},{"@type":"ListItem","position":3,"name":"Cz\u0119\u015bci do rozdrabniacza","item":"https:\/\/exparto.pl\/kategoria-produktu\/czesci-do-rozdrabniacza\/"},{"@type":"ListItem","position":4,"name":"Siekacz kompletny \u015brutownik B\u0105k"}]},{"@type":"WebSite","@id":"https:\/\/exparto.pl\/hu\/#website","url":"https:\/\/exparto.pl\/hu\/","name":"EXPARTO","description":"More than agro parts","publisher":{"@id":"https:\/\/exparto.pl\/hu\/#organization"},"potentialAction":[{"@type":"SearchAction","target":{"@type":"EntryPoint","urlTemplate":"https:\/\/exparto.pl\/hu\/?s={search_term_string}"},"query-input":{"@type":"PropertyValueSpecification","valueRequired":true,"valueName":"search_term_string"}}],"inLanguage":"hu"},{"@type":"Organization","@id":"https:\/\/exparto.pl\/hu\/#organization","name":"EXPARTO","url":"https:\/\/exparto.pl\/hu\/","logo":{"@type":"ImageObject","inLanguage":"hu","@id":"https:\/\/exparto.pl\/hu\/#\/schema\/logo\/image\/","url":"https:\/\/exparto.pl\/wp-content\/uploads\/2023\/02\/logo-wektor.png","contentUrl":"https:\/\/exparto.pl\/wp-content\/uploads\/2023\/02\/logo-wektor.png","width":1338,"height":143,"caption":"EXPARTO"},"image":{"@id":"https:\/\/exparto.pl\/hu\/#\/schema\/logo\/image\/"},"sameAs":["https:\/\/www.facebook.com\/exparto.agro\/"]}]}},"_links":{"self":[{"href":"https:\/\/exparto.pl\/hu\/wp-json\/wp\/v2\/product\/25607","targetHints":{"allow":["GET"]}}],"collection":[{"href":"https:\/\/exparto.pl\/hu\/wp-json\/wp\/v2\/product"}],"about":[{"href":"https:\/\/exparto.pl\/hu\/wp-json\/wp\/v2\/types\/product"}],"replies":[{"embeddable":true,"href":"https:\/\/exparto.pl\/hu\/wp-json\/wp\/v2\/comments?post=25607"}],"wp:featuredmedia":[{"embeddable":true,"href":"https:\/\/exparto.pl\/hu\/wp-json\/wp\/v2\/media\/25592"}],"wp:attachment":[{"href":"https:\/\/exparto.pl\/hu\/wp-json\/wp\/v2\/media?parent=25607"}],"wp:term":[{"taxonomy":"product_brand","embeddable":true,"href":"https:\/\/exparto.pl\/hu\/wp-json\/wp\/v2\/product_brand?post=25607"},{"taxonomy":"product_cat","embeddable":true,"href":"https:\/\/exparto.pl\/hu\/wp-json\/wp\/v2\/product_cat?post=25607"},{"taxonomy":"product_tag","embeddable":true,"href":"https:\/\/exparto.pl\/hu\/wp-json\/wp\/v2\/product_tag?post=25607"}],"curies":[{"name":"wp","href":"https:\/\/api.w.org\/{rel}","templated":true}]}}