{"id":27169,"date":"2024-05-22T14:20:10","date_gmt":"2024-05-22T12:20:10","guid":{"rendered":"https:\/\/exparto.pl\/produkt\/czubek-obsypnika\/"},"modified":"2026-03-23T21:30:19","modified_gmt":"2026-03-23T20:30:19","slug":"czubek-obsypnika","status":"publish","type":"product","link":"https:\/\/exparto.pl\/hu\/produkt\/czubek-obsypnika\/","title":{"rendered":"Czubek obsypnika"},"content":{"rendered":"<p><p style=\"text-align: justify;\">Czubek obsypnika. Produkt Polski.<\/p>\n<p><b>Zastosowanie<\/b><span style=\"font-weight: 400;\">:<\/span><\/p>\n<ul>\n<li style=\"font-weight: 400;\" aria-level=\"1\"><span style=\"font-weight: 400;\">obsypniki<\/span><\/li>\n<li style=\"font-weight: 400;\" aria-level=\"1\"><span style=\"font-weight: 400;\">sadzarki<\/span><\/li>\n<li style=\"font-weight: 400;\" aria-level=\"1\"><span style=\"font-weight: 400;\">pielniki<\/span><\/li>\n<\/ul>\n<p><b>Numer katalogowy<\/b><span style=\"font-weight: 400;\">:<\/span><\/p>\n<ul>\n<li style=\"font-weight: 400;\" aria-level=\"1\"><span style=\"font-weight: 400;\">4431050020<\/span><\/li>\n<\/ul>\n<p><span style=\"font-weight: 400;\">Uprawa roli wymaga odpowiedniego przygotowania. Dotyczy to zar\u00f3wno maszyn rolniczych, jak i ich cz\u0119\u015bci eksploatacyjnych. <\/span><b>Je\u017celi na co dzie\u0144 korzystasz z obsypnika, sadzarki lub pielnika, to koniecznie poznaj oferowany przez nas czubek obsypnika<\/b><span style=\"font-weight: 400;\">. To cz\u0119\u015b\u0107, dzi\u0119ki kt\u00f3rej zapewnisz sobie wygodn\u0105 prac\u0119 oraz zwi\u0119kszysz jej precyzj\u0119.\u00a0<\/span><\/p>\n<h2><span style=\"font-weight: 400;\">Czubek obsypnika, sadzarki, pielnika<\/span><\/h2>\n<p><b>Czubek sadzarki to niewielka cz\u0119\u015b\u0107 robocza, kt\u00f3r\u0105 montuje si\u0119 w urz\u0105dzeniu<\/b><span style=\"font-weight: 400;\">. Jego zadaniem jest zapewnienie punktowej aplikacji r\u00f3\u017cnego rodzaju \u015brodk\u00f3w lub materia\u0142u siewnego. Urz\u0105dzenia takie jak obsypniki i sadzarki wykorzystuje si\u0119 przede wszystkim w uprawach mi\u0119dzyrz\u0119dowych ro\u015blin, kt\u00f3re rosn\u0105 w redlinach. <\/span><b>Maszyny te charakteryzuj\u0105 si\u0119 wielofunkcyjno\u015bci\u0105 i z powodzeniem mog\u0105 s\u0142u\u017cy\u0107 do wykonywania kilku podstawowych zabieg\u00f3w agrarnych<\/b><span style=\"font-weight: 400;\">, w tym m.in.: odchwaszczania, spulchniania mi\u0119dzyrz\u0119dzi ro\u015blin czy obredlania rz\u0119d\u00f3w.\u00a0<\/span><\/p>\n<p><span style=\"font-weight: 400;\">Odpowiednio dobrany czubek pielnika zapewni Ci wysok\u0105 precyzj\u0119 pracy. Dzi\u0119ki temu osi\u0105gniesz zamierzone efekty produkcyjne. <\/span><b>Nie bez znaczenia s\u0105 tak\u017ce: poprawa komfortu oraz op\u0142acalno\u015bci prowadzenia gospodarstwa rolnego<\/b><span style=\"font-weight: 400;\">.\u00a0<\/span><\/p>\n<p><p style=\"text-align: justify;\"><span style=\"font-weight: 400;\">Dbamy o to, aby wszystkie cz\u0119\u015bci z oferty EXPARTO charakteryzowa\u0142y si\u0119 bardzo dobrymi parametrami technicznymi. <\/span><b>W Twoje r\u0119ce trafi produkt pozbawiony wad produkcyjnych i ewentualnych niedoskona\u0142o\u015bci<\/b><span style=\"font-weight: 400;\">. Spe\u0142ni on oczekiwania nawet najbardziej wymagaj\u0105cych rolnik\u00f3w. Skorzystaj z naszej oferty i postaw na wydajn\u0105 i skuteczn\u0105 prac\u0119 w polu. <\/span><\/p>\n","protected":false},"excerpt":{"rendered":"<p style=\"text-align: justify;\">Czubek obsypnika<\/p>\n","protected":false},"featured_media":27154,"comment_status":"open","ping_status":"closed","template":"","meta":{"_acf_changed":false,"inline_featured_image":false},"product_brand":[],"product_cat":[775],"product_tag":[],"class_list":{"0":"post-27169","1":"product","2":"type-product","3":"status-publish","4":"has-post-thumbnail","6":"product_cat-czesci-do-obsypnika","8":"first","9":"outofstock","10":"taxable","11":"shipping-taxable","12":"purchasable","13":"product-type-simple"},"acf":[],"yoast_head":"<!-- This site is optimized with the Yoast SEO plugin v27.3 - https:\/\/yoast.com\/product\/yoast-seo-wordpress\/ -->\n<title>Czubek obsypnika - Exparto.pl<\/title>\n<meta name=\"robots\" content=\"index, follow, max-snippet:-1, max-image-preview:large, max-video-preview:-1\" \/>\n<link rel=\"canonical\" href=\"https:\/\/exparto.pl\/hu\/produkt\/czubek-obsypnika\/\" \/>\n<meta property=\"og:locale\" content=\"hu_HU\" \/>\n<meta property=\"og:type\" content=\"article\" \/>\n<meta property=\"og:title\" content=\"Czubek obsypnika - Exparto.pl\" \/>\n<meta property=\"og:description\" content=\"Czubek obsypnika\" \/>\n<meta property=\"og:url\" content=\"https:\/\/exparto.pl\/hu\/produkt\/czubek-obsypnika\/\" \/>\n<meta property=\"og:site_name\" content=\"Exparto.pl\" \/>\n<meta property=\"article:publisher\" content=\"https:\/\/www.facebook.com\/exparto.agro\/\" \/>\n<meta property=\"article:modified_time\" content=\"2026-03-23T20:30:19+00:00\" \/>\n<meta property=\"og:image\" content=\"https:\/\/exparto.pl\/wp-content\/uploads\/2024\/05\/daa8ae33c0a7243e0c7d399abde603fc.jpg\" \/>\n\t<meta property=\"og:image:width\" content=\"1200\" \/>\n\t<meta property=\"og:image:height\" content=\"1200\" \/>\n\t<meta property=\"og:image:type\" content=\"image\/jpeg\" \/>\n<meta name=\"twitter:card\" content=\"summary_large_image\" \/>\n<meta name=\"twitter:label1\" content=\"Becs\u00fclt olvas\u00e1si id\u0151\" \/>\n\t<meta name=\"twitter:data1\" content=\"2 perc\" \/>\n<script type=\"application\/ld+json\" class=\"yoast-schema-graph\">{\"@context\":\"https:\\\/\\\/schema.org\",\"@graph\":[{\"@type\":\"WebPage\",\"@id\":\"https:\\\/\\\/exparto.pl\\\/hu\\\/produkt\\\/czubek-obsypnika\\\/\",\"url\":\"https:\\\/\\\/exparto.pl\\\/hu\\\/produkt\\\/czubek-obsypnika\\\/\",\"name\":\"Czubek obsypnika - Exparto.pl\",\"isPartOf\":{\"@id\":\"https:\\\/\\\/exparto.pl\\\/hu\\\/#website\"},\"primaryImageOfPage\":{\"@id\":\"https:\\\/\\\/exparto.pl\\\/hu\\\/produkt\\\/czubek-obsypnika\\\/#primaryimage\"},\"image\":{\"@id\":\"https:\\\/\\\/exparto.pl\\\/hu\\\/produkt\\\/czubek-obsypnika\\\/#primaryimage\"},\"thumbnailUrl\":\"https:\\\/\\\/exparto.pl\\\/wp-content\\\/uploads\\\/2024\\\/05\\\/daa8ae33c0a7243e0c7d399abde603fc.jpg\",\"datePublished\":\"2024-05-22T12:20:10+00:00\",\"dateModified\":\"2026-03-23T20:30:19+00:00\",\"breadcrumb\":{\"@id\":\"https:\\\/\\\/exparto.pl\\\/hu\\\/produkt\\\/czubek-obsypnika\\\/#breadcrumb\"},\"inLanguage\":\"hu\",\"potentialAction\":[{\"@type\":\"ReadAction\",\"target\":[\"https:\\\/\\\/exparto.pl\\\/hu\\\/produkt\\\/czubek-obsypnika\\\/\"]}]},{\"@type\":\"ImageObject\",\"inLanguage\":\"hu\",\"@id\":\"https:\\\/\\\/exparto.pl\\\/hu\\\/produkt\\\/czubek-obsypnika\\\/#primaryimage\",\"url\":\"https:\\\/\\\/exparto.pl\\\/wp-content\\\/uploads\\\/2024\\\/05\\\/daa8ae33c0a7243e0c7d399abde603fc.jpg\",\"contentUrl\":\"https:\\\/\\\/exparto.pl\\\/wp-content\\\/uploads\\\/2024\\\/05\\\/daa8ae33c0a7243e0c7d399abde603fc.jpg\",\"width\":1200,\"height\":1200},{\"@type\":\"BreadcrumbList\",\"@id\":\"https:\\\/\\\/exparto.pl\\\/hu\\\/produkt\\\/czubek-obsypnika\\\/#breadcrumb\",\"itemListElement\":[{\"@type\":\"ListItem\",\"position\":1,\"name\":\"Honlap\",\"item\":\"https:\\\/\\\/exparto.pl\\\/hu\\\/\"},{\"@type\":\"ListItem\",\"position\":2,\"name\":\"Sklep\",\"item\":\"https:\\\/\\\/exparto.pl\\\/sklep\\\/\"},{\"@type\":\"ListItem\",\"position\":3,\"name\":\"Cz\u0119\u015bci do obsypnika\",\"item\":\"https:\\\/\\\/exparto.pl\\\/kategoria-produktu\\\/czesci-do-obsypnika\\\/\"},{\"@type\":\"ListItem\",\"position\":4,\"name\":\"Czubek obsypnika\"}]},{\"@type\":\"WebSite\",\"@id\":\"https:\\\/\\\/exparto.pl\\\/hu\\\/#website\",\"url\":\"https:\\\/\\\/exparto.pl\\\/hu\\\/\",\"name\":\"EXPARTO\",\"description\":\"More than agro parts\",\"publisher\":{\"@id\":\"https:\\\/\\\/exparto.pl\\\/hu\\\/#organization\"},\"potentialAction\":[{\"@type\":\"SearchAction\",\"target\":{\"@type\":\"EntryPoint\",\"urlTemplate\":\"https:\\\/\\\/exparto.pl\\\/hu\\\/?s={search_term_string}\"},\"query-input\":{\"@type\":\"PropertyValueSpecification\",\"valueRequired\":true,\"valueName\":\"search_term_string\"}}],\"inLanguage\":\"hu\"},{\"@type\":\"Organization\",\"@id\":\"https:\\\/\\\/exparto.pl\\\/hu\\\/#organization\",\"name\":\"EXPARTO\",\"url\":\"https:\\\/\\\/exparto.pl\\\/hu\\\/\",\"logo\":{\"@type\":\"ImageObject\",\"inLanguage\":\"hu\",\"@id\":\"https:\\\/\\\/exparto.pl\\\/hu\\\/#\\\/schema\\\/logo\\\/image\\\/\",\"url\":\"https:\\\/\\\/exparto.pl\\\/wp-content\\\/uploads\\\/2023\\\/02\\\/logo-wektor.png\",\"contentUrl\":\"https:\\\/\\\/exparto.pl\\\/wp-content\\\/uploads\\\/2023\\\/02\\\/logo-wektor.png\",\"width\":1338,\"height\":143,\"caption\":\"EXPARTO\"},\"image\":{\"@id\":\"https:\\\/\\\/exparto.pl\\\/hu\\\/#\\\/schema\\\/logo\\\/image\\\/\"},\"sameAs\":[\"https:\\\/\\\/www.facebook.com\\\/exparto.agro\\\/\"]}]}<\/script>\n<!-- \/ Yoast SEO plugin. -->","yoast_head_json":{"title":"Czubek obsypnika - Exparto.pl","robots":{"index":"index","follow":"follow","max-snippet":"max-snippet:-1","max-image-preview":"max-image-preview:large","max-video-preview":"max-video-preview:-1"},"canonical":"https:\/\/exparto.pl\/hu\/produkt\/czubek-obsypnika\/","og_locale":"hu_HU","og_type":"article","og_title":"Czubek obsypnika - Exparto.pl","og_description":"Czubek obsypnika","og_url":"https:\/\/exparto.pl\/hu\/produkt\/czubek-obsypnika\/","og_site_name":"Exparto.pl","article_publisher":"https:\/\/www.facebook.com\/exparto.agro\/","article_modified_time":"2026-03-23T20:30:19+00:00","og_image":[{"width":1200,"height":1200,"url":"https:\/\/exparto.pl\/wp-content\/uploads\/2024\/05\/daa8ae33c0a7243e0c7d399abde603fc.jpg","type":"image\/jpeg"}],"twitter_card":"summary_large_image","twitter_misc":{"Becs\u00fclt olvas\u00e1si id\u0151":"2 perc"},"schema":{"@context":"https:\/\/schema.org","@graph":[{"@type":"WebPage","@id":"https:\/\/exparto.pl\/hu\/produkt\/czubek-obsypnika\/","url":"https:\/\/exparto.pl\/hu\/produkt\/czubek-obsypnika\/","name":"Czubek obsypnika - Exparto.pl","isPartOf":{"@id":"https:\/\/exparto.pl\/hu\/#website"},"primaryImageOfPage":{"@id":"https:\/\/exparto.pl\/hu\/produkt\/czubek-obsypnika\/#primaryimage"},"image":{"@id":"https:\/\/exparto.pl\/hu\/produkt\/czubek-obsypnika\/#primaryimage"},"thumbnailUrl":"https:\/\/exparto.pl\/wp-content\/uploads\/2024\/05\/daa8ae33c0a7243e0c7d399abde603fc.jpg","datePublished":"2024-05-22T12:20:10+00:00","dateModified":"2026-03-23T20:30:19+00:00","breadcrumb":{"@id":"https:\/\/exparto.pl\/hu\/produkt\/czubek-obsypnika\/#breadcrumb"},"inLanguage":"hu","potentialAction":[{"@type":"ReadAction","target":["https:\/\/exparto.pl\/hu\/produkt\/czubek-obsypnika\/"]}]},{"@type":"ImageObject","inLanguage":"hu","@id":"https:\/\/exparto.pl\/hu\/produkt\/czubek-obsypnika\/#primaryimage","url":"https:\/\/exparto.pl\/wp-content\/uploads\/2024\/05\/daa8ae33c0a7243e0c7d399abde603fc.jpg","contentUrl":"https:\/\/exparto.pl\/wp-content\/uploads\/2024\/05\/daa8ae33c0a7243e0c7d399abde603fc.jpg","width":1200,"height":1200},{"@type":"BreadcrumbList","@id":"https:\/\/exparto.pl\/hu\/produkt\/czubek-obsypnika\/#breadcrumb","itemListElement":[{"@type":"ListItem","position":1,"name":"Honlap","item":"https:\/\/exparto.pl\/hu\/"},{"@type":"ListItem","position":2,"name":"Sklep","item":"https:\/\/exparto.pl\/sklep\/"},{"@type":"ListItem","position":3,"name":"Cz\u0119\u015bci do obsypnika","item":"https:\/\/exparto.pl\/kategoria-produktu\/czesci-do-obsypnika\/"},{"@type":"ListItem","position":4,"name":"Czubek obsypnika"}]},{"@type":"WebSite","@id":"https:\/\/exparto.pl\/hu\/#website","url":"https:\/\/exparto.pl\/hu\/","name":"EXPARTO","description":"More than agro parts","publisher":{"@id":"https:\/\/exparto.pl\/hu\/#organization"},"potentialAction":[{"@type":"SearchAction","target":{"@type":"EntryPoint","urlTemplate":"https:\/\/exparto.pl\/hu\/?s={search_term_string}"},"query-input":{"@type":"PropertyValueSpecification","valueRequired":true,"valueName":"search_term_string"}}],"inLanguage":"hu"},{"@type":"Organization","@id":"https:\/\/exparto.pl\/hu\/#organization","name":"EXPARTO","url":"https:\/\/exparto.pl\/hu\/","logo":{"@type":"ImageObject","inLanguage":"hu","@id":"https:\/\/exparto.pl\/hu\/#\/schema\/logo\/image\/","url":"https:\/\/exparto.pl\/wp-content\/uploads\/2023\/02\/logo-wektor.png","contentUrl":"https:\/\/exparto.pl\/wp-content\/uploads\/2023\/02\/logo-wektor.png","width":1338,"height":143,"caption":"EXPARTO"},"image":{"@id":"https:\/\/exparto.pl\/hu\/#\/schema\/logo\/image\/"},"sameAs":["https:\/\/www.facebook.com\/exparto.agro\/"]}]}},"_links":{"self":[{"href":"https:\/\/exparto.pl\/hu\/wp-json\/wp\/v2\/product\/27169","targetHints":{"allow":["GET"]}}],"collection":[{"href":"https:\/\/exparto.pl\/hu\/wp-json\/wp\/v2\/product"}],"about":[{"href":"https:\/\/exparto.pl\/hu\/wp-json\/wp\/v2\/types\/product"}],"replies":[{"embeddable":true,"href":"https:\/\/exparto.pl\/hu\/wp-json\/wp\/v2\/comments?post=27169"}],"wp:featuredmedia":[{"embeddable":true,"href":"https:\/\/exparto.pl\/hu\/wp-json\/wp\/v2\/media\/27154"}],"wp:attachment":[{"href":"https:\/\/exparto.pl\/hu\/wp-json\/wp\/v2\/media?parent=27169"}],"wp:term":[{"taxonomy":"product_brand","embeddable":true,"href":"https:\/\/exparto.pl\/hu\/wp-json\/wp\/v2\/product_brand?post=27169"},{"taxonomy":"product_cat","embeddable":true,"href":"https:\/\/exparto.pl\/hu\/wp-json\/wp\/v2\/product_cat?post=27169"},{"taxonomy":"product_tag","embeddable":true,"href":"https:\/\/exparto.pl\/hu\/wp-json\/wp\/v2\/product_tag?post=27169"}],"curies":[{"name":"wp","href":"https:\/\/api.w.org\/{rel}","templated":true}]}}