{"id":27802,"date":"2024-06-12T00:28:50","date_gmt":"2024-06-11T22:28:50","guid":{"rendered":"https:\/\/exparto.pl\/produkt\/glowica-3-pozycyjna-opryskiwacza-z-dyszami-przelotowa-ap0-100-g07-p-pro-e\/"},"modified":"2026-01-21T12:36:11","modified_gmt":"2026-01-21T11:36:11","slug":"glowica-3-pozycyjna-opryskiwacza-z-dyszami-przelotowa-ap0-100-g07-p-pro-e","status":"publish","type":"product","link":"https:\/\/exparto.pl\/hu\/produkt\/glowica-3-pozycyjna-opryskiwacza-z-dyszami-przelotowa-ap0-100-g07-p-pro-e\/","title":{"rendered":"G\u0142owica 3-pozycyjna opryskiwacza z dyszami przelotowa AP0-100\/G07\/P\/PRO E"},"content":{"rendered":"<p style=\"text-align: justify\">G\u0142owica potr\u00f3jna z serii PROLINE jako jedyne na rynku posiadaj\u0105 w standardzie uszczelki oraz membran\u0119 wykonane z <b>Verdesilu<\/b> &#8211; specjalnej mieszanki silikonowej, zapewniaj\u0105cej znacznie d\u0142u\u017csz\u0105 \u017cywotno\u015b\u0107 i szczelno\u015b\u0107 uk\u0142adu, odporno\u015b\u0107 na odkszta\u0142cenia i doskona\u0142\u0105 precyzj\u0119 pracy zaworu odcinaj\u0105cego. Wyposa\u017cone s\u0105 r\u00f3wnie\u017c w rozpylacz e\u017cektorowy.<\/p>\n<p style=\"text-align: justify\"><b>Cechy charakterystyczne:<\/b><\/p>\n<ul>\n<li style=\"text-align: justify\">Innowacyjna konstrukcja mechanizmu pozycjonuj\u0105cego z charakterystycznym \u201eklikni\u0119ciem\u201d daje gwarancj\u0119 precyzyjnego ustawienia g\u0142owicy eliminuj\u0105c zagro\u017cenie nier\u00f3wnomiernej dystrybucji cieczy wskutek odchylenia g\u0142owicy od pozycji pionowej;<\/li>\n<li style=\"text-align: justify\">3-oringowy mechanizm czyszcz\u0105cy zapewnia d\u0142ugotrwa\u0142\u0105, bezawaryjn\u0105 prac\u0119 g\u0142owicy;<\/li>\n<li style=\"text-align: justify\">Zastosowanie oring\u00f3w wykonanych z silikonu gwarantuje idealn\u0105 i d\u0142ugotrwa\u0142\u0105 szczelno\u015b\u0107 uk\u0142adu, dzi\u0119ki niepor\u00f3wnywalnie lepszej odporno\u015bci na odkszta\u0142cenia;<\/li>\n<li style=\"text-align: justify\">Korpus g\u0142owicy zosta\u0142 wykonany z udaroodpornych kopolimer\u00f3w, dzi\u0119ki czemu jest ona o ponad 40% bardziej odporna na z\u0142amanie;<\/li>\n<li style=\"text-align: justify\">Cena odnosi si\u0119 do kompletnej g\u0142owicy widocznej na zdj\u0119ciu;<\/li>\n<li style=\"text-align: justify\">Szczelne odci\u0119cie cieczy dzi\u0119ki zastosowaniu zaworu membranowego;<\/li>\n<li style=\"text-align: justify\">Zaw\u00f3r odcinaj\u0105cy umieszczony z boku korpusu umo\u017cliwia \u0142atwy dost\u0119p w przypadku kontroli jego pracy;<\/li>\n<li style=\"text-align: justify\">Mocowanie w ceowniku za pomoc\u0105 \u015bruby M6 zapewnia stabilno\u015b\u0107;<\/li>\n<li style=\"text-align: justify\">\u0141atwa zmiana dyszy opylaj\u0105cej przez przekr\u0119cenie g\u0142owicy;<\/li>\n<li style=\"text-align: justify\">Pozycje po\u015brednie miedzy opylaj\u0105cymi s\u0105 zamkni\u0119ciem przep\u0142ywu cieczy;<\/li>\n<li style=\"text-align: justify\">Uszczelki i membrana wykonane z Verdesilu &#8211; specjalnej mieszanki silikonowej zapewniaj\u0105cej doskona\u0142\u0105 szczelno\u015b\u0107 uk\u0142adu.<\/li>\n<\/ul>\n<div style=\"text-align: justify\"><b>Numer katalogowy:<\/b><\/div>\n<div>\n<ul>\n<li style=\"text-align: justify\">227539<\/li>\n<\/ul>\n<\/div>\n<div style=\"text-align: justify\"><\/div>\n","protected":false},"excerpt":{"rendered":"<p style=\"text-align: justify\">G\u0142owica 3 pozycyjna\u00a0AP0-100\/G07\/P\/PRO E.<\/p>\n","protected":false},"featured_media":27776,"comment_status":"open","ping_status":"closed","template":"","meta":{"_acf_changed":false,"inline_featured_image":false},"product_brand":[],"product_cat":[47,132],"product_tag":[],"class_list":{"0":"post-27802","1":"product","2":"type-product","3":"status-publish","4":"has-post-thumbnail","6":"product_cat-czesci-do-opryskiwaczy","7":"product_cat-elementy-lancy-opryskiwacza","9":"first","10":"instock","11":"taxable","12":"shipping-taxable","13":"purchasable","14":"product-type-simple"},"acf":[],"yoast_head":"<!-- This site is optimized with the Yoast SEO plugin v27.2 - https:\/\/yoast.com\/product\/yoast-seo-wordpress\/ -->\n<title>G\u0142owica 3-pozycyjna opryskiwacza z dyszami przelotowa AP0-100\/G07\/P\/PRO E - Exparto.pl<\/title>\n<meta name=\"robots\" content=\"index, follow, max-snippet:-1, max-image-preview:large, max-video-preview:-1\" \/>\n<link rel=\"canonical\" href=\"https:\/\/exparto.pl\/hu\/produkt\/glowica-3-pozycyjna-opryskiwacza-z-dyszami-przelotowa-ap0-100-g07-p-pro-e\/\" \/>\n<meta property=\"og:locale\" content=\"hu_HU\" \/>\n<meta property=\"og:type\" content=\"article\" \/>\n<meta property=\"og:title\" content=\"G\u0142owica 3-pozycyjna opryskiwacza z dyszami przelotowa AP0-100\/G07\/P\/PRO E - Exparto.pl\" \/>\n<meta property=\"og:description\" content=\"G\u0142owica 3 pozycyjna\u00a0AP0-100\/G07\/P\/PRO E.\" \/>\n<meta property=\"og:url\" content=\"https:\/\/exparto.pl\/hu\/produkt\/glowica-3-pozycyjna-opryskiwacza-z-dyszami-przelotowa-ap0-100-g07-p-pro-e\/\" \/>\n<meta property=\"og:site_name\" content=\"Exparto.pl\" \/>\n<meta property=\"article:publisher\" content=\"https:\/\/www.facebook.com\/exparto.agro\/\" \/>\n<meta property=\"article:modified_time\" content=\"2026-01-21T11:36:11+00:00\" \/>\n<meta property=\"og:image\" content=\"https:\/\/exparto.pl\/wp-content\/uploads\/2024\/06\/b7bba1df6d18861e6722bc116de41784.jpg\" \/>\n\t<meta property=\"og:image:width\" content=\"1200\" \/>\n\t<meta property=\"og:image:height\" content=\"1200\" \/>\n\t<meta property=\"og:image:type\" content=\"image\/jpeg\" \/>\n<meta name=\"twitter:card\" content=\"summary_large_image\" \/>\n<meta name=\"twitter:label1\" content=\"Becs\u00fclt olvas\u00e1si id\u0151\" \/>\n\t<meta name=\"twitter:data1\" content=\"2 perc\" \/>\n<script type=\"application\/ld+json\" class=\"yoast-schema-graph\">{\"@context\":\"https:\/\/schema.org\",\"@graph\":[{\"@type\":\"WebPage\",\"@id\":\"https:\/\/exparto.pl\/hu\/produkt\/glowica-3-pozycyjna-opryskiwacza-z-dyszami-przelotowa-ap0-100-g07-p-pro-e\/\",\"url\":\"https:\/\/exparto.pl\/hu\/produkt\/glowica-3-pozycyjna-opryskiwacza-z-dyszami-przelotowa-ap0-100-g07-p-pro-e\/\",\"name\":\"G\u0142owica 3-pozycyjna opryskiwacza z dyszami przelotowa AP0-100\/G07\/P\/PRO E - Exparto.pl\",\"isPartOf\":{\"@id\":\"https:\/\/exparto.pl\/hu\/#website\"},\"primaryImageOfPage\":{\"@id\":\"https:\/\/exparto.pl\/hu\/produkt\/glowica-3-pozycyjna-opryskiwacza-z-dyszami-przelotowa-ap0-100-g07-p-pro-e\/#primaryimage\"},\"image\":{\"@id\":\"https:\/\/exparto.pl\/hu\/produkt\/glowica-3-pozycyjna-opryskiwacza-z-dyszami-przelotowa-ap0-100-g07-p-pro-e\/#primaryimage\"},\"thumbnailUrl\":\"https:\/\/exparto.pl\/wp-content\/uploads\/2024\/06\/b7bba1df6d18861e6722bc116de41784.jpg\",\"datePublished\":\"2024-06-11T22:28:50+00:00\",\"dateModified\":\"2026-01-21T11:36:11+00:00\",\"breadcrumb\":{\"@id\":\"https:\/\/exparto.pl\/hu\/produkt\/glowica-3-pozycyjna-opryskiwacza-z-dyszami-przelotowa-ap0-100-g07-p-pro-e\/#breadcrumb\"},\"inLanguage\":\"hu\",\"potentialAction\":[{\"@type\":\"ReadAction\",\"target\":[\"https:\/\/exparto.pl\/hu\/produkt\/glowica-3-pozycyjna-opryskiwacza-z-dyszami-przelotowa-ap0-100-g07-p-pro-e\/\"]}]},{\"@type\":\"ImageObject\",\"inLanguage\":\"hu\",\"@id\":\"https:\/\/exparto.pl\/hu\/produkt\/glowica-3-pozycyjna-opryskiwacza-z-dyszami-przelotowa-ap0-100-g07-p-pro-e\/#primaryimage\",\"url\":\"https:\/\/exparto.pl\/wp-content\/uploads\/2024\/06\/b7bba1df6d18861e6722bc116de41784.jpg\",\"contentUrl\":\"https:\/\/exparto.pl\/wp-content\/uploads\/2024\/06\/b7bba1df6d18861e6722bc116de41784.jpg\",\"width\":1200,\"height\":1200},{\"@type\":\"BreadcrumbList\",\"@id\":\"https:\/\/exparto.pl\/hu\/produkt\/glowica-3-pozycyjna-opryskiwacza-z-dyszami-przelotowa-ap0-100-g07-p-pro-e\/#breadcrumb\",\"itemListElement\":[{\"@type\":\"ListItem\",\"position\":1,\"name\":\"Honlap\",\"item\":\"https:\/\/exparto.pl\/hu\/\"},{\"@type\":\"ListItem\",\"position\":2,\"name\":\"Sklep\",\"item\":\"https:\/\/exparto.pl\/sklep\/\"},{\"@type\":\"ListItem\",\"position\":3,\"name\":\"Alkatr\u00e9szek permetez\u0151g\u00e9pekhez\",\"item\":\"https:\/\/exparto.pl\/hu\/termekkategoria\/alkatreszek-permetezogepekhez\/\"},{\"@type\":\"ListItem\",\"position\":4,\"name\":\"Permetez\u0151 l\u00e1ndzs\u00e1k alkatr\u00e9szei\",\"item\":\"https:\/\/exparto.pl\/hu\/termekkategoria\/alkatreszek-permetezogepekhez\/permetezo-landzsak-alkatreszei\/\"},{\"@type\":\"ListItem\",\"position\":5,\"name\":\"G\u0142owica 3-pozycyjna opryskiwacza z dyszami przelotowa AP0-100\/G07\/P\/PRO E\"}]},{\"@type\":\"WebSite\",\"@id\":\"https:\/\/exparto.pl\/hu\/#website\",\"url\":\"https:\/\/exparto.pl\/hu\/\",\"name\":\"EXPARTO\",\"description\":\"More than agro parts\",\"publisher\":{\"@id\":\"https:\/\/exparto.pl\/hu\/#organization\"},\"potentialAction\":[{\"@type\":\"SearchAction\",\"target\":{\"@type\":\"EntryPoint\",\"urlTemplate\":\"https:\/\/exparto.pl\/hu\/?s={search_term_string}\"},\"query-input\":{\"@type\":\"PropertyValueSpecification\",\"valueRequired\":true,\"valueName\":\"search_term_string\"}}],\"inLanguage\":\"hu\"},{\"@type\":\"Organization\",\"@id\":\"https:\/\/exparto.pl\/hu\/#organization\",\"name\":\"EXPARTO\",\"url\":\"https:\/\/exparto.pl\/hu\/\",\"logo\":{\"@type\":\"ImageObject\",\"inLanguage\":\"hu\",\"@id\":\"https:\/\/exparto.pl\/hu\/#\/schema\/logo\/image\/\",\"url\":\"https:\/\/exparto.pl\/wp-content\/uploads\/2023\/02\/logo-wektor.png\",\"contentUrl\":\"https:\/\/exparto.pl\/wp-content\/uploads\/2023\/02\/logo-wektor.png\",\"width\":1338,\"height\":143,\"caption\":\"EXPARTO\"},\"image\":{\"@id\":\"https:\/\/exparto.pl\/hu\/#\/schema\/logo\/image\/\"},\"sameAs\":[\"https:\/\/www.facebook.com\/exparto.agro\/\"]}]}<\/script>\n<!-- \/ Yoast SEO plugin. -->","yoast_head_json":{"title":"G\u0142owica 3-pozycyjna opryskiwacza z dyszami przelotowa AP0-100\/G07\/P\/PRO E - Exparto.pl","robots":{"index":"index","follow":"follow","max-snippet":"max-snippet:-1","max-image-preview":"max-image-preview:large","max-video-preview":"max-video-preview:-1"},"canonical":"https:\/\/exparto.pl\/hu\/produkt\/glowica-3-pozycyjna-opryskiwacza-z-dyszami-przelotowa-ap0-100-g07-p-pro-e\/","og_locale":"hu_HU","og_type":"article","og_title":"G\u0142owica 3-pozycyjna opryskiwacza z dyszami przelotowa AP0-100\/G07\/P\/PRO E - Exparto.pl","og_description":"G\u0142owica 3 pozycyjna\u00a0AP0-100\/G07\/P\/PRO E.","og_url":"https:\/\/exparto.pl\/hu\/produkt\/glowica-3-pozycyjna-opryskiwacza-z-dyszami-przelotowa-ap0-100-g07-p-pro-e\/","og_site_name":"Exparto.pl","article_publisher":"https:\/\/www.facebook.com\/exparto.agro\/","article_modified_time":"2026-01-21T11:36:11+00:00","og_image":[{"width":1200,"height":1200,"url":"https:\/\/exparto.pl\/wp-content\/uploads\/2024\/06\/b7bba1df6d18861e6722bc116de41784.jpg","type":"image\/jpeg"}],"twitter_card":"summary_large_image","twitter_misc":{"Becs\u00fclt olvas\u00e1si id\u0151":"2 perc"},"schema":{"@context":"https:\/\/schema.org","@graph":[{"@type":"WebPage","@id":"https:\/\/exparto.pl\/hu\/produkt\/glowica-3-pozycyjna-opryskiwacza-z-dyszami-przelotowa-ap0-100-g07-p-pro-e\/","url":"https:\/\/exparto.pl\/hu\/produkt\/glowica-3-pozycyjna-opryskiwacza-z-dyszami-przelotowa-ap0-100-g07-p-pro-e\/","name":"G\u0142owica 3-pozycyjna opryskiwacza z dyszami przelotowa AP0-100\/G07\/P\/PRO E - Exparto.pl","isPartOf":{"@id":"https:\/\/exparto.pl\/hu\/#website"},"primaryImageOfPage":{"@id":"https:\/\/exparto.pl\/hu\/produkt\/glowica-3-pozycyjna-opryskiwacza-z-dyszami-przelotowa-ap0-100-g07-p-pro-e\/#primaryimage"},"image":{"@id":"https:\/\/exparto.pl\/hu\/produkt\/glowica-3-pozycyjna-opryskiwacza-z-dyszami-przelotowa-ap0-100-g07-p-pro-e\/#primaryimage"},"thumbnailUrl":"https:\/\/exparto.pl\/wp-content\/uploads\/2024\/06\/b7bba1df6d18861e6722bc116de41784.jpg","datePublished":"2024-06-11T22:28:50+00:00","dateModified":"2026-01-21T11:36:11+00:00","breadcrumb":{"@id":"https:\/\/exparto.pl\/hu\/produkt\/glowica-3-pozycyjna-opryskiwacza-z-dyszami-przelotowa-ap0-100-g07-p-pro-e\/#breadcrumb"},"inLanguage":"hu","potentialAction":[{"@type":"ReadAction","target":["https:\/\/exparto.pl\/hu\/produkt\/glowica-3-pozycyjna-opryskiwacza-z-dyszami-przelotowa-ap0-100-g07-p-pro-e\/"]}]},{"@type":"ImageObject","inLanguage":"hu","@id":"https:\/\/exparto.pl\/hu\/produkt\/glowica-3-pozycyjna-opryskiwacza-z-dyszami-przelotowa-ap0-100-g07-p-pro-e\/#primaryimage","url":"https:\/\/exparto.pl\/wp-content\/uploads\/2024\/06\/b7bba1df6d18861e6722bc116de41784.jpg","contentUrl":"https:\/\/exparto.pl\/wp-content\/uploads\/2024\/06\/b7bba1df6d18861e6722bc116de41784.jpg","width":1200,"height":1200},{"@type":"BreadcrumbList","@id":"https:\/\/exparto.pl\/hu\/produkt\/glowica-3-pozycyjna-opryskiwacza-z-dyszami-przelotowa-ap0-100-g07-p-pro-e\/#breadcrumb","itemListElement":[{"@type":"ListItem","position":1,"name":"Honlap","item":"https:\/\/exparto.pl\/hu\/"},{"@type":"ListItem","position":2,"name":"Sklep","item":"https:\/\/exparto.pl\/sklep\/"},{"@type":"ListItem","position":3,"name":"Alkatr\u00e9szek permetez\u0151g\u00e9pekhez","item":"https:\/\/exparto.pl\/hu\/termekkategoria\/alkatreszek-permetezogepekhez\/"},{"@type":"ListItem","position":4,"name":"Permetez\u0151 l\u00e1ndzs\u00e1k alkatr\u00e9szei","item":"https:\/\/exparto.pl\/hu\/termekkategoria\/alkatreszek-permetezogepekhez\/permetezo-landzsak-alkatreszei\/"},{"@type":"ListItem","position":5,"name":"G\u0142owica 3-pozycyjna opryskiwacza z dyszami przelotowa AP0-100\/G07\/P\/PRO E"}]},{"@type":"WebSite","@id":"https:\/\/exparto.pl\/hu\/#website","url":"https:\/\/exparto.pl\/hu\/","name":"EXPARTO","description":"More than agro parts","publisher":{"@id":"https:\/\/exparto.pl\/hu\/#organization"},"potentialAction":[{"@type":"SearchAction","target":{"@type":"EntryPoint","urlTemplate":"https:\/\/exparto.pl\/hu\/?s={search_term_string}"},"query-input":{"@type":"PropertyValueSpecification","valueRequired":true,"valueName":"search_term_string"}}],"inLanguage":"hu"},{"@type":"Organization","@id":"https:\/\/exparto.pl\/hu\/#organization","name":"EXPARTO","url":"https:\/\/exparto.pl\/hu\/","logo":{"@type":"ImageObject","inLanguage":"hu","@id":"https:\/\/exparto.pl\/hu\/#\/schema\/logo\/image\/","url":"https:\/\/exparto.pl\/wp-content\/uploads\/2023\/02\/logo-wektor.png","contentUrl":"https:\/\/exparto.pl\/wp-content\/uploads\/2023\/02\/logo-wektor.png","width":1338,"height":143,"caption":"EXPARTO"},"image":{"@id":"https:\/\/exparto.pl\/hu\/#\/schema\/logo\/image\/"},"sameAs":["https:\/\/www.facebook.com\/exparto.agro\/"]}]}},"_links":{"self":[{"href":"https:\/\/exparto.pl\/hu\/wp-json\/wp\/v2\/product\/27802","targetHints":{"allow":["GET"]}}],"collection":[{"href":"https:\/\/exparto.pl\/hu\/wp-json\/wp\/v2\/product"}],"about":[{"href":"https:\/\/exparto.pl\/hu\/wp-json\/wp\/v2\/types\/product"}],"replies":[{"embeddable":true,"href":"https:\/\/exparto.pl\/hu\/wp-json\/wp\/v2\/comments?post=27802"}],"wp:featuredmedia":[{"embeddable":true,"href":"https:\/\/exparto.pl\/hu\/wp-json\/wp\/v2\/media\/27776"}],"wp:attachment":[{"href":"https:\/\/exparto.pl\/hu\/wp-json\/wp\/v2\/media?parent=27802"}],"wp:term":[{"taxonomy":"product_brand","embeddable":true,"href":"https:\/\/exparto.pl\/hu\/wp-json\/wp\/v2\/product_brand?post=27802"},{"taxonomy":"product_cat","embeddable":true,"href":"https:\/\/exparto.pl\/hu\/wp-json\/wp\/v2\/product_cat?post=27802"},{"taxonomy":"product_tag","embeddable":true,"href":"https:\/\/exparto.pl\/hu\/wp-json\/wp\/v2\/product_tag?post=27802"}],"curies":[{"name":"wp","href":"https:\/\/api.w.org\/{rel}","templated":true}]}}