{"id":30652,"date":"2024-08-08T12:09:44","date_gmt":"2024-08-08T10:09:44","guid":{"rendered":"https:\/\/exparto.pl\/produkt\/noz-do-paszowozu-metal-fach\/"},"modified":"2026-03-24T15:30:22","modified_gmt":"2026-03-24T14:30:22","slug":"noz-do-paszowozu-metal-fach","status":"publish","type":"product","link":"https:\/\/exparto.pl\/hu\/produkt\/noz-do-paszowozu-metal-fach\/","title":{"rendered":"N\u00f3\u017c do paszowozu Metal-Fach"},"content":{"rendered":"<p><b>Zastosowanie<\/b><span style=\"font-weight: 400;\">:\u00a0<\/span><\/p>\n<ul>\n<li style=\"font-weight: 400;\" aria-level=\"1\"><span style=\"font-weight: 400;\">paszowozy Metal-Fach, van Lengerich, Peecon, R.M.H., Alima bis, Italmix, Metaltech<\/span><\/li>\n<\/ul>\n<p><b>Numer katalogowy<\/b><span style=\"font-weight: 400;\">:<\/span><\/p>\n<ul>\n<li style=\"font-weight: 400;\" aria-level=\"1\"><span style=\"font-weight: 400;\">MWS: 30-0550-65-01-2<\/span><\/li>\n<\/ul>\n<p><span style=\"font-weight: 400;\">W naszym sklepie przygotowali\u015bmy dla Ciebie wysokiej jako\u015bci n\u00f3\u017c do paszowozu Metal-Fach. Cz\u0119\u015b\u0107 ta pasuje r\u00f3wnie\u017c do maszyn rolniczych wielu innych producent\u00f3w. <\/span><b>Charakteryzuje si\u0119 wysok\u0105 wytrzyma\u0142o\u015bci\u0105 i skutecznym ci\u0119ciem. Poznaj jej charakterystyk\u0119 i dokonaj zakup\u00f3w w EXPARTO<\/b><span style=\"font-weight: 400;\">.\u00a0<\/span><\/p>\n<h2><span style=\"font-weight: 400;\">N\u00f3\u017c do paszowozu \u2013 Metal-Fach<\/span><\/h2>\n<p><span style=\"font-weight: 400;\">Od lat specjalizujemy si\u0119 w produkcji i dystrybucji wysokiej jako\u015bci cz\u0119\u015bci zamiennych do maszyn rolniczych. W tym miejscu przygotowali\u015bmy dla Ciebie n\u00f3\u017c do wozu paszowego Metal-Fach. <\/span><b>Powstaje on z wysokogatunkowej stali, kt\u00f3ra zostaje poddana hartowaniu do twardo\u015bci 55 HRC<\/b><span style=\"font-weight: 400;\">. Dzi\u0119ki swojej uniwersalno\u015bci pasuje r\u00f3wnie\u017c do paszowoz\u00f3w takich producent\u00f3w jak: van Lengerich, Peecon, R.M.H., Alima bis, Italmix, Metaltech. N\u00f3\u017c odpowiada za ci\u0119cie, rozdrabnianie i mieszanie paszy. <\/p>\n<p><\/span><b>Pozwala to na odpowiednie przygotowanie pokarmu dla zwierz\u0105t, co nast\u0119pnie przek\u0142ada si\u0119 na ich prawid\u0142owy rozw\u00f3j oraz przyrost masy<\/b><span style=\"font-weight: 400;\">. Ma to du\u017ce znaczenie dla efektywno\u015bci finansowej gospodarstwa rolnego ze zwierz\u0119tami. Oferowany przez nas n\u00f3\u017c do wozu paszowego posiada ergonomiczny kszta\u0142t, kt\u00f3ry wp\u0142ywa na wydajno\u015b\u0107 pracy maszyny.\u00a0<\/span><\/p>\n<p><span style=\"font-weight: 400;\">Chcesz zadba\u0107 o odpowiedni\u0105 jako\u015b\u0107 paszy podawanej zwierz\u0119tom? Pomo\u017ce Ci w tym w\u00f3z paszowy. <\/span><b>W EXPARTO oferujemy szeroki wyb\u00f3r cz\u0119\u015bci zamiennych do tej maszyny rolniczej<\/b><span style=\"font-weight: 400;\">. Zapraszamy do zakup\u00f3w. Masz jakie\u015b w\u0105tpliwo\u015bci? Nasz ekspert poprowadzi Ci\u0119 przez proces zakupowy.\u00a0<\/span><\/p>\n","protected":false},"excerpt":{"rendered":"<p style=\"text-align: justify;\">N\u00f3\u017c do paszowozu<\/p>\n","protected":false},"featured_media":30642,"comment_status":"open","ping_status":"closed","template":"","meta":{"_acf_changed":false,"inline_featured_image":false},"product_brand":[],"product_cat":[803],"product_tag":[],"class_list":{"0":"post-30652","1":"product","2":"type-product","3":"status-publish","4":"has-post-thumbnail","6":"product_cat-czesci-do-paszowozow","8":"first","9":"instock","10":"taxable","11":"shipping-taxable","12":"purchasable","13":"product-type-simple"},"acf":[],"yoast_head":"<!-- This site is optimized with the Yoast SEO plugin v27.3 - https:\/\/yoast.com\/product\/yoast-seo-wordpress\/ -->\n<title>N\u00f3\u017c do paszowozu Metal-Fach - Exparto.pl<\/title>\n<meta name=\"robots\" content=\"index, follow, max-snippet:-1, max-image-preview:large, max-video-preview:-1\" \/>\n<link rel=\"canonical\" href=\"https:\/\/exparto.pl\/hu\/produkt\/noz-do-paszowozu-metal-fach\/\" \/>\n<meta property=\"og:locale\" content=\"hu_HU\" \/>\n<meta property=\"og:type\" content=\"article\" \/>\n<meta property=\"og:title\" content=\"N\u00f3\u017c do paszowozu Metal-Fach - Exparto.pl\" \/>\n<meta property=\"og:description\" content=\"N\u00f3\u017c do paszowozu\" \/>\n<meta property=\"og:url\" content=\"https:\/\/exparto.pl\/hu\/produkt\/noz-do-paszowozu-metal-fach\/\" \/>\n<meta property=\"og:site_name\" content=\"Exparto.pl\" \/>\n<meta property=\"article:publisher\" content=\"https:\/\/www.facebook.com\/exparto.agro\/\" \/>\n<meta property=\"article:modified_time\" content=\"2026-03-24T14:30:22+00:00\" \/>\n<meta property=\"og:image\" content=\"https:\/\/exparto.pl\/wp-content\/uploads\/2024\/08\/af0173cf5ed871655b469f7c2dd2f842.jpg\" \/>\n\t<meta property=\"og:image:width\" content=\"1200\" \/>\n\t<meta property=\"og:image:height\" content=\"1200\" \/>\n\t<meta property=\"og:image:type\" content=\"image\/jpeg\" \/>\n<meta name=\"twitter:card\" content=\"summary_large_image\" \/>\n<meta name=\"twitter:label1\" content=\"Becs\u00fclt olvas\u00e1si id\u0151\" \/>\n\t<meta name=\"twitter:data1\" content=\"2 perc\" \/>\n<script type=\"application\/ld+json\" class=\"yoast-schema-graph\">{\"@context\":\"https:\\\/\\\/schema.org\",\"@graph\":[{\"@type\":\"WebPage\",\"@id\":\"https:\\\/\\\/exparto.pl\\\/hu\\\/produkt\\\/noz-do-paszowozu-metal-fach\\\/\",\"url\":\"https:\\\/\\\/exparto.pl\\\/hu\\\/produkt\\\/noz-do-paszowozu-metal-fach\\\/\",\"name\":\"N\u00f3\u017c do paszowozu Metal-Fach - Exparto.pl\",\"isPartOf\":{\"@id\":\"https:\\\/\\\/exparto.pl\\\/hu\\\/#website\"},\"primaryImageOfPage\":{\"@id\":\"https:\\\/\\\/exparto.pl\\\/hu\\\/produkt\\\/noz-do-paszowozu-metal-fach\\\/#primaryimage\"},\"image\":{\"@id\":\"https:\\\/\\\/exparto.pl\\\/hu\\\/produkt\\\/noz-do-paszowozu-metal-fach\\\/#primaryimage\"},\"thumbnailUrl\":\"https:\\\/\\\/exparto.pl\\\/wp-content\\\/uploads\\\/2024\\\/08\\\/af0173cf5ed871655b469f7c2dd2f842.jpg\",\"datePublished\":\"2024-08-08T10:09:44+00:00\",\"dateModified\":\"2026-03-24T14:30:22+00:00\",\"breadcrumb\":{\"@id\":\"https:\\\/\\\/exparto.pl\\\/hu\\\/produkt\\\/noz-do-paszowozu-metal-fach\\\/#breadcrumb\"},\"inLanguage\":\"hu\",\"potentialAction\":[{\"@type\":\"ReadAction\",\"target\":[\"https:\\\/\\\/exparto.pl\\\/hu\\\/produkt\\\/noz-do-paszowozu-metal-fach\\\/\"]}]},{\"@type\":\"ImageObject\",\"inLanguage\":\"hu\",\"@id\":\"https:\\\/\\\/exparto.pl\\\/hu\\\/produkt\\\/noz-do-paszowozu-metal-fach\\\/#primaryimage\",\"url\":\"https:\\\/\\\/exparto.pl\\\/wp-content\\\/uploads\\\/2024\\\/08\\\/af0173cf5ed871655b469f7c2dd2f842.jpg\",\"contentUrl\":\"https:\\\/\\\/exparto.pl\\\/wp-content\\\/uploads\\\/2024\\\/08\\\/af0173cf5ed871655b469f7c2dd2f842.jpg\",\"width\":1200,\"height\":1200},{\"@type\":\"BreadcrumbList\",\"@id\":\"https:\\\/\\\/exparto.pl\\\/hu\\\/produkt\\\/noz-do-paszowozu-metal-fach\\\/#breadcrumb\",\"itemListElement\":[{\"@type\":\"ListItem\",\"position\":1,\"name\":\"Honlap\",\"item\":\"https:\\\/\\\/exparto.pl\\\/hu\\\/\"},{\"@type\":\"ListItem\",\"position\":2,\"name\":\"Sklep\",\"item\":\"https:\\\/\\\/exparto.pl\\\/sklep\\\/\"},{\"@type\":\"ListItem\",\"position\":3,\"name\":\"Cz\u0119\u015bci do paszowoz\u00f3w\",\"item\":\"https:\\\/\\\/exparto.pl\\\/kategoria-produktu\\\/czesci-do-paszowozow\\\/\"},{\"@type\":\"ListItem\",\"position\":4,\"name\":\"N\u00f3\u017c do paszowozu Metal-Fach\"}]},{\"@type\":\"WebSite\",\"@id\":\"https:\\\/\\\/exparto.pl\\\/hu\\\/#website\",\"url\":\"https:\\\/\\\/exparto.pl\\\/hu\\\/\",\"name\":\"EXPARTO\",\"description\":\"More than agro parts\",\"publisher\":{\"@id\":\"https:\\\/\\\/exparto.pl\\\/hu\\\/#organization\"},\"potentialAction\":[{\"@type\":\"SearchAction\",\"target\":{\"@type\":\"EntryPoint\",\"urlTemplate\":\"https:\\\/\\\/exparto.pl\\\/hu\\\/?s={search_term_string}\"},\"query-input\":{\"@type\":\"PropertyValueSpecification\",\"valueRequired\":true,\"valueName\":\"search_term_string\"}}],\"inLanguage\":\"hu\"},{\"@type\":\"Organization\",\"@id\":\"https:\\\/\\\/exparto.pl\\\/hu\\\/#organization\",\"name\":\"EXPARTO\",\"url\":\"https:\\\/\\\/exparto.pl\\\/hu\\\/\",\"logo\":{\"@type\":\"ImageObject\",\"inLanguage\":\"hu\",\"@id\":\"https:\\\/\\\/exparto.pl\\\/hu\\\/#\\\/schema\\\/logo\\\/image\\\/\",\"url\":\"https:\\\/\\\/exparto.pl\\\/wp-content\\\/uploads\\\/2023\\\/02\\\/logo-wektor.png\",\"contentUrl\":\"https:\\\/\\\/exparto.pl\\\/wp-content\\\/uploads\\\/2023\\\/02\\\/logo-wektor.png\",\"width\":1338,\"height\":143,\"caption\":\"EXPARTO\"},\"image\":{\"@id\":\"https:\\\/\\\/exparto.pl\\\/hu\\\/#\\\/schema\\\/logo\\\/image\\\/\"},\"sameAs\":[\"https:\\\/\\\/www.facebook.com\\\/exparto.agro\\\/\"]}]}<\/script>\n<!-- \/ Yoast SEO plugin. -->","yoast_head_json":{"title":"N\u00f3\u017c do paszowozu Metal-Fach - Exparto.pl","robots":{"index":"index","follow":"follow","max-snippet":"max-snippet:-1","max-image-preview":"max-image-preview:large","max-video-preview":"max-video-preview:-1"},"canonical":"https:\/\/exparto.pl\/hu\/produkt\/noz-do-paszowozu-metal-fach\/","og_locale":"hu_HU","og_type":"article","og_title":"N\u00f3\u017c do paszowozu Metal-Fach - Exparto.pl","og_description":"N\u00f3\u017c do paszowozu","og_url":"https:\/\/exparto.pl\/hu\/produkt\/noz-do-paszowozu-metal-fach\/","og_site_name":"Exparto.pl","article_publisher":"https:\/\/www.facebook.com\/exparto.agro\/","article_modified_time":"2026-03-24T14:30:22+00:00","og_image":[{"width":1200,"height":1200,"url":"https:\/\/exparto.pl\/wp-content\/uploads\/2024\/08\/af0173cf5ed871655b469f7c2dd2f842.jpg","type":"image\/jpeg"}],"twitter_card":"summary_large_image","twitter_misc":{"Becs\u00fclt olvas\u00e1si id\u0151":"2 perc"},"schema":{"@context":"https:\/\/schema.org","@graph":[{"@type":"WebPage","@id":"https:\/\/exparto.pl\/hu\/produkt\/noz-do-paszowozu-metal-fach\/","url":"https:\/\/exparto.pl\/hu\/produkt\/noz-do-paszowozu-metal-fach\/","name":"N\u00f3\u017c do paszowozu Metal-Fach - Exparto.pl","isPartOf":{"@id":"https:\/\/exparto.pl\/hu\/#website"},"primaryImageOfPage":{"@id":"https:\/\/exparto.pl\/hu\/produkt\/noz-do-paszowozu-metal-fach\/#primaryimage"},"image":{"@id":"https:\/\/exparto.pl\/hu\/produkt\/noz-do-paszowozu-metal-fach\/#primaryimage"},"thumbnailUrl":"https:\/\/exparto.pl\/wp-content\/uploads\/2024\/08\/af0173cf5ed871655b469f7c2dd2f842.jpg","datePublished":"2024-08-08T10:09:44+00:00","dateModified":"2026-03-24T14:30:22+00:00","breadcrumb":{"@id":"https:\/\/exparto.pl\/hu\/produkt\/noz-do-paszowozu-metal-fach\/#breadcrumb"},"inLanguage":"hu","potentialAction":[{"@type":"ReadAction","target":["https:\/\/exparto.pl\/hu\/produkt\/noz-do-paszowozu-metal-fach\/"]}]},{"@type":"ImageObject","inLanguage":"hu","@id":"https:\/\/exparto.pl\/hu\/produkt\/noz-do-paszowozu-metal-fach\/#primaryimage","url":"https:\/\/exparto.pl\/wp-content\/uploads\/2024\/08\/af0173cf5ed871655b469f7c2dd2f842.jpg","contentUrl":"https:\/\/exparto.pl\/wp-content\/uploads\/2024\/08\/af0173cf5ed871655b469f7c2dd2f842.jpg","width":1200,"height":1200},{"@type":"BreadcrumbList","@id":"https:\/\/exparto.pl\/hu\/produkt\/noz-do-paszowozu-metal-fach\/#breadcrumb","itemListElement":[{"@type":"ListItem","position":1,"name":"Honlap","item":"https:\/\/exparto.pl\/hu\/"},{"@type":"ListItem","position":2,"name":"Sklep","item":"https:\/\/exparto.pl\/sklep\/"},{"@type":"ListItem","position":3,"name":"Cz\u0119\u015bci do paszowoz\u00f3w","item":"https:\/\/exparto.pl\/kategoria-produktu\/czesci-do-paszowozow\/"},{"@type":"ListItem","position":4,"name":"N\u00f3\u017c do paszowozu Metal-Fach"}]},{"@type":"WebSite","@id":"https:\/\/exparto.pl\/hu\/#website","url":"https:\/\/exparto.pl\/hu\/","name":"EXPARTO","description":"More than agro parts","publisher":{"@id":"https:\/\/exparto.pl\/hu\/#organization"},"potentialAction":[{"@type":"SearchAction","target":{"@type":"EntryPoint","urlTemplate":"https:\/\/exparto.pl\/hu\/?s={search_term_string}"},"query-input":{"@type":"PropertyValueSpecification","valueRequired":true,"valueName":"search_term_string"}}],"inLanguage":"hu"},{"@type":"Organization","@id":"https:\/\/exparto.pl\/hu\/#organization","name":"EXPARTO","url":"https:\/\/exparto.pl\/hu\/","logo":{"@type":"ImageObject","inLanguage":"hu","@id":"https:\/\/exparto.pl\/hu\/#\/schema\/logo\/image\/","url":"https:\/\/exparto.pl\/wp-content\/uploads\/2023\/02\/logo-wektor.png","contentUrl":"https:\/\/exparto.pl\/wp-content\/uploads\/2023\/02\/logo-wektor.png","width":1338,"height":143,"caption":"EXPARTO"},"image":{"@id":"https:\/\/exparto.pl\/hu\/#\/schema\/logo\/image\/"},"sameAs":["https:\/\/www.facebook.com\/exparto.agro\/"]}]}},"_links":{"self":[{"href":"https:\/\/exparto.pl\/hu\/wp-json\/wp\/v2\/product\/30652","targetHints":{"allow":["GET"]}}],"collection":[{"href":"https:\/\/exparto.pl\/hu\/wp-json\/wp\/v2\/product"}],"about":[{"href":"https:\/\/exparto.pl\/hu\/wp-json\/wp\/v2\/types\/product"}],"replies":[{"embeddable":true,"href":"https:\/\/exparto.pl\/hu\/wp-json\/wp\/v2\/comments?post=30652"}],"wp:featuredmedia":[{"embeddable":true,"href":"https:\/\/exparto.pl\/hu\/wp-json\/wp\/v2\/media\/30642"}],"wp:attachment":[{"href":"https:\/\/exparto.pl\/hu\/wp-json\/wp\/v2\/media?parent=30652"}],"wp:term":[{"taxonomy":"product_brand","embeddable":true,"href":"https:\/\/exparto.pl\/hu\/wp-json\/wp\/v2\/product_brand?post=30652"},{"taxonomy":"product_cat","embeddable":true,"href":"https:\/\/exparto.pl\/hu\/wp-json\/wp\/v2\/product_cat?post=30652"},{"taxonomy":"product_tag","embeddable":true,"href":"https:\/\/exparto.pl\/hu\/wp-json\/wp\/v2\/product_tag?post=30652"}],"curies":[{"name":"wp","href":"https:\/\/api.w.org\/{rel}","templated":true}]}}