{"id":32324,"date":"2024-09-05T16:05:42","date_gmt":"2024-09-05T14:05:42","guid":{"rendered":"https:\/\/exparto.pl\/produkt\/odkladnia-pluga-orlik\/"},"modified":"2026-03-16T10:01:43","modified_gmt":"2026-03-16T09:01:43","slug":"odkladnia-pluga-orlik","status":"publish","type":"product","link":"https:\/\/exparto.pl\/hu\/produkt\/odkladnia-pluga-orlik\/","title":{"rendered":"Odk\u0142adnia p\u0142uga Orlik"},"content":{"rendered":"<p style=\"text-align: justify\">Odk\u0142adnia p\u0142uga.<\/p>\n<p style=\"text-align: justify\"><b>Zastosowanie:\u00a0<\/b><\/p>\n<ul>\n<li>p\u0142ugi Orlik<\/li>\n<\/ul>\n<p style=\"text-align: justify\"><span style=\"color: var(--gray-800)\"><b>Numer katalogowy:<\/b>\u00a0<\/span><\/p>\n<ul>\n<li style=\"text-align: justify\">10251010<\/li>\n<\/ul>\n","protected":false},"excerpt":{"rendered":"<p style=\"text-align: justify\">Odk\u0142adnia p\u0142uga Orlik<\/p>\n","protected":false},"featured_media":32309,"comment_status":"open","ping_status":"closed","template":"","meta":{"_acf_changed":false,"inline_featured_image":false},"product_brand":[],"product_cat":[765,947],"product_tag":[],"class_list":{"0":"post-32324","1":"product","2":"type-product","3":"status-publish","4":"has-post-thumbnail","6":"product_cat-czesci-do-plugow","7":"product_cat-odkladnice-skrzydla-odkladnia-odkladnie-uchwyty-wsporniki-odkladnic","9":"first","10":"instock","11":"taxable","12":"shipping-taxable","13":"purchasable","14":"product-type-simple"},"acf":[],"yoast_head":"<!-- This site is optimized with the Yoast SEO plugin v27.2 - https:\/\/yoast.com\/product\/yoast-seo-wordpress\/ -->\n<title>Odk\u0142adnia p\u0142uga Orlik - Exparto.pl<\/title>\n<meta name=\"robots\" content=\"index, follow, max-snippet:-1, max-image-preview:large, max-video-preview:-1\" \/>\n<link rel=\"canonical\" href=\"https:\/\/exparto.pl\/hu\/produkt\/odkladnia-pluga-orlik\/\" \/>\n<meta property=\"og:locale\" content=\"hu_HU\" \/>\n<meta property=\"og:type\" content=\"article\" \/>\n<meta property=\"og:title\" content=\"Odk\u0142adnia p\u0142uga Orlik - Exparto.pl\" \/>\n<meta property=\"og:description\" content=\"Odk\u0142adnia p\u0142uga Orlik\" \/>\n<meta property=\"og:url\" content=\"https:\/\/exparto.pl\/hu\/produkt\/odkladnia-pluga-orlik\/\" \/>\n<meta property=\"og:site_name\" content=\"Exparto.pl\" \/>\n<meta property=\"article:publisher\" content=\"https:\/\/www.facebook.com\/exparto.agro\/\" \/>\n<meta property=\"article:modified_time\" content=\"2026-03-16T09:01:43+00:00\" \/>\n<meta property=\"og:image\" content=\"https:\/\/exparto.pl\/wp-content\/uploads\/2024\/09\/e10b056bc945fb3320239144e02c73eb-rotated.jpg\" \/>\n\t<meta property=\"og:image:width\" content=\"1200\" \/>\n\t<meta property=\"og:image:height\" content=\"1200\" \/>\n\t<meta property=\"og:image:type\" content=\"image\/jpeg\" \/>\n<meta name=\"twitter:card\" content=\"summary_large_image\" \/>\n<meta name=\"twitter:label1\" content=\"Becs\u00fclt olvas\u00e1si id\u0151\" \/>\n\t<meta name=\"twitter:data1\" content=\"1 perc\" \/>\n<script type=\"application\/ld+json\" class=\"yoast-schema-graph\">{\"@context\":\"https:\/\/schema.org\",\"@graph\":[{\"@type\":\"WebPage\",\"@id\":\"https:\/\/exparto.pl\/hu\/produkt\/odkladnia-pluga-orlik\/\",\"url\":\"https:\/\/exparto.pl\/hu\/produkt\/odkladnia-pluga-orlik\/\",\"name\":\"Odk\u0142adnia p\u0142uga Orlik - Exparto.pl\",\"isPartOf\":{\"@id\":\"https:\/\/exparto.pl\/hu\/#website\"},\"primaryImageOfPage\":{\"@id\":\"https:\/\/exparto.pl\/hu\/produkt\/odkladnia-pluga-orlik\/#primaryimage\"},\"image\":{\"@id\":\"https:\/\/exparto.pl\/hu\/produkt\/odkladnia-pluga-orlik\/#primaryimage\"},\"thumbnailUrl\":\"https:\/\/exparto.pl\/wp-content\/uploads\/2024\/09\/e10b056bc945fb3320239144e02c73eb-rotated.jpg\",\"datePublished\":\"2024-09-05T14:05:42+00:00\",\"dateModified\":\"2026-03-16T09:01:43+00:00\",\"breadcrumb\":{\"@id\":\"https:\/\/exparto.pl\/hu\/produkt\/odkladnia-pluga-orlik\/#breadcrumb\"},\"inLanguage\":\"hu\",\"potentialAction\":[{\"@type\":\"ReadAction\",\"target\":[\"https:\/\/exparto.pl\/hu\/produkt\/odkladnia-pluga-orlik\/\"]}]},{\"@type\":\"ImageObject\",\"inLanguage\":\"hu\",\"@id\":\"https:\/\/exparto.pl\/hu\/produkt\/odkladnia-pluga-orlik\/#primaryimage\",\"url\":\"https:\/\/exparto.pl\/wp-content\/uploads\/2024\/09\/e10b056bc945fb3320239144e02c73eb-rotated.jpg\",\"contentUrl\":\"https:\/\/exparto.pl\/wp-content\/uploads\/2024\/09\/e10b056bc945fb3320239144e02c73eb-rotated.jpg\",\"width\":1200,\"height\":1200},{\"@type\":\"BreadcrumbList\",\"@id\":\"https:\/\/exparto.pl\/hu\/produkt\/odkladnia-pluga-orlik\/#breadcrumb\",\"itemListElement\":[{\"@type\":\"ListItem\",\"position\":1,\"name\":\"Honlap\",\"item\":\"https:\/\/exparto.pl\/hu\/\"},{\"@type\":\"ListItem\",\"position\":2,\"name\":\"Sklep\",\"item\":\"https:\/\/exparto.pl\/sklep\/\"},{\"@type\":\"ListItem\",\"position\":3,\"name\":\"Asz\u00faalkatr\u00e9szek\",\"item\":\"https:\/\/exparto.pl\/hu\/termekkategoria\/aszualkatreszek\/\"},{\"@type\":\"ListItem\",\"position\":4,\"name\":\"Odk\u0142adnice (skrzyd\u0142a odk\u0142adnia, odk\u0142adnie) , uchwyty, wsporniki odk\u0142adnic\",\"item\":\"https:\/\/exparto.pl\/kategoria-produktu\/czesci-do-plugow\/odkladnice-skrzydla-odkladnia-odkladnie-uchwyty-wsporniki-odkladnic\/\"},{\"@type\":\"ListItem\",\"position\":5,\"name\":\"Odk\u0142adnia p\u0142uga Orlik\"}]},{\"@type\":\"WebSite\",\"@id\":\"https:\/\/exparto.pl\/hu\/#website\",\"url\":\"https:\/\/exparto.pl\/hu\/\",\"name\":\"EXPARTO\",\"description\":\"More than agro parts\",\"publisher\":{\"@id\":\"https:\/\/exparto.pl\/hu\/#organization\"},\"potentialAction\":[{\"@type\":\"SearchAction\",\"target\":{\"@type\":\"EntryPoint\",\"urlTemplate\":\"https:\/\/exparto.pl\/hu\/?s={search_term_string}\"},\"query-input\":{\"@type\":\"PropertyValueSpecification\",\"valueRequired\":true,\"valueName\":\"search_term_string\"}}],\"inLanguage\":\"hu\"},{\"@type\":\"Organization\",\"@id\":\"https:\/\/exparto.pl\/hu\/#organization\",\"name\":\"EXPARTO\",\"url\":\"https:\/\/exparto.pl\/hu\/\",\"logo\":{\"@type\":\"ImageObject\",\"inLanguage\":\"hu\",\"@id\":\"https:\/\/exparto.pl\/hu\/#\/schema\/logo\/image\/\",\"url\":\"https:\/\/exparto.pl\/wp-content\/uploads\/2023\/02\/logo-wektor.png\",\"contentUrl\":\"https:\/\/exparto.pl\/wp-content\/uploads\/2023\/02\/logo-wektor.png\",\"width\":1338,\"height\":143,\"caption\":\"EXPARTO\"},\"image\":{\"@id\":\"https:\/\/exparto.pl\/hu\/#\/schema\/logo\/image\/\"},\"sameAs\":[\"https:\/\/www.facebook.com\/exparto.agro\/\"]}]}<\/script>\n<!-- \/ Yoast SEO plugin. -->","yoast_head_json":{"title":"Odk\u0142adnia p\u0142uga Orlik - Exparto.pl","robots":{"index":"index","follow":"follow","max-snippet":"max-snippet:-1","max-image-preview":"max-image-preview:large","max-video-preview":"max-video-preview:-1"},"canonical":"https:\/\/exparto.pl\/hu\/produkt\/odkladnia-pluga-orlik\/","og_locale":"hu_HU","og_type":"article","og_title":"Odk\u0142adnia p\u0142uga Orlik - Exparto.pl","og_description":"Odk\u0142adnia p\u0142uga Orlik","og_url":"https:\/\/exparto.pl\/hu\/produkt\/odkladnia-pluga-orlik\/","og_site_name":"Exparto.pl","article_publisher":"https:\/\/www.facebook.com\/exparto.agro\/","article_modified_time":"2026-03-16T09:01:43+00:00","og_image":[{"width":1200,"height":1200,"url":"https:\/\/exparto.pl\/wp-content\/uploads\/2024\/09\/e10b056bc945fb3320239144e02c73eb-rotated.jpg","type":"image\/jpeg"}],"twitter_card":"summary_large_image","twitter_misc":{"Becs\u00fclt olvas\u00e1si id\u0151":"1 perc"},"schema":{"@context":"https:\/\/schema.org","@graph":[{"@type":"WebPage","@id":"https:\/\/exparto.pl\/hu\/produkt\/odkladnia-pluga-orlik\/","url":"https:\/\/exparto.pl\/hu\/produkt\/odkladnia-pluga-orlik\/","name":"Odk\u0142adnia p\u0142uga Orlik - Exparto.pl","isPartOf":{"@id":"https:\/\/exparto.pl\/hu\/#website"},"primaryImageOfPage":{"@id":"https:\/\/exparto.pl\/hu\/produkt\/odkladnia-pluga-orlik\/#primaryimage"},"image":{"@id":"https:\/\/exparto.pl\/hu\/produkt\/odkladnia-pluga-orlik\/#primaryimage"},"thumbnailUrl":"https:\/\/exparto.pl\/wp-content\/uploads\/2024\/09\/e10b056bc945fb3320239144e02c73eb-rotated.jpg","datePublished":"2024-09-05T14:05:42+00:00","dateModified":"2026-03-16T09:01:43+00:00","breadcrumb":{"@id":"https:\/\/exparto.pl\/hu\/produkt\/odkladnia-pluga-orlik\/#breadcrumb"},"inLanguage":"hu","potentialAction":[{"@type":"ReadAction","target":["https:\/\/exparto.pl\/hu\/produkt\/odkladnia-pluga-orlik\/"]}]},{"@type":"ImageObject","inLanguage":"hu","@id":"https:\/\/exparto.pl\/hu\/produkt\/odkladnia-pluga-orlik\/#primaryimage","url":"https:\/\/exparto.pl\/wp-content\/uploads\/2024\/09\/e10b056bc945fb3320239144e02c73eb-rotated.jpg","contentUrl":"https:\/\/exparto.pl\/wp-content\/uploads\/2024\/09\/e10b056bc945fb3320239144e02c73eb-rotated.jpg","width":1200,"height":1200},{"@type":"BreadcrumbList","@id":"https:\/\/exparto.pl\/hu\/produkt\/odkladnia-pluga-orlik\/#breadcrumb","itemListElement":[{"@type":"ListItem","position":1,"name":"Honlap","item":"https:\/\/exparto.pl\/hu\/"},{"@type":"ListItem","position":2,"name":"Sklep","item":"https:\/\/exparto.pl\/sklep\/"},{"@type":"ListItem","position":3,"name":"Asz\u00faalkatr\u00e9szek","item":"https:\/\/exparto.pl\/hu\/termekkategoria\/aszualkatreszek\/"},{"@type":"ListItem","position":4,"name":"Odk\u0142adnice (skrzyd\u0142a odk\u0142adnia, odk\u0142adnie) , uchwyty, wsporniki odk\u0142adnic","item":"https:\/\/exparto.pl\/kategoria-produktu\/czesci-do-plugow\/odkladnice-skrzydla-odkladnia-odkladnie-uchwyty-wsporniki-odkladnic\/"},{"@type":"ListItem","position":5,"name":"Odk\u0142adnia p\u0142uga Orlik"}]},{"@type":"WebSite","@id":"https:\/\/exparto.pl\/hu\/#website","url":"https:\/\/exparto.pl\/hu\/","name":"EXPARTO","description":"More than agro parts","publisher":{"@id":"https:\/\/exparto.pl\/hu\/#organization"},"potentialAction":[{"@type":"SearchAction","target":{"@type":"EntryPoint","urlTemplate":"https:\/\/exparto.pl\/hu\/?s={search_term_string}"},"query-input":{"@type":"PropertyValueSpecification","valueRequired":true,"valueName":"search_term_string"}}],"inLanguage":"hu"},{"@type":"Organization","@id":"https:\/\/exparto.pl\/hu\/#organization","name":"EXPARTO","url":"https:\/\/exparto.pl\/hu\/","logo":{"@type":"ImageObject","inLanguage":"hu","@id":"https:\/\/exparto.pl\/hu\/#\/schema\/logo\/image\/","url":"https:\/\/exparto.pl\/wp-content\/uploads\/2023\/02\/logo-wektor.png","contentUrl":"https:\/\/exparto.pl\/wp-content\/uploads\/2023\/02\/logo-wektor.png","width":1338,"height":143,"caption":"EXPARTO"},"image":{"@id":"https:\/\/exparto.pl\/hu\/#\/schema\/logo\/image\/"},"sameAs":["https:\/\/www.facebook.com\/exparto.agro\/"]}]}},"_links":{"self":[{"href":"https:\/\/exparto.pl\/hu\/wp-json\/wp\/v2\/product\/32324","targetHints":{"allow":["GET"]}}],"collection":[{"href":"https:\/\/exparto.pl\/hu\/wp-json\/wp\/v2\/product"}],"about":[{"href":"https:\/\/exparto.pl\/hu\/wp-json\/wp\/v2\/types\/product"}],"replies":[{"embeddable":true,"href":"https:\/\/exparto.pl\/hu\/wp-json\/wp\/v2\/comments?post=32324"}],"wp:featuredmedia":[{"embeddable":true,"href":"https:\/\/exparto.pl\/hu\/wp-json\/wp\/v2\/media\/32309"}],"wp:attachment":[{"href":"https:\/\/exparto.pl\/hu\/wp-json\/wp\/v2\/media?parent=32324"}],"wp:term":[{"taxonomy":"product_brand","embeddable":true,"href":"https:\/\/exparto.pl\/hu\/wp-json\/wp\/v2\/product_brand?post=32324"},{"taxonomy":"product_cat","embeddable":true,"href":"https:\/\/exparto.pl\/hu\/wp-json\/wp\/v2\/product_cat?post=32324"},{"taxonomy":"product_tag","embeddable":true,"href":"https:\/\/exparto.pl\/hu\/wp-json\/wp\/v2\/product_tag?post=32324"}],"curies":[{"name":"wp","href":"https:\/\/api.w.org\/{rel}","templated":true}]}}