{"id":33410,"date":"2024-09-06T12:17:32","date_gmt":"2024-09-06T10:17:32","guid":{"rendered":"https:\/\/exparto.pl\/produkt\/kuhn-szantoszeker-bal-oldali-boracel\/"},"modified":"2024-09-06T12:17:32","modified_gmt":"2024-09-06T10:17:32","slug":"kuhn-szantoszeker-bal-oldali-boracel","status":"publish","type":"product","link":"https:\/\/exparto.pl\/hu\/produkt\/kuhn-szantoszeker-bal-oldali-boracel\/","title":{"rendered":"Kuhn sz\u00e1nt\u00f3szek\u00e9r bal oldali b\u00f3rac\u00e9l"},"content":{"rendered":"<p style=\"text-align: justify\">Jobb oldali penge.  <span style=\"color: var(--text-color)\">Borac\u00e9lb\u00f3l k\u00e9sz\u00fclt &#8211; kem\u00e9nys\u00e9ge 43-50HRC.<\/span><\/p>\n<p style=\"text-align: justify\"><b>Alkalmaz\u00e1s:  <\/b><\/p>\n<ul>\n<li style=\"text-align: justify\">Kuhn ek\u00e9k<\/li>\n<\/ul>\n<p style=\"text-align: justify\"><span style=\"color: var(--gray-800)\"><b>Katal\u00f3gussz\u00e1m:  <\/b><\/span><\/p>\n<ul>\n<li style=\"text-align: justify\">622213<\/li>\n<\/ul>\n","protected":false},"excerpt":{"rendered":"<p style=\"text-align: justify\">Bal oldali Kuhn penge<\/p>\n","protected":false},"featured_media":32608,"comment_status":"open","ping_status":"closed","template":"","meta":{"_acf_changed":false,"inline_featured_image":false},"product_brand":[],"product_cat":[827,828],"product_tag":[],"class_list":{"0":"post-33410","1":"product","2":"type-product","3":"status-publish","4":"has-post-thumbnail","6":"product_cat-aszualkatreszek","7":"product_cat-szantoszarnyak","9":"first","10":"instock","11":"taxable","12":"shipping-taxable","13":"purchasable","14":"product-type-simple"},"acf":[],"yoast_head":"<!-- This site is optimized with the Yoast SEO plugin v27.2 - https:\/\/yoast.com\/product\/yoast-seo-wordpress\/ -->\n<title>Kuhn sz\u00e1nt\u00f3szek\u00e9r bal oldali b\u00f3rac\u00e9l - Exparto.pl<\/title>\n<meta name=\"robots\" content=\"index, follow, max-snippet:-1, max-image-preview:large, max-video-preview:-1\" \/>\n<link rel=\"canonical\" href=\"https:\/\/exparto.pl\/hu\/produkt\/kuhn-szantoszeker-bal-oldali-boracel\/\" \/>\n<meta property=\"og:locale\" content=\"hu_HU\" \/>\n<meta property=\"og:type\" content=\"article\" \/>\n<meta property=\"og:title\" content=\"Kuhn sz\u00e1nt\u00f3szek\u00e9r bal oldali b\u00f3rac\u00e9l - Exparto.pl\" \/>\n<meta property=\"og:description\" content=\"Bal oldali Kuhn penge\" \/>\n<meta property=\"og:url\" content=\"https:\/\/exparto.pl\/hu\/produkt\/kuhn-szantoszeker-bal-oldali-boracel\/\" \/>\n<meta property=\"og:site_name\" content=\"Exparto.pl\" \/>\n<meta property=\"article:publisher\" content=\"https:\/\/www.facebook.com\/exparto.agro\/\" \/>\n<meta property=\"og:image\" content=\"https:\/\/exparto.pl\/wp-content\/uploads\/2024\/09\/bb47a677bc7b9f7b9892249b3606b409.jpg\" \/>\n\t<meta property=\"og:image:width\" content=\"1200\" \/>\n\t<meta property=\"og:image:height\" content=\"1200\" \/>\n\t<meta property=\"og:image:type\" content=\"image\/jpeg\" \/>\n<meta name=\"twitter:card\" content=\"summary_large_image\" \/>\n<script type=\"application\/ld+json\" class=\"yoast-schema-graph\">{\"@context\":\"https:\/\/schema.org\",\"@graph\":[{\"@type\":\"WebPage\",\"@id\":\"https:\/\/exparto.pl\/hu\/produkt\/kuhn-szantoszeker-bal-oldali-boracel\/\",\"url\":\"https:\/\/exparto.pl\/hu\/produkt\/kuhn-szantoszeker-bal-oldali-boracel\/\",\"name\":\"Kuhn sz\u00e1nt\u00f3szek\u00e9r bal oldali b\u00f3rac\u00e9l - Exparto.pl\",\"isPartOf\":{\"@id\":\"https:\/\/exparto.pl\/hu\/#website\"},\"primaryImageOfPage\":{\"@id\":\"https:\/\/exparto.pl\/hu\/produkt\/kuhn-szantoszeker-bal-oldali-boracel\/#primaryimage\"},\"image\":{\"@id\":\"https:\/\/exparto.pl\/hu\/produkt\/kuhn-szantoszeker-bal-oldali-boracel\/#primaryimage\"},\"thumbnailUrl\":\"https:\/\/exparto.pl\/wp-content\/uploads\/2024\/09\/bb47a677bc7b9f7b9892249b3606b409.jpg\",\"datePublished\":\"2024-09-06T10:17:32+00:00\",\"breadcrumb\":{\"@id\":\"https:\/\/exparto.pl\/hu\/produkt\/kuhn-szantoszeker-bal-oldali-boracel\/#breadcrumb\"},\"inLanguage\":\"hu\",\"potentialAction\":[{\"@type\":\"ReadAction\",\"target\":[\"https:\/\/exparto.pl\/hu\/produkt\/kuhn-szantoszeker-bal-oldali-boracel\/\"]}]},{\"@type\":\"ImageObject\",\"inLanguage\":\"hu\",\"@id\":\"https:\/\/exparto.pl\/hu\/produkt\/kuhn-szantoszeker-bal-oldali-boracel\/#primaryimage\",\"url\":\"https:\/\/exparto.pl\/wp-content\/uploads\/2024\/09\/bb47a677bc7b9f7b9892249b3606b409.jpg\",\"contentUrl\":\"https:\/\/exparto.pl\/wp-content\/uploads\/2024\/09\/bb47a677bc7b9f7b9892249b3606b409.jpg\",\"width\":1200,\"height\":1200},{\"@type\":\"BreadcrumbList\",\"@id\":\"https:\/\/exparto.pl\/hu\/produkt\/kuhn-szantoszeker-bal-oldali-boracel\/#breadcrumb\",\"itemListElement\":[{\"@type\":\"ListItem\",\"position\":1,\"name\":\"Honlap\",\"item\":\"https:\/\/exparto.pl\/hu\/\"},{\"@type\":\"ListItem\",\"position\":2,\"name\":\"Sklep\",\"item\":\"https:\/\/exparto.pl\/sklep\/\"},{\"@type\":\"ListItem\",\"position\":3,\"name\":\"Kuhn sz\u00e1nt\u00f3szek\u00e9r bal oldali b\u00f3rac\u00e9l\"}]},{\"@type\":\"WebSite\",\"@id\":\"https:\/\/exparto.pl\/hu\/#website\",\"url\":\"https:\/\/exparto.pl\/hu\/\",\"name\":\"EXPARTO\",\"description\":\"More than agro parts\",\"publisher\":{\"@id\":\"https:\/\/exparto.pl\/hu\/#organization\"},\"potentialAction\":[{\"@type\":\"SearchAction\",\"target\":{\"@type\":\"EntryPoint\",\"urlTemplate\":\"https:\/\/exparto.pl\/hu\/?s={search_term_string}\"},\"query-input\":{\"@type\":\"PropertyValueSpecification\",\"valueRequired\":true,\"valueName\":\"search_term_string\"}}],\"inLanguage\":\"hu\"},{\"@type\":\"Organization\",\"@id\":\"https:\/\/exparto.pl\/hu\/#organization\",\"name\":\"EXPARTO\",\"url\":\"https:\/\/exparto.pl\/hu\/\",\"logo\":{\"@type\":\"ImageObject\",\"inLanguage\":\"hu\",\"@id\":\"https:\/\/exparto.pl\/hu\/#\/schema\/logo\/image\/\",\"url\":\"https:\/\/exparto.pl\/wp-content\/uploads\/2023\/02\/logo-wektor.png\",\"contentUrl\":\"https:\/\/exparto.pl\/wp-content\/uploads\/2023\/02\/logo-wektor.png\",\"width\":1338,\"height\":143,\"caption\":\"EXPARTO\"},\"image\":{\"@id\":\"https:\/\/exparto.pl\/hu\/#\/schema\/logo\/image\/\"},\"sameAs\":[\"https:\/\/www.facebook.com\/exparto.agro\/\"]}]}<\/script>\n<!-- \/ Yoast SEO plugin. -->","yoast_head_json":{"title":"Kuhn sz\u00e1nt\u00f3szek\u00e9r bal oldali b\u00f3rac\u00e9l - Exparto.pl","robots":{"index":"index","follow":"follow","max-snippet":"max-snippet:-1","max-image-preview":"max-image-preview:large","max-video-preview":"max-video-preview:-1"},"canonical":"https:\/\/exparto.pl\/hu\/produkt\/kuhn-szantoszeker-bal-oldali-boracel\/","og_locale":"hu_HU","og_type":"article","og_title":"Kuhn sz\u00e1nt\u00f3szek\u00e9r bal oldali b\u00f3rac\u00e9l - Exparto.pl","og_description":"Bal oldali Kuhn penge","og_url":"https:\/\/exparto.pl\/hu\/produkt\/kuhn-szantoszeker-bal-oldali-boracel\/","og_site_name":"Exparto.pl","article_publisher":"https:\/\/www.facebook.com\/exparto.agro\/","og_image":[{"width":1200,"height":1200,"url":"https:\/\/exparto.pl\/wp-content\/uploads\/2024\/09\/bb47a677bc7b9f7b9892249b3606b409.jpg","type":"image\/jpeg"}],"twitter_card":"summary_large_image","schema":{"@context":"https:\/\/schema.org","@graph":[{"@type":"WebPage","@id":"https:\/\/exparto.pl\/hu\/produkt\/kuhn-szantoszeker-bal-oldali-boracel\/","url":"https:\/\/exparto.pl\/hu\/produkt\/kuhn-szantoszeker-bal-oldali-boracel\/","name":"Kuhn sz\u00e1nt\u00f3szek\u00e9r bal oldali b\u00f3rac\u00e9l - Exparto.pl","isPartOf":{"@id":"https:\/\/exparto.pl\/hu\/#website"},"primaryImageOfPage":{"@id":"https:\/\/exparto.pl\/hu\/produkt\/kuhn-szantoszeker-bal-oldali-boracel\/#primaryimage"},"image":{"@id":"https:\/\/exparto.pl\/hu\/produkt\/kuhn-szantoszeker-bal-oldali-boracel\/#primaryimage"},"thumbnailUrl":"https:\/\/exparto.pl\/wp-content\/uploads\/2024\/09\/bb47a677bc7b9f7b9892249b3606b409.jpg","datePublished":"2024-09-06T10:17:32+00:00","breadcrumb":{"@id":"https:\/\/exparto.pl\/hu\/produkt\/kuhn-szantoszeker-bal-oldali-boracel\/#breadcrumb"},"inLanguage":"hu","potentialAction":[{"@type":"ReadAction","target":["https:\/\/exparto.pl\/hu\/produkt\/kuhn-szantoszeker-bal-oldali-boracel\/"]}]},{"@type":"ImageObject","inLanguage":"hu","@id":"https:\/\/exparto.pl\/hu\/produkt\/kuhn-szantoszeker-bal-oldali-boracel\/#primaryimage","url":"https:\/\/exparto.pl\/wp-content\/uploads\/2024\/09\/bb47a677bc7b9f7b9892249b3606b409.jpg","contentUrl":"https:\/\/exparto.pl\/wp-content\/uploads\/2024\/09\/bb47a677bc7b9f7b9892249b3606b409.jpg","width":1200,"height":1200},{"@type":"BreadcrumbList","@id":"https:\/\/exparto.pl\/hu\/produkt\/kuhn-szantoszeker-bal-oldali-boracel\/#breadcrumb","itemListElement":[{"@type":"ListItem","position":1,"name":"Honlap","item":"https:\/\/exparto.pl\/hu\/"},{"@type":"ListItem","position":2,"name":"Sklep","item":"https:\/\/exparto.pl\/sklep\/"},{"@type":"ListItem","position":3,"name":"Kuhn sz\u00e1nt\u00f3szek\u00e9r bal oldali b\u00f3rac\u00e9l"}]},{"@type":"WebSite","@id":"https:\/\/exparto.pl\/hu\/#website","url":"https:\/\/exparto.pl\/hu\/","name":"EXPARTO","description":"More than agro parts","publisher":{"@id":"https:\/\/exparto.pl\/hu\/#organization"},"potentialAction":[{"@type":"SearchAction","target":{"@type":"EntryPoint","urlTemplate":"https:\/\/exparto.pl\/hu\/?s={search_term_string}"},"query-input":{"@type":"PropertyValueSpecification","valueRequired":true,"valueName":"search_term_string"}}],"inLanguage":"hu"},{"@type":"Organization","@id":"https:\/\/exparto.pl\/hu\/#organization","name":"EXPARTO","url":"https:\/\/exparto.pl\/hu\/","logo":{"@type":"ImageObject","inLanguage":"hu","@id":"https:\/\/exparto.pl\/hu\/#\/schema\/logo\/image\/","url":"https:\/\/exparto.pl\/wp-content\/uploads\/2023\/02\/logo-wektor.png","contentUrl":"https:\/\/exparto.pl\/wp-content\/uploads\/2023\/02\/logo-wektor.png","width":1338,"height":143,"caption":"EXPARTO"},"image":{"@id":"https:\/\/exparto.pl\/hu\/#\/schema\/logo\/image\/"},"sameAs":["https:\/\/www.facebook.com\/exparto.agro\/"]}]}},"_links":{"self":[{"href":"https:\/\/exparto.pl\/hu\/wp-json\/wp\/v2\/product\/33410","targetHints":{"allow":["GET"]}}],"collection":[{"href":"https:\/\/exparto.pl\/hu\/wp-json\/wp\/v2\/product"}],"about":[{"href":"https:\/\/exparto.pl\/hu\/wp-json\/wp\/v2\/types\/product"}],"replies":[{"embeddable":true,"href":"https:\/\/exparto.pl\/hu\/wp-json\/wp\/v2\/comments?post=33410"}],"wp:featuredmedia":[{"embeddable":true,"href":"https:\/\/exparto.pl\/hu\/wp-json\/wp\/v2\/media\/32608"}],"wp:attachment":[{"href":"https:\/\/exparto.pl\/hu\/wp-json\/wp\/v2\/media?parent=33410"}],"wp:term":[{"taxonomy":"product_brand","embeddable":true,"href":"https:\/\/exparto.pl\/hu\/wp-json\/wp\/v2\/product_brand?post=33410"},{"taxonomy":"product_cat","embeddable":true,"href":"https:\/\/exparto.pl\/hu\/wp-json\/wp\/v2\/product_cat?post=33410"},{"taxonomy":"product_tag","embeddable":true,"href":"https:\/\/exparto.pl\/hu\/wp-json\/wp\/v2\/product_tag?post=33410"}],"curies":[{"name":"wp","href":"https:\/\/api.w.org\/{rel}","templated":true}]}}