{"id":33431,"date":"2024-09-06T15:21:08","date_gmt":"2024-09-06T13:21:08","guid":{"rendered":"https:\/\/exparto.pl\/produkt\/dupla-hatasu-hidraulikus-henger-63-35-400-fi30\/"},"modified":"2024-09-06T15:21:08","modified_gmt":"2024-09-06T13:21:08","slug":"dupla-hatasu-hidraulikus-henger-63-35-400-fi30","status":"publish","type":"product","link":"https:\/\/exparto.pl\/hu\/produkt\/dupla-hatasu-hidraulikus-henger-63-35-400-fi30\/","title":{"rendered":"Dupla hat\u00e1s\u00fa hidraulikus henger 63\/35\/400 FI30"},"content":{"rendered":"<section class=\"section\">\n<div class=\"item item-12\">\n<section class=\"text-item\">\n<p style=\"text-align: justify\">A <b>hidraulikus hengerek<\/b> olyan eszk\u00f6z\u00f6k, amelyek j\u00f3l teljes\u00edtenek ott, ahol nagy tol\u00f3er\u0151re van sz\u00fcks\u00e9g. Feladatuk a <b>munkafolyad\u00e9k nyom\u00e1si energi\u00e1j\u00e1nak<\/b> <b>mechanikai energi\u00e1v\u00e1 <\/b> <b>alak\u00edt\u00e1sa<\/b> <b>. <\/b>Ez teszi lehet\u0151v\u00e9 a dugatty\u00fa-dugatty\u00fa egys\u00e9g oda-vissza mozg\u00e1s\u00e1t. Hozz\u00e1 kell tenn\u00fcnk, hogy az ilyen t\u00edpus\u00fa m\u0171k\u00f6dtet\u0151k ide\u00e1lisan alkalmazkodnak t\u00f6bbek k\u00f6z\u00f6tt az alkalmazott rendszerek ig\u00e9nyeihez. a mez\u0151gazdas\u00e1gi g\u00e9pekn\u00e9l.<\/p>\n<p style=\"text-align: justify\">A hidraulikus hengerek, m\u00e1s n\u00e9ven hidraulikus hengerek, a k\u00f6vetkez\u0151kre oszthat\u00f3k: <b>egyoldalas <\/b>vagy <b>k\u00e9toldalas<\/b>. Az el\u0151bbieknek <b>egy csatlakoz\u00e1sa<\/b> van a munkafolyad\u00e9khoz (\u00e9s a munkahossz egy ir\u00e1nyban van), m\u00edg az ut\u00f3bbiaknak<b> k\u00e9t csatlakoz\u00e1sa <\/b> van (\u00e9s a munkahossz k\u00e9t ir\u00e1nyban van). Ezenk\u00edv\u00fcl az ut\u00f3bbiak gyorsabban dolgoznak, <b>b\u00e1rmilyen l\u00f6kethosszal megk\u00fcl\u00f6nb\u00f6ztethet\u0151k<\/b>, \u00e9s <b>hat\u00e9konyabbak<\/b>. Az egyes hidraulikus hengerek er\u0151ss\u00e9ge, \u00e1tm\u00e9r\u0151tartom\u00e1nya \u00e9s <b>felszerel\u00e9se<\/b> is v\u00e1ltozhat.<\/p>\n<p style=\"text-align: justify\"><b>\u00dagy van kialak\u00edtva, hogy :  <\/b><\/p>\n<p style=\"text-align: justify\">\n<ul>\n<li style=\"text-align: justify\">mez\u0151gazdas\u00e1gi g\u00e9pek,<span style=\"color: var(--gray-800)\">traktorok, permetez\u0151g\u00e9pek, esztergag\u00e9pek, ciklopszok, HDS rakod\u00f3k, \u00e9p\u00edt\u0151ipari g\u00e9pek, rakod\u00f3k, kotr\u00f3g\u00e9pek, sepr\u0151g\u00e9pek, ipari g\u00e9pek \u00e9s egy\u00e9b g\u00e9pek.<\/span><\/li>\n<\/ul>\n<\/section><\/div>\n<\/section>\n","protected":false},"excerpt":{"rendered":"<p style=\"text-align: justify\">A hidraulikus hengerek olyan eszk\u00f6z\u00f6k, amelyek j\u00f3l teljes\u00edtenek ott, ahol nagy tol\u00f3er\u0151re van sz\u00fcks\u00e9g. Feladatuk a munkafolyad\u00e9k nyom\u00e1si energi\u00e1j\u00e1nak mechanikai energi\u00e1v\u00e1 alak\u00edt\u00e1sa.<\/p>\n","protected":false},"featured_media":32747,"comment_status":"open","ping_status":"closed","template":"","meta":{"_acf_changed":false,"inline_featured_image":false},"product_brand":[],"product_cat":[214,242,260],"product_tag":[],"class_list":{"0":"post-33431","1":"product","2":"type-product","3":"status-publish","4":"has-post-thumbnail","6":"product_cat-hidraulika","7":"product_cat-hidraulikus-hengerek","8":"product_cat-ketoldalu-fellepes","10":"first","11":"instock","12":"taxable","13":"shipping-taxable","14":"purchasable","15":"product-type-simple"},"acf":[],"yoast_head":"<!-- This site is optimized with the Yoast SEO plugin v27.4 - https:\/\/yoast.com\/product\/yoast-seo-wordpress\/ -->\n<title>Dupla hat\u00e1s\u00fa hidraulikus henger 63\/35\/400 FI30 - Exparto.pl<\/title>\n<meta name=\"robots\" content=\"index, follow, max-snippet:-1, max-image-preview:large, max-video-preview:-1\" \/>\n<link rel=\"canonical\" href=\"https:\/\/exparto.pl\/hu\/produkt\/dupla-hatasu-hidraulikus-henger-63-35-400-fi30\/\" \/>\n<meta property=\"og:locale\" content=\"hu_HU\" \/>\n<meta property=\"og:type\" content=\"article\" \/>\n<meta property=\"og:title\" content=\"Dupla hat\u00e1s\u00fa hidraulikus henger 63\/35\/400 FI30 - Exparto.pl\" \/>\n<meta property=\"og:description\" content=\"A hidraulikus hengerek olyan eszk\u00f6z\u00f6k, amelyek j\u00f3l teljes\u00edtenek ott, ahol nagy tol\u00f3er\u0151re van sz\u00fcks\u00e9g. Feladatuk a munkafolyad\u00e9k nyom\u00e1si energi\u00e1j\u00e1nak mechanikai energi\u00e1v\u00e1 alak\u00edt\u00e1sa.\" \/>\n<meta property=\"og:url\" content=\"https:\/\/exparto.pl\/hu\/produkt\/dupla-hatasu-hidraulikus-henger-63-35-400-fi30\/\" \/>\n<meta property=\"og:site_name\" content=\"Exparto.pl\" \/>\n<meta property=\"article:publisher\" content=\"https:\/\/www.facebook.com\/exparto.agro\/\" \/>\n<meta property=\"og:image\" content=\"https:\/\/exparto.pl\/wp-content\/uploads\/2024\/09\/270d9c4a4f81c99b198c40c2a02c5ad4.jpg\" \/>\n\t<meta property=\"og:image:width\" content=\"1200\" \/>\n\t<meta property=\"og:image:height\" content=\"1200\" \/>\n\t<meta property=\"og:image:type\" content=\"image\/jpeg\" \/>\n<meta name=\"twitter:card\" content=\"summary_large_image\" \/>\n<meta name=\"twitter:label1\" content=\"Becs\u00fclt olvas\u00e1si id\u0151\" \/>\n\t<meta name=\"twitter:data1\" content=\"1 perc\" \/>\n<script type=\"application\/ld+json\" class=\"yoast-schema-graph\">{\"@context\":\"https:\\\/\\\/schema.org\",\"@graph\":[{\"@type\":\"WebPage\",\"@id\":\"https:\\\/\\\/exparto.pl\\\/hu\\\/produkt\\\/dupla-hatasu-hidraulikus-henger-63-35-400-fi30\\\/\",\"url\":\"https:\\\/\\\/exparto.pl\\\/hu\\\/produkt\\\/dupla-hatasu-hidraulikus-henger-63-35-400-fi30\\\/\",\"name\":\"Dupla hat\u00e1s\u00fa hidraulikus henger 63\\\/35\\\/400 FI30 - Exparto.pl\",\"isPartOf\":{\"@id\":\"https:\\\/\\\/exparto.pl\\\/hu\\\/#website\"},\"primaryImageOfPage\":{\"@id\":\"https:\\\/\\\/exparto.pl\\\/hu\\\/produkt\\\/dupla-hatasu-hidraulikus-henger-63-35-400-fi30\\\/#primaryimage\"},\"image\":{\"@id\":\"https:\\\/\\\/exparto.pl\\\/hu\\\/produkt\\\/dupla-hatasu-hidraulikus-henger-63-35-400-fi30\\\/#primaryimage\"},\"thumbnailUrl\":\"https:\\\/\\\/exparto.pl\\\/wp-content\\\/uploads\\\/2024\\\/09\\\/270d9c4a4f81c99b198c40c2a02c5ad4.jpg\",\"datePublished\":\"2024-09-06T13:21:08+00:00\",\"breadcrumb\":{\"@id\":\"https:\\\/\\\/exparto.pl\\\/hu\\\/produkt\\\/dupla-hatasu-hidraulikus-henger-63-35-400-fi30\\\/#breadcrumb\"},\"inLanguage\":\"hu\",\"potentialAction\":[{\"@type\":\"ReadAction\",\"target\":[\"https:\\\/\\\/exparto.pl\\\/hu\\\/produkt\\\/dupla-hatasu-hidraulikus-henger-63-35-400-fi30\\\/\"]}]},{\"@type\":\"ImageObject\",\"inLanguage\":\"hu\",\"@id\":\"https:\\\/\\\/exparto.pl\\\/hu\\\/produkt\\\/dupla-hatasu-hidraulikus-henger-63-35-400-fi30\\\/#primaryimage\",\"url\":\"https:\\\/\\\/exparto.pl\\\/wp-content\\\/uploads\\\/2024\\\/09\\\/270d9c4a4f81c99b198c40c2a02c5ad4.jpg\",\"contentUrl\":\"https:\\\/\\\/exparto.pl\\\/wp-content\\\/uploads\\\/2024\\\/09\\\/270d9c4a4f81c99b198c40c2a02c5ad4.jpg\",\"width\":1200,\"height\":1200},{\"@type\":\"BreadcrumbList\",\"@id\":\"https:\\\/\\\/exparto.pl\\\/hu\\\/produkt\\\/dupla-hatasu-hidraulikus-henger-63-35-400-fi30\\\/#breadcrumb\",\"itemListElement\":[{\"@type\":\"ListItem\",\"position\":1,\"name\":\"Honlap\",\"item\":\"https:\\\/\\\/exparto.pl\\\/hu\\\/\"},{\"@type\":\"ListItem\",\"position\":2,\"name\":\"Sklep\",\"item\":\"https:\\\/\\\/exparto.pl\\\/sklep\\\/\"},{\"@type\":\"ListItem\",\"position\":3,\"name\":\"Dupla hat\u00e1s\u00fa hidraulikus henger 63\\\/35\\\/400 FI30\"}]},{\"@type\":\"WebSite\",\"@id\":\"https:\\\/\\\/exparto.pl\\\/hu\\\/#website\",\"url\":\"https:\\\/\\\/exparto.pl\\\/hu\\\/\",\"name\":\"EXPARTO\",\"description\":\"More than agro parts\",\"publisher\":{\"@id\":\"https:\\\/\\\/exparto.pl\\\/hu\\\/#organization\"},\"potentialAction\":[{\"@type\":\"SearchAction\",\"target\":{\"@type\":\"EntryPoint\",\"urlTemplate\":\"https:\\\/\\\/exparto.pl\\\/hu\\\/?s={search_term_string}\"},\"query-input\":{\"@type\":\"PropertyValueSpecification\",\"valueRequired\":true,\"valueName\":\"search_term_string\"}}],\"inLanguage\":\"hu\"},{\"@type\":\"Organization\",\"@id\":\"https:\\\/\\\/exparto.pl\\\/hu\\\/#organization\",\"name\":\"EXPARTO\",\"url\":\"https:\\\/\\\/exparto.pl\\\/hu\\\/\",\"logo\":{\"@type\":\"ImageObject\",\"inLanguage\":\"hu\",\"@id\":\"https:\\\/\\\/exparto.pl\\\/hu\\\/#\\\/schema\\\/logo\\\/image\\\/\",\"url\":\"https:\\\/\\\/exparto.pl\\\/wp-content\\\/uploads\\\/2023\\\/02\\\/logo-wektor.png\",\"contentUrl\":\"https:\\\/\\\/exparto.pl\\\/wp-content\\\/uploads\\\/2023\\\/02\\\/logo-wektor.png\",\"width\":1338,\"height\":143,\"caption\":\"EXPARTO\"},\"image\":{\"@id\":\"https:\\\/\\\/exparto.pl\\\/hu\\\/#\\\/schema\\\/logo\\\/image\\\/\"},\"sameAs\":[\"https:\\\/\\\/www.facebook.com\\\/exparto.agro\\\/\"]}]}<\/script>\n<!-- \/ Yoast SEO plugin. -->","yoast_head_json":{"title":"Dupla hat\u00e1s\u00fa hidraulikus henger 63\/35\/400 FI30 - Exparto.pl","robots":{"index":"index","follow":"follow","max-snippet":"max-snippet:-1","max-image-preview":"max-image-preview:large","max-video-preview":"max-video-preview:-1"},"canonical":"https:\/\/exparto.pl\/hu\/produkt\/dupla-hatasu-hidraulikus-henger-63-35-400-fi30\/","og_locale":"hu_HU","og_type":"article","og_title":"Dupla hat\u00e1s\u00fa hidraulikus henger 63\/35\/400 FI30 - Exparto.pl","og_description":"A hidraulikus hengerek olyan eszk\u00f6z\u00f6k, amelyek j\u00f3l teljes\u00edtenek ott, ahol nagy tol\u00f3er\u0151re van sz\u00fcks\u00e9g. Feladatuk a munkafolyad\u00e9k nyom\u00e1si energi\u00e1j\u00e1nak mechanikai energi\u00e1v\u00e1 alak\u00edt\u00e1sa.","og_url":"https:\/\/exparto.pl\/hu\/produkt\/dupla-hatasu-hidraulikus-henger-63-35-400-fi30\/","og_site_name":"Exparto.pl","article_publisher":"https:\/\/www.facebook.com\/exparto.agro\/","og_image":[{"width":1200,"height":1200,"url":"https:\/\/exparto.pl\/wp-content\/uploads\/2024\/09\/270d9c4a4f81c99b198c40c2a02c5ad4.jpg","type":"image\/jpeg"}],"twitter_card":"summary_large_image","twitter_misc":{"Becs\u00fclt olvas\u00e1si id\u0151":"1 perc"},"schema":{"@context":"https:\/\/schema.org","@graph":[{"@type":"WebPage","@id":"https:\/\/exparto.pl\/hu\/produkt\/dupla-hatasu-hidraulikus-henger-63-35-400-fi30\/","url":"https:\/\/exparto.pl\/hu\/produkt\/dupla-hatasu-hidraulikus-henger-63-35-400-fi30\/","name":"Dupla hat\u00e1s\u00fa hidraulikus henger 63\/35\/400 FI30 - Exparto.pl","isPartOf":{"@id":"https:\/\/exparto.pl\/hu\/#website"},"primaryImageOfPage":{"@id":"https:\/\/exparto.pl\/hu\/produkt\/dupla-hatasu-hidraulikus-henger-63-35-400-fi30\/#primaryimage"},"image":{"@id":"https:\/\/exparto.pl\/hu\/produkt\/dupla-hatasu-hidraulikus-henger-63-35-400-fi30\/#primaryimage"},"thumbnailUrl":"https:\/\/exparto.pl\/wp-content\/uploads\/2024\/09\/270d9c4a4f81c99b198c40c2a02c5ad4.jpg","datePublished":"2024-09-06T13:21:08+00:00","breadcrumb":{"@id":"https:\/\/exparto.pl\/hu\/produkt\/dupla-hatasu-hidraulikus-henger-63-35-400-fi30\/#breadcrumb"},"inLanguage":"hu","potentialAction":[{"@type":"ReadAction","target":["https:\/\/exparto.pl\/hu\/produkt\/dupla-hatasu-hidraulikus-henger-63-35-400-fi30\/"]}]},{"@type":"ImageObject","inLanguage":"hu","@id":"https:\/\/exparto.pl\/hu\/produkt\/dupla-hatasu-hidraulikus-henger-63-35-400-fi30\/#primaryimage","url":"https:\/\/exparto.pl\/wp-content\/uploads\/2024\/09\/270d9c4a4f81c99b198c40c2a02c5ad4.jpg","contentUrl":"https:\/\/exparto.pl\/wp-content\/uploads\/2024\/09\/270d9c4a4f81c99b198c40c2a02c5ad4.jpg","width":1200,"height":1200},{"@type":"BreadcrumbList","@id":"https:\/\/exparto.pl\/hu\/produkt\/dupla-hatasu-hidraulikus-henger-63-35-400-fi30\/#breadcrumb","itemListElement":[{"@type":"ListItem","position":1,"name":"Honlap","item":"https:\/\/exparto.pl\/hu\/"},{"@type":"ListItem","position":2,"name":"Sklep","item":"https:\/\/exparto.pl\/sklep\/"},{"@type":"ListItem","position":3,"name":"Dupla hat\u00e1s\u00fa hidraulikus henger 63\/35\/400 FI30"}]},{"@type":"WebSite","@id":"https:\/\/exparto.pl\/hu\/#website","url":"https:\/\/exparto.pl\/hu\/","name":"EXPARTO","description":"More than agro parts","publisher":{"@id":"https:\/\/exparto.pl\/hu\/#organization"},"potentialAction":[{"@type":"SearchAction","target":{"@type":"EntryPoint","urlTemplate":"https:\/\/exparto.pl\/hu\/?s={search_term_string}"},"query-input":{"@type":"PropertyValueSpecification","valueRequired":true,"valueName":"search_term_string"}}],"inLanguage":"hu"},{"@type":"Organization","@id":"https:\/\/exparto.pl\/hu\/#organization","name":"EXPARTO","url":"https:\/\/exparto.pl\/hu\/","logo":{"@type":"ImageObject","inLanguage":"hu","@id":"https:\/\/exparto.pl\/hu\/#\/schema\/logo\/image\/","url":"https:\/\/exparto.pl\/wp-content\/uploads\/2023\/02\/logo-wektor.png","contentUrl":"https:\/\/exparto.pl\/wp-content\/uploads\/2023\/02\/logo-wektor.png","width":1338,"height":143,"caption":"EXPARTO"},"image":{"@id":"https:\/\/exparto.pl\/hu\/#\/schema\/logo\/image\/"},"sameAs":["https:\/\/www.facebook.com\/exparto.agro\/"]}]}},"_links":{"self":[{"href":"https:\/\/exparto.pl\/hu\/wp-json\/wp\/v2\/product\/33431","targetHints":{"allow":["GET"]}}],"collection":[{"href":"https:\/\/exparto.pl\/hu\/wp-json\/wp\/v2\/product"}],"about":[{"href":"https:\/\/exparto.pl\/hu\/wp-json\/wp\/v2\/types\/product"}],"replies":[{"embeddable":true,"href":"https:\/\/exparto.pl\/hu\/wp-json\/wp\/v2\/comments?post=33431"}],"wp:featuredmedia":[{"embeddable":true,"href":"https:\/\/exparto.pl\/hu\/wp-json\/wp\/v2\/media\/32747"}],"wp:attachment":[{"href":"https:\/\/exparto.pl\/hu\/wp-json\/wp\/v2\/media?parent=33431"}],"wp:term":[{"taxonomy":"product_brand","embeddable":true,"href":"https:\/\/exparto.pl\/hu\/wp-json\/wp\/v2\/product_brand?post=33431"},{"taxonomy":"product_cat","embeddable":true,"href":"https:\/\/exparto.pl\/hu\/wp-json\/wp\/v2\/product_cat?post=33431"},{"taxonomy":"product_tag","embeddable":true,"href":"https:\/\/exparto.pl\/hu\/wp-json\/wp\/v2\/product_tag?post=33431"}],"curies":[{"name":"wp","href":"https:\/\/api.w.org\/{rel}","templated":true}]}}