{"id":33461,"date":"2024-09-20T12:24:04","date_gmt":"2024-09-20T10:24:04","guid":{"rendered":"https:\/\/exparto.pl\/produkt\/jobb-oldali-lengocipo-overum-szantokhoz\/"},"modified":"2024-09-20T12:24:04","modified_gmt":"2024-09-20T10:24:04","slug":"jobb-oldali-lengocipo-overum-szantokhoz","status":"publish","type":"product","link":"https:\/\/exparto.pl\/hu\/produkt\/jobb-oldali-lengocipo-overum-szantokhoz\/","title":{"rendered":"Jobb oldali leng\u0151cip\u0151, Overum sz\u00e1nt\u00f3khoz"},"content":{"rendered":"<p style=\"text-align: justify\">Jobb oldali forgat\u00f3sapka b\u00f3rac\u00e9lb\u00f3l &#8211; kem\u00e9nys\u00e9g 43-50HRC.<\/p>\n<p style=\"text-align: justify\"><b>Z<\/b><span style=\"color: var(--gray-800)\"><b>aszt alkalmaz\u00e1s:<\/b><\/span><\/p>\n<\/p>\n<ul>\n<li style=\"text-align: justify\">  Overum forg\u00f3sz\u00e1nt\u00f3k<\/li>\n<\/ul>\n<p style=\"text-align: justify\"><span style=\"color: var(--gray-800)\"><b>Katal\u00f3gussz\u00e1m:  <\/b><\/span><\/p>\n<ul>\n<li style=\"text-align: justify\">94608<\/li>\n<\/ul>\n","protected":false},"excerpt":{"rendered":"<p style=\"text-align: justify\">Overum eke v\u00e9s\u0151 jobbra<\/p>\n","protected":false},"featured_media":33045,"comment_status":"open","ping_status":"closed","template":"","meta":{"_acf_changed":false,"inline_featured_image":false},"product_brand":[],"product_cat":[827,857],"product_tag":[],"class_list":{"0":"post-33461","1":"product","2":"type-product","3":"status-publish","4":"has-post-thumbnail","6":"product_cat-aszualkatreszek","7":"product_cat-eke-csuszkak","9":"first","10":"instock","11":"taxable","12":"shipping-taxable","13":"purchasable","14":"product-type-simple"},"acf":[],"yoast_head":"<!-- This site is optimized with the Yoast SEO plugin v27.2 - https:\/\/yoast.com\/product\/yoast-seo-wordpress\/ -->\n<title>Jobb oldali leng\u0151cip\u0151, Overum sz\u00e1nt\u00f3khoz - Exparto.pl<\/title>\n<meta name=\"robots\" content=\"index, follow, max-snippet:-1, max-image-preview:large, max-video-preview:-1\" \/>\n<link rel=\"canonical\" href=\"https:\/\/exparto.pl\/hu\/produkt\/jobb-oldali-lengocipo-overum-szantokhoz\/\" \/>\n<meta property=\"og:locale\" content=\"hu_HU\" \/>\n<meta property=\"og:type\" content=\"article\" \/>\n<meta property=\"og:title\" content=\"Jobb oldali leng\u0151cip\u0151, Overum sz\u00e1nt\u00f3khoz - Exparto.pl\" \/>\n<meta property=\"og:description\" content=\"Overum eke v\u00e9s\u0151 jobbra\" \/>\n<meta property=\"og:url\" content=\"https:\/\/exparto.pl\/hu\/produkt\/jobb-oldali-lengocipo-overum-szantokhoz\/\" \/>\n<meta property=\"og:site_name\" content=\"Exparto.pl\" \/>\n<meta property=\"article:publisher\" content=\"https:\/\/www.facebook.com\/exparto.agro\/\" \/>\n<meta name=\"twitter:card\" content=\"summary_large_image\" \/>\n<script type=\"application\/ld+json\" class=\"yoast-schema-graph\">{\"@context\":\"https:\/\/schema.org\",\"@graph\":[{\"@type\":\"WebPage\",\"@id\":\"https:\/\/exparto.pl\/hu\/produkt\/jobb-oldali-lengocipo-overum-szantokhoz\/\",\"url\":\"https:\/\/exparto.pl\/hu\/produkt\/jobb-oldali-lengocipo-overum-szantokhoz\/\",\"name\":\"Jobb oldali leng\u0151cip\u0151, Overum sz\u00e1nt\u00f3khoz - Exparto.pl\",\"isPartOf\":{\"@id\":\"https:\/\/exparto.pl\/hu\/#website\"},\"primaryImageOfPage\":{\"@id\":\"https:\/\/exparto.pl\/hu\/produkt\/jobb-oldali-lengocipo-overum-szantokhoz\/#primaryimage\"},\"image\":{\"@id\":\"https:\/\/exparto.pl\/hu\/produkt\/jobb-oldali-lengocipo-overum-szantokhoz\/#primaryimage\"},\"thumbnailUrl\":\"https:\/\/exparto.pl\/wp-content\/uploads\/2024\/09\/88f05fd91209426d17dc71ae097bb4ff.jpg\",\"datePublished\":\"2024-09-20T10:24:04+00:00\",\"breadcrumb\":{\"@id\":\"https:\/\/exparto.pl\/hu\/produkt\/jobb-oldali-lengocipo-overum-szantokhoz\/#breadcrumb\"},\"inLanguage\":\"hu\",\"potentialAction\":[{\"@type\":\"ReadAction\",\"target\":[\"https:\/\/exparto.pl\/hu\/produkt\/jobb-oldali-lengocipo-overum-szantokhoz\/\"]}]},{\"@type\":\"ImageObject\",\"inLanguage\":\"hu\",\"@id\":\"https:\/\/exparto.pl\/hu\/produkt\/jobb-oldali-lengocipo-overum-szantokhoz\/#primaryimage\",\"url\":\"https:\/\/exparto.pl\/wp-content\/uploads\/2024\/09\/88f05fd91209426d17dc71ae097bb4ff.jpg\",\"contentUrl\":\"https:\/\/exparto.pl\/wp-content\/uploads\/2024\/09\/88f05fd91209426d17dc71ae097bb4ff.jpg\",\"width\":1200,\"height\":1200},{\"@type\":\"BreadcrumbList\",\"@id\":\"https:\/\/exparto.pl\/hu\/produkt\/jobb-oldali-lengocipo-overum-szantokhoz\/#breadcrumb\",\"itemListElement\":[{\"@type\":\"ListItem\",\"position\":1,\"name\":\"Honlap\",\"item\":\"https:\/\/exparto.pl\/hu\/\"},{\"@type\":\"ListItem\",\"position\":2,\"name\":\"Sklep\",\"item\":\"https:\/\/exparto.pl\/sklep\/\"},{\"@type\":\"ListItem\",\"position\":3,\"name\":\"Jobb oldali leng\u0151cip\u0151, Overum sz\u00e1nt\u00f3khoz\"}]},{\"@type\":\"WebSite\",\"@id\":\"https:\/\/exparto.pl\/hu\/#website\",\"url\":\"https:\/\/exparto.pl\/hu\/\",\"name\":\"EXPARTO\",\"description\":\"More than agro parts\",\"publisher\":{\"@id\":\"https:\/\/exparto.pl\/hu\/#organization\"},\"potentialAction\":[{\"@type\":\"SearchAction\",\"target\":{\"@type\":\"EntryPoint\",\"urlTemplate\":\"https:\/\/exparto.pl\/hu\/?s={search_term_string}\"},\"query-input\":{\"@type\":\"PropertyValueSpecification\",\"valueRequired\":true,\"valueName\":\"search_term_string\"}}],\"inLanguage\":\"hu\"},{\"@type\":\"Organization\",\"@id\":\"https:\/\/exparto.pl\/hu\/#organization\",\"name\":\"EXPARTO\",\"url\":\"https:\/\/exparto.pl\/hu\/\",\"logo\":{\"@type\":\"ImageObject\",\"inLanguage\":\"hu\",\"@id\":\"https:\/\/exparto.pl\/hu\/#\/schema\/logo\/image\/\",\"url\":\"https:\/\/exparto.pl\/wp-content\/uploads\/2023\/02\/logo-wektor.png\",\"contentUrl\":\"https:\/\/exparto.pl\/wp-content\/uploads\/2023\/02\/logo-wektor.png\",\"width\":1338,\"height\":143,\"caption\":\"EXPARTO\"},\"image\":{\"@id\":\"https:\/\/exparto.pl\/hu\/#\/schema\/logo\/image\/\"},\"sameAs\":[\"https:\/\/www.facebook.com\/exparto.agro\/\"]}]}<\/script>\n<!-- \/ Yoast SEO plugin. -->","yoast_head_json":{"title":"Jobb oldali leng\u0151cip\u0151, Overum sz\u00e1nt\u00f3khoz - Exparto.pl","robots":{"index":"index","follow":"follow","max-snippet":"max-snippet:-1","max-image-preview":"max-image-preview:large","max-video-preview":"max-video-preview:-1"},"canonical":"https:\/\/exparto.pl\/hu\/produkt\/jobb-oldali-lengocipo-overum-szantokhoz\/","og_locale":"hu_HU","og_type":"article","og_title":"Jobb oldali leng\u0151cip\u0151, Overum sz\u00e1nt\u00f3khoz - Exparto.pl","og_description":"Overum eke v\u00e9s\u0151 jobbra","og_url":"https:\/\/exparto.pl\/hu\/produkt\/jobb-oldali-lengocipo-overum-szantokhoz\/","og_site_name":"Exparto.pl","article_publisher":"https:\/\/www.facebook.com\/exparto.agro\/","twitter_card":"summary_large_image","schema":{"@context":"https:\/\/schema.org","@graph":[{"@type":"WebPage","@id":"https:\/\/exparto.pl\/hu\/produkt\/jobb-oldali-lengocipo-overum-szantokhoz\/","url":"https:\/\/exparto.pl\/hu\/produkt\/jobb-oldali-lengocipo-overum-szantokhoz\/","name":"Jobb oldali leng\u0151cip\u0151, Overum sz\u00e1nt\u00f3khoz - Exparto.pl","isPartOf":{"@id":"https:\/\/exparto.pl\/hu\/#website"},"primaryImageOfPage":{"@id":"https:\/\/exparto.pl\/hu\/produkt\/jobb-oldali-lengocipo-overum-szantokhoz\/#primaryimage"},"image":{"@id":"https:\/\/exparto.pl\/hu\/produkt\/jobb-oldali-lengocipo-overum-szantokhoz\/#primaryimage"},"thumbnailUrl":"https:\/\/exparto.pl\/wp-content\/uploads\/2024\/09\/88f05fd91209426d17dc71ae097bb4ff.jpg","datePublished":"2024-09-20T10:24:04+00:00","breadcrumb":{"@id":"https:\/\/exparto.pl\/hu\/produkt\/jobb-oldali-lengocipo-overum-szantokhoz\/#breadcrumb"},"inLanguage":"hu","potentialAction":[{"@type":"ReadAction","target":["https:\/\/exparto.pl\/hu\/produkt\/jobb-oldali-lengocipo-overum-szantokhoz\/"]}]},{"@type":"ImageObject","inLanguage":"hu","@id":"https:\/\/exparto.pl\/hu\/produkt\/jobb-oldali-lengocipo-overum-szantokhoz\/#primaryimage","url":"https:\/\/exparto.pl\/wp-content\/uploads\/2024\/09\/88f05fd91209426d17dc71ae097bb4ff.jpg","contentUrl":"https:\/\/exparto.pl\/wp-content\/uploads\/2024\/09\/88f05fd91209426d17dc71ae097bb4ff.jpg","width":1200,"height":1200},{"@type":"BreadcrumbList","@id":"https:\/\/exparto.pl\/hu\/produkt\/jobb-oldali-lengocipo-overum-szantokhoz\/#breadcrumb","itemListElement":[{"@type":"ListItem","position":1,"name":"Honlap","item":"https:\/\/exparto.pl\/hu\/"},{"@type":"ListItem","position":2,"name":"Sklep","item":"https:\/\/exparto.pl\/sklep\/"},{"@type":"ListItem","position":3,"name":"Jobb oldali leng\u0151cip\u0151, Overum sz\u00e1nt\u00f3khoz"}]},{"@type":"WebSite","@id":"https:\/\/exparto.pl\/hu\/#website","url":"https:\/\/exparto.pl\/hu\/","name":"EXPARTO","description":"More than agro parts","publisher":{"@id":"https:\/\/exparto.pl\/hu\/#organization"},"potentialAction":[{"@type":"SearchAction","target":{"@type":"EntryPoint","urlTemplate":"https:\/\/exparto.pl\/hu\/?s={search_term_string}"},"query-input":{"@type":"PropertyValueSpecification","valueRequired":true,"valueName":"search_term_string"}}],"inLanguage":"hu"},{"@type":"Organization","@id":"https:\/\/exparto.pl\/hu\/#organization","name":"EXPARTO","url":"https:\/\/exparto.pl\/hu\/","logo":{"@type":"ImageObject","inLanguage":"hu","@id":"https:\/\/exparto.pl\/hu\/#\/schema\/logo\/image\/","url":"https:\/\/exparto.pl\/wp-content\/uploads\/2023\/02\/logo-wektor.png","contentUrl":"https:\/\/exparto.pl\/wp-content\/uploads\/2023\/02\/logo-wektor.png","width":1338,"height":143,"caption":"EXPARTO"},"image":{"@id":"https:\/\/exparto.pl\/hu\/#\/schema\/logo\/image\/"},"sameAs":["https:\/\/www.facebook.com\/exparto.agro\/"]}]}},"_links":{"self":[{"href":"https:\/\/exparto.pl\/hu\/wp-json\/wp\/v2\/product\/33461","targetHints":{"allow":["GET"]}}],"collection":[{"href":"https:\/\/exparto.pl\/hu\/wp-json\/wp\/v2\/product"}],"about":[{"href":"https:\/\/exparto.pl\/hu\/wp-json\/wp\/v2\/types\/product"}],"replies":[{"embeddable":true,"href":"https:\/\/exparto.pl\/hu\/wp-json\/wp\/v2\/comments?post=33461"}],"wp:featuredmedia":[{"embeddable":true,"href":"https:\/\/exparto.pl\/hu\/wp-json\/wp\/v2\/media\/33045"}],"wp:attachment":[{"href":"https:\/\/exparto.pl\/hu\/wp-json\/wp\/v2\/media?parent=33461"}],"wp:term":[{"taxonomy":"product_brand","embeddable":true,"href":"https:\/\/exparto.pl\/hu\/wp-json\/wp\/v2\/product_brand?post=33461"},{"taxonomy":"product_cat","embeddable":true,"href":"https:\/\/exparto.pl\/hu\/wp-json\/wp\/v2\/product_cat?post=33461"},{"taxonomy":"product_tag","embeddable":true,"href":"https:\/\/exparto.pl\/hu\/wp-json\/wp\/v2\/product_tag?post=33461"}],"curies":[{"name":"wp","href":"https:\/\/api.w.org\/{rel}","templated":true}]}}