{"id":34739,"date":"2024-11-19T09:42:28","date_gmt":"2024-11-19T08:42:28","guid":{"rendered":"https:\/\/exparto.pl\/produkt\/tarcza-prawa-kompletna-do-rozsiewacza-rcw-5\/"},"modified":"2026-03-19T09:30:20","modified_gmt":"2026-03-19T08:30:20","slug":"tarcza-prawa-kompletna-do-rozsiewacza-rcw-5","status":"publish","type":"product","link":"https:\/\/exparto.pl\/hu\/produkt\/tarcza-prawa-kompletna-do-rozsiewacza-rcw-5\/","title":{"rendered":"Talerz tarcza prawa kompletna do rozsiewacza RCW-5 \u015brednica 60 cm"},"content":{"rendered":"<p style=\"text-align: justify\">Tarcza prawa kompletna z piast\u0105 i \u0142opatkami.<\/p>\n<p style=\"text-align: justify\"><b>Zastosowanie:<\/b><\/p>\n<ul>\n<li style=\"text-align: justify\">Rozsiewacz RCW-5<\/li>\n<\/ul>\n<p style=\"text-align: justify\"><b>Numer katalogowy:<\/b><\/p>\n<ul>\n<li style=\"text-align: justify\">2019050170, 2019\/05-017\/0<\/li>\n<\/ul>\n","protected":false},"excerpt":{"rendered":"<p style=\"text-align: justify\">Tarcza prawa kompletna rozsiewacza RCW-5.<\/p>\n","protected":false},"featured_media":34719,"comment_status":"open","ping_status":"closed","template":"","meta":{"_acf_changed":false,"inline_featured_image":false},"product_brand":[],"product_cat":[51,1039],"product_tag":[],"class_list":{"0":"post-34739","1":"product","2":"type-product","3":"status-publish","4":"has-post-thumbnail","6":"product_cat-czesci-do-rozsiewaczy","7":"product_cat-talerze-i-tarcze-wysiewajace","9":"first","10":"outofstock","11":"taxable","12":"shipping-taxable","13":"purchasable","14":"product-type-simple"},"acf":[],"yoast_head":"<!-- This site is optimized with the Yoast SEO plugin v27.3 - https:\/\/yoast.com\/product\/yoast-seo-wordpress\/ -->\n<title>Talerz tarcza prawa kompletna do rozsiewacza RCW-5 \u015brednica 60 cm - Exparto.pl<\/title>\n<meta name=\"robots\" content=\"index, follow, max-snippet:-1, max-image-preview:large, max-video-preview:-1\" \/>\n<link rel=\"canonical\" href=\"https:\/\/exparto.pl\/hu\/produkt\/tarcza-prawa-kompletna-do-rozsiewacza-rcw-5\/\" \/>\n<meta property=\"og:locale\" content=\"hu_HU\" \/>\n<meta property=\"og:type\" content=\"article\" \/>\n<meta property=\"og:title\" content=\"Talerz tarcza prawa kompletna do rozsiewacza RCW-5 \u015brednica 60 cm - Exparto.pl\" \/>\n<meta property=\"og:description\" content=\"Tarcza prawa kompletna rozsiewacza RCW-5.\" \/>\n<meta property=\"og:url\" content=\"https:\/\/exparto.pl\/hu\/produkt\/tarcza-prawa-kompletna-do-rozsiewacza-rcw-5\/\" \/>\n<meta property=\"og:site_name\" content=\"Exparto.pl\" \/>\n<meta property=\"article:publisher\" content=\"https:\/\/www.facebook.com\/exparto.agro\/\" \/>\n<meta property=\"article:modified_time\" content=\"2026-03-19T08:30:20+00:00\" \/>\n<meta property=\"og:image\" content=\"https:\/\/exparto.pl\/wp-content\/uploads\/2024\/11\/aafbad1512a432e553bbf2bfc87bc9ef.jpg\" \/>\n\t<meta property=\"og:image:width\" content=\"1200\" \/>\n\t<meta property=\"og:image:height\" content=\"1200\" \/>\n\t<meta property=\"og:image:type\" content=\"image\/jpeg\" \/>\n<meta name=\"twitter:card\" content=\"summary_large_image\" \/>\n<meta name=\"twitter:label1\" content=\"Becs\u00fclt olvas\u00e1si id\u0151\" \/>\n\t<meta name=\"twitter:data1\" content=\"1 perc\" \/>\n<script type=\"application\/ld+json\" class=\"yoast-schema-graph\">{\"@context\":\"https:\\\/\\\/schema.org\",\"@graph\":[{\"@type\":\"WebPage\",\"@id\":\"https:\\\/\\\/exparto.pl\\\/hu\\\/produkt\\\/tarcza-prawa-kompletna-do-rozsiewacza-rcw-5\\\/\",\"url\":\"https:\\\/\\\/exparto.pl\\\/hu\\\/produkt\\\/tarcza-prawa-kompletna-do-rozsiewacza-rcw-5\\\/\",\"name\":\"Talerz tarcza prawa kompletna do rozsiewacza RCW-5 \u015brednica 60 cm - Exparto.pl\",\"isPartOf\":{\"@id\":\"https:\\\/\\\/exparto.pl\\\/hu\\\/#website\"},\"primaryImageOfPage\":{\"@id\":\"https:\\\/\\\/exparto.pl\\\/hu\\\/produkt\\\/tarcza-prawa-kompletna-do-rozsiewacza-rcw-5\\\/#primaryimage\"},\"image\":{\"@id\":\"https:\\\/\\\/exparto.pl\\\/hu\\\/produkt\\\/tarcza-prawa-kompletna-do-rozsiewacza-rcw-5\\\/#primaryimage\"},\"thumbnailUrl\":\"https:\\\/\\\/exparto.pl\\\/wp-content\\\/uploads\\\/2024\\\/11\\\/aafbad1512a432e553bbf2bfc87bc9ef.jpg\",\"datePublished\":\"2024-11-19T08:42:28+00:00\",\"dateModified\":\"2026-03-19T08:30:20+00:00\",\"breadcrumb\":{\"@id\":\"https:\\\/\\\/exparto.pl\\\/hu\\\/produkt\\\/tarcza-prawa-kompletna-do-rozsiewacza-rcw-5\\\/#breadcrumb\"},\"inLanguage\":\"hu\",\"potentialAction\":[{\"@type\":\"ReadAction\",\"target\":[\"https:\\\/\\\/exparto.pl\\\/hu\\\/produkt\\\/tarcza-prawa-kompletna-do-rozsiewacza-rcw-5\\\/\"]}]},{\"@type\":\"ImageObject\",\"inLanguage\":\"hu\",\"@id\":\"https:\\\/\\\/exparto.pl\\\/hu\\\/produkt\\\/tarcza-prawa-kompletna-do-rozsiewacza-rcw-5\\\/#primaryimage\",\"url\":\"https:\\\/\\\/exparto.pl\\\/wp-content\\\/uploads\\\/2024\\\/11\\\/aafbad1512a432e553bbf2bfc87bc9ef.jpg\",\"contentUrl\":\"https:\\\/\\\/exparto.pl\\\/wp-content\\\/uploads\\\/2024\\\/11\\\/aafbad1512a432e553bbf2bfc87bc9ef.jpg\",\"width\":1200,\"height\":1200},{\"@type\":\"BreadcrumbList\",\"@id\":\"https:\\\/\\\/exparto.pl\\\/hu\\\/produkt\\\/tarcza-prawa-kompletna-do-rozsiewacza-rcw-5\\\/#breadcrumb\",\"itemListElement\":[{\"@type\":\"ListItem\",\"position\":1,\"name\":\"Honlap\",\"item\":\"https:\\\/\\\/exparto.pl\\\/hu\\\/\"},{\"@type\":\"ListItem\",\"position\":2,\"name\":\"Sklep\",\"item\":\"https:\\\/\\\/exparto.pl\\\/sklep\\\/\"},{\"@type\":\"ListItem\",\"position\":3,\"name\":\"Alkatr\u00e9szek sz\u00f3r\u00f3khoz\",\"item\":\"https:\\\/\\\/exparto.pl\\\/hu\\\/termekkategoria\\\/alkatreszek-szorokhoz\\\/\"},{\"@type\":\"ListItem\",\"position\":4,\"name\":\"Talerze i tarcze wysiewaj\u0105ce\",\"item\":\"https:\\\/\\\/exparto.pl\\\/kategoria-produktu\\\/czesci-do-rozsiewaczy\\\/talerze-i-tarcze-wysiewajace\\\/\"},{\"@type\":\"ListItem\",\"position\":5,\"name\":\"Talerz tarcza prawa kompletna do rozsiewacza RCW-5 \u015brednica 60 cm\"}]},{\"@type\":\"WebSite\",\"@id\":\"https:\\\/\\\/exparto.pl\\\/hu\\\/#website\",\"url\":\"https:\\\/\\\/exparto.pl\\\/hu\\\/\",\"name\":\"EXPARTO\",\"description\":\"More than agro parts\",\"publisher\":{\"@id\":\"https:\\\/\\\/exparto.pl\\\/hu\\\/#organization\"},\"potentialAction\":[{\"@type\":\"SearchAction\",\"target\":{\"@type\":\"EntryPoint\",\"urlTemplate\":\"https:\\\/\\\/exparto.pl\\\/hu\\\/?s={search_term_string}\"},\"query-input\":{\"@type\":\"PropertyValueSpecification\",\"valueRequired\":true,\"valueName\":\"search_term_string\"}}],\"inLanguage\":\"hu\"},{\"@type\":\"Organization\",\"@id\":\"https:\\\/\\\/exparto.pl\\\/hu\\\/#organization\",\"name\":\"EXPARTO\",\"url\":\"https:\\\/\\\/exparto.pl\\\/hu\\\/\",\"logo\":{\"@type\":\"ImageObject\",\"inLanguage\":\"hu\",\"@id\":\"https:\\\/\\\/exparto.pl\\\/hu\\\/#\\\/schema\\\/logo\\\/image\\\/\",\"url\":\"https:\\\/\\\/exparto.pl\\\/wp-content\\\/uploads\\\/2023\\\/02\\\/logo-wektor.png\",\"contentUrl\":\"https:\\\/\\\/exparto.pl\\\/wp-content\\\/uploads\\\/2023\\\/02\\\/logo-wektor.png\",\"width\":1338,\"height\":143,\"caption\":\"EXPARTO\"},\"image\":{\"@id\":\"https:\\\/\\\/exparto.pl\\\/hu\\\/#\\\/schema\\\/logo\\\/image\\\/\"},\"sameAs\":[\"https:\\\/\\\/www.facebook.com\\\/exparto.agro\\\/\"]}]}<\/script>\n<!-- \/ Yoast SEO plugin. -->","yoast_head_json":{"title":"Talerz tarcza prawa kompletna do rozsiewacza RCW-5 \u015brednica 60 cm - Exparto.pl","robots":{"index":"index","follow":"follow","max-snippet":"max-snippet:-1","max-image-preview":"max-image-preview:large","max-video-preview":"max-video-preview:-1"},"canonical":"https:\/\/exparto.pl\/hu\/produkt\/tarcza-prawa-kompletna-do-rozsiewacza-rcw-5\/","og_locale":"hu_HU","og_type":"article","og_title":"Talerz tarcza prawa kompletna do rozsiewacza RCW-5 \u015brednica 60 cm - Exparto.pl","og_description":"Tarcza prawa kompletna rozsiewacza RCW-5.","og_url":"https:\/\/exparto.pl\/hu\/produkt\/tarcza-prawa-kompletna-do-rozsiewacza-rcw-5\/","og_site_name":"Exparto.pl","article_publisher":"https:\/\/www.facebook.com\/exparto.agro\/","article_modified_time":"2026-03-19T08:30:20+00:00","og_image":[{"width":1200,"height":1200,"url":"https:\/\/exparto.pl\/wp-content\/uploads\/2024\/11\/aafbad1512a432e553bbf2bfc87bc9ef.jpg","type":"image\/jpeg"}],"twitter_card":"summary_large_image","twitter_misc":{"Becs\u00fclt olvas\u00e1si id\u0151":"1 perc"},"schema":{"@context":"https:\/\/schema.org","@graph":[{"@type":"WebPage","@id":"https:\/\/exparto.pl\/hu\/produkt\/tarcza-prawa-kompletna-do-rozsiewacza-rcw-5\/","url":"https:\/\/exparto.pl\/hu\/produkt\/tarcza-prawa-kompletna-do-rozsiewacza-rcw-5\/","name":"Talerz tarcza prawa kompletna do rozsiewacza RCW-5 \u015brednica 60 cm - Exparto.pl","isPartOf":{"@id":"https:\/\/exparto.pl\/hu\/#website"},"primaryImageOfPage":{"@id":"https:\/\/exparto.pl\/hu\/produkt\/tarcza-prawa-kompletna-do-rozsiewacza-rcw-5\/#primaryimage"},"image":{"@id":"https:\/\/exparto.pl\/hu\/produkt\/tarcza-prawa-kompletna-do-rozsiewacza-rcw-5\/#primaryimage"},"thumbnailUrl":"https:\/\/exparto.pl\/wp-content\/uploads\/2024\/11\/aafbad1512a432e553bbf2bfc87bc9ef.jpg","datePublished":"2024-11-19T08:42:28+00:00","dateModified":"2026-03-19T08:30:20+00:00","breadcrumb":{"@id":"https:\/\/exparto.pl\/hu\/produkt\/tarcza-prawa-kompletna-do-rozsiewacza-rcw-5\/#breadcrumb"},"inLanguage":"hu","potentialAction":[{"@type":"ReadAction","target":["https:\/\/exparto.pl\/hu\/produkt\/tarcza-prawa-kompletna-do-rozsiewacza-rcw-5\/"]}]},{"@type":"ImageObject","inLanguage":"hu","@id":"https:\/\/exparto.pl\/hu\/produkt\/tarcza-prawa-kompletna-do-rozsiewacza-rcw-5\/#primaryimage","url":"https:\/\/exparto.pl\/wp-content\/uploads\/2024\/11\/aafbad1512a432e553bbf2bfc87bc9ef.jpg","contentUrl":"https:\/\/exparto.pl\/wp-content\/uploads\/2024\/11\/aafbad1512a432e553bbf2bfc87bc9ef.jpg","width":1200,"height":1200},{"@type":"BreadcrumbList","@id":"https:\/\/exparto.pl\/hu\/produkt\/tarcza-prawa-kompletna-do-rozsiewacza-rcw-5\/#breadcrumb","itemListElement":[{"@type":"ListItem","position":1,"name":"Honlap","item":"https:\/\/exparto.pl\/hu\/"},{"@type":"ListItem","position":2,"name":"Sklep","item":"https:\/\/exparto.pl\/sklep\/"},{"@type":"ListItem","position":3,"name":"Alkatr\u00e9szek sz\u00f3r\u00f3khoz","item":"https:\/\/exparto.pl\/hu\/termekkategoria\/alkatreszek-szorokhoz\/"},{"@type":"ListItem","position":4,"name":"Talerze i tarcze wysiewaj\u0105ce","item":"https:\/\/exparto.pl\/kategoria-produktu\/czesci-do-rozsiewaczy\/talerze-i-tarcze-wysiewajace\/"},{"@type":"ListItem","position":5,"name":"Talerz tarcza prawa kompletna do rozsiewacza RCW-5 \u015brednica 60 cm"}]},{"@type":"WebSite","@id":"https:\/\/exparto.pl\/hu\/#website","url":"https:\/\/exparto.pl\/hu\/","name":"EXPARTO","description":"More than agro parts","publisher":{"@id":"https:\/\/exparto.pl\/hu\/#organization"},"potentialAction":[{"@type":"SearchAction","target":{"@type":"EntryPoint","urlTemplate":"https:\/\/exparto.pl\/hu\/?s={search_term_string}"},"query-input":{"@type":"PropertyValueSpecification","valueRequired":true,"valueName":"search_term_string"}}],"inLanguage":"hu"},{"@type":"Organization","@id":"https:\/\/exparto.pl\/hu\/#organization","name":"EXPARTO","url":"https:\/\/exparto.pl\/hu\/","logo":{"@type":"ImageObject","inLanguage":"hu","@id":"https:\/\/exparto.pl\/hu\/#\/schema\/logo\/image\/","url":"https:\/\/exparto.pl\/wp-content\/uploads\/2023\/02\/logo-wektor.png","contentUrl":"https:\/\/exparto.pl\/wp-content\/uploads\/2023\/02\/logo-wektor.png","width":1338,"height":143,"caption":"EXPARTO"},"image":{"@id":"https:\/\/exparto.pl\/hu\/#\/schema\/logo\/image\/"},"sameAs":["https:\/\/www.facebook.com\/exparto.agro\/"]}]}},"_links":{"self":[{"href":"https:\/\/exparto.pl\/hu\/wp-json\/wp\/v2\/product\/34739","targetHints":{"allow":["GET"]}}],"collection":[{"href":"https:\/\/exparto.pl\/hu\/wp-json\/wp\/v2\/product"}],"about":[{"href":"https:\/\/exparto.pl\/hu\/wp-json\/wp\/v2\/types\/product"}],"replies":[{"embeddable":true,"href":"https:\/\/exparto.pl\/hu\/wp-json\/wp\/v2\/comments?post=34739"}],"wp:featuredmedia":[{"embeddable":true,"href":"https:\/\/exparto.pl\/hu\/wp-json\/wp\/v2\/media\/34719"}],"wp:attachment":[{"href":"https:\/\/exparto.pl\/hu\/wp-json\/wp\/v2\/media?parent=34739"}],"wp:term":[{"taxonomy":"product_brand","embeddable":true,"href":"https:\/\/exparto.pl\/hu\/wp-json\/wp\/v2\/product_brand?post=34739"},{"taxonomy":"product_cat","embeddable":true,"href":"https:\/\/exparto.pl\/hu\/wp-json\/wp\/v2\/product_cat?post=34739"},{"taxonomy":"product_tag","embeddable":true,"href":"https:\/\/exparto.pl\/hu\/wp-json\/wp\/v2\/product_tag?post=34739"}],"curies":[{"name":"wp","href":"https:\/\/api.w.org\/{rel}","templated":true}]}}