{"id":35617,"date":"2024-11-29T14:42:47","date_gmt":"2024-11-29T13:42:47","guid":{"rendered":"https:\/\/exparto.pl\/produkt\/lozysko-samonastawne-w-oprawie-ucfl-206\/"},"modified":"2026-03-28T22:00:13","modified_gmt":"2026-03-28T21:00:13","slug":"lozysko-samonastawne-w-oprawie-ucfl-206","status":"publish","type":"product","link":"https:\/\/exparto.pl\/hu\/produkt\/lozysko-samonastawne-w-oprawie-ucfl-206\/","title":{"rendered":"\u0141o\u017cysko samonastawne w oprawie UCFL 206"},"content":{"rendered":"<p style=\"text-align: justify\"><b>\u0141o\u017cyska samonastawne<\/b> to wysokiej jako\u015bci komponenty, kt\u00f3re doskonale sprawdzaj\u0105 si\u0119 w r\u00f3\u017cnorodnych zastosowaniach przemys\u0142owych i mechanicznych. Dzi\u0119ki swojej zdolno\u015bci do <b>przenoszenia du\u017cych obci\u0105\u017ce\u0144<\/b> promieniowych oraz osiowych s\u0105 idealnym rozwi\u0105zaniem do pracy w zmiennych warunkach. Ich unikalna konstrukcja umo\u017cliwia \u0142atwy monta\u017c w oprawach, co czyni je uniwersalnym wyborem dla maszyn rolniczych, budowlanych i urz\u0105dze\u0144 przemys\u0142owych.<\/p>\n<p style=\"text-align: justify\"><b>Zastosowanie:<\/b><\/p>\n<ul>\n<li>maszynach rolniczych: kombajny, siewniki, owijarki do bel, zgrabiarki.<\/li>\n<li>przemy\u015ble budowlanym: koparki, \u0142adowarki, walce drogowe.<\/li>\n<li>przemy\u015ble spo\u017cywczym: przeno\u015bniki ta\u015bmowe, maszyny do pakowania.<\/li>\n<\/ul>\n","protected":false},"excerpt":{"rendered":"<p style=\"text-align: justify\">Zesp\u00f3\u0142 \u0142o\u017cyskowy kompletny UCFL 206.<\/p>\n","protected":false},"featured_media":35597,"comment_status":"open","ping_status":"closed","template":"","meta":{"_acf_changed":false,"inline_featured_image":false},"product_brand":[],"product_cat":[44,872],"product_tag":[],"class_list":{"0":"post-35617","1":"product","2":"type-product","3":"status-publish","4":"has-post-thumbnail","6":"product_cat-artykuly-znormalizowane","7":"product_cat-zespoly-lozyskowe","9":"first","10":"instock","11":"taxable","12":"shipping-taxable","13":"purchasable","14":"product-type-simple"},"acf":[],"yoast_head":"<!-- This site is optimized with the Yoast SEO plugin v27.2 - https:\/\/yoast.com\/product\/yoast-seo-wordpress\/ -->\n<title>\u0141o\u017cysko samonastawne w oprawie UCFL 206 - Exparto.pl<\/title>\n<meta name=\"robots\" content=\"index, follow, max-snippet:-1, max-image-preview:large, max-video-preview:-1\" \/>\n<link rel=\"canonical\" href=\"https:\/\/exparto.pl\/hu\/produkt\/lozysko-samonastawne-w-oprawie-ucfl-206\/\" \/>\n<meta property=\"og:locale\" content=\"hu_HU\" \/>\n<meta property=\"og:type\" content=\"article\" \/>\n<meta property=\"og:title\" content=\"\u0141o\u017cysko samonastawne w oprawie UCFL 206 - Exparto.pl\" \/>\n<meta property=\"og:description\" content=\"Zesp\u00f3\u0142 \u0142o\u017cyskowy kompletny UCFL 206.\" \/>\n<meta property=\"og:url\" content=\"https:\/\/exparto.pl\/hu\/produkt\/lozysko-samonastawne-w-oprawie-ucfl-206\/\" \/>\n<meta property=\"og:site_name\" content=\"Exparto.pl\" \/>\n<meta property=\"article:publisher\" content=\"https:\/\/www.facebook.com\/exparto.agro\/\" \/>\n<meta property=\"article:modified_time\" content=\"2026-03-28T21:00:13+00:00\" \/>\n<meta property=\"og:image\" content=\"https:\/\/exparto.pl\/wp-content\/uploads\/2024\/11\/e4428b4b1aa1fd2a5c0104f4884a09ab.jpg\" \/>\n\t<meta property=\"og:image:width\" content=\"1200\" \/>\n\t<meta property=\"og:image:height\" content=\"1200\" \/>\n\t<meta property=\"og:image:type\" content=\"image\/jpeg\" \/>\n<meta name=\"twitter:card\" content=\"summary_large_image\" \/>\n<meta name=\"twitter:label1\" content=\"Becs\u00fclt olvas\u00e1si id\u0151\" \/>\n\t<meta name=\"twitter:data1\" content=\"1 perc\" \/>\n<script type=\"application\/ld+json\" class=\"yoast-schema-graph\">{\"@context\":\"https:\/\/schema.org\",\"@graph\":[{\"@type\":\"WebPage\",\"@id\":\"https:\/\/exparto.pl\/hu\/produkt\/lozysko-samonastawne-w-oprawie-ucfl-206\/\",\"url\":\"https:\/\/exparto.pl\/hu\/produkt\/lozysko-samonastawne-w-oprawie-ucfl-206\/\",\"name\":\"\u0141o\u017cysko samonastawne w oprawie UCFL 206 - Exparto.pl\",\"isPartOf\":{\"@id\":\"https:\/\/exparto.pl\/hu\/#website\"},\"primaryImageOfPage\":{\"@id\":\"https:\/\/exparto.pl\/hu\/produkt\/lozysko-samonastawne-w-oprawie-ucfl-206\/#primaryimage\"},\"image\":{\"@id\":\"https:\/\/exparto.pl\/hu\/produkt\/lozysko-samonastawne-w-oprawie-ucfl-206\/#primaryimage\"},\"thumbnailUrl\":\"https:\/\/exparto.pl\/wp-content\/uploads\/2024\/11\/e4428b4b1aa1fd2a5c0104f4884a09ab.jpg\",\"datePublished\":\"2024-11-29T13:42:47+00:00\",\"dateModified\":\"2026-03-28T21:00:13+00:00\",\"breadcrumb\":{\"@id\":\"https:\/\/exparto.pl\/hu\/produkt\/lozysko-samonastawne-w-oprawie-ucfl-206\/#breadcrumb\"},\"inLanguage\":\"hu\",\"potentialAction\":[{\"@type\":\"ReadAction\",\"target\":[\"https:\/\/exparto.pl\/hu\/produkt\/lozysko-samonastawne-w-oprawie-ucfl-206\/\"]}]},{\"@type\":\"ImageObject\",\"inLanguage\":\"hu\",\"@id\":\"https:\/\/exparto.pl\/hu\/produkt\/lozysko-samonastawne-w-oprawie-ucfl-206\/#primaryimage\",\"url\":\"https:\/\/exparto.pl\/wp-content\/uploads\/2024\/11\/e4428b4b1aa1fd2a5c0104f4884a09ab.jpg\",\"contentUrl\":\"https:\/\/exparto.pl\/wp-content\/uploads\/2024\/11\/e4428b4b1aa1fd2a5c0104f4884a09ab.jpg\",\"width\":1200,\"height\":1200},{\"@type\":\"BreadcrumbList\",\"@id\":\"https:\/\/exparto.pl\/hu\/produkt\/lozysko-samonastawne-w-oprawie-ucfl-206\/#breadcrumb\",\"itemListElement\":[{\"@type\":\"ListItem\",\"position\":1,\"name\":\"Honlap\",\"item\":\"https:\/\/exparto.pl\/hu\/\"},{\"@type\":\"ListItem\",\"position\":2,\"name\":\"Sklep\",\"item\":\"https:\/\/exparto.pl\/sklep\/\"},{\"@type\":\"ListItem\",\"position\":3,\"name\":\"Szabv\u00e1nyos\u00edtott cikkek\",\"item\":\"https:\/\/exparto.pl\/hu\/termekkategoria\/szabvanyositott-cikkek\/\"},{\"@type\":\"ListItem\",\"position\":4,\"name\":\"Zespo\u0142y \u0142o\u017cyskowe\",\"item\":\"https:\/\/exparto.pl\/kategoria-produktu\/artykuly-znormalizowane\/zespoly-lozyskowe\/\"},{\"@type\":\"ListItem\",\"position\":5,\"name\":\"\u0141o\u017cysko samonastawne w oprawie UCFL 206\"}]},{\"@type\":\"WebSite\",\"@id\":\"https:\/\/exparto.pl\/hu\/#website\",\"url\":\"https:\/\/exparto.pl\/hu\/\",\"name\":\"EXPARTO\",\"description\":\"More than agro parts\",\"publisher\":{\"@id\":\"https:\/\/exparto.pl\/hu\/#organization\"},\"potentialAction\":[{\"@type\":\"SearchAction\",\"target\":{\"@type\":\"EntryPoint\",\"urlTemplate\":\"https:\/\/exparto.pl\/hu\/?s={search_term_string}\"},\"query-input\":{\"@type\":\"PropertyValueSpecification\",\"valueRequired\":true,\"valueName\":\"search_term_string\"}}],\"inLanguage\":\"hu\"},{\"@type\":\"Organization\",\"@id\":\"https:\/\/exparto.pl\/hu\/#organization\",\"name\":\"EXPARTO\",\"url\":\"https:\/\/exparto.pl\/hu\/\",\"logo\":{\"@type\":\"ImageObject\",\"inLanguage\":\"hu\",\"@id\":\"https:\/\/exparto.pl\/hu\/#\/schema\/logo\/image\/\",\"url\":\"https:\/\/exparto.pl\/wp-content\/uploads\/2023\/02\/logo-wektor.png\",\"contentUrl\":\"https:\/\/exparto.pl\/wp-content\/uploads\/2023\/02\/logo-wektor.png\",\"width\":1338,\"height\":143,\"caption\":\"EXPARTO\"},\"image\":{\"@id\":\"https:\/\/exparto.pl\/hu\/#\/schema\/logo\/image\/\"},\"sameAs\":[\"https:\/\/www.facebook.com\/exparto.agro\/\"]}]}<\/script>\n<!-- \/ Yoast SEO plugin. -->","yoast_head_json":{"title":"\u0141o\u017cysko samonastawne w oprawie UCFL 206 - Exparto.pl","robots":{"index":"index","follow":"follow","max-snippet":"max-snippet:-1","max-image-preview":"max-image-preview:large","max-video-preview":"max-video-preview:-1"},"canonical":"https:\/\/exparto.pl\/hu\/produkt\/lozysko-samonastawne-w-oprawie-ucfl-206\/","og_locale":"hu_HU","og_type":"article","og_title":"\u0141o\u017cysko samonastawne w oprawie UCFL 206 - Exparto.pl","og_description":"Zesp\u00f3\u0142 \u0142o\u017cyskowy kompletny UCFL 206.","og_url":"https:\/\/exparto.pl\/hu\/produkt\/lozysko-samonastawne-w-oprawie-ucfl-206\/","og_site_name":"Exparto.pl","article_publisher":"https:\/\/www.facebook.com\/exparto.agro\/","article_modified_time":"2026-03-28T21:00:13+00:00","og_image":[{"width":1200,"height":1200,"url":"https:\/\/exparto.pl\/wp-content\/uploads\/2024\/11\/e4428b4b1aa1fd2a5c0104f4884a09ab.jpg","type":"image\/jpeg"}],"twitter_card":"summary_large_image","twitter_misc":{"Becs\u00fclt olvas\u00e1si id\u0151":"1 perc"},"schema":{"@context":"https:\/\/schema.org","@graph":[{"@type":"WebPage","@id":"https:\/\/exparto.pl\/hu\/produkt\/lozysko-samonastawne-w-oprawie-ucfl-206\/","url":"https:\/\/exparto.pl\/hu\/produkt\/lozysko-samonastawne-w-oprawie-ucfl-206\/","name":"\u0141o\u017cysko samonastawne w oprawie UCFL 206 - Exparto.pl","isPartOf":{"@id":"https:\/\/exparto.pl\/hu\/#website"},"primaryImageOfPage":{"@id":"https:\/\/exparto.pl\/hu\/produkt\/lozysko-samonastawne-w-oprawie-ucfl-206\/#primaryimage"},"image":{"@id":"https:\/\/exparto.pl\/hu\/produkt\/lozysko-samonastawne-w-oprawie-ucfl-206\/#primaryimage"},"thumbnailUrl":"https:\/\/exparto.pl\/wp-content\/uploads\/2024\/11\/e4428b4b1aa1fd2a5c0104f4884a09ab.jpg","datePublished":"2024-11-29T13:42:47+00:00","dateModified":"2026-03-28T21:00:13+00:00","breadcrumb":{"@id":"https:\/\/exparto.pl\/hu\/produkt\/lozysko-samonastawne-w-oprawie-ucfl-206\/#breadcrumb"},"inLanguage":"hu","potentialAction":[{"@type":"ReadAction","target":["https:\/\/exparto.pl\/hu\/produkt\/lozysko-samonastawne-w-oprawie-ucfl-206\/"]}]},{"@type":"ImageObject","inLanguage":"hu","@id":"https:\/\/exparto.pl\/hu\/produkt\/lozysko-samonastawne-w-oprawie-ucfl-206\/#primaryimage","url":"https:\/\/exparto.pl\/wp-content\/uploads\/2024\/11\/e4428b4b1aa1fd2a5c0104f4884a09ab.jpg","contentUrl":"https:\/\/exparto.pl\/wp-content\/uploads\/2024\/11\/e4428b4b1aa1fd2a5c0104f4884a09ab.jpg","width":1200,"height":1200},{"@type":"BreadcrumbList","@id":"https:\/\/exparto.pl\/hu\/produkt\/lozysko-samonastawne-w-oprawie-ucfl-206\/#breadcrumb","itemListElement":[{"@type":"ListItem","position":1,"name":"Honlap","item":"https:\/\/exparto.pl\/hu\/"},{"@type":"ListItem","position":2,"name":"Sklep","item":"https:\/\/exparto.pl\/sklep\/"},{"@type":"ListItem","position":3,"name":"Szabv\u00e1nyos\u00edtott cikkek","item":"https:\/\/exparto.pl\/hu\/termekkategoria\/szabvanyositott-cikkek\/"},{"@type":"ListItem","position":4,"name":"Zespo\u0142y \u0142o\u017cyskowe","item":"https:\/\/exparto.pl\/kategoria-produktu\/artykuly-znormalizowane\/zespoly-lozyskowe\/"},{"@type":"ListItem","position":5,"name":"\u0141o\u017cysko samonastawne w oprawie UCFL 206"}]},{"@type":"WebSite","@id":"https:\/\/exparto.pl\/hu\/#website","url":"https:\/\/exparto.pl\/hu\/","name":"EXPARTO","description":"More than agro parts","publisher":{"@id":"https:\/\/exparto.pl\/hu\/#organization"},"potentialAction":[{"@type":"SearchAction","target":{"@type":"EntryPoint","urlTemplate":"https:\/\/exparto.pl\/hu\/?s={search_term_string}"},"query-input":{"@type":"PropertyValueSpecification","valueRequired":true,"valueName":"search_term_string"}}],"inLanguage":"hu"},{"@type":"Organization","@id":"https:\/\/exparto.pl\/hu\/#organization","name":"EXPARTO","url":"https:\/\/exparto.pl\/hu\/","logo":{"@type":"ImageObject","inLanguage":"hu","@id":"https:\/\/exparto.pl\/hu\/#\/schema\/logo\/image\/","url":"https:\/\/exparto.pl\/wp-content\/uploads\/2023\/02\/logo-wektor.png","contentUrl":"https:\/\/exparto.pl\/wp-content\/uploads\/2023\/02\/logo-wektor.png","width":1338,"height":143,"caption":"EXPARTO"},"image":{"@id":"https:\/\/exparto.pl\/hu\/#\/schema\/logo\/image\/"},"sameAs":["https:\/\/www.facebook.com\/exparto.agro\/"]}]}},"_links":{"self":[{"href":"https:\/\/exparto.pl\/hu\/wp-json\/wp\/v2\/product\/35617","targetHints":{"allow":["GET"]}}],"collection":[{"href":"https:\/\/exparto.pl\/hu\/wp-json\/wp\/v2\/product"}],"about":[{"href":"https:\/\/exparto.pl\/hu\/wp-json\/wp\/v2\/types\/product"}],"replies":[{"embeddable":true,"href":"https:\/\/exparto.pl\/hu\/wp-json\/wp\/v2\/comments?post=35617"}],"wp:featuredmedia":[{"embeddable":true,"href":"https:\/\/exparto.pl\/hu\/wp-json\/wp\/v2\/media\/35597"}],"wp:attachment":[{"href":"https:\/\/exparto.pl\/hu\/wp-json\/wp\/v2\/media?parent=35617"}],"wp:term":[{"taxonomy":"product_brand","embeddable":true,"href":"https:\/\/exparto.pl\/hu\/wp-json\/wp\/v2\/product_brand?post=35617"},{"taxonomy":"product_cat","embeddable":true,"href":"https:\/\/exparto.pl\/hu\/wp-json\/wp\/v2\/product_cat?post=35617"},{"taxonomy":"product_tag","embeddable":true,"href":"https:\/\/exparto.pl\/hu\/wp-json\/wp\/v2\/product_tag?post=35617"}],"curies":[{"name":"wp","href":"https:\/\/api.w.org\/{rel}","templated":true}]}}