{"id":36113,"date":"2024-12-05T10:18:21","date_gmt":"2024-12-05T09:18:21","guid":{"rendered":"https:\/\/exparto.pl\/produkt\/dluto-lemiesza-overum-72635\/"},"modified":"2026-03-21T18:00:10","modified_gmt":"2026-03-21T17:00:10","slug":"dluto-lemiesza-overum-72635","status":"publish","type":"product","link":"https:\/\/exparto.pl\/hu\/produkt\/dluto-lemiesza-overum-72635\/","title":{"rendered":"D\u0142uto lemiesza Overum 72635 MOLBRO"},"content":{"rendered":"<section class=\"section\">\n<div class=\"item item-12\">\n<section class=\"text-item\">\n<div style=\"text-align: justify\">\n<div>Dzi\u00f3b wymienny d\u0142uto Overum.<\/div>\n<div><\/div>\n<div>D\u0142uto szpic przeznaczone jest do monta\u017cu na dziobie lemiesza p\u0142uga marki Overum. Element wymienny, stosowany w celu ochrony lemiesza oraz utrzymania prawid\u0142owej geometrii roboczej podczas pracy w glebie. Dzi\u0119ki zastosowaniu wymiennej nak\u0142adki mo\u017cliwe jest\u00a0<b>wyd\u0142u\u017cenie \u017cywotno\u015bci<\/b>\u00a0ca\u0142ego zespo\u0142u roboczego p\u0142uga.<\/div>\n<div><\/div>\n<div style=\"text-align: start\"><\/div>\n<div>Cz\u0119\u015b\u0107 wykonana z\u00a0<b>trwa\u0142ego materia\u0142u<\/b>, przystosowana do pracy w trudnych warunkach polowych i nara\u017ceniu na intensywne \u015bcieranie. Przeznaczona do monta\u017cu<b> po\u00a0prawej stronie. <\/b>\u00a0\u00a0<\/div>\n<div><b><br \/><\/b><\/div>\n<div><b>Producent: Molbro<\/b><\/div>\n<div><\/div>\n<div style=\"text-align: start\"><\/div>\n<div><b>Zastosowanie<\/b>:<\/div>\n<div style=\"text-align: start\">\n<ul>\n<li>Overum:\u00a0MAXI, SL, SK<\/li>\n<\/ul>\n<div><b>Numer katalogowy:<\/b><\/div>\n<\/div>\n<div style=\"text-align: start\">\n<ul>\n<li>72635<\/li>\n<\/ul>\n<\/div>\n<\/div>\n<\/section><\/div>\n<\/section>\n","protected":false},"excerpt":{"rendered":"<p style=\"text-align: justify\">Dzi\u00f3b wymienny d\u0142uto Overum<\/p>\n","protected":false},"featured_media":36088,"comment_status":"open","ping_status":"closed","template":"","meta":{"_acf_changed":false,"inline_featured_image":false},"product_brand":[1017],"product_cat":[765,771],"product_tag":[],"class_list":{"0":"post-36113","1":"product","2":"type-product","3":"status-publish","4":"has-post-thumbnail","6":"product_brand-e-parts","7":"product_cat-czesci-do-plugow","8":"product_cat-dluta-do-pluga","10":"first","11":"instock","12":"taxable","13":"shipping-taxable","14":"purchasable","15":"product-type-simple"},"acf":[],"yoast_head":"<!-- This site is optimized with the Yoast SEO plugin v27.2 - https:\/\/yoast.com\/product\/yoast-seo-wordpress\/ -->\n<title>D\u0142uto lemiesza Overum 72635 MOLBRO - Exparto.pl<\/title>\n<meta name=\"robots\" content=\"index, follow, max-snippet:-1, max-image-preview:large, max-video-preview:-1\" \/>\n<link rel=\"canonical\" href=\"https:\/\/exparto.pl\/hu\/produkt\/dluto-lemiesza-overum-72635\/\" \/>\n<meta property=\"og:locale\" content=\"hu_HU\" \/>\n<meta property=\"og:type\" content=\"article\" \/>\n<meta property=\"og:title\" content=\"D\u0142uto lemiesza Overum 72635 MOLBRO - Exparto.pl\" \/>\n<meta property=\"og:description\" content=\"Dzi\u00f3b wymienny d\u0142uto Overum\" \/>\n<meta property=\"og:url\" content=\"https:\/\/exparto.pl\/hu\/produkt\/dluto-lemiesza-overum-72635\/\" \/>\n<meta property=\"og:site_name\" content=\"Exparto.pl\" \/>\n<meta property=\"article:publisher\" content=\"https:\/\/www.facebook.com\/exparto.agro\/\" \/>\n<meta property=\"article:modified_time\" content=\"2026-03-21T17:00:10+00:00\" \/>\n<meta property=\"og:image\" content=\"https:\/\/exparto.pl\/wp-content\/uploads\/2024\/12\/5e53294570933bd7f7bbf4e4890c9782-rotated.jpg\" \/>\n\t<meta property=\"og:image:width\" content=\"1200\" \/>\n\t<meta property=\"og:image:height\" content=\"1200\" \/>\n\t<meta property=\"og:image:type\" content=\"image\/jpeg\" \/>\n<meta name=\"twitter:card\" content=\"summary_large_image\" \/>\n<meta name=\"twitter:label1\" content=\"Becs\u00fclt olvas\u00e1si id\u0151\" \/>\n\t<meta name=\"twitter:data1\" content=\"1 perc\" \/>\n<script type=\"application\/ld+json\" class=\"yoast-schema-graph\">{\"@context\":\"https:\/\/schema.org\",\"@graph\":[{\"@type\":\"WebPage\",\"@id\":\"https:\/\/exparto.pl\/hu\/produkt\/dluto-lemiesza-overum-72635\/\",\"url\":\"https:\/\/exparto.pl\/hu\/produkt\/dluto-lemiesza-overum-72635\/\",\"name\":\"D\u0142uto lemiesza Overum 72635 MOLBRO - Exparto.pl\",\"isPartOf\":{\"@id\":\"https:\/\/exparto.pl\/hu\/#website\"},\"primaryImageOfPage\":{\"@id\":\"https:\/\/exparto.pl\/hu\/produkt\/dluto-lemiesza-overum-72635\/#primaryimage\"},\"image\":{\"@id\":\"https:\/\/exparto.pl\/hu\/produkt\/dluto-lemiesza-overum-72635\/#primaryimage\"},\"thumbnailUrl\":\"https:\/\/exparto.pl\/wp-content\/uploads\/2024\/12\/5e53294570933bd7f7bbf4e4890c9782-rotated.jpg\",\"datePublished\":\"2024-12-05T09:18:21+00:00\",\"dateModified\":\"2026-03-21T17:00:10+00:00\",\"breadcrumb\":{\"@id\":\"https:\/\/exparto.pl\/hu\/produkt\/dluto-lemiesza-overum-72635\/#breadcrumb\"},\"inLanguage\":\"hu\",\"potentialAction\":[{\"@type\":\"ReadAction\",\"target\":[\"https:\/\/exparto.pl\/hu\/produkt\/dluto-lemiesza-overum-72635\/\"]}]},{\"@type\":\"ImageObject\",\"inLanguage\":\"hu\",\"@id\":\"https:\/\/exparto.pl\/hu\/produkt\/dluto-lemiesza-overum-72635\/#primaryimage\",\"url\":\"https:\/\/exparto.pl\/wp-content\/uploads\/2024\/12\/5e53294570933bd7f7bbf4e4890c9782-rotated.jpg\",\"contentUrl\":\"https:\/\/exparto.pl\/wp-content\/uploads\/2024\/12\/5e53294570933bd7f7bbf4e4890c9782-rotated.jpg\",\"width\":1200,\"height\":1200},{\"@type\":\"BreadcrumbList\",\"@id\":\"https:\/\/exparto.pl\/hu\/produkt\/dluto-lemiesza-overum-72635\/#breadcrumb\",\"itemListElement\":[{\"@type\":\"ListItem\",\"position\":1,\"name\":\"Honlap\",\"item\":\"https:\/\/exparto.pl\/hu\/\"},{\"@type\":\"ListItem\",\"position\":2,\"name\":\"Sklep\",\"item\":\"https:\/\/exparto.pl\/sklep\/\"},{\"@type\":\"ListItem\",\"position\":3,\"name\":\"Asz\u00faalkatr\u00e9szek\",\"item\":\"https:\/\/exparto.pl\/hu\/termekkategoria\/aszualkatreszek\/\"},{\"@type\":\"ListItem\",\"position\":4,\"name\":\"D\u0142uta do p\u0142uga\",\"item\":\"https:\/\/exparto.pl\/kategoria-produktu\/czesci-do-plugow\/dluta-do-pluga\/\"},{\"@type\":\"ListItem\",\"position\":5,\"name\":\"D\u0142uto lemiesza Overum 72635 MOLBRO\"}]},{\"@type\":\"WebSite\",\"@id\":\"https:\/\/exparto.pl\/hu\/#website\",\"url\":\"https:\/\/exparto.pl\/hu\/\",\"name\":\"EXPARTO\",\"description\":\"More than agro parts\",\"publisher\":{\"@id\":\"https:\/\/exparto.pl\/hu\/#organization\"},\"potentialAction\":[{\"@type\":\"SearchAction\",\"target\":{\"@type\":\"EntryPoint\",\"urlTemplate\":\"https:\/\/exparto.pl\/hu\/?s={search_term_string}\"},\"query-input\":{\"@type\":\"PropertyValueSpecification\",\"valueRequired\":true,\"valueName\":\"search_term_string\"}}],\"inLanguage\":\"hu\"},{\"@type\":\"Organization\",\"@id\":\"https:\/\/exparto.pl\/hu\/#organization\",\"name\":\"EXPARTO\",\"url\":\"https:\/\/exparto.pl\/hu\/\",\"logo\":{\"@type\":\"ImageObject\",\"inLanguage\":\"hu\",\"@id\":\"https:\/\/exparto.pl\/hu\/#\/schema\/logo\/image\/\",\"url\":\"https:\/\/exparto.pl\/wp-content\/uploads\/2023\/02\/logo-wektor.png\",\"contentUrl\":\"https:\/\/exparto.pl\/wp-content\/uploads\/2023\/02\/logo-wektor.png\",\"width\":1338,\"height\":143,\"caption\":\"EXPARTO\"},\"image\":{\"@id\":\"https:\/\/exparto.pl\/hu\/#\/schema\/logo\/image\/\"},\"sameAs\":[\"https:\/\/www.facebook.com\/exparto.agro\/\"]}]}<\/script>\n<!-- \/ Yoast SEO plugin. -->","yoast_head_json":{"title":"D\u0142uto lemiesza Overum 72635 MOLBRO - Exparto.pl","robots":{"index":"index","follow":"follow","max-snippet":"max-snippet:-1","max-image-preview":"max-image-preview:large","max-video-preview":"max-video-preview:-1"},"canonical":"https:\/\/exparto.pl\/hu\/produkt\/dluto-lemiesza-overum-72635\/","og_locale":"hu_HU","og_type":"article","og_title":"D\u0142uto lemiesza Overum 72635 MOLBRO - Exparto.pl","og_description":"Dzi\u00f3b wymienny d\u0142uto Overum","og_url":"https:\/\/exparto.pl\/hu\/produkt\/dluto-lemiesza-overum-72635\/","og_site_name":"Exparto.pl","article_publisher":"https:\/\/www.facebook.com\/exparto.agro\/","article_modified_time":"2026-03-21T17:00:10+00:00","og_image":[{"width":1200,"height":1200,"url":"https:\/\/exparto.pl\/wp-content\/uploads\/2024\/12\/5e53294570933bd7f7bbf4e4890c9782-rotated.jpg","type":"image\/jpeg"}],"twitter_card":"summary_large_image","twitter_misc":{"Becs\u00fclt olvas\u00e1si id\u0151":"1 perc"},"schema":{"@context":"https:\/\/schema.org","@graph":[{"@type":"WebPage","@id":"https:\/\/exparto.pl\/hu\/produkt\/dluto-lemiesza-overum-72635\/","url":"https:\/\/exparto.pl\/hu\/produkt\/dluto-lemiesza-overum-72635\/","name":"D\u0142uto lemiesza Overum 72635 MOLBRO - Exparto.pl","isPartOf":{"@id":"https:\/\/exparto.pl\/hu\/#website"},"primaryImageOfPage":{"@id":"https:\/\/exparto.pl\/hu\/produkt\/dluto-lemiesza-overum-72635\/#primaryimage"},"image":{"@id":"https:\/\/exparto.pl\/hu\/produkt\/dluto-lemiesza-overum-72635\/#primaryimage"},"thumbnailUrl":"https:\/\/exparto.pl\/wp-content\/uploads\/2024\/12\/5e53294570933bd7f7bbf4e4890c9782-rotated.jpg","datePublished":"2024-12-05T09:18:21+00:00","dateModified":"2026-03-21T17:00:10+00:00","breadcrumb":{"@id":"https:\/\/exparto.pl\/hu\/produkt\/dluto-lemiesza-overum-72635\/#breadcrumb"},"inLanguage":"hu","potentialAction":[{"@type":"ReadAction","target":["https:\/\/exparto.pl\/hu\/produkt\/dluto-lemiesza-overum-72635\/"]}]},{"@type":"ImageObject","inLanguage":"hu","@id":"https:\/\/exparto.pl\/hu\/produkt\/dluto-lemiesza-overum-72635\/#primaryimage","url":"https:\/\/exparto.pl\/wp-content\/uploads\/2024\/12\/5e53294570933bd7f7bbf4e4890c9782-rotated.jpg","contentUrl":"https:\/\/exparto.pl\/wp-content\/uploads\/2024\/12\/5e53294570933bd7f7bbf4e4890c9782-rotated.jpg","width":1200,"height":1200},{"@type":"BreadcrumbList","@id":"https:\/\/exparto.pl\/hu\/produkt\/dluto-lemiesza-overum-72635\/#breadcrumb","itemListElement":[{"@type":"ListItem","position":1,"name":"Honlap","item":"https:\/\/exparto.pl\/hu\/"},{"@type":"ListItem","position":2,"name":"Sklep","item":"https:\/\/exparto.pl\/sklep\/"},{"@type":"ListItem","position":3,"name":"Asz\u00faalkatr\u00e9szek","item":"https:\/\/exparto.pl\/hu\/termekkategoria\/aszualkatreszek\/"},{"@type":"ListItem","position":4,"name":"D\u0142uta do p\u0142uga","item":"https:\/\/exparto.pl\/kategoria-produktu\/czesci-do-plugow\/dluta-do-pluga\/"},{"@type":"ListItem","position":5,"name":"D\u0142uto lemiesza Overum 72635 MOLBRO"}]},{"@type":"WebSite","@id":"https:\/\/exparto.pl\/hu\/#website","url":"https:\/\/exparto.pl\/hu\/","name":"EXPARTO","description":"More than agro parts","publisher":{"@id":"https:\/\/exparto.pl\/hu\/#organization"},"potentialAction":[{"@type":"SearchAction","target":{"@type":"EntryPoint","urlTemplate":"https:\/\/exparto.pl\/hu\/?s={search_term_string}"},"query-input":{"@type":"PropertyValueSpecification","valueRequired":true,"valueName":"search_term_string"}}],"inLanguage":"hu"},{"@type":"Organization","@id":"https:\/\/exparto.pl\/hu\/#organization","name":"EXPARTO","url":"https:\/\/exparto.pl\/hu\/","logo":{"@type":"ImageObject","inLanguage":"hu","@id":"https:\/\/exparto.pl\/hu\/#\/schema\/logo\/image\/","url":"https:\/\/exparto.pl\/wp-content\/uploads\/2023\/02\/logo-wektor.png","contentUrl":"https:\/\/exparto.pl\/wp-content\/uploads\/2023\/02\/logo-wektor.png","width":1338,"height":143,"caption":"EXPARTO"},"image":{"@id":"https:\/\/exparto.pl\/hu\/#\/schema\/logo\/image\/"},"sameAs":["https:\/\/www.facebook.com\/exparto.agro\/"]}]}},"_links":{"self":[{"href":"https:\/\/exparto.pl\/hu\/wp-json\/wp\/v2\/product\/36113","targetHints":{"allow":["GET"]}}],"collection":[{"href":"https:\/\/exparto.pl\/hu\/wp-json\/wp\/v2\/product"}],"about":[{"href":"https:\/\/exparto.pl\/hu\/wp-json\/wp\/v2\/types\/product"}],"replies":[{"embeddable":true,"href":"https:\/\/exparto.pl\/hu\/wp-json\/wp\/v2\/comments?post=36113"}],"wp:featuredmedia":[{"embeddable":true,"href":"https:\/\/exparto.pl\/hu\/wp-json\/wp\/v2\/media\/36088"}],"wp:attachment":[{"href":"https:\/\/exparto.pl\/hu\/wp-json\/wp\/v2\/media?parent=36113"}],"wp:term":[{"taxonomy":"product_brand","embeddable":true,"href":"https:\/\/exparto.pl\/hu\/wp-json\/wp\/v2\/product_brand?post=36113"},{"taxonomy":"product_cat","embeddable":true,"href":"https:\/\/exparto.pl\/hu\/wp-json\/wp\/v2\/product_cat?post=36113"},{"taxonomy":"product_tag","embeddable":true,"href":"https:\/\/exparto.pl\/hu\/wp-json\/wp\/v2\/product_tag?post=36113"}],"curies":[{"name":"wp","href":"https:\/\/api.w.org\/{rel}","templated":true}]}}