{"id":37344,"date":"2024-12-12T12:11:31","date_gmt":"2024-12-12T11:11:31","guid":{"rendered":"https:\/\/exparto.pl\/produkt\/widla-2a-80x35x1200\/"},"modified":"2026-03-25T12:00:40","modified_gmt":"2026-03-25T11:00:40","slug":"widla-2a-80x35x1200","status":"publish","type":"product","link":"https:\/\/exparto.pl\/hu\/produkt\/widla-2a-80x35x1200\/","title":{"rendered":"Wid\u0142a 2A 80x35x1200"},"content":{"rendered":"<p style=\"text-align: justify\">Powo\u0142uj\u0105c si\u0119 na opinie naszych klient\u00f3w,\u00a0<strong>Exparto<\/strong>\u00a0dostarcza wid\u0142y o najlepszym stosunku ceny do jako\u015bci. Sk\u0105d taka opinia?<\/p>\n<p style=\"text-align: justify\"><strong>Wid\u0142y EXPARTO<\/strong>\u00a0posiadaj\u0105 tzw.\u00a0<strong>PI\u0118T\u0118<\/strong>, kt\u00f3ra jest elementem przenosz\u0105cym najwi\u0119ksze obci\u0105\u017cenia. W czasie procesu zaginania poddaje si\u0119 pogrubieniu promie\u0144 wid\u0142y, tj. pi\u0119ta. Dodatkowe elementy spawane wykonane s\u0105 metod\u0105 kucia. W efekcie otrzymujemy wid\u0142e o znacznie wi\u0119kszej wytrzyma\u0142o\u015bci ni\u017c wymaga norma dotycz\u0105ce bezpiecze\u0144stwa<\/p>\n<p style=\"text-align: justify\"><strong>NIE DO ZAGI\u0118CIA.<\/strong>\u00a0Wid\u0142y EXPARTO \u015bcieraj\u0105 si\u0119 najwolniej z wide\u0142 oferowanych na polskim rynku. D\u0142uga \u017cywotno\u015b\u0107 jest mo\u017cliwa dzi\u0119ki zastosowaniu metody kucia ostrza, a nie frezowania. Oznacza to, \u017ce wid\u0142a EXPARTO posiada du\u017co wi\u0119cej materia\u0142u z nieprzerwan\u0105 struktur\u0105 metalograficzn\u0105.<\/p>\n<p style=\"text-align: justify\"><strong>OPTYMALNA<\/strong>\u00a0<strong>TWARDO\u015a\u0106<\/strong>\u00a0I\u00a0<strong>ELASTYCZNO\u015a\u0106<\/strong>. Mierzymy poziom zahartowania w kilku miejscach ka\u017cdej wid\u0142y.<\/p>\n<p style=\"text-align: justify\">Mierzymy ka\u017cd\u0105 parti\u0119, a\u017ceby mie\u0107 pewno\u015b\u0107, \u017ce nasze wid\u0142y pasuj\u0105 idealnie do ramek transportowych oferowanych przez Exparto jak i przez innych znanych producent\u00f3w.<\/p>\n<p style=\"text-align: justify\">Jako nieliczni dostawcy dokonujemy kontroli metalograficznej po procesie obr\u00f3bki cieplnej wide\u0142 transportowych Exparto. Chodzi o wykazanie, i\u017c zaaplikowano optymaln\u0105 temperatur\u0119 hartowania. Przy zbyt wysokiej temperaturze, mimo \u017ce twardo\u015b\u0107 b\u0119dzie zgodna z wymaganiami, gruboziarnista struktura wywo\u0142a p\u0119kanie oraz przedwczesne zu\u017cycie wid\u0142y.<\/p>\n<p style=\"text-align: justify\">Sprawdzamy sk\u0142ad chemiczny materia\u0142u, aby mie\u0107 pewno\u015b\u0107, \u017ce wykonane s\u0105 ze specjalnie dobranego gatunku stali spr\u0119\u017cynowej.<\/p>\n<p style=\"text-align: justify\">Ochronna pow\u0142oka lakiernicza zapewnia wid\u0142om Exparto estetyczny wygl\u0105d na wiele lat.<\/p>\n<p style=\"text-align: justify\">Wid\u0142y EXPARTO stosowane s\u0105 z powodzeniem w \u0142adowaczach czo\u0142owych, \u0142adowarkach teleskopowych, w\u00f3zkach wid\u0142owych<\/p>\n<p style=\"text-align: justify\"><strong>Wid\u0142y rolne i transportowe<\/strong>\u00a0EXPARTO s\u0105 kompatybilne z osprz\u0119tem do \u0142adowaczy czo\u0142owych, \u0142adowarek teleskopowych i w\u00f3zk\u00f3w wid\u0142owych produkowanymi przez:<\/p>\n<p style=\"text-align: justify\">Agromasz, Hydramet, Inter Tech,\u00a0 Metal-Fach, Metaltechnik, MX, New Holland, Quick, Stol, Toyota Stell,\u00a0 Volant czy Zetor<\/p>\n","protected":false},"excerpt":{"rendered":"<p style=\"text-align: justify\">Wid\u0142y EXPARTO\u00a0posiadaj\u0105 tzw.\u00a0PI\u0118T\u0118, kt\u00f3ra jest elementem przenosz\u0105cym najwi\u0119ksze obci\u0105\u017cenia. W czasie procesu zaginania poddaje si\u0119 pogrubieniu promie\u0144 wid\u0142y, tj. pi\u0119ta.<\/p>\n","protected":false},"featured_media":37329,"comment_status":"open","ping_status":"closed","template":"","meta":{"_acf_changed":false,"inline_featured_image":false},"product_brand":[],"product_cat":[671,608],"product_tag":[],"class_list":{"0":"post-37344","1":"product","2":"type-product","3":"status-publish","4":"has-post-thumbnail","6":"product_cat-nahradne-diely-pre-celne-nakladace","7":"product_cat-vidlice-nosne-ramy","9":"first","10":"instock","11":"taxable","12":"shipping-taxable","13":"purchasable","14":"product-type-simple"},"acf":[],"yoast_head":"<!-- This site is optimized with the Yoast SEO plugin v27.2 - https:\/\/yoast.com\/product\/yoast-seo-wordpress\/ -->\n<title>Wid\u0142a 2A 80x35x1200 - Exparto.pl<\/title>\n<meta name=\"robots\" content=\"index, follow, max-snippet:-1, max-image-preview:large, max-video-preview:-1\" \/>\n<link rel=\"canonical\" href=\"https:\/\/exparto.pl\/hu\/produkt\/widla-2a-80x35x1200\/\" \/>\n<meta property=\"og:locale\" content=\"hu_HU\" \/>\n<meta property=\"og:type\" content=\"article\" \/>\n<meta property=\"og:title\" content=\"Wid\u0142a 2A 80x35x1200 - Exparto.pl\" \/>\n<meta property=\"og:description\" content=\"Wid\u0142y EXPARTO\u00a0posiadaj\u0105 tzw.\u00a0PI\u0118T\u0118, kt\u00f3ra jest elementem przenosz\u0105cym najwi\u0119ksze obci\u0105\u017cenia. W czasie procesu zaginania poddaje si\u0119 pogrubieniu promie\u0144 wid\u0142y, tj. pi\u0119ta.\" \/>\n<meta property=\"og:url\" content=\"https:\/\/exparto.pl\/hu\/produkt\/widla-2a-80x35x1200\/\" \/>\n<meta property=\"og:site_name\" content=\"Exparto.pl\" \/>\n<meta property=\"article:publisher\" content=\"https:\/\/www.facebook.com\/exparto.agro\/\" \/>\n<meta property=\"article:modified_time\" content=\"2026-03-25T11:00:40+00:00\" \/>\n<meta property=\"og:image\" content=\"https:\/\/exparto.pl\/wp-content\/uploads\/2024\/12\/ba3b7549f6a07fa0affd74b59766460a.jpg\" \/>\n\t<meta property=\"og:image:width\" content=\"1000\" \/>\n\t<meta property=\"og:image:height\" content=\"1000\" \/>\n\t<meta property=\"og:image:type\" content=\"image\/jpeg\" \/>\n<meta name=\"twitter:card\" content=\"summary_large_image\" \/>\n<meta name=\"twitter:label1\" content=\"Becs\u00fclt olvas\u00e1si id\u0151\" \/>\n\t<meta name=\"twitter:data1\" content=\"2 perc\" \/>\n<script type=\"application\/ld+json\" class=\"yoast-schema-graph\">{\"@context\":\"https:\/\/schema.org\",\"@graph\":[{\"@type\":\"WebPage\",\"@id\":\"https:\/\/exparto.pl\/hu\/produkt\/widla-2a-80x35x1200\/\",\"url\":\"https:\/\/exparto.pl\/hu\/produkt\/widla-2a-80x35x1200\/\",\"name\":\"Wid\u0142a 2A 80x35x1200 - Exparto.pl\",\"isPartOf\":{\"@id\":\"https:\/\/exparto.pl\/hu\/#website\"},\"primaryImageOfPage\":{\"@id\":\"https:\/\/exparto.pl\/hu\/produkt\/widla-2a-80x35x1200\/#primaryimage\"},\"image\":{\"@id\":\"https:\/\/exparto.pl\/hu\/produkt\/widla-2a-80x35x1200\/#primaryimage\"},\"thumbnailUrl\":\"https:\/\/exparto.pl\/wp-content\/uploads\/2024\/12\/ba3b7549f6a07fa0affd74b59766460a.jpg\",\"datePublished\":\"2024-12-12T11:11:31+00:00\",\"dateModified\":\"2026-03-25T11:00:40+00:00\",\"breadcrumb\":{\"@id\":\"https:\/\/exparto.pl\/hu\/produkt\/widla-2a-80x35x1200\/#breadcrumb\"},\"inLanguage\":\"hu\",\"potentialAction\":[{\"@type\":\"ReadAction\",\"target\":[\"https:\/\/exparto.pl\/hu\/produkt\/widla-2a-80x35x1200\/\"]}]},{\"@type\":\"ImageObject\",\"inLanguage\":\"hu\",\"@id\":\"https:\/\/exparto.pl\/hu\/produkt\/widla-2a-80x35x1200\/#primaryimage\",\"url\":\"https:\/\/exparto.pl\/wp-content\/uploads\/2024\/12\/ba3b7549f6a07fa0affd74b59766460a.jpg\",\"contentUrl\":\"https:\/\/exparto.pl\/wp-content\/uploads\/2024\/12\/ba3b7549f6a07fa0affd74b59766460a.jpg\",\"width\":1000,\"height\":1000},{\"@type\":\"BreadcrumbList\",\"@id\":\"https:\/\/exparto.pl\/hu\/produkt\/widla-2a-80x35x1200\/#breadcrumb\",\"itemListElement\":[{\"@type\":\"ListItem\",\"position\":1,\"name\":\"Honlap\",\"item\":\"https:\/\/exparto.pl\/hu\/\"},{\"@type\":\"ListItem\",\"position\":2,\"name\":\"Sklep\",\"item\":\"https:\/\/exparto.pl\/sklep\/\"},{\"@type\":\"ListItem\",\"position\":3,\"name\":\"Alkatr\u00e9szek el\u00fcls\u0151 rakod\u00f3khoz\",\"item\":\"https:\/\/exparto.pl\/hu\/termekkategoria\/alkatreszek-elulso-rakodokhoz\/\"},{\"@type\":\"ListItem\",\"position\":4,\"name\":\"Vill\u00e1k, teherhord\u00f3 keretek\",\"item\":\"https:\/\/exparto.pl\/hu\/termekkategoria\/alkatreszek-elulso-rakodokhoz\/villak-teherhordo-keretek\/\"},{\"@type\":\"ListItem\",\"position\":5,\"name\":\"Wid\u0142a 2A 80x35x1200\"}]},{\"@type\":\"WebSite\",\"@id\":\"https:\/\/exparto.pl\/hu\/#website\",\"url\":\"https:\/\/exparto.pl\/hu\/\",\"name\":\"EXPARTO\",\"description\":\"More than agro parts\",\"publisher\":{\"@id\":\"https:\/\/exparto.pl\/hu\/#organization\"},\"potentialAction\":[{\"@type\":\"SearchAction\",\"target\":{\"@type\":\"EntryPoint\",\"urlTemplate\":\"https:\/\/exparto.pl\/hu\/?s={search_term_string}\"},\"query-input\":{\"@type\":\"PropertyValueSpecification\",\"valueRequired\":true,\"valueName\":\"search_term_string\"}}],\"inLanguage\":\"hu\"},{\"@type\":\"Organization\",\"@id\":\"https:\/\/exparto.pl\/hu\/#organization\",\"name\":\"EXPARTO\",\"url\":\"https:\/\/exparto.pl\/hu\/\",\"logo\":{\"@type\":\"ImageObject\",\"inLanguage\":\"hu\",\"@id\":\"https:\/\/exparto.pl\/hu\/#\/schema\/logo\/image\/\",\"url\":\"https:\/\/exparto.pl\/wp-content\/uploads\/2023\/02\/logo-wektor.png\",\"contentUrl\":\"https:\/\/exparto.pl\/wp-content\/uploads\/2023\/02\/logo-wektor.png\",\"width\":1338,\"height\":143,\"caption\":\"EXPARTO\"},\"image\":{\"@id\":\"https:\/\/exparto.pl\/hu\/#\/schema\/logo\/image\/\"},\"sameAs\":[\"https:\/\/www.facebook.com\/exparto.agro\/\"]}]}<\/script>\n<!-- \/ Yoast SEO plugin. -->","yoast_head_json":{"title":"Wid\u0142a 2A 80x35x1200 - Exparto.pl","robots":{"index":"index","follow":"follow","max-snippet":"max-snippet:-1","max-image-preview":"max-image-preview:large","max-video-preview":"max-video-preview:-1"},"canonical":"https:\/\/exparto.pl\/hu\/produkt\/widla-2a-80x35x1200\/","og_locale":"hu_HU","og_type":"article","og_title":"Wid\u0142a 2A 80x35x1200 - Exparto.pl","og_description":"Wid\u0142y EXPARTO\u00a0posiadaj\u0105 tzw.\u00a0PI\u0118T\u0118, kt\u00f3ra jest elementem przenosz\u0105cym najwi\u0119ksze obci\u0105\u017cenia. W czasie procesu zaginania poddaje si\u0119 pogrubieniu promie\u0144 wid\u0142y, tj. pi\u0119ta.","og_url":"https:\/\/exparto.pl\/hu\/produkt\/widla-2a-80x35x1200\/","og_site_name":"Exparto.pl","article_publisher":"https:\/\/www.facebook.com\/exparto.agro\/","article_modified_time":"2026-03-25T11:00:40+00:00","og_image":[{"width":1000,"height":1000,"url":"https:\/\/exparto.pl\/wp-content\/uploads\/2024\/12\/ba3b7549f6a07fa0affd74b59766460a.jpg","type":"image\/jpeg"}],"twitter_card":"summary_large_image","twitter_misc":{"Becs\u00fclt olvas\u00e1si id\u0151":"2 perc"},"schema":{"@context":"https:\/\/schema.org","@graph":[{"@type":"WebPage","@id":"https:\/\/exparto.pl\/hu\/produkt\/widla-2a-80x35x1200\/","url":"https:\/\/exparto.pl\/hu\/produkt\/widla-2a-80x35x1200\/","name":"Wid\u0142a 2A 80x35x1200 - Exparto.pl","isPartOf":{"@id":"https:\/\/exparto.pl\/hu\/#website"},"primaryImageOfPage":{"@id":"https:\/\/exparto.pl\/hu\/produkt\/widla-2a-80x35x1200\/#primaryimage"},"image":{"@id":"https:\/\/exparto.pl\/hu\/produkt\/widla-2a-80x35x1200\/#primaryimage"},"thumbnailUrl":"https:\/\/exparto.pl\/wp-content\/uploads\/2024\/12\/ba3b7549f6a07fa0affd74b59766460a.jpg","datePublished":"2024-12-12T11:11:31+00:00","dateModified":"2026-03-25T11:00:40+00:00","breadcrumb":{"@id":"https:\/\/exparto.pl\/hu\/produkt\/widla-2a-80x35x1200\/#breadcrumb"},"inLanguage":"hu","potentialAction":[{"@type":"ReadAction","target":["https:\/\/exparto.pl\/hu\/produkt\/widla-2a-80x35x1200\/"]}]},{"@type":"ImageObject","inLanguage":"hu","@id":"https:\/\/exparto.pl\/hu\/produkt\/widla-2a-80x35x1200\/#primaryimage","url":"https:\/\/exparto.pl\/wp-content\/uploads\/2024\/12\/ba3b7549f6a07fa0affd74b59766460a.jpg","contentUrl":"https:\/\/exparto.pl\/wp-content\/uploads\/2024\/12\/ba3b7549f6a07fa0affd74b59766460a.jpg","width":1000,"height":1000},{"@type":"BreadcrumbList","@id":"https:\/\/exparto.pl\/hu\/produkt\/widla-2a-80x35x1200\/#breadcrumb","itemListElement":[{"@type":"ListItem","position":1,"name":"Honlap","item":"https:\/\/exparto.pl\/hu\/"},{"@type":"ListItem","position":2,"name":"Sklep","item":"https:\/\/exparto.pl\/sklep\/"},{"@type":"ListItem","position":3,"name":"Alkatr\u00e9szek el\u00fcls\u0151 rakod\u00f3khoz","item":"https:\/\/exparto.pl\/hu\/termekkategoria\/alkatreszek-elulso-rakodokhoz\/"},{"@type":"ListItem","position":4,"name":"Vill\u00e1k, teherhord\u00f3 keretek","item":"https:\/\/exparto.pl\/hu\/termekkategoria\/alkatreszek-elulso-rakodokhoz\/villak-teherhordo-keretek\/"},{"@type":"ListItem","position":5,"name":"Wid\u0142a 2A 80x35x1200"}]},{"@type":"WebSite","@id":"https:\/\/exparto.pl\/hu\/#website","url":"https:\/\/exparto.pl\/hu\/","name":"EXPARTO","description":"More than agro parts","publisher":{"@id":"https:\/\/exparto.pl\/hu\/#organization"},"potentialAction":[{"@type":"SearchAction","target":{"@type":"EntryPoint","urlTemplate":"https:\/\/exparto.pl\/hu\/?s={search_term_string}"},"query-input":{"@type":"PropertyValueSpecification","valueRequired":true,"valueName":"search_term_string"}}],"inLanguage":"hu"},{"@type":"Organization","@id":"https:\/\/exparto.pl\/hu\/#organization","name":"EXPARTO","url":"https:\/\/exparto.pl\/hu\/","logo":{"@type":"ImageObject","inLanguage":"hu","@id":"https:\/\/exparto.pl\/hu\/#\/schema\/logo\/image\/","url":"https:\/\/exparto.pl\/wp-content\/uploads\/2023\/02\/logo-wektor.png","contentUrl":"https:\/\/exparto.pl\/wp-content\/uploads\/2023\/02\/logo-wektor.png","width":1338,"height":143,"caption":"EXPARTO"},"image":{"@id":"https:\/\/exparto.pl\/hu\/#\/schema\/logo\/image\/"},"sameAs":["https:\/\/www.facebook.com\/exparto.agro\/"]}]}},"_links":{"self":[{"href":"https:\/\/exparto.pl\/hu\/wp-json\/wp\/v2\/product\/37344","targetHints":{"allow":["GET"]}}],"collection":[{"href":"https:\/\/exparto.pl\/hu\/wp-json\/wp\/v2\/product"}],"about":[{"href":"https:\/\/exparto.pl\/hu\/wp-json\/wp\/v2\/types\/product"}],"replies":[{"embeddable":true,"href":"https:\/\/exparto.pl\/hu\/wp-json\/wp\/v2\/comments?post=37344"}],"wp:featuredmedia":[{"embeddable":true,"href":"https:\/\/exparto.pl\/hu\/wp-json\/wp\/v2\/media\/37329"}],"wp:attachment":[{"href":"https:\/\/exparto.pl\/hu\/wp-json\/wp\/v2\/media?parent=37344"}],"wp:term":[{"taxonomy":"product_brand","embeddable":true,"href":"https:\/\/exparto.pl\/hu\/wp-json\/wp\/v2\/product_brand?post=37344"},{"taxonomy":"product_cat","embeddable":true,"href":"https:\/\/exparto.pl\/hu\/wp-json\/wp\/v2\/product_cat?post=37344"},{"taxonomy":"product_tag","embeddable":true,"href":"https:\/\/exparto.pl\/hu\/wp-json\/wp\/v2\/product_tag?post=37344"}],"curies":[{"name":"wp","href":"https:\/\/api.w.org\/{rel}","templated":true}]}}