{"id":38396,"date":"2025-01-30T11:38:15","date_gmt":"2025-01-30T10:38:15","guid":{"rendered":"https:\/\/exparto.pl\/produkt\/zab-palec-igla-kiel-kuty-do-ladowacza-czolowego-l-600-600-mm-wygiety\/"},"modified":"2026-03-04T18:00:14","modified_gmt":"2026-03-04T17:00:14","slug":"zab-palec-igla-kiel-kuty-do-ladowacza-czolowego-l-600-600-mm-wygiety","status":"publish","type":"product","link":"https:\/\/exparto.pl\/hu\/produkt\/zab-palec-igla-kiel-kuty-do-ladowacza-czolowego-l-600-600-mm-wygiety\/","title":{"rendered":"Z\u0105b palec Ig\u0142a kie\u0142 kuty do \u0142adowacza czo\u0142owego L-600 \/ 600 mm wygi\u0119ty"},"content":{"rendered":"<section class=\"section\">\n<div class=\"item item-12\">\n<section class=\"text-item\"><span style=\"font-weight: 700 !important\">Z\u0119by kute EXPARTO \u2013 doskona\u0142y wyb\u00f3r do \u0142adowaczy czo\u0142owych typu TUR oraz \u0142adowarek teleskopowych. Dlaczego?<\/span><\/p>\n<ul style=\"text-align: justify\">\n<li>Z\u0119by kute Exparto otrzymywane s\u0105 w drodze kucia matrycowego podobnie jak t\u0142oki w silnikach spalinowych najlepszych samochod\u00f3w sportowych.<\/li>\n<li>Doskona\u0142e jako\u015bciowo, wyr\u00f3\u017cniaj\u0105 si\u0119 twardo\u015bci\u0105, a jednocze\u015bnie elastyczno\u015bci\u0105, co gwarantuje wieloletni\u0105 bezproblemow\u0105 eksploatacj\u0119. Po\u017c\u0105dana elastyczno\u015b\u0107 mo\u017cliwa jest do osi\u0105gni\u0119cia jedynie poprzez szczeg\u00f3\u0142owy nadz\u00f3r wykonania oraz nadz\u00f3r procesu obr\u00f3bki cieplnej. Poziom zahartowania sprawdzamy w kilku miejscach ka\u017cdego palca.<\/li>\n<li>Dodatkowo, pomiary ka\u017cdej partii daj\u0105 nam pewno\u015b\u0107, \u017ce z\u0119by EXPARTO dopasowuj\u0105 si\u0119 idealnie do tulei wspawanych w osprz\u0119t do \u0142adowaczy. Gwint zapewnia samohamowno\u015b\u0107; oznacza to, \u017ce nie wykr\u0119ca si\u0119 z nakr\u0119tki, nie wyst\u0119puj\u0105 zatem destrukcyjne luzy.<\/li>\n<li>Exparto jako jeden z nielicznych dostawc\u00f3w przeprowadza kontrol\u0119 metalograficzn\u0105 po procesie obr\u00f3bki cieplnej z\u0119b\u00f3w. Chodzi o wykazanie, i\u017c zaaplikowano optymaln\u0105 temperatur\u0119 hartowania. Przy zbyt wysokiej temperaturze, mimo \u017ce twardo\u015b\u0107 b\u0119dzie zgodna z wymaganiami, gruboziarnista struktura wywo\u0142a p\u0119kanie oraz przedwczesne zu\u017cycie z\u0119ba.<\/li>\n<li>Kontrolujemy sk\u0142ad chemiczny ju\u017c na samym pocz\u0105tku procesu produkcji, poniewa\u017c nawet najlepiej przeprowadzony proces technologiczny nie zapewni 100% jako\u015bci, je\u017celi jako\u015b\u0107 materia\u0142u wsadowego b\u0119dzie niska<\/li>\n<li>Dok\u0142adno\u015b\u0107 wykonania ochronnej pow\u0142oki lakierniczej pozwala zachowa\u0107 estetyczny wygl\u0105d z\u0119b\u00f3w do \u0142adowaczy przez wiele lat.<\/li>\n<\/ul>\n<p style=\"text-align: justify\"><span style=\"font-weight: 700 !important\">Z\u0119by kute Exparto stosowane s\u0105 z powodzeniem w<\/span>\u00a0\u0142y\u017cce chwytakowej, chwytakach do kiszonki, wid\u0142ach przesuwanych do palet z bolcami, Wid\u0142ach do obornika i s\u0142omy model Q, Wid\u0142ach do bel, Wycinaku do kiszonki.<\/p>\n<p style=\"text-align: justify\"><span style=\"font-weight: 700 !important\">Z\u0119by kute Exparto s\u0105 kompatybilne z osprz\u0119tem do \u0142adowaczy czo\u0142owych i \u0142adowarek teleskopowych produkowanymi przez:\u00a0\u00a0<\/span>Agromasz, Hydramet, Inter Tech, Metal-Fach, Metaltechnik, MX, New Holland, Quick, Stoll, Volant, Zetor<\/p>\n<\/section>\n<\/div>\n<\/section>\n","protected":false},"excerpt":{"rendered":"<p style=\"text-align: justify\">Z\u0119by kute EXPARTO \u2013 doskona\u0142y wyb\u00f3r do \u0142adowaczy czo\u0142owych typu TUR oraz \u0142adowarek teleskopowych.<\/p>\n","protected":false},"featured_media":38381,"comment_status":"open","ping_status":"closed","template":"","meta":{"_acf_changed":false,"inline_featured_image":false},"product_brand":[],"product_cat":[46,59],"product_tag":[],"class_list":{"0":"post-38396","1":"product","2":"type-product","3":"status-publish","4":"has-post-thumbnail","6":"product_cat-czesci-do-ladowaczy-czolowych","7":"product_cat-palce-sprezyste","9":"first","10":"instock","11":"taxable","12":"shipping-taxable","13":"purchasable","14":"product-type-simple"},"acf":[],"yoast_head":"<!-- This site is optimized with the Yoast SEO plugin v27.2 - https:\/\/yoast.com\/product\/yoast-seo-wordpress\/ -->\n<title>Z\u0105b palec Ig\u0142a kie\u0142 kuty do \u0142adowacza czo\u0142owego L-600 \/ 600 mm wygi\u0119ty - Exparto.pl<\/title>\n<meta name=\"robots\" content=\"index, follow, max-snippet:-1, max-image-preview:large, max-video-preview:-1\" \/>\n<link rel=\"canonical\" href=\"https:\/\/exparto.pl\/hu\/produkt\/zab-palec-igla-kiel-kuty-do-ladowacza-czolowego-l-600-600-mm-wygiety\/\" \/>\n<meta property=\"og:locale\" content=\"hu_HU\" \/>\n<meta property=\"og:type\" content=\"article\" \/>\n<meta property=\"og:title\" content=\"Z\u0105b palec Ig\u0142a kie\u0142 kuty do \u0142adowacza czo\u0142owego L-600 \/ 600 mm wygi\u0119ty - Exparto.pl\" \/>\n<meta property=\"og:description\" content=\"Z\u0119by kute EXPARTO \u2013 doskona\u0142y wyb\u00f3r do \u0142adowaczy czo\u0142owych typu TUR oraz \u0142adowarek teleskopowych.\" \/>\n<meta property=\"og:url\" content=\"https:\/\/exparto.pl\/hu\/produkt\/zab-palec-igla-kiel-kuty-do-ladowacza-czolowego-l-600-600-mm-wygiety\/\" \/>\n<meta property=\"og:site_name\" content=\"Exparto.pl\" \/>\n<meta property=\"article:publisher\" content=\"https:\/\/www.facebook.com\/exparto.agro\/\" \/>\n<meta property=\"article:modified_time\" content=\"2026-03-04T17:00:14+00:00\" \/>\n<meta property=\"og:image\" content=\"https:\/\/exparto.pl\/wp-content\/uploads\/2025\/01\/753782a6b5b2dfa91abdc7e99f74ba7d.jpg\" \/>\n\t<meta property=\"og:image:width\" content=\"1200\" \/>\n\t<meta property=\"og:image:height\" content=\"1200\" \/>\n\t<meta property=\"og:image:type\" content=\"image\/jpeg\" \/>\n<meta name=\"twitter:card\" content=\"summary_large_image\" \/>\n<meta name=\"twitter:label1\" content=\"Becs\u00fclt olvas\u00e1si id\u0151\" \/>\n\t<meta name=\"twitter:data1\" content=\"2 perc\" \/>\n<script type=\"application\/ld+json\" class=\"yoast-schema-graph\">{\"@context\":\"https:\/\/schema.org\",\"@graph\":[{\"@type\":\"WebPage\",\"@id\":\"https:\/\/exparto.pl\/hu\/produkt\/zab-palec-igla-kiel-kuty-do-ladowacza-czolowego-l-600-600-mm-wygiety\/\",\"url\":\"https:\/\/exparto.pl\/hu\/produkt\/zab-palec-igla-kiel-kuty-do-ladowacza-czolowego-l-600-600-mm-wygiety\/\",\"name\":\"Z\u0105b palec Ig\u0142a kie\u0142 kuty do \u0142adowacza czo\u0142owego L-600 \/ 600 mm wygi\u0119ty - Exparto.pl\",\"isPartOf\":{\"@id\":\"https:\/\/exparto.pl\/hu\/#website\"},\"primaryImageOfPage\":{\"@id\":\"https:\/\/exparto.pl\/hu\/produkt\/zab-palec-igla-kiel-kuty-do-ladowacza-czolowego-l-600-600-mm-wygiety\/#primaryimage\"},\"image\":{\"@id\":\"https:\/\/exparto.pl\/hu\/produkt\/zab-palec-igla-kiel-kuty-do-ladowacza-czolowego-l-600-600-mm-wygiety\/#primaryimage\"},\"thumbnailUrl\":\"https:\/\/exparto.pl\/wp-content\/uploads\/2025\/01\/753782a6b5b2dfa91abdc7e99f74ba7d.jpg\",\"datePublished\":\"2025-01-30T10:38:15+00:00\",\"dateModified\":\"2026-03-04T17:00:14+00:00\",\"breadcrumb\":{\"@id\":\"https:\/\/exparto.pl\/hu\/produkt\/zab-palec-igla-kiel-kuty-do-ladowacza-czolowego-l-600-600-mm-wygiety\/#breadcrumb\"},\"inLanguage\":\"hu\",\"potentialAction\":[{\"@type\":\"ReadAction\",\"target\":[\"https:\/\/exparto.pl\/hu\/produkt\/zab-palec-igla-kiel-kuty-do-ladowacza-czolowego-l-600-600-mm-wygiety\/\"]}]},{\"@type\":\"ImageObject\",\"inLanguage\":\"hu\",\"@id\":\"https:\/\/exparto.pl\/hu\/produkt\/zab-palec-igla-kiel-kuty-do-ladowacza-czolowego-l-600-600-mm-wygiety\/#primaryimage\",\"url\":\"https:\/\/exparto.pl\/wp-content\/uploads\/2025\/01\/753782a6b5b2dfa91abdc7e99f74ba7d.jpg\",\"contentUrl\":\"https:\/\/exparto.pl\/wp-content\/uploads\/2025\/01\/753782a6b5b2dfa91abdc7e99f74ba7d.jpg\",\"width\":1200,\"height\":1200},{\"@type\":\"BreadcrumbList\",\"@id\":\"https:\/\/exparto.pl\/hu\/produkt\/zab-palec-igla-kiel-kuty-do-ladowacza-czolowego-l-600-600-mm-wygiety\/#breadcrumb\",\"itemListElement\":[{\"@type\":\"ListItem\",\"position\":1,\"name\":\"Honlap\",\"item\":\"https:\/\/exparto.pl\/hu\/\"},{\"@type\":\"ListItem\",\"position\":2,\"name\":\"Sklep\",\"item\":\"https:\/\/exparto.pl\/sklep\/\"},{\"@type\":\"ListItem\",\"position\":3,\"name\":\"Alkatr\u00e9szek el\u00fcls\u0151 rakod\u00f3khoz\",\"item\":\"https:\/\/exparto.pl\/hu\/termekkategoria\/alkatreszek-elulso-rakodokhoz\/\"},{\"@type\":\"ListItem\",\"position\":4,\"name\":\"Tavaszi ujjak\",\"item\":\"https:\/\/exparto.pl\/hu\/termekkategoria\/alkatreszek-elulso-rakodokhoz\/tavaszi-ujjak\/\"},{\"@type\":\"ListItem\",\"position\":5,\"name\":\"Z\u0105b palec Ig\u0142a kie\u0142 kuty do \u0142adowacza czo\u0142owego L-600 \/ 600 mm wygi\u0119ty\"}]},{\"@type\":\"WebSite\",\"@id\":\"https:\/\/exparto.pl\/hu\/#website\",\"url\":\"https:\/\/exparto.pl\/hu\/\",\"name\":\"EXPARTO\",\"description\":\"More than agro parts\",\"publisher\":{\"@id\":\"https:\/\/exparto.pl\/hu\/#organization\"},\"potentialAction\":[{\"@type\":\"SearchAction\",\"target\":{\"@type\":\"EntryPoint\",\"urlTemplate\":\"https:\/\/exparto.pl\/hu\/?s={search_term_string}\"},\"query-input\":{\"@type\":\"PropertyValueSpecification\",\"valueRequired\":true,\"valueName\":\"search_term_string\"}}],\"inLanguage\":\"hu\"},{\"@type\":\"Organization\",\"@id\":\"https:\/\/exparto.pl\/hu\/#organization\",\"name\":\"EXPARTO\",\"url\":\"https:\/\/exparto.pl\/hu\/\",\"logo\":{\"@type\":\"ImageObject\",\"inLanguage\":\"hu\",\"@id\":\"https:\/\/exparto.pl\/hu\/#\/schema\/logo\/image\/\",\"url\":\"https:\/\/exparto.pl\/wp-content\/uploads\/2023\/02\/logo-wektor.png\",\"contentUrl\":\"https:\/\/exparto.pl\/wp-content\/uploads\/2023\/02\/logo-wektor.png\",\"width\":1338,\"height\":143,\"caption\":\"EXPARTO\"},\"image\":{\"@id\":\"https:\/\/exparto.pl\/hu\/#\/schema\/logo\/image\/\"},\"sameAs\":[\"https:\/\/www.facebook.com\/exparto.agro\/\"]}]}<\/script>\n<!-- \/ Yoast SEO plugin. -->","yoast_head_json":{"title":"Z\u0105b palec Ig\u0142a kie\u0142 kuty do \u0142adowacza czo\u0142owego L-600 \/ 600 mm wygi\u0119ty - Exparto.pl","robots":{"index":"index","follow":"follow","max-snippet":"max-snippet:-1","max-image-preview":"max-image-preview:large","max-video-preview":"max-video-preview:-1"},"canonical":"https:\/\/exparto.pl\/hu\/produkt\/zab-palec-igla-kiel-kuty-do-ladowacza-czolowego-l-600-600-mm-wygiety\/","og_locale":"hu_HU","og_type":"article","og_title":"Z\u0105b palec Ig\u0142a kie\u0142 kuty do \u0142adowacza czo\u0142owego L-600 \/ 600 mm wygi\u0119ty - Exparto.pl","og_description":"Z\u0119by kute EXPARTO \u2013 doskona\u0142y wyb\u00f3r do \u0142adowaczy czo\u0142owych typu TUR oraz \u0142adowarek teleskopowych.","og_url":"https:\/\/exparto.pl\/hu\/produkt\/zab-palec-igla-kiel-kuty-do-ladowacza-czolowego-l-600-600-mm-wygiety\/","og_site_name":"Exparto.pl","article_publisher":"https:\/\/www.facebook.com\/exparto.agro\/","article_modified_time":"2026-03-04T17:00:14+00:00","og_image":[{"width":1200,"height":1200,"url":"https:\/\/exparto.pl\/wp-content\/uploads\/2025\/01\/753782a6b5b2dfa91abdc7e99f74ba7d.jpg","type":"image\/jpeg"}],"twitter_card":"summary_large_image","twitter_misc":{"Becs\u00fclt olvas\u00e1si id\u0151":"2 perc"},"schema":{"@context":"https:\/\/schema.org","@graph":[{"@type":"WebPage","@id":"https:\/\/exparto.pl\/hu\/produkt\/zab-palec-igla-kiel-kuty-do-ladowacza-czolowego-l-600-600-mm-wygiety\/","url":"https:\/\/exparto.pl\/hu\/produkt\/zab-palec-igla-kiel-kuty-do-ladowacza-czolowego-l-600-600-mm-wygiety\/","name":"Z\u0105b palec Ig\u0142a kie\u0142 kuty do \u0142adowacza czo\u0142owego L-600 \/ 600 mm wygi\u0119ty - Exparto.pl","isPartOf":{"@id":"https:\/\/exparto.pl\/hu\/#website"},"primaryImageOfPage":{"@id":"https:\/\/exparto.pl\/hu\/produkt\/zab-palec-igla-kiel-kuty-do-ladowacza-czolowego-l-600-600-mm-wygiety\/#primaryimage"},"image":{"@id":"https:\/\/exparto.pl\/hu\/produkt\/zab-palec-igla-kiel-kuty-do-ladowacza-czolowego-l-600-600-mm-wygiety\/#primaryimage"},"thumbnailUrl":"https:\/\/exparto.pl\/wp-content\/uploads\/2025\/01\/753782a6b5b2dfa91abdc7e99f74ba7d.jpg","datePublished":"2025-01-30T10:38:15+00:00","dateModified":"2026-03-04T17:00:14+00:00","breadcrumb":{"@id":"https:\/\/exparto.pl\/hu\/produkt\/zab-palec-igla-kiel-kuty-do-ladowacza-czolowego-l-600-600-mm-wygiety\/#breadcrumb"},"inLanguage":"hu","potentialAction":[{"@type":"ReadAction","target":["https:\/\/exparto.pl\/hu\/produkt\/zab-palec-igla-kiel-kuty-do-ladowacza-czolowego-l-600-600-mm-wygiety\/"]}]},{"@type":"ImageObject","inLanguage":"hu","@id":"https:\/\/exparto.pl\/hu\/produkt\/zab-palec-igla-kiel-kuty-do-ladowacza-czolowego-l-600-600-mm-wygiety\/#primaryimage","url":"https:\/\/exparto.pl\/wp-content\/uploads\/2025\/01\/753782a6b5b2dfa91abdc7e99f74ba7d.jpg","contentUrl":"https:\/\/exparto.pl\/wp-content\/uploads\/2025\/01\/753782a6b5b2dfa91abdc7e99f74ba7d.jpg","width":1200,"height":1200},{"@type":"BreadcrumbList","@id":"https:\/\/exparto.pl\/hu\/produkt\/zab-palec-igla-kiel-kuty-do-ladowacza-czolowego-l-600-600-mm-wygiety\/#breadcrumb","itemListElement":[{"@type":"ListItem","position":1,"name":"Honlap","item":"https:\/\/exparto.pl\/hu\/"},{"@type":"ListItem","position":2,"name":"Sklep","item":"https:\/\/exparto.pl\/sklep\/"},{"@type":"ListItem","position":3,"name":"Alkatr\u00e9szek el\u00fcls\u0151 rakod\u00f3khoz","item":"https:\/\/exparto.pl\/hu\/termekkategoria\/alkatreszek-elulso-rakodokhoz\/"},{"@type":"ListItem","position":4,"name":"Tavaszi ujjak","item":"https:\/\/exparto.pl\/hu\/termekkategoria\/alkatreszek-elulso-rakodokhoz\/tavaszi-ujjak\/"},{"@type":"ListItem","position":5,"name":"Z\u0105b palec Ig\u0142a kie\u0142 kuty do \u0142adowacza czo\u0142owego L-600 \/ 600 mm wygi\u0119ty"}]},{"@type":"WebSite","@id":"https:\/\/exparto.pl\/hu\/#website","url":"https:\/\/exparto.pl\/hu\/","name":"EXPARTO","description":"More than agro parts","publisher":{"@id":"https:\/\/exparto.pl\/hu\/#organization"},"potentialAction":[{"@type":"SearchAction","target":{"@type":"EntryPoint","urlTemplate":"https:\/\/exparto.pl\/hu\/?s={search_term_string}"},"query-input":{"@type":"PropertyValueSpecification","valueRequired":true,"valueName":"search_term_string"}}],"inLanguage":"hu"},{"@type":"Organization","@id":"https:\/\/exparto.pl\/hu\/#organization","name":"EXPARTO","url":"https:\/\/exparto.pl\/hu\/","logo":{"@type":"ImageObject","inLanguage":"hu","@id":"https:\/\/exparto.pl\/hu\/#\/schema\/logo\/image\/","url":"https:\/\/exparto.pl\/wp-content\/uploads\/2023\/02\/logo-wektor.png","contentUrl":"https:\/\/exparto.pl\/wp-content\/uploads\/2023\/02\/logo-wektor.png","width":1338,"height":143,"caption":"EXPARTO"},"image":{"@id":"https:\/\/exparto.pl\/hu\/#\/schema\/logo\/image\/"},"sameAs":["https:\/\/www.facebook.com\/exparto.agro\/"]}]}},"_links":{"self":[{"href":"https:\/\/exparto.pl\/hu\/wp-json\/wp\/v2\/product\/38396","targetHints":{"allow":["GET"]}}],"collection":[{"href":"https:\/\/exparto.pl\/hu\/wp-json\/wp\/v2\/product"}],"about":[{"href":"https:\/\/exparto.pl\/hu\/wp-json\/wp\/v2\/types\/product"}],"replies":[{"embeddable":true,"href":"https:\/\/exparto.pl\/hu\/wp-json\/wp\/v2\/comments?post=38396"}],"wp:featuredmedia":[{"embeddable":true,"href":"https:\/\/exparto.pl\/hu\/wp-json\/wp\/v2\/media\/38381"}],"wp:attachment":[{"href":"https:\/\/exparto.pl\/hu\/wp-json\/wp\/v2\/media?parent=38396"}],"wp:term":[{"taxonomy":"product_brand","embeddable":true,"href":"https:\/\/exparto.pl\/hu\/wp-json\/wp\/v2\/product_brand?post=38396"},{"taxonomy":"product_cat","embeddable":true,"href":"https:\/\/exparto.pl\/hu\/wp-json\/wp\/v2\/product_cat?post=38396"},{"taxonomy":"product_tag","embeddable":true,"href":"https:\/\/exparto.pl\/hu\/wp-json\/wp\/v2\/product_tag?post=38396"}],"curies":[{"name":"wp","href":"https:\/\/api.w.org\/{rel}","templated":true}]}}