{"id":38966,"date":"2025-02-07T15:35:45","date_gmt":"2025-02-07T14:35:45","guid":{"rendered":"https:\/\/exparto.pl\/produkt\/dysza-do-opryskiwacza-rozpylacz-rsm-5-otworowy-kr5-05-brazowy-mmat\/"},"modified":"2026-02-17T13:00:15","modified_gmt":"2026-02-17T12:00:15","slug":"dysza-do-opryskiwacza-rozpylacz-rsm-5-otworowy-kr5-05-brazowy-mmat","status":"publish","type":"product","link":"https:\/\/exparto.pl\/hu\/produkt\/dysza-do-opryskiwacza-rozpylacz-rsm-5-otworowy-kr5-05-brazowy-mmat\/","title":{"rendered":"Dysza do opryskiwacza, rozpylacz RSM 5-otworowy KR5 05\u00a0br\u0105zowy\u00a0MMAT"},"content":{"rendered":"<p style=\"text-align: justify\">Dysza RSM 5-otworowa br\u0105zowa.<\/p>\n<p style=\"text-align: justify\"><b>Charakterystyka:<\/b><\/p>\n<ul>\n<li style=\"text-align: justify\"><span style=\"color: var(--text-color)\">Kompaktowe ko\u0144c\u00f3wki rozlewowe 5-cio otworowe z kryz\u0105 dozuj\u0105c\u0105 do p\u0142ynnego nawo\u017cenia upraw polowych<\/span><\/li>\n<li style=\"text-align: justify\">Gwarantuj\u0105 r\u00f3wnomiern\u0105 aplikacj\u0119 nawozu dzi\u0119ki odpowiednio dobranym k\u0105tom i wydatkom poszczeg\u00f3lnych otwor\u00f3w oraz zachodzeniu na siebie strumieni s\u0105siaduj\u0105cych na belce opryskiwacza ko\u0144c\u00f3wek<\/li>\n<li style=\"text-align: justify\">Wytwarzaj\u0105 5 strumieni<\/li>\n<li style=\"text-align: justify\">Wykonane z odpornego na \u015bcieranie i dzia\u0142anie substancji chemicznych polimeru<\/li>\n<li style=\"text-align: justify\">Zdejmowana kryza dozuj\u0105ca umo\u017cliwia \u0142atwe czyszczenie<\/li>\n<li style=\"text-align: justify\">Kolor wg oznacze\u0144 wydatk\u00f3w \u2013 norma ISO 10625:2005<\/li>\n<li style=\"text-align: justify\">Zalecany optymalny zakres ci\u015bnienia roboczego: od 2 do 4 bar<\/li>\n<li style=\"text-align: justify\">Optymalny zakres wysoko\u015bci belki opryskiwacza ok. 75 cm<\/li>\n<\/ul>\n<p><b><\/p>\n<div style=\"text-align: justify\"><b>Numer katalogowy:<\/b><\/div>\n<p><\/b><\/p>\n<ul>\n<li style=\"text-align: justify\">MM-KR5\/05<\/li>\n<\/ul>\n<div>\n<div style=\"text-align: justify\"><\/div>\n<p><\/div>\n","protected":false},"excerpt":{"rendered":"<p style=\"text-align: justify\">Dysza RSM 5-otworowa KR5\/05 br\u0105zowa<\/p>\n","protected":false},"featured_media":38946,"comment_status":"open","ping_status":"closed","template":"","meta":{"_acf_changed":false,"inline_featured_image":false},"product_brand":[],"product_cat":[47,143],"product_tag":[],"class_list":{"0":"post-38966","1":"product","2":"type-product","3":"status-publish","4":"has-post-thumbnail","6":"product_cat-czesci-do-opryskiwaczy","7":"product_cat-rozpylacze","9":"first","10":"instock","11":"taxable","12":"shipping-taxable","13":"purchasable","14":"product-type-simple"},"acf":[],"yoast_head":"<!-- This site is optimized with the Yoast SEO plugin v27.2 - https:\/\/yoast.com\/product\/yoast-seo-wordpress\/ -->\n<title>Dysza do opryskiwacza, rozpylacz RSM 5-otworowy KR5 05\u00a0br\u0105zowy\u00a0MMAT - Exparto.pl<\/title>\n<meta name=\"robots\" content=\"index, follow, max-snippet:-1, max-image-preview:large, max-video-preview:-1\" \/>\n<link rel=\"canonical\" href=\"https:\/\/exparto.pl\/hu\/produkt\/dysza-do-opryskiwacza-rozpylacz-rsm-5-otworowy-kr5-05-brazowy-mmat\/\" \/>\n<meta property=\"og:locale\" content=\"hu_HU\" \/>\n<meta property=\"og:type\" content=\"article\" \/>\n<meta property=\"og:title\" content=\"Dysza do opryskiwacza, rozpylacz RSM 5-otworowy KR5 05\u00a0br\u0105zowy\u00a0MMAT - Exparto.pl\" \/>\n<meta property=\"og:description\" content=\"Dysza RSM 5-otworowa KR5\/05 br\u0105zowa\" \/>\n<meta property=\"og:url\" content=\"https:\/\/exparto.pl\/hu\/produkt\/dysza-do-opryskiwacza-rozpylacz-rsm-5-otworowy-kr5-05-brazowy-mmat\/\" \/>\n<meta property=\"og:site_name\" content=\"Exparto.pl\" \/>\n<meta property=\"article:publisher\" content=\"https:\/\/www.facebook.com\/exparto.agro\/\" \/>\n<meta property=\"article:modified_time\" content=\"2026-02-17T12:00:15+00:00\" \/>\n<meta property=\"og:image\" content=\"https:\/\/exparto.pl\/wp-content\/uploads\/2025\/02\/b7847d5c5f30caffa3c81fd7af0c89be.jpg\" \/>\n\t<meta property=\"og:image:width\" content=\"1200\" \/>\n\t<meta property=\"og:image:height\" content=\"1200\" \/>\n\t<meta property=\"og:image:type\" content=\"image\/jpeg\" \/>\n<meta name=\"twitter:card\" content=\"summary_large_image\" \/>\n<meta name=\"twitter:label1\" content=\"Becs\u00fclt olvas\u00e1si id\u0151\" \/>\n\t<meta name=\"twitter:data1\" content=\"1 perc\" \/>\n<script type=\"application\/ld+json\" class=\"yoast-schema-graph\">{\"@context\":\"https:\/\/schema.org\",\"@graph\":[{\"@type\":\"WebPage\",\"@id\":\"https:\/\/exparto.pl\/hu\/produkt\/dysza-do-opryskiwacza-rozpylacz-rsm-5-otworowy-kr5-05-brazowy-mmat\/\",\"url\":\"https:\/\/exparto.pl\/hu\/produkt\/dysza-do-opryskiwacza-rozpylacz-rsm-5-otworowy-kr5-05-brazowy-mmat\/\",\"name\":\"Dysza do opryskiwacza, rozpylacz RSM 5-otworowy KR5 05\u00a0br\u0105zowy\u00a0MMAT - Exparto.pl\",\"isPartOf\":{\"@id\":\"https:\/\/exparto.pl\/hu\/#website\"},\"primaryImageOfPage\":{\"@id\":\"https:\/\/exparto.pl\/hu\/produkt\/dysza-do-opryskiwacza-rozpylacz-rsm-5-otworowy-kr5-05-brazowy-mmat\/#primaryimage\"},\"image\":{\"@id\":\"https:\/\/exparto.pl\/hu\/produkt\/dysza-do-opryskiwacza-rozpylacz-rsm-5-otworowy-kr5-05-brazowy-mmat\/#primaryimage\"},\"thumbnailUrl\":\"https:\/\/exparto.pl\/wp-content\/uploads\/2025\/02\/b7847d5c5f30caffa3c81fd7af0c89be.jpg\",\"datePublished\":\"2025-02-07T14:35:45+00:00\",\"dateModified\":\"2026-02-17T12:00:15+00:00\",\"breadcrumb\":{\"@id\":\"https:\/\/exparto.pl\/hu\/produkt\/dysza-do-opryskiwacza-rozpylacz-rsm-5-otworowy-kr5-05-brazowy-mmat\/#breadcrumb\"},\"inLanguage\":\"hu\",\"potentialAction\":[{\"@type\":\"ReadAction\",\"target\":[\"https:\/\/exparto.pl\/hu\/produkt\/dysza-do-opryskiwacza-rozpylacz-rsm-5-otworowy-kr5-05-brazowy-mmat\/\"]}]},{\"@type\":\"ImageObject\",\"inLanguage\":\"hu\",\"@id\":\"https:\/\/exparto.pl\/hu\/produkt\/dysza-do-opryskiwacza-rozpylacz-rsm-5-otworowy-kr5-05-brazowy-mmat\/#primaryimage\",\"url\":\"https:\/\/exparto.pl\/wp-content\/uploads\/2025\/02\/b7847d5c5f30caffa3c81fd7af0c89be.jpg\",\"contentUrl\":\"https:\/\/exparto.pl\/wp-content\/uploads\/2025\/02\/b7847d5c5f30caffa3c81fd7af0c89be.jpg\",\"width\":1200,\"height\":1200},{\"@type\":\"BreadcrumbList\",\"@id\":\"https:\/\/exparto.pl\/hu\/produkt\/dysza-do-opryskiwacza-rozpylacz-rsm-5-otworowy-kr5-05-brazowy-mmat\/#breadcrumb\",\"itemListElement\":[{\"@type\":\"ListItem\",\"position\":1,\"name\":\"Honlap\",\"item\":\"https:\/\/exparto.pl\/hu\/\"},{\"@type\":\"ListItem\",\"position\":2,\"name\":\"Sklep\",\"item\":\"https:\/\/exparto.pl\/sklep\/\"},{\"@type\":\"ListItem\",\"position\":3,\"name\":\"Alkatr\u00e9szek permetez\u0151g\u00e9pekhez\",\"item\":\"https:\/\/exparto.pl\/hu\/termekkategoria\/alkatreszek-permetezogepekhez\/\"},{\"@type\":\"ListItem\",\"position\":4,\"name\":\"Sprayk\",\"item\":\"https:\/\/exparto.pl\/hu\/termekkategoria\/alkatreszek-permetezogepekhez\/sprayk\/\"},{\"@type\":\"ListItem\",\"position\":5,\"name\":\"Dysza do opryskiwacza, rozpylacz RSM 5-otworowy KR5 05\u00a0br\u0105zowy\u00a0MMAT\"}]},{\"@type\":\"WebSite\",\"@id\":\"https:\/\/exparto.pl\/hu\/#website\",\"url\":\"https:\/\/exparto.pl\/hu\/\",\"name\":\"EXPARTO\",\"description\":\"More than agro parts\",\"publisher\":{\"@id\":\"https:\/\/exparto.pl\/hu\/#organization\"},\"potentialAction\":[{\"@type\":\"SearchAction\",\"target\":{\"@type\":\"EntryPoint\",\"urlTemplate\":\"https:\/\/exparto.pl\/hu\/?s={search_term_string}\"},\"query-input\":{\"@type\":\"PropertyValueSpecification\",\"valueRequired\":true,\"valueName\":\"search_term_string\"}}],\"inLanguage\":\"hu\"},{\"@type\":\"Organization\",\"@id\":\"https:\/\/exparto.pl\/hu\/#organization\",\"name\":\"EXPARTO\",\"url\":\"https:\/\/exparto.pl\/hu\/\",\"logo\":{\"@type\":\"ImageObject\",\"inLanguage\":\"hu\",\"@id\":\"https:\/\/exparto.pl\/hu\/#\/schema\/logo\/image\/\",\"url\":\"https:\/\/exparto.pl\/wp-content\/uploads\/2023\/02\/logo-wektor.png\",\"contentUrl\":\"https:\/\/exparto.pl\/wp-content\/uploads\/2023\/02\/logo-wektor.png\",\"width\":1338,\"height\":143,\"caption\":\"EXPARTO\"},\"image\":{\"@id\":\"https:\/\/exparto.pl\/hu\/#\/schema\/logo\/image\/\"},\"sameAs\":[\"https:\/\/www.facebook.com\/exparto.agro\/\"]}]}<\/script>\n<!-- \/ Yoast SEO plugin. -->","yoast_head_json":{"title":"Dysza do opryskiwacza, rozpylacz RSM 5-otworowy KR5 05\u00a0br\u0105zowy\u00a0MMAT - Exparto.pl","robots":{"index":"index","follow":"follow","max-snippet":"max-snippet:-1","max-image-preview":"max-image-preview:large","max-video-preview":"max-video-preview:-1"},"canonical":"https:\/\/exparto.pl\/hu\/produkt\/dysza-do-opryskiwacza-rozpylacz-rsm-5-otworowy-kr5-05-brazowy-mmat\/","og_locale":"hu_HU","og_type":"article","og_title":"Dysza do opryskiwacza, rozpylacz RSM 5-otworowy KR5 05\u00a0br\u0105zowy\u00a0MMAT - Exparto.pl","og_description":"Dysza RSM 5-otworowa KR5\/05 br\u0105zowa","og_url":"https:\/\/exparto.pl\/hu\/produkt\/dysza-do-opryskiwacza-rozpylacz-rsm-5-otworowy-kr5-05-brazowy-mmat\/","og_site_name":"Exparto.pl","article_publisher":"https:\/\/www.facebook.com\/exparto.agro\/","article_modified_time":"2026-02-17T12:00:15+00:00","og_image":[{"width":1200,"height":1200,"url":"https:\/\/exparto.pl\/wp-content\/uploads\/2025\/02\/b7847d5c5f30caffa3c81fd7af0c89be.jpg","type":"image\/jpeg"}],"twitter_card":"summary_large_image","twitter_misc":{"Becs\u00fclt olvas\u00e1si id\u0151":"1 perc"},"schema":{"@context":"https:\/\/schema.org","@graph":[{"@type":"WebPage","@id":"https:\/\/exparto.pl\/hu\/produkt\/dysza-do-opryskiwacza-rozpylacz-rsm-5-otworowy-kr5-05-brazowy-mmat\/","url":"https:\/\/exparto.pl\/hu\/produkt\/dysza-do-opryskiwacza-rozpylacz-rsm-5-otworowy-kr5-05-brazowy-mmat\/","name":"Dysza do opryskiwacza, rozpylacz RSM 5-otworowy KR5 05\u00a0br\u0105zowy\u00a0MMAT - Exparto.pl","isPartOf":{"@id":"https:\/\/exparto.pl\/hu\/#website"},"primaryImageOfPage":{"@id":"https:\/\/exparto.pl\/hu\/produkt\/dysza-do-opryskiwacza-rozpylacz-rsm-5-otworowy-kr5-05-brazowy-mmat\/#primaryimage"},"image":{"@id":"https:\/\/exparto.pl\/hu\/produkt\/dysza-do-opryskiwacza-rozpylacz-rsm-5-otworowy-kr5-05-brazowy-mmat\/#primaryimage"},"thumbnailUrl":"https:\/\/exparto.pl\/wp-content\/uploads\/2025\/02\/b7847d5c5f30caffa3c81fd7af0c89be.jpg","datePublished":"2025-02-07T14:35:45+00:00","dateModified":"2026-02-17T12:00:15+00:00","breadcrumb":{"@id":"https:\/\/exparto.pl\/hu\/produkt\/dysza-do-opryskiwacza-rozpylacz-rsm-5-otworowy-kr5-05-brazowy-mmat\/#breadcrumb"},"inLanguage":"hu","potentialAction":[{"@type":"ReadAction","target":["https:\/\/exparto.pl\/hu\/produkt\/dysza-do-opryskiwacza-rozpylacz-rsm-5-otworowy-kr5-05-brazowy-mmat\/"]}]},{"@type":"ImageObject","inLanguage":"hu","@id":"https:\/\/exparto.pl\/hu\/produkt\/dysza-do-opryskiwacza-rozpylacz-rsm-5-otworowy-kr5-05-brazowy-mmat\/#primaryimage","url":"https:\/\/exparto.pl\/wp-content\/uploads\/2025\/02\/b7847d5c5f30caffa3c81fd7af0c89be.jpg","contentUrl":"https:\/\/exparto.pl\/wp-content\/uploads\/2025\/02\/b7847d5c5f30caffa3c81fd7af0c89be.jpg","width":1200,"height":1200},{"@type":"BreadcrumbList","@id":"https:\/\/exparto.pl\/hu\/produkt\/dysza-do-opryskiwacza-rozpylacz-rsm-5-otworowy-kr5-05-brazowy-mmat\/#breadcrumb","itemListElement":[{"@type":"ListItem","position":1,"name":"Honlap","item":"https:\/\/exparto.pl\/hu\/"},{"@type":"ListItem","position":2,"name":"Sklep","item":"https:\/\/exparto.pl\/sklep\/"},{"@type":"ListItem","position":3,"name":"Alkatr\u00e9szek permetez\u0151g\u00e9pekhez","item":"https:\/\/exparto.pl\/hu\/termekkategoria\/alkatreszek-permetezogepekhez\/"},{"@type":"ListItem","position":4,"name":"Sprayk","item":"https:\/\/exparto.pl\/hu\/termekkategoria\/alkatreszek-permetezogepekhez\/sprayk\/"},{"@type":"ListItem","position":5,"name":"Dysza do opryskiwacza, rozpylacz RSM 5-otworowy KR5 05\u00a0br\u0105zowy\u00a0MMAT"}]},{"@type":"WebSite","@id":"https:\/\/exparto.pl\/hu\/#website","url":"https:\/\/exparto.pl\/hu\/","name":"EXPARTO","description":"More than agro parts","publisher":{"@id":"https:\/\/exparto.pl\/hu\/#organization"},"potentialAction":[{"@type":"SearchAction","target":{"@type":"EntryPoint","urlTemplate":"https:\/\/exparto.pl\/hu\/?s={search_term_string}"},"query-input":{"@type":"PropertyValueSpecification","valueRequired":true,"valueName":"search_term_string"}}],"inLanguage":"hu"},{"@type":"Organization","@id":"https:\/\/exparto.pl\/hu\/#organization","name":"EXPARTO","url":"https:\/\/exparto.pl\/hu\/","logo":{"@type":"ImageObject","inLanguage":"hu","@id":"https:\/\/exparto.pl\/hu\/#\/schema\/logo\/image\/","url":"https:\/\/exparto.pl\/wp-content\/uploads\/2023\/02\/logo-wektor.png","contentUrl":"https:\/\/exparto.pl\/wp-content\/uploads\/2023\/02\/logo-wektor.png","width":1338,"height":143,"caption":"EXPARTO"},"image":{"@id":"https:\/\/exparto.pl\/hu\/#\/schema\/logo\/image\/"},"sameAs":["https:\/\/www.facebook.com\/exparto.agro\/"]}]}},"_links":{"self":[{"href":"https:\/\/exparto.pl\/hu\/wp-json\/wp\/v2\/product\/38966","targetHints":{"allow":["GET"]}}],"collection":[{"href":"https:\/\/exparto.pl\/hu\/wp-json\/wp\/v2\/product"}],"about":[{"href":"https:\/\/exparto.pl\/hu\/wp-json\/wp\/v2\/types\/product"}],"replies":[{"embeddable":true,"href":"https:\/\/exparto.pl\/hu\/wp-json\/wp\/v2\/comments?post=38966"}],"wp:featuredmedia":[{"embeddable":true,"href":"https:\/\/exparto.pl\/hu\/wp-json\/wp\/v2\/media\/38946"}],"wp:attachment":[{"href":"https:\/\/exparto.pl\/hu\/wp-json\/wp\/v2\/media?parent=38966"}],"wp:term":[{"taxonomy":"product_brand","embeddable":true,"href":"https:\/\/exparto.pl\/hu\/wp-json\/wp\/v2\/product_brand?post=38966"},{"taxonomy":"product_cat","embeddable":true,"href":"https:\/\/exparto.pl\/hu\/wp-json\/wp\/v2\/product_cat?post=38966"},{"taxonomy":"product_tag","embeddable":true,"href":"https:\/\/exparto.pl\/hu\/wp-json\/wp\/v2\/product_tag?post=38966"}],"curies":[{"name":"wp","href":"https:\/\/api.w.org\/{rel}","templated":true}]}}