{"id":42627,"date":"2025-03-12T14:51:20","date_gmt":"2025-03-12T13:51:20","guid":{"rendered":"https:\/\/exparto.pl\/produkt\/rozdzielacz-1-sekcyjny-40l-sterowany-dzwignia-z-sekcja-nurnikowa\/"},"modified":"2026-04-16T08:55:17","modified_gmt":"2026-04-16T06:55:17","slug":"rozdzielacz-1-sekcyjny-40l-sterowany-dzwignia-z-sekcja-nurnikowa","status":"publish","type":"product","link":"https:\/\/exparto.pl\/hu\/produkt\/rozdzielacz-1-sekcyjny-40l-sterowany-dzwignia-z-sekcja-nurnikowa\/","title":{"rendered":"Rozdzielacz 1 sekcyjny 40L sterowany d\u017awigni\u0105 z sekcj\u0105 nurnikow\u0105"},"content":{"rendered":"<p style=\"text-align: justify\"><span style=\"color: var(--gray-800)\">Rozdzielacz z sekcj\u0105 nurnikow\u0105 &#8211; przeznaczony do sterowania si\u0142ownikami jednostronnego dzia\u0142ania.<\/span><\/p>\n<p style=\"text-align: justify\"><b>Zastosowanie:<\/b><\/p>\n<ul>\n<li style=\"text-align: justify\">\u0142adowacze czo\u0142owe, p\u0142ugi, brony, agregaty, maszyny rolnicze i przemys\u0142owe<\/li>\n<\/ul>\n<div style=\"text-align: justify\"><b>Numer katalogowy:<\/b><\/div>\n<div>\n<ul>\n<li style=\"text-align: justify\">21015822<\/li>\n<\/ul>\n<\/div>\n","protected":false},"excerpt":{"rendered":"<p style=\"text-align: justify\">Rozdzielacz 1P40 sekcja nurnikowa z d\u017awigni\u0105.<\/p>\n","protected":false},"featured_media":42612,"comment_status":"open","ping_status":"closed","template":"","meta":{"_acf_changed":false,"inline_featured_image":false},"product_brand":[],"product_cat":[42,90,103],"product_tag":[],"class_list":{"0":"post-42627","1":"product","2":"type-product","3":"status-publish","4":"has-post-thumbnail","6":"product_cat-hydraulika-silowa","7":"product_cat-rozdzielacze-hydrauliczne","8":"product_cat-sterowane-dzwigniami","10":"first","11":"instock","12":"taxable","13":"shipping-taxable","14":"purchasable","15":"product-type-simple"},"acf":[],"yoast_head":"<!-- This site is optimized with the Yoast SEO plugin v27.3 - https:\/\/yoast.com\/product\/yoast-seo-wordpress\/ -->\n<title>Rozdzielacz 1 sekcyjny 40L sterowany d\u017awigni\u0105 z sekcj\u0105 nurnikow\u0105 - Exparto.pl<\/title>\n<meta name=\"robots\" content=\"index, follow, max-snippet:-1, max-image-preview:large, max-video-preview:-1\" \/>\n<link rel=\"canonical\" href=\"https:\/\/exparto.pl\/hu\/produkt\/rozdzielacz-1-sekcyjny-40l-sterowany-dzwignia-z-sekcja-nurnikowa\/\" \/>\n<meta property=\"og:locale\" content=\"hu_HU\" \/>\n<meta property=\"og:type\" content=\"article\" \/>\n<meta property=\"og:title\" content=\"Rozdzielacz 1 sekcyjny 40L sterowany d\u017awigni\u0105 z sekcj\u0105 nurnikow\u0105 - Exparto.pl\" \/>\n<meta property=\"og:description\" content=\"Rozdzielacz 1P40 sekcja nurnikowa z d\u017awigni\u0105.\" \/>\n<meta property=\"og:url\" content=\"https:\/\/exparto.pl\/hu\/produkt\/rozdzielacz-1-sekcyjny-40l-sterowany-dzwignia-z-sekcja-nurnikowa\/\" \/>\n<meta property=\"og:site_name\" content=\"Exparto.pl\" \/>\n<meta property=\"article:publisher\" content=\"https:\/\/www.facebook.com\/exparto.agro\/\" \/>\n<meta property=\"article:modified_time\" content=\"2026-04-16T06:55:17+00:00\" \/>\n<meta property=\"og:image\" content=\"https:\/\/exparto.pl\/wp-content\/uploads\/2025\/03\/7c22fb16778597b693d1fd9f87df02a5.jpg\" \/>\n\t<meta property=\"og:image:width\" content=\"1200\" \/>\n\t<meta property=\"og:image:height\" content=\"1200\" \/>\n\t<meta property=\"og:image:type\" content=\"image\/jpeg\" \/>\n<meta name=\"twitter:card\" content=\"summary_large_image\" \/>\n<meta name=\"twitter:label1\" content=\"Becs\u00fclt olvas\u00e1si id\u0151\" \/>\n\t<meta name=\"twitter:data1\" content=\"1 perc\" \/>\n<script type=\"application\/ld+json\" class=\"yoast-schema-graph\">{\"@context\":\"https:\\\/\\\/schema.org\",\"@graph\":[{\"@type\":\"WebPage\",\"@id\":\"https:\\\/\\\/exparto.pl\\\/hu\\\/produkt\\\/rozdzielacz-1-sekcyjny-40l-sterowany-dzwignia-z-sekcja-nurnikowa\\\/\",\"url\":\"https:\\\/\\\/exparto.pl\\\/hu\\\/produkt\\\/rozdzielacz-1-sekcyjny-40l-sterowany-dzwignia-z-sekcja-nurnikowa\\\/\",\"name\":\"Rozdzielacz 1 sekcyjny 40L sterowany d\u017awigni\u0105 z sekcj\u0105 nurnikow\u0105 - Exparto.pl\",\"isPartOf\":{\"@id\":\"https:\\\/\\\/exparto.pl\\\/hu\\\/#website\"},\"primaryImageOfPage\":{\"@id\":\"https:\\\/\\\/exparto.pl\\\/hu\\\/produkt\\\/rozdzielacz-1-sekcyjny-40l-sterowany-dzwignia-z-sekcja-nurnikowa\\\/#primaryimage\"},\"image\":{\"@id\":\"https:\\\/\\\/exparto.pl\\\/hu\\\/produkt\\\/rozdzielacz-1-sekcyjny-40l-sterowany-dzwignia-z-sekcja-nurnikowa\\\/#primaryimage\"},\"thumbnailUrl\":\"https:\\\/\\\/exparto.pl\\\/wp-content\\\/uploads\\\/2025\\\/03\\\/7c22fb16778597b693d1fd9f87df02a5.jpg\",\"datePublished\":\"2025-03-12T13:51:20+00:00\",\"dateModified\":\"2026-04-16T06:55:17+00:00\",\"breadcrumb\":{\"@id\":\"https:\\\/\\\/exparto.pl\\\/hu\\\/produkt\\\/rozdzielacz-1-sekcyjny-40l-sterowany-dzwignia-z-sekcja-nurnikowa\\\/#breadcrumb\"},\"inLanguage\":\"hu\",\"potentialAction\":[{\"@type\":\"ReadAction\",\"target\":[\"https:\\\/\\\/exparto.pl\\\/hu\\\/produkt\\\/rozdzielacz-1-sekcyjny-40l-sterowany-dzwignia-z-sekcja-nurnikowa\\\/\"]}]},{\"@type\":\"ImageObject\",\"inLanguage\":\"hu\",\"@id\":\"https:\\\/\\\/exparto.pl\\\/hu\\\/produkt\\\/rozdzielacz-1-sekcyjny-40l-sterowany-dzwignia-z-sekcja-nurnikowa\\\/#primaryimage\",\"url\":\"https:\\\/\\\/exparto.pl\\\/wp-content\\\/uploads\\\/2025\\\/03\\\/7c22fb16778597b693d1fd9f87df02a5.jpg\",\"contentUrl\":\"https:\\\/\\\/exparto.pl\\\/wp-content\\\/uploads\\\/2025\\\/03\\\/7c22fb16778597b693d1fd9f87df02a5.jpg\",\"width\":1200,\"height\":1200},{\"@type\":\"BreadcrumbList\",\"@id\":\"https:\\\/\\\/exparto.pl\\\/hu\\\/produkt\\\/rozdzielacz-1-sekcyjny-40l-sterowany-dzwignia-z-sekcja-nurnikowa\\\/#breadcrumb\",\"itemListElement\":[{\"@type\":\"ListItem\",\"position\":1,\"name\":\"Honlap\",\"item\":\"https:\\\/\\\/exparto.pl\\\/hu\\\/\"},{\"@type\":\"ListItem\",\"position\":2,\"name\":\"Sklep\",\"item\":\"https:\\\/\\\/exparto.pl\\\/sklep\\\/\"},{\"@type\":\"ListItem\",\"position\":3,\"name\":\"Hidraulika\",\"item\":\"https:\\\/\\\/exparto.pl\\\/hu\\\/termekkategoria\\\/hidraulika\\\/\"},{\"@type\":\"ListItem\",\"position\":4,\"name\":\"Hidraulikus eloszt\u00f3k\",\"item\":\"https:\\\/\\\/exparto.pl\\\/hu\\\/termekkategoria\\\/hidraulika\\\/hidraulikus-elosztok\\\/\"},{\"@type\":\"ListItem\",\"position\":5,\"name\":\"Karral m\u0171k\u00f6dtetett\",\"item\":\"https:\\\/\\\/exparto.pl\\\/hu\\\/termekkategoria\\\/hidraulika\\\/hidraulikus-elosztok\\\/karral-mukodtetett\\\/\"},{\"@type\":\"ListItem\",\"position\":6,\"name\":\"Rozdzielacz 1 sekcyjny 40L sterowany d\u017awigni\u0105 z sekcj\u0105 nurnikow\u0105\"}]},{\"@type\":\"WebSite\",\"@id\":\"https:\\\/\\\/exparto.pl\\\/hu\\\/#website\",\"url\":\"https:\\\/\\\/exparto.pl\\\/hu\\\/\",\"name\":\"EXPARTO\",\"description\":\"More than agro parts\",\"publisher\":{\"@id\":\"https:\\\/\\\/exparto.pl\\\/hu\\\/#organization\"},\"potentialAction\":[{\"@type\":\"SearchAction\",\"target\":{\"@type\":\"EntryPoint\",\"urlTemplate\":\"https:\\\/\\\/exparto.pl\\\/hu\\\/?s={search_term_string}\"},\"query-input\":{\"@type\":\"PropertyValueSpecification\",\"valueRequired\":true,\"valueName\":\"search_term_string\"}}],\"inLanguage\":\"hu\"},{\"@type\":\"Organization\",\"@id\":\"https:\\\/\\\/exparto.pl\\\/hu\\\/#organization\",\"name\":\"EXPARTO\",\"url\":\"https:\\\/\\\/exparto.pl\\\/hu\\\/\",\"logo\":{\"@type\":\"ImageObject\",\"inLanguage\":\"hu\",\"@id\":\"https:\\\/\\\/exparto.pl\\\/hu\\\/#\\\/schema\\\/logo\\\/image\\\/\",\"url\":\"https:\\\/\\\/exparto.pl\\\/wp-content\\\/uploads\\\/2023\\\/02\\\/logo-wektor.png\",\"contentUrl\":\"https:\\\/\\\/exparto.pl\\\/wp-content\\\/uploads\\\/2023\\\/02\\\/logo-wektor.png\",\"width\":1338,\"height\":143,\"caption\":\"EXPARTO\"},\"image\":{\"@id\":\"https:\\\/\\\/exparto.pl\\\/hu\\\/#\\\/schema\\\/logo\\\/image\\\/\"},\"sameAs\":[\"https:\\\/\\\/www.facebook.com\\\/exparto.agro\\\/\"]}]}<\/script>\n<!-- \/ Yoast SEO plugin. -->","yoast_head_json":{"title":"Rozdzielacz 1 sekcyjny 40L sterowany d\u017awigni\u0105 z sekcj\u0105 nurnikow\u0105 - Exparto.pl","robots":{"index":"index","follow":"follow","max-snippet":"max-snippet:-1","max-image-preview":"max-image-preview:large","max-video-preview":"max-video-preview:-1"},"canonical":"https:\/\/exparto.pl\/hu\/produkt\/rozdzielacz-1-sekcyjny-40l-sterowany-dzwignia-z-sekcja-nurnikowa\/","og_locale":"hu_HU","og_type":"article","og_title":"Rozdzielacz 1 sekcyjny 40L sterowany d\u017awigni\u0105 z sekcj\u0105 nurnikow\u0105 - Exparto.pl","og_description":"Rozdzielacz 1P40 sekcja nurnikowa z d\u017awigni\u0105.","og_url":"https:\/\/exparto.pl\/hu\/produkt\/rozdzielacz-1-sekcyjny-40l-sterowany-dzwignia-z-sekcja-nurnikowa\/","og_site_name":"Exparto.pl","article_publisher":"https:\/\/www.facebook.com\/exparto.agro\/","article_modified_time":"2026-04-16T06:55:17+00:00","og_image":[{"width":1200,"height":1200,"url":"https:\/\/exparto.pl\/wp-content\/uploads\/2025\/03\/7c22fb16778597b693d1fd9f87df02a5.jpg","type":"image\/jpeg"}],"twitter_card":"summary_large_image","twitter_misc":{"Becs\u00fclt olvas\u00e1si id\u0151":"1 perc"},"schema":{"@context":"https:\/\/schema.org","@graph":[{"@type":"WebPage","@id":"https:\/\/exparto.pl\/hu\/produkt\/rozdzielacz-1-sekcyjny-40l-sterowany-dzwignia-z-sekcja-nurnikowa\/","url":"https:\/\/exparto.pl\/hu\/produkt\/rozdzielacz-1-sekcyjny-40l-sterowany-dzwignia-z-sekcja-nurnikowa\/","name":"Rozdzielacz 1 sekcyjny 40L sterowany d\u017awigni\u0105 z sekcj\u0105 nurnikow\u0105 - Exparto.pl","isPartOf":{"@id":"https:\/\/exparto.pl\/hu\/#website"},"primaryImageOfPage":{"@id":"https:\/\/exparto.pl\/hu\/produkt\/rozdzielacz-1-sekcyjny-40l-sterowany-dzwignia-z-sekcja-nurnikowa\/#primaryimage"},"image":{"@id":"https:\/\/exparto.pl\/hu\/produkt\/rozdzielacz-1-sekcyjny-40l-sterowany-dzwignia-z-sekcja-nurnikowa\/#primaryimage"},"thumbnailUrl":"https:\/\/exparto.pl\/wp-content\/uploads\/2025\/03\/7c22fb16778597b693d1fd9f87df02a5.jpg","datePublished":"2025-03-12T13:51:20+00:00","dateModified":"2026-04-16T06:55:17+00:00","breadcrumb":{"@id":"https:\/\/exparto.pl\/hu\/produkt\/rozdzielacz-1-sekcyjny-40l-sterowany-dzwignia-z-sekcja-nurnikowa\/#breadcrumb"},"inLanguage":"hu","potentialAction":[{"@type":"ReadAction","target":["https:\/\/exparto.pl\/hu\/produkt\/rozdzielacz-1-sekcyjny-40l-sterowany-dzwignia-z-sekcja-nurnikowa\/"]}]},{"@type":"ImageObject","inLanguage":"hu","@id":"https:\/\/exparto.pl\/hu\/produkt\/rozdzielacz-1-sekcyjny-40l-sterowany-dzwignia-z-sekcja-nurnikowa\/#primaryimage","url":"https:\/\/exparto.pl\/wp-content\/uploads\/2025\/03\/7c22fb16778597b693d1fd9f87df02a5.jpg","contentUrl":"https:\/\/exparto.pl\/wp-content\/uploads\/2025\/03\/7c22fb16778597b693d1fd9f87df02a5.jpg","width":1200,"height":1200},{"@type":"BreadcrumbList","@id":"https:\/\/exparto.pl\/hu\/produkt\/rozdzielacz-1-sekcyjny-40l-sterowany-dzwignia-z-sekcja-nurnikowa\/#breadcrumb","itemListElement":[{"@type":"ListItem","position":1,"name":"Honlap","item":"https:\/\/exparto.pl\/hu\/"},{"@type":"ListItem","position":2,"name":"Sklep","item":"https:\/\/exparto.pl\/sklep\/"},{"@type":"ListItem","position":3,"name":"Hidraulika","item":"https:\/\/exparto.pl\/hu\/termekkategoria\/hidraulika\/"},{"@type":"ListItem","position":4,"name":"Hidraulikus eloszt\u00f3k","item":"https:\/\/exparto.pl\/hu\/termekkategoria\/hidraulika\/hidraulikus-elosztok\/"},{"@type":"ListItem","position":5,"name":"Karral m\u0171k\u00f6dtetett","item":"https:\/\/exparto.pl\/hu\/termekkategoria\/hidraulika\/hidraulikus-elosztok\/karral-mukodtetett\/"},{"@type":"ListItem","position":6,"name":"Rozdzielacz 1 sekcyjny 40L sterowany d\u017awigni\u0105 z sekcj\u0105 nurnikow\u0105"}]},{"@type":"WebSite","@id":"https:\/\/exparto.pl\/hu\/#website","url":"https:\/\/exparto.pl\/hu\/","name":"EXPARTO","description":"More than agro parts","publisher":{"@id":"https:\/\/exparto.pl\/hu\/#organization"},"potentialAction":[{"@type":"SearchAction","target":{"@type":"EntryPoint","urlTemplate":"https:\/\/exparto.pl\/hu\/?s={search_term_string}"},"query-input":{"@type":"PropertyValueSpecification","valueRequired":true,"valueName":"search_term_string"}}],"inLanguage":"hu"},{"@type":"Organization","@id":"https:\/\/exparto.pl\/hu\/#organization","name":"EXPARTO","url":"https:\/\/exparto.pl\/hu\/","logo":{"@type":"ImageObject","inLanguage":"hu","@id":"https:\/\/exparto.pl\/hu\/#\/schema\/logo\/image\/","url":"https:\/\/exparto.pl\/wp-content\/uploads\/2023\/02\/logo-wektor.png","contentUrl":"https:\/\/exparto.pl\/wp-content\/uploads\/2023\/02\/logo-wektor.png","width":1338,"height":143,"caption":"EXPARTO"},"image":{"@id":"https:\/\/exparto.pl\/hu\/#\/schema\/logo\/image\/"},"sameAs":["https:\/\/www.facebook.com\/exparto.agro\/"]}]}},"_links":{"self":[{"href":"https:\/\/exparto.pl\/hu\/wp-json\/wp\/v2\/product\/42627","targetHints":{"allow":["GET"]}}],"collection":[{"href":"https:\/\/exparto.pl\/hu\/wp-json\/wp\/v2\/product"}],"about":[{"href":"https:\/\/exparto.pl\/hu\/wp-json\/wp\/v2\/types\/product"}],"replies":[{"embeddable":true,"href":"https:\/\/exparto.pl\/hu\/wp-json\/wp\/v2\/comments?post=42627"}],"wp:featuredmedia":[{"embeddable":true,"href":"https:\/\/exparto.pl\/hu\/wp-json\/wp\/v2\/media\/42612"}],"wp:attachment":[{"href":"https:\/\/exparto.pl\/hu\/wp-json\/wp\/v2\/media?parent=42627"}],"wp:term":[{"taxonomy":"product_brand","embeddable":true,"href":"https:\/\/exparto.pl\/hu\/wp-json\/wp\/v2\/product_brand?post=42627"},{"taxonomy":"product_cat","embeddable":true,"href":"https:\/\/exparto.pl\/hu\/wp-json\/wp\/v2\/product_cat?post=42627"},{"taxonomy":"product_tag","embeddable":true,"href":"https:\/\/exparto.pl\/hu\/wp-json\/wp\/v2\/product_tag?post=42627"}],"curies":[{"name":"wp","href":"https:\/\/api.w.org\/{rel}","templated":true}]}}