{"id":43855,"date":"2025-03-31T17:56:38","date_gmt":"2025-03-31T15:56:38","guid":{"rendered":"https:\/\/exparto.pl\/produkt\/palec-lewy-przetrzasarko-zgrabiarki-mesko-pz-110\/"},"modified":"2026-01-21T12:41:17","modified_gmt":"2026-01-21T11:41:17","slug":"palec-lewy-przetrzasarko-zgrabiarki-mesko-pz-110","status":"publish","type":"product","link":"https:\/\/exparto.pl\/hu\/produkt\/palec-lewy-przetrzasarko-zgrabiarki-mesko-pz-110\/","title":{"rendered":"Palec lewy przetrz\u0105sarko-zgrabiarki MESKO PZ-110"},"content":{"rendered":"<section class=\"section\">\n<div class=\"item item-12\">\n<section class=\"text-item\">\n<p style=\"text-align: justify\">Palec lewy.<\/p>\n<p style=\"text-align: justify\"><b>Zastosowanie:<\/b><\/p>\n<ul>\n<li style=\"text-align: justify\">przetrz\u0105sarka karuzelowa PZ-110 MESKO<\/li>\n<\/ul>\n<p style=\"text-align: justify\"><b>Numer katalogowy:<\/b>\u00a0<\/p>\n<ul>\n<li style=\"text-align: justify\">5275130030<\/li>\n<\/ul>\n<\/section><\/div>\n<\/section>\n","protected":false},"excerpt":{"rendered":"<p style=\"text-align: justify\">Palec lewy do zgrabiarki PZ-110 MESKO<\/p>\n","protected":false},"featured_media":43866,"comment_status":"open","ping_status":"closed","template":"","meta":{"_acf_changed":false,"inline_featured_image":false},"product_brand":[],"product_cat":[918],"product_tag":[],"class_list":{"0":"post-43855","1":"product","2":"type-product","3":"status-publish","4":"has-post-thumbnail","6":"product_cat-czesci-do-zgrabiarek","8":"first","9":"instock","10":"taxable","11":"shipping-taxable","12":"purchasable","13":"product-type-simple"},"acf":[],"yoast_head":"<!-- This site is optimized with the Yoast SEO plugin v27.3 - https:\/\/yoast.com\/product\/yoast-seo-wordpress\/ -->\n<title>Palec lewy przetrz\u0105sarko-zgrabiarki MESKO PZ-110 - Exparto.pl<\/title>\n<meta name=\"robots\" content=\"index, follow, max-snippet:-1, max-image-preview:large, max-video-preview:-1\" \/>\n<link rel=\"canonical\" href=\"https:\/\/exparto.pl\/hu\/produkt\/palec-lewy-przetrzasarko-zgrabiarki-mesko-pz-110\/\" \/>\n<meta property=\"og:locale\" content=\"hu_HU\" \/>\n<meta property=\"og:type\" content=\"article\" \/>\n<meta property=\"og:title\" content=\"Palec lewy przetrz\u0105sarko-zgrabiarki MESKO PZ-110 - Exparto.pl\" \/>\n<meta property=\"og:description\" content=\"Palec lewy do zgrabiarki PZ-110 MESKO\" \/>\n<meta property=\"og:url\" content=\"https:\/\/exparto.pl\/hu\/produkt\/palec-lewy-przetrzasarko-zgrabiarki-mesko-pz-110\/\" \/>\n<meta property=\"og:site_name\" content=\"Exparto.pl\" \/>\n<meta property=\"article:publisher\" content=\"https:\/\/www.facebook.com\/exparto.agro\/\" \/>\n<meta property=\"article:modified_time\" content=\"2026-01-21T11:41:17+00:00\" \/>\n<meta property=\"og:image\" content=\"https:\/\/exparto.pl\/wp-content\/uploads\/2025\/03\/f68b0522e2baf0ff77b6d5df88254f07.jpg\" \/>\n\t<meta property=\"og:image:width\" content=\"1200\" \/>\n\t<meta property=\"og:image:height\" content=\"1200\" \/>\n\t<meta property=\"og:image:type\" content=\"image\/jpeg\" \/>\n<meta name=\"twitter:card\" content=\"summary_large_image\" \/>\n<meta name=\"twitter:label1\" content=\"Becs\u00fclt olvas\u00e1si id\u0151\" \/>\n\t<meta name=\"twitter:data1\" content=\"1 perc\" \/>\n<script type=\"application\/ld+json\" class=\"yoast-schema-graph\">{\"@context\":\"https:\\\/\\\/schema.org\",\"@graph\":[{\"@type\":\"WebPage\",\"@id\":\"https:\\\/\\\/exparto.pl\\\/hu\\\/produkt\\\/palec-lewy-przetrzasarko-zgrabiarki-mesko-pz-110\\\/\",\"url\":\"https:\\\/\\\/exparto.pl\\\/hu\\\/produkt\\\/palec-lewy-przetrzasarko-zgrabiarki-mesko-pz-110\\\/\",\"name\":\"Palec lewy przetrz\u0105sarko-zgrabiarki MESKO PZ-110 - Exparto.pl\",\"isPartOf\":{\"@id\":\"https:\\\/\\\/exparto.pl\\\/hu\\\/#website\"},\"primaryImageOfPage\":{\"@id\":\"https:\\\/\\\/exparto.pl\\\/hu\\\/produkt\\\/palec-lewy-przetrzasarko-zgrabiarki-mesko-pz-110\\\/#primaryimage\"},\"image\":{\"@id\":\"https:\\\/\\\/exparto.pl\\\/hu\\\/produkt\\\/palec-lewy-przetrzasarko-zgrabiarki-mesko-pz-110\\\/#primaryimage\"},\"thumbnailUrl\":\"https:\\\/\\\/exparto.pl\\\/wp-content\\\/uploads\\\/2025\\\/03\\\/f68b0522e2baf0ff77b6d5df88254f07-1.jpg\",\"datePublished\":\"2025-03-31T15:56:38+00:00\",\"dateModified\":\"2026-01-21T11:41:17+00:00\",\"breadcrumb\":{\"@id\":\"https:\\\/\\\/exparto.pl\\\/hu\\\/produkt\\\/palec-lewy-przetrzasarko-zgrabiarki-mesko-pz-110\\\/#breadcrumb\"},\"inLanguage\":\"hu\",\"potentialAction\":[{\"@type\":\"ReadAction\",\"target\":[\"https:\\\/\\\/exparto.pl\\\/hu\\\/produkt\\\/palec-lewy-przetrzasarko-zgrabiarki-mesko-pz-110\\\/\"]}]},{\"@type\":\"ImageObject\",\"inLanguage\":\"hu\",\"@id\":\"https:\\\/\\\/exparto.pl\\\/hu\\\/produkt\\\/palec-lewy-przetrzasarko-zgrabiarki-mesko-pz-110\\\/#primaryimage\",\"url\":\"https:\\\/\\\/exparto.pl\\\/wp-content\\\/uploads\\\/2025\\\/03\\\/f68b0522e2baf0ff77b6d5df88254f07-1.jpg\",\"contentUrl\":\"https:\\\/\\\/exparto.pl\\\/wp-content\\\/uploads\\\/2025\\\/03\\\/f68b0522e2baf0ff77b6d5df88254f07-1.jpg\",\"width\":1200,\"height\":1200},{\"@type\":\"BreadcrumbList\",\"@id\":\"https:\\\/\\\/exparto.pl\\\/hu\\\/produkt\\\/palec-lewy-przetrzasarko-zgrabiarki-mesko-pz-110\\\/#breadcrumb\",\"itemListElement\":[{\"@type\":\"ListItem\",\"position\":1,\"name\":\"Honlap\",\"item\":\"https:\\\/\\\/exparto.pl\\\/hu\\\/\"},{\"@type\":\"ListItem\",\"position\":2,\"name\":\"Sklep\",\"item\":\"https:\\\/\\\/exparto.pl\\\/sklep\\\/\"},{\"@type\":\"ListItem\",\"position\":3,\"name\":\"Cz\u0119\u015bci do zgrabiarek\",\"item\":\"https:\\\/\\\/exparto.pl\\\/kategoria-produktu\\\/czesci-do-zgrabiarek\\\/\"},{\"@type\":\"ListItem\",\"position\":4,\"name\":\"Palec lewy przetrz\u0105sarko-zgrabiarki MESKO PZ-110\"}]},{\"@type\":\"WebSite\",\"@id\":\"https:\\\/\\\/exparto.pl\\\/hu\\\/#website\",\"url\":\"https:\\\/\\\/exparto.pl\\\/hu\\\/\",\"name\":\"EXPARTO\",\"description\":\"More than agro parts\",\"publisher\":{\"@id\":\"https:\\\/\\\/exparto.pl\\\/hu\\\/#organization\"},\"potentialAction\":[{\"@type\":\"SearchAction\",\"target\":{\"@type\":\"EntryPoint\",\"urlTemplate\":\"https:\\\/\\\/exparto.pl\\\/hu\\\/?s={search_term_string}\"},\"query-input\":{\"@type\":\"PropertyValueSpecification\",\"valueRequired\":true,\"valueName\":\"search_term_string\"}}],\"inLanguage\":\"hu\"},{\"@type\":\"Organization\",\"@id\":\"https:\\\/\\\/exparto.pl\\\/hu\\\/#organization\",\"name\":\"EXPARTO\",\"url\":\"https:\\\/\\\/exparto.pl\\\/hu\\\/\",\"logo\":{\"@type\":\"ImageObject\",\"inLanguage\":\"hu\",\"@id\":\"https:\\\/\\\/exparto.pl\\\/hu\\\/#\\\/schema\\\/logo\\\/image\\\/\",\"url\":\"https:\\\/\\\/exparto.pl\\\/wp-content\\\/uploads\\\/2023\\\/02\\\/logo-wektor.png\",\"contentUrl\":\"https:\\\/\\\/exparto.pl\\\/wp-content\\\/uploads\\\/2023\\\/02\\\/logo-wektor.png\",\"width\":1338,\"height\":143,\"caption\":\"EXPARTO\"},\"image\":{\"@id\":\"https:\\\/\\\/exparto.pl\\\/hu\\\/#\\\/schema\\\/logo\\\/image\\\/\"},\"sameAs\":[\"https:\\\/\\\/www.facebook.com\\\/exparto.agro\\\/\"]}]}<\/script>\n<!-- \/ Yoast SEO plugin. -->","yoast_head_json":{"title":"Palec lewy przetrz\u0105sarko-zgrabiarki MESKO PZ-110 - Exparto.pl","robots":{"index":"index","follow":"follow","max-snippet":"max-snippet:-1","max-image-preview":"max-image-preview:large","max-video-preview":"max-video-preview:-1"},"canonical":"https:\/\/exparto.pl\/hu\/produkt\/palec-lewy-przetrzasarko-zgrabiarki-mesko-pz-110\/","og_locale":"hu_HU","og_type":"article","og_title":"Palec lewy przetrz\u0105sarko-zgrabiarki MESKO PZ-110 - Exparto.pl","og_description":"Palec lewy do zgrabiarki PZ-110 MESKO","og_url":"https:\/\/exparto.pl\/hu\/produkt\/palec-lewy-przetrzasarko-zgrabiarki-mesko-pz-110\/","og_site_name":"Exparto.pl","article_publisher":"https:\/\/www.facebook.com\/exparto.agro\/","article_modified_time":"2026-01-21T11:41:17+00:00","og_image":[{"width":1200,"height":1200,"url":"https:\/\/exparto.pl\/wp-content\/uploads\/2025\/03\/f68b0522e2baf0ff77b6d5df88254f07.jpg","type":"image\/jpeg"}],"twitter_card":"summary_large_image","twitter_misc":{"Becs\u00fclt olvas\u00e1si id\u0151":"1 perc"},"schema":{"@context":"https:\/\/schema.org","@graph":[{"@type":"WebPage","@id":"https:\/\/exparto.pl\/hu\/produkt\/palec-lewy-przetrzasarko-zgrabiarki-mesko-pz-110\/","url":"https:\/\/exparto.pl\/hu\/produkt\/palec-lewy-przetrzasarko-zgrabiarki-mesko-pz-110\/","name":"Palec lewy przetrz\u0105sarko-zgrabiarki MESKO PZ-110 - Exparto.pl","isPartOf":{"@id":"https:\/\/exparto.pl\/hu\/#website"},"primaryImageOfPage":{"@id":"https:\/\/exparto.pl\/hu\/produkt\/palec-lewy-przetrzasarko-zgrabiarki-mesko-pz-110\/#primaryimage"},"image":{"@id":"https:\/\/exparto.pl\/hu\/produkt\/palec-lewy-przetrzasarko-zgrabiarki-mesko-pz-110\/#primaryimage"},"thumbnailUrl":"https:\/\/exparto.pl\/wp-content\/uploads\/2025\/03\/f68b0522e2baf0ff77b6d5df88254f07-1.jpg","datePublished":"2025-03-31T15:56:38+00:00","dateModified":"2026-01-21T11:41:17+00:00","breadcrumb":{"@id":"https:\/\/exparto.pl\/hu\/produkt\/palec-lewy-przetrzasarko-zgrabiarki-mesko-pz-110\/#breadcrumb"},"inLanguage":"hu","potentialAction":[{"@type":"ReadAction","target":["https:\/\/exparto.pl\/hu\/produkt\/palec-lewy-przetrzasarko-zgrabiarki-mesko-pz-110\/"]}]},{"@type":"ImageObject","inLanguage":"hu","@id":"https:\/\/exparto.pl\/hu\/produkt\/palec-lewy-przetrzasarko-zgrabiarki-mesko-pz-110\/#primaryimage","url":"https:\/\/exparto.pl\/wp-content\/uploads\/2025\/03\/f68b0522e2baf0ff77b6d5df88254f07-1.jpg","contentUrl":"https:\/\/exparto.pl\/wp-content\/uploads\/2025\/03\/f68b0522e2baf0ff77b6d5df88254f07-1.jpg","width":1200,"height":1200},{"@type":"BreadcrumbList","@id":"https:\/\/exparto.pl\/hu\/produkt\/palec-lewy-przetrzasarko-zgrabiarki-mesko-pz-110\/#breadcrumb","itemListElement":[{"@type":"ListItem","position":1,"name":"Honlap","item":"https:\/\/exparto.pl\/hu\/"},{"@type":"ListItem","position":2,"name":"Sklep","item":"https:\/\/exparto.pl\/sklep\/"},{"@type":"ListItem","position":3,"name":"Cz\u0119\u015bci do zgrabiarek","item":"https:\/\/exparto.pl\/kategoria-produktu\/czesci-do-zgrabiarek\/"},{"@type":"ListItem","position":4,"name":"Palec lewy przetrz\u0105sarko-zgrabiarki MESKO PZ-110"}]},{"@type":"WebSite","@id":"https:\/\/exparto.pl\/hu\/#website","url":"https:\/\/exparto.pl\/hu\/","name":"EXPARTO","description":"More than agro parts","publisher":{"@id":"https:\/\/exparto.pl\/hu\/#organization"},"potentialAction":[{"@type":"SearchAction","target":{"@type":"EntryPoint","urlTemplate":"https:\/\/exparto.pl\/hu\/?s={search_term_string}"},"query-input":{"@type":"PropertyValueSpecification","valueRequired":true,"valueName":"search_term_string"}}],"inLanguage":"hu"},{"@type":"Organization","@id":"https:\/\/exparto.pl\/hu\/#organization","name":"EXPARTO","url":"https:\/\/exparto.pl\/hu\/","logo":{"@type":"ImageObject","inLanguage":"hu","@id":"https:\/\/exparto.pl\/hu\/#\/schema\/logo\/image\/","url":"https:\/\/exparto.pl\/wp-content\/uploads\/2023\/02\/logo-wektor.png","contentUrl":"https:\/\/exparto.pl\/wp-content\/uploads\/2023\/02\/logo-wektor.png","width":1338,"height":143,"caption":"EXPARTO"},"image":{"@id":"https:\/\/exparto.pl\/hu\/#\/schema\/logo\/image\/"},"sameAs":["https:\/\/www.facebook.com\/exparto.agro\/"]}]}},"_links":{"self":[{"href":"https:\/\/exparto.pl\/hu\/wp-json\/wp\/v2\/product\/43855","targetHints":{"allow":["GET"]}}],"collection":[{"href":"https:\/\/exparto.pl\/hu\/wp-json\/wp\/v2\/product"}],"about":[{"href":"https:\/\/exparto.pl\/hu\/wp-json\/wp\/v2\/types\/product"}],"replies":[{"embeddable":true,"href":"https:\/\/exparto.pl\/hu\/wp-json\/wp\/v2\/comments?post=43855"}],"wp:featuredmedia":[{"embeddable":true,"href":"https:\/\/exparto.pl\/hu\/wp-json\/wp\/v2\/media\/43866"}],"wp:attachment":[{"href":"https:\/\/exparto.pl\/hu\/wp-json\/wp\/v2\/media?parent=43855"}],"wp:term":[{"taxonomy":"product_brand","embeddable":true,"href":"https:\/\/exparto.pl\/hu\/wp-json\/wp\/v2\/product_brand?post=43855"},{"taxonomy":"product_cat","embeddable":true,"href":"https:\/\/exparto.pl\/hu\/wp-json\/wp\/v2\/product_cat?post=43855"},{"taxonomy":"product_tag","embeddable":true,"href":"https:\/\/exparto.pl\/hu\/wp-json\/wp\/v2\/product_tag?post=43855"}],"curies":[{"name":"wp","href":"https:\/\/api.w.org\/{rel}","templated":true}]}}