{"id":43970,"date":"2025-03-31T19:38:23","date_gmt":"2025-03-31T17:38:23","guid":{"rendered":"https:\/\/exparto.pl\/produkt\/palec-sprezysty-podwojny-ocynkowany-do-chwastownika-jar-met\/"},"modified":"2026-01-21T12:41:15","modified_gmt":"2026-01-21T11:41:15","slug":"palec-sprezysty-podwojny-ocynkowany-do-chwastownika-jar-met","status":"publish","type":"product","link":"https:\/\/exparto.pl\/hu\/produkt\/palec-sprezysty-podwojny-ocynkowany-do-chwastownika-jar-met\/","title":{"rendered":"Palec spr\u0119\u017cysty podw\u00f3jny ocynkowany do chwastownika JAR-MET"},"content":{"rendered":"<section class=\"section\">\n<div class=\"item item-12\">\n<section class=\"text-item\">\n<p style=\"text-align: justify\">Z\u0105b podw\u00f3jny.<\/p>\n<p style=\"text-align: justify\"><b>Zastosowanie:<\/b><\/p>\n<ul>\n<li style=\"text-align: justify\">chwastownik JAR-MET<\/li>\n<\/ul>\n<p style=\"text-align: justify\"><b>Numery katalogowe:<\/b>\u00a0<\/p>\n<ul>\n<li style=\"text-align: justify\">P510, P510\/1, P510\/2, P510\/3, P510\/4<\/li>\n<\/ul>\n<\/section><\/div>\n<\/section>\n","protected":false},"excerpt":{"rendered":"<p style=\"text-align: justify\">Z\u0105b podw\u00f3jny do chwastownika JAR-MET.<\/p>\n","protected":false},"featured_media":43955,"comment_status":"open","ping_status":"closed","template":"","meta":{"_acf_changed":false,"inline_featured_image":false},"product_brand":[],"product_cat":[918],"product_tag":[],"class_list":{"0":"post-43970","1":"product","2":"type-product","3":"status-publish","4":"has-post-thumbnail","6":"product_cat-czesci-do-zgrabiarek","8":"first","9":"instock","10":"taxable","11":"shipping-taxable","12":"purchasable","13":"product-type-simple"},"acf":[],"yoast_head":"<!-- This site is optimized with the Yoast SEO plugin v27.3 - https:\/\/yoast.com\/product\/yoast-seo-wordpress\/ -->\n<title>Palec spr\u0119\u017cysty podw\u00f3jny ocynkowany do chwastownika JAR-MET - Exparto.pl<\/title>\n<meta name=\"robots\" content=\"index, follow, max-snippet:-1, max-image-preview:large, max-video-preview:-1\" \/>\n<link rel=\"canonical\" href=\"https:\/\/exparto.pl\/hu\/produkt\/palec-sprezysty-podwojny-ocynkowany-do-chwastownika-jar-met\/\" \/>\n<meta property=\"og:locale\" content=\"hu_HU\" \/>\n<meta property=\"og:type\" content=\"article\" \/>\n<meta property=\"og:title\" content=\"Palec spr\u0119\u017cysty podw\u00f3jny ocynkowany do chwastownika JAR-MET - Exparto.pl\" \/>\n<meta property=\"og:description\" content=\"Z\u0105b podw\u00f3jny do chwastownika JAR-MET.\" \/>\n<meta property=\"og:url\" content=\"https:\/\/exparto.pl\/hu\/produkt\/palec-sprezysty-podwojny-ocynkowany-do-chwastownika-jar-met\/\" \/>\n<meta property=\"og:site_name\" content=\"Exparto.pl\" \/>\n<meta property=\"article:publisher\" content=\"https:\/\/www.facebook.com\/exparto.agro\/\" \/>\n<meta property=\"article:modified_time\" content=\"2026-01-21T11:41:15+00:00\" \/>\n<meta name=\"twitter:card\" content=\"summary_large_image\" \/>\n<script type=\"application\/ld+json\" class=\"yoast-schema-graph\">{\"@context\":\"https:\\\/\\\/schema.org\",\"@graph\":[{\"@type\":\"WebPage\",\"@id\":\"https:\\\/\\\/exparto.pl\\\/hu\\\/produkt\\\/palec-sprezysty-podwojny-ocynkowany-do-chwastownika-jar-met\\\/\",\"url\":\"https:\\\/\\\/exparto.pl\\\/hu\\\/produkt\\\/palec-sprezysty-podwojny-ocynkowany-do-chwastownika-jar-met\\\/\",\"name\":\"Palec spr\u0119\u017cysty podw\u00f3jny ocynkowany do chwastownika JAR-MET - Exparto.pl\",\"isPartOf\":{\"@id\":\"https:\\\/\\\/exparto.pl\\\/hu\\\/#website\"},\"primaryImageOfPage\":{\"@id\":\"https:\\\/\\\/exparto.pl\\\/hu\\\/produkt\\\/palec-sprezysty-podwojny-ocynkowany-do-chwastownika-jar-met\\\/#primaryimage\"},\"image\":{\"@id\":\"https:\\\/\\\/exparto.pl\\\/hu\\\/produkt\\\/palec-sprezysty-podwojny-ocynkowany-do-chwastownika-jar-met\\\/#primaryimage\"},\"thumbnailUrl\":\"https:\\\/\\\/exparto.pl\\\/wp-content\\\/uploads\\\/2025\\\/03\\\/d0452d2513d190299448c93aebb334ae.jpg\",\"datePublished\":\"2025-03-31T17:38:23+00:00\",\"dateModified\":\"2026-01-21T11:41:15+00:00\",\"breadcrumb\":{\"@id\":\"https:\\\/\\\/exparto.pl\\\/hu\\\/produkt\\\/palec-sprezysty-podwojny-ocynkowany-do-chwastownika-jar-met\\\/#breadcrumb\"},\"inLanguage\":\"hu\",\"potentialAction\":[{\"@type\":\"ReadAction\",\"target\":[\"https:\\\/\\\/exparto.pl\\\/hu\\\/produkt\\\/palec-sprezysty-podwojny-ocynkowany-do-chwastownika-jar-met\\\/\"]}]},{\"@type\":\"ImageObject\",\"inLanguage\":\"hu\",\"@id\":\"https:\\\/\\\/exparto.pl\\\/hu\\\/produkt\\\/palec-sprezysty-podwojny-ocynkowany-do-chwastownika-jar-met\\\/#primaryimage\",\"url\":\"https:\\\/\\\/exparto.pl\\\/wp-content\\\/uploads\\\/2025\\\/03\\\/d0452d2513d190299448c93aebb334ae.jpg\",\"contentUrl\":\"https:\\\/\\\/exparto.pl\\\/wp-content\\\/uploads\\\/2025\\\/03\\\/d0452d2513d190299448c93aebb334ae.jpg\",\"width\":1200,\"height\":1200},{\"@type\":\"BreadcrumbList\",\"@id\":\"https:\\\/\\\/exparto.pl\\\/hu\\\/produkt\\\/palec-sprezysty-podwojny-ocynkowany-do-chwastownika-jar-met\\\/#breadcrumb\",\"itemListElement\":[{\"@type\":\"ListItem\",\"position\":1,\"name\":\"Honlap\",\"item\":\"https:\\\/\\\/exparto.pl\\\/hu\\\/\"},{\"@type\":\"ListItem\",\"position\":2,\"name\":\"Sklep\",\"item\":\"https:\\\/\\\/exparto.pl\\\/sklep\\\/\"},{\"@type\":\"ListItem\",\"position\":3,\"name\":\"Palec spr\u0119\u017cysty podw\u00f3jny ocynkowany do chwastownika JAR-MET\"}]},{\"@type\":\"WebSite\",\"@id\":\"https:\\\/\\\/exparto.pl\\\/hu\\\/#website\",\"url\":\"https:\\\/\\\/exparto.pl\\\/hu\\\/\",\"name\":\"EXPARTO\",\"description\":\"More than agro parts\",\"publisher\":{\"@id\":\"https:\\\/\\\/exparto.pl\\\/hu\\\/#organization\"},\"potentialAction\":[{\"@type\":\"SearchAction\",\"target\":{\"@type\":\"EntryPoint\",\"urlTemplate\":\"https:\\\/\\\/exparto.pl\\\/hu\\\/?s={search_term_string}\"},\"query-input\":{\"@type\":\"PropertyValueSpecification\",\"valueRequired\":true,\"valueName\":\"search_term_string\"}}],\"inLanguage\":\"hu\"},{\"@type\":\"Organization\",\"@id\":\"https:\\\/\\\/exparto.pl\\\/hu\\\/#organization\",\"name\":\"EXPARTO\",\"url\":\"https:\\\/\\\/exparto.pl\\\/hu\\\/\",\"logo\":{\"@type\":\"ImageObject\",\"inLanguage\":\"hu\",\"@id\":\"https:\\\/\\\/exparto.pl\\\/hu\\\/#\\\/schema\\\/logo\\\/image\\\/\",\"url\":\"https:\\\/\\\/exparto.pl\\\/wp-content\\\/uploads\\\/2023\\\/02\\\/logo-wektor.png\",\"contentUrl\":\"https:\\\/\\\/exparto.pl\\\/wp-content\\\/uploads\\\/2023\\\/02\\\/logo-wektor.png\",\"width\":1338,\"height\":143,\"caption\":\"EXPARTO\"},\"image\":{\"@id\":\"https:\\\/\\\/exparto.pl\\\/hu\\\/#\\\/schema\\\/logo\\\/image\\\/\"},\"sameAs\":[\"https:\\\/\\\/www.facebook.com\\\/exparto.agro\\\/\"]}]}<\/script>\n<!-- \/ Yoast SEO plugin. -->","yoast_head_json":{"title":"Palec spr\u0119\u017cysty podw\u00f3jny ocynkowany do chwastownika JAR-MET - Exparto.pl","robots":{"index":"index","follow":"follow","max-snippet":"max-snippet:-1","max-image-preview":"max-image-preview:large","max-video-preview":"max-video-preview:-1"},"canonical":"https:\/\/exparto.pl\/hu\/produkt\/palec-sprezysty-podwojny-ocynkowany-do-chwastownika-jar-met\/","og_locale":"hu_HU","og_type":"article","og_title":"Palec spr\u0119\u017cysty podw\u00f3jny ocynkowany do chwastownika JAR-MET - Exparto.pl","og_description":"Z\u0105b podw\u00f3jny do chwastownika JAR-MET.","og_url":"https:\/\/exparto.pl\/hu\/produkt\/palec-sprezysty-podwojny-ocynkowany-do-chwastownika-jar-met\/","og_site_name":"Exparto.pl","article_publisher":"https:\/\/www.facebook.com\/exparto.agro\/","article_modified_time":"2026-01-21T11:41:15+00:00","twitter_card":"summary_large_image","schema":{"@context":"https:\/\/schema.org","@graph":[{"@type":"WebPage","@id":"https:\/\/exparto.pl\/hu\/produkt\/palec-sprezysty-podwojny-ocynkowany-do-chwastownika-jar-met\/","url":"https:\/\/exparto.pl\/hu\/produkt\/palec-sprezysty-podwojny-ocynkowany-do-chwastownika-jar-met\/","name":"Palec spr\u0119\u017cysty podw\u00f3jny ocynkowany do chwastownika JAR-MET - Exparto.pl","isPartOf":{"@id":"https:\/\/exparto.pl\/hu\/#website"},"primaryImageOfPage":{"@id":"https:\/\/exparto.pl\/hu\/produkt\/palec-sprezysty-podwojny-ocynkowany-do-chwastownika-jar-met\/#primaryimage"},"image":{"@id":"https:\/\/exparto.pl\/hu\/produkt\/palec-sprezysty-podwojny-ocynkowany-do-chwastownika-jar-met\/#primaryimage"},"thumbnailUrl":"https:\/\/exparto.pl\/wp-content\/uploads\/2025\/03\/d0452d2513d190299448c93aebb334ae.jpg","datePublished":"2025-03-31T17:38:23+00:00","dateModified":"2026-01-21T11:41:15+00:00","breadcrumb":{"@id":"https:\/\/exparto.pl\/hu\/produkt\/palec-sprezysty-podwojny-ocynkowany-do-chwastownika-jar-met\/#breadcrumb"},"inLanguage":"hu","potentialAction":[{"@type":"ReadAction","target":["https:\/\/exparto.pl\/hu\/produkt\/palec-sprezysty-podwojny-ocynkowany-do-chwastownika-jar-met\/"]}]},{"@type":"ImageObject","inLanguage":"hu","@id":"https:\/\/exparto.pl\/hu\/produkt\/palec-sprezysty-podwojny-ocynkowany-do-chwastownika-jar-met\/#primaryimage","url":"https:\/\/exparto.pl\/wp-content\/uploads\/2025\/03\/d0452d2513d190299448c93aebb334ae.jpg","contentUrl":"https:\/\/exparto.pl\/wp-content\/uploads\/2025\/03\/d0452d2513d190299448c93aebb334ae.jpg","width":1200,"height":1200},{"@type":"BreadcrumbList","@id":"https:\/\/exparto.pl\/hu\/produkt\/palec-sprezysty-podwojny-ocynkowany-do-chwastownika-jar-met\/#breadcrumb","itemListElement":[{"@type":"ListItem","position":1,"name":"Honlap","item":"https:\/\/exparto.pl\/hu\/"},{"@type":"ListItem","position":2,"name":"Sklep","item":"https:\/\/exparto.pl\/sklep\/"},{"@type":"ListItem","position":3,"name":"Palec spr\u0119\u017cysty podw\u00f3jny ocynkowany do chwastownika JAR-MET"}]},{"@type":"WebSite","@id":"https:\/\/exparto.pl\/hu\/#website","url":"https:\/\/exparto.pl\/hu\/","name":"EXPARTO","description":"More than agro parts","publisher":{"@id":"https:\/\/exparto.pl\/hu\/#organization"},"potentialAction":[{"@type":"SearchAction","target":{"@type":"EntryPoint","urlTemplate":"https:\/\/exparto.pl\/hu\/?s={search_term_string}"},"query-input":{"@type":"PropertyValueSpecification","valueRequired":true,"valueName":"search_term_string"}}],"inLanguage":"hu"},{"@type":"Organization","@id":"https:\/\/exparto.pl\/hu\/#organization","name":"EXPARTO","url":"https:\/\/exparto.pl\/hu\/","logo":{"@type":"ImageObject","inLanguage":"hu","@id":"https:\/\/exparto.pl\/hu\/#\/schema\/logo\/image\/","url":"https:\/\/exparto.pl\/wp-content\/uploads\/2023\/02\/logo-wektor.png","contentUrl":"https:\/\/exparto.pl\/wp-content\/uploads\/2023\/02\/logo-wektor.png","width":1338,"height":143,"caption":"EXPARTO"},"image":{"@id":"https:\/\/exparto.pl\/hu\/#\/schema\/logo\/image\/"},"sameAs":["https:\/\/www.facebook.com\/exparto.agro\/"]}]}},"_links":{"self":[{"href":"https:\/\/exparto.pl\/hu\/wp-json\/wp\/v2\/product\/43970","targetHints":{"allow":["GET"]}}],"collection":[{"href":"https:\/\/exparto.pl\/hu\/wp-json\/wp\/v2\/product"}],"about":[{"href":"https:\/\/exparto.pl\/hu\/wp-json\/wp\/v2\/types\/product"}],"replies":[{"embeddable":true,"href":"https:\/\/exparto.pl\/hu\/wp-json\/wp\/v2\/comments?post=43970"}],"wp:featuredmedia":[{"embeddable":true,"href":"https:\/\/exparto.pl\/hu\/wp-json\/wp\/v2\/media\/43955"}],"wp:attachment":[{"href":"https:\/\/exparto.pl\/hu\/wp-json\/wp\/v2\/media?parent=43970"}],"wp:term":[{"taxonomy":"product_brand","embeddable":true,"href":"https:\/\/exparto.pl\/hu\/wp-json\/wp\/v2\/product_brand?post=43970"},{"taxonomy":"product_cat","embeddable":true,"href":"https:\/\/exparto.pl\/hu\/wp-json\/wp\/v2\/product_cat?post=43970"},{"taxonomy":"product_tag","embeddable":true,"href":"https:\/\/exparto.pl\/hu\/wp-json\/wp\/v2\/product_tag?post=43970"}],"curies":[{"name":"wp","href":"https:\/\/api.w.org\/{rel}","templated":true}]}}