{"id":44418,"date":"2025-03-31T23:45:49","date_gmt":"2025-03-31T21:45:49","guid":{"rendered":"https:\/\/exparto.pl\/produkt\/dziob-glebosza-zammiennik-unia-kret\/"},"modified":"2026-04-14T12:06:38","modified_gmt":"2026-04-14T10:06:38","slug":"dziob-glebosza-zammiennik-unia-kret","status":"publish","type":"product","link":"https:\/\/exparto.pl\/hu\/produkt\/dziob-glebosza-zammiennik-unia-kret\/","title":{"rendered":"D\u0142uto g\u0142\u0119bosza UNIA KRET redlica dzi\u00f3b redlicy ze stali borowej GK20 143530200"},"content":{"rendered":"<p style=\"text-align: justify\"><strong>Skuteczny g\u0142\u0119bosz wymaga zastosowania solidnych element\u00f3w roboczych, dlatego oferowane przez nas d\u0142uto g\u0142\u0119bosza to sprawdzony wyb\u00f3r do Twojej maszyny<\/strong>. Ten podzesp\u00f3\u0142 jest wykonany z wytrzyma\u0142ej stali borowej, co gwarantuje d\u0142ugie u\u017cytkowanie bez ryzyka szybkiego p\u0119kni\u0119cia czy wytarcia. Zapraszamy do zakupu cz\u0119\u015bci, kt\u00f3ra pomo\u017ce Ci przygotowa\u0107 pole do siewu.<\/p>\n<h2><span style=\"font-weight: 400\">D\u0142uto g\u0142\u0119bosza \u2013 redlica, dzi\u00f3b redlicy, g\u0142\u0119bosz UNIA KRET<\/span><\/h2>\n<p style=\"text-align: justify\">Podstawowym zadaniem, jakie realizuje z\u0105b g\u0142\u0119bosza, na kt\u00f3rym jest zamontowana redlica, jest g\u0142\u0119bokie spulchnianie ziemi, co pozwala skutecznie rozbi\u0107 zbit\u0105 ziemi\u0119 i poprawi\u0107 przepuszczalno\u015b\u0107 gleby. Specjalnie wyprofilowane d\u0142uto g\u0142\u0119bosza jako pierwsze przecina warstw\u0119 roli, umo\u017cliwiaj\u0105c \u0142atwe wej\u015bcie na du\u017c\u0105 g\u0142\u0119boko\u015b\u0107. Dzi\u0119ki temu korzenie ro\u015blin maj\u0105 lepszy dost\u0119p do wody i sk\u0142adnik\u00f3w od\u017cywczych. Zastosowane skrzyde\u0142ka sprawiaj\u0105, \u017ce redlica do g\u0142\u0119bosza zapewnia du\u017c\u0105 szeroko\u015b\u0107 podcinania. To sprawia, \u017ce Tw\u00f3j g\u0142\u0119bosz UNIA KRET pracuje stabilnie i nie \u015blizga si\u0119 po powierzchni twardego gruntu.<\/p>\n<p style=\"text-align: justify\">Wybieraj\u0105c ten dzi\u00f3b redlicy, inwestujesz w cz\u0119\u015b\u0107 o podwy\u017cszonej trwa\u0142o\u015bci, kt\u00f3ra przejmuje na siebie najwi\u0119ksze si\u0142y tarcia i chroni pozosta\u0142e cz\u0119\u015bci do g\u0142\u0119bosza przed uszkodzeniem. <strong>Zach\u0119camy do zakupu oraz sprawdzenia kategorii, w kt\u00f3rej dost\u0119pne s\u0105 inne cz\u0119\u015bci do agregat\u00f3w, dzi\u0119ki kt\u00f3rym kompleksowo przygotujesz sw\u00f3j sprz\u0119t do wymagaj\u0105cego sezonu.<\/strong><\/p>\n<p style=\"text-align: justify\"><strong>Zastosowanie:<\/strong><\/p>\n<ul>\n<li style=\"text-align: justify\">g\u0142\u0119bosz UNIA KRET<\/li>\n<\/ul>\n<p style=\"text-align: justify\"><strong>Numer katalogowy:<\/strong><\/p>\n<ul>\n<li style=\"text-align: justify\">143530200<\/li>\n<li style=\"text-align: justify\">1435\/03-020\/0<\/li>\n<li style=\"text-align: justify\">1435\/30-200\/0<\/li>\n<\/ul>\n","protected":false},"excerpt":{"rendered":"<p style=\"text-align: justify\">Ten podzesp\u00f3\u0142 jest wykonany z wytrzyma\u0142ej stali borowej, co gwarantuje d\u0142ugie u\u017cytkowanie bez ryzyka szybkiego p\u0119kni\u0119cia czy wytarcia. Zapraszamy do zakupu cz\u0119\u015bci, kt\u00f3ra pomo\u017ce Ci przygotowa\u0107 pole do siewu.<\/p>\n","protected":false},"featured_media":64257,"comment_status":"open","ping_status":"closed","template":"","meta":{"_acf_changed":false,"inline_featured_image":false},"product_brand":[1017],"product_cat":[773],"product_tag":[],"class_list":{"0":"post-44418","1":"product","2":"type-product","3":"status-publish","4":"has-post-thumbnail","6":"product_brand-e-parts","7":"product_cat-czesci-do-agregatu-scierniskowego","9":"first","10":"instock","11":"taxable","12":"shipping-taxable","13":"purchasable","14":"product-type-simple"},"acf":[],"yoast_head":"<!-- This site is optimized with the Yoast SEO plugin v27.4 - https:\/\/yoast.com\/product\/yoast-seo-wordpress\/ -->\n<title>D\u0142uto g\u0142\u0119bosza UNIA KRET redlica dzi\u00f3b redlicy ze stali borowej GK20 143530200 - Exparto.pl<\/title>\n<meta name=\"robots\" content=\"index, follow, max-snippet:-1, max-image-preview:large, max-video-preview:-1\" \/>\n<link rel=\"canonical\" href=\"https:\/\/exparto.pl\/hu\/produkt\/dziob-glebosza-zammiennik-unia-kret\/\" \/>\n<meta property=\"og:locale\" content=\"hu_HU\" \/>\n<meta property=\"og:type\" content=\"article\" \/>\n<meta property=\"og:title\" content=\"D\u0142uto g\u0142\u0119bosza UNIA KRET redlica dzi\u00f3b redlicy ze stali borowej GK20 143530200 - Exparto.pl\" \/>\n<meta property=\"og:description\" content=\"Ten podzesp\u00f3\u0142 jest wykonany z wytrzyma\u0142ej stali borowej, co gwarantuje d\u0142ugie u\u017cytkowanie bez ryzyka szybkiego p\u0119kni\u0119cia czy wytarcia. Zapraszamy do zakupu cz\u0119\u015bci, kt\u00f3ra pomo\u017ce Ci przygotowa\u0107 pole do siewu.\" \/>\n<meta property=\"og:url\" content=\"https:\/\/exparto.pl\/hu\/produkt\/dziob-glebosza-zammiennik-unia-kret\/\" \/>\n<meta property=\"og:site_name\" content=\"Exparto.pl\" \/>\n<meta property=\"article:publisher\" content=\"https:\/\/www.facebook.com\/exparto.agro\/\" \/>\n<meta property=\"article:modified_time\" content=\"2026-04-14T10:06:38+00:00\" \/>\n<meta property=\"og:image\" content=\"https:\/\/exparto.pl\/wp-content\/uploads\/2025\/04\/8dc5948698fda6747ea1f147cedf585b.jpg\" \/>\n\t<meta property=\"og:image:width\" content=\"1200\" \/>\n\t<meta property=\"og:image:height\" content=\"1200\" \/>\n\t<meta property=\"og:image:type\" content=\"image\/jpeg\" \/>\n<meta name=\"twitter:card\" content=\"summary_large_image\" \/>\n<meta name=\"twitter:label1\" content=\"Becs\u00fclt olvas\u00e1si id\u0151\" \/>\n\t<meta name=\"twitter:data1\" content=\"1 perc\" \/>\n<script type=\"application\/ld+json\" class=\"yoast-schema-graph\">{\"@context\":\"https:\\\/\\\/schema.org\",\"@graph\":[{\"@type\":\"WebPage\",\"@id\":\"https:\\\/\\\/exparto.pl\\\/hu\\\/produkt\\\/dziob-glebosza-zammiennik-unia-kret\\\/\",\"url\":\"https:\\\/\\\/exparto.pl\\\/hu\\\/produkt\\\/dziob-glebosza-zammiennik-unia-kret\\\/\",\"name\":\"D\u0142uto g\u0142\u0119bosza UNIA KRET redlica dzi\u00f3b redlicy ze stali borowej GK20 143530200 - Exparto.pl\",\"isPartOf\":{\"@id\":\"https:\\\/\\\/exparto.pl\\\/hu\\\/#website\"},\"primaryImageOfPage\":{\"@id\":\"https:\\\/\\\/exparto.pl\\\/hu\\\/produkt\\\/dziob-glebosza-zammiennik-unia-kret\\\/#primaryimage\"},\"image\":{\"@id\":\"https:\\\/\\\/exparto.pl\\\/hu\\\/produkt\\\/dziob-glebosza-zammiennik-unia-kret\\\/#primaryimage\"},\"thumbnailUrl\":\"https:\\\/\\\/exparto.pl\\\/wp-content\\\/uploads\\\/2026\\\/04\\\/8dc5948698fda6747ea1f147cedf585b.jpg\",\"datePublished\":\"2025-03-31T21:45:49+00:00\",\"dateModified\":\"2026-04-14T10:06:38+00:00\",\"breadcrumb\":{\"@id\":\"https:\\\/\\\/exparto.pl\\\/hu\\\/produkt\\\/dziob-glebosza-zammiennik-unia-kret\\\/#breadcrumb\"},\"inLanguage\":\"hu\",\"potentialAction\":[{\"@type\":\"ReadAction\",\"target\":[\"https:\\\/\\\/exparto.pl\\\/hu\\\/produkt\\\/dziob-glebosza-zammiennik-unia-kret\\\/\"]}]},{\"@type\":\"ImageObject\",\"inLanguage\":\"hu\",\"@id\":\"https:\\\/\\\/exparto.pl\\\/hu\\\/produkt\\\/dziob-glebosza-zammiennik-unia-kret\\\/#primaryimage\",\"url\":\"https:\\\/\\\/exparto.pl\\\/wp-content\\\/uploads\\\/2026\\\/04\\\/8dc5948698fda6747ea1f147cedf585b.jpg\",\"contentUrl\":\"https:\\\/\\\/exparto.pl\\\/wp-content\\\/uploads\\\/2026\\\/04\\\/8dc5948698fda6747ea1f147cedf585b.jpg\",\"width\":1200,\"height\":1200,\"caption\":\"6e65ff21720d6e65712621e9e43c2c58\"},{\"@type\":\"BreadcrumbList\",\"@id\":\"https:\\\/\\\/exparto.pl\\\/hu\\\/produkt\\\/dziob-glebosza-zammiennik-unia-kret\\\/#breadcrumb\",\"itemListElement\":[{\"@type\":\"ListItem\",\"position\":1,\"name\":\"Honlap\",\"item\":\"https:\\\/\\\/exparto.pl\\\/hu\\\/\"},{\"@type\":\"ListItem\",\"position\":2,\"name\":\"Sklep\",\"item\":\"https:\\\/\\\/exparto.pl\\\/sklep\\\/\"},{\"@type\":\"ListItem\",\"position\":3,\"name\":\"Alkatr\u00e9szek a kasz\u00e1l\u00f3egys\u00e9ghez\",\"item\":\"https:\\\/\\\/exparto.pl\\\/hu\\\/termekkategoria\\\/alkatreszek-a-kaszaloegyseghez\\\/\"},{\"@type\":\"ListItem\",\"position\":4,\"name\":\"D\u0142uto g\u0142\u0119bosza UNIA KRET redlica dzi\u00f3b redlicy ze stali borowej GK20 143530200\"}]},{\"@type\":\"WebSite\",\"@id\":\"https:\\\/\\\/exparto.pl\\\/hu\\\/#website\",\"url\":\"https:\\\/\\\/exparto.pl\\\/hu\\\/\",\"name\":\"EXPARTO\",\"description\":\"More than agro parts\",\"publisher\":{\"@id\":\"https:\\\/\\\/exparto.pl\\\/hu\\\/#organization\"},\"potentialAction\":[{\"@type\":\"SearchAction\",\"target\":{\"@type\":\"EntryPoint\",\"urlTemplate\":\"https:\\\/\\\/exparto.pl\\\/hu\\\/?s={search_term_string}\"},\"query-input\":{\"@type\":\"PropertyValueSpecification\",\"valueRequired\":true,\"valueName\":\"search_term_string\"}}],\"inLanguage\":\"hu\"},{\"@type\":\"Organization\",\"@id\":\"https:\\\/\\\/exparto.pl\\\/hu\\\/#organization\",\"name\":\"EXPARTO\",\"url\":\"https:\\\/\\\/exparto.pl\\\/hu\\\/\",\"logo\":{\"@type\":\"ImageObject\",\"inLanguage\":\"hu\",\"@id\":\"https:\\\/\\\/exparto.pl\\\/hu\\\/#\\\/schema\\\/logo\\\/image\\\/\",\"url\":\"https:\\\/\\\/exparto.pl\\\/wp-content\\\/uploads\\\/2023\\\/02\\\/logo-wektor.png\",\"contentUrl\":\"https:\\\/\\\/exparto.pl\\\/wp-content\\\/uploads\\\/2023\\\/02\\\/logo-wektor.png\",\"width\":1338,\"height\":143,\"caption\":\"EXPARTO\"},\"image\":{\"@id\":\"https:\\\/\\\/exparto.pl\\\/hu\\\/#\\\/schema\\\/logo\\\/image\\\/\"},\"sameAs\":[\"https:\\\/\\\/www.facebook.com\\\/exparto.agro\\\/\"]}]}<\/script>\n<!-- \/ Yoast SEO plugin. -->","yoast_head_json":{"title":"D\u0142uto g\u0142\u0119bosza UNIA KRET redlica dzi\u00f3b redlicy ze stali borowej GK20 143530200 - Exparto.pl","robots":{"index":"index","follow":"follow","max-snippet":"max-snippet:-1","max-image-preview":"max-image-preview:large","max-video-preview":"max-video-preview:-1"},"canonical":"https:\/\/exparto.pl\/hu\/produkt\/dziob-glebosza-zammiennik-unia-kret\/","og_locale":"hu_HU","og_type":"article","og_title":"D\u0142uto g\u0142\u0119bosza UNIA KRET redlica dzi\u00f3b redlicy ze stali borowej GK20 143530200 - Exparto.pl","og_description":"Ten podzesp\u00f3\u0142 jest wykonany z wytrzyma\u0142ej stali borowej, co gwarantuje d\u0142ugie u\u017cytkowanie bez ryzyka szybkiego p\u0119kni\u0119cia czy wytarcia. Zapraszamy do zakupu cz\u0119\u015bci, kt\u00f3ra pomo\u017ce Ci przygotowa\u0107 pole do siewu.","og_url":"https:\/\/exparto.pl\/hu\/produkt\/dziob-glebosza-zammiennik-unia-kret\/","og_site_name":"Exparto.pl","article_publisher":"https:\/\/www.facebook.com\/exparto.agro\/","article_modified_time":"2026-04-14T10:06:38+00:00","og_image":[{"width":1200,"height":1200,"url":"https:\/\/exparto.pl\/wp-content\/uploads\/2025\/04\/8dc5948698fda6747ea1f147cedf585b.jpg","type":"image\/jpeg"}],"twitter_card":"summary_large_image","twitter_misc":{"Becs\u00fclt olvas\u00e1si id\u0151":"1 perc"},"schema":{"@context":"https:\/\/schema.org","@graph":[{"@type":"WebPage","@id":"https:\/\/exparto.pl\/hu\/produkt\/dziob-glebosza-zammiennik-unia-kret\/","url":"https:\/\/exparto.pl\/hu\/produkt\/dziob-glebosza-zammiennik-unia-kret\/","name":"D\u0142uto g\u0142\u0119bosza UNIA KRET redlica dzi\u00f3b redlicy ze stali borowej GK20 143530200 - Exparto.pl","isPartOf":{"@id":"https:\/\/exparto.pl\/hu\/#website"},"primaryImageOfPage":{"@id":"https:\/\/exparto.pl\/hu\/produkt\/dziob-glebosza-zammiennik-unia-kret\/#primaryimage"},"image":{"@id":"https:\/\/exparto.pl\/hu\/produkt\/dziob-glebosza-zammiennik-unia-kret\/#primaryimage"},"thumbnailUrl":"https:\/\/exparto.pl\/wp-content\/uploads\/2026\/04\/8dc5948698fda6747ea1f147cedf585b.jpg","datePublished":"2025-03-31T21:45:49+00:00","dateModified":"2026-04-14T10:06:38+00:00","breadcrumb":{"@id":"https:\/\/exparto.pl\/hu\/produkt\/dziob-glebosza-zammiennik-unia-kret\/#breadcrumb"},"inLanguage":"hu","potentialAction":[{"@type":"ReadAction","target":["https:\/\/exparto.pl\/hu\/produkt\/dziob-glebosza-zammiennik-unia-kret\/"]}]},{"@type":"ImageObject","inLanguage":"hu","@id":"https:\/\/exparto.pl\/hu\/produkt\/dziob-glebosza-zammiennik-unia-kret\/#primaryimage","url":"https:\/\/exparto.pl\/wp-content\/uploads\/2026\/04\/8dc5948698fda6747ea1f147cedf585b.jpg","contentUrl":"https:\/\/exparto.pl\/wp-content\/uploads\/2026\/04\/8dc5948698fda6747ea1f147cedf585b.jpg","width":1200,"height":1200,"caption":"6e65ff21720d6e65712621e9e43c2c58"},{"@type":"BreadcrumbList","@id":"https:\/\/exparto.pl\/hu\/produkt\/dziob-glebosza-zammiennik-unia-kret\/#breadcrumb","itemListElement":[{"@type":"ListItem","position":1,"name":"Honlap","item":"https:\/\/exparto.pl\/hu\/"},{"@type":"ListItem","position":2,"name":"Sklep","item":"https:\/\/exparto.pl\/sklep\/"},{"@type":"ListItem","position":3,"name":"Alkatr\u00e9szek a kasz\u00e1l\u00f3egys\u00e9ghez","item":"https:\/\/exparto.pl\/hu\/termekkategoria\/alkatreszek-a-kaszaloegyseghez\/"},{"@type":"ListItem","position":4,"name":"D\u0142uto g\u0142\u0119bosza UNIA KRET redlica dzi\u00f3b redlicy ze stali borowej GK20 143530200"}]},{"@type":"WebSite","@id":"https:\/\/exparto.pl\/hu\/#website","url":"https:\/\/exparto.pl\/hu\/","name":"EXPARTO","description":"More than agro parts","publisher":{"@id":"https:\/\/exparto.pl\/hu\/#organization"},"potentialAction":[{"@type":"SearchAction","target":{"@type":"EntryPoint","urlTemplate":"https:\/\/exparto.pl\/hu\/?s={search_term_string}"},"query-input":{"@type":"PropertyValueSpecification","valueRequired":true,"valueName":"search_term_string"}}],"inLanguage":"hu"},{"@type":"Organization","@id":"https:\/\/exparto.pl\/hu\/#organization","name":"EXPARTO","url":"https:\/\/exparto.pl\/hu\/","logo":{"@type":"ImageObject","inLanguage":"hu","@id":"https:\/\/exparto.pl\/hu\/#\/schema\/logo\/image\/","url":"https:\/\/exparto.pl\/wp-content\/uploads\/2023\/02\/logo-wektor.png","contentUrl":"https:\/\/exparto.pl\/wp-content\/uploads\/2023\/02\/logo-wektor.png","width":1338,"height":143,"caption":"EXPARTO"},"image":{"@id":"https:\/\/exparto.pl\/hu\/#\/schema\/logo\/image\/"},"sameAs":["https:\/\/www.facebook.com\/exparto.agro\/"]}]}},"_links":{"self":[{"href":"https:\/\/exparto.pl\/hu\/wp-json\/wp\/v2\/product\/44418","targetHints":{"allow":["GET"]}}],"collection":[{"href":"https:\/\/exparto.pl\/hu\/wp-json\/wp\/v2\/product"}],"about":[{"href":"https:\/\/exparto.pl\/hu\/wp-json\/wp\/v2\/types\/product"}],"replies":[{"embeddable":true,"href":"https:\/\/exparto.pl\/hu\/wp-json\/wp\/v2\/comments?post=44418"}],"wp:featuredmedia":[{"embeddable":true,"href":"https:\/\/exparto.pl\/hu\/wp-json\/wp\/v2\/media\/64257"}],"wp:attachment":[{"href":"https:\/\/exparto.pl\/hu\/wp-json\/wp\/v2\/media?parent=44418"}],"wp:term":[{"taxonomy":"product_brand","embeddable":true,"href":"https:\/\/exparto.pl\/hu\/wp-json\/wp\/v2\/product_brand?post=44418"},{"taxonomy":"product_cat","embeddable":true,"href":"https:\/\/exparto.pl\/hu\/wp-json\/wp\/v2\/product_cat?post=44418"},{"taxonomy":"product_tag","embeddable":true,"href":"https:\/\/exparto.pl\/hu\/wp-json\/wp\/v2\/product_tag?post=44418"}],"curies":[{"name":"wp","href":"https:\/\/api.w.org\/{rel}","templated":true}]}}