{"id":46746,"date":"2025-05-13T09:48:11","date_gmt":"2025-05-13T07:48:11","guid":{"rendered":"https:\/\/exparto.pl\/produkt\/kolo-blaszane-podbieracza-fi-280-mm-prasa-sipma-z-224\/"},"modified":"2026-03-19T13:32:07","modified_gmt":"2026-03-19T12:32:07","slug":"kolo-blaszane-podbieracza-fi-280-mm-prasa-sipma-z-224","status":"publish","type":"product","link":"https:\/\/exparto.pl\/hu\/produkt\/kolo-blaszane-podbieracza-fi-280-mm-prasa-sipma-z-224\/","title":{"rendered":"Ko\u0142o blaszane podbieracza fi-280 mm Prasa SIPMA Z-224"},"content":{"rendered":"<section class=\"section\">\n<div class=\"item item-12\">\n<section class=\"text-item\">\n<p style=\"text-align: justify\">Ko\u0142o do podpory podbieracza.<\/p>\n<p style=\"text-align: justify\"><b>Zastosowanie:<\/b><\/p>\n<ul>\n<li style=\"text-align: justify\">Prasa kostkuj\u0105ca SIPMA Z-224<\/li>\n<\/ul>\n<div style=\"text-align: justify\"><b>Numer katalogowy:<\/b><\/div>\n<div style=\"text-align: justify\">\n<ul>\n<li>522300002<\/li>\n<li>5223\/00-002<\/li>\n<li>5223000020<\/li>\n<li>132216073010<\/li>\n<li>1322-160-730.10<\/li>\n<li>1322-160-730.10t<\/li>\n<\/ul>\n<\/div>\n<\/section>\n<\/div>\n<\/section>\n","protected":false},"excerpt":{"rendered":"<p style=\"text-align: justify\">Ko\u0142o do podpory podbieracza.<\/p>\n","protected":false},"featured_media":46747,"comment_status":"open","ping_status":"closed","template":"","meta":{"_acf_changed":false,"inline_featured_image":false},"product_brand":[],"product_cat":[517,518],"product_tag":[],"class_list":{"0":"post-46746","1":"product","2":"type-product","3":"status-publish","4":"has-post-thumbnail","6":"product_cat-press-parts","7":"product_cat-sipma-z-224-press-parts","9":"first","10":"instock","11":"taxable","12":"shipping-taxable","13":"purchasable","14":"product-type-simple"},"acf":[],"yoast_head":"<!-- This site is optimized with the Yoast SEO plugin v27.2 - https:\/\/yoast.com\/product\/yoast-seo-wordpress\/ -->\n<title>Ko\u0142o blaszane podbieracza fi-280 mm Prasa SIPMA Z-224 - Exparto.pl<\/title>\n<meta name=\"robots\" content=\"index, follow, max-snippet:-1, max-image-preview:large, max-video-preview:-1\" \/>\n<link rel=\"canonical\" href=\"https:\/\/exparto.pl\/hu\/produkt\/kolo-blaszane-podbieracza-fi-280-mm-prasa-sipma-z-224\/\" \/>\n<meta property=\"og:locale\" content=\"hu_HU\" \/>\n<meta property=\"og:type\" content=\"article\" \/>\n<meta property=\"og:title\" content=\"Ko\u0142o blaszane podbieracza fi-280 mm Prasa SIPMA Z-224 - Exparto.pl\" \/>\n<meta property=\"og:description\" content=\"Ko\u0142o do podpory podbieracza.\" \/>\n<meta property=\"og:url\" content=\"https:\/\/exparto.pl\/hu\/produkt\/kolo-blaszane-podbieracza-fi-280-mm-prasa-sipma-z-224\/\" \/>\n<meta property=\"og:site_name\" content=\"Exparto.pl\" \/>\n<meta property=\"article:publisher\" content=\"https:\/\/www.facebook.com\/exparto.agro\/\" \/>\n<meta property=\"article:modified_time\" content=\"2026-03-19T12:32:07+00:00\" \/>\n<meta property=\"og:image\" content=\"https:\/\/exparto.pl\/wp-content\/uploads\/2025\/05\/770d5ef2b4a56a515d2d420b1e0f1941-1.jpg\" \/>\n\t<meta property=\"og:image:width\" content=\"1200\" \/>\n\t<meta property=\"og:image:height\" content=\"1200\" \/>\n\t<meta property=\"og:image:type\" content=\"image\/jpeg\" \/>\n<meta name=\"twitter:card\" content=\"summary_large_image\" \/>\n<meta name=\"twitter:label1\" content=\"Becs\u00fclt olvas\u00e1si id\u0151\" \/>\n\t<meta name=\"twitter:data1\" content=\"1 perc\" \/>\n<script type=\"application\/ld+json\" class=\"yoast-schema-graph\">{\"@context\":\"https:\/\/schema.org\",\"@graph\":[{\"@type\":\"WebPage\",\"@id\":\"https:\/\/exparto.pl\/hu\/produkt\/kolo-blaszane-podbieracza-fi-280-mm-prasa-sipma-z-224\/\",\"url\":\"https:\/\/exparto.pl\/hu\/produkt\/kolo-blaszane-podbieracza-fi-280-mm-prasa-sipma-z-224\/\",\"name\":\"Ko\u0142o blaszane podbieracza fi-280 mm Prasa SIPMA Z-224 - Exparto.pl\",\"isPartOf\":{\"@id\":\"https:\/\/exparto.pl\/hu\/#website\"},\"primaryImageOfPage\":{\"@id\":\"https:\/\/exparto.pl\/hu\/produkt\/kolo-blaszane-podbieracza-fi-280-mm-prasa-sipma-z-224\/#primaryimage\"},\"image\":{\"@id\":\"https:\/\/exparto.pl\/hu\/produkt\/kolo-blaszane-podbieracza-fi-280-mm-prasa-sipma-z-224\/#primaryimage\"},\"thumbnailUrl\":\"https:\/\/exparto.pl\/wp-content\/uploads\/2025\/05\/770d5ef2b4a56a515d2d420b1e0f1941-1.jpg\",\"datePublished\":\"2025-05-13T07:48:11+00:00\",\"dateModified\":\"2026-03-19T12:32:07+00:00\",\"breadcrumb\":{\"@id\":\"https:\/\/exparto.pl\/hu\/produkt\/kolo-blaszane-podbieracza-fi-280-mm-prasa-sipma-z-224\/#breadcrumb\"},\"inLanguage\":\"hu\",\"potentialAction\":[{\"@type\":\"ReadAction\",\"target\":[\"https:\/\/exparto.pl\/hu\/produkt\/kolo-blaszane-podbieracza-fi-280-mm-prasa-sipma-z-224\/\"]}]},{\"@type\":\"ImageObject\",\"inLanguage\":\"hu\",\"@id\":\"https:\/\/exparto.pl\/hu\/produkt\/kolo-blaszane-podbieracza-fi-280-mm-prasa-sipma-z-224\/#primaryimage\",\"url\":\"https:\/\/exparto.pl\/wp-content\/uploads\/2025\/05\/770d5ef2b4a56a515d2d420b1e0f1941-1.jpg\",\"contentUrl\":\"https:\/\/exparto.pl\/wp-content\/uploads\/2025\/05\/770d5ef2b4a56a515d2d420b1e0f1941-1.jpg\",\"width\":1200,\"height\":1200},{\"@type\":\"BreadcrumbList\",\"@id\":\"https:\/\/exparto.pl\/hu\/produkt\/kolo-blaszane-podbieracza-fi-280-mm-prasa-sipma-z-224\/#breadcrumb\",\"itemListElement\":[{\"@type\":\"ListItem\",\"position\":1,\"name\":\"Honlap\",\"item\":\"https:\/\/exparto.pl\/hu\/\"},{\"@type\":\"ListItem\",\"position\":2,\"name\":\"Sklep\",\"item\":\"https:\/\/exparto.pl\/sklep\/\"},{\"@type\":\"ListItem\",\"position\":3,\"name\":\"Sajt\u00f3 alkatr\u00e9szek\",\"item\":\"https:\/\/exparto.pl\/hu\/termekkategoria\/sajto-alkatreszek\/\"},{\"@type\":\"ListItem\",\"position\":4,\"name\":\"Alkatr\u00e9szek a SIPMA Z-224 b\u00e1l\u00e1z\u00f3hoz\",\"item\":\"https:\/\/exparto.pl\/hu\/termekkategoria\/sajto-alkatreszek\/alkatreszek-a-sipma-z-224-balazohoz\/\"},{\"@type\":\"ListItem\",\"position\":5,\"name\":\"Ko\u0142o blaszane podbieracza fi-280 mm Prasa SIPMA Z-224\"}]},{\"@type\":\"WebSite\",\"@id\":\"https:\/\/exparto.pl\/hu\/#website\",\"url\":\"https:\/\/exparto.pl\/hu\/\",\"name\":\"EXPARTO\",\"description\":\"More than agro parts\",\"publisher\":{\"@id\":\"https:\/\/exparto.pl\/hu\/#organization\"},\"potentialAction\":[{\"@type\":\"SearchAction\",\"target\":{\"@type\":\"EntryPoint\",\"urlTemplate\":\"https:\/\/exparto.pl\/hu\/?s={search_term_string}\"},\"query-input\":{\"@type\":\"PropertyValueSpecification\",\"valueRequired\":true,\"valueName\":\"search_term_string\"}}],\"inLanguage\":\"hu\"},{\"@type\":\"Organization\",\"@id\":\"https:\/\/exparto.pl\/hu\/#organization\",\"name\":\"EXPARTO\",\"url\":\"https:\/\/exparto.pl\/hu\/\",\"logo\":{\"@type\":\"ImageObject\",\"inLanguage\":\"hu\",\"@id\":\"https:\/\/exparto.pl\/hu\/#\/schema\/logo\/image\/\",\"url\":\"https:\/\/exparto.pl\/wp-content\/uploads\/2023\/02\/logo-wektor.png\",\"contentUrl\":\"https:\/\/exparto.pl\/wp-content\/uploads\/2023\/02\/logo-wektor.png\",\"width\":1338,\"height\":143,\"caption\":\"EXPARTO\"},\"image\":{\"@id\":\"https:\/\/exparto.pl\/hu\/#\/schema\/logo\/image\/\"},\"sameAs\":[\"https:\/\/www.facebook.com\/exparto.agro\/\"]}]}<\/script>\n<!-- \/ Yoast SEO plugin. -->","yoast_head_json":{"title":"Ko\u0142o blaszane podbieracza fi-280 mm Prasa SIPMA Z-224 - Exparto.pl","robots":{"index":"index","follow":"follow","max-snippet":"max-snippet:-1","max-image-preview":"max-image-preview:large","max-video-preview":"max-video-preview:-1"},"canonical":"https:\/\/exparto.pl\/hu\/produkt\/kolo-blaszane-podbieracza-fi-280-mm-prasa-sipma-z-224\/","og_locale":"hu_HU","og_type":"article","og_title":"Ko\u0142o blaszane podbieracza fi-280 mm Prasa SIPMA Z-224 - Exparto.pl","og_description":"Ko\u0142o do podpory podbieracza.","og_url":"https:\/\/exparto.pl\/hu\/produkt\/kolo-blaszane-podbieracza-fi-280-mm-prasa-sipma-z-224\/","og_site_name":"Exparto.pl","article_publisher":"https:\/\/www.facebook.com\/exparto.agro\/","article_modified_time":"2026-03-19T12:32:07+00:00","og_image":[{"width":1200,"height":1200,"url":"https:\/\/exparto.pl\/wp-content\/uploads\/2025\/05\/770d5ef2b4a56a515d2d420b1e0f1941-1.jpg","type":"image\/jpeg"}],"twitter_card":"summary_large_image","twitter_misc":{"Becs\u00fclt olvas\u00e1si id\u0151":"1 perc"},"schema":{"@context":"https:\/\/schema.org","@graph":[{"@type":"WebPage","@id":"https:\/\/exparto.pl\/hu\/produkt\/kolo-blaszane-podbieracza-fi-280-mm-prasa-sipma-z-224\/","url":"https:\/\/exparto.pl\/hu\/produkt\/kolo-blaszane-podbieracza-fi-280-mm-prasa-sipma-z-224\/","name":"Ko\u0142o blaszane podbieracza fi-280 mm Prasa SIPMA Z-224 - Exparto.pl","isPartOf":{"@id":"https:\/\/exparto.pl\/hu\/#website"},"primaryImageOfPage":{"@id":"https:\/\/exparto.pl\/hu\/produkt\/kolo-blaszane-podbieracza-fi-280-mm-prasa-sipma-z-224\/#primaryimage"},"image":{"@id":"https:\/\/exparto.pl\/hu\/produkt\/kolo-blaszane-podbieracza-fi-280-mm-prasa-sipma-z-224\/#primaryimage"},"thumbnailUrl":"https:\/\/exparto.pl\/wp-content\/uploads\/2025\/05\/770d5ef2b4a56a515d2d420b1e0f1941-1.jpg","datePublished":"2025-05-13T07:48:11+00:00","dateModified":"2026-03-19T12:32:07+00:00","breadcrumb":{"@id":"https:\/\/exparto.pl\/hu\/produkt\/kolo-blaszane-podbieracza-fi-280-mm-prasa-sipma-z-224\/#breadcrumb"},"inLanguage":"hu","potentialAction":[{"@type":"ReadAction","target":["https:\/\/exparto.pl\/hu\/produkt\/kolo-blaszane-podbieracza-fi-280-mm-prasa-sipma-z-224\/"]}]},{"@type":"ImageObject","inLanguage":"hu","@id":"https:\/\/exparto.pl\/hu\/produkt\/kolo-blaszane-podbieracza-fi-280-mm-prasa-sipma-z-224\/#primaryimage","url":"https:\/\/exparto.pl\/wp-content\/uploads\/2025\/05\/770d5ef2b4a56a515d2d420b1e0f1941-1.jpg","contentUrl":"https:\/\/exparto.pl\/wp-content\/uploads\/2025\/05\/770d5ef2b4a56a515d2d420b1e0f1941-1.jpg","width":1200,"height":1200},{"@type":"BreadcrumbList","@id":"https:\/\/exparto.pl\/hu\/produkt\/kolo-blaszane-podbieracza-fi-280-mm-prasa-sipma-z-224\/#breadcrumb","itemListElement":[{"@type":"ListItem","position":1,"name":"Honlap","item":"https:\/\/exparto.pl\/hu\/"},{"@type":"ListItem","position":2,"name":"Sklep","item":"https:\/\/exparto.pl\/sklep\/"},{"@type":"ListItem","position":3,"name":"Sajt\u00f3 alkatr\u00e9szek","item":"https:\/\/exparto.pl\/hu\/termekkategoria\/sajto-alkatreszek\/"},{"@type":"ListItem","position":4,"name":"Alkatr\u00e9szek a SIPMA Z-224 b\u00e1l\u00e1z\u00f3hoz","item":"https:\/\/exparto.pl\/hu\/termekkategoria\/sajto-alkatreszek\/alkatreszek-a-sipma-z-224-balazohoz\/"},{"@type":"ListItem","position":5,"name":"Ko\u0142o blaszane podbieracza fi-280 mm Prasa SIPMA Z-224"}]},{"@type":"WebSite","@id":"https:\/\/exparto.pl\/hu\/#website","url":"https:\/\/exparto.pl\/hu\/","name":"EXPARTO","description":"More than agro parts","publisher":{"@id":"https:\/\/exparto.pl\/hu\/#organization"},"potentialAction":[{"@type":"SearchAction","target":{"@type":"EntryPoint","urlTemplate":"https:\/\/exparto.pl\/hu\/?s={search_term_string}"},"query-input":{"@type":"PropertyValueSpecification","valueRequired":true,"valueName":"search_term_string"}}],"inLanguage":"hu"},{"@type":"Organization","@id":"https:\/\/exparto.pl\/hu\/#organization","name":"EXPARTO","url":"https:\/\/exparto.pl\/hu\/","logo":{"@type":"ImageObject","inLanguage":"hu","@id":"https:\/\/exparto.pl\/hu\/#\/schema\/logo\/image\/","url":"https:\/\/exparto.pl\/wp-content\/uploads\/2023\/02\/logo-wektor.png","contentUrl":"https:\/\/exparto.pl\/wp-content\/uploads\/2023\/02\/logo-wektor.png","width":1338,"height":143,"caption":"EXPARTO"},"image":{"@id":"https:\/\/exparto.pl\/hu\/#\/schema\/logo\/image\/"},"sameAs":["https:\/\/www.facebook.com\/exparto.agro\/"]}]}},"_links":{"self":[{"href":"https:\/\/exparto.pl\/hu\/wp-json\/wp\/v2\/product\/46746","targetHints":{"allow":["GET"]}}],"collection":[{"href":"https:\/\/exparto.pl\/hu\/wp-json\/wp\/v2\/product"}],"about":[{"href":"https:\/\/exparto.pl\/hu\/wp-json\/wp\/v2\/types\/product"}],"replies":[{"embeddable":true,"href":"https:\/\/exparto.pl\/hu\/wp-json\/wp\/v2\/comments?post=46746"}],"wp:featuredmedia":[{"embeddable":true,"href":"https:\/\/exparto.pl\/hu\/wp-json\/wp\/v2\/media\/46747"}],"wp:attachment":[{"href":"https:\/\/exparto.pl\/hu\/wp-json\/wp\/v2\/media?parent=46746"}],"wp:term":[{"taxonomy":"product_brand","embeddable":true,"href":"https:\/\/exparto.pl\/hu\/wp-json\/wp\/v2\/product_brand?post=46746"},{"taxonomy":"product_cat","embeddable":true,"href":"https:\/\/exparto.pl\/hu\/wp-json\/wp\/v2\/product_cat?post=46746"},{"taxonomy":"product_tag","embeddable":true,"href":"https:\/\/exparto.pl\/hu\/wp-json\/wp\/v2\/product_tag?post=46746"}],"curies":[{"name":"wp","href":"https:\/\/api.w.org\/{rel}","templated":true}]}}