{"id":48487,"date":"2025-05-27T13:34:07","date_gmt":"2025-05-27T11:34:07","guid":{"rendered":"https:\/\/exparto.pl\/produkt\/wyciagarka-do-lanc-opryskiwacza-wr80-kompletna-z-linka-5m-i-hakiem\/"},"modified":"2026-04-02T17:30:11","modified_gmt":"2026-04-02T15:30:11","slug":"wyciagarka-do-lanc-opryskiwacza-wr80-kompletna-z-linka-5m-i-hakiem","status":"publish","type":"product","link":"https:\/\/exparto.pl\/hu\/produkt\/wyciagarka-do-lanc-opryskiwacza-wr80-kompletna-z-linka-5m-i-hakiem\/","title":{"rendered":"Wyci\u0105garka do lanc opryskiwacza WR80 kompletna z link\u0105 5m i hakiem"},"content":{"rendered":"<p style=\"text-align: justify\">Wyci\u0105garka do lanc opryskiwacza WR80 kompletna z link\u0105 5m i hakiem.<\/p>\n<p style=\"text-align: justify\"><b>Zastosowanie:\u00a0<\/b><\/p>\n<ul>\n<li style=\"text-align: justify\">opryskiwacze polowe, maszyny rolnicze uniwersalne<\/li>\n<\/ul>\n<p style=\"text-align: justify\">\n","protected":false},"excerpt":{"rendered":"<p style=\"text-align: justify\">Wyci\u0105garka do lanc opryskiwacza WR80 kompletna z link\u0105 5m i hakiem.<\/p>\n","protected":false},"featured_media":48472,"comment_status":"open","ping_status":"closed","template":"","meta":{"_acf_changed":false,"inline_featured_image":false},"product_brand":[],"product_cat":[47,132],"product_tag":[],"class_list":{"0":"post-48487","1":"product","2":"type-product","3":"status-publish","4":"has-post-thumbnail","6":"product_cat-czesci-do-opryskiwaczy","7":"product_cat-elementy-lancy-opryskiwacza","9":"first","10":"instock","11":"taxable","12":"shipping-taxable","13":"purchasable","14":"product-type-simple"},"acf":[],"yoast_head":"<!-- This site is optimized with the Yoast SEO plugin v27.2 - https:\/\/yoast.com\/product\/yoast-seo-wordpress\/ -->\n<title>Wyci\u0105garka do lanc opryskiwacza WR80 kompletna z link\u0105 5m i hakiem - Exparto.pl<\/title>\n<meta name=\"robots\" content=\"index, follow, max-snippet:-1, max-image-preview:large, max-video-preview:-1\" \/>\n<link rel=\"canonical\" href=\"https:\/\/exparto.pl\/hu\/produkt\/wyciagarka-do-lanc-opryskiwacza-wr80-kompletna-z-linka-5m-i-hakiem\/\" \/>\n<meta property=\"og:locale\" content=\"hu_HU\" \/>\n<meta property=\"og:type\" content=\"article\" \/>\n<meta property=\"og:title\" content=\"Wyci\u0105garka do lanc opryskiwacza WR80 kompletna z link\u0105 5m i hakiem - Exparto.pl\" \/>\n<meta property=\"og:description\" content=\"Wyci\u0105garka do lanc opryskiwacza WR80 kompletna z link\u0105 5m i hakiem.\" \/>\n<meta property=\"og:url\" content=\"https:\/\/exparto.pl\/hu\/produkt\/wyciagarka-do-lanc-opryskiwacza-wr80-kompletna-z-linka-5m-i-hakiem\/\" \/>\n<meta property=\"og:site_name\" content=\"Exparto.pl\" \/>\n<meta property=\"article:publisher\" content=\"https:\/\/www.facebook.com\/exparto.agro\/\" \/>\n<meta property=\"article:modified_time\" content=\"2026-04-02T15:30:11+00:00\" \/>\n<meta property=\"og:image\" content=\"https:\/\/exparto.pl\/wp-content\/uploads\/2025\/05\/a9fe262bd1d57c6adc72d20aa030348b.jpg\" \/>\n\t<meta property=\"og:image:width\" content=\"1200\" \/>\n\t<meta property=\"og:image:height\" content=\"1200\" \/>\n\t<meta property=\"og:image:type\" content=\"image\/jpeg\" \/>\n<meta name=\"twitter:card\" content=\"summary_large_image\" \/>\n<meta name=\"twitter:label1\" content=\"Becs\u00fclt olvas\u00e1si id\u0151\" \/>\n\t<meta name=\"twitter:data1\" content=\"1 perc\" \/>\n<script type=\"application\/ld+json\" class=\"yoast-schema-graph\">{\"@context\":\"https:\/\/schema.org\",\"@graph\":[{\"@type\":\"WebPage\",\"@id\":\"https:\/\/exparto.pl\/hu\/produkt\/wyciagarka-do-lanc-opryskiwacza-wr80-kompletna-z-linka-5m-i-hakiem\/\",\"url\":\"https:\/\/exparto.pl\/hu\/produkt\/wyciagarka-do-lanc-opryskiwacza-wr80-kompletna-z-linka-5m-i-hakiem\/\",\"name\":\"Wyci\u0105garka do lanc opryskiwacza WR80 kompletna z link\u0105 5m i hakiem - Exparto.pl\",\"isPartOf\":{\"@id\":\"https:\/\/exparto.pl\/hu\/#website\"},\"primaryImageOfPage\":{\"@id\":\"https:\/\/exparto.pl\/hu\/produkt\/wyciagarka-do-lanc-opryskiwacza-wr80-kompletna-z-linka-5m-i-hakiem\/#primaryimage\"},\"image\":{\"@id\":\"https:\/\/exparto.pl\/hu\/produkt\/wyciagarka-do-lanc-opryskiwacza-wr80-kompletna-z-linka-5m-i-hakiem\/#primaryimage\"},\"thumbnailUrl\":\"https:\/\/exparto.pl\/wp-content\/uploads\/2025\/05\/a9fe262bd1d57c6adc72d20aa030348b.jpg\",\"datePublished\":\"2025-05-27T11:34:07+00:00\",\"dateModified\":\"2026-04-02T15:30:11+00:00\",\"breadcrumb\":{\"@id\":\"https:\/\/exparto.pl\/hu\/produkt\/wyciagarka-do-lanc-opryskiwacza-wr80-kompletna-z-linka-5m-i-hakiem\/#breadcrumb\"},\"inLanguage\":\"hu\",\"potentialAction\":[{\"@type\":\"ReadAction\",\"target\":[\"https:\/\/exparto.pl\/hu\/produkt\/wyciagarka-do-lanc-opryskiwacza-wr80-kompletna-z-linka-5m-i-hakiem\/\"]}]},{\"@type\":\"ImageObject\",\"inLanguage\":\"hu\",\"@id\":\"https:\/\/exparto.pl\/hu\/produkt\/wyciagarka-do-lanc-opryskiwacza-wr80-kompletna-z-linka-5m-i-hakiem\/#primaryimage\",\"url\":\"https:\/\/exparto.pl\/wp-content\/uploads\/2025\/05\/a9fe262bd1d57c6adc72d20aa030348b.jpg\",\"contentUrl\":\"https:\/\/exparto.pl\/wp-content\/uploads\/2025\/05\/a9fe262bd1d57c6adc72d20aa030348b.jpg\",\"width\":1200,\"height\":1200},{\"@type\":\"BreadcrumbList\",\"@id\":\"https:\/\/exparto.pl\/hu\/produkt\/wyciagarka-do-lanc-opryskiwacza-wr80-kompletna-z-linka-5m-i-hakiem\/#breadcrumb\",\"itemListElement\":[{\"@type\":\"ListItem\",\"position\":1,\"name\":\"Honlap\",\"item\":\"https:\/\/exparto.pl\/hu\/\"},{\"@type\":\"ListItem\",\"position\":2,\"name\":\"Sklep\",\"item\":\"https:\/\/exparto.pl\/sklep\/\"},{\"@type\":\"ListItem\",\"position\":3,\"name\":\"Alkatr\u00e9szek permetez\u0151g\u00e9pekhez\",\"item\":\"https:\/\/exparto.pl\/hu\/termekkategoria\/alkatreszek-permetezogepekhez\/\"},{\"@type\":\"ListItem\",\"position\":4,\"name\":\"Permetez\u0151 l\u00e1ndzs\u00e1k alkatr\u00e9szei\",\"item\":\"https:\/\/exparto.pl\/hu\/termekkategoria\/alkatreszek-permetezogepekhez\/permetezo-landzsak-alkatreszei\/\"},{\"@type\":\"ListItem\",\"position\":5,\"name\":\"Wyci\u0105garka do lanc opryskiwacza WR80 kompletna z link\u0105 5m i hakiem\"}]},{\"@type\":\"WebSite\",\"@id\":\"https:\/\/exparto.pl\/hu\/#website\",\"url\":\"https:\/\/exparto.pl\/hu\/\",\"name\":\"EXPARTO\",\"description\":\"More than agro parts\",\"publisher\":{\"@id\":\"https:\/\/exparto.pl\/hu\/#organization\"},\"potentialAction\":[{\"@type\":\"SearchAction\",\"target\":{\"@type\":\"EntryPoint\",\"urlTemplate\":\"https:\/\/exparto.pl\/hu\/?s={search_term_string}\"},\"query-input\":{\"@type\":\"PropertyValueSpecification\",\"valueRequired\":true,\"valueName\":\"search_term_string\"}}],\"inLanguage\":\"hu\"},{\"@type\":\"Organization\",\"@id\":\"https:\/\/exparto.pl\/hu\/#organization\",\"name\":\"EXPARTO\",\"url\":\"https:\/\/exparto.pl\/hu\/\",\"logo\":{\"@type\":\"ImageObject\",\"inLanguage\":\"hu\",\"@id\":\"https:\/\/exparto.pl\/hu\/#\/schema\/logo\/image\/\",\"url\":\"https:\/\/exparto.pl\/wp-content\/uploads\/2023\/02\/logo-wektor.png\",\"contentUrl\":\"https:\/\/exparto.pl\/wp-content\/uploads\/2023\/02\/logo-wektor.png\",\"width\":1338,\"height\":143,\"caption\":\"EXPARTO\"},\"image\":{\"@id\":\"https:\/\/exparto.pl\/hu\/#\/schema\/logo\/image\/\"},\"sameAs\":[\"https:\/\/www.facebook.com\/exparto.agro\/\"]}]}<\/script>\n<!-- \/ Yoast SEO plugin. -->","yoast_head_json":{"title":"Wyci\u0105garka do lanc opryskiwacza WR80 kompletna z link\u0105 5m i hakiem - Exparto.pl","robots":{"index":"index","follow":"follow","max-snippet":"max-snippet:-1","max-image-preview":"max-image-preview:large","max-video-preview":"max-video-preview:-1"},"canonical":"https:\/\/exparto.pl\/hu\/produkt\/wyciagarka-do-lanc-opryskiwacza-wr80-kompletna-z-linka-5m-i-hakiem\/","og_locale":"hu_HU","og_type":"article","og_title":"Wyci\u0105garka do lanc opryskiwacza WR80 kompletna z link\u0105 5m i hakiem - Exparto.pl","og_description":"Wyci\u0105garka do lanc opryskiwacza WR80 kompletna z link\u0105 5m i hakiem.","og_url":"https:\/\/exparto.pl\/hu\/produkt\/wyciagarka-do-lanc-opryskiwacza-wr80-kompletna-z-linka-5m-i-hakiem\/","og_site_name":"Exparto.pl","article_publisher":"https:\/\/www.facebook.com\/exparto.agro\/","article_modified_time":"2026-04-02T15:30:11+00:00","og_image":[{"width":1200,"height":1200,"url":"https:\/\/exparto.pl\/wp-content\/uploads\/2025\/05\/a9fe262bd1d57c6adc72d20aa030348b.jpg","type":"image\/jpeg"}],"twitter_card":"summary_large_image","twitter_misc":{"Becs\u00fclt olvas\u00e1si id\u0151":"1 perc"},"schema":{"@context":"https:\/\/schema.org","@graph":[{"@type":"WebPage","@id":"https:\/\/exparto.pl\/hu\/produkt\/wyciagarka-do-lanc-opryskiwacza-wr80-kompletna-z-linka-5m-i-hakiem\/","url":"https:\/\/exparto.pl\/hu\/produkt\/wyciagarka-do-lanc-opryskiwacza-wr80-kompletna-z-linka-5m-i-hakiem\/","name":"Wyci\u0105garka do lanc opryskiwacza WR80 kompletna z link\u0105 5m i hakiem - Exparto.pl","isPartOf":{"@id":"https:\/\/exparto.pl\/hu\/#website"},"primaryImageOfPage":{"@id":"https:\/\/exparto.pl\/hu\/produkt\/wyciagarka-do-lanc-opryskiwacza-wr80-kompletna-z-linka-5m-i-hakiem\/#primaryimage"},"image":{"@id":"https:\/\/exparto.pl\/hu\/produkt\/wyciagarka-do-lanc-opryskiwacza-wr80-kompletna-z-linka-5m-i-hakiem\/#primaryimage"},"thumbnailUrl":"https:\/\/exparto.pl\/wp-content\/uploads\/2025\/05\/a9fe262bd1d57c6adc72d20aa030348b.jpg","datePublished":"2025-05-27T11:34:07+00:00","dateModified":"2026-04-02T15:30:11+00:00","breadcrumb":{"@id":"https:\/\/exparto.pl\/hu\/produkt\/wyciagarka-do-lanc-opryskiwacza-wr80-kompletna-z-linka-5m-i-hakiem\/#breadcrumb"},"inLanguage":"hu","potentialAction":[{"@type":"ReadAction","target":["https:\/\/exparto.pl\/hu\/produkt\/wyciagarka-do-lanc-opryskiwacza-wr80-kompletna-z-linka-5m-i-hakiem\/"]}]},{"@type":"ImageObject","inLanguage":"hu","@id":"https:\/\/exparto.pl\/hu\/produkt\/wyciagarka-do-lanc-opryskiwacza-wr80-kompletna-z-linka-5m-i-hakiem\/#primaryimage","url":"https:\/\/exparto.pl\/wp-content\/uploads\/2025\/05\/a9fe262bd1d57c6adc72d20aa030348b.jpg","contentUrl":"https:\/\/exparto.pl\/wp-content\/uploads\/2025\/05\/a9fe262bd1d57c6adc72d20aa030348b.jpg","width":1200,"height":1200},{"@type":"BreadcrumbList","@id":"https:\/\/exparto.pl\/hu\/produkt\/wyciagarka-do-lanc-opryskiwacza-wr80-kompletna-z-linka-5m-i-hakiem\/#breadcrumb","itemListElement":[{"@type":"ListItem","position":1,"name":"Honlap","item":"https:\/\/exparto.pl\/hu\/"},{"@type":"ListItem","position":2,"name":"Sklep","item":"https:\/\/exparto.pl\/sklep\/"},{"@type":"ListItem","position":3,"name":"Alkatr\u00e9szek permetez\u0151g\u00e9pekhez","item":"https:\/\/exparto.pl\/hu\/termekkategoria\/alkatreszek-permetezogepekhez\/"},{"@type":"ListItem","position":4,"name":"Permetez\u0151 l\u00e1ndzs\u00e1k alkatr\u00e9szei","item":"https:\/\/exparto.pl\/hu\/termekkategoria\/alkatreszek-permetezogepekhez\/permetezo-landzsak-alkatreszei\/"},{"@type":"ListItem","position":5,"name":"Wyci\u0105garka do lanc opryskiwacza WR80 kompletna z link\u0105 5m i hakiem"}]},{"@type":"WebSite","@id":"https:\/\/exparto.pl\/hu\/#website","url":"https:\/\/exparto.pl\/hu\/","name":"EXPARTO","description":"More than agro parts","publisher":{"@id":"https:\/\/exparto.pl\/hu\/#organization"},"potentialAction":[{"@type":"SearchAction","target":{"@type":"EntryPoint","urlTemplate":"https:\/\/exparto.pl\/hu\/?s={search_term_string}"},"query-input":{"@type":"PropertyValueSpecification","valueRequired":true,"valueName":"search_term_string"}}],"inLanguage":"hu"},{"@type":"Organization","@id":"https:\/\/exparto.pl\/hu\/#organization","name":"EXPARTO","url":"https:\/\/exparto.pl\/hu\/","logo":{"@type":"ImageObject","inLanguage":"hu","@id":"https:\/\/exparto.pl\/hu\/#\/schema\/logo\/image\/","url":"https:\/\/exparto.pl\/wp-content\/uploads\/2023\/02\/logo-wektor.png","contentUrl":"https:\/\/exparto.pl\/wp-content\/uploads\/2023\/02\/logo-wektor.png","width":1338,"height":143,"caption":"EXPARTO"},"image":{"@id":"https:\/\/exparto.pl\/hu\/#\/schema\/logo\/image\/"},"sameAs":["https:\/\/www.facebook.com\/exparto.agro\/"]}]}},"_links":{"self":[{"href":"https:\/\/exparto.pl\/hu\/wp-json\/wp\/v2\/product\/48487","targetHints":{"allow":["GET"]}}],"collection":[{"href":"https:\/\/exparto.pl\/hu\/wp-json\/wp\/v2\/product"}],"about":[{"href":"https:\/\/exparto.pl\/hu\/wp-json\/wp\/v2\/types\/product"}],"replies":[{"embeddable":true,"href":"https:\/\/exparto.pl\/hu\/wp-json\/wp\/v2\/comments?post=48487"}],"wp:featuredmedia":[{"embeddable":true,"href":"https:\/\/exparto.pl\/hu\/wp-json\/wp\/v2\/media\/48472"}],"wp:attachment":[{"href":"https:\/\/exparto.pl\/hu\/wp-json\/wp\/v2\/media?parent=48487"}],"wp:term":[{"taxonomy":"product_brand","embeddable":true,"href":"https:\/\/exparto.pl\/hu\/wp-json\/wp\/v2\/product_brand?post=48487"},{"taxonomy":"product_cat","embeddable":true,"href":"https:\/\/exparto.pl\/hu\/wp-json\/wp\/v2\/product_cat?post=48487"},{"taxonomy":"product_tag","embeddable":true,"href":"https:\/\/exparto.pl\/hu\/wp-json\/wp\/v2\/product_tag?post=48487"}],"curies":[{"name":"wp","href":"https:\/\/api.w.org\/{rel}","templated":true}]}}