{"id":49916,"date":"2025-06-05T13:31:37","date_gmt":"2025-06-05T11:31:37","guid":{"rendered":"https:\/\/exparto.pl\/produkt\/noz-do-paszowozu-seko-zamet-hartowany-95x11x5-244790541\/"},"modified":"2026-02-18T10:01:26","modified_gmt":"2026-02-18T09:01:26","slug":"noz-do-paszowozu-seko-zamet-hartowany-95x11x5-244790541","status":"publish","type":"product","link":"https:\/\/exparto.pl\/hu\/produkt\/noz-do-paszowozu-seko-zamet-hartowany-95x11x5-244790541\/","title":{"rendered":"N\u00f3\u017c do paszowozu SEKO ZAMET hartowany 95x11x5 244790541"},"content":{"rendered":"<p style=\"text-align: justify\">N\u00f3\u017c do paszowozu hartowany. Wykonany z wysokiej jako\u015bci materia\u0142u, charakteryzuj\u0119 si\u0119 zwi\u0119kszon\u0105 odporno\u015bci\u0105 na \u015bcieranie, d\u0142u\u017csz\u0105 \u017cywotno\u015bci\u0105 i wytrzyma\u0142o\u015bci\u0105. Kszta\u0142t z\u0105bkowany- w 100% zgodny z orygina\u0142em.<\/p>\n<p style=\"text-align: justify\"><b>Zastosowanie:\u00a0<\/b><\/p>\n<\/p>\n<ul>\n<li style=\"text-align: justify\">Pasuje do: Seko, Zamet<\/li>\n<\/ul>\n<p style=\"text-align: justify\"><b>Numer katalogowy:<\/b><\/p>\n<\/p>\n<ul>\n<li style=\"text-align: justify\">244790541, 244.79054.1, 30010071010, 30-0100-71-01-0, 30-0100-72-01-0<\/li>\n<\/ul>\n","protected":false},"excerpt":{"rendered":"<p style=\"text-align: justify\">N\u00f3\u017c do paszowozu Seko 95x11x5.<\/p>\n","protected":false},"featured_media":49992,"comment_status":"open","ping_status":"closed","template":"","meta":{"_acf_changed":false,"inline_featured_image":false},"product_brand":[],"product_cat":[803],"product_tag":[],"class_list":{"0":"post-49916","1":"product","2":"type-product","3":"status-publish","4":"has-post-thumbnail","6":"product_cat-czesci-do-paszowozow","8":"first","9":"outofstock","10":"taxable","11":"shipping-taxable","12":"purchasable","13":"product-type-simple"},"acf":[],"yoast_head":"<!-- This site is optimized with the Yoast SEO plugin v27.3 - https:\/\/yoast.com\/product\/yoast-seo-wordpress\/ -->\n<title>N\u00f3\u017c do paszowozu SEKO ZAMET hartowany 95x11x5 244790541 - Exparto.pl<\/title>\n<meta name=\"robots\" content=\"index, follow, max-snippet:-1, max-image-preview:large, max-video-preview:-1\" \/>\n<link rel=\"canonical\" href=\"https:\/\/exparto.pl\/hu\/produkt\/noz-do-paszowozu-seko-zamet-hartowany-95x11x5-244790541\/\" \/>\n<meta property=\"og:locale\" content=\"hu_HU\" \/>\n<meta property=\"og:type\" content=\"article\" \/>\n<meta property=\"og:title\" content=\"N\u00f3\u017c do paszowozu SEKO ZAMET hartowany 95x11x5 244790541 - Exparto.pl\" \/>\n<meta property=\"og:description\" content=\"N\u00f3\u017c do paszowozu Seko 95x11x5.\" \/>\n<meta property=\"og:url\" content=\"https:\/\/exparto.pl\/hu\/produkt\/noz-do-paszowozu-seko-zamet-hartowany-95x11x5-244790541\/\" \/>\n<meta property=\"og:site_name\" content=\"Exparto.pl\" \/>\n<meta property=\"article:publisher\" content=\"https:\/\/www.facebook.com\/exparto.agro\/\" \/>\n<meta property=\"article:modified_time\" content=\"2026-02-18T09:01:26+00:00\" \/>\n<meta property=\"og:image\" content=\"https:\/\/exparto.pl\/wp-content\/uploads\/2025\/06\/34640f70f09b7a8c5831d56065cdb3c7.jpg\" \/>\n\t<meta property=\"og:image:width\" content=\"1200\" \/>\n\t<meta property=\"og:image:height\" content=\"1200\" \/>\n\t<meta property=\"og:image:type\" content=\"image\/jpeg\" \/>\n<meta name=\"twitter:card\" content=\"summary_large_image\" \/>\n<meta name=\"twitter:label1\" content=\"Becs\u00fclt olvas\u00e1si id\u0151\" \/>\n\t<meta name=\"twitter:data1\" content=\"1 perc\" \/>\n<script type=\"application\/ld+json\" class=\"yoast-schema-graph\">{\"@context\":\"https:\\\/\\\/schema.org\",\"@graph\":[{\"@type\":\"WebPage\",\"@id\":\"https:\\\/\\\/exparto.pl\\\/hu\\\/produkt\\\/noz-do-paszowozu-seko-zamet-hartowany-95x11x5-244790541\\\/\",\"url\":\"https:\\\/\\\/exparto.pl\\\/hu\\\/produkt\\\/noz-do-paszowozu-seko-zamet-hartowany-95x11x5-244790541\\\/\",\"name\":\"N\u00f3\u017c do paszowozu SEKO ZAMET hartowany 95x11x5 244790541 - Exparto.pl\",\"isPartOf\":{\"@id\":\"https:\\\/\\\/exparto.pl\\\/hu\\\/#website\"},\"primaryImageOfPage\":{\"@id\":\"https:\\\/\\\/exparto.pl\\\/hu\\\/produkt\\\/noz-do-paszowozu-seko-zamet-hartowany-95x11x5-244790541\\\/#primaryimage\"},\"image\":{\"@id\":\"https:\\\/\\\/exparto.pl\\\/hu\\\/produkt\\\/noz-do-paszowozu-seko-zamet-hartowany-95x11x5-244790541\\\/#primaryimage\"},\"thumbnailUrl\":\"https:\\\/\\\/exparto.pl\\\/wp-content\\\/uploads\\\/2025\\\/06\\\/34640f70f09b7a8c5831d56065cdb3c7-1.jpg\",\"datePublished\":\"2025-06-05T11:31:37+00:00\",\"dateModified\":\"2026-02-18T09:01:26+00:00\",\"breadcrumb\":{\"@id\":\"https:\\\/\\\/exparto.pl\\\/hu\\\/produkt\\\/noz-do-paszowozu-seko-zamet-hartowany-95x11x5-244790541\\\/#breadcrumb\"},\"inLanguage\":\"hu\",\"potentialAction\":[{\"@type\":\"ReadAction\",\"target\":[\"https:\\\/\\\/exparto.pl\\\/hu\\\/produkt\\\/noz-do-paszowozu-seko-zamet-hartowany-95x11x5-244790541\\\/\"]}]},{\"@type\":\"ImageObject\",\"inLanguage\":\"hu\",\"@id\":\"https:\\\/\\\/exparto.pl\\\/hu\\\/produkt\\\/noz-do-paszowozu-seko-zamet-hartowany-95x11x5-244790541\\\/#primaryimage\",\"url\":\"https:\\\/\\\/exparto.pl\\\/wp-content\\\/uploads\\\/2025\\\/06\\\/34640f70f09b7a8c5831d56065cdb3c7-1.jpg\",\"contentUrl\":\"https:\\\/\\\/exparto.pl\\\/wp-content\\\/uploads\\\/2025\\\/06\\\/34640f70f09b7a8c5831d56065cdb3c7-1.jpg\",\"width\":1200,\"height\":1200},{\"@type\":\"BreadcrumbList\",\"@id\":\"https:\\\/\\\/exparto.pl\\\/hu\\\/produkt\\\/noz-do-paszowozu-seko-zamet-hartowany-95x11x5-244790541\\\/#breadcrumb\",\"itemListElement\":[{\"@type\":\"ListItem\",\"position\":1,\"name\":\"Honlap\",\"item\":\"https:\\\/\\\/exparto.pl\\\/hu\\\/\"},{\"@type\":\"ListItem\",\"position\":2,\"name\":\"Sklep\",\"item\":\"https:\\\/\\\/exparto.pl\\\/sklep\\\/\"},{\"@type\":\"ListItem\",\"position\":3,\"name\":\"Cz\u0119\u015bci do paszowoz\u00f3w\",\"item\":\"https:\\\/\\\/exparto.pl\\\/kategoria-produktu\\\/czesci-do-paszowozow\\\/\"},{\"@type\":\"ListItem\",\"position\":4,\"name\":\"N\u00f3\u017c do paszowozu SEKO ZAMET hartowany 95x11x5 244790541\"}]},{\"@type\":\"WebSite\",\"@id\":\"https:\\\/\\\/exparto.pl\\\/hu\\\/#website\",\"url\":\"https:\\\/\\\/exparto.pl\\\/hu\\\/\",\"name\":\"EXPARTO\",\"description\":\"More than agro parts\",\"publisher\":{\"@id\":\"https:\\\/\\\/exparto.pl\\\/hu\\\/#organization\"},\"potentialAction\":[{\"@type\":\"SearchAction\",\"target\":{\"@type\":\"EntryPoint\",\"urlTemplate\":\"https:\\\/\\\/exparto.pl\\\/hu\\\/?s={search_term_string}\"},\"query-input\":{\"@type\":\"PropertyValueSpecification\",\"valueRequired\":true,\"valueName\":\"search_term_string\"}}],\"inLanguage\":\"hu\"},{\"@type\":\"Organization\",\"@id\":\"https:\\\/\\\/exparto.pl\\\/hu\\\/#organization\",\"name\":\"EXPARTO\",\"url\":\"https:\\\/\\\/exparto.pl\\\/hu\\\/\",\"logo\":{\"@type\":\"ImageObject\",\"inLanguage\":\"hu\",\"@id\":\"https:\\\/\\\/exparto.pl\\\/hu\\\/#\\\/schema\\\/logo\\\/image\\\/\",\"url\":\"https:\\\/\\\/exparto.pl\\\/wp-content\\\/uploads\\\/2023\\\/02\\\/logo-wektor.png\",\"contentUrl\":\"https:\\\/\\\/exparto.pl\\\/wp-content\\\/uploads\\\/2023\\\/02\\\/logo-wektor.png\",\"width\":1338,\"height\":143,\"caption\":\"EXPARTO\"},\"image\":{\"@id\":\"https:\\\/\\\/exparto.pl\\\/hu\\\/#\\\/schema\\\/logo\\\/image\\\/\"},\"sameAs\":[\"https:\\\/\\\/www.facebook.com\\\/exparto.agro\\\/\"]}]}<\/script>\n<!-- \/ Yoast SEO plugin. -->","yoast_head_json":{"title":"N\u00f3\u017c do paszowozu SEKO ZAMET hartowany 95x11x5 244790541 - Exparto.pl","robots":{"index":"index","follow":"follow","max-snippet":"max-snippet:-1","max-image-preview":"max-image-preview:large","max-video-preview":"max-video-preview:-1"},"canonical":"https:\/\/exparto.pl\/hu\/produkt\/noz-do-paszowozu-seko-zamet-hartowany-95x11x5-244790541\/","og_locale":"hu_HU","og_type":"article","og_title":"N\u00f3\u017c do paszowozu SEKO ZAMET hartowany 95x11x5 244790541 - Exparto.pl","og_description":"N\u00f3\u017c do paszowozu Seko 95x11x5.","og_url":"https:\/\/exparto.pl\/hu\/produkt\/noz-do-paszowozu-seko-zamet-hartowany-95x11x5-244790541\/","og_site_name":"Exparto.pl","article_publisher":"https:\/\/www.facebook.com\/exparto.agro\/","article_modified_time":"2026-02-18T09:01:26+00:00","og_image":[{"width":1200,"height":1200,"url":"https:\/\/exparto.pl\/wp-content\/uploads\/2025\/06\/34640f70f09b7a8c5831d56065cdb3c7.jpg","type":"image\/jpeg"}],"twitter_card":"summary_large_image","twitter_misc":{"Becs\u00fclt olvas\u00e1si id\u0151":"1 perc"},"schema":{"@context":"https:\/\/schema.org","@graph":[{"@type":"WebPage","@id":"https:\/\/exparto.pl\/hu\/produkt\/noz-do-paszowozu-seko-zamet-hartowany-95x11x5-244790541\/","url":"https:\/\/exparto.pl\/hu\/produkt\/noz-do-paszowozu-seko-zamet-hartowany-95x11x5-244790541\/","name":"N\u00f3\u017c do paszowozu SEKO ZAMET hartowany 95x11x5 244790541 - Exparto.pl","isPartOf":{"@id":"https:\/\/exparto.pl\/hu\/#website"},"primaryImageOfPage":{"@id":"https:\/\/exparto.pl\/hu\/produkt\/noz-do-paszowozu-seko-zamet-hartowany-95x11x5-244790541\/#primaryimage"},"image":{"@id":"https:\/\/exparto.pl\/hu\/produkt\/noz-do-paszowozu-seko-zamet-hartowany-95x11x5-244790541\/#primaryimage"},"thumbnailUrl":"https:\/\/exparto.pl\/wp-content\/uploads\/2025\/06\/34640f70f09b7a8c5831d56065cdb3c7-1.jpg","datePublished":"2025-06-05T11:31:37+00:00","dateModified":"2026-02-18T09:01:26+00:00","breadcrumb":{"@id":"https:\/\/exparto.pl\/hu\/produkt\/noz-do-paszowozu-seko-zamet-hartowany-95x11x5-244790541\/#breadcrumb"},"inLanguage":"hu","potentialAction":[{"@type":"ReadAction","target":["https:\/\/exparto.pl\/hu\/produkt\/noz-do-paszowozu-seko-zamet-hartowany-95x11x5-244790541\/"]}]},{"@type":"ImageObject","inLanguage":"hu","@id":"https:\/\/exparto.pl\/hu\/produkt\/noz-do-paszowozu-seko-zamet-hartowany-95x11x5-244790541\/#primaryimage","url":"https:\/\/exparto.pl\/wp-content\/uploads\/2025\/06\/34640f70f09b7a8c5831d56065cdb3c7-1.jpg","contentUrl":"https:\/\/exparto.pl\/wp-content\/uploads\/2025\/06\/34640f70f09b7a8c5831d56065cdb3c7-1.jpg","width":1200,"height":1200},{"@type":"BreadcrumbList","@id":"https:\/\/exparto.pl\/hu\/produkt\/noz-do-paszowozu-seko-zamet-hartowany-95x11x5-244790541\/#breadcrumb","itemListElement":[{"@type":"ListItem","position":1,"name":"Honlap","item":"https:\/\/exparto.pl\/hu\/"},{"@type":"ListItem","position":2,"name":"Sklep","item":"https:\/\/exparto.pl\/sklep\/"},{"@type":"ListItem","position":3,"name":"Cz\u0119\u015bci do paszowoz\u00f3w","item":"https:\/\/exparto.pl\/kategoria-produktu\/czesci-do-paszowozow\/"},{"@type":"ListItem","position":4,"name":"N\u00f3\u017c do paszowozu SEKO ZAMET hartowany 95x11x5 244790541"}]},{"@type":"WebSite","@id":"https:\/\/exparto.pl\/hu\/#website","url":"https:\/\/exparto.pl\/hu\/","name":"EXPARTO","description":"More than agro parts","publisher":{"@id":"https:\/\/exparto.pl\/hu\/#organization"},"potentialAction":[{"@type":"SearchAction","target":{"@type":"EntryPoint","urlTemplate":"https:\/\/exparto.pl\/hu\/?s={search_term_string}"},"query-input":{"@type":"PropertyValueSpecification","valueRequired":true,"valueName":"search_term_string"}}],"inLanguage":"hu"},{"@type":"Organization","@id":"https:\/\/exparto.pl\/hu\/#organization","name":"EXPARTO","url":"https:\/\/exparto.pl\/hu\/","logo":{"@type":"ImageObject","inLanguage":"hu","@id":"https:\/\/exparto.pl\/hu\/#\/schema\/logo\/image\/","url":"https:\/\/exparto.pl\/wp-content\/uploads\/2023\/02\/logo-wektor.png","contentUrl":"https:\/\/exparto.pl\/wp-content\/uploads\/2023\/02\/logo-wektor.png","width":1338,"height":143,"caption":"EXPARTO"},"image":{"@id":"https:\/\/exparto.pl\/hu\/#\/schema\/logo\/image\/"},"sameAs":["https:\/\/www.facebook.com\/exparto.agro\/"]}]}},"_links":{"self":[{"href":"https:\/\/exparto.pl\/hu\/wp-json\/wp\/v2\/product\/49916","targetHints":{"allow":["GET"]}}],"collection":[{"href":"https:\/\/exparto.pl\/hu\/wp-json\/wp\/v2\/product"}],"about":[{"href":"https:\/\/exparto.pl\/hu\/wp-json\/wp\/v2\/types\/product"}],"replies":[{"embeddable":true,"href":"https:\/\/exparto.pl\/hu\/wp-json\/wp\/v2\/comments?post=49916"}],"wp:featuredmedia":[{"embeddable":true,"href":"https:\/\/exparto.pl\/hu\/wp-json\/wp\/v2\/media\/49992"}],"wp:attachment":[{"href":"https:\/\/exparto.pl\/hu\/wp-json\/wp\/v2\/media?parent=49916"}],"wp:term":[{"taxonomy":"product_brand","embeddable":true,"href":"https:\/\/exparto.pl\/hu\/wp-json\/wp\/v2\/product_brand?post=49916"},{"taxonomy":"product_cat","embeddable":true,"href":"https:\/\/exparto.pl\/hu\/wp-json\/wp\/v2\/product_cat?post=49916"},{"taxonomy":"product_tag","embeddable":true,"href":"https:\/\/exparto.pl\/hu\/wp-json\/wp\/v2\/product_tag?post=49916"}],"curies":[{"name":"wp","href":"https:\/\/api.w.org\/{rel}","templated":true}]}}