{"id":52400,"date":"2025-07-16T14:34:14","date_gmt":"2025-07-16T12:34:14","guid":{"rendered":"https:\/\/exparto.pl\/produkt\/zab-agregatu-wzmocniony-32x10-kpl-z-gesiostopka-1-otworowa-102x140x6\/"},"modified":"2026-04-04T15:30:08","modified_gmt":"2026-04-04T13:30:08","slug":"zab-agregatu-wzmocniony-32x10-kpl-z-gesiostopka-1-otworowa-102x140x6","status":"publish","type":"product","link":"https:\/\/exparto.pl\/hu\/produkt\/zab-agregatu-wzmocniony-32x10-kpl-z-gesiostopka-1-otworowa-102x140x6\/","title":{"rendered":"Z\u0105b agregatu wzmocniony 32&#215;10 kpl. z g\u0119siostopk\u0105 1 otworow\u0105 102x140x6"},"content":{"rendered":"<p style=\"text-align: justify\">Z\u0105b agregatu.\u00a0Z\u0105b wzmocniony spr\u0119\u017cyn\u0105 pomocnicz\u0105 z g\u0119siostopk\u0105 ze stali borowej.<\/p>\n<p style=\"text-align: justify\"><b>Zastosowanie:\u00a0<\/b><\/p>\n<ul>\n<li style=\"text-align: justify\">agregaty uprawowe, kultywatory, siewniki, maszyny rolnicze<\/li>\n<\/ul>\n<p style=\"text-align: justify\">\n","protected":false},"excerpt":{"rendered":"<p style=\"text-align: justify\">Z\u0105b agregatu wzmocniony 32&#215;10 kpl. z g\u0119siostopk\u0105 100.<\/p>\n","protected":false},"featured_media":52380,"comment_status":"open","ping_status":"closed","template":"","meta":{"_acf_changed":false,"inline_featured_image":false},"product_brand":[],"product_cat":[863,769],"product_tag":[],"class_list":{"0":"post-52400","1":"product","2":"type-product","3":"status-publish","4":"has-post-thumbnail","6":"product_cat-alkatreszek-kultivatorhoz","7":"product_cat-zeby-do-kultywatora","9":"first","10":"instock","11":"taxable","12":"shipping-taxable","13":"purchasable","14":"product-type-simple"},"acf":[],"yoast_head":"<!-- This site is optimized with the Yoast SEO plugin v27.2 - https:\/\/yoast.com\/product\/yoast-seo-wordpress\/ -->\n<title>Z\u0105b agregatu wzmocniony 32x10 kpl. z g\u0119siostopk\u0105 1 otworow\u0105 102x140x6 - Exparto.pl<\/title>\n<meta name=\"robots\" content=\"index, follow, max-snippet:-1, max-image-preview:large, max-video-preview:-1\" \/>\n<link rel=\"canonical\" href=\"https:\/\/exparto.pl\/hu\/produkt\/zab-agregatu-wzmocniony-32x10-kpl-z-gesiostopka-1-otworowa-102x140x6\/\" \/>\n<meta property=\"og:locale\" content=\"hu_HU\" \/>\n<meta property=\"og:type\" content=\"article\" \/>\n<meta property=\"og:title\" content=\"Z\u0105b agregatu wzmocniony 32x10 kpl. z g\u0119siostopk\u0105 1 otworow\u0105 102x140x6 - Exparto.pl\" \/>\n<meta property=\"og:description\" content=\"Z\u0105b agregatu wzmocniony 32x10 kpl. z g\u0119siostopk\u0105 100.\" \/>\n<meta property=\"og:url\" content=\"https:\/\/exparto.pl\/hu\/produkt\/zab-agregatu-wzmocniony-32x10-kpl-z-gesiostopka-1-otworowa-102x140x6\/\" \/>\n<meta property=\"og:site_name\" content=\"Exparto.pl\" \/>\n<meta property=\"article:publisher\" content=\"https:\/\/www.facebook.com\/exparto.agro\/\" \/>\n<meta property=\"article:modified_time\" content=\"2026-04-04T13:30:08+00:00\" \/>\n<meta property=\"og:image\" content=\"https:\/\/exparto.pl\/wp-content\/uploads\/2025\/07\/c9f475b044645f741c25d6f699879251.jpg\" \/>\n\t<meta property=\"og:image:width\" content=\"1200\" \/>\n\t<meta property=\"og:image:height\" content=\"1200\" \/>\n\t<meta property=\"og:image:type\" content=\"image\/jpeg\" \/>\n<meta name=\"twitter:card\" content=\"summary_large_image\" \/>\n<meta name=\"twitter:label1\" content=\"Becs\u00fclt olvas\u00e1si id\u0151\" \/>\n\t<meta name=\"twitter:data1\" content=\"1 perc\" \/>\n<script type=\"application\/ld+json\" class=\"yoast-schema-graph\">{\"@context\":\"https:\/\/schema.org\",\"@graph\":[{\"@type\":\"WebPage\",\"@id\":\"https:\/\/exparto.pl\/hu\/produkt\/zab-agregatu-wzmocniony-32x10-kpl-z-gesiostopka-1-otworowa-102x140x6\/\",\"url\":\"https:\/\/exparto.pl\/hu\/produkt\/zab-agregatu-wzmocniony-32x10-kpl-z-gesiostopka-1-otworowa-102x140x6\/\",\"name\":\"Z\u0105b agregatu wzmocniony 32x10 kpl. z g\u0119siostopk\u0105 1 otworow\u0105 102x140x6 - Exparto.pl\",\"isPartOf\":{\"@id\":\"https:\/\/exparto.pl\/hu\/#website\"},\"primaryImageOfPage\":{\"@id\":\"https:\/\/exparto.pl\/hu\/produkt\/zab-agregatu-wzmocniony-32x10-kpl-z-gesiostopka-1-otworowa-102x140x6\/#primaryimage\"},\"image\":{\"@id\":\"https:\/\/exparto.pl\/hu\/produkt\/zab-agregatu-wzmocniony-32x10-kpl-z-gesiostopka-1-otworowa-102x140x6\/#primaryimage\"},\"thumbnailUrl\":\"https:\/\/exparto.pl\/wp-content\/uploads\/2025\/07\/c9f475b044645f741c25d6f699879251.jpg\",\"datePublished\":\"2025-07-16T12:34:14+00:00\",\"dateModified\":\"2026-04-04T13:30:08+00:00\",\"breadcrumb\":{\"@id\":\"https:\/\/exparto.pl\/hu\/produkt\/zab-agregatu-wzmocniony-32x10-kpl-z-gesiostopka-1-otworowa-102x140x6\/#breadcrumb\"},\"inLanguage\":\"hu\",\"potentialAction\":[{\"@type\":\"ReadAction\",\"target\":[\"https:\/\/exparto.pl\/hu\/produkt\/zab-agregatu-wzmocniony-32x10-kpl-z-gesiostopka-1-otworowa-102x140x6\/\"]}]},{\"@type\":\"ImageObject\",\"inLanguage\":\"hu\",\"@id\":\"https:\/\/exparto.pl\/hu\/produkt\/zab-agregatu-wzmocniony-32x10-kpl-z-gesiostopka-1-otworowa-102x140x6\/#primaryimage\",\"url\":\"https:\/\/exparto.pl\/wp-content\/uploads\/2025\/07\/c9f475b044645f741c25d6f699879251.jpg\",\"contentUrl\":\"https:\/\/exparto.pl\/wp-content\/uploads\/2025\/07\/c9f475b044645f741c25d6f699879251.jpg\",\"width\":1200,\"height\":1200},{\"@type\":\"BreadcrumbList\",\"@id\":\"https:\/\/exparto.pl\/hu\/produkt\/zab-agregatu-wzmocniony-32x10-kpl-z-gesiostopka-1-otworowa-102x140x6\/#breadcrumb\",\"itemListElement\":[{\"@type\":\"ListItem\",\"position\":1,\"name\":\"Honlap\",\"item\":\"https:\/\/exparto.pl\/hu\/\"},{\"@type\":\"ListItem\",\"position\":2,\"name\":\"Sklep\",\"item\":\"https:\/\/exparto.pl\/sklep\/\"},{\"@type\":\"ListItem\",\"position\":3,\"name\":\"Alkatr\u00e9szek kultiv\u00e1torhoz\",\"item\":\"https:\/\/exparto.pl\/hu\/termekkategoria\/alkatreszek-kultivatorhoz\/\"},{\"@type\":\"ListItem\",\"position\":4,\"name\":\"Z\u0119by kultywatora\",\"item\":\"https:\/\/exparto.pl\/kategoria-produktu\/czesci-do-kultywatora\/zeby-do-kultywatora\/\"},{\"@type\":\"ListItem\",\"position\":5,\"name\":\"Z\u0105b agregatu wzmocniony 32&#215;10 kpl. z g\u0119siostopk\u0105 1 otworow\u0105 102x140x6\"}]},{\"@type\":\"WebSite\",\"@id\":\"https:\/\/exparto.pl\/hu\/#website\",\"url\":\"https:\/\/exparto.pl\/hu\/\",\"name\":\"EXPARTO\",\"description\":\"More than agro parts\",\"publisher\":{\"@id\":\"https:\/\/exparto.pl\/hu\/#organization\"},\"potentialAction\":[{\"@type\":\"SearchAction\",\"target\":{\"@type\":\"EntryPoint\",\"urlTemplate\":\"https:\/\/exparto.pl\/hu\/?s={search_term_string}\"},\"query-input\":{\"@type\":\"PropertyValueSpecification\",\"valueRequired\":true,\"valueName\":\"search_term_string\"}}],\"inLanguage\":\"hu\"},{\"@type\":\"Organization\",\"@id\":\"https:\/\/exparto.pl\/hu\/#organization\",\"name\":\"EXPARTO\",\"url\":\"https:\/\/exparto.pl\/hu\/\",\"logo\":{\"@type\":\"ImageObject\",\"inLanguage\":\"hu\",\"@id\":\"https:\/\/exparto.pl\/hu\/#\/schema\/logo\/image\/\",\"url\":\"https:\/\/exparto.pl\/wp-content\/uploads\/2023\/02\/logo-wektor.png\",\"contentUrl\":\"https:\/\/exparto.pl\/wp-content\/uploads\/2023\/02\/logo-wektor.png\",\"width\":1338,\"height\":143,\"caption\":\"EXPARTO\"},\"image\":{\"@id\":\"https:\/\/exparto.pl\/hu\/#\/schema\/logo\/image\/\"},\"sameAs\":[\"https:\/\/www.facebook.com\/exparto.agro\/\"]}]}<\/script>\n<!-- \/ Yoast SEO plugin. -->","yoast_head_json":{"title":"Z\u0105b agregatu wzmocniony 32x10 kpl. z g\u0119siostopk\u0105 1 otworow\u0105 102x140x6 - Exparto.pl","robots":{"index":"index","follow":"follow","max-snippet":"max-snippet:-1","max-image-preview":"max-image-preview:large","max-video-preview":"max-video-preview:-1"},"canonical":"https:\/\/exparto.pl\/hu\/produkt\/zab-agregatu-wzmocniony-32x10-kpl-z-gesiostopka-1-otworowa-102x140x6\/","og_locale":"hu_HU","og_type":"article","og_title":"Z\u0105b agregatu wzmocniony 32x10 kpl. z g\u0119siostopk\u0105 1 otworow\u0105 102x140x6 - Exparto.pl","og_description":"Z\u0105b agregatu wzmocniony 32x10 kpl. z g\u0119siostopk\u0105 100.","og_url":"https:\/\/exparto.pl\/hu\/produkt\/zab-agregatu-wzmocniony-32x10-kpl-z-gesiostopka-1-otworowa-102x140x6\/","og_site_name":"Exparto.pl","article_publisher":"https:\/\/www.facebook.com\/exparto.agro\/","article_modified_time":"2026-04-04T13:30:08+00:00","og_image":[{"width":1200,"height":1200,"url":"https:\/\/exparto.pl\/wp-content\/uploads\/2025\/07\/c9f475b044645f741c25d6f699879251.jpg","type":"image\/jpeg"}],"twitter_card":"summary_large_image","twitter_misc":{"Becs\u00fclt olvas\u00e1si id\u0151":"1 perc"},"schema":{"@context":"https:\/\/schema.org","@graph":[{"@type":"WebPage","@id":"https:\/\/exparto.pl\/hu\/produkt\/zab-agregatu-wzmocniony-32x10-kpl-z-gesiostopka-1-otworowa-102x140x6\/","url":"https:\/\/exparto.pl\/hu\/produkt\/zab-agregatu-wzmocniony-32x10-kpl-z-gesiostopka-1-otworowa-102x140x6\/","name":"Z\u0105b agregatu wzmocniony 32x10 kpl. z g\u0119siostopk\u0105 1 otworow\u0105 102x140x6 - Exparto.pl","isPartOf":{"@id":"https:\/\/exparto.pl\/hu\/#website"},"primaryImageOfPage":{"@id":"https:\/\/exparto.pl\/hu\/produkt\/zab-agregatu-wzmocniony-32x10-kpl-z-gesiostopka-1-otworowa-102x140x6\/#primaryimage"},"image":{"@id":"https:\/\/exparto.pl\/hu\/produkt\/zab-agregatu-wzmocniony-32x10-kpl-z-gesiostopka-1-otworowa-102x140x6\/#primaryimage"},"thumbnailUrl":"https:\/\/exparto.pl\/wp-content\/uploads\/2025\/07\/c9f475b044645f741c25d6f699879251.jpg","datePublished":"2025-07-16T12:34:14+00:00","dateModified":"2026-04-04T13:30:08+00:00","breadcrumb":{"@id":"https:\/\/exparto.pl\/hu\/produkt\/zab-agregatu-wzmocniony-32x10-kpl-z-gesiostopka-1-otworowa-102x140x6\/#breadcrumb"},"inLanguage":"hu","potentialAction":[{"@type":"ReadAction","target":["https:\/\/exparto.pl\/hu\/produkt\/zab-agregatu-wzmocniony-32x10-kpl-z-gesiostopka-1-otworowa-102x140x6\/"]}]},{"@type":"ImageObject","inLanguage":"hu","@id":"https:\/\/exparto.pl\/hu\/produkt\/zab-agregatu-wzmocniony-32x10-kpl-z-gesiostopka-1-otworowa-102x140x6\/#primaryimage","url":"https:\/\/exparto.pl\/wp-content\/uploads\/2025\/07\/c9f475b044645f741c25d6f699879251.jpg","contentUrl":"https:\/\/exparto.pl\/wp-content\/uploads\/2025\/07\/c9f475b044645f741c25d6f699879251.jpg","width":1200,"height":1200},{"@type":"BreadcrumbList","@id":"https:\/\/exparto.pl\/hu\/produkt\/zab-agregatu-wzmocniony-32x10-kpl-z-gesiostopka-1-otworowa-102x140x6\/#breadcrumb","itemListElement":[{"@type":"ListItem","position":1,"name":"Honlap","item":"https:\/\/exparto.pl\/hu\/"},{"@type":"ListItem","position":2,"name":"Sklep","item":"https:\/\/exparto.pl\/sklep\/"},{"@type":"ListItem","position":3,"name":"Alkatr\u00e9szek kultiv\u00e1torhoz","item":"https:\/\/exparto.pl\/hu\/termekkategoria\/alkatreszek-kultivatorhoz\/"},{"@type":"ListItem","position":4,"name":"Z\u0119by kultywatora","item":"https:\/\/exparto.pl\/kategoria-produktu\/czesci-do-kultywatora\/zeby-do-kultywatora\/"},{"@type":"ListItem","position":5,"name":"Z\u0105b agregatu wzmocniony 32&#215;10 kpl. z g\u0119siostopk\u0105 1 otworow\u0105 102x140x6"}]},{"@type":"WebSite","@id":"https:\/\/exparto.pl\/hu\/#website","url":"https:\/\/exparto.pl\/hu\/","name":"EXPARTO","description":"More than agro parts","publisher":{"@id":"https:\/\/exparto.pl\/hu\/#organization"},"potentialAction":[{"@type":"SearchAction","target":{"@type":"EntryPoint","urlTemplate":"https:\/\/exparto.pl\/hu\/?s={search_term_string}"},"query-input":{"@type":"PropertyValueSpecification","valueRequired":true,"valueName":"search_term_string"}}],"inLanguage":"hu"},{"@type":"Organization","@id":"https:\/\/exparto.pl\/hu\/#organization","name":"EXPARTO","url":"https:\/\/exparto.pl\/hu\/","logo":{"@type":"ImageObject","inLanguage":"hu","@id":"https:\/\/exparto.pl\/hu\/#\/schema\/logo\/image\/","url":"https:\/\/exparto.pl\/wp-content\/uploads\/2023\/02\/logo-wektor.png","contentUrl":"https:\/\/exparto.pl\/wp-content\/uploads\/2023\/02\/logo-wektor.png","width":1338,"height":143,"caption":"EXPARTO"},"image":{"@id":"https:\/\/exparto.pl\/hu\/#\/schema\/logo\/image\/"},"sameAs":["https:\/\/www.facebook.com\/exparto.agro\/"]}]}},"_links":{"self":[{"href":"https:\/\/exparto.pl\/hu\/wp-json\/wp\/v2\/product\/52400","targetHints":{"allow":["GET"]}}],"collection":[{"href":"https:\/\/exparto.pl\/hu\/wp-json\/wp\/v2\/product"}],"about":[{"href":"https:\/\/exparto.pl\/hu\/wp-json\/wp\/v2\/types\/product"}],"replies":[{"embeddable":true,"href":"https:\/\/exparto.pl\/hu\/wp-json\/wp\/v2\/comments?post=52400"}],"wp:featuredmedia":[{"embeddable":true,"href":"https:\/\/exparto.pl\/hu\/wp-json\/wp\/v2\/media\/52380"}],"wp:attachment":[{"href":"https:\/\/exparto.pl\/hu\/wp-json\/wp\/v2\/media?parent=52400"}],"wp:term":[{"taxonomy":"product_brand","embeddable":true,"href":"https:\/\/exparto.pl\/hu\/wp-json\/wp\/v2\/product_brand?post=52400"},{"taxonomy":"product_cat","embeddable":true,"href":"https:\/\/exparto.pl\/hu\/wp-json\/wp\/v2\/product_cat?post=52400"},{"taxonomy":"product_tag","embeddable":true,"href":"https:\/\/exparto.pl\/hu\/wp-json\/wp\/v2\/product_tag?post=52400"}],"curies":[{"name":"wp","href":"https:\/\/api.w.org\/{rel}","templated":true}]}}