{"id":54456,"date":"2025-08-13T13:36:24","date_gmt":"2025-08-13T11:36:24","guid":{"rendered":"https:\/\/exparto.pl\/produkt\/kolo-4-00-4-pneumatyczne-uniwersalne-do-taczki-wozka-400x4-2pr-na-os-16-mm\/"},"modified":"2026-03-22T23:02:43","modified_gmt":"2026-03-22T22:02:43","slug":"kolo-4-00-4-pneumatyczne-uniwersalne-do-taczki-wozka-400x4-2pr-na-os-16-mm","status":"publish","type":"product","link":"https:\/\/exparto.pl\/hu\/produkt\/kolo-4-00-4-pneumatyczne-uniwersalne-do-taczki-wozka-400x4-2pr-na-os-16-mm\/","title":{"rendered":"Ko\u0142o 4.00-4 pneumatyczne uniwersalne do taczki w\u00f3zka 400&#215;4 2PR na o\u015b 16 mm"},"content":{"rendered":"<p style=\"text-align: justify\">Ko\u0142o 4.00-4 pneumatyczne uniwersalne.<\/p>\n<p style=\"text-align: justify\">Typ ko\u0142a : TT Tube Type &#8211; opona z d\u0119tk\u0105.<\/p>\n<p style=\"text-align: justify\"><b>Zastosowanie:&nbsp;<\/b><\/p>\n<\/p>\n<ul>\n<li style=\"text-align: justify\">uniwersalne, w\u00f3zki, taczki, platformy<\/li>\n<\/ul>\n<p style=\"text-align: justify\"><\/p><\/p>\n","protected":false},"excerpt":{"rendered":"<p style=\"text-align: justify\">Ko\u0142o 4.00-4 pneumatyczne uniwersalne do taczki w\u00f3zka 400&#215;4 2PR na o\u015b 16 mm.<\/p>\n","protected":false},"featured_media":54436,"comment_status":"open","ping_status":"closed","template":"","meta":{"_acf_changed":false,"inline_featured_image":false},"product_brand":[],"product_cat":[44],"product_tag":[],"class_list":{"0":"post-54456","1":"product","2":"type-product","3":"status-publish","4":"has-post-thumbnail","6":"product_cat-artykuly-znormalizowane","8":"first","9":"instock","10":"taxable","11":"shipping-taxable","12":"purchasable","13":"product-type-simple"},"acf":[],"yoast_head":"<!-- This site is optimized with the Yoast SEO plugin v27.2 - https:\/\/yoast.com\/product\/yoast-seo-wordpress\/ -->\n<title>Ko\u0142o 4.00-4 pneumatyczne uniwersalne do taczki w\u00f3zka 400x4 2PR na o\u015b 16 mm - Exparto.pl<\/title>\n<meta name=\"robots\" content=\"index, follow, max-snippet:-1, max-image-preview:large, max-video-preview:-1\" \/>\n<link rel=\"canonical\" href=\"https:\/\/exparto.pl\/hu\/produkt\/kolo-4-00-4-pneumatyczne-uniwersalne-do-taczki-wozka-400x4-2pr-na-os-16-mm\/\" \/>\n<meta property=\"og:locale\" content=\"hu_HU\" \/>\n<meta property=\"og:type\" content=\"article\" \/>\n<meta property=\"og:title\" content=\"Ko\u0142o 4.00-4 pneumatyczne uniwersalne do taczki w\u00f3zka 400x4 2PR na o\u015b 16 mm - Exparto.pl\" \/>\n<meta property=\"og:description\" content=\"Ko\u0142o 4.00-4 pneumatyczne uniwersalne do taczki w\u00f3zka 400x4 2PR na o\u015b 16 mm.\" \/>\n<meta property=\"og:url\" content=\"https:\/\/exparto.pl\/hu\/produkt\/kolo-4-00-4-pneumatyczne-uniwersalne-do-taczki-wozka-400x4-2pr-na-os-16-mm\/\" \/>\n<meta property=\"og:site_name\" content=\"Exparto.pl\" \/>\n<meta property=\"article:publisher\" content=\"https:\/\/www.facebook.com\/exparto.agro\/\" \/>\n<meta property=\"article:modified_time\" content=\"2026-03-22T22:02:43+00:00\" \/>\n<meta name=\"twitter:card\" content=\"summary_large_image\" \/>\n<script type=\"application\/ld+json\" class=\"yoast-schema-graph\">{\"@context\":\"https:\/\/schema.org\",\"@graph\":[{\"@type\":\"WebPage\",\"@id\":\"https:\/\/exparto.pl\/hu\/produkt\/kolo-4-00-4-pneumatyczne-uniwersalne-do-taczki-wozka-400x4-2pr-na-os-16-mm\/\",\"url\":\"https:\/\/exparto.pl\/hu\/produkt\/kolo-4-00-4-pneumatyczne-uniwersalne-do-taczki-wozka-400x4-2pr-na-os-16-mm\/\",\"name\":\"Ko\u0142o 4.00-4 pneumatyczne uniwersalne do taczki w\u00f3zka 400x4 2PR na o\u015b 16 mm - Exparto.pl\",\"isPartOf\":{\"@id\":\"https:\/\/exparto.pl\/hu\/#website\"},\"primaryImageOfPage\":{\"@id\":\"https:\/\/exparto.pl\/hu\/produkt\/kolo-4-00-4-pneumatyczne-uniwersalne-do-taczki-wozka-400x4-2pr-na-os-16-mm\/#primaryimage\"},\"image\":{\"@id\":\"https:\/\/exparto.pl\/hu\/produkt\/kolo-4-00-4-pneumatyczne-uniwersalne-do-taczki-wozka-400x4-2pr-na-os-16-mm\/#primaryimage\"},\"thumbnailUrl\":\"https:\/\/exparto.pl\/wp-content\/uploads\/2025\/08\/68248ff7977c4b9b18f45ac786f857d1.jpg\",\"datePublished\":\"2025-08-13T11:36:24+00:00\",\"dateModified\":\"2026-03-22T22:02:43+00:00\",\"breadcrumb\":{\"@id\":\"https:\/\/exparto.pl\/hu\/produkt\/kolo-4-00-4-pneumatyczne-uniwersalne-do-taczki-wozka-400x4-2pr-na-os-16-mm\/#breadcrumb\"},\"inLanguage\":\"hu\",\"potentialAction\":[{\"@type\":\"ReadAction\",\"target\":[\"https:\/\/exparto.pl\/hu\/produkt\/kolo-4-00-4-pneumatyczne-uniwersalne-do-taczki-wozka-400x4-2pr-na-os-16-mm\/\"]}]},{\"@type\":\"ImageObject\",\"inLanguage\":\"hu\",\"@id\":\"https:\/\/exparto.pl\/hu\/produkt\/kolo-4-00-4-pneumatyczne-uniwersalne-do-taczki-wozka-400x4-2pr-na-os-16-mm\/#primaryimage\",\"url\":\"https:\/\/exparto.pl\/wp-content\/uploads\/2025\/08\/68248ff7977c4b9b18f45ac786f857d1.jpg\",\"contentUrl\":\"https:\/\/exparto.pl\/wp-content\/uploads\/2025\/08\/68248ff7977c4b9b18f45ac786f857d1.jpg\",\"width\":1200,\"height\":1200},{\"@type\":\"BreadcrumbList\",\"@id\":\"https:\/\/exparto.pl\/hu\/produkt\/kolo-4-00-4-pneumatyczne-uniwersalne-do-taczki-wozka-400x4-2pr-na-os-16-mm\/#breadcrumb\",\"itemListElement\":[{\"@type\":\"ListItem\",\"position\":1,\"name\":\"Honlap\",\"item\":\"https:\/\/exparto.pl\/hu\/\"},{\"@type\":\"ListItem\",\"position\":2,\"name\":\"Sklep\",\"item\":\"https:\/\/exparto.pl\/sklep\/\"},{\"@type\":\"ListItem\",\"position\":3,\"name\":\"Ko\u0142o 4.00-4 pneumatyczne uniwersalne do taczki w\u00f3zka 400&#215;4 2PR na o\u015b 16 mm\"}]},{\"@type\":\"WebSite\",\"@id\":\"https:\/\/exparto.pl\/hu\/#website\",\"url\":\"https:\/\/exparto.pl\/hu\/\",\"name\":\"EXPARTO\",\"description\":\"More than agro parts\",\"publisher\":{\"@id\":\"https:\/\/exparto.pl\/hu\/#organization\"},\"potentialAction\":[{\"@type\":\"SearchAction\",\"target\":{\"@type\":\"EntryPoint\",\"urlTemplate\":\"https:\/\/exparto.pl\/hu\/?s={search_term_string}\"},\"query-input\":{\"@type\":\"PropertyValueSpecification\",\"valueRequired\":true,\"valueName\":\"search_term_string\"}}],\"inLanguage\":\"hu\"},{\"@type\":\"Organization\",\"@id\":\"https:\/\/exparto.pl\/hu\/#organization\",\"name\":\"EXPARTO\",\"url\":\"https:\/\/exparto.pl\/hu\/\",\"logo\":{\"@type\":\"ImageObject\",\"inLanguage\":\"hu\",\"@id\":\"https:\/\/exparto.pl\/hu\/#\/schema\/logo\/image\/\",\"url\":\"https:\/\/exparto.pl\/wp-content\/uploads\/2023\/02\/logo-wektor.png\",\"contentUrl\":\"https:\/\/exparto.pl\/wp-content\/uploads\/2023\/02\/logo-wektor.png\",\"width\":1338,\"height\":143,\"caption\":\"EXPARTO\"},\"image\":{\"@id\":\"https:\/\/exparto.pl\/hu\/#\/schema\/logo\/image\/\"},\"sameAs\":[\"https:\/\/www.facebook.com\/exparto.agro\/\"]}]}<\/script>\n<!-- \/ Yoast SEO plugin. -->","yoast_head_json":{"title":"Ko\u0142o 4.00-4 pneumatyczne uniwersalne do taczki w\u00f3zka 400x4 2PR na o\u015b 16 mm - Exparto.pl","robots":{"index":"index","follow":"follow","max-snippet":"max-snippet:-1","max-image-preview":"max-image-preview:large","max-video-preview":"max-video-preview:-1"},"canonical":"https:\/\/exparto.pl\/hu\/produkt\/kolo-4-00-4-pneumatyczne-uniwersalne-do-taczki-wozka-400x4-2pr-na-os-16-mm\/","og_locale":"hu_HU","og_type":"article","og_title":"Ko\u0142o 4.00-4 pneumatyczne uniwersalne do taczki w\u00f3zka 400x4 2PR na o\u015b 16 mm - Exparto.pl","og_description":"Ko\u0142o 4.00-4 pneumatyczne uniwersalne do taczki w\u00f3zka 400x4 2PR na o\u015b 16 mm.","og_url":"https:\/\/exparto.pl\/hu\/produkt\/kolo-4-00-4-pneumatyczne-uniwersalne-do-taczki-wozka-400x4-2pr-na-os-16-mm\/","og_site_name":"Exparto.pl","article_publisher":"https:\/\/www.facebook.com\/exparto.agro\/","article_modified_time":"2026-03-22T22:02:43+00:00","twitter_card":"summary_large_image","schema":{"@context":"https:\/\/schema.org","@graph":[{"@type":"WebPage","@id":"https:\/\/exparto.pl\/hu\/produkt\/kolo-4-00-4-pneumatyczne-uniwersalne-do-taczki-wozka-400x4-2pr-na-os-16-mm\/","url":"https:\/\/exparto.pl\/hu\/produkt\/kolo-4-00-4-pneumatyczne-uniwersalne-do-taczki-wozka-400x4-2pr-na-os-16-mm\/","name":"Ko\u0142o 4.00-4 pneumatyczne uniwersalne do taczki w\u00f3zka 400x4 2PR na o\u015b 16 mm - Exparto.pl","isPartOf":{"@id":"https:\/\/exparto.pl\/hu\/#website"},"primaryImageOfPage":{"@id":"https:\/\/exparto.pl\/hu\/produkt\/kolo-4-00-4-pneumatyczne-uniwersalne-do-taczki-wozka-400x4-2pr-na-os-16-mm\/#primaryimage"},"image":{"@id":"https:\/\/exparto.pl\/hu\/produkt\/kolo-4-00-4-pneumatyczne-uniwersalne-do-taczki-wozka-400x4-2pr-na-os-16-mm\/#primaryimage"},"thumbnailUrl":"https:\/\/exparto.pl\/wp-content\/uploads\/2025\/08\/68248ff7977c4b9b18f45ac786f857d1.jpg","datePublished":"2025-08-13T11:36:24+00:00","dateModified":"2026-03-22T22:02:43+00:00","breadcrumb":{"@id":"https:\/\/exparto.pl\/hu\/produkt\/kolo-4-00-4-pneumatyczne-uniwersalne-do-taczki-wozka-400x4-2pr-na-os-16-mm\/#breadcrumb"},"inLanguage":"hu","potentialAction":[{"@type":"ReadAction","target":["https:\/\/exparto.pl\/hu\/produkt\/kolo-4-00-4-pneumatyczne-uniwersalne-do-taczki-wozka-400x4-2pr-na-os-16-mm\/"]}]},{"@type":"ImageObject","inLanguage":"hu","@id":"https:\/\/exparto.pl\/hu\/produkt\/kolo-4-00-4-pneumatyczne-uniwersalne-do-taczki-wozka-400x4-2pr-na-os-16-mm\/#primaryimage","url":"https:\/\/exparto.pl\/wp-content\/uploads\/2025\/08\/68248ff7977c4b9b18f45ac786f857d1.jpg","contentUrl":"https:\/\/exparto.pl\/wp-content\/uploads\/2025\/08\/68248ff7977c4b9b18f45ac786f857d1.jpg","width":1200,"height":1200},{"@type":"BreadcrumbList","@id":"https:\/\/exparto.pl\/hu\/produkt\/kolo-4-00-4-pneumatyczne-uniwersalne-do-taczki-wozka-400x4-2pr-na-os-16-mm\/#breadcrumb","itemListElement":[{"@type":"ListItem","position":1,"name":"Honlap","item":"https:\/\/exparto.pl\/hu\/"},{"@type":"ListItem","position":2,"name":"Sklep","item":"https:\/\/exparto.pl\/sklep\/"},{"@type":"ListItem","position":3,"name":"Ko\u0142o 4.00-4 pneumatyczne uniwersalne do taczki w\u00f3zka 400&#215;4 2PR na o\u015b 16 mm"}]},{"@type":"WebSite","@id":"https:\/\/exparto.pl\/hu\/#website","url":"https:\/\/exparto.pl\/hu\/","name":"EXPARTO","description":"More than agro parts","publisher":{"@id":"https:\/\/exparto.pl\/hu\/#organization"},"potentialAction":[{"@type":"SearchAction","target":{"@type":"EntryPoint","urlTemplate":"https:\/\/exparto.pl\/hu\/?s={search_term_string}"},"query-input":{"@type":"PropertyValueSpecification","valueRequired":true,"valueName":"search_term_string"}}],"inLanguage":"hu"},{"@type":"Organization","@id":"https:\/\/exparto.pl\/hu\/#organization","name":"EXPARTO","url":"https:\/\/exparto.pl\/hu\/","logo":{"@type":"ImageObject","inLanguage":"hu","@id":"https:\/\/exparto.pl\/hu\/#\/schema\/logo\/image\/","url":"https:\/\/exparto.pl\/wp-content\/uploads\/2023\/02\/logo-wektor.png","contentUrl":"https:\/\/exparto.pl\/wp-content\/uploads\/2023\/02\/logo-wektor.png","width":1338,"height":143,"caption":"EXPARTO"},"image":{"@id":"https:\/\/exparto.pl\/hu\/#\/schema\/logo\/image\/"},"sameAs":["https:\/\/www.facebook.com\/exparto.agro\/"]}]}},"_links":{"self":[{"href":"https:\/\/exparto.pl\/hu\/wp-json\/wp\/v2\/product\/54456","targetHints":{"allow":["GET"]}}],"collection":[{"href":"https:\/\/exparto.pl\/hu\/wp-json\/wp\/v2\/product"}],"about":[{"href":"https:\/\/exparto.pl\/hu\/wp-json\/wp\/v2\/types\/product"}],"replies":[{"embeddable":true,"href":"https:\/\/exparto.pl\/hu\/wp-json\/wp\/v2\/comments?post=54456"}],"wp:featuredmedia":[{"embeddable":true,"href":"https:\/\/exparto.pl\/hu\/wp-json\/wp\/v2\/media\/54436"}],"wp:attachment":[{"href":"https:\/\/exparto.pl\/hu\/wp-json\/wp\/v2\/media?parent=54456"}],"wp:term":[{"taxonomy":"product_brand","embeddable":true,"href":"https:\/\/exparto.pl\/hu\/wp-json\/wp\/v2\/product_brand?post=54456"},{"taxonomy":"product_cat","embeddable":true,"href":"https:\/\/exparto.pl\/hu\/wp-json\/wp\/v2\/product_cat?post=54456"},{"taxonomy":"product_tag","embeddable":true,"href":"https:\/\/exparto.pl\/hu\/wp-json\/wp\/v2\/product_tag?post=54456"}],"curies":[{"name":"wp","href":"https:\/\/api.w.org\/{rel}","templated":true}]}}