{"id":57897,"date":"2025-10-29T15:30:44","date_gmt":"2025-10-29T14:30:44","guid":{"rendered":"https:\/\/exparto.pl\/produkt\/lemiesz-do-pluga-typ-rosyjski-pnc-702-4-trapez-zpl-suwalki-4-s\/"},"modified":"2026-04-09T13:26:46","modified_gmt":"2026-04-09T11:26:46","slug":"lemiesz-do-pluga-typ-rosyjski-pnc-702-4-trapez-zpl-suwalki-4-s","status":"publish","type":"product","link":"https:\/\/exparto.pl\/hu\/produkt\/lemiesz-do-pluga-typ-rosyjski-pnc-702-4-trapez-zpl-suwalki-4-s\/","title":{"rendered":"Lemiesz do p\u0142uga typ rosyjski PNC 702\/4 trapez ZPL Suwa\u0142ki 4\/S"},"content":{"rendered":"<p style=\"text-align: justify\">Lemiesz stali lemieszowej (szyna) produkcji ZPL Suwa\u0142ki.<\/p>\n<p style=\"text-align: justify\"><b>Zastosowanie:\u00a0<\/b><\/p>\n<ul>\n<li style=\"text-align: justify\">Pasuje do p\u0142ug\u00f3w typ rosyjski i pochodne<\/li>\n<\/ul>\n<p style=\"text-align: justify\"><b>Numer katalogowy:<\/b><\/p>\n<ul>\n<li style=\"text-align: justify\">PNC 702\/4 4\/S<\/li>\n<\/ul>\n","protected":false},"excerpt":{"rendered":"<p style=\"text-align: justify\">Lemiesz do p\u0142uga typ rosyjski PNC 702\/4 trapez ZPL Suwa\u0142ki 4\/S.<\/p>\n","protected":false},"featured_media":57882,"comment_status":"open","ping_status":"closed","template":"","meta":{"_acf_changed":false,"inline_featured_image":false},"product_brand":[],"product_cat":[855,860,935],"product_tag":[],"class_list":{"0":"post-57897","1":"product","2":"type-product","3":"status-publish","4":"has-post-thumbnail","6":"product_cat-piese-pentru-plug","7":"product_cat-lame-de-plug","8":"product_cat-lemiesze-prawe","10":"first","11":"instock","12":"taxable","13":"shipping-taxable","14":"purchasable","15":"product-type-simple"},"acf":[],"yoast_head":"<!-- This site is optimized with the Yoast SEO plugin v27.3 - https:\/\/yoast.com\/product\/yoast-seo-wordpress\/ -->\n<title>Lemiesz do p\u0142uga typ rosyjski PNC 702\/4 trapez ZPL Suwa\u0142ki 4\/S - Exparto.pl<\/title>\n<meta name=\"robots\" content=\"index, follow, max-snippet:-1, max-image-preview:large, max-video-preview:-1\" \/>\n<link rel=\"canonical\" href=\"https:\/\/exparto.pl\/hu\/produkt\/lemiesz-do-pluga-typ-rosyjski-pnc-702-4-trapez-zpl-suwalki-4-s\/\" \/>\n<meta property=\"og:locale\" content=\"hu_HU\" \/>\n<meta property=\"og:type\" content=\"article\" \/>\n<meta property=\"og:title\" content=\"Lemiesz do p\u0142uga typ rosyjski PNC 702\/4 trapez ZPL Suwa\u0142ki 4\/S - Exparto.pl\" \/>\n<meta property=\"og:description\" content=\"Lemiesz do p\u0142uga typ rosyjski PNC 702\/4 trapez ZPL Suwa\u0142ki 4\/S.\" \/>\n<meta property=\"og:url\" content=\"https:\/\/exparto.pl\/hu\/produkt\/lemiesz-do-pluga-typ-rosyjski-pnc-702-4-trapez-zpl-suwalki-4-s\/\" \/>\n<meta property=\"og:site_name\" content=\"Exparto.pl\" \/>\n<meta property=\"article:publisher\" content=\"https:\/\/www.facebook.com\/exparto.agro\/\" \/>\n<meta property=\"article:modified_time\" content=\"2026-04-09T11:26:46+00:00\" \/>\n<meta property=\"og:image\" content=\"https:\/\/exparto.pl\/wp-content\/uploads\/2025\/10\/df6a9042988a0e4bcfc3103f5492135e.jpg\" \/>\n\t<meta property=\"og:image:width\" content=\"1200\" \/>\n\t<meta property=\"og:image:height\" content=\"1200\" \/>\n\t<meta property=\"og:image:type\" content=\"image\/jpeg\" \/>\n<meta name=\"twitter:card\" content=\"summary_large_image\" \/>\n<meta name=\"twitter:label1\" content=\"Becs\u00fclt olvas\u00e1si id\u0151\" \/>\n\t<meta name=\"twitter:data1\" content=\"1 perc\" \/>\n<script type=\"application\/ld+json\" class=\"yoast-schema-graph\">{\"@context\":\"https:\\\/\\\/schema.org\",\"@graph\":[{\"@type\":\"WebPage\",\"@id\":\"https:\\\/\\\/exparto.pl\\\/hu\\\/produkt\\\/lemiesz-do-pluga-typ-rosyjski-pnc-702-4-trapez-zpl-suwalki-4-s\\\/\",\"url\":\"https:\\\/\\\/exparto.pl\\\/hu\\\/produkt\\\/lemiesz-do-pluga-typ-rosyjski-pnc-702-4-trapez-zpl-suwalki-4-s\\\/\",\"name\":\"Lemiesz do p\u0142uga typ rosyjski PNC 702\\\/4 trapez ZPL Suwa\u0142ki 4\\\/S - Exparto.pl\",\"isPartOf\":{\"@id\":\"https:\\\/\\\/exparto.pl\\\/hu\\\/#website\"},\"primaryImageOfPage\":{\"@id\":\"https:\\\/\\\/exparto.pl\\\/hu\\\/produkt\\\/lemiesz-do-pluga-typ-rosyjski-pnc-702-4-trapez-zpl-suwalki-4-s\\\/#primaryimage\"},\"image\":{\"@id\":\"https:\\\/\\\/exparto.pl\\\/hu\\\/produkt\\\/lemiesz-do-pluga-typ-rosyjski-pnc-702-4-trapez-zpl-suwalki-4-s\\\/#primaryimage\"},\"thumbnailUrl\":\"https:\\\/\\\/exparto.pl\\\/wp-content\\\/uploads\\\/2025\\\/10\\\/df6a9042988a0e4bcfc3103f5492135e.jpg\",\"datePublished\":\"2025-10-29T14:30:44+00:00\",\"dateModified\":\"2026-04-09T11:26:46+00:00\",\"breadcrumb\":{\"@id\":\"https:\\\/\\\/exparto.pl\\\/hu\\\/produkt\\\/lemiesz-do-pluga-typ-rosyjski-pnc-702-4-trapez-zpl-suwalki-4-s\\\/#breadcrumb\"},\"inLanguage\":\"hu\",\"potentialAction\":[{\"@type\":\"ReadAction\",\"target\":[\"https:\\\/\\\/exparto.pl\\\/hu\\\/produkt\\\/lemiesz-do-pluga-typ-rosyjski-pnc-702-4-trapez-zpl-suwalki-4-s\\\/\"]}]},{\"@type\":\"ImageObject\",\"inLanguage\":\"hu\",\"@id\":\"https:\\\/\\\/exparto.pl\\\/hu\\\/produkt\\\/lemiesz-do-pluga-typ-rosyjski-pnc-702-4-trapez-zpl-suwalki-4-s\\\/#primaryimage\",\"url\":\"https:\\\/\\\/exparto.pl\\\/wp-content\\\/uploads\\\/2025\\\/10\\\/df6a9042988a0e4bcfc3103f5492135e.jpg\",\"contentUrl\":\"https:\\\/\\\/exparto.pl\\\/wp-content\\\/uploads\\\/2025\\\/10\\\/df6a9042988a0e4bcfc3103f5492135e.jpg\",\"width\":1200,\"height\":1200},{\"@type\":\"BreadcrumbList\",\"@id\":\"https:\\\/\\\/exparto.pl\\\/hu\\\/produkt\\\/lemiesz-do-pluga-typ-rosyjski-pnc-702-4-trapez-zpl-suwalki-4-s\\\/#breadcrumb\",\"itemListElement\":[{\"@type\":\"ListItem\",\"position\":1,\"name\":\"Honlap\",\"item\":\"https:\\\/\\\/exparto.pl\\\/hu\\\/\"},{\"@type\":\"ListItem\",\"position\":2,\"name\":\"Sklep\",\"item\":\"https:\\\/\\\/exparto.pl\\\/sklep\\\/\"},{\"@type\":\"ListItem\",\"position\":3,\"name\":\"Asz\u00faalkatr\u00e9szek\",\"item\":\"https:\\\/\\\/exparto.pl\\\/hu\\\/termekkategoria\\\/aszualkatreszek\\\/\"},{\"@type\":\"ListItem\",\"position\":4,\"name\":\"Sz\u00e1nt\u00f3sz\u00e1rnyak\",\"item\":\"https:\\\/\\\/exparto.pl\\\/hu\\\/termekkategoria\\\/aszualkatreszek\\\/szantoszarnyak\\\/\"},{\"@type\":\"ListItem\",\"position\":5,\"name\":\"Lemiesz do p\u0142uga typ rosyjski PNC 702\\\/4 trapez ZPL Suwa\u0142ki 4\\\/S\"}]},{\"@type\":\"WebSite\",\"@id\":\"https:\\\/\\\/exparto.pl\\\/hu\\\/#website\",\"url\":\"https:\\\/\\\/exparto.pl\\\/hu\\\/\",\"name\":\"EXPARTO\",\"description\":\"More than agro parts\",\"publisher\":{\"@id\":\"https:\\\/\\\/exparto.pl\\\/hu\\\/#organization\"},\"potentialAction\":[{\"@type\":\"SearchAction\",\"target\":{\"@type\":\"EntryPoint\",\"urlTemplate\":\"https:\\\/\\\/exparto.pl\\\/hu\\\/?s={search_term_string}\"},\"query-input\":{\"@type\":\"PropertyValueSpecification\",\"valueRequired\":true,\"valueName\":\"search_term_string\"}}],\"inLanguage\":\"hu\"},{\"@type\":\"Organization\",\"@id\":\"https:\\\/\\\/exparto.pl\\\/hu\\\/#organization\",\"name\":\"EXPARTO\",\"url\":\"https:\\\/\\\/exparto.pl\\\/hu\\\/\",\"logo\":{\"@type\":\"ImageObject\",\"inLanguage\":\"hu\",\"@id\":\"https:\\\/\\\/exparto.pl\\\/hu\\\/#\\\/schema\\\/logo\\\/image\\\/\",\"url\":\"https:\\\/\\\/exparto.pl\\\/wp-content\\\/uploads\\\/2023\\\/02\\\/logo-wektor.png\",\"contentUrl\":\"https:\\\/\\\/exparto.pl\\\/wp-content\\\/uploads\\\/2023\\\/02\\\/logo-wektor.png\",\"width\":1338,\"height\":143,\"caption\":\"EXPARTO\"},\"image\":{\"@id\":\"https:\\\/\\\/exparto.pl\\\/hu\\\/#\\\/schema\\\/logo\\\/image\\\/\"},\"sameAs\":[\"https:\\\/\\\/www.facebook.com\\\/exparto.agro\\\/\"]}]}<\/script>\n<!-- \/ Yoast SEO plugin. -->","yoast_head_json":{"title":"Lemiesz do p\u0142uga typ rosyjski PNC 702\/4 trapez ZPL Suwa\u0142ki 4\/S - Exparto.pl","robots":{"index":"index","follow":"follow","max-snippet":"max-snippet:-1","max-image-preview":"max-image-preview:large","max-video-preview":"max-video-preview:-1"},"canonical":"https:\/\/exparto.pl\/hu\/produkt\/lemiesz-do-pluga-typ-rosyjski-pnc-702-4-trapez-zpl-suwalki-4-s\/","og_locale":"hu_HU","og_type":"article","og_title":"Lemiesz do p\u0142uga typ rosyjski PNC 702\/4 trapez ZPL Suwa\u0142ki 4\/S - Exparto.pl","og_description":"Lemiesz do p\u0142uga typ rosyjski PNC 702\/4 trapez ZPL Suwa\u0142ki 4\/S.","og_url":"https:\/\/exparto.pl\/hu\/produkt\/lemiesz-do-pluga-typ-rosyjski-pnc-702-4-trapez-zpl-suwalki-4-s\/","og_site_name":"Exparto.pl","article_publisher":"https:\/\/www.facebook.com\/exparto.agro\/","article_modified_time":"2026-04-09T11:26:46+00:00","og_image":[{"width":1200,"height":1200,"url":"https:\/\/exparto.pl\/wp-content\/uploads\/2025\/10\/df6a9042988a0e4bcfc3103f5492135e.jpg","type":"image\/jpeg"}],"twitter_card":"summary_large_image","twitter_misc":{"Becs\u00fclt olvas\u00e1si id\u0151":"1 perc"},"schema":{"@context":"https:\/\/schema.org","@graph":[{"@type":"WebPage","@id":"https:\/\/exparto.pl\/hu\/produkt\/lemiesz-do-pluga-typ-rosyjski-pnc-702-4-trapez-zpl-suwalki-4-s\/","url":"https:\/\/exparto.pl\/hu\/produkt\/lemiesz-do-pluga-typ-rosyjski-pnc-702-4-trapez-zpl-suwalki-4-s\/","name":"Lemiesz do p\u0142uga typ rosyjski PNC 702\/4 trapez ZPL Suwa\u0142ki 4\/S - Exparto.pl","isPartOf":{"@id":"https:\/\/exparto.pl\/hu\/#website"},"primaryImageOfPage":{"@id":"https:\/\/exparto.pl\/hu\/produkt\/lemiesz-do-pluga-typ-rosyjski-pnc-702-4-trapez-zpl-suwalki-4-s\/#primaryimage"},"image":{"@id":"https:\/\/exparto.pl\/hu\/produkt\/lemiesz-do-pluga-typ-rosyjski-pnc-702-4-trapez-zpl-suwalki-4-s\/#primaryimage"},"thumbnailUrl":"https:\/\/exparto.pl\/wp-content\/uploads\/2025\/10\/df6a9042988a0e4bcfc3103f5492135e.jpg","datePublished":"2025-10-29T14:30:44+00:00","dateModified":"2026-04-09T11:26:46+00:00","breadcrumb":{"@id":"https:\/\/exparto.pl\/hu\/produkt\/lemiesz-do-pluga-typ-rosyjski-pnc-702-4-trapez-zpl-suwalki-4-s\/#breadcrumb"},"inLanguage":"hu","potentialAction":[{"@type":"ReadAction","target":["https:\/\/exparto.pl\/hu\/produkt\/lemiesz-do-pluga-typ-rosyjski-pnc-702-4-trapez-zpl-suwalki-4-s\/"]}]},{"@type":"ImageObject","inLanguage":"hu","@id":"https:\/\/exparto.pl\/hu\/produkt\/lemiesz-do-pluga-typ-rosyjski-pnc-702-4-trapez-zpl-suwalki-4-s\/#primaryimage","url":"https:\/\/exparto.pl\/wp-content\/uploads\/2025\/10\/df6a9042988a0e4bcfc3103f5492135e.jpg","contentUrl":"https:\/\/exparto.pl\/wp-content\/uploads\/2025\/10\/df6a9042988a0e4bcfc3103f5492135e.jpg","width":1200,"height":1200},{"@type":"BreadcrumbList","@id":"https:\/\/exparto.pl\/hu\/produkt\/lemiesz-do-pluga-typ-rosyjski-pnc-702-4-trapez-zpl-suwalki-4-s\/#breadcrumb","itemListElement":[{"@type":"ListItem","position":1,"name":"Honlap","item":"https:\/\/exparto.pl\/hu\/"},{"@type":"ListItem","position":2,"name":"Sklep","item":"https:\/\/exparto.pl\/sklep\/"},{"@type":"ListItem","position":3,"name":"Asz\u00faalkatr\u00e9szek","item":"https:\/\/exparto.pl\/hu\/termekkategoria\/aszualkatreszek\/"},{"@type":"ListItem","position":4,"name":"Sz\u00e1nt\u00f3sz\u00e1rnyak","item":"https:\/\/exparto.pl\/hu\/termekkategoria\/aszualkatreszek\/szantoszarnyak\/"},{"@type":"ListItem","position":5,"name":"Lemiesz do p\u0142uga typ rosyjski PNC 702\/4 trapez ZPL Suwa\u0142ki 4\/S"}]},{"@type":"WebSite","@id":"https:\/\/exparto.pl\/hu\/#website","url":"https:\/\/exparto.pl\/hu\/","name":"EXPARTO","description":"More than agro parts","publisher":{"@id":"https:\/\/exparto.pl\/hu\/#organization"},"potentialAction":[{"@type":"SearchAction","target":{"@type":"EntryPoint","urlTemplate":"https:\/\/exparto.pl\/hu\/?s={search_term_string}"},"query-input":{"@type":"PropertyValueSpecification","valueRequired":true,"valueName":"search_term_string"}}],"inLanguage":"hu"},{"@type":"Organization","@id":"https:\/\/exparto.pl\/hu\/#organization","name":"EXPARTO","url":"https:\/\/exparto.pl\/hu\/","logo":{"@type":"ImageObject","inLanguage":"hu","@id":"https:\/\/exparto.pl\/hu\/#\/schema\/logo\/image\/","url":"https:\/\/exparto.pl\/wp-content\/uploads\/2023\/02\/logo-wektor.png","contentUrl":"https:\/\/exparto.pl\/wp-content\/uploads\/2023\/02\/logo-wektor.png","width":1338,"height":143,"caption":"EXPARTO"},"image":{"@id":"https:\/\/exparto.pl\/hu\/#\/schema\/logo\/image\/"},"sameAs":["https:\/\/www.facebook.com\/exparto.agro\/"]}]}},"_links":{"self":[{"href":"https:\/\/exparto.pl\/hu\/wp-json\/wp\/v2\/product\/57897","targetHints":{"allow":["GET"]}}],"collection":[{"href":"https:\/\/exparto.pl\/hu\/wp-json\/wp\/v2\/product"}],"about":[{"href":"https:\/\/exparto.pl\/hu\/wp-json\/wp\/v2\/types\/product"}],"replies":[{"embeddable":true,"href":"https:\/\/exparto.pl\/hu\/wp-json\/wp\/v2\/comments?post=57897"}],"wp:featuredmedia":[{"embeddable":true,"href":"https:\/\/exparto.pl\/hu\/wp-json\/wp\/v2\/media\/57882"}],"wp:attachment":[{"href":"https:\/\/exparto.pl\/hu\/wp-json\/wp\/v2\/media?parent=57897"}],"wp:term":[{"taxonomy":"product_brand","embeddable":true,"href":"https:\/\/exparto.pl\/hu\/wp-json\/wp\/v2\/product_brand?post=57897"},{"taxonomy":"product_cat","embeddable":true,"href":"https:\/\/exparto.pl\/hu\/wp-json\/wp\/v2\/product_cat?post=57897"},{"taxonomy":"product_tag","embeddable":true,"href":"https:\/\/exparto.pl\/hu\/wp-json\/wp\/v2\/product_tag?post=57897"}],"curies":[{"name":"wp","href":"https:\/\/api.w.org\/{rel}","templated":true}]}}