{"id":59894,"date":"2025-11-17T12:57:36","date_gmt":"2025-11-17T11:57:36","guid":{"rendered":"https:\/\/exparto.pl\/produkt\/licznik-pulpit-sterownika-prasy-lp-02-v1-0-do-prasy-z562-metal-fach-pod-elk-000151\/"},"modified":"2026-01-21T12:45:24","modified_gmt":"2026-01-21T11:45:24","slug":"licznik-pulpit-sterownika-prasy-lp-02-v1-0-do-prasy-z562-metal-fach-pod-elk-000151","status":"publish","type":"product","link":"https:\/\/exparto.pl\/hu\/produkt\/licznik-pulpit-sterownika-prasy-lp-02-v1-0-do-prasy-z562-metal-fach-pod-elk-000151\/","title":{"rendered":"Licznik pulpit sterownika prasy LP-02 V1.0 do prasy Z562 METAL-FACH POD-ELK-000151"},"content":{"rendered":"<p style=\"text-align: justify\">Licznik pulpit sterownika prasy LP-02 V1.0 do prasy Metal-Fach Z562<\/p>\n<p style=\"text-align: justify\"><b>Zastosowanie:\u00a0<\/b><\/p>\n<ul>\n<li style=\"text-align: justify\">Prasa beluj\u0105ca Z-562 MF<\/li>\n<\/ul>\n<p style=\"text-align: justify\"><b>Numer katalogowy:<\/b><\/p>\n<ul>\n<li style=\"text-align: justify\">POD-ELK-000151<\/li>\n<\/ul>\n","protected":false},"excerpt":{"rendered":"<p style=\"text-align: justify\">Licznik pulpit sterownika prasy LP-02 V1.0 do prasy Metal-Fach Z562.<\/p>\n","protected":false},"featured_media":59879,"comment_status":"open","ping_status":"closed","template":"","meta":{"_acf_changed":false,"inline_featured_image":false},"product_brand":[],"product_cat":[785,774],"product_tag":[],"class_list":{"0":"post-59894","1":"product","2":"type-product","3":"status-publish","4":"has-post-thumbnail","6":"product_cat-czesci-do-prasy-rolujacej","7":"product_cat-metal-fach-z-562","9":"first","10":"instock","11":"taxable","12":"shipping-taxable","13":"purchasable","14":"product-type-simple"},"acf":[],"yoast_head":"<!-- This site is optimized with the Yoast SEO plugin v27.3 - https:\/\/yoast.com\/product\/yoast-seo-wordpress\/ -->\n<title>Licznik pulpit sterownika prasy LP-02 V1.0 do prasy Z562 METAL-FACH POD-ELK-000151 - Exparto.pl<\/title>\n<meta name=\"robots\" content=\"index, follow, max-snippet:-1, max-image-preview:large, max-video-preview:-1\" \/>\n<link rel=\"canonical\" href=\"https:\/\/exparto.pl\/hu\/produkt\/licznik-pulpit-sterownika-prasy-lp-02-v1-0-do-prasy-z562-metal-fach-pod-elk-000151\/\" \/>\n<meta property=\"og:locale\" content=\"hu_HU\" \/>\n<meta property=\"og:type\" content=\"article\" \/>\n<meta property=\"og:title\" content=\"Licznik pulpit sterownika prasy LP-02 V1.0 do prasy Z562 METAL-FACH POD-ELK-000151 - Exparto.pl\" \/>\n<meta property=\"og:description\" content=\"Licznik pulpit sterownika prasy LP-02 V1.0 do prasy Metal-Fach Z562.\" \/>\n<meta property=\"og:url\" content=\"https:\/\/exparto.pl\/hu\/produkt\/licznik-pulpit-sterownika-prasy-lp-02-v1-0-do-prasy-z562-metal-fach-pod-elk-000151\/\" \/>\n<meta property=\"og:site_name\" content=\"Exparto.pl\" \/>\n<meta property=\"article:publisher\" content=\"https:\/\/www.facebook.com\/exparto.agro\/\" \/>\n<meta property=\"article:modified_time\" content=\"2026-01-21T11:45:24+00:00\" \/>\n<meta property=\"og:image\" content=\"https:\/\/exparto.pl\/wp-content\/uploads\/2025\/11\/89537fbd810dd9619bb75efa3484d1d4.jpg\" \/>\n\t<meta property=\"og:image:width\" content=\"1200\" \/>\n\t<meta property=\"og:image:height\" content=\"1200\" \/>\n\t<meta property=\"og:image:type\" content=\"image\/jpeg\" \/>\n<meta name=\"twitter:card\" content=\"summary_large_image\" \/>\n<meta name=\"twitter:label1\" content=\"Becs\u00fclt olvas\u00e1si id\u0151\" \/>\n\t<meta name=\"twitter:data1\" content=\"1 perc\" \/>\n<script type=\"application\/ld+json\" class=\"yoast-schema-graph\">{\"@context\":\"https:\\\/\\\/schema.org\",\"@graph\":[{\"@type\":\"WebPage\",\"@id\":\"https:\\\/\\\/exparto.pl\\\/hu\\\/produkt\\\/licznik-pulpit-sterownika-prasy-lp-02-v1-0-do-prasy-z562-metal-fach-pod-elk-000151\\\/\",\"url\":\"https:\\\/\\\/exparto.pl\\\/hu\\\/produkt\\\/licznik-pulpit-sterownika-prasy-lp-02-v1-0-do-prasy-z562-metal-fach-pod-elk-000151\\\/\",\"name\":\"Licznik pulpit sterownika prasy LP-02 V1.0 do prasy Z562 METAL-FACH POD-ELK-000151 - Exparto.pl\",\"isPartOf\":{\"@id\":\"https:\\\/\\\/exparto.pl\\\/hu\\\/#website\"},\"primaryImageOfPage\":{\"@id\":\"https:\\\/\\\/exparto.pl\\\/hu\\\/produkt\\\/licznik-pulpit-sterownika-prasy-lp-02-v1-0-do-prasy-z562-metal-fach-pod-elk-000151\\\/#primaryimage\"},\"image\":{\"@id\":\"https:\\\/\\\/exparto.pl\\\/hu\\\/produkt\\\/licznik-pulpit-sterownika-prasy-lp-02-v1-0-do-prasy-z562-metal-fach-pod-elk-000151\\\/#primaryimage\"},\"thumbnailUrl\":\"https:\\\/\\\/exparto.pl\\\/wp-content\\\/uploads\\\/2025\\\/11\\\/89537fbd810dd9619bb75efa3484d1d4.jpg\",\"datePublished\":\"2025-11-17T11:57:36+00:00\",\"dateModified\":\"2026-01-21T11:45:24+00:00\",\"breadcrumb\":{\"@id\":\"https:\\\/\\\/exparto.pl\\\/hu\\\/produkt\\\/licznik-pulpit-sterownika-prasy-lp-02-v1-0-do-prasy-z562-metal-fach-pod-elk-000151\\\/#breadcrumb\"},\"inLanguage\":\"hu\",\"potentialAction\":[{\"@type\":\"ReadAction\",\"target\":[\"https:\\\/\\\/exparto.pl\\\/hu\\\/produkt\\\/licznik-pulpit-sterownika-prasy-lp-02-v1-0-do-prasy-z562-metal-fach-pod-elk-000151\\\/\"]}]},{\"@type\":\"ImageObject\",\"inLanguage\":\"hu\",\"@id\":\"https:\\\/\\\/exparto.pl\\\/hu\\\/produkt\\\/licznik-pulpit-sterownika-prasy-lp-02-v1-0-do-prasy-z562-metal-fach-pod-elk-000151\\\/#primaryimage\",\"url\":\"https:\\\/\\\/exparto.pl\\\/wp-content\\\/uploads\\\/2025\\\/11\\\/89537fbd810dd9619bb75efa3484d1d4.jpg\",\"contentUrl\":\"https:\\\/\\\/exparto.pl\\\/wp-content\\\/uploads\\\/2025\\\/11\\\/89537fbd810dd9619bb75efa3484d1d4.jpg\",\"width\":1200,\"height\":1200},{\"@type\":\"BreadcrumbList\",\"@id\":\"https:\\\/\\\/exparto.pl\\\/hu\\\/produkt\\\/licznik-pulpit-sterownika-prasy-lp-02-v1-0-do-prasy-z562-metal-fach-pod-elk-000151\\\/#breadcrumb\",\"itemListElement\":[{\"@type\":\"ListItem\",\"position\":1,\"name\":\"Honlap\",\"item\":\"https:\\\/\\\/exparto.pl\\\/hu\\\/\"},{\"@type\":\"ListItem\",\"position\":2,\"name\":\"Sklep\",\"item\":\"https:\\\/\\\/exparto.pl\\\/sklep\\\/\"},{\"@type\":\"ListItem\",\"position\":3,\"name\":\"Alkatr\u00e9szek k\u00f6rb\u00e1l\u00e1z\u00f3khoz\",\"item\":\"https:\\\/\\\/exparto.pl\\\/hu\\\/termekkategoria\\\/alkatreszek-korbalazokhoz\\\/\"},{\"@type\":\"ListItem\",\"position\":4,\"name\":\"Alkatr\u00e9szek METAL FACH Z-562 b\u00e1l\u00e1z\u00f3hoz\",\"item\":\"https:\\\/\\\/exparto.pl\\\/hu\\\/termekkategoria\\\/alkatreszek-korbalazokhoz\\\/alkatreszek-metal-fach-z-562-balazohoz\\\/\"},{\"@type\":\"ListItem\",\"position\":5,\"name\":\"Licznik pulpit sterownika prasy LP-02 V1.0 do prasy Z562 METAL-FACH POD-ELK-000151\"}]},{\"@type\":\"WebSite\",\"@id\":\"https:\\\/\\\/exparto.pl\\\/hu\\\/#website\",\"url\":\"https:\\\/\\\/exparto.pl\\\/hu\\\/\",\"name\":\"EXPARTO\",\"description\":\"More than agro parts\",\"publisher\":{\"@id\":\"https:\\\/\\\/exparto.pl\\\/hu\\\/#organization\"},\"potentialAction\":[{\"@type\":\"SearchAction\",\"target\":{\"@type\":\"EntryPoint\",\"urlTemplate\":\"https:\\\/\\\/exparto.pl\\\/hu\\\/?s={search_term_string}\"},\"query-input\":{\"@type\":\"PropertyValueSpecification\",\"valueRequired\":true,\"valueName\":\"search_term_string\"}}],\"inLanguage\":\"hu\"},{\"@type\":\"Organization\",\"@id\":\"https:\\\/\\\/exparto.pl\\\/hu\\\/#organization\",\"name\":\"EXPARTO\",\"url\":\"https:\\\/\\\/exparto.pl\\\/hu\\\/\",\"logo\":{\"@type\":\"ImageObject\",\"inLanguage\":\"hu\",\"@id\":\"https:\\\/\\\/exparto.pl\\\/hu\\\/#\\\/schema\\\/logo\\\/image\\\/\",\"url\":\"https:\\\/\\\/exparto.pl\\\/wp-content\\\/uploads\\\/2023\\\/02\\\/logo-wektor.png\",\"contentUrl\":\"https:\\\/\\\/exparto.pl\\\/wp-content\\\/uploads\\\/2023\\\/02\\\/logo-wektor.png\",\"width\":1338,\"height\":143,\"caption\":\"EXPARTO\"},\"image\":{\"@id\":\"https:\\\/\\\/exparto.pl\\\/hu\\\/#\\\/schema\\\/logo\\\/image\\\/\"},\"sameAs\":[\"https:\\\/\\\/www.facebook.com\\\/exparto.agro\\\/\"]}]}<\/script>\n<!-- \/ Yoast SEO plugin. -->","yoast_head_json":{"title":"Licznik pulpit sterownika prasy LP-02 V1.0 do prasy Z562 METAL-FACH POD-ELK-000151 - Exparto.pl","robots":{"index":"index","follow":"follow","max-snippet":"max-snippet:-1","max-image-preview":"max-image-preview:large","max-video-preview":"max-video-preview:-1"},"canonical":"https:\/\/exparto.pl\/hu\/produkt\/licznik-pulpit-sterownika-prasy-lp-02-v1-0-do-prasy-z562-metal-fach-pod-elk-000151\/","og_locale":"hu_HU","og_type":"article","og_title":"Licznik pulpit sterownika prasy LP-02 V1.0 do prasy Z562 METAL-FACH POD-ELK-000151 - Exparto.pl","og_description":"Licznik pulpit sterownika prasy LP-02 V1.0 do prasy Metal-Fach Z562.","og_url":"https:\/\/exparto.pl\/hu\/produkt\/licznik-pulpit-sterownika-prasy-lp-02-v1-0-do-prasy-z562-metal-fach-pod-elk-000151\/","og_site_name":"Exparto.pl","article_publisher":"https:\/\/www.facebook.com\/exparto.agro\/","article_modified_time":"2026-01-21T11:45:24+00:00","og_image":[{"width":1200,"height":1200,"url":"https:\/\/exparto.pl\/wp-content\/uploads\/2025\/11\/89537fbd810dd9619bb75efa3484d1d4.jpg","type":"image\/jpeg"}],"twitter_card":"summary_large_image","twitter_misc":{"Becs\u00fclt olvas\u00e1si id\u0151":"1 perc"},"schema":{"@context":"https:\/\/schema.org","@graph":[{"@type":"WebPage","@id":"https:\/\/exparto.pl\/hu\/produkt\/licznik-pulpit-sterownika-prasy-lp-02-v1-0-do-prasy-z562-metal-fach-pod-elk-000151\/","url":"https:\/\/exparto.pl\/hu\/produkt\/licznik-pulpit-sterownika-prasy-lp-02-v1-0-do-prasy-z562-metal-fach-pod-elk-000151\/","name":"Licznik pulpit sterownika prasy LP-02 V1.0 do prasy Z562 METAL-FACH POD-ELK-000151 - Exparto.pl","isPartOf":{"@id":"https:\/\/exparto.pl\/hu\/#website"},"primaryImageOfPage":{"@id":"https:\/\/exparto.pl\/hu\/produkt\/licznik-pulpit-sterownika-prasy-lp-02-v1-0-do-prasy-z562-metal-fach-pod-elk-000151\/#primaryimage"},"image":{"@id":"https:\/\/exparto.pl\/hu\/produkt\/licznik-pulpit-sterownika-prasy-lp-02-v1-0-do-prasy-z562-metal-fach-pod-elk-000151\/#primaryimage"},"thumbnailUrl":"https:\/\/exparto.pl\/wp-content\/uploads\/2025\/11\/89537fbd810dd9619bb75efa3484d1d4.jpg","datePublished":"2025-11-17T11:57:36+00:00","dateModified":"2026-01-21T11:45:24+00:00","breadcrumb":{"@id":"https:\/\/exparto.pl\/hu\/produkt\/licznik-pulpit-sterownika-prasy-lp-02-v1-0-do-prasy-z562-metal-fach-pod-elk-000151\/#breadcrumb"},"inLanguage":"hu","potentialAction":[{"@type":"ReadAction","target":["https:\/\/exparto.pl\/hu\/produkt\/licznik-pulpit-sterownika-prasy-lp-02-v1-0-do-prasy-z562-metal-fach-pod-elk-000151\/"]}]},{"@type":"ImageObject","inLanguage":"hu","@id":"https:\/\/exparto.pl\/hu\/produkt\/licznik-pulpit-sterownika-prasy-lp-02-v1-0-do-prasy-z562-metal-fach-pod-elk-000151\/#primaryimage","url":"https:\/\/exparto.pl\/wp-content\/uploads\/2025\/11\/89537fbd810dd9619bb75efa3484d1d4.jpg","contentUrl":"https:\/\/exparto.pl\/wp-content\/uploads\/2025\/11\/89537fbd810dd9619bb75efa3484d1d4.jpg","width":1200,"height":1200},{"@type":"BreadcrumbList","@id":"https:\/\/exparto.pl\/hu\/produkt\/licznik-pulpit-sterownika-prasy-lp-02-v1-0-do-prasy-z562-metal-fach-pod-elk-000151\/#breadcrumb","itemListElement":[{"@type":"ListItem","position":1,"name":"Honlap","item":"https:\/\/exparto.pl\/hu\/"},{"@type":"ListItem","position":2,"name":"Sklep","item":"https:\/\/exparto.pl\/sklep\/"},{"@type":"ListItem","position":3,"name":"Alkatr\u00e9szek k\u00f6rb\u00e1l\u00e1z\u00f3khoz","item":"https:\/\/exparto.pl\/hu\/termekkategoria\/alkatreszek-korbalazokhoz\/"},{"@type":"ListItem","position":4,"name":"Alkatr\u00e9szek METAL FACH Z-562 b\u00e1l\u00e1z\u00f3hoz","item":"https:\/\/exparto.pl\/hu\/termekkategoria\/alkatreszek-korbalazokhoz\/alkatreszek-metal-fach-z-562-balazohoz\/"},{"@type":"ListItem","position":5,"name":"Licznik pulpit sterownika prasy LP-02 V1.0 do prasy Z562 METAL-FACH POD-ELK-000151"}]},{"@type":"WebSite","@id":"https:\/\/exparto.pl\/hu\/#website","url":"https:\/\/exparto.pl\/hu\/","name":"EXPARTO","description":"More than agro parts","publisher":{"@id":"https:\/\/exparto.pl\/hu\/#organization"},"potentialAction":[{"@type":"SearchAction","target":{"@type":"EntryPoint","urlTemplate":"https:\/\/exparto.pl\/hu\/?s={search_term_string}"},"query-input":{"@type":"PropertyValueSpecification","valueRequired":true,"valueName":"search_term_string"}}],"inLanguage":"hu"},{"@type":"Organization","@id":"https:\/\/exparto.pl\/hu\/#organization","name":"EXPARTO","url":"https:\/\/exparto.pl\/hu\/","logo":{"@type":"ImageObject","inLanguage":"hu","@id":"https:\/\/exparto.pl\/hu\/#\/schema\/logo\/image\/","url":"https:\/\/exparto.pl\/wp-content\/uploads\/2023\/02\/logo-wektor.png","contentUrl":"https:\/\/exparto.pl\/wp-content\/uploads\/2023\/02\/logo-wektor.png","width":1338,"height":143,"caption":"EXPARTO"},"image":{"@id":"https:\/\/exparto.pl\/hu\/#\/schema\/logo\/image\/"},"sameAs":["https:\/\/www.facebook.com\/exparto.agro\/"]}]}},"_links":{"self":[{"href":"https:\/\/exparto.pl\/hu\/wp-json\/wp\/v2\/product\/59894","targetHints":{"allow":["GET"]}}],"collection":[{"href":"https:\/\/exparto.pl\/hu\/wp-json\/wp\/v2\/product"}],"about":[{"href":"https:\/\/exparto.pl\/hu\/wp-json\/wp\/v2\/types\/product"}],"replies":[{"embeddable":true,"href":"https:\/\/exparto.pl\/hu\/wp-json\/wp\/v2\/comments?post=59894"}],"wp:featuredmedia":[{"embeddable":true,"href":"https:\/\/exparto.pl\/hu\/wp-json\/wp\/v2\/media\/59879"}],"wp:attachment":[{"href":"https:\/\/exparto.pl\/hu\/wp-json\/wp\/v2\/media?parent=59894"}],"wp:term":[{"taxonomy":"product_brand","embeddable":true,"href":"https:\/\/exparto.pl\/hu\/wp-json\/wp\/v2\/product_brand?post=59894"},{"taxonomy":"product_cat","embeddable":true,"href":"https:\/\/exparto.pl\/hu\/wp-json\/wp\/v2\/product_cat?post=59894"},{"taxonomy":"product_tag","embeddable":true,"href":"https:\/\/exparto.pl\/hu\/wp-json\/wp\/v2\/product_tag?post=59894"}],"curies":[{"name":"wp","href":"https:\/\/api.w.org\/{rel}","templated":true}]}}