{"id":62521,"date":"2026-02-06T14:55:54","date_gmt":"2026-02-06T13:55:54","guid":{"rendered":"https:\/\/exparto.pl\/produkt\/sworzen-zaczepu-z-lancuszkiem-i-zawleczka-25x175-teger\/"},"modified":"2026-03-30T13:49:47","modified_gmt":"2026-03-30T11:49:47","slug":"sworzen-zaczepu-z-lancuszkiem-i-zawleczka-25x175-teger","status":"publish","type":"product","link":"https:\/\/exparto.pl\/hu\/produkt\/sworzen-zaczepu-z-lancuszkiem-i-zawleczka-25x175-teger\/","title":{"rendered":"Sworze\u0144 zaczepu z \u0142a\u0144cuszkiem i zawleczk\u0105 25&#215;175\u00a0TEGER"},"content":{"rendered":"<section class=\"section\">\n<div class=\"item item-12\">\n<section class=\"text-item\">\n<p style=\"text-align: justify\"><b>Sworze\u0144 zaczepu z \u0142a\u0144cuszkiem i zawleczk\u0105 25&#215;175 marki TEGER <\/b>to solidny element mocuj\u0105cy przeznaczony do zastosowa\u0144 w maszynach rolniczych oraz konstrukcjach pracuj\u0105cych pod obci\u0105\u017ceniem. Wyposa\u017cony w wygi\u0119ty uchwyt u\u0142atwiaj\u0105cy obs\u0142ug\u0119 oraz praktyczny \u0142a\u0144cuszek zabezpieczaj\u0105cy zawleczk\u0119 przed zgubieniem podczas pracy.<\/p>\n<p style=\"text-align: justify\">Trwa\u0142e oznakowanie oraz obr\u00f3bka cieplna zapewniaj\u0105 zwi\u0119kszon\u0105 twardo\u015b\u0107 i wysok\u0105 powtarzalno\u015b\u0107 wykonania. Sworze\u0144 sprawdza si\u0119 jako element zaczepowy i zabezpieczaj\u0105cy w uk\u0142adach wymagaj\u0105cych szybkiego monta\u017cu i pewnego po\u0142\u0105czenia.<\/p>\n<p style=\"text-align: justify\"><b>Numery por\u00f3wnawcze::\u00a0<\/b><\/p>\n<ul>\n<li style=\"text-align: justify\">T \u2013 SZWU25175<\/li>\n<\/ul>\n<\/section>\n<\/div>\n<\/section>\n","protected":false},"excerpt":{"rendered":"<section class=\"section\">\n<div class=\"item item-12\">\n<section class=\"text-item\">\n<p style=\"text-align: justify\">Sworze\u0144 zaczepu z wygi\u0119tym uchwytem \u0142a\u0144cuszkiem i zawleczk\u0105 25&#215;175 marki TEGER<\/p>\n<\/section>\n<\/div>\n<\/section>\n","protected":false},"featured_media":62506,"comment_status":"open","ping_status":"closed","template":"","meta":{"_acf_changed":false,"inline_featured_image":false},"product_brand":[],"product_cat":[908,55],"product_tag":[1016],"class_list":{"0":"post-62521","1":"product","2":"type-product","3":"status-publish","4":"has-post-thumbnail","6":"product_cat-sworznie","7":"product_cat-trojpunktowy-uklad-zawieszenia","8":"product_tag-feed-do-przerobienia","10":"first","11":"instock","12":"taxable","13":"shipping-taxable","14":"purchasable","15":"product-type-simple"},"acf":[],"yoast_head":"<!-- This site is optimized with the Yoast SEO plugin v27.3 - https:\/\/yoast.com\/product\/yoast-seo-wordpress\/ -->\n<title>Sworze\u0144 zaczepu z \u0142a\u0144cuszkiem i zawleczk\u0105 25x175\u00a0TEGER - Exparto.pl<\/title>\n<meta name=\"robots\" content=\"index, follow, max-snippet:-1, max-image-preview:large, max-video-preview:-1\" \/>\n<link rel=\"canonical\" href=\"https:\/\/exparto.pl\/hu\/produkt\/sworzen-zaczepu-z-lancuszkiem-i-zawleczka-25x175-teger\/\" \/>\n<meta property=\"og:locale\" content=\"hu_HU\" \/>\n<meta property=\"og:type\" content=\"article\" \/>\n<meta property=\"og:title\" content=\"Sworze\u0144 zaczepu z \u0142a\u0144cuszkiem i zawleczk\u0105 25x175\u00a0TEGER - Exparto.pl\" \/>\n<meta property=\"og:description\" content=\"Sworze\u0144 zaczepu z wygi\u0119tym uchwytem \u0142a\u0144cuszkiem i zawleczk\u0105 25x175 marki TEGER\" \/>\n<meta property=\"og:url\" content=\"https:\/\/exparto.pl\/hu\/produkt\/sworzen-zaczepu-z-lancuszkiem-i-zawleczka-25x175-teger\/\" \/>\n<meta property=\"og:site_name\" content=\"Exparto.pl\" \/>\n<meta property=\"article:publisher\" content=\"https:\/\/www.facebook.com\/exparto.agro\/\" \/>\n<meta property=\"article:modified_time\" content=\"2026-03-30T11:49:47+00:00\" \/>\n<meta property=\"og:image\" content=\"https:\/\/exparto.pl\/wp-content\/uploads\/2026\/02\/e39df61bf122d40093a4059b0bb927ab.jpg\" \/>\n\t<meta property=\"og:image:width\" content=\"1200\" \/>\n\t<meta property=\"og:image:height\" content=\"1200\" \/>\n\t<meta property=\"og:image:type\" content=\"image\/jpeg\" \/>\n<meta name=\"twitter:card\" content=\"summary_large_image\" \/>\n<meta name=\"twitter:label1\" content=\"Becs\u00fclt olvas\u00e1si id\u0151\" \/>\n\t<meta name=\"twitter:data1\" content=\"1 perc\" \/>\n<script type=\"application\/ld+json\" class=\"yoast-schema-graph\">{\"@context\":\"https:\\\/\\\/schema.org\",\"@graph\":[{\"@type\":\"WebPage\",\"@id\":\"https:\\\/\\\/exparto.pl\\\/hu\\\/produkt\\\/sworzen-zaczepu-z-lancuszkiem-i-zawleczka-25x175-teger\\\/\",\"url\":\"https:\\\/\\\/exparto.pl\\\/hu\\\/produkt\\\/sworzen-zaczepu-z-lancuszkiem-i-zawleczka-25x175-teger\\\/\",\"name\":\"Sworze\u0144 zaczepu z \u0142a\u0144cuszkiem i zawleczk\u0105 25x175\u00a0TEGER - Exparto.pl\",\"isPartOf\":{\"@id\":\"https:\\\/\\\/exparto.pl\\\/hu\\\/#website\"},\"primaryImageOfPage\":{\"@id\":\"https:\\\/\\\/exparto.pl\\\/hu\\\/produkt\\\/sworzen-zaczepu-z-lancuszkiem-i-zawleczka-25x175-teger\\\/#primaryimage\"},\"image\":{\"@id\":\"https:\\\/\\\/exparto.pl\\\/hu\\\/produkt\\\/sworzen-zaczepu-z-lancuszkiem-i-zawleczka-25x175-teger\\\/#primaryimage\"},\"thumbnailUrl\":\"https:\\\/\\\/exparto.pl\\\/wp-content\\\/uploads\\\/2026\\\/02\\\/e39df61bf122d40093a4059b0bb927ab.jpg\",\"datePublished\":\"2026-02-06T13:55:54+00:00\",\"dateModified\":\"2026-03-30T11:49:47+00:00\",\"breadcrumb\":{\"@id\":\"https:\\\/\\\/exparto.pl\\\/hu\\\/produkt\\\/sworzen-zaczepu-z-lancuszkiem-i-zawleczka-25x175-teger\\\/#breadcrumb\"},\"inLanguage\":\"hu\",\"potentialAction\":[{\"@type\":\"ReadAction\",\"target\":[\"https:\\\/\\\/exparto.pl\\\/hu\\\/produkt\\\/sworzen-zaczepu-z-lancuszkiem-i-zawleczka-25x175-teger\\\/\"]}]},{\"@type\":\"ImageObject\",\"inLanguage\":\"hu\",\"@id\":\"https:\\\/\\\/exparto.pl\\\/hu\\\/produkt\\\/sworzen-zaczepu-z-lancuszkiem-i-zawleczka-25x175-teger\\\/#primaryimage\",\"url\":\"https:\\\/\\\/exparto.pl\\\/wp-content\\\/uploads\\\/2026\\\/02\\\/e39df61bf122d40093a4059b0bb927ab.jpg\",\"contentUrl\":\"https:\\\/\\\/exparto.pl\\\/wp-content\\\/uploads\\\/2026\\\/02\\\/e39df61bf122d40093a4059b0bb927ab.jpg\",\"width\":1200,\"height\":1200,\"caption\":\"ae654b9b3f1a9d62e47cbc8e573fb6a0\"},{\"@type\":\"BreadcrumbList\",\"@id\":\"https:\\\/\\\/exparto.pl\\\/hu\\\/produkt\\\/sworzen-zaczepu-z-lancuszkiem-i-zawleczka-25x175-teger\\\/#breadcrumb\",\"itemListElement\":[{\"@type\":\"ListItem\",\"position\":1,\"name\":\"Honlap\",\"item\":\"https:\\\/\\\/exparto.pl\\\/hu\\\/\"},{\"@type\":\"ListItem\",\"position\":2,\"name\":\"Sklep\",\"item\":\"https:\\\/\\\/exparto.pl\\\/sklep\\\/\"},{\"@type\":\"ListItem\",\"position\":3,\"name\":\"H\u00e1rompontos felf\u00fcggeszt\u00e9si rendszer\",\"item\":\"https:\\\/\\\/exparto.pl\\\/hu\\\/termekkategoria\\\/harompontos-felfuggesztesi-rendszer\\\/\"},{\"@type\":\"ListItem\",\"position\":4,\"name\":\"Sworznie\",\"item\":\"https:\\\/\\\/exparto.pl\\\/kategoria-produktu\\\/trojpunktowy-uklad-zawieszenia\\\/sworznie\\\/\"},{\"@type\":\"ListItem\",\"position\":5,\"name\":\"Sworze\u0144 zaczepu z \u0142a\u0144cuszkiem i zawleczk\u0105 25&#215;175\u00a0TEGER\"}]},{\"@type\":\"WebSite\",\"@id\":\"https:\\\/\\\/exparto.pl\\\/hu\\\/#website\",\"url\":\"https:\\\/\\\/exparto.pl\\\/hu\\\/\",\"name\":\"EXPARTO\",\"description\":\"More than agro parts\",\"publisher\":{\"@id\":\"https:\\\/\\\/exparto.pl\\\/hu\\\/#organization\"},\"potentialAction\":[{\"@type\":\"SearchAction\",\"target\":{\"@type\":\"EntryPoint\",\"urlTemplate\":\"https:\\\/\\\/exparto.pl\\\/hu\\\/?s={search_term_string}\"},\"query-input\":{\"@type\":\"PropertyValueSpecification\",\"valueRequired\":true,\"valueName\":\"search_term_string\"}}],\"inLanguage\":\"hu\"},{\"@type\":\"Organization\",\"@id\":\"https:\\\/\\\/exparto.pl\\\/hu\\\/#organization\",\"name\":\"EXPARTO\",\"url\":\"https:\\\/\\\/exparto.pl\\\/hu\\\/\",\"logo\":{\"@type\":\"ImageObject\",\"inLanguage\":\"hu\",\"@id\":\"https:\\\/\\\/exparto.pl\\\/hu\\\/#\\\/schema\\\/logo\\\/image\\\/\",\"url\":\"https:\\\/\\\/exparto.pl\\\/wp-content\\\/uploads\\\/2023\\\/02\\\/logo-wektor.png\",\"contentUrl\":\"https:\\\/\\\/exparto.pl\\\/wp-content\\\/uploads\\\/2023\\\/02\\\/logo-wektor.png\",\"width\":1338,\"height\":143,\"caption\":\"EXPARTO\"},\"image\":{\"@id\":\"https:\\\/\\\/exparto.pl\\\/hu\\\/#\\\/schema\\\/logo\\\/image\\\/\"},\"sameAs\":[\"https:\\\/\\\/www.facebook.com\\\/exparto.agro\\\/\"]}]}<\/script>\n<!-- \/ Yoast SEO plugin. -->","yoast_head_json":{"title":"Sworze\u0144 zaczepu z \u0142a\u0144cuszkiem i zawleczk\u0105 25x175\u00a0TEGER - Exparto.pl","robots":{"index":"index","follow":"follow","max-snippet":"max-snippet:-1","max-image-preview":"max-image-preview:large","max-video-preview":"max-video-preview:-1"},"canonical":"https:\/\/exparto.pl\/hu\/produkt\/sworzen-zaczepu-z-lancuszkiem-i-zawleczka-25x175-teger\/","og_locale":"hu_HU","og_type":"article","og_title":"Sworze\u0144 zaczepu z \u0142a\u0144cuszkiem i zawleczk\u0105 25x175\u00a0TEGER - Exparto.pl","og_description":"Sworze\u0144 zaczepu z wygi\u0119tym uchwytem \u0142a\u0144cuszkiem i zawleczk\u0105 25x175 marki TEGER","og_url":"https:\/\/exparto.pl\/hu\/produkt\/sworzen-zaczepu-z-lancuszkiem-i-zawleczka-25x175-teger\/","og_site_name":"Exparto.pl","article_publisher":"https:\/\/www.facebook.com\/exparto.agro\/","article_modified_time":"2026-03-30T11:49:47+00:00","og_image":[{"width":1200,"height":1200,"url":"https:\/\/exparto.pl\/wp-content\/uploads\/2026\/02\/e39df61bf122d40093a4059b0bb927ab.jpg","type":"image\/jpeg"}],"twitter_card":"summary_large_image","twitter_misc":{"Becs\u00fclt olvas\u00e1si id\u0151":"1 perc"},"schema":{"@context":"https:\/\/schema.org","@graph":[{"@type":"WebPage","@id":"https:\/\/exparto.pl\/hu\/produkt\/sworzen-zaczepu-z-lancuszkiem-i-zawleczka-25x175-teger\/","url":"https:\/\/exparto.pl\/hu\/produkt\/sworzen-zaczepu-z-lancuszkiem-i-zawleczka-25x175-teger\/","name":"Sworze\u0144 zaczepu z \u0142a\u0144cuszkiem i zawleczk\u0105 25x175\u00a0TEGER - Exparto.pl","isPartOf":{"@id":"https:\/\/exparto.pl\/hu\/#website"},"primaryImageOfPage":{"@id":"https:\/\/exparto.pl\/hu\/produkt\/sworzen-zaczepu-z-lancuszkiem-i-zawleczka-25x175-teger\/#primaryimage"},"image":{"@id":"https:\/\/exparto.pl\/hu\/produkt\/sworzen-zaczepu-z-lancuszkiem-i-zawleczka-25x175-teger\/#primaryimage"},"thumbnailUrl":"https:\/\/exparto.pl\/wp-content\/uploads\/2026\/02\/e39df61bf122d40093a4059b0bb927ab.jpg","datePublished":"2026-02-06T13:55:54+00:00","dateModified":"2026-03-30T11:49:47+00:00","breadcrumb":{"@id":"https:\/\/exparto.pl\/hu\/produkt\/sworzen-zaczepu-z-lancuszkiem-i-zawleczka-25x175-teger\/#breadcrumb"},"inLanguage":"hu","potentialAction":[{"@type":"ReadAction","target":["https:\/\/exparto.pl\/hu\/produkt\/sworzen-zaczepu-z-lancuszkiem-i-zawleczka-25x175-teger\/"]}]},{"@type":"ImageObject","inLanguage":"hu","@id":"https:\/\/exparto.pl\/hu\/produkt\/sworzen-zaczepu-z-lancuszkiem-i-zawleczka-25x175-teger\/#primaryimage","url":"https:\/\/exparto.pl\/wp-content\/uploads\/2026\/02\/e39df61bf122d40093a4059b0bb927ab.jpg","contentUrl":"https:\/\/exparto.pl\/wp-content\/uploads\/2026\/02\/e39df61bf122d40093a4059b0bb927ab.jpg","width":1200,"height":1200,"caption":"ae654b9b3f1a9d62e47cbc8e573fb6a0"},{"@type":"BreadcrumbList","@id":"https:\/\/exparto.pl\/hu\/produkt\/sworzen-zaczepu-z-lancuszkiem-i-zawleczka-25x175-teger\/#breadcrumb","itemListElement":[{"@type":"ListItem","position":1,"name":"Honlap","item":"https:\/\/exparto.pl\/hu\/"},{"@type":"ListItem","position":2,"name":"Sklep","item":"https:\/\/exparto.pl\/sklep\/"},{"@type":"ListItem","position":3,"name":"H\u00e1rompontos felf\u00fcggeszt\u00e9si rendszer","item":"https:\/\/exparto.pl\/hu\/termekkategoria\/harompontos-felfuggesztesi-rendszer\/"},{"@type":"ListItem","position":4,"name":"Sworznie","item":"https:\/\/exparto.pl\/kategoria-produktu\/trojpunktowy-uklad-zawieszenia\/sworznie\/"},{"@type":"ListItem","position":5,"name":"Sworze\u0144 zaczepu z \u0142a\u0144cuszkiem i zawleczk\u0105 25&#215;175\u00a0TEGER"}]},{"@type":"WebSite","@id":"https:\/\/exparto.pl\/hu\/#website","url":"https:\/\/exparto.pl\/hu\/","name":"EXPARTO","description":"More than agro parts","publisher":{"@id":"https:\/\/exparto.pl\/hu\/#organization"},"potentialAction":[{"@type":"SearchAction","target":{"@type":"EntryPoint","urlTemplate":"https:\/\/exparto.pl\/hu\/?s={search_term_string}"},"query-input":{"@type":"PropertyValueSpecification","valueRequired":true,"valueName":"search_term_string"}}],"inLanguage":"hu"},{"@type":"Organization","@id":"https:\/\/exparto.pl\/hu\/#organization","name":"EXPARTO","url":"https:\/\/exparto.pl\/hu\/","logo":{"@type":"ImageObject","inLanguage":"hu","@id":"https:\/\/exparto.pl\/hu\/#\/schema\/logo\/image\/","url":"https:\/\/exparto.pl\/wp-content\/uploads\/2023\/02\/logo-wektor.png","contentUrl":"https:\/\/exparto.pl\/wp-content\/uploads\/2023\/02\/logo-wektor.png","width":1338,"height":143,"caption":"EXPARTO"},"image":{"@id":"https:\/\/exparto.pl\/hu\/#\/schema\/logo\/image\/"},"sameAs":["https:\/\/www.facebook.com\/exparto.agro\/"]}]}},"_links":{"self":[{"href":"https:\/\/exparto.pl\/hu\/wp-json\/wp\/v2\/product\/62521","targetHints":{"allow":["GET"]}}],"collection":[{"href":"https:\/\/exparto.pl\/hu\/wp-json\/wp\/v2\/product"}],"about":[{"href":"https:\/\/exparto.pl\/hu\/wp-json\/wp\/v2\/types\/product"}],"replies":[{"embeddable":true,"href":"https:\/\/exparto.pl\/hu\/wp-json\/wp\/v2\/comments?post=62521"}],"wp:featuredmedia":[{"embeddable":true,"href":"https:\/\/exparto.pl\/hu\/wp-json\/wp\/v2\/media\/62506"}],"wp:attachment":[{"href":"https:\/\/exparto.pl\/hu\/wp-json\/wp\/v2\/media?parent=62521"}],"wp:term":[{"taxonomy":"product_brand","embeddable":true,"href":"https:\/\/exparto.pl\/hu\/wp-json\/wp\/v2\/product_brand?post=62521"},{"taxonomy":"product_cat","embeddable":true,"href":"https:\/\/exparto.pl\/hu\/wp-json\/wp\/v2\/product_cat?post=62521"},{"taxonomy":"product_tag","embeddable":true,"href":"https:\/\/exparto.pl\/hu\/wp-json\/wp\/v2\/product_tag?post=62521"}],"curies":[{"name":"wp","href":"https:\/\/api.w.org\/{rel}","templated":true}]}}