{"id":64130,"date":"2026-04-13T14:05:43","date_gmt":"2026-04-13T12:05:43","guid":{"rendered":"https:\/\/exparto.pl\/produkt\/lemiesz-boczny-lewy-agregatu-podorywkowego-unia-cross-stal-borowa-au-2364-agro-interstar\/"},"modified":"2026-04-13T15:07:51","modified_gmt":"2026-04-13T13:07:51","slug":"lemiesz-boczny-lewy-agregatu-podorywkowego-unia-cross-stal-borowa-au-2364-agro-interstar","status":"publish","type":"product","link":"https:\/\/exparto.pl\/hu\/produkt\/lemiesz-boczny-lewy-agregatu-podorywkowego-unia-cross-stal-borowa-au-2364-agro-interstar\/","title":{"rendered":"Lemiesz boczny lewy agregatu podorywkowego UNIA CROSS stal borowa AU\/2364 Agro-interstar"},"content":{"rendered":"<p style=\"text-align: justify\">Oferowany przez EXPARTO lemiesz boczny (lewy) agregatu podorywkowego s\u0142u\u017cy do podcinania warstwy ziemi oraz resztek ro\u015blinnych, co pozwala skutecznie przygotowa\u0107 pole pod zasiew. <strong>Ten solidny element roboczy pochodzi od polskiego producenta Agro-Interstar, co gwarantuje wysok\u0105 precyzj\u0119 wykonania.<\/strong> Zapraszamy do zapoznania si\u0119 z ofert\u0105 tego podzespo\u0142u, kt\u00f3ry pomo\u017ce Ci sprawnie przygotowa\u0107 pole.<\/p>\n<h2><span style=\"font-weight: 400\">Podcinacz lewy &#8211; lemiesz boczny do agregatu \u015bcierniskowego, UNIA CROSS<\/span><\/h2>\n<p style=\"text-align: justify\">Prezentowany lemiesz lewy \u015bci\u015ble wsp\u00f3\u0142pracuje z cz\u0119\u015bci\u0105, jak\u0105 jest redlica, tworz\u0105c wsp\u00f3lnie z\u0105b agregatu, kt\u00f3ry w maszynie odpowiada za sprawne mieszanie resztek po\u017cniwnych z gleb\u0105. <b>Dzi\u0119ki zastosowaniu trudno\u015bcieralnej stali borowej oraz zoptymalizowaniu k\u0105ta natarcia, agregat uprawowy stawia mniejszy op\u00f3r podczas pracy, co pozwala zaoszcz\u0119dzi\u0107 paliwo i chroni wilgo\u0107 w roli.<\/b> To bardzo trwa\u0142y produkt, wi\u0119c Tw\u00f3j agregat poradzi sobie nawet z trudn\u0105, zasuszon\u0105 ziemi\u0105, nie trac\u0105c przy tym agresji ci\u0119cia.<\/p>\n<p style=\"text-align: justify\">Wybieraj\u0105c ten lemiesz agregatu podorywkowego, zyskujesz element, kt\u00f3ry dzi\u0119ki dok\u0142adnym wymiarom zamontujesz szybko i bez zb\u0119dnych luz\u00f3w. Warto pami\u0119ta\u0107, \u017ce regularna kontrola element\u00f3w \u015bcieralnych to najlepszy spos\u00f3b, aby Tw\u00f3j agregat UNIA CROSS pracowa\u0142 efektywnie. <strong>W naszej ofercie posiadamy r\u00f3wnie\u017c pozosta\u0142e cz\u0119\u015bci do agregatu uprawowego, dzi\u0119ki czemu w jednym miejscu skompletujesz zestaw potrzebny do serwisu swojej maszyny.<\/strong><\/p>\n<p style=\"text-align: justify\"><strong>Zastosowanie:<\/strong><\/p>\n<ul>\n<li style=\"font-weight: 400\">agregat podorywkowy UNIA typ Cross, CX, Agrisem<\/li>\n<\/ul>\n<p style=\"text-align: justify\"><strong>Numer katalogowy:<\/strong><\/p>\n<ul>\n<li>AU\/2364<\/li>\n<li style=\"font-weight: 400\">2160203010<\/li>\n<li>2160\/20-301\/0<\/li>\n<li>K-2160203010<\/li>\n<\/ul>\n","protected":false},"excerpt":{"rendered":"<p><span style=\"text-align: justify\">Dzi\u0119ki zastosowaniu wytrzyma\u0142ej stali borowej oraz zoptymalizowaniu k\u0105ta natarcia w lemieszu, agregat uprawowy stawia mniejszy op\u00f3r podczas pracy, co pozwala zaoszcz\u0119dzi\u0107 paliwo, a\u00a0<\/span>agregat poradzi sobie nawet z trudn\u0105, zasuszon\u0105 ziemi\u0105.<\/p>\n","protected":false},"featured_media":64110,"comment_status":"open","ping_status":"closed","template":"","meta":{"_acf_changed":false,"inline_featured_image":false},"product_brand":[1043],"product_cat":[773],"product_tag":[1044],"class_list":{"0":"post-64130","1":"product","2":"type-product","3":"status-publish","4":"has-post-thumbnail","6":"product_brand-agro-interstar","7":"product_cat-czesci-do-agregatu-scierniskowego","8":"product_tag-uzupelnic","10":"first","11":"instock","12":"taxable","13":"shipping-taxable","14":"purchasable","15":"product-type-simple"},"acf":[],"yoast_head":"<!-- This site is optimized with the Yoast SEO plugin v27.3 - https:\/\/yoast.com\/product\/yoast-seo-wordpress\/ -->\n<title>Lemiesz boczny lewy agregatu podorywkowego UNIA CROSS stal borowa AU\/2364 Agro-interstar - Exparto.pl<\/title>\n<meta name=\"robots\" content=\"index, follow, max-snippet:-1, max-image-preview:large, max-video-preview:-1\" \/>\n<link rel=\"canonical\" href=\"https:\/\/exparto.pl\/hu\/produkt\/lemiesz-boczny-lewy-agregatu-podorywkowego-unia-cross-stal-borowa-au-2364-agro-interstar\/\" \/>\n<meta property=\"og:locale\" content=\"hu_HU\" \/>\n<meta property=\"og:type\" content=\"article\" \/>\n<meta property=\"og:title\" content=\"Lemiesz boczny lewy agregatu podorywkowego UNIA CROSS stal borowa AU\/2364 Agro-interstar - Exparto.pl\" \/>\n<meta property=\"og:description\" content=\"Dzi\u0119ki zastosowaniu wytrzyma\u0142ej stali borowej oraz zoptymalizowaniu k\u0105ta natarcia w lemieszu, agregat uprawowy stawia mniejszy op\u00f3r podczas pracy, co pozwala zaoszcz\u0119dzi\u0107 paliwo, a\u00a0agregat poradzi sobie nawet z trudn\u0105, zasuszon\u0105 ziemi\u0105.\" \/>\n<meta property=\"og:url\" content=\"https:\/\/exparto.pl\/hu\/produkt\/lemiesz-boczny-lewy-agregatu-podorywkowego-unia-cross-stal-borowa-au-2364-agro-interstar\/\" \/>\n<meta property=\"og:site_name\" content=\"Exparto.pl\" \/>\n<meta property=\"article:publisher\" content=\"https:\/\/www.facebook.com\/exparto.agro\/\" \/>\n<meta property=\"article:modified_time\" content=\"2026-04-13T13:07:51+00:00\" \/>\n<meta property=\"og:image\" content=\"https:\/\/exparto.pl\/wp-content\/uploads\/2026\/04\/55fd353497d421ae9f5a9a6dbbb36995.jpg\" \/>\n\t<meta property=\"og:image:width\" content=\"1200\" \/>\n\t<meta property=\"og:image:height\" content=\"1200\" \/>\n\t<meta property=\"og:image:type\" content=\"image\/jpeg\" \/>\n<meta name=\"twitter:card\" content=\"summary_large_image\" \/>\n<meta name=\"twitter:label1\" content=\"Becs\u00fclt olvas\u00e1si id\u0151\" \/>\n\t<meta name=\"twitter:data1\" content=\"2 perc\" \/>\n<script type=\"application\/ld+json\" class=\"yoast-schema-graph\">{\"@context\":\"https:\\\/\\\/schema.org\",\"@graph\":[{\"@type\":\"WebPage\",\"@id\":\"https:\\\/\\\/exparto.pl\\\/hu\\\/produkt\\\/lemiesz-boczny-lewy-agregatu-podorywkowego-unia-cross-stal-borowa-au-2364-agro-interstar\\\/\",\"url\":\"https:\\\/\\\/exparto.pl\\\/hu\\\/produkt\\\/lemiesz-boczny-lewy-agregatu-podorywkowego-unia-cross-stal-borowa-au-2364-agro-interstar\\\/\",\"name\":\"Lemiesz boczny lewy agregatu podorywkowego UNIA CROSS stal borowa AU\\\/2364 Agro-interstar - Exparto.pl\",\"isPartOf\":{\"@id\":\"https:\\\/\\\/exparto.pl\\\/hu\\\/#website\"},\"primaryImageOfPage\":{\"@id\":\"https:\\\/\\\/exparto.pl\\\/hu\\\/produkt\\\/lemiesz-boczny-lewy-agregatu-podorywkowego-unia-cross-stal-borowa-au-2364-agro-interstar\\\/#primaryimage\"},\"image\":{\"@id\":\"https:\\\/\\\/exparto.pl\\\/hu\\\/produkt\\\/lemiesz-boczny-lewy-agregatu-podorywkowego-unia-cross-stal-borowa-au-2364-agro-interstar\\\/#primaryimage\"},\"thumbnailUrl\":\"https:\\\/\\\/exparto.pl\\\/wp-content\\\/uploads\\\/2026\\\/04\\\/55fd353497d421ae9f5a9a6dbbb36995.jpg\",\"datePublished\":\"2026-04-13T12:05:43+00:00\",\"dateModified\":\"2026-04-13T13:07:51+00:00\",\"breadcrumb\":{\"@id\":\"https:\\\/\\\/exparto.pl\\\/hu\\\/produkt\\\/lemiesz-boczny-lewy-agregatu-podorywkowego-unia-cross-stal-borowa-au-2364-agro-interstar\\\/#breadcrumb\"},\"inLanguage\":\"hu\",\"potentialAction\":[{\"@type\":\"ReadAction\",\"target\":[\"https:\\\/\\\/exparto.pl\\\/hu\\\/produkt\\\/lemiesz-boczny-lewy-agregatu-podorywkowego-unia-cross-stal-borowa-au-2364-agro-interstar\\\/\"]}]},{\"@type\":\"ImageObject\",\"inLanguage\":\"hu\",\"@id\":\"https:\\\/\\\/exparto.pl\\\/hu\\\/produkt\\\/lemiesz-boczny-lewy-agregatu-podorywkowego-unia-cross-stal-borowa-au-2364-agro-interstar\\\/#primaryimage\",\"url\":\"https:\\\/\\\/exparto.pl\\\/wp-content\\\/uploads\\\/2026\\\/04\\\/55fd353497d421ae9f5a9a6dbbb36995.jpg\",\"contentUrl\":\"https:\\\/\\\/exparto.pl\\\/wp-content\\\/uploads\\\/2026\\\/04\\\/55fd353497d421ae9f5a9a6dbbb36995.jpg\",\"width\":1200,\"height\":1200,\"caption\":\"ff16e865724ca52cd7fba53466866776\"},{\"@type\":\"BreadcrumbList\",\"@id\":\"https:\\\/\\\/exparto.pl\\\/hu\\\/produkt\\\/lemiesz-boczny-lewy-agregatu-podorywkowego-unia-cross-stal-borowa-au-2364-agro-interstar\\\/#breadcrumb\",\"itemListElement\":[{\"@type\":\"ListItem\",\"position\":1,\"name\":\"Honlap\",\"item\":\"https:\\\/\\\/exparto.pl\\\/hu\\\/\"},{\"@type\":\"ListItem\",\"position\":2,\"name\":\"Sklep\",\"item\":\"https:\\\/\\\/exparto.pl\\\/sklep\\\/\"},{\"@type\":\"ListItem\",\"position\":3,\"name\":\"Alkatr\u00e9szek a kasz\u00e1l\u00f3egys\u00e9ghez\",\"item\":\"https:\\\/\\\/exparto.pl\\\/hu\\\/termekkategoria\\\/alkatreszek-a-kaszaloegyseghez\\\/\"},{\"@type\":\"ListItem\",\"position\":4,\"name\":\"Lemiesz boczny lewy agregatu podorywkowego UNIA CROSS stal borowa AU\\\/2364 Agro-interstar\"}]},{\"@type\":\"WebSite\",\"@id\":\"https:\\\/\\\/exparto.pl\\\/hu\\\/#website\",\"url\":\"https:\\\/\\\/exparto.pl\\\/hu\\\/\",\"name\":\"EXPARTO\",\"description\":\"More than agro parts\",\"publisher\":{\"@id\":\"https:\\\/\\\/exparto.pl\\\/hu\\\/#organization\"},\"potentialAction\":[{\"@type\":\"SearchAction\",\"target\":{\"@type\":\"EntryPoint\",\"urlTemplate\":\"https:\\\/\\\/exparto.pl\\\/hu\\\/?s={search_term_string}\"},\"query-input\":{\"@type\":\"PropertyValueSpecification\",\"valueRequired\":true,\"valueName\":\"search_term_string\"}}],\"inLanguage\":\"hu\"},{\"@type\":\"Organization\",\"@id\":\"https:\\\/\\\/exparto.pl\\\/hu\\\/#organization\",\"name\":\"EXPARTO\",\"url\":\"https:\\\/\\\/exparto.pl\\\/hu\\\/\",\"logo\":{\"@type\":\"ImageObject\",\"inLanguage\":\"hu\",\"@id\":\"https:\\\/\\\/exparto.pl\\\/hu\\\/#\\\/schema\\\/logo\\\/image\\\/\",\"url\":\"https:\\\/\\\/exparto.pl\\\/wp-content\\\/uploads\\\/2023\\\/02\\\/logo-wektor.png\",\"contentUrl\":\"https:\\\/\\\/exparto.pl\\\/wp-content\\\/uploads\\\/2023\\\/02\\\/logo-wektor.png\",\"width\":1338,\"height\":143,\"caption\":\"EXPARTO\"},\"image\":{\"@id\":\"https:\\\/\\\/exparto.pl\\\/hu\\\/#\\\/schema\\\/logo\\\/image\\\/\"},\"sameAs\":[\"https:\\\/\\\/www.facebook.com\\\/exparto.agro\\\/\"]}]}<\/script>\n<!-- \/ Yoast SEO plugin. -->","yoast_head_json":{"title":"Lemiesz boczny lewy agregatu podorywkowego UNIA CROSS stal borowa AU\/2364 Agro-interstar - Exparto.pl","robots":{"index":"index","follow":"follow","max-snippet":"max-snippet:-1","max-image-preview":"max-image-preview:large","max-video-preview":"max-video-preview:-1"},"canonical":"https:\/\/exparto.pl\/hu\/produkt\/lemiesz-boczny-lewy-agregatu-podorywkowego-unia-cross-stal-borowa-au-2364-agro-interstar\/","og_locale":"hu_HU","og_type":"article","og_title":"Lemiesz boczny lewy agregatu podorywkowego UNIA CROSS stal borowa AU\/2364 Agro-interstar - Exparto.pl","og_description":"Dzi\u0119ki zastosowaniu wytrzyma\u0142ej stali borowej oraz zoptymalizowaniu k\u0105ta natarcia w lemieszu, agregat uprawowy stawia mniejszy op\u00f3r podczas pracy, co pozwala zaoszcz\u0119dzi\u0107 paliwo, a\u00a0agregat poradzi sobie nawet z trudn\u0105, zasuszon\u0105 ziemi\u0105.","og_url":"https:\/\/exparto.pl\/hu\/produkt\/lemiesz-boczny-lewy-agregatu-podorywkowego-unia-cross-stal-borowa-au-2364-agro-interstar\/","og_site_name":"Exparto.pl","article_publisher":"https:\/\/www.facebook.com\/exparto.agro\/","article_modified_time":"2026-04-13T13:07:51+00:00","og_image":[{"width":1200,"height":1200,"url":"https:\/\/exparto.pl\/wp-content\/uploads\/2026\/04\/55fd353497d421ae9f5a9a6dbbb36995.jpg","type":"image\/jpeg"}],"twitter_card":"summary_large_image","twitter_misc":{"Becs\u00fclt olvas\u00e1si id\u0151":"2 perc"},"schema":{"@context":"https:\/\/schema.org","@graph":[{"@type":"WebPage","@id":"https:\/\/exparto.pl\/hu\/produkt\/lemiesz-boczny-lewy-agregatu-podorywkowego-unia-cross-stal-borowa-au-2364-agro-interstar\/","url":"https:\/\/exparto.pl\/hu\/produkt\/lemiesz-boczny-lewy-agregatu-podorywkowego-unia-cross-stal-borowa-au-2364-agro-interstar\/","name":"Lemiesz boczny lewy agregatu podorywkowego UNIA CROSS stal borowa AU\/2364 Agro-interstar - Exparto.pl","isPartOf":{"@id":"https:\/\/exparto.pl\/hu\/#website"},"primaryImageOfPage":{"@id":"https:\/\/exparto.pl\/hu\/produkt\/lemiesz-boczny-lewy-agregatu-podorywkowego-unia-cross-stal-borowa-au-2364-agro-interstar\/#primaryimage"},"image":{"@id":"https:\/\/exparto.pl\/hu\/produkt\/lemiesz-boczny-lewy-agregatu-podorywkowego-unia-cross-stal-borowa-au-2364-agro-interstar\/#primaryimage"},"thumbnailUrl":"https:\/\/exparto.pl\/wp-content\/uploads\/2026\/04\/55fd353497d421ae9f5a9a6dbbb36995.jpg","datePublished":"2026-04-13T12:05:43+00:00","dateModified":"2026-04-13T13:07:51+00:00","breadcrumb":{"@id":"https:\/\/exparto.pl\/hu\/produkt\/lemiesz-boczny-lewy-agregatu-podorywkowego-unia-cross-stal-borowa-au-2364-agro-interstar\/#breadcrumb"},"inLanguage":"hu","potentialAction":[{"@type":"ReadAction","target":["https:\/\/exparto.pl\/hu\/produkt\/lemiesz-boczny-lewy-agregatu-podorywkowego-unia-cross-stal-borowa-au-2364-agro-interstar\/"]}]},{"@type":"ImageObject","inLanguage":"hu","@id":"https:\/\/exparto.pl\/hu\/produkt\/lemiesz-boczny-lewy-agregatu-podorywkowego-unia-cross-stal-borowa-au-2364-agro-interstar\/#primaryimage","url":"https:\/\/exparto.pl\/wp-content\/uploads\/2026\/04\/55fd353497d421ae9f5a9a6dbbb36995.jpg","contentUrl":"https:\/\/exparto.pl\/wp-content\/uploads\/2026\/04\/55fd353497d421ae9f5a9a6dbbb36995.jpg","width":1200,"height":1200,"caption":"ff16e865724ca52cd7fba53466866776"},{"@type":"BreadcrumbList","@id":"https:\/\/exparto.pl\/hu\/produkt\/lemiesz-boczny-lewy-agregatu-podorywkowego-unia-cross-stal-borowa-au-2364-agro-interstar\/#breadcrumb","itemListElement":[{"@type":"ListItem","position":1,"name":"Honlap","item":"https:\/\/exparto.pl\/hu\/"},{"@type":"ListItem","position":2,"name":"Sklep","item":"https:\/\/exparto.pl\/sklep\/"},{"@type":"ListItem","position":3,"name":"Alkatr\u00e9szek a kasz\u00e1l\u00f3egys\u00e9ghez","item":"https:\/\/exparto.pl\/hu\/termekkategoria\/alkatreszek-a-kaszaloegyseghez\/"},{"@type":"ListItem","position":4,"name":"Lemiesz boczny lewy agregatu podorywkowego UNIA CROSS stal borowa AU\/2364 Agro-interstar"}]},{"@type":"WebSite","@id":"https:\/\/exparto.pl\/hu\/#website","url":"https:\/\/exparto.pl\/hu\/","name":"EXPARTO","description":"More than agro parts","publisher":{"@id":"https:\/\/exparto.pl\/hu\/#organization"},"potentialAction":[{"@type":"SearchAction","target":{"@type":"EntryPoint","urlTemplate":"https:\/\/exparto.pl\/hu\/?s={search_term_string}"},"query-input":{"@type":"PropertyValueSpecification","valueRequired":true,"valueName":"search_term_string"}}],"inLanguage":"hu"},{"@type":"Organization","@id":"https:\/\/exparto.pl\/hu\/#organization","name":"EXPARTO","url":"https:\/\/exparto.pl\/hu\/","logo":{"@type":"ImageObject","inLanguage":"hu","@id":"https:\/\/exparto.pl\/hu\/#\/schema\/logo\/image\/","url":"https:\/\/exparto.pl\/wp-content\/uploads\/2023\/02\/logo-wektor.png","contentUrl":"https:\/\/exparto.pl\/wp-content\/uploads\/2023\/02\/logo-wektor.png","width":1338,"height":143,"caption":"EXPARTO"},"image":{"@id":"https:\/\/exparto.pl\/hu\/#\/schema\/logo\/image\/"},"sameAs":["https:\/\/www.facebook.com\/exparto.agro\/"]}]}},"_links":{"self":[{"href":"https:\/\/exparto.pl\/hu\/wp-json\/wp\/v2\/product\/64130","targetHints":{"allow":["GET"]}}],"collection":[{"href":"https:\/\/exparto.pl\/hu\/wp-json\/wp\/v2\/product"}],"about":[{"href":"https:\/\/exparto.pl\/hu\/wp-json\/wp\/v2\/types\/product"}],"replies":[{"embeddable":true,"href":"https:\/\/exparto.pl\/hu\/wp-json\/wp\/v2\/comments?post=64130"}],"wp:featuredmedia":[{"embeddable":true,"href":"https:\/\/exparto.pl\/hu\/wp-json\/wp\/v2\/media\/64110"}],"wp:attachment":[{"href":"https:\/\/exparto.pl\/hu\/wp-json\/wp\/v2\/media?parent=64130"}],"wp:term":[{"taxonomy":"product_brand","embeddable":true,"href":"https:\/\/exparto.pl\/hu\/wp-json\/wp\/v2\/product_brand?post=64130"},{"taxonomy":"product_cat","embeddable":true,"href":"https:\/\/exparto.pl\/hu\/wp-json\/wp\/v2\/product_cat?post=64130"},{"taxonomy":"product_tag","embeddable":true,"href":"https:\/\/exparto.pl\/hu\/wp-json\/wp\/v2\/product_tag?post=64130"}],"curies":[{"name":"wp","href":"https:\/\/api.w.org\/{rel}","templated":true}]}}