{"id":64254,"date":"2026-04-14T11:39:45","date_gmt":"2026-04-14T09:39:45","guid":{"rendered":"https:\/\/exparto.pl\/produkt\/dziob-glebosza-unia-kret-redlica-dziob-redlicy-skrecany-napawany-ze-stali-borowej-143530200-agro-interstar\/"},"modified":"2026-04-14T12:38:17","modified_gmt":"2026-04-14T10:38:17","slug":"dziob-glebosza-unia-kret-redlica-dziob-redlicy-skrecany-napawany-ze-stali-borowej-143530200-agro-interstar","status":"publish","type":"product","link":"https:\/\/exparto.pl\/hu\/produkt\/dziob-glebosza-unia-kret-redlica-dziob-redlicy-skrecany-napawany-ze-stali-borowej-143530200-agro-interstar\/","title":{"rendered":"D\u0142uto g\u0142\u0119bosza UNIA KRET redlica dzi\u00f3b redlicy skr\u0119cany napawany ze stali borowej 143530200 Agro-Interstar"},"content":{"rendered":"<p style=\"text-align: justify\">Skuteczny g\u0142\u0119bosz wymaga zastosowania solidnych element\u00f3w roboczych, dlatego oferowane przez nas d\u0142uto g\u0142\u0119bosza skr\u0119canego to sprawdzony wyb\u00f3r do Twojej maszyny. Ten podzesp\u00f3\u0142 polskiego producenta Agro-Interstar jest wykonany z wytrzyma\u0142ej stali borowej trudno\u015bcieralnej. <strong>Dzi\u00f3b redlicy zosta\u0142 dodatkowo napawany na skrzyd\u0142ach, co znacz\u0105co zwi\u0119ksza wytrzyma\u0142o\u015b\u0107 elementu w kontakcie z tward\u0105 gleb\u0105.<\/strong> Zapraszamy do zakupu cz\u0119\u015bci, kt\u00f3ra pomo\u017ce Ci przygotowa\u0107 pole do siewu.<\/p>\n<h2><span style=\"font-weight: 400\">D\u0142uto g\u0142\u0119bosza \u2013 redlica, dzi\u00f3b redlicy, g\u0142\u0119bosz UNIA KRET<\/span><\/h2>\n<p style=\"text-align: justify\">Podstawowym zadaniem, jakie realizuje z\u0105b g\u0142\u0119bosza, na kt\u00f3rym jest zamontowana redlica, jest g\u0142\u0119bokie spulchnianie ziemi, co pozwala skutecznie rozbi\u0107 zbit\u0105 ziemi\u0119 i poprawi\u0107 przepuszczalno\u015b\u0107 gleby. <strong>Unikaln\u0105 cech\u0105 tego modelu jest wymienne d\u0142uto napawane obustronnie, co pozwala na znacznie d\u0142u\u017csz\u0105 prac\u0119 bez konieczno\u015bci wymiany ca\u0142ej redlicy.<\/strong> Pami\u0119taj, \u017ce napawanie cz\u0119\u015bci roboczych to ogromna oszcz\u0119dno\u015b\u0107, poniewa\u017c znacznie wyd\u0142u\u017ca czas pracy elementu, ograniczaj\u0105c konieczno\u015b\u0107 cz\u0119stych wymian.<\/p>\n<p style=\"text-align: justify\">Wybieraj\u0105c ten napawany dzi\u00f3b redlicy, inwestujesz w cz\u0119\u015b\u0107 o podwy\u017cszonej trwa\u0142o\u015bci, kt\u00f3ra przejmuje na siebie najwi\u0119ksze si\u0142y tarcia i chroni pozosta\u0142e cz\u0119\u015bci do g\u0142\u0119bosza przed uszkodzeniem. <strong>Zach\u0119camy do zakupu oraz sprawdzenia kategorii, w kt\u00f3rej dost\u0119pne s\u0105 inne cz\u0119\u015bci do agregat\u00f3w, dzi\u0119ki kt\u00f3rym kompleksowo przygotujesz sw\u00f3j sprz\u0119t do wymagaj\u0105cego sezonu.<\/strong><\/p>\n<p style=\"text-align: justify\"><strong>Zastosowanie:<\/strong><\/p>\n<ul>\n<li style=\"text-align: justify\">g\u0142\u0119bosz UNIA KRET<\/li>\n<\/ul>\n<p style=\"text-align: justify\"><strong>Numer katalogowy:<\/strong><\/p>\n<ul>\n<li style=\"text-align: justify\">143530200<\/li>\n<li style=\"text-align: justify\">1435\/03-020\/0<\/li>\n<li style=\"text-align: justify\">1435\/30-200\/0<\/li>\n<li>K-143530200<\/li>\n<li>K-1435302000<\/li>\n<li>K-1435302001SN<\/li>\n<li>K-1435302000N<\/li>\n<\/ul>\n","protected":false},"excerpt":{"rendered":"<p>Unikaln\u0105 cech\u0105 tego modelu jest wymienne d\u0142uto napawane obustronnie. Dzi\u00f3b redlicy zosta\u0142 dodatkowo napawany na skrzyd\u0142ach, co znacz\u0105co zwi\u0119ksza wytrzyma\u0142o\u015b\u0107 elementu w kontakcie z tward\u0105 gleb\u0105.<\/p>\n","protected":false},"featured_media":64229,"comment_status":"open","ping_status":"closed","template":"","meta":{"_acf_changed":false,"inline_featured_image":false},"product_brand":[1043],"product_cat":[773],"product_tag":[1044],"class_list":{"0":"post-64254","1":"product","2":"type-product","3":"status-publish","4":"has-post-thumbnail","6":"product_brand-agro-interstar","7":"product_cat-czesci-do-agregatu-scierniskowego","8":"product_tag-uzupelnic","10":"first","11":"instock","12":"taxable","13":"shipping-taxable","14":"purchasable","15":"product-type-simple"},"acf":[],"yoast_head":"<!-- This site is optimized with the Yoast SEO plugin v27.3 - https:\/\/yoast.com\/product\/yoast-seo-wordpress\/ -->\n<title>D\u0142uto g\u0142\u0119bosza UNIA KRET redlica dzi\u00f3b redlicy skr\u0119cany napawany ze stali borowej 143530200 Agro-Interstar - Exparto.pl<\/title>\n<meta name=\"robots\" content=\"index, follow, max-snippet:-1, max-image-preview:large, max-video-preview:-1\" \/>\n<link rel=\"canonical\" href=\"https:\/\/exparto.pl\/hu\/produkt\/dziob-glebosza-unia-kret-redlica-dziob-redlicy-skrecany-napawany-ze-stali-borowej-143530200-agro-interstar\/\" \/>\n<meta property=\"og:locale\" content=\"hu_HU\" \/>\n<meta property=\"og:type\" content=\"article\" \/>\n<meta property=\"og:title\" content=\"D\u0142uto g\u0142\u0119bosza UNIA KRET redlica dzi\u00f3b redlicy skr\u0119cany napawany ze stali borowej 143530200 Agro-Interstar - Exparto.pl\" \/>\n<meta property=\"og:description\" content=\"Unikaln\u0105 cech\u0105 tego modelu jest wymienne d\u0142uto napawane obustronnie. Dzi\u00f3b redlicy zosta\u0142 dodatkowo napawany na skrzyd\u0142ach, co znacz\u0105co zwi\u0119ksza wytrzyma\u0142o\u015b\u0107 elementu w kontakcie z tward\u0105 gleb\u0105.\" \/>\n<meta property=\"og:url\" content=\"https:\/\/exparto.pl\/hu\/produkt\/dziob-glebosza-unia-kret-redlica-dziob-redlicy-skrecany-napawany-ze-stali-borowej-143530200-agro-interstar\/\" \/>\n<meta property=\"og:site_name\" content=\"Exparto.pl\" \/>\n<meta property=\"article:publisher\" content=\"https:\/\/www.facebook.com\/exparto.agro\/\" \/>\n<meta property=\"article:modified_time\" content=\"2026-04-14T10:38:17+00:00\" \/>\n<meta property=\"og:image\" content=\"https:\/\/exparto.pl\/wp-content\/uploads\/2026\/04\/aa3947ca498ab7e679017cc3981c9a6b.jpg\" \/>\n\t<meta property=\"og:image:width\" content=\"1200\" \/>\n\t<meta property=\"og:image:height\" content=\"1200\" \/>\n\t<meta property=\"og:image:type\" content=\"image\/jpeg\" \/>\n<meta name=\"twitter:card\" content=\"summary_large_image\" \/>\n<meta name=\"twitter:label1\" content=\"Becs\u00fclt olvas\u00e1si id\u0151\" \/>\n\t<meta name=\"twitter:data1\" content=\"2 perc\" \/>\n<script type=\"application\/ld+json\" class=\"yoast-schema-graph\">{\"@context\":\"https:\\\/\\\/schema.org\",\"@graph\":[{\"@type\":\"WebPage\",\"@id\":\"https:\\\/\\\/exparto.pl\\\/hu\\\/produkt\\\/dziob-glebosza-unia-kret-redlica-dziob-redlicy-skrecany-napawany-ze-stali-borowej-143530200-agro-interstar\\\/\",\"url\":\"https:\\\/\\\/exparto.pl\\\/hu\\\/produkt\\\/dziob-glebosza-unia-kret-redlica-dziob-redlicy-skrecany-napawany-ze-stali-borowej-143530200-agro-interstar\\\/\",\"name\":\"D\u0142uto g\u0142\u0119bosza UNIA KRET redlica dzi\u00f3b redlicy skr\u0119cany napawany ze stali borowej 143530200 Agro-Interstar - Exparto.pl\",\"isPartOf\":{\"@id\":\"https:\\\/\\\/exparto.pl\\\/hu\\\/#website\"},\"primaryImageOfPage\":{\"@id\":\"https:\\\/\\\/exparto.pl\\\/hu\\\/produkt\\\/dziob-glebosza-unia-kret-redlica-dziob-redlicy-skrecany-napawany-ze-stali-borowej-143530200-agro-interstar\\\/#primaryimage\"},\"image\":{\"@id\":\"https:\\\/\\\/exparto.pl\\\/hu\\\/produkt\\\/dziob-glebosza-unia-kret-redlica-dziob-redlicy-skrecany-napawany-ze-stali-borowej-143530200-agro-interstar\\\/#primaryimage\"},\"thumbnailUrl\":\"https:\\\/\\\/exparto.pl\\\/wp-content\\\/uploads\\\/2026\\\/04\\\/aa3947ca498ab7e679017cc3981c9a6b.jpg\",\"datePublished\":\"2026-04-14T09:39:45+00:00\",\"dateModified\":\"2026-04-14T10:38:17+00:00\",\"breadcrumb\":{\"@id\":\"https:\\\/\\\/exparto.pl\\\/hu\\\/produkt\\\/dziob-glebosza-unia-kret-redlica-dziob-redlicy-skrecany-napawany-ze-stali-borowej-143530200-agro-interstar\\\/#breadcrumb\"},\"inLanguage\":\"hu\",\"potentialAction\":[{\"@type\":\"ReadAction\",\"target\":[\"https:\\\/\\\/exparto.pl\\\/hu\\\/produkt\\\/dziob-glebosza-unia-kret-redlica-dziob-redlicy-skrecany-napawany-ze-stali-borowej-143530200-agro-interstar\\\/\"]}]},{\"@type\":\"ImageObject\",\"inLanguage\":\"hu\",\"@id\":\"https:\\\/\\\/exparto.pl\\\/hu\\\/produkt\\\/dziob-glebosza-unia-kret-redlica-dziob-redlicy-skrecany-napawany-ze-stali-borowej-143530200-agro-interstar\\\/#primaryimage\",\"url\":\"https:\\\/\\\/exparto.pl\\\/wp-content\\\/uploads\\\/2026\\\/04\\\/aa3947ca498ab7e679017cc3981c9a6b.jpg\",\"contentUrl\":\"https:\\\/\\\/exparto.pl\\\/wp-content\\\/uploads\\\/2026\\\/04\\\/aa3947ca498ab7e679017cc3981c9a6b.jpg\",\"width\":1200,\"height\":1200,\"caption\":\"21b398d5a2a8becc968ad3d1336d6b21\"},{\"@type\":\"BreadcrumbList\",\"@id\":\"https:\\\/\\\/exparto.pl\\\/hu\\\/produkt\\\/dziob-glebosza-unia-kret-redlica-dziob-redlicy-skrecany-napawany-ze-stali-borowej-143530200-agro-interstar\\\/#breadcrumb\",\"itemListElement\":[{\"@type\":\"ListItem\",\"position\":1,\"name\":\"Honlap\",\"item\":\"https:\\\/\\\/exparto.pl\\\/hu\\\/\"},{\"@type\":\"ListItem\",\"position\":2,\"name\":\"Sklep\",\"item\":\"https:\\\/\\\/exparto.pl\\\/sklep\\\/\"},{\"@type\":\"ListItem\",\"position\":3,\"name\":\"Alkatr\u00e9szek a kasz\u00e1l\u00f3egys\u00e9ghez\",\"item\":\"https:\\\/\\\/exparto.pl\\\/hu\\\/termekkategoria\\\/alkatreszek-a-kaszaloegyseghez\\\/\"},{\"@type\":\"ListItem\",\"position\":4,\"name\":\"D\u0142uto g\u0142\u0119bosza UNIA KRET redlica dzi\u00f3b redlicy skr\u0119cany napawany ze stali borowej 143530200 Agro-Interstar\"}]},{\"@type\":\"WebSite\",\"@id\":\"https:\\\/\\\/exparto.pl\\\/hu\\\/#website\",\"url\":\"https:\\\/\\\/exparto.pl\\\/hu\\\/\",\"name\":\"EXPARTO\",\"description\":\"More than agro parts\",\"publisher\":{\"@id\":\"https:\\\/\\\/exparto.pl\\\/hu\\\/#organization\"},\"potentialAction\":[{\"@type\":\"SearchAction\",\"target\":{\"@type\":\"EntryPoint\",\"urlTemplate\":\"https:\\\/\\\/exparto.pl\\\/hu\\\/?s={search_term_string}\"},\"query-input\":{\"@type\":\"PropertyValueSpecification\",\"valueRequired\":true,\"valueName\":\"search_term_string\"}}],\"inLanguage\":\"hu\"},{\"@type\":\"Organization\",\"@id\":\"https:\\\/\\\/exparto.pl\\\/hu\\\/#organization\",\"name\":\"EXPARTO\",\"url\":\"https:\\\/\\\/exparto.pl\\\/hu\\\/\",\"logo\":{\"@type\":\"ImageObject\",\"inLanguage\":\"hu\",\"@id\":\"https:\\\/\\\/exparto.pl\\\/hu\\\/#\\\/schema\\\/logo\\\/image\\\/\",\"url\":\"https:\\\/\\\/exparto.pl\\\/wp-content\\\/uploads\\\/2023\\\/02\\\/logo-wektor.png\",\"contentUrl\":\"https:\\\/\\\/exparto.pl\\\/wp-content\\\/uploads\\\/2023\\\/02\\\/logo-wektor.png\",\"width\":1338,\"height\":143,\"caption\":\"EXPARTO\"},\"image\":{\"@id\":\"https:\\\/\\\/exparto.pl\\\/hu\\\/#\\\/schema\\\/logo\\\/image\\\/\"},\"sameAs\":[\"https:\\\/\\\/www.facebook.com\\\/exparto.agro\\\/\"]}]}<\/script>\n<!-- \/ Yoast SEO plugin. -->","yoast_head_json":{"title":"D\u0142uto g\u0142\u0119bosza UNIA KRET redlica dzi\u00f3b redlicy skr\u0119cany napawany ze stali borowej 143530200 Agro-Interstar - Exparto.pl","robots":{"index":"index","follow":"follow","max-snippet":"max-snippet:-1","max-image-preview":"max-image-preview:large","max-video-preview":"max-video-preview:-1"},"canonical":"https:\/\/exparto.pl\/hu\/produkt\/dziob-glebosza-unia-kret-redlica-dziob-redlicy-skrecany-napawany-ze-stali-borowej-143530200-agro-interstar\/","og_locale":"hu_HU","og_type":"article","og_title":"D\u0142uto g\u0142\u0119bosza UNIA KRET redlica dzi\u00f3b redlicy skr\u0119cany napawany ze stali borowej 143530200 Agro-Interstar - Exparto.pl","og_description":"Unikaln\u0105 cech\u0105 tego modelu jest wymienne d\u0142uto napawane obustronnie. Dzi\u00f3b redlicy zosta\u0142 dodatkowo napawany na skrzyd\u0142ach, co znacz\u0105co zwi\u0119ksza wytrzyma\u0142o\u015b\u0107 elementu w kontakcie z tward\u0105 gleb\u0105.","og_url":"https:\/\/exparto.pl\/hu\/produkt\/dziob-glebosza-unia-kret-redlica-dziob-redlicy-skrecany-napawany-ze-stali-borowej-143530200-agro-interstar\/","og_site_name":"Exparto.pl","article_publisher":"https:\/\/www.facebook.com\/exparto.agro\/","article_modified_time":"2026-04-14T10:38:17+00:00","og_image":[{"width":1200,"height":1200,"url":"https:\/\/exparto.pl\/wp-content\/uploads\/2026\/04\/aa3947ca498ab7e679017cc3981c9a6b.jpg","type":"image\/jpeg"}],"twitter_card":"summary_large_image","twitter_misc":{"Becs\u00fclt olvas\u00e1si id\u0151":"2 perc"},"schema":{"@context":"https:\/\/schema.org","@graph":[{"@type":"WebPage","@id":"https:\/\/exparto.pl\/hu\/produkt\/dziob-glebosza-unia-kret-redlica-dziob-redlicy-skrecany-napawany-ze-stali-borowej-143530200-agro-interstar\/","url":"https:\/\/exparto.pl\/hu\/produkt\/dziob-glebosza-unia-kret-redlica-dziob-redlicy-skrecany-napawany-ze-stali-borowej-143530200-agro-interstar\/","name":"D\u0142uto g\u0142\u0119bosza UNIA KRET redlica dzi\u00f3b redlicy skr\u0119cany napawany ze stali borowej 143530200 Agro-Interstar - Exparto.pl","isPartOf":{"@id":"https:\/\/exparto.pl\/hu\/#website"},"primaryImageOfPage":{"@id":"https:\/\/exparto.pl\/hu\/produkt\/dziob-glebosza-unia-kret-redlica-dziob-redlicy-skrecany-napawany-ze-stali-borowej-143530200-agro-interstar\/#primaryimage"},"image":{"@id":"https:\/\/exparto.pl\/hu\/produkt\/dziob-glebosza-unia-kret-redlica-dziob-redlicy-skrecany-napawany-ze-stali-borowej-143530200-agro-interstar\/#primaryimage"},"thumbnailUrl":"https:\/\/exparto.pl\/wp-content\/uploads\/2026\/04\/aa3947ca498ab7e679017cc3981c9a6b.jpg","datePublished":"2026-04-14T09:39:45+00:00","dateModified":"2026-04-14T10:38:17+00:00","breadcrumb":{"@id":"https:\/\/exparto.pl\/hu\/produkt\/dziob-glebosza-unia-kret-redlica-dziob-redlicy-skrecany-napawany-ze-stali-borowej-143530200-agro-interstar\/#breadcrumb"},"inLanguage":"hu","potentialAction":[{"@type":"ReadAction","target":["https:\/\/exparto.pl\/hu\/produkt\/dziob-glebosza-unia-kret-redlica-dziob-redlicy-skrecany-napawany-ze-stali-borowej-143530200-agro-interstar\/"]}]},{"@type":"ImageObject","inLanguage":"hu","@id":"https:\/\/exparto.pl\/hu\/produkt\/dziob-glebosza-unia-kret-redlica-dziob-redlicy-skrecany-napawany-ze-stali-borowej-143530200-agro-interstar\/#primaryimage","url":"https:\/\/exparto.pl\/wp-content\/uploads\/2026\/04\/aa3947ca498ab7e679017cc3981c9a6b.jpg","contentUrl":"https:\/\/exparto.pl\/wp-content\/uploads\/2026\/04\/aa3947ca498ab7e679017cc3981c9a6b.jpg","width":1200,"height":1200,"caption":"21b398d5a2a8becc968ad3d1336d6b21"},{"@type":"BreadcrumbList","@id":"https:\/\/exparto.pl\/hu\/produkt\/dziob-glebosza-unia-kret-redlica-dziob-redlicy-skrecany-napawany-ze-stali-borowej-143530200-agro-interstar\/#breadcrumb","itemListElement":[{"@type":"ListItem","position":1,"name":"Honlap","item":"https:\/\/exparto.pl\/hu\/"},{"@type":"ListItem","position":2,"name":"Sklep","item":"https:\/\/exparto.pl\/sklep\/"},{"@type":"ListItem","position":3,"name":"Alkatr\u00e9szek a kasz\u00e1l\u00f3egys\u00e9ghez","item":"https:\/\/exparto.pl\/hu\/termekkategoria\/alkatreszek-a-kaszaloegyseghez\/"},{"@type":"ListItem","position":4,"name":"D\u0142uto g\u0142\u0119bosza UNIA KRET redlica dzi\u00f3b redlicy skr\u0119cany napawany ze stali borowej 143530200 Agro-Interstar"}]},{"@type":"WebSite","@id":"https:\/\/exparto.pl\/hu\/#website","url":"https:\/\/exparto.pl\/hu\/","name":"EXPARTO","description":"More than agro parts","publisher":{"@id":"https:\/\/exparto.pl\/hu\/#organization"},"potentialAction":[{"@type":"SearchAction","target":{"@type":"EntryPoint","urlTemplate":"https:\/\/exparto.pl\/hu\/?s={search_term_string}"},"query-input":{"@type":"PropertyValueSpecification","valueRequired":true,"valueName":"search_term_string"}}],"inLanguage":"hu"},{"@type":"Organization","@id":"https:\/\/exparto.pl\/hu\/#organization","name":"EXPARTO","url":"https:\/\/exparto.pl\/hu\/","logo":{"@type":"ImageObject","inLanguage":"hu","@id":"https:\/\/exparto.pl\/hu\/#\/schema\/logo\/image\/","url":"https:\/\/exparto.pl\/wp-content\/uploads\/2023\/02\/logo-wektor.png","contentUrl":"https:\/\/exparto.pl\/wp-content\/uploads\/2023\/02\/logo-wektor.png","width":1338,"height":143,"caption":"EXPARTO"},"image":{"@id":"https:\/\/exparto.pl\/hu\/#\/schema\/logo\/image\/"},"sameAs":["https:\/\/www.facebook.com\/exparto.agro\/"]}]}},"_links":{"self":[{"href":"https:\/\/exparto.pl\/hu\/wp-json\/wp\/v2\/product\/64254","targetHints":{"allow":["GET"]}}],"collection":[{"href":"https:\/\/exparto.pl\/hu\/wp-json\/wp\/v2\/product"}],"about":[{"href":"https:\/\/exparto.pl\/hu\/wp-json\/wp\/v2\/types\/product"}],"replies":[{"embeddable":true,"href":"https:\/\/exparto.pl\/hu\/wp-json\/wp\/v2\/comments?post=64254"}],"wp:featuredmedia":[{"embeddable":true,"href":"https:\/\/exparto.pl\/hu\/wp-json\/wp\/v2\/media\/64229"}],"wp:attachment":[{"href":"https:\/\/exparto.pl\/hu\/wp-json\/wp\/v2\/media?parent=64254"}],"wp:term":[{"taxonomy":"product_brand","embeddable":true,"href":"https:\/\/exparto.pl\/hu\/wp-json\/wp\/v2\/product_brand?post=64254"},{"taxonomy":"product_cat","embeddable":true,"href":"https:\/\/exparto.pl\/hu\/wp-json\/wp\/v2\/product_cat?post=64254"},{"taxonomy":"product_tag","embeddable":true,"href":"https:\/\/exparto.pl\/hu\/wp-json\/wp\/v2\/product_tag?post=64254"}],"curies":[{"name":"wp","href":"https:\/\/api.w.org\/{rel}","templated":true}]}}