{"id":64463,"date":"2026-04-16T15:36:43","date_gmt":"2026-04-16T13:36:43","guid":{"rendered":"https:\/\/exparto.pl\/produkt\/rolka-kierujaca-ogumiona-do-kopaczki-elewatorowej-do-ziemniakow-z609-5609-00-018\/"},"modified":"2026-04-16T15:50:52","modified_gmt":"2026-04-16T13:50:52","slug":"rolka-kierujaca-ogumiona-do-kopaczki-elewatorowej-do-ziemniakow-z609-5609-00-018","status":"publish","type":"product","link":"https:\/\/exparto.pl\/hu\/produkt\/rolka-kierujaca-ogumiona-do-kopaczki-elewatorowej-do-ziemniakow-z609-5609-00-018\/","title":{"rendered":"Rolka kieruj\u0105ca ogumiona do kopaczki elewatorowej do ziemniak\u00f3w Z609 5609\/00-018"},"content":{"rendered":"<p style=\"text-align: justify\">Sprawna kopaczka do ziemniak\u00f3w to podstawa szybkich i bezproblemowych zbior\u00f3w. <strong>W swojej ofercie mamy rolk\u0119 kieruj\u0105c\u0105 kopaczki elewatorowej, o kt\u00f3r\u0105 warto zadba\u0107 przed wyjazdem w pole. <\/strong>Ta ogumiona rolka pe\u0142ni funkcj\u0119 solidnego wsparcia dla ta\u015bmy odsiewacza, kt\u00f3ra podczas pracy musi ud\u017awign\u0105\u0107 du\u017cy ci\u0119\u017car ziemi i bulw. Zapraszamy do zakupu tej cz\u0119\u015bci, poniewa\u017c dzi\u0119ki niej Twoja maszyna b\u0119dzie porusza\u0142a si\u0119 p\u0142ynnie.<\/p>\n<h2><span style=\"font-weight: 400\">Rolka kopaczki do ziemniak\u00f3w &#8211; cz\u0119\u015bci do kopaczki, kopaczka Z-609<\/span><\/h2>\n<p style=\"text-align: justify\">Podstawowym zadaniem kopaczki elewatorowej jest skuteczne oddzielanie ziemniak\u00f3w od ziemi, a prezentowana rolka dba o to, by ca\u0142y proces przebiega\u0142 cicho i bez awarii. Dzi\u0119ki temu, \u017ce powierzchnia rolki jest ogumiona, dzia\u0142a ona jak mi\u0119kka poduszka, kt\u00f3ra amortyzuje uderzenia metalowych pr\u0119t\u00f3w i chroni je przed szybkim zniszczeniem. <strong>Wybieraj\u0105c t\u0119 rolk\u0119 do kopaczki elewatorowej, inwestujesz w spok\u00f3j podczas pracy, poniewa\u017c chroni ona ta\u015bm\u0119 przed spadaniem i niepotrzebnym biciem. <\/strong><\/p>\n<p style=\"text-align: justify\">Co wa\u017cne, gdy guma na rolce z czasem si\u0119 zu\u017cyje, mo\u017cesz wymieni\u0107 sam pier\u015bcie\u0144 gumowy (na naszej stronie pod numerem: KOP-02-00012). <strong>Zach\u0119camy do zakupu oraz sprawdzenia pozosta\u0142ych ofert, w kt\u00f3rych znajdziesz inne niezb\u0119dne cz\u0119\u015bci do Twoich maszyn.<\/strong><\/p>\n<p style=\"text-align: justify\"><strong>Zastosowanie:<\/strong><\/p>\n<ul>\n<li>kopaczki elewatorowe do ziemniak\u00f3w np. modele Z609<\/li>\n<\/ul>\n<p style=\"text-align: justify\"><strong>Numer katalogowy:<\/strong><\/p>\n<ul>\n<li>5609\/00-018\/1,<\/li>\n<li>5609000181,<\/li>\n<li>5609000180,<\/li>\n<li>5609\/00-018\/0<\/li>\n<\/ul>\n","protected":false},"excerpt":{"rendered":"<p>Dzi\u0119ki temu, \u017ce powierzchnia rolki jest ogumiona, dzia\u0142a ona jak mi\u0119kka poduszka, kt\u00f3ra amortyzuje uderzenia metalowych pr\u0119t\u00f3w i chroni je przed szybkim zniszczeniem. Inwestujesz w spok\u00f3j podczas pracy, dlatego \u017ce nasza rolka porz\u0105dnie chroni ona ta\u015bm\u0119 przed spadaniem i niepotrzebnym biciem.<\/p>\n","protected":false},"featured_media":64448,"comment_status":"open","ping_status":"closed","template":"","meta":{"_acf_changed":false,"inline_featured_image":false},"product_brand":[],"product_cat":[834],"product_tag":[],"class_list":{"0":"post-64463","1":"product","2":"type-product","3":"status-publish","4":"has-post-thumbnail","6":"product_cat-elevator-digger-parts","8":"first","9":"instock","10":"taxable","11":"shipping-taxable","12":"purchasable","13":"product-type-simple"},"acf":[],"yoast_head":"<!-- This site is optimized with the Yoast SEO plugin v27.3 - https:\/\/yoast.com\/product\/yoast-seo-wordpress\/ -->\n<title>Rolka kieruj\u0105ca ogumiona do kopaczki elewatorowej do ziemniak\u00f3w Z609 5609\/00-018 - Exparto.pl<\/title>\n<meta name=\"robots\" content=\"index, follow, max-snippet:-1, max-image-preview:large, max-video-preview:-1\" \/>\n<link rel=\"canonical\" href=\"https:\/\/exparto.pl\/hu\/produkt\/rolka-kierujaca-ogumiona-do-kopaczki-elewatorowej-do-ziemniakow-z609-5609-00-018\/\" \/>\n<meta property=\"og:locale\" content=\"hu_HU\" \/>\n<meta property=\"og:type\" content=\"article\" \/>\n<meta property=\"og:title\" content=\"Rolka kieruj\u0105ca ogumiona do kopaczki elewatorowej do ziemniak\u00f3w Z609 5609\/00-018 - Exparto.pl\" \/>\n<meta property=\"og:description\" content=\"Dzi\u0119ki temu, \u017ce powierzchnia rolki jest ogumiona, dzia\u0142a ona jak mi\u0119kka poduszka, kt\u00f3ra amortyzuje uderzenia metalowych pr\u0119t\u00f3w i chroni je przed szybkim zniszczeniem. Inwestujesz w spok\u00f3j podczas pracy, dlatego \u017ce nasza rolka porz\u0105dnie chroni ona ta\u015bm\u0119 przed spadaniem i niepotrzebnym biciem.\" \/>\n<meta property=\"og:url\" content=\"https:\/\/exparto.pl\/hu\/produkt\/rolka-kierujaca-ogumiona-do-kopaczki-elewatorowej-do-ziemniakow-z609-5609-00-018\/\" \/>\n<meta property=\"og:site_name\" content=\"Exparto.pl\" \/>\n<meta property=\"article:publisher\" content=\"https:\/\/www.facebook.com\/exparto.agro\/\" \/>\n<meta property=\"article:modified_time\" content=\"2026-04-16T13:50:52+00:00\" \/>\n<meta name=\"twitter:card\" content=\"summary_large_image\" \/>\n<meta name=\"twitter:label1\" content=\"Becs\u00fclt olvas\u00e1si id\u0151\" \/>\n\t<meta name=\"twitter:data1\" content=\"1 perc\" \/>\n<script type=\"application\/ld+json\" class=\"yoast-schema-graph\">{\"@context\":\"https:\\\/\\\/schema.org\",\"@graph\":[{\"@type\":\"WebPage\",\"@id\":\"https:\\\/\\\/exparto.pl\\\/hu\\\/produkt\\\/rolka-kierujaca-ogumiona-do-kopaczki-elewatorowej-do-ziemniakow-z609-5609-00-018\\\/\",\"url\":\"https:\\\/\\\/exparto.pl\\\/hu\\\/produkt\\\/rolka-kierujaca-ogumiona-do-kopaczki-elewatorowej-do-ziemniakow-z609-5609-00-018\\\/\",\"name\":\"Rolka kieruj\u0105ca ogumiona do kopaczki elewatorowej do ziemniak\u00f3w Z609 5609\\\/00-018 - Exparto.pl\",\"isPartOf\":{\"@id\":\"https:\\\/\\\/exparto.pl\\\/hu\\\/#website\"},\"primaryImageOfPage\":{\"@id\":\"https:\\\/\\\/exparto.pl\\\/hu\\\/produkt\\\/rolka-kierujaca-ogumiona-do-kopaczki-elewatorowej-do-ziemniakow-z609-5609-00-018\\\/#primaryimage\"},\"image\":{\"@id\":\"https:\\\/\\\/exparto.pl\\\/hu\\\/produkt\\\/rolka-kierujaca-ogumiona-do-kopaczki-elewatorowej-do-ziemniakow-z609-5609-00-018\\\/#primaryimage\"},\"thumbnailUrl\":\"https:\\\/\\\/exparto.pl\\\/wp-content\\\/uploads\\\/2026\\\/04\\\/63bfe410374c478f7373470ed73976fd.jpg\",\"datePublished\":\"2026-04-16T13:36:43+00:00\",\"dateModified\":\"2026-04-16T13:50:52+00:00\",\"breadcrumb\":{\"@id\":\"https:\\\/\\\/exparto.pl\\\/hu\\\/produkt\\\/rolka-kierujaca-ogumiona-do-kopaczki-elewatorowej-do-ziemniakow-z609-5609-00-018\\\/#breadcrumb\"},\"inLanguage\":\"hu\",\"potentialAction\":[{\"@type\":\"ReadAction\",\"target\":[\"https:\\\/\\\/exparto.pl\\\/hu\\\/produkt\\\/rolka-kierujaca-ogumiona-do-kopaczki-elewatorowej-do-ziemniakow-z609-5609-00-018\\\/\"]}]},{\"@type\":\"ImageObject\",\"inLanguage\":\"hu\",\"@id\":\"https:\\\/\\\/exparto.pl\\\/hu\\\/produkt\\\/rolka-kierujaca-ogumiona-do-kopaczki-elewatorowej-do-ziemniakow-z609-5609-00-018\\\/#primaryimage\",\"url\":\"https:\\\/\\\/exparto.pl\\\/wp-content\\\/uploads\\\/2026\\\/04\\\/63bfe410374c478f7373470ed73976fd.jpg\",\"contentUrl\":\"https:\\\/\\\/exparto.pl\\\/wp-content\\\/uploads\\\/2026\\\/04\\\/63bfe410374c478f7373470ed73976fd.jpg\",\"width\":1200,\"height\":1200,\"caption\":\"5020c140f8d9467a67146cd945a33a67\"},{\"@type\":\"BreadcrumbList\",\"@id\":\"https:\\\/\\\/exparto.pl\\\/hu\\\/produkt\\\/rolka-kierujaca-ogumiona-do-kopaczki-elewatorowej-do-ziemniakow-z609-5609-00-018\\\/#breadcrumb\",\"itemListElement\":[{\"@type\":\"ListItem\",\"position\":1,\"name\":\"Honlap\",\"item\":\"https:\\\/\\\/exparto.pl\\\/hu\\\/\"},{\"@type\":\"ListItem\",\"position\":2,\"name\":\"Sklep\",\"item\":\"https:\\\/\\\/exparto.pl\\\/sklep\\\/\"},{\"@type\":\"ListItem\",\"position\":3,\"name\":\"Rolka kieruj\u0105ca ogumiona do kopaczki elewatorowej do ziemniak\u00f3w Z609 5609\\\/00-018\"}]},{\"@type\":\"WebSite\",\"@id\":\"https:\\\/\\\/exparto.pl\\\/hu\\\/#website\",\"url\":\"https:\\\/\\\/exparto.pl\\\/hu\\\/\",\"name\":\"EXPARTO\",\"description\":\"More than agro parts\",\"publisher\":{\"@id\":\"https:\\\/\\\/exparto.pl\\\/hu\\\/#organization\"},\"potentialAction\":[{\"@type\":\"SearchAction\",\"target\":{\"@type\":\"EntryPoint\",\"urlTemplate\":\"https:\\\/\\\/exparto.pl\\\/hu\\\/?s={search_term_string}\"},\"query-input\":{\"@type\":\"PropertyValueSpecification\",\"valueRequired\":true,\"valueName\":\"search_term_string\"}}],\"inLanguage\":\"hu\"},{\"@type\":\"Organization\",\"@id\":\"https:\\\/\\\/exparto.pl\\\/hu\\\/#organization\",\"name\":\"EXPARTO\",\"url\":\"https:\\\/\\\/exparto.pl\\\/hu\\\/\",\"logo\":{\"@type\":\"ImageObject\",\"inLanguage\":\"hu\",\"@id\":\"https:\\\/\\\/exparto.pl\\\/hu\\\/#\\\/schema\\\/logo\\\/image\\\/\",\"url\":\"https:\\\/\\\/exparto.pl\\\/wp-content\\\/uploads\\\/2023\\\/02\\\/logo-wektor.png\",\"contentUrl\":\"https:\\\/\\\/exparto.pl\\\/wp-content\\\/uploads\\\/2023\\\/02\\\/logo-wektor.png\",\"width\":1338,\"height\":143,\"caption\":\"EXPARTO\"},\"image\":{\"@id\":\"https:\\\/\\\/exparto.pl\\\/hu\\\/#\\\/schema\\\/logo\\\/image\\\/\"},\"sameAs\":[\"https:\\\/\\\/www.facebook.com\\\/exparto.agro\\\/\"]}]}<\/script>\n<!-- \/ Yoast SEO plugin. -->","yoast_head_json":{"title":"Rolka kieruj\u0105ca ogumiona do kopaczki elewatorowej do ziemniak\u00f3w Z609 5609\/00-018 - Exparto.pl","robots":{"index":"index","follow":"follow","max-snippet":"max-snippet:-1","max-image-preview":"max-image-preview:large","max-video-preview":"max-video-preview:-1"},"canonical":"https:\/\/exparto.pl\/hu\/produkt\/rolka-kierujaca-ogumiona-do-kopaczki-elewatorowej-do-ziemniakow-z609-5609-00-018\/","og_locale":"hu_HU","og_type":"article","og_title":"Rolka kieruj\u0105ca ogumiona do kopaczki elewatorowej do ziemniak\u00f3w Z609 5609\/00-018 - Exparto.pl","og_description":"Dzi\u0119ki temu, \u017ce powierzchnia rolki jest ogumiona, dzia\u0142a ona jak mi\u0119kka poduszka, kt\u00f3ra amortyzuje uderzenia metalowych pr\u0119t\u00f3w i chroni je przed szybkim zniszczeniem. Inwestujesz w spok\u00f3j podczas pracy, dlatego \u017ce nasza rolka porz\u0105dnie chroni ona ta\u015bm\u0119 przed spadaniem i niepotrzebnym biciem.","og_url":"https:\/\/exparto.pl\/hu\/produkt\/rolka-kierujaca-ogumiona-do-kopaczki-elewatorowej-do-ziemniakow-z609-5609-00-018\/","og_site_name":"Exparto.pl","article_publisher":"https:\/\/www.facebook.com\/exparto.agro\/","article_modified_time":"2026-04-16T13:50:52+00:00","twitter_card":"summary_large_image","twitter_misc":{"Becs\u00fclt olvas\u00e1si id\u0151":"1 perc"},"schema":{"@context":"https:\/\/schema.org","@graph":[{"@type":"WebPage","@id":"https:\/\/exparto.pl\/hu\/produkt\/rolka-kierujaca-ogumiona-do-kopaczki-elewatorowej-do-ziemniakow-z609-5609-00-018\/","url":"https:\/\/exparto.pl\/hu\/produkt\/rolka-kierujaca-ogumiona-do-kopaczki-elewatorowej-do-ziemniakow-z609-5609-00-018\/","name":"Rolka kieruj\u0105ca ogumiona do kopaczki elewatorowej do ziemniak\u00f3w Z609 5609\/00-018 - Exparto.pl","isPartOf":{"@id":"https:\/\/exparto.pl\/hu\/#website"},"primaryImageOfPage":{"@id":"https:\/\/exparto.pl\/hu\/produkt\/rolka-kierujaca-ogumiona-do-kopaczki-elewatorowej-do-ziemniakow-z609-5609-00-018\/#primaryimage"},"image":{"@id":"https:\/\/exparto.pl\/hu\/produkt\/rolka-kierujaca-ogumiona-do-kopaczki-elewatorowej-do-ziemniakow-z609-5609-00-018\/#primaryimage"},"thumbnailUrl":"https:\/\/exparto.pl\/wp-content\/uploads\/2026\/04\/63bfe410374c478f7373470ed73976fd.jpg","datePublished":"2026-04-16T13:36:43+00:00","dateModified":"2026-04-16T13:50:52+00:00","breadcrumb":{"@id":"https:\/\/exparto.pl\/hu\/produkt\/rolka-kierujaca-ogumiona-do-kopaczki-elewatorowej-do-ziemniakow-z609-5609-00-018\/#breadcrumb"},"inLanguage":"hu","potentialAction":[{"@type":"ReadAction","target":["https:\/\/exparto.pl\/hu\/produkt\/rolka-kierujaca-ogumiona-do-kopaczki-elewatorowej-do-ziemniakow-z609-5609-00-018\/"]}]},{"@type":"ImageObject","inLanguage":"hu","@id":"https:\/\/exparto.pl\/hu\/produkt\/rolka-kierujaca-ogumiona-do-kopaczki-elewatorowej-do-ziemniakow-z609-5609-00-018\/#primaryimage","url":"https:\/\/exparto.pl\/wp-content\/uploads\/2026\/04\/63bfe410374c478f7373470ed73976fd.jpg","contentUrl":"https:\/\/exparto.pl\/wp-content\/uploads\/2026\/04\/63bfe410374c478f7373470ed73976fd.jpg","width":1200,"height":1200,"caption":"5020c140f8d9467a67146cd945a33a67"},{"@type":"BreadcrumbList","@id":"https:\/\/exparto.pl\/hu\/produkt\/rolka-kierujaca-ogumiona-do-kopaczki-elewatorowej-do-ziemniakow-z609-5609-00-018\/#breadcrumb","itemListElement":[{"@type":"ListItem","position":1,"name":"Honlap","item":"https:\/\/exparto.pl\/hu\/"},{"@type":"ListItem","position":2,"name":"Sklep","item":"https:\/\/exparto.pl\/sklep\/"},{"@type":"ListItem","position":3,"name":"Rolka kieruj\u0105ca ogumiona do kopaczki elewatorowej do ziemniak\u00f3w Z609 5609\/00-018"}]},{"@type":"WebSite","@id":"https:\/\/exparto.pl\/hu\/#website","url":"https:\/\/exparto.pl\/hu\/","name":"EXPARTO","description":"More than agro parts","publisher":{"@id":"https:\/\/exparto.pl\/hu\/#organization"},"potentialAction":[{"@type":"SearchAction","target":{"@type":"EntryPoint","urlTemplate":"https:\/\/exparto.pl\/hu\/?s={search_term_string}"},"query-input":{"@type":"PropertyValueSpecification","valueRequired":true,"valueName":"search_term_string"}}],"inLanguage":"hu"},{"@type":"Organization","@id":"https:\/\/exparto.pl\/hu\/#organization","name":"EXPARTO","url":"https:\/\/exparto.pl\/hu\/","logo":{"@type":"ImageObject","inLanguage":"hu","@id":"https:\/\/exparto.pl\/hu\/#\/schema\/logo\/image\/","url":"https:\/\/exparto.pl\/wp-content\/uploads\/2023\/02\/logo-wektor.png","contentUrl":"https:\/\/exparto.pl\/wp-content\/uploads\/2023\/02\/logo-wektor.png","width":1338,"height":143,"caption":"EXPARTO"},"image":{"@id":"https:\/\/exparto.pl\/hu\/#\/schema\/logo\/image\/"},"sameAs":["https:\/\/www.facebook.com\/exparto.agro\/"]}]}},"_links":{"self":[{"href":"https:\/\/exparto.pl\/hu\/wp-json\/wp\/v2\/product\/64463","targetHints":{"allow":["GET"]}}],"collection":[{"href":"https:\/\/exparto.pl\/hu\/wp-json\/wp\/v2\/product"}],"about":[{"href":"https:\/\/exparto.pl\/hu\/wp-json\/wp\/v2\/types\/product"}],"replies":[{"embeddable":true,"href":"https:\/\/exparto.pl\/hu\/wp-json\/wp\/v2\/comments?post=64463"}],"wp:featuredmedia":[{"embeddable":true,"href":"https:\/\/exparto.pl\/hu\/wp-json\/wp\/v2\/media\/64448"}],"wp:attachment":[{"href":"https:\/\/exparto.pl\/hu\/wp-json\/wp\/v2\/media?parent=64463"}],"wp:term":[{"taxonomy":"product_brand","embeddable":true,"href":"https:\/\/exparto.pl\/hu\/wp-json\/wp\/v2\/product_brand?post=64463"},{"taxonomy":"product_cat","embeddable":true,"href":"https:\/\/exparto.pl\/hu\/wp-json\/wp\/v2\/product_cat?post=64463"},{"taxonomy":"product_tag","embeddable":true,"href":"https:\/\/exparto.pl\/hu\/wp-json\/wp\/v2\/product_tag?post=64463"}],"curies":[{"name":"wp","href":"https:\/\/api.w.org\/{rel}","templated":true}]}}