{"id":65444,"date":"2026-04-30T14:36:00","date_gmt":"2026-04-30T12:36:00","guid":{"rendered":"https:\/\/exparto.pl\/produkt\/lemiesz-do-pluga-prawy-14%e2%80%b3-overum-sr-74606-stal-borowa\/"},"modified":"2026-04-30T14:50:57","modified_gmt":"2026-04-30T12:50:57","slug":"lemiesz-do-pluga-prawy-14%e2%80%b3-overum-sr-74606-stal-borowa","status":"publish","type":"product","link":"https:\/\/exparto.pl\/hu\/produkt\/lemiesz-do-pluga-prawy-14%e2%80%b3-overum-sr-74606-stal-borowa\/","title":{"rendered":"Lemiesz do p\u0142uga prawy 14\u2033 Overum SR 74606 stal borowa"},"content":{"rendered":"<p style=\"text-align: justify\"><strong>W naszym asortymencie znajdziesz prawy lemiesz do p\u0142uga Overum SR 14 cali, kt\u00f3ry odpowiada za sprawne odcinanie skiby od dna bruzdy.<\/strong> Lemiesz jest wykonany przez polskiego producenta Agro-interstar, co zapewnia wysok\u0105 jako\u015b\u0107 wykonania. Sprawd\u017a pe\u0142n\u0105 ofert\u0119 na cz\u0119\u015bci do p\u0142uga Overum w sklepie EXPARTO.<\/p>\n<h2><span style=\"font-weight: 400\">Lemiesz Overum 74606 \u2013 lemiesz prawy do p\u0142uga, stal borowa<\/span><\/h2>\n<p style=\"text-align: justify\">Dlaczego warto wybra\u0107 lemiesz ze stali borowej? Dzi\u0119ki wykonaniu z wysokiej jako\u015bci stali borowej zyskujesz produkt o wyd\u0142u\u017conej \u017cywotno\u015bci. Nasz lemiesz do p\u0142uga 14\u201d wykonany z trudno\u015bcieralnej stali borowej (SSAB Boron) charakteryzuje si\u0119 bardzo wysok\u0105 odporno\u015bci\u0105 na \u015bcieranie. Zapobiega to szybkiemu t\u0119pieniu si\u0119 elementu, szczeg\u00f3lnie podczas pracy na zakamienionych czy suchych polach. <strong>Wykorzystanie twardej stali borowej sprawia, \u017ce lemiesz nie p\u0119knie przy uderzeniu w kamienie.<\/strong><\/p>\n<p style=\"text-align: justify\">Nale\u017cy regularnie sprawdza\u0107 stan tego elementu, poniewa\u017c praca ze zdartym lemieszem sprawia, \u017ce p\u0142ug staje si\u0119 niestabilny i samoczynnie wyskakuje z ziemi.<strong> W naszym sklepie znajdziesz r\u00f3wnie\u017c inne lemiesze oraz podzespo\u0142y, kt\u00f3re pomog\u0105 Ci kompleksowo przygotowa\u0107 p\u0142ug do sezonu.<\/strong> Postaw na sprawdzone rozwi\u0105zania i zach\u0119camy do zapoznania si\u0119 z nasz\u0105 pe\u0142n\u0105 ofert\u0105 dost\u0119pn\u0105 na stronie.<\/p>\n<p style=\"text-align: justify\"><b>Zastosowanie:<\/b><\/p>\n<ul>\n<li style=\"text-align: justify\">p\u0142ugi typu Overum<\/li>\n<\/ul>\n<p style=\"text-align: justify\"><b>Numer katalogowy:<\/b><\/p>\n<ul>\n<li>74606<\/li>\n<\/ul>\n","protected":false},"excerpt":{"rendered":"<p>Wykorzystanie twardej stali borowej sprawia, \u017ce lemiesz nie p\u0119knie przy uderzeniu w kamienie.<\/p>\n","protected":false},"featured_media":65424,"comment_status":"open","ping_status":"closed","template":"","meta":{"_acf_changed":false,"inline_featured_image":false},"product_brand":[1043],"product_cat":[827,828,935],"product_tag":[],"class_list":{"0":"post-65444","1":"product","2":"type-product","3":"status-publish","4":"has-post-thumbnail","6":"product_brand-agro-interstar","7":"product_cat-aszualkatreszek","8":"product_cat-szantoszarnyak","9":"product_cat-lemiesze-prawe","11":"first","12":"instock","13":"taxable","14":"shipping-taxable","15":"purchasable","16":"product-type-simple"},"acf":[],"yoast_head":"<!-- This site is optimized with the Yoast SEO plugin v27.4 - https:\/\/yoast.com\/product\/yoast-seo-wordpress\/ -->\n<title>Lemiesz do p\u0142uga prawy 14\u2033 Overum SR 74606 stal borowa - Exparto.pl<\/title>\n<meta name=\"robots\" content=\"index, follow, max-snippet:-1, max-image-preview:large, max-video-preview:-1\" \/>\n<link rel=\"canonical\" href=\"https:\/\/exparto.pl\/hu\/produkt\/lemiesz-do-pluga-prawy-14%e2%80%b3-overum-sr-74606-stal-borowa\/\" \/>\n<meta property=\"og:locale\" content=\"hu_HU\" \/>\n<meta property=\"og:type\" content=\"article\" \/>\n<meta property=\"og:title\" content=\"Lemiesz do p\u0142uga prawy 14\u2033 Overum SR 74606 stal borowa - Exparto.pl\" \/>\n<meta property=\"og:description\" content=\"Wykorzystanie twardej stali borowej sprawia, \u017ce lemiesz nie p\u0119knie przy uderzeniu w kamienie.\" \/>\n<meta property=\"og:url\" content=\"https:\/\/exparto.pl\/hu\/produkt\/lemiesz-do-pluga-prawy-14%e2%80%b3-overum-sr-74606-stal-borowa\/\" \/>\n<meta property=\"og:site_name\" content=\"Exparto.pl\" \/>\n<meta property=\"article:publisher\" content=\"https:\/\/www.facebook.com\/exparto.agro\/\" \/>\n<meta property=\"article:modified_time\" content=\"2026-04-30T12:50:57+00:00\" \/>\n<meta property=\"og:image\" content=\"https:\/\/exparto.pl\/wp-content\/uploads\/2026\/04\/7a7366ce42c3c37572fefbd4724eb723.jpg\" \/>\n\t<meta property=\"og:image:width\" content=\"1200\" \/>\n\t<meta property=\"og:image:height\" content=\"1200\" \/>\n\t<meta property=\"og:image:type\" content=\"image\/jpeg\" \/>\n<meta name=\"twitter:card\" content=\"summary_large_image\" \/>\n<meta name=\"twitter:label1\" content=\"Becs\u00fclt olvas\u00e1si id\u0151\" \/>\n\t<meta name=\"twitter:data1\" content=\"2 perc\" \/>\n<script type=\"application\/ld+json\" class=\"yoast-schema-graph\">{\"@context\":\"https:\\\/\\\/schema.org\",\"@graph\":[{\"@type\":\"WebPage\",\"@id\":\"https:\\\/\\\/exparto.pl\\\/hu\\\/produkt\\\/lemiesz-do-pluga-prawy-14%e2%80%b3-overum-sr-74606-stal-borowa\\\/\",\"url\":\"https:\\\/\\\/exparto.pl\\\/hu\\\/produkt\\\/lemiesz-do-pluga-prawy-14%e2%80%b3-overum-sr-74606-stal-borowa\\\/\",\"name\":\"Lemiesz do p\u0142uga prawy 14\u2033 Overum SR 74606 stal borowa - Exparto.pl\",\"isPartOf\":{\"@id\":\"https:\\\/\\\/exparto.pl\\\/hu\\\/#website\"},\"primaryImageOfPage\":{\"@id\":\"https:\\\/\\\/exparto.pl\\\/hu\\\/produkt\\\/lemiesz-do-pluga-prawy-14%e2%80%b3-overum-sr-74606-stal-borowa\\\/#primaryimage\"},\"image\":{\"@id\":\"https:\\\/\\\/exparto.pl\\\/hu\\\/produkt\\\/lemiesz-do-pluga-prawy-14%e2%80%b3-overum-sr-74606-stal-borowa\\\/#primaryimage\"},\"thumbnailUrl\":\"https:\\\/\\\/exparto.pl\\\/wp-content\\\/uploads\\\/2026\\\/04\\\/7a7366ce42c3c37572fefbd4724eb723.jpg\",\"datePublished\":\"2026-04-30T12:36:00+00:00\",\"dateModified\":\"2026-04-30T12:50:57+00:00\",\"breadcrumb\":{\"@id\":\"https:\\\/\\\/exparto.pl\\\/hu\\\/produkt\\\/lemiesz-do-pluga-prawy-14%e2%80%b3-overum-sr-74606-stal-borowa\\\/#breadcrumb\"},\"inLanguage\":\"hu\",\"potentialAction\":[{\"@type\":\"ReadAction\",\"target\":[\"https:\\\/\\\/exparto.pl\\\/hu\\\/produkt\\\/lemiesz-do-pluga-prawy-14%e2%80%b3-overum-sr-74606-stal-borowa\\\/\"]}]},{\"@type\":\"ImageObject\",\"inLanguage\":\"hu\",\"@id\":\"https:\\\/\\\/exparto.pl\\\/hu\\\/produkt\\\/lemiesz-do-pluga-prawy-14%e2%80%b3-overum-sr-74606-stal-borowa\\\/#primaryimage\",\"url\":\"https:\\\/\\\/exparto.pl\\\/wp-content\\\/uploads\\\/2026\\\/04\\\/7a7366ce42c3c37572fefbd4724eb723.jpg\",\"contentUrl\":\"https:\\\/\\\/exparto.pl\\\/wp-content\\\/uploads\\\/2026\\\/04\\\/7a7366ce42c3c37572fefbd4724eb723.jpg\",\"width\":1200,\"height\":1200,\"caption\":\"cf12bf4f904383e1a07ec85852fb67cb\"},{\"@type\":\"BreadcrumbList\",\"@id\":\"https:\\\/\\\/exparto.pl\\\/hu\\\/produkt\\\/lemiesz-do-pluga-prawy-14%e2%80%b3-overum-sr-74606-stal-borowa\\\/#breadcrumb\",\"itemListElement\":[{\"@type\":\"ListItem\",\"position\":1,\"name\":\"Honlap\",\"item\":\"https:\\\/\\\/exparto.pl\\\/hu\\\/\"},{\"@type\":\"ListItem\",\"position\":2,\"name\":\"Sklep\",\"item\":\"https:\\\/\\\/exparto.pl\\\/sklep\\\/\"},{\"@type\":\"ListItem\",\"position\":3,\"name\":\"Asz\u00faalkatr\u00e9szek\",\"item\":\"https:\\\/\\\/exparto.pl\\\/hu\\\/termekkategoria\\\/aszualkatreszek\\\/\"},{\"@type\":\"ListItem\",\"position\":4,\"name\":\"Sz\u00e1nt\u00f3sz\u00e1rnyak\",\"item\":\"https:\\\/\\\/exparto.pl\\\/hu\\\/termekkategoria\\\/aszualkatreszek\\\/szantoszarnyak\\\/\"},{\"@type\":\"ListItem\",\"position\":5,\"name\":\"Lemiesze prawe\",\"item\":\"https:\\\/\\\/exparto.pl\\\/kategoria-produktu\\\/czesci-do-plugow\\\/lemiesze-do-pluga\\\/lemiesze-prawe\\\/\"},{\"@type\":\"ListItem\",\"position\":6,\"name\":\"Lemiesz do p\u0142uga prawy 14\u2033 Overum SR 74606 stal borowa\"}]},{\"@type\":\"WebSite\",\"@id\":\"https:\\\/\\\/exparto.pl\\\/hu\\\/#website\",\"url\":\"https:\\\/\\\/exparto.pl\\\/hu\\\/\",\"name\":\"EXPARTO\",\"description\":\"More than agro parts\",\"publisher\":{\"@id\":\"https:\\\/\\\/exparto.pl\\\/hu\\\/#organization\"},\"potentialAction\":[{\"@type\":\"SearchAction\",\"target\":{\"@type\":\"EntryPoint\",\"urlTemplate\":\"https:\\\/\\\/exparto.pl\\\/hu\\\/?s={search_term_string}\"},\"query-input\":{\"@type\":\"PropertyValueSpecification\",\"valueRequired\":true,\"valueName\":\"search_term_string\"}}],\"inLanguage\":\"hu\"},{\"@type\":\"Organization\",\"@id\":\"https:\\\/\\\/exparto.pl\\\/hu\\\/#organization\",\"name\":\"EXPARTO\",\"url\":\"https:\\\/\\\/exparto.pl\\\/hu\\\/\",\"logo\":{\"@type\":\"ImageObject\",\"inLanguage\":\"hu\",\"@id\":\"https:\\\/\\\/exparto.pl\\\/hu\\\/#\\\/schema\\\/logo\\\/image\\\/\",\"url\":\"https:\\\/\\\/exparto.pl\\\/wp-content\\\/uploads\\\/2023\\\/02\\\/logo-wektor.png\",\"contentUrl\":\"https:\\\/\\\/exparto.pl\\\/wp-content\\\/uploads\\\/2023\\\/02\\\/logo-wektor.png\",\"width\":1338,\"height\":143,\"caption\":\"EXPARTO\"},\"image\":{\"@id\":\"https:\\\/\\\/exparto.pl\\\/hu\\\/#\\\/schema\\\/logo\\\/image\\\/\"},\"sameAs\":[\"https:\\\/\\\/www.facebook.com\\\/exparto.agro\\\/\"]}]}<\/script>\n<!-- \/ Yoast SEO plugin. -->","yoast_head_json":{"title":"Lemiesz do p\u0142uga prawy 14\u2033 Overum SR 74606 stal borowa - Exparto.pl","robots":{"index":"index","follow":"follow","max-snippet":"max-snippet:-1","max-image-preview":"max-image-preview:large","max-video-preview":"max-video-preview:-1"},"canonical":"https:\/\/exparto.pl\/hu\/produkt\/lemiesz-do-pluga-prawy-14%e2%80%b3-overum-sr-74606-stal-borowa\/","og_locale":"hu_HU","og_type":"article","og_title":"Lemiesz do p\u0142uga prawy 14\u2033 Overum SR 74606 stal borowa - Exparto.pl","og_description":"Wykorzystanie twardej stali borowej sprawia, \u017ce lemiesz nie p\u0119knie przy uderzeniu w kamienie.","og_url":"https:\/\/exparto.pl\/hu\/produkt\/lemiesz-do-pluga-prawy-14%e2%80%b3-overum-sr-74606-stal-borowa\/","og_site_name":"Exparto.pl","article_publisher":"https:\/\/www.facebook.com\/exparto.agro\/","article_modified_time":"2026-04-30T12:50:57+00:00","og_image":[{"width":1200,"height":1200,"url":"https:\/\/exparto.pl\/wp-content\/uploads\/2026\/04\/7a7366ce42c3c37572fefbd4724eb723.jpg","type":"image\/jpeg"}],"twitter_card":"summary_large_image","twitter_misc":{"Becs\u00fclt olvas\u00e1si id\u0151":"2 perc"},"schema":{"@context":"https:\/\/schema.org","@graph":[{"@type":"WebPage","@id":"https:\/\/exparto.pl\/hu\/produkt\/lemiesz-do-pluga-prawy-14%e2%80%b3-overum-sr-74606-stal-borowa\/","url":"https:\/\/exparto.pl\/hu\/produkt\/lemiesz-do-pluga-prawy-14%e2%80%b3-overum-sr-74606-stal-borowa\/","name":"Lemiesz do p\u0142uga prawy 14\u2033 Overum SR 74606 stal borowa - Exparto.pl","isPartOf":{"@id":"https:\/\/exparto.pl\/hu\/#website"},"primaryImageOfPage":{"@id":"https:\/\/exparto.pl\/hu\/produkt\/lemiesz-do-pluga-prawy-14%e2%80%b3-overum-sr-74606-stal-borowa\/#primaryimage"},"image":{"@id":"https:\/\/exparto.pl\/hu\/produkt\/lemiesz-do-pluga-prawy-14%e2%80%b3-overum-sr-74606-stal-borowa\/#primaryimage"},"thumbnailUrl":"https:\/\/exparto.pl\/wp-content\/uploads\/2026\/04\/7a7366ce42c3c37572fefbd4724eb723.jpg","datePublished":"2026-04-30T12:36:00+00:00","dateModified":"2026-04-30T12:50:57+00:00","breadcrumb":{"@id":"https:\/\/exparto.pl\/hu\/produkt\/lemiesz-do-pluga-prawy-14%e2%80%b3-overum-sr-74606-stal-borowa\/#breadcrumb"},"inLanguage":"hu","potentialAction":[{"@type":"ReadAction","target":["https:\/\/exparto.pl\/hu\/produkt\/lemiesz-do-pluga-prawy-14%e2%80%b3-overum-sr-74606-stal-borowa\/"]}]},{"@type":"ImageObject","inLanguage":"hu","@id":"https:\/\/exparto.pl\/hu\/produkt\/lemiesz-do-pluga-prawy-14%e2%80%b3-overum-sr-74606-stal-borowa\/#primaryimage","url":"https:\/\/exparto.pl\/wp-content\/uploads\/2026\/04\/7a7366ce42c3c37572fefbd4724eb723.jpg","contentUrl":"https:\/\/exparto.pl\/wp-content\/uploads\/2026\/04\/7a7366ce42c3c37572fefbd4724eb723.jpg","width":1200,"height":1200,"caption":"cf12bf4f904383e1a07ec85852fb67cb"},{"@type":"BreadcrumbList","@id":"https:\/\/exparto.pl\/hu\/produkt\/lemiesz-do-pluga-prawy-14%e2%80%b3-overum-sr-74606-stal-borowa\/#breadcrumb","itemListElement":[{"@type":"ListItem","position":1,"name":"Honlap","item":"https:\/\/exparto.pl\/hu\/"},{"@type":"ListItem","position":2,"name":"Sklep","item":"https:\/\/exparto.pl\/sklep\/"},{"@type":"ListItem","position":3,"name":"Asz\u00faalkatr\u00e9szek","item":"https:\/\/exparto.pl\/hu\/termekkategoria\/aszualkatreszek\/"},{"@type":"ListItem","position":4,"name":"Sz\u00e1nt\u00f3sz\u00e1rnyak","item":"https:\/\/exparto.pl\/hu\/termekkategoria\/aszualkatreszek\/szantoszarnyak\/"},{"@type":"ListItem","position":5,"name":"Lemiesze prawe","item":"https:\/\/exparto.pl\/kategoria-produktu\/czesci-do-plugow\/lemiesze-do-pluga\/lemiesze-prawe\/"},{"@type":"ListItem","position":6,"name":"Lemiesz do p\u0142uga prawy 14\u2033 Overum SR 74606 stal borowa"}]},{"@type":"WebSite","@id":"https:\/\/exparto.pl\/hu\/#website","url":"https:\/\/exparto.pl\/hu\/","name":"EXPARTO","description":"More than agro parts","publisher":{"@id":"https:\/\/exparto.pl\/hu\/#organization"},"potentialAction":[{"@type":"SearchAction","target":{"@type":"EntryPoint","urlTemplate":"https:\/\/exparto.pl\/hu\/?s={search_term_string}"},"query-input":{"@type":"PropertyValueSpecification","valueRequired":true,"valueName":"search_term_string"}}],"inLanguage":"hu"},{"@type":"Organization","@id":"https:\/\/exparto.pl\/hu\/#organization","name":"EXPARTO","url":"https:\/\/exparto.pl\/hu\/","logo":{"@type":"ImageObject","inLanguage":"hu","@id":"https:\/\/exparto.pl\/hu\/#\/schema\/logo\/image\/","url":"https:\/\/exparto.pl\/wp-content\/uploads\/2023\/02\/logo-wektor.png","contentUrl":"https:\/\/exparto.pl\/wp-content\/uploads\/2023\/02\/logo-wektor.png","width":1338,"height":143,"caption":"EXPARTO"},"image":{"@id":"https:\/\/exparto.pl\/hu\/#\/schema\/logo\/image\/"},"sameAs":["https:\/\/www.facebook.com\/exparto.agro\/"]}]}},"_links":{"self":[{"href":"https:\/\/exparto.pl\/hu\/wp-json\/wp\/v2\/product\/65444","targetHints":{"allow":["GET"]}}],"collection":[{"href":"https:\/\/exparto.pl\/hu\/wp-json\/wp\/v2\/product"}],"about":[{"href":"https:\/\/exparto.pl\/hu\/wp-json\/wp\/v2\/types\/product"}],"replies":[{"embeddable":true,"href":"https:\/\/exparto.pl\/hu\/wp-json\/wp\/v2\/comments?post=65444"}],"wp:featuredmedia":[{"embeddable":true,"href":"https:\/\/exparto.pl\/hu\/wp-json\/wp\/v2\/media\/65424"}],"wp:attachment":[{"href":"https:\/\/exparto.pl\/hu\/wp-json\/wp\/v2\/media?parent=65444"}],"wp:term":[{"taxonomy":"product_brand","embeddable":true,"href":"https:\/\/exparto.pl\/hu\/wp-json\/wp\/v2\/product_brand?post=65444"},{"taxonomy":"product_cat","embeddable":true,"href":"https:\/\/exparto.pl\/hu\/wp-json\/wp\/v2\/product_cat?post=65444"},{"taxonomy":"product_tag","embeddable":true,"href":"https:\/\/exparto.pl\/hu\/wp-json\/wp\/v2\/product_tag?post=65444"}],"curies":[{"name":"wp","href":"https:\/\/api.w.org\/{rel}","templated":true}]}}