{"id":65466,"date":"2026-04-30T14:44:43","date_gmt":"2026-04-30T12:44:43","guid":{"rendered":"https:\/\/exparto.pl\/produkt\/lemiesz-do-pluga-prawy-16-overum-sr-74607-stal-borowa\/"},"modified":"2026-04-30T14:50:58","modified_gmt":"2026-04-30T12:50:58","slug":"lemiesz-do-pluga-prawy-16-overum-sr-74607-stal-borowa","status":"publish","type":"product","link":"https:\/\/exparto.pl\/hu\/produkt\/lemiesz-do-pluga-prawy-16-overum-sr-74607-stal-borowa\/","title":{"rendered":"Lemiesz do p\u0142uga prawy 16\u201d Overum SR 74607 stal borowa"},"content":{"rendered":"<p style=\"text-align: justify\"><strong>W naszym asortymencie znajdziesz prawy lemiesz do p\u0142uga w rozmiarze 16\u201d, kt\u00f3ry odpowiada za sprawne odcinanie skiby od dna bruzdy.<\/strong> Prawid\u0142owo przygotowany lemiesz do p\u0142uga dzia\u0142a jak n\u00f3\u017c prowadzony pod powierzchni\u0105 gleby, przecinaj\u0105c korzenie chwast\u00f3w i napowietrzaj\u0105c struktur\u0119 roli. Oferowany przez nas lemiesz do p\u0142uga pasuje do p\u0142ug\u00f3w typu Overum. Sprawd\u017a pe\u0142n\u0105 ofert\u0119 na lemiesze w sklepie EXPARTO.<\/p>\n<h2><span style=\"font-weight: 400\">Lemiesz do p\u0142uga\u2013 lemiesz prawy 16 cali, p\u0142ug Overum SR<\/span><\/h2>\n<p style=\"text-align: justify\">Dlaczego warto wybra\u0107 lemiesz ze stali borowej? Dzi\u0119ki wykonaniu z wysokiej jako\u015bci stali borowej zyskujesz produkt o wyd\u0142u\u017conej \u017cywotno\u015bci. <strong>Nasz lemiesz do p\u0142uga 16\u201d wykonany z trudno\u015bcieralnej stali borowej (SSAB Boron) charakteryzuje si\u0119 bardzo wysok\u0105 odporno\u015bci\u0105 na \u015bcieranie. Zapobiega to szybkiemu t\u0119pieniu si\u0119 elementu, szczeg\u00f3lnie podczas pracy na zakamienionych czy suchych polach.<\/strong> Wykorzystanie twardej stali borowej sprawia, \u017ce lemiesz nie p\u0119knie przy uderzeniu w kamienie.<\/p>\n<p style=\"text-align: justify\"><strong>Lemiesz jest wykonany przez polskiego producenta Agro-interstar, co zapewnia wysok\u0105 jako\u015b\u0107 wykonania.<\/strong> W naszym sklepie znajdziesz te\u017c inne cz\u0119\u015bci do p\u0142uga. Zach\u0119camy do zakupu wszystkich potrzebnych element\u00f3w w naszym sklepie.<\/p>\n<p style=\"text-align: justify\"><b>Zastosowanie:<\/b><\/p>\n<ul>\n<li style=\"text-align: justify\">p\u0142ugi typu Overum<\/li>\n<\/ul>\n<p style=\"text-align: justify\"><b>Numer katalogowy:<\/b><\/p>\n<ul>\n<li>74607<\/li>\n<\/ul>\n","protected":false},"excerpt":{"rendered":"<p>Lemiesz 16\u201d wykonany jest z trudno\u015bcieralnej stali borowej (SSAB Boron), co zapobiega to szybkiemu t\u0119pieniu si\u0119 elementu, szczeg\u00f3lnie podczas pracy na zakamienionych czy suchych polach.<\/p>\n","protected":false},"featured_media":65446,"comment_status":"open","ping_status":"closed","template":"","meta":{"_acf_changed":false,"inline_featured_image":false},"product_brand":[1043],"product_cat":[765,772,935],"product_tag":[],"class_list":{"0":"post-65466","1":"product","2":"type-product","3":"status-publish","4":"has-post-thumbnail","6":"product_brand-agro-interstar","7":"product_cat-czesci-do-plugow","8":"product_cat-lemiesze-do-pluga","9":"product_cat-lemiesze-prawe","11":"first","12":"instock","13":"taxable","14":"shipping-taxable","15":"purchasable","16":"product-type-simple"},"acf":[],"yoast_head":"<!-- This site is optimized with the Yoast SEO plugin v27.4 - https:\/\/yoast.com\/product\/yoast-seo-wordpress\/ -->\n<title>Lemiesz do p\u0142uga prawy 16\u201d Overum SR 74607 stal borowa - Exparto.pl<\/title>\n<meta name=\"robots\" content=\"index, follow, max-snippet:-1, max-image-preview:large, max-video-preview:-1\" \/>\n<link rel=\"canonical\" href=\"https:\/\/exparto.pl\/hu\/produkt\/lemiesz-do-pluga-prawy-16-overum-sr-74607-stal-borowa\/\" \/>\n<meta property=\"og:locale\" content=\"hu_HU\" \/>\n<meta property=\"og:type\" content=\"article\" \/>\n<meta property=\"og:title\" content=\"Lemiesz do p\u0142uga prawy 16\u201d Overum SR 74607 stal borowa - Exparto.pl\" \/>\n<meta property=\"og:description\" content=\"Lemiesz 16\u201d wykonany jest z trudno\u015bcieralnej stali borowej (SSAB Boron), co zapobiega to szybkiemu t\u0119pieniu si\u0119 elementu, szczeg\u00f3lnie podczas pracy na zakamienionych czy suchych polach.\" \/>\n<meta property=\"og:url\" content=\"https:\/\/exparto.pl\/hu\/produkt\/lemiesz-do-pluga-prawy-16-overum-sr-74607-stal-borowa\/\" \/>\n<meta property=\"og:site_name\" content=\"Exparto.pl\" \/>\n<meta property=\"article:publisher\" content=\"https:\/\/www.facebook.com\/exparto.agro\/\" \/>\n<meta property=\"article:modified_time\" content=\"2026-04-30T12:50:58+00:00\" \/>\n<meta property=\"og:image\" content=\"https:\/\/exparto.pl\/wp-content\/uploads\/2026\/04\/79f8211f86e43d3bea9ff4c1f5fdb960.jpg\" \/>\n\t<meta property=\"og:image:width\" content=\"1200\" \/>\n\t<meta property=\"og:image:height\" content=\"1200\" \/>\n\t<meta property=\"og:image:type\" content=\"image\/jpeg\" \/>\n<meta name=\"twitter:card\" content=\"summary_large_image\" \/>\n<meta name=\"twitter:label1\" content=\"Becs\u00fclt olvas\u00e1si id\u0151\" \/>\n\t<meta name=\"twitter:data1\" content=\"2 perc\" \/>\n<script type=\"application\/ld+json\" class=\"yoast-schema-graph\">{\"@context\":\"https:\\\/\\\/schema.org\",\"@graph\":[{\"@type\":\"WebPage\",\"@id\":\"https:\\\/\\\/exparto.pl\\\/hu\\\/produkt\\\/lemiesz-do-pluga-prawy-16-overum-sr-74607-stal-borowa\\\/\",\"url\":\"https:\\\/\\\/exparto.pl\\\/hu\\\/produkt\\\/lemiesz-do-pluga-prawy-16-overum-sr-74607-stal-borowa\\\/\",\"name\":\"Lemiesz do p\u0142uga prawy 16\u201d Overum SR 74607 stal borowa - Exparto.pl\",\"isPartOf\":{\"@id\":\"https:\\\/\\\/exparto.pl\\\/hu\\\/#website\"},\"primaryImageOfPage\":{\"@id\":\"https:\\\/\\\/exparto.pl\\\/hu\\\/produkt\\\/lemiesz-do-pluga-prawy-16-overum-sr-74607-stal-borowa\\\/#primaryimage\"},\"image\":{\"@id\":\"https:\\\/\\\/exparto.pl\\\/hu\\\/produkt\\\/lemiesz-do-pluga-prawy-16-overum-sr-74607-stal-borowa\\\/#primaryimage\"},\"thumbnailUrl\":\"https:\\\/\\\/exparto.pl\\\/wp-content\\\/uploads\\\/2026\\\/04\\\/79f8211f86e43d3bea9ff4c1f5fdb960.jpg\",\"datePublished\":\"2026-04-30T12:44:43+00:00\",\"dateModified\":\"2026-04-30T12:50:58+00:00\",\"breadcrumb\":{\"@id\":\"https:\\\/\\\/exparto.pl\\\/hu\\\/produkt\\\/lemiesz-do-pluga-prawy-16-overum-sr-74607-stal-borowa\\\/#breadcrumb\"},\"inLanguage\":\"hu\",\"potentialAction\":[{\"@type\":\"ReadAction\",\"target\":[\"https:\\\/\\\/exparto.pl\\\/hu\\\/produkt\\\/lemiesz-do-pluga-prawy-16-overum-sr-74607-stal-borowa\\\/\"]}]},{\"@type\":\"ImageObject\",\"inLanguage\":\"hu\",\"@id\":\"https:\\\/\\\/exparto.pl\\\/hu\\\/produkt\\\/lemiesz-do-pluga-prawy-16-overum-sr-74607-stal-borowa\\\/#primaryimage\",\"url\":\"https:\\\/\\\/exparto.pl\\\/wp-content\\\/uploads\\\/2026\\\/04\\\/79f8211f86e43d3bea9ff4c1f5fdb960.jpg\",\"contentUrl\":\"https:\\\/\\\/exparto.pl\\\/wp-content\\\/uploads\\\/2026\\\/04\\\/79f8211f86e43d3bea9ff4c1f5fdb960.jpg\",\"width\":1200,\"height\":1200,\"caption\":\"2b4e1d36bad218f39aa2e79b1f39d686\"},{\"@type\":\"BreadcrumbList\",\"@id\":\"https:\\\/\\\/exparto.pl\\\/hu\\\/produkt\\\/lemiesz-do-pluga-prawy-16-overum-sr-74607-stal-borowa\\\/#breadcrumb\",\"itemListElement\":[{\"@type\":\"ListItem\",\"position\":1,\"name\":\"Honlap\",\"item\":\"https:\\\/\\\/exparto.pl\\\/hu\\\/\"},{\"@type\":\"ListItem\",\"position\":2,\"name\":\"Sklep\",\"item\":\"https:\\\/\\\/exparto.pl\\\/sklep\\\/\"},{\"@type\":\"ListItem\",\"position\":3,\"name\":\"Asz\u00faalkatr\u00e9szek\",\"item\":\"https:\\\/\\\/exparto.pl\\\/hu\\\/termekkategoria\\\/aszualkatreszek\\\/\"},{\"@type\":\"ListItem\",\"position\":4,\"name\":\"Sz\u00e1nt\u00f3sz\u00e1rnyak\",\"item\":\"https:\\\/\\\/exparto.pl\\\/hu\\\/termekkategoria\\\/aszualkatreszek\\\/szantoszarnyak\\\/\"},{\"@type\":\"ListItem\",\"position\":5,\"name\":\"Lemiesze prawe\",\"item\":\"https:\\\/\\\/exparto.pl\\\/kategoria-produktu\\\/czesci-do-plugow\\\/lemiesze-do-pluga\\\/lemiesze-prawe\\\/\"},{\"@type\":\"ListItem\",\"position\":6,\"name\":\"Lemiesz do p\u0142uga prawy 16\u201d Overum SR 74607 stal borowa\"}]},{\"@type\":\"WebSite\",\"@id\":\"https:\\\/\\\/exparto.pl\\\/hu\\\/#website\",\"url\":\"https:\\\/\\\/exparto.pl\\\/hu\\\/\",\"name\":\"EXPARTO\",\"description\":\"More than agro parts\",\"publisher\":{\"@id\":\"https:\\\/\\\/exparto.pl\\\/hu\\\/#organization\"},\"potentialAction\":[{\"@type\":\"SearchAction\",\"target\":{\"@type\":\"EntryPoint\",\"urlTemplate\":\"https:\\\/\\\/exparto.pl\\\/hu\\\/?s={search_term_string}\"},\"query-input\":{\"@type\":\"PropertyValueSpecification\",\"valueRequired\":true,\"valueName\":\"search_term_string\"}}],\"inLanguage\":\"hu\"},{\"@type\":\"Organization\",\"@id\":\"https:\\\/\\\/exparto.pl\\\/hu\\\/#organization\",\"name\":\"EXPARTO\",\"url\":\"https:\\\/\\\/exparto.pl\\\/hu\\\/\",\"logo\":{\"@type\":\"ImageObject\",\"inLanguage\":\"hu\",\"@id\":\"https:\\\/\\\/exparto.pl\\\/hu\\\/#\\\/schema\\\/logo\\\/image\\\/\",\"url\":\"https:\\\/\\\/exparto.pl\\\/wp-content\\\/uploads\\\/2023\\\/02\\\/logo-wektor.png\",\"contentUrl\":\"https:\\\/\\\/exparto.pl\\\/wp-content\\\/uploads\\\/2023\\\/02\\\/logo-wektor.png\",\"width\":1338,\"height\":143,\"caption\":\"EXPARTO\"},\"image\":{\"@id\":\"https:\\\/\\\/exparto.pl\\\/hu\\\/#\\\/schema\\\/logo\\\/image\\\/\"},\"sameAs\":[\"https:\\\/\\\/www.facebook.com\\\/exparto.agro\\\/\"]}]}<\/script>\n<!-- \/ Yoast SEO plugin. -->","yoast_head_json":{"title":"Lemiesz do p\u0142uga prawy 16\u201d Overum SR 74607 stal borowa - Exparto.pl","robots":{"index":"index","follow":"follow","max-snippet":"max-snippet:-1","max-image-preview":"max-image-preview:large","max-video-preview":"max-video-preview:-1"},"canonical":"https:\/\/exparto.pl\/hu\/produkt\/lemiesz-do-pluga-prawy-16-overum-sr-74607-stal-borowa\/","og_locale":"hu_HU","og_type":"article","og_title":"Lemiesz do p\u0142uga prawy 16\u201d Overum SR 74607 stal borowa - Exparto.pl","og_description":"Lemiesz 16\u201d wykonany jest z trudno\u015bcieralnej stali borowej (SSAB Boron), co zapobiega to szybkiemu t\u0119pieniu si\u0119 elementu, szczeg\u00f3lnie podczas pracy na zakamienionych czy suchych polach.","og_url":"https:\/\/exparto.pl\/hu\/produkt\/lemiesz-do-pluga-prawy-16-overum-sr-74607-stal-borowa\/","og_site_name":"Exparto.pl","article_publisher":"https:\/\/www.facebook.com\/exparto.agro\/","article_modified_time":"2026-04-30T12:50:58+00:00","og_image":[{"width":1200,"height":1200,"url":"https:\/\/exparto.pl\/wp-content\/uploads\/2026\/04\/79f8211f86e43d3bea9ff4c1f5fdb960.jpg","type":"image\/jpeg"}],"twitter_card":"summary_large_image","twitter_misc":{"Becs\u00fclt olvas\u00e1si id\u0151":"2 perc"},"schema":{"@context":"https:\/\/schema.org","@graph":[{"@type":"WebPage","@id":"https:\/\/exparto.pl\/hu\/produkt\/lemiesz-do-pluga-prawy-16-overum-sr-74607-stal-borowa\/","url":"https:\/\/exparto.pl\/hu\/produkt\/lemiesz-do-pluga-prawy-16-overum-sr-74607-stal-borowa\/","name":"Lemiesz do p\u0142uga prawy 16\u201d Overum SR 74607 stal borowa - Exparto.pl","isPartOf":{"@id":"https:\/\/exparto.pl\/hu\/#website"},"primaryImageOfPage":{"@id":"https:\/\/exparto.pl\/hu\/produkt\/lemiesz-do-pluga-prawy-16-overum-sr-74607-stal-borowa\/#primaryimage"},"image":{"@id":"https:\/\/exparto.pl\/hu\/produkt\/lemiesz-do-pluga-prawy-16-overum-sr-74607-stal-borowa\/#primaryimage"},"thumbnailUrl":"https:\/\/exparto.pl\/wp-content\/uploads\/2026\/04\/79f8211f86e43d3bea9ff4c1f5fdb960.jpg","datePublished":"2026-04-30T12:44:43+00:00","dateModified":"2026-04-30T12:50:58+00:00","breadcrumb":{"@id":"https:\/\/exparto.pl\/hu\/produkt\/lemiesz-do-pluga-prawy-16-overum-sr-74607-stal-borowa\/#breadcrumb"},"inLanguage":"hu","potentialAction":[{"@type":"ReadAction","target":["https:\/\/exparto.pl\/hu\/produkt\/lemiesz-do-pluga-prawy-16-overum-sr-74607-stal-borowa\/"]}]},{"@type":"ImageObject","inLanguage":"hu","@id":"https:\/\/exparto.pl\/hu\/produkt\/lemiesz-do-pluga-prawy-16-overum-sr-74607-stal-borowa\/#primaryimage","url":"https:\/\/exparto.pl\/wp-content\/uploads\/2026\/04\/79f8211f86e43d3bea9ff4c1f5fdb960.jpg","contentUrl":"https:\/\/exparto.pl\/wp-content\/uploads\/2026\/04\/79f8211f86e43d3bea9ff4c1f5fdb960.jpg","width":1200,"height":1200,"caption":"2b4e1d36bad218f39aa2e79b1f39d686"},{"@type":"BreadcrumbList","@id":"https:\/\/exparto.pl\/hu\/produkt\/lemiesz-do-pluga-prawy-16-overum-sr-74607-stal-borowa\/#breadcrumb","itemListElement":[{"@type":"ListItem","position":1,"name":"Honlap","item":"https:\/\/exparto.pl\/hu\/"},{"@type":"ListItem","position":2,"name":"Sklep","item":"https:\/\/exparto.pl\/sklep\/"},{"@type":"ListItem","position":3,"name":"Asz\u00faalkatr\u00e9szek","item":"https:\/\/exparto.pl\/hu\/termekkategoria\/aszualkatreszek\/"},{"@type":"ListItem","position":4,"name":"Sz\u00e1nt\u00f3sz\u00e1rnyak","item":"https:\/\/exparto.pl\/hu\/termekkategoria\/aszualkatreszek\/szantoszarnyak\/"},{"@type":"ListItem","position":5,"name":"Lemiesze prawe","item":"https:\/\/exparto.pl\/kategoria-produktu\/czesci-do-plugow\/lemiesze-do-pluga\/lemiesze-prawe\/"},{"@type":"ListItem","position":6,"name":"Lemiesz do p\u0142uga prawy 16\u201d Overum SR 74607 stal borowa"}]},{"@type":"WebSite","@id":"https:\/\/exparto.pl\/hu\/#website","url":"https:\/\/exparto.pl\/hu\/","name":"EXPARTO","description":"More than agro parts","publisher":{"@id":"https:\/\/exparto.pl\/hu\/#organization"},"potentialAction":[{"@type":"SearchAction","target":{"@type":"EntryPoint","urlTemplate":"https:\/\/exparto.pl\/hu\/?s={search_term_string}"},"query-input":{"@type":"PropertyValueSpecification","valueRequired":true,"valueName":"search_term_string"}}],"inLanguage":"hu"},{"@type":"Organization","@id":"https:\/\/exparto.pl\/hu\/#organization","name":"EXPARTO","url":"https:\/\/exparto.pl\/hu\/","logo":{"@type":"ImageObject","inLanguage":"hu","@id":"https:\/\/exparto.pl\/hu\/#\/schema\/logo\/image\/","url":"https:\/\/exparto.pl\/wp-content\/uploads\/2023\/02\/logo-wektor.png","contentUrl":"https:\/\/exparto.pl\/wp-content\/uploads\/2023\/02\/logo-wektor.png","width":1338,"height":143,"caption":"EXPARTO"},"image":{"@id":"https:\/\/exparto.pl\/hu\/#\/schema\/logo\/image\/"},"sameAs":["https:\/\/www.facebook.com\/exparto.agro\/"]}]}},"_links":{"self":[{"href":"https:\/\/exparto.pl\/hu\/wp-json\/wp\/v2\/product\/65466","targetHints":{"allow":["GET"]}}],"collection":[{"href":"https:\/\/exparto.pl\/hu\/wp-json\/wp\/v2\/product"}],"about":[{"href":"https:\/\/exparto.pl\/hu\/wp-json\/wp\/v2\/types\/product"}],"replies":[{"embeddable":true,"href":"https:\/\/exparto.pl\/hu\/wp-json\/wp\/v2\/comments?post=65466"}],"wp:featuredmedia":[{"embeddable":true,"href":"https:\/\/exparto.pl\/hu\/wp-json\/wp\/v2\/media\/65446"}],"wp:attachment":[{"href":"https:\/\/exparto.pl\/hu\/wp-json\/wp\/v2\/media?parent=65466"}],"wp:term":[{"taxonomy":"product_brand","embeddable":true,"href":"https:\/\/exparto.pl\/hu\/wp-json\/wp\/v2\/product_brand?post=65466"},{"taxonomy":"product_cat","embeddable":true,"href":"https:\/\/exparto.pl\/hu\/wp-json\/wp\/v2\/product_cat?post=65466"},{"taxonomy":"product_tag","embeddable":true,"href":"https:\/\/exparto.pl\/hu\/wp-json\/wp\/v2\/product_tag?post=65466"}],"curies":[{"name":"wp","href":"https:\/\/api.w.org\/{rel}","templated":true}]}}