{"id":65832,"date":"2026-05-06T11:06:32","date_gmt":"2026-05-06T09:06:32","guid":{"rendered":"https:\/\/exparto.pl\/produkt\/docisk-sprzegla-do-kombajnu-zbozowego-bizon-z-056\/"},"modified":"2026-05-06T11:14:03","modified_gmt":"2026-05-06T09:14:03","slug":"docisk-sprzegla-do-kombajnu-zbozowego-bizon-z-056","status":"publish","type":"product","link":"https:\/\/exparto.pl\/hu\/produkt\/docisk-sprzegla-do-kombajnu-zbozowego-bizon-z-056\/","title":{"rendered":"Docisk sprz\u0119g\u0142a do kombajnu zbo\u017cowego Bizon Z-056"},"content":{"rendered":"<p style=\"text-align: justify\">W kombajnach zbo\u017cowych Bizon, pracuj\u0105cych cz\u0119sto pod ogromnym obci\u0105\u017ceniem i w du\u017cym zapyleniu, docisk sprz\u0119g\u0142a odpowiada za sprawne przenoszenie nap\u0119du z silnika na dalsze mechanizmy maszyny. <strong>W naszej ofercie posiadamy solidny docisk sprz\u0119g\u0142a.<\/strong> Gwarantuje on stabiln\u0105 si\u0142\u0119 nacisku i p\u0142ynn\u0105 zmian\u0119 bieg\u00f3w nawet przy pe\u0142nym zbiorniku ziarna. Sprawd\u017a t\u0105 i inne cz\u0119\u015bci do maszyn rolniczych w sklepie EXPARTO.<\/p>\n<h2><span style=\"font-weight: 400\">Docisk sprz\u0119g\u0142a Bizon \u2013 kombajn Bizon Z056, cz\u0119\u015bci do kombajn\u00f3w zbo\u017cowych<\/span><\/h2>\n<p style=\"text-align: justify\">Jakie s\u0105 objawy uszkodzenia docisku sprz\u0119g\u0142a w kombajnie? Najcz\u0119\u015bciej jest to \u015blizganie si\u0119 sprz\u0119g\u0142a pod obci\u0105\u017ceniem, problemy z wrzucaniem bieg\u00f3w oraz charakterystyczny zapach przypalonej ok\u0142adziny. <strong>W\u0142a\u015bnie dlatego kluczowe jest zastosowanie docisku sprz\u0119g\u0142a o solidnej konstrukcji, kt\u00f3ra pozwala na wywieranie precyzyjnej si\u0142y nacisku na tarcz\u0119.  <\/strong>Zapewnia to sztywne po\u0142\u0105czenie wa\u0142u silnika ze skrzyni\u0105 bieg\u00f3w.<\/p>\n<p style=\"text-align: justify\"><strong>Nasz docisk sprz\u0119g\u0142a gwarantuje efektywny transport ziarna nawet przy maksymalnym wype\u0142nieniu zbiornika.<\/strong> W asortymencie EXPARTO znajdziesz tak\u017ce inne cz\u0119\u015bci do kombajn\u00f3w zbo\u017cowych Bizon, kt\u00f3re u\u0142atwiaj\u0105 przygotowanie maszyny do bezawaryjnej pracy. Postaw na sprawdzone rozwi\u0105zania i zach\u0119camy do zapoznania si\u0119 z nasz\u0105 pe\u0142n\u0105 ofert\u0105 dost\u0119pn\u0105 na stronie.<\/p>\n<p style=\"text-align: justify\"><b>Zastosowanie<\/b><span style=\"font-weight: 400\">:<\/span><\/p>\n<ul>\n<li>kombajn zbo\u017cowy Bizon Z -056, Star S-28, S-29, S-660<\/li>\n<\/ul>\n<p style=\"text-align: justify\"><b>Numer katalogowy<\/b><span style=\"font-weight: 400\">:<\/span><\/p>\n<ul>\n<li>30318220.H<\/li>\n<li>5040\/25-008\/0<\/li>\n<li>5040250080<\/li>\n<li>4460002<\/li>\n<\/ul>\n","protected":false},"excerpt":{"rendered":"<p>Gwarantuje on stabiln\u0105 si\u0142\u0119 nacisku i p\u0142ynn\u0105 zmian\u0119 bieg\u00f3w nawet przy pe\u0142nym zbiorniku ziarna.<\/p>\n","protected":false},"featured_media":65822,"comment_status":"open","ping_status":"closed","template":"","meta":{"_acf_changed":false,"inline_featured_image":false},"product_brand":[],"product_cat":[770],"product_tag":[],"class_list":{"0":"post-65832","1":"product","2":"type-product","3":"status-publish","4":"has-post-thumbnail","6":"product_cat-czesci-do-kombajnow-zbozowych-2","8":"first","9":"instock","10":"taxable","11":"shipping-taxable","12":"purchasable","13":"product-type-simple"},"acf":[],"yoast_head":"<!-- This site is optimized with the Yoast SEO plugin v27.5 - https:\/\/yoast.com\/product\/yoast-seo-wordpress\/ -->\n<title>Docisk sprz\u0119g\u0142a do kombajnu zbo\u017cowego Bizon Z-056 - Exparto.pl<\/title>\n<meta name=\"robots\" content=\"index, follow, max-snippet:-1, max-image-preview:large, max-video-preview:-1\" \/>\n<link rel=\"canonical\" href=\"https:\/\/exparto.pl\/hu\/produkt\/docisk-sprzegla-do-kombajnu-zbozowego-bizon-z-056\/\" \/>\n<meta property=\"og:locale\" content=\"hu_HU\" \/>\n<meta property=\"og:type\" content=\"article\" \/>\n<meta property=\"og:title\" content=\"Docisk sprz\u0119g\u0142a do kombajnu zbo\u017cowego Bizon Z-056 - Exparto.pl\" \/>\n<meta property=\"og:description\" content=\"Gwarantuje on stabiln\u0105 si\u0142\u0119 nacisku i p\u0142ynn\u0105 zmian\u0119 bieg\u00f3w nawet przy pe\u0142nym zbiorniku ziarna.\" \/>\n<meta property=\"og:url\" content=\"https:\/\/exparto.pl\/hu\/produkt\/docisk-sprzegla-do-kombajnu-zbozowego-bizon-z-056\/\" \/>\n<meta property=\"og:site_name\" content=\"Exparto.pl\" \/>\n<meta property=\"article:publisher\" content=\"https:\/\/www.facebook.com\/exparto.agro\/\" \/>\n<meta property=\"article:modified_time\" content=\"2026-05-06T09:14:03+00:00\" \/>\n<meta name=\"twitter:card\" content=\"summary_large_image\" \/>\n<meta name=\"twitter:label1\" content=\"Becs\u00fclt olvas\u00e1si id\u0151\" \/>\n\t<meta name=\"twitter:data1\" content=\"1 perc\" \/>\n<script type=\"application\/ld+json\" class=\"yoast-schema-graph\">{\"@context\":\"https:\\\/\\\/schema.org\",\"@graph\":[{\"@type\":\"WebPage\",\"@id\":\"https:\\\/\\\/exparto.pl\\\/hu\\\/produkt\\\/docisk-sprzegla-do-kombajnu-zbozowego-bizon-z-056\\\/\",\"url\":\"https:\\\/\\\/exparto.pl\\\/hu\\\/produkt\\\/docisk-sprzegla-do-kombajnu-zbozowego-bizon-z-056\\\/\",\"name\":\"Docisk sprz\u0119g\u0142a do kombajnu zbo\u017cowego Bizon Z-056 - Exparto.pl\",\"isPartOf\":{\"@id\":\"https:\\\/\\\/exparto.pl\\\/hu\\\/#website\"},\"primaryImageOfPage\":{\"@id\":\"https:\\\/\\\/exparto.pl\\\/hu\\\/produkt\\\/docisk-sprzegla-do-kombajnu-zbozowego-bizon-z-056\\\/#primaryimage\"},\"image\":{\"@id\":\"https:\\\/\\\/exparto.pl\\\/hu\\\/produkt\\\/docisk-sprzegla-do-kombajnu-zbozowego-bizon-z-056\\\/#primaryimage\"},\"thumbnailUrl\":\"https:\\\/\\\/exparto.pl\\\/wp-content\\\/uploads\\\/2026\\\/05\\\/d3fbe3801caadc42c44bd4bc45194a27.jpg\",\"datePublished\":\"2026-05-06T09:06:32+00:00\",\"dateModified\":\"2026-05-06T09:14:03+00:00\",\"breadcrumb\":{\"@id\":\"https:\\\/\\\/exparto.pl\\\/hu\\\/produkt\\\/docisk-sprzegla-do-kombajnu-zbozowego-bizon-z-056\\\/#breadcrumb\"},\"inLanguage\":\"hu\",\"potentialAction\":[{\"@type\":\"ReadAction\",\"target\":[\"https:\\\/\\\/exparto.pl\\\/hu\\\/produkt\\\/docisk-sprzegla-do-kombajnu-zbozowego-bizon-z-056\\\/\"]}]},{\"@type\":\"ImageObject\",\"inLanguage\":\"hu\",\"@id\":\"https:\\\/\\\/exparto.pl\\\/hu\\\/produkt\\\/docisk-sprzegla-do-kombajnu-zbozowego-bizon-z-056\\\/#primaryimage\",\"url\":\"https:\\\/\\\/exparto.pl\\\/wp-content\\\/uploads\\\/2026\\\/05\\\/d3fbe3801caadc42c44bd4bc45194a27.jpg\",\"contentUrl\":\"https:\\\/\\\/exparto.pl\\\/wp-content\\\/uploads\\\/2026\\\/05\\\/d3fbe3801caadc42c44bd4bc45194a27.jpg\",\"width\":1200,\"height\":1200,\"caption\":\"88312cb4daaaa7d4ef9c3108cc698d1d\"},{\"@type\":\"BreadcrumbList\",\"@id\":\"https:\\\/\\\/exparto.pl\\\/hu\\\/produkt\\\/docisk-sprzegla-do-kombajnu-zbozowego-bizon-z-056\\\/#breadcrumb\",\"itemListElement\":[{\"@type\":\"ListItem\",\"position\":1,\"name\":\"Honlap\",\"item\":\"https:\\\/\\\/exparto.pl\\\/hu\\\/\"},{\"@type\":\"ListItem\",\"position\":2,\"name\":\"Sklep\",\"item\":\"https:\\\/\\\/exparto.pl\\\/sklep\\\/\"},{\"@type\":\"ListItem\",\"position\":3,\"name\":\"Docisk sprz\u0119g\u0142a do kombajnu zbo\u017cowego Bizon Z-056\"}]},{\"@type\":\"WebSite\",\"@id\":\"https:\\\/\\\/exparto.pl\\\/hu\\\/#website\",\"url\":\"https:\\\/\\\/exparto.pl\\\/hu\\\/\",\"name\":\"EXPARTO\",\"description\":\"More than agro parts\",\"publisher\":{\"@id\":\"https:\\\/\\\/exparto.pl\\\/hu\\\/#organization\"},\"potentialAction\":[{\"@type\":\"SearchAction\",\"target\":{\"@type\":\"EntryPoint\",\"urlTemplate\":\"https:\\\/\\\/exparto.pl\\\/hu\\\/?s={search_term_string}\"},\"query-input\":{\"@type\":\"PropertyValueSpecification\",\"valueRequired\":true,\"valueName\":\"search_term_string\"}}],\"inLanguage\":\"hu\"},{\"@type\":\"Organization\",\"@id\":\"https:\\\/\\\/exparto.pl\\\/hu\\\/#organization\",\"name\":\"EXPARTO\",\"url\":\"https:\\\/\\\/exparto.pl\\\/hu\\\/\",\"logo\":{\"@type\":\"ImageObject\",\"inLanguage\":\"hu\",\"@id\":\"https:\\\/\\\/exparto.pl\\\/hu\\\/#\\\/schema\\\/logo\\\/image\\\/\",\"url\":\"https:\\\/\\\/exparto.pl\\\/wp-content\\\/uploads\\\/2023\\\/02\\\/logo-wektor.png\",\"contentUrl\":\"https:\\\/\\\/exparto.pl\\\/wp-content\\\/uploads\\\/2023\\\/02\\\/logo-wektor.png\",\"width\":1338,\"height\":143,\"caption\":\"EXPARTO\"},\"image\":{\"@id\":\"https:\\\/\\\/exparto.pl\\\/hu\\\/#\\\/schema\\\/logo\\\/image\\\/\"},\"sameAs\":[\"https:\\\/\\\/www.facebook.com\\\/exparto.agro\\\/\"]}]}<\/script>\n<!-- \/ Yoast SEO plugin. -->","yoast_head_json":{"title":"Docisk sprz\u0119g\u0142a do kombajnu zbo\u017cowego Bizon Z-056 - Exparto.pl","robots":{"index":"index","follow":"follow","max-snippet":"max-snippet:-1","max-image-preview":"max-image-preview:large","max-video-preview":"max-video-preview:-1"},"canonical":"https:\/\/exparto.pl\/hu\/produkt\/docisk-sprzegla-do-kombajnu-zbozowego-bizon-z-056\/","og_locale":"hu_HU","og_type":"article","og_title":"Docisk sprz\u0119g\u0142a do kombajnu zbo\u017cowego Bizon Z-056 - Exparto.pl","og_description":"Gwarantuje on stabiln\u0105 si\u0142\u0119 nacisku i p\u0142ynn\u0105 zmian\u0119 bieg\u00f3w nawet przy pe\u0142nym zbiorniku ziarna.","og_url":"https:\/\/exparto.pl\/hu\/produkt\/docisk-sprzegla-do-kombajnu-zbozowego-bizon-z-056\/","og_site_name":"Exparto.pl","article_publisher":"https:\/\/www.facebook.com\/exparto.agro\/","article_modified_time":"2026-05-06T09:14:03+00:00","twitter_card":"summary_large_image","twitter_misc":{"Becs\u00fclt olvas\u00e1si id\u0151":"1 perc"},"schema":{"@context":"https:\/\/schema.org","@graph":[{"@type":"WebPage","@id":"https:\/\/exparto.pl\/hu\/produkt\/docisk-sprzegla-do-kombajnu-zbozowego-bizon-z-056\/","url":"https:\/\/exparto.pl\/hu\/produkt\/docisk-sprzegla-do-kombajnu-zbozowego-bizon-z-056\/","name":"Docisk sprz\u0119g\u0142a do kombajnu zbo\u017cowego Bizon Z-056 - Exparto.pl","isPartOf":{"@id":"https:\/\/exparto.pl\/hu\/#website"},"primaryImageOfPage":{"@id":"https:\/\/exparto.pl\/hu\/produkt\/docisk-sprzegla-do-kombajnu-zbozowego-bizon-z-056\/#primaryimage"},"image":{"@id":"https:\/\/exparto.pl\/hu\/produkt\/docisk-sprzegla-do-kombajnu-zbozowego-bizon-z-056\/#primaryimage"},"thumbnailUrl":"https:\/\/exparto.pl\/wp-content\/uploads\/2026\/05\/d3fbe3801caadc42c44bd4bc45194a27.jpg","datePublished":"2026-05-06T09:06:32+00:00","dateModified":"2026-05-06T09:14:03+00:00","breadcrumb":{"@id":"https:\/\/exparto.pl\/hu\/produkt\/docisk-sprzegla-do-kombajnu-zbozowego-bizon-z-056\/#breadcrumb"},"inLanguage":"hu","potentialAction":[{"@type":"ReadAction","target":["https:\/\/exparto.pl\/hu\/produkt\/docisk-sprzegla-do-kombajnu-zbozowego-bizon-z-056\/"]}]},{"@type":"ImageObject","inLanguage":"hu","@id":"https:\/\/exparto.pl\/hu\/produkt\/docisk-sprzegla-do-kombajnu-zbozowego-bizon-z-056\/#primaryimage","url":"https:\/\/exparto.pl\/wp-content\/uploads\/2026\/05\/d3fbe3801caadc42c44bd4bc45194a27.jpg","contentUrl":"https:\/\/exparto.pl\/wp-content\/uploads\/2026\/05\/d3fbe3801caadc42c44bd4bc45194a27.jpg","width":1200,"height":1200,"caption":"88312cb4daaaa7d4ef9c3108cc698d1d"},{"@type":"BreadcrumbList","@id":"https:\/\/exparto.pl\/hu\/produkt\/docisk-sprzegla-do-kombajnu-zbozowego-bizon-z-056\/#breadcrumb","itemListElement":[{"@type":"ListItem","position":1,"name":"Honlap","item":"https:\/\/exparto.pl\/hu\/"},{"@type":"ListItem","position":2,"name":"Sklep","item":"https:\/\/exparto.pl\/sklep\/"},{"@type":"ListItem","position":3,"name":"Docisk sprz\u0119g\u0142a do kombajnu zbo\u017cowego Bizon Z-056"}]},{"@type":"WebSite","@id":"https:\/\/exparto.pl\/hu\/#website","url":"https:\/\/exparto.pl\/hu\/","name":"EXPARTO","description":"More than agro parts","publisher":{"@id":"https:\/\/exparto.pl\/hu\/#organization"},"potentialAction":[{"@type":"SearchAction","target":{"@type":"EntryPoint","urlTemplate":"https:\/\/exparto.pl\/hu\/?s={search_term_string}"},"query-input":{"@type":"PropertyValueSpecification","valueRequired":true,"valueName":"search_term_string"}}],"inLanguage":"hu"},{"@type":"Organization","@id":"https:\/\/exparto.pl\/hu\/#organization","name":"EXPARTO","url":"https:\/\/exparto.pl\/hu\/","logo":{"@type":"ImageObject","inLanguage":"hu","@id":"https:\/\/exparto.pl\/hu\/#\/schema\/logo\/image\/","url":"https:\/\/exparto.pl\/wp-content\/uploads\/2023\/02\/logo-wektor.png","contentUrl":"https:\/\/exparto.pl\/wp-content\/uploads\/2023\/02\/logo-wektor.png","width":1338,"height":143,"caption":"EXPARTO"},"image":{"@id":"https:\/\/exparto.pl\/hu\/#\/schema\/logo\/image\/"},"sameAs":["https:\/\/www.facebook.com\/exparto.agro\/"]}]}},"_links":{"self":[{"href":"https:\/\/exparto.pl\/hu\/wp-json\/wp\/v2\/product\/65832","targetHints":{"allow":["GET"]}}],"collection":[{"href":"https:\/\/exparto.pl\/hu\/wp-json\/wp\/v2\/product"}],"about":[{"href":"https:\/\/exparto.pl\/hu\/wp-json\/wp\/v2\/types\/product"}],"replies":[{"embeddable":true,"href":"https:\/\/exparto.pl\/hu\/wp-json\/wp\/v2\/comments?post=65832"}],"wp:featuredmedia":[{"embeddable":true,"href":"https:\/\/exparto.pl\/hu\/wp-json\/wp\/v2\/media\/65822"}],"wp:attachment":[{"href":"https:\/\/exparto.pl\/hu\/wp-json\/wp\/v2\/media?parent=65832"}],"wp:term":[{"taxonomy":"product_brand","embeddable":true,"href":"https:\/\/exparto.pl\/hu\/wp-json\/wp\/v2\/product_brand?post=65832"},{"taxonomy":"product_cat","embeddable":true,"href":"https:\/\/exparto.pl\/hu\/wp-json\/wp\/v2\/product_cat?post=65832"},{"taxonomy":"product_tag","embeddable":true,"href":"https:\/\/exparto.pl\/hu\/wp-json\/wp\/v2\/product_tag?post=65832"}],"curies":[{"name":"wp","href":"https:\/\/api.w.org\/{rel}","templated":true}]}}