{"id":65924,"date":"2026-05-06T15:15:50","date_gmt":"2026-05-06T13:15:50","guid":{"rendered":"https:\/\/exparto.pl\/produkt\/nakretka-ucha-dyszla-m36x2-do-przyczepy-d-47-6120100003\/"},"modified":"2026-05-06T15:23:28","modified_gmt":"2026-05-06T13:23:28","slug":"nakretka-ucha-dyszla-m36x2-do-przyczepy-d-47-6120100003","status":"publish","type":"product","link":"https:\/\/exparto.pl\/hu\/produkt\/nakretka-ucha-dyszla-m36x2-do-przyczepy-d-47-6120100003\/","title":{"rendered":"Nakr\u0119tka ucha dyszla M36x2 do przyczepy D-47 6120100003"},"content":{"rendered":"<p style=\"text-align: justify\"><strong>Nakr\u0119tka M36x2 do <\/strong>ucha dyszla zabezpiecza sworze\u0144 zaczepowy przed wysuni\u0119ciem podczas transportu i pracy w polu. W naszej ofercie mamy polski produkt pasuj\u0105cy do ucha dyszla przyczep typu D-47 z gwintem M36x2. Sprawd\u017a te i inne <strong>cz\u0119\u015bci do przyczepy D47<\/strong> w sklepie EXPARTO.<\/p>\n<h2><span style=\"font-weight: 400\">Nakr\u0119tka zabezpieczaj\u0105ca \u2013 nakr\u0119tka M36x2, cz\u0119\u015bci do przyczep D-47<\/span><\/h2>\n<p style=\"text-align: justify\"><strong>Jak skutecznie zabezpieczy\u0107 sworze\u0144 ucha dyszla przed wysuni\u0119ciem?<\/strong> Najlepszym rozwi\u0105zaniem jest zastosowanie nakr\u0119tki, kt\u00f3rej zadaniem jest utrzymanie sworznia w prawid\u0142owej pozycji oraz zabezpieczenie ca\u0142ego po\u0142\u0105czenia przed poluzowaniem podczas pracy. Oddzia\u0142uj\u0105 na ni\u0105 si\u0142y pojawiaj\u0105ce si\u0119 przy ruszaniu, hamowaniu oraz podczas jazdy po nier\u00f3wnym terenie, dlatego musi by\u0107 wykonana z wytrzyma\u0142ych materia\u0142\u00f3w odpornych na uszkodzenia i odkszta\u0142cenia. Dzi\u0119ki precyzyjnemu gwintowi M36x2 nakr\u0119tka ogranicza powstawanie luz\u00f3w, co wp\u0142ywa na stabilno\u015b\u0107 po\u0142\u0105czenia przyczepy z ci\u0105gnikiem.<\/p>\n<p style=\"text-align: justify\">Szeroko\u015b\u0107 pod klucz 55 mm zapewnia odpowiedni\u0105 powierzchni\u0119 styku, a szczeliny w koronce umo\u017cliwiaj\u0105 \u0142atwe zabezpieczenie przed odkr\u0119caniem. W EXPARTO znajdziesz r\u00f3wnie\u017c inne <strong>cz\u0119\u015bci do przyczep rolniczych<\/strong>, kt\u00f3re pomog\u0105 Ci szybko przygotowa\u0107 przyczepy do pracy. Zach\u0119camy do zapoznania si\u0119 z ofert\u0105!<\/p>\n<p style=\"text-align: justify\"><b>Zastosowanie<\/b><span style=\"font-weight: 400\">:<\/span><\/p>\n<ul>\n<li>przyczepy rolnicze typu D-47 i pochodne<\/li>\n<li>maszyny rolnicze<\/li>\n<li>uniwersalne<\/li>\n<\/ul>\n<p style=\"text-align: justify\"><b>Numer katalogowy<\/b><span style=\"font-weight: 400\">:<\/span><\/p>\n<ul>\n<li>6120100003<\/li>\n<\/ul>\n","protected":false},"excerpt":{"rendered":"<p>Szeroko\u015b\u0107 pod klucz 55 mm zapewnia odpowiedni\u0105 powierzchni\u0119 styku, a szczeliny w koronce umo\u017cliwiaj\u0105 \u0142atwe zabezpieczenie przed odkr\u0119caniem.<\/p>\n","protected":false},"featured_media":65909,"comment_status":"open","ping_status":"closed","template":"","meta":{"_acf_changed":false,"inline_featured_image":false},"product_brand":[],"product_cat":[50,746,739],"product_tag":[],"class_list":{"0":"post-65924","1":"product","2":"type-product","3":"status-publish","4":"has-post-thumbnail","6":"product_cat-czesci-do-przyczep","7":"product_cat-d-47","8":"product_cat-d-35-d-47-d-50","10":"first","11":"instock","12":"taxable","13":"shipping-taxable","14":"purchasable","15":"product-type-simple"},"acf":[],"yoast_head":"<!-- This site is optimized with the Yoast SEO plugin v27.5 - https:\/\/yoast.com\/product\/yoast-seo-wordpress\/ -->\n<title>Nakr\u0119tka ucha dyszla M36x2 do przyczepy D-47 6120100003 - Exparto.pl<\/title>\n<meta name=\"robots\" content=\"index, follow, max-snippet:-1, max-image-preview:large, max-video-preview:-1\" \/>\n<link rel=\"canonical\" href=\"https:\/\/exparto.pl\/hu\/produkt\/nakretka-ucha-dyszla-m36x2-do-przyczepy-d-47-6120100003\/\" \/>\n<meta property=\"og:locale\" content=\"hu_HU\" \/>\n<meta property=\"og:type\" content=\"article\" \/>\n<meta property=\"og:title\" content=\"Nakr\u0119tka ucha dyszla M36x2 do przyczepy D-47 6120100003 - Exparto.pl\" \/>\n<meta property=\"og:description\" content=\"Szeroko\u015b\u0107 pod klucz 55 mm zapewnia odpowiedni\u0105 powierzchni\u0119 styku, a szczeliny w koronce umo\u017cliwiaj\u0105 \u0142atwe zabezpieczenie przed odkr\u0119caniem.\" \/>\n<meta property=\"og:url\" content=\"https:\/\/exparto.pl\/hu\/produkt\/nakretka-ucha-dyszla-m36x2-do-przyczepy-d-47-6120100003\/\" \/>\n<meta property=\"og:site_name\" content=\"Exparto.pl\" \/>\n<meta property=\"article:publisher\" content=\"https:\/\/www.facebook.com\/exparto.agro\/\" \/>\n<meta property=\"article:modified_time\" content=\"2026-05-06T13:23:28+00:00\" \/>\n<meta property=\"og:image\" content=\"https:\/\/exparto.pl\/wp-content\/uploads\/2026\/05\/8b407b552be7e251bb3a3acbdb50ac89.jpg\" \/>\n\t<meta property=\"og:image:width\" content=\"1200\" \/>\n\t<meta property=\"og:image:height\" content=\"1200\" \/>\n\t<meta property=\"og:image:type\" content=\"image\/jpeg\" \/>\n<meta name=\"twitter:card\" content=\"summary_large_image\" \/>\n<meta name=\"twitter:label1\" content=\"Becs\u00fclt olvas\u00e1si id\u0151\" \/>\n\t<meta name=\"twitter:data1\" content=\"2 perc\" \/>\n<script type=\"application\/ld+json\" class=\"yoast-schema-graph\">{\"@context\":\"https:\\\/\\\/schema.org\",\"@graph\":[{\"@type\":\"WebPage\",\"@id\":\"https:\\\/\\\/exparto.pl\\\/hu\\\/produkt\\\/nakretka-ucha-dyszla-m36x2-do-przyczepy-d-47-6120100003\\\/\",\"url\":\"https:\\\/\\\/exparto.pl\\\/hu\\\/produkt\\\/nakretka-ucha-dyszla-m36x2-do-przyczepy-d-47-6120100003\\\/\",\"name\":\"Nakr\u0119tka ucha dyszla M36x2 do przyczepy D-47 6120100003 - Exparto.pl\",\"isPartOf\":{\"@id\":\"https:\\\/\\\/exparto.pl\\\/hu\\\/#website\"},\"primaryImageOfPage\":{\"@id\":\"https:\\\/\\\/exparto.pl\\\/hu\\\/produkt\\\/nakretka-ucha-dyszla-m36x2-do-przyczepy-d-47-6120100003\\\/#primaryimage\"},\"image\":{\"@id\":\"https:\\\/\\\/exparto.pl\\\/hu\\\/produkt\\\/nakretka-ucha-dyszla-m36x2-do-przyczepy-d-47-6120100003\\\/#primaryimage\"},\"thumbnailUrl\":\"https:\\\/\\\/exparto.pl\\\/wp-content\\\/uploads\\\/2026\\\/05\\\/8b407b552be7e251bb3a3acbdb50ac89.jpg\",\"datePublished\":\"2026-05-06T13:15:50+00:00\",\"dateModified\":\"2026-05-06T13:23:28+00:00\",\"breadcrumb\":{\"@id\":\"https:\\\/\\\/exparto.pl\\\/hu\\\/produkt\\\/nakretka-ucha-dyszla-m36x2-do-przyczepy-d-47-6120100003\\\/#breadcrumb\"},\"inLanguage\":\"hu\",\"potentialAction\":[{\"@type\":\"ReadAction\",\"target\":[\"https:\\\/\\\/exparto.pl\\\/hu\\\/produkt\\\/nakretka-ucha-dyszla-m36x2-do-przyczepy-d-47-6120100003\\\/\"]}]},{\"@type\":\"ImageObject\",\"inLanguage\":\"hu\",\"@id\":\"https:\\\/\\\/exparto.pl\\\/hu\\\/produkt\\\/nakretka-ucha-dyszla-m36x2-do-przyczepy-d-47-6120100003\\\/#primaryimage\",\"url\":\"https:\\\/\\\/exparto.pl\\\/wp-content\\\/uploads\\\/2026\\\/05\\\/8b407b552be7e251bb3a3acbdb50ac89.jpg\",\"contentUrl\":\"https:\\\/\\\/exparto.pl\\\/wp-content\\\/uploads\\\/2026\\\/05\\\/8b407b552be7e251bb3a3acbdb50ac89.jpg\",\"width\":1200,\"height\":1200,\"caption\":\"42388ac12065ab13afe51e82782408b5\"},{\"@type\":\"BreadcrumbList\",\"@id\":\"https:\\\/\\\/exparto.pl\\\/hu\\\/produkt\\\/nakretka-ucha-dyszla-m36x2-do-przyczepy-d-47-6120100003\\\/#breadcrumb\",\"itemListElement\":[{\"@type\":\"ListItem\",\"position\":1,\"name\":\"Honlap\",\"item\":\"https:\\\/\\\/exparto.pl\\\/hu\\\/\"},{\"@type\":\"ListItem\",\"position\":2,\"name\":\"Sklep\",\"item\":\"https:\\\/\\\/exparto.pl\\\/sklep\\\/\"},{\"@type\":\"ListItem\",\"position\":3,\"name\":\"P\u00f3tkocsi alkatr\u00e9szek\",\"item\":\"https:\\\/\\\/exparto.pl\\\/hu\\\/termekkategoria\\\/potkocsi-alkatreszek\\\/\"},{\"@type\":\"ListItem\",\"position\":4,\"name\":\"Pasuj\u0105ce do przyczep\",\"item\":\"https:\\\/\\\/exparto.pl\\\/kategoria-produktu\\\/czesci-do-przyczep\\\/d-35-d-47-d-50\\\/\"},{\"@type\":\"ListItem\",\"position\":5,\"name\":\"Cz\u0119\u015bci do przyczepy D-47\",\"item\":\"https:\\\/\\\/exparto.pl\\\/kategoria-produktu\\\/czesci-do-przyczep\\\/d-35-d-47-d-50\\\/d-47\\\/\"},{\"@type\":\"ListItem\",\"position\":6,\"name\":\"Nakr\u0119tka ucha dyszla M36x2 do przyczepy D-47 6120100003\"}]},{\"@type\":\"WebSite\",\"@id\":\"https:\\\/\\\/exparto.pl\\\/hu\\\/#website\",\"url\":\"https:\\\/\\\/exparto.pl\\\/hu\\\/\",\"name\":\"EXPARTO\",\"description\":\"More than agro parts\",\"publisher\":{\"@id\":\"https:\\\/\\\/exparto.pl\\\/hu\\\/#organization\"},\"potentialAction\":[{\"@type\":\"SearchAction\",\"target\":{\"@type\":\"EntryPoint\",\"urlTemplate\":\"https:\\\/\\\/exparto.pl\\\/hu\\\/?s={search_term_string}\"},\"query-input\":{\"@type\":\"PropertyValueSpecification\",\"valueRequired\":true,\"valueName\":\"search_term_string\"}}],\"inLanguage\":\"hu\"},{\"@type\":\"Organization\",\"@id\":\"https:\\\/\\\/exparto.pl\\\/hu\\\/#organization\",\"name\":\"EXPARTO\",\"url\":\"https:\\\/\\\/exparto.pl\\\/hu\\\/\",\"logo\":{\"@type\":\"ImageObject\",\"inLanguage\":\"hu\",\"@id\":\"https:\\\/\\\/exparto.pl\\\/hu\\\/#\\\/schema\\\/logo\\\/image\\\/\",\"url\":\"https:\\\/\\\/exparto.pl\\\/wp-content\\\/uploads\\\/2023\\\/02\\\/logo-wektor.png\",\"contentUrl\":\"https:\\\/\\\/exparto.pl\\\/wp-content\\\/uploads\\\/2023\\\/02\\\/logo-wektor.png\",\"width\":1338,\"height\":143,\"caption\":\"EXPARTO\"},\"image\":{\"@id\":\"https:\\\/\\\/exparto.pl\\\/hu\\\/#\\\/schema\\\/logo\\\/image\\\/\"},\"sameAs\":[\"https:\\\/\\\/www.facebook.com\\\/exparto.agro\\\/\"]}]}<\/script>\n<!-- \/ Yoast SEO plugin. -->","yoast_head_json":{"title":"Nakr\u0119tka ucha dyszla M36x2 do przyczepy D-47 6120100003 - Exparto.pl","robots":{"index":"index","follow":"follow","max-snippet":"max-snippet:-1","max-image-preview":"max-image-preview:large","max-video-preview":"max-video-preview:-1"},"canonical":"https:\/\/exparto.pl\/hu\/produkt\/nakretka-ucha-dyszla-m36x2-do-przyczepy-d-47-6120100003\/","og_locale":"hu_HU","og_type":"article","og_title":"Nakr\u0119tka ucha dyszla M36x2 do przyczepy D-47 6120100003 - Exparto.pl","og_description":"Szeroko\u015b\u0107 pod klucz 55 mm zapewnia odpowiedni\u0105 powierzchni\u0119 styku, a szczeliny w koronce umo\u017cliwiaj\u0105 \u0142atwe zabezpieczenie przed odkr\u0119caniem.","og_url":"https:\/\/exparto.pl\/hu\/produkt\/nakretka-ucha-dyszla-m36x2-do-przyczepy-d-47-6120100003\/","og_site_name":"Exparto.pl","article_publisher":"https:\/\/www.facebook.com\/exparto.agro\/","article_modified_time":"2026-05-06T13:23:28+00:00","og_image":[{"width":1200,"height":1200,"url":"https:\/\/exparto.pl\/wp-content\/uploads\/2026\/05\/8b407b552be7e251bb3a3acbdb50ac89.jpg","type":"image\/jpeg"}],"twitter_card":"summary_large_image","twitter_misc":{"Becs\u00fclt olvas\u00e1si id\u0151":"2 perc"},"schema":{"@context":"https:\/\/schema.org","@graph":[{"@type":"WebPage","@id":"https:\/\/exparto.pl\/hu\/produkt\/nakretka-ucha-dyszla-m36x2-do-przyczepy-d-47-6120100003\/","url":"https:\/\/exparto.pl\/hu\/produkt\/nakretka-ucha-dyszla-m36x2-do-przyczepy-d-47-6120100003\/","name":"Nakr\u0119tka ucha dyszla M36x2 do przyczepy D-47 6120100003 - Exparto.pl","isPartOf":{"@id":"https:\/\/exparto.pl\/hu\/#website"},"primaryImageOfPage":{"@id":"https:\/\/exparto.pl\/hu\/produkt\/nakretka-ucha-dyszla-m36x2-do-przyczepy-d-47-6120100003\/#primaryimage"},"image":{"@id":"https:\/\/exparto.pl\/hu\/produkt\/nakretka-ucha-dyszla-m36x2-do-przyczepy-d-47-6120100003\/#primaryimage"},"thumbnailUrl":"https:\/\/exparto.pl\/wp-content\/uploads\/2026\/05\/8b407b552be7e251bb3a3acbdb50ac89.jpg","datePublished":"2026-05-06T13:15:50+00:00","dateModified":"2026-05-06T13:23:28+00:00","breadcrumb":{"@id":"https:\/\/exparto.pl\/hu\/produkt\/nakretka-ucha-dyszla-m36x2-do-przyczepy-d-47-6120100003\/#breadcrumb"},"inLanguage":"hu","potentialAction":[{"@type":"ReadAction","target":["https:\/\/exparto.pl\/hu\/produkt\/nakretka-ucha-dyszla-m36x2-do-przyczepy-d-47-6120100003\/"]}]},{"@type":"ImageObject","inLanguage":"hu","@id":"https:\/\/exparto.pl\/hu\/produkt\/nakretka-ucha-dyszla-m36x2-do-przyczepy-d-47-6120100003\/#primaryimage","url":"https:\/\/exparto.pl\/wp-content\/uploads\/2026\/05\/8b407b552be7e251bb3a3acbdb50ac89.jpg","contentUrl":"https:\/\/exparto.pl\/wp-content\/uploads\/2026\/05\/8b407b552be7e251bb3a3acbdb50ac89.jpg","width":1200,"height":1200,"caption":"42388ac12065ab13afe51e82782408b5"},{"@type":"BreadcrumbList","@id":"https:\/\/exparto.pl\/hu\/produkt\/nakretka-ucha-dyszla-m36x2-do-przyczepy-d-47-6120100003\/#breadcrumb","itemListElement":[{"@type":"ListItem","position":1,"name":"Honlap","item":"https:\/\/exparto.pl\/hu\/"},{"@type":"ListItem","position":2,"name":"Sklep","item":"https:\/\/exparto.pl\/sklep\/"},{"@type":"ListItem","position":3,"name":"P\u00f3tkocsi alkatr\u00e9szek","item":"https:\/\/exparto.pl\/hu\/termekkategoria\/potkocsi-alkatreszek\/"},{"@type":"ListItem","position":4,"name":"Pasuj\u0105ce do przyczep","item":"https:\/\/exparto.pl\/kategoria-produktu\/czesci-do-przyczep\/d-35-d-47-d-50\/"},{"@type":"ListItem","position":5,"name":"Cz\u0119\u015bci do przyczepy D-47","item":"https:\/\/exparto.pl\/kategoria-produktu\/czesci-do-przyczep\/d-35-d-47-d-50\/d-47\/"},{"@type":"ListItem","position":6,"name":"Nakr\u0119tka ucha dyszla M36x2 do przyczepy D-47 6120100003"}]},{"@type":"WebSite","@id":"https:\/\/exparto.pl\/hu\/#website","url":"https:\/\/exparto.pl\/hu\/","name":"EXPARTO","description":"More than agro parts","publisher":{"@id":"https:\/\/exparto.pl\/hu\/#organization"},"potentialAction":[{"@type":"SearchAction","target":{"@type":"EntryPoint","urlTemplate":"https:\/\/exparto.pl\/hu\/?s={search_term_string}"},"query-input":{"@type":"PropertyValueSpecification","valueRequired":true,"valueName":"search_term_string"}}],"inLanguage":"hu"},{"@type":"Organization","@id":"https:\/\/exparto.pl\/hu\/#organization","name":"EXPARTO","url":"https:\/\/exparto.pl\/hu\/","logo":{"@type":"ImageObject","inLanguage":"hu","@id":"https:\/\/exparto.pl\/hu\/#\/schema\/logo\/image\/","url":"https:\/\/exparto.pl\/wp-content\/uploads\/2023\/02\/logo-wektor.png","contentUrl":"https:\/\/exparto.pl\/wp-content\/uploads\/2023\/02\/logo-wektor.png","width":1338,"height":143,"caption":"EXPARTO"},"image":{"@id":"https:\/\/exparto.pl\/hu\/#\/schema\/logo\/image\/"},"sameAs":["https:\/\/www.facebook.com\/exparto.agro\/"]}]}},"_links":{"self":[{"href":"https:\/\/exparto.pl\/hu\/wp-json\/wp\/v2\/product\/65924","targetHints":{"allow":["GET"]}}],"collection":[{"href":"https:\/\/exparto.pl\/hu\/wp-json\/wp\/v2\/product"}],"about":[{"href":"https:\/\/exparto.pl\/hu\/wp-json\/wp\/v2\/types\/product"}],"replies":[{"embeddable":true,"href":"https:\/\/exparto.pl\/hu\/wp-json\/wp\/v2\/comments?post=65924"}],"wp:featuredmedia":[{"embeddable":true,"href":"https:\/\/exparto.pl\/hu\/wp-json\/wp\/v2\/media\/65909"}],"wp:attachment":[{"href":"https:\/\/exparto.pl\/hu\/wp-json\/wp\/v2\/media?parent=65924"}],"wp:term":[{"taxonomy":"product_brand","embeddable":true,"href":"https:\/\/exparto.pl\/hu\/wp-json\/wp\/v2\/product_brand?post=65924"},{"taxonomy":"product_cat","embeddable":true,"href":"https:\/\/exparto.pl\/hu\/wp-json\/wp\/v2\/product_cat?post=65924"},{"taxonomy":"product_tag","embeddable":true,"href":"https:\/\/exparto.pl\/hu\/wp-json\/wp\/v2\/product_tag?post=65924"}],"curies":[{"name":"wp","href":"https:\/\/api.w.org\/{rel}","templated":true}]}}