{"id":9378,"date":"2023-11-13T10:52:33","date_gmt":"2023-11-13T09:52:33","guid":{"rendered":"https:\/\/exparto.pl\/produkt\/euro-raklapkocsik-100x40x1200-udz-25t\/"},"modified":"2023-11-13T10:52:33","modified_gmt":"2023-11-13T09:52:33","slug":"paleciak-euro-100x40x1200-udz-25t","status":"publish","type":"product","link":"https:\/\/exparto.pl\/hu\/produkt\/paleciak-euro-100x40x1200-udz-25t\/","title":{"rendered":"EURO raklapkocsik 100x40x1200 UD\u0179 2,5T"},"content":{"rendered":"<p style=\"text-align: justify;\"><span style=\"color: inherit; font-weight: 700 !important;\">A keret<\/span> kiv\u00e1l\u00f3 min\u0151s\u00e9g\u0171 ac\u00e9lb\u00f3l k\u00e9sz\u00fclt, ami garant\u00e1lja a term\u00e9k szil\u00e1rds\u00e1g\u00e1t \u00e9s tart\u00f3ss\u00e1g\u00e1t. A robusztus kialak\u00edt\u00e1s stabilit\u00e1st biztos\u00edt a raklapok emel\u00e9se, mozgat\u00e1sa \u00e9s t\u00e1rol\u00e1sa sor\u00e1n, minimaliz\u00e1lva az \u00e1ruk s\u00e9r\u00fcl\u00e9s\u00e9nek kock\u00e1zat\u00e1t \u00e9s biztos\u00edtva a biztons\u00e1gos munkav\u00e9gz\u00e9s felt\u00e9teleit.<\/p>\n<div style=\"text-align: justify;\"><span style=\"font-weight: 700 !important;\">Alkalmaz\u00e1s:<\/span><\/div>\n<div style=\"text-align: justify;\">homlokrakod\u00f3kban, kotr\u00f3g\u00e9pekben, kotr\u00f3rakod\u00f3kban, rakod\u00f3kban, minirakod\u00f3kban \u00e9s targonc\u00e1kban.<\/div>\n<p class=\"MsoNormal\">\n<p class=\"MsoNormal\">Villam\u00e9ret: 2A 100x40x1200<\/p>\n<p class=\"MsoNormal\">Teherb\u00edr\u00e1s: 2,5 tonna ( p\u00e1r)<\/p>\n<p class=\"MsoNormal\">\n<p class=\"MsoNormal\">\n<div><\/div>\n","protected":false},"excerpt":{"rendered":"<p style=\"margin: 0px 0px 10px; , helvetica, arial, sans-serif;font-size: 14px; font-style: normal; font-weight: 400; letter-spacing: normal; text-align: start; text-indent: 0px; text-transform: none;\">\n<p style=\"margin: 0px 0px 10px; , helvetica, arial, sans-serif;font-size: 14px; font-style: normal; letter-spacing: normal; text-indent: 0px; text-transform: none; text-align: justify;\"><span style=\"color: inherit;\">A keret<\/span> kiv\u00e1l\u00f3 min\u0151s\u00e9g\u0171 ac\u00e9lb\u00f3l k\u00e9sz\u00fclt, ami garant\u00e1lja a term\u00e9k szil\u00e1rds\u00e1g\u00e1t \u00e9s tart\u00f3ss\u00e1g\u00e1t. A robusztus kialak\u00edt\u00e1s stabilit\u00e1st biztos\u00edt a raklapok emel\u00e9se, mozgat\u00e1sa \u00e9s t\u00e1rol\u00e1sa sor\u00e1n, minimaliz\u00e1lva az \u00e1ruk s\u00e9r\u00fcl\u00e9s\u00e9nek kock\u00e1zat\u00e1t \u00e9s biztos\u00edtva a biztons\u00e1gos munkav\u00e9gz\u00e9s felt\u00e9teleit.<\/p>\n","protected":false},"featured_media":14645,"comment_status":"open","ping_status":"closed","template":"","meta":{"_acf_changed":false,"inline_featured_image":false},"product_brand":[],"product_cat":[327],"product_tag":[],"class_list":{"0":"post-9378","1":"product","2":"type-product","3":"status-publish","4":"has-post-thumbnail","6":"product_cat-raklapos-targonca-teljes","8":"first","9":"outofstock","10":"taxable","11":"shipping-taxable","12":"purchasable","13":"product-type-simple"},"acf":[],"yoast_head":"<!-- This site is optimized with the Yoast SEO plugin v27.2 - https:\/\/yoast.com\/product\/yoast-seo-wordpress\/ -->\n<title>EURO raklapkocsik 100x40x1200 UD\u0179 2,5T - Exparto.pl<\/title>\n<meta name=\"robots\" content=\"index, follow, max-snippet:-1, max-image-preview:large, max-video-preview:-1\" \/>\n<link rel=\"canonical\" href=\"https:\/\/exparto.pl\/hu\/produkt\/paleciak-euro-100x40x1200-udz-25t\/\" \/>\n<meta property=\"og:locale\" content=\"hu_HU\" \/>\n<meta property=\"og:type\" content=\"article\" \/>\n<meta property=\"og:title\" content=\"EURO raklapkocsik 100x40x1200 UD\u0179 2,5T - Exparto.pl\" \/>\n<meta property=\"og:description\" content=\"A keret kiv\u00e1l\u00f3 min\u0151s\u00e9g\u0171 ac\u00e9lb\u00f3l k\u00e9sz\u00fclt, ami garant\u00e1lja a term\u00e9k szil\u00e1rds\u00e1g\u00e1t \u00e9s tart\u00f3ss\u00e1g\u00e1t. A robusztus kialak\u00edt\u00e1s stabilit\u00e1st biztos\u00edt a raklapok emel\u00e9se, mozgat\u00e1sa \u00e9s t\u00e1rol\u00e1sa sor\u00e1n, minimaliz\u00e1lva az \u00e1ruk s\u00e9r\u00fcl\u00e9s\u00e9nek kock\u00e1zat\u00e1t \u00e9s biztos\u00edtva a biztons\u00e1gos munkav\u00e9gz\u00e9s felt\u00e9teleit.\" \/>\n<meta property=\"og:url\" content=\"https:\/\/exparto.pl\/hu\/produkt\/paleciak-euro-100x40x1200-udz-25t\/\" \/>\n<meta property=\"og:site_name\" content=\"Exparto.pl\" \/>\n<meta property=\"article:publisher\" content=\"https:\/\/www.facebook.com\/exparto.agro\/\" \/>\n<meta property=\"og:image\" content=\"https:\/\/exparto.pl\/wp-content\/uploads\/2023\/11\/0be2e30684ed8996dd52897adf1d5af0-1.jpg\" \/>\n\t<meta property=\"og:image:width\" content=\"1000\" \/>\n\t<meta property=\"og:image:height\" content=\"1000\" \/>\n\t<meta property=\"og:image:type\" content=\"image\/jpeg\" \/>\n<meta name=\"twitter:card\" content=\"summary_large_image\" \/>\n<meta name=\"twitter:label1\" content=\"Becs\u00fclt olvas\u00e1si id\u0151\" \/>\n\t<meta name=\"twitter:data1\" content=\"1 perc\" \/>\n<script type=\"application\/ld+json\" class=\"yoast-schema-graph\">{\"@context\":\"https:\/\/schema.org\",\"@graph\":[{\"@type\":\"WebPage\",\"@id\":\"https:\/\/exparto.pl\/hu\/produkt\/paleciak-euro-100x40x1200-udz-25t\/\",\"url\":\"https:\/\/exparto.pl\/hu\/produkt\/paleciak-euro-100x40x1200-udz-25t\/\",\"name\":\"EURO raklapkocsik 100x40x1200 UD\u0179 2,5T - Exparto.pl\",\"isPartOf\":{\"@id\":\"https:\/\/exparto.pl\/hu\/#website\"},\"primaryImageOfPage\":{\"@id\":\"https:\/\/exparto.pl\/hu\/produkt\/paleciak-euro-100x40x1200-udz-25t\/#primaryimage\"},\"image\":{\"@id\":\"https:\/\/exparto.pl\/hu\/produkt\/paleciak-euro-100x40x1200-udz-25t\/#primaryimage\"},\"thumbnailUrl\":\"https:\/\/exparto.pl\/wp-content\/uploads\/2023\/11\/0be2e30684ed8996dd52897adf1d5af0-1.jpg\",\"datePublished\":\"2023-11-13T09:52:33+00:00\",\"breadcrumb\":{\"@id\":\"https:\/\/exparto.pl\/hu\/produkt\/paleciak-euro-100x40x1200-udz-25t\/#breadcrumb\"},\"inLanguage\":\"hu\",\"potentialAction\":[{\"@type\":\"ReadAction\",\"target\":[\"https:\/\/exparto.pl\/hu\/produkt\/paleciak-euro-100x40x1200-udz-25t\/\"]}]},{\"@type\":\"ImageObject\",\"inLanguage\":\"hu\",\"@id\":\"https:\/\/exparto.pl\/hu\/produkt\/paleciak-euro-100x40x1200-udz-25t\/#primaryimage\",\"url\":\"https:\/\/exparto.pl\/wp-content\/uploads\/2023\/11\/0be2e30684ed8996dd52897adf1d5af0-1.jpg\",\"contentUrl\":\"https:\/\/exparto.pl\/wp-content\/uploads\/2023\/11\/0be2e30684ed8996dd52897adf1d5af0-1.jpg\",\"width\":1000,\"height\":1000},{\"@type\":\"BreadcrumbList\",\"@id\":\"https:\/\/exparto.pl\/hu\/produkt\/paleciak-euro-100x40x1200-udz-25t\/#breadcrumb\",\"itemListElement\":[{\"@type\":\"ListItem\",\"position\":1,\"name\":\"Honlap\",\"item\":\"https:\/\/exparto.pl\/hu\/\"},{\"@type\":\"ListItem\",\"position\":2,\"name\":\"Sklep\",\"item\":\"https:\/\/exparto.pl\/sklep\/\"},{\"@type\":\"ListItem\",\"position\":3,\"name\":\"Alkatr\u00e9szek el\u00fcls\u0151 rakod\u00f3khoz\",\"item\":\"https:\/\/exparto.pl\/hu\/termekkategoria\/alkatreszek-elulso-rakodokhoz\/\"},{\"@type\":\"ListItem\",\"position\":4,\"name\":\"Vill\u00e1k, teherhord\u00f3 keretek\",\"item\":\"https:\/\/exparto.pl\/hu\/termekkategoria\/alkatreszek-elulso-rakodokhoz\/villak-teherhordo-keretek\/\"},{\"@type\":\"ListItem\",\"position\":5,\"name\":\"Raklapos targonca teljes\",\"item\":\"https:\/\/exparto.pl\/hu\/termekkategoria\/alkatreszek-elulso-rakodokhoz\/villak-teherhordo-keretek\/raklapos-targonca-teljes\/\"},{\"@type\":\"ListItem\",\"position\":6,\"name\":\"EURO raklapkocsik 100x40x1200 UD\u0179 2,5T\"}]},{\"@type\":\"WebSite\",\"@id\":\"https:\/\/exparto.pl\/hu\/#website\",\"url\":\"https:\/\/exparto.pl\/hu\/\",\"name\":\"EXPARTO\",\"description\":\"More than agro parts\",\"publisher\":{\"@id\":\"https:\/\/exparto.pl\/hu\/#organization\"},\"potentialAction\":[{\"@type\":\"SearchAction\",\"target\":{\"@type\":\"EntryPoint\",\"urlTemplate\":\"https:\/\/exparto.pl\/hu\/?s={search_term_string}\"},\"query-input\":{\"@type\":\"PropertyValueSpecification\",\"valueRequired\":true,\"valueName\":\"search_term_string\"}}],\"inLanguage\":\"hu\"},{\"@type\":\"Organization\",\"@id\":\"https:\/\/exparto.pl\/hu\/#organization\",\"name\":\"EXPARTO\",\"url\":\"https:\/\/exparto.pl\/hu\/\",\"logo\":{\"@type\":\"ImageObject\",\"inLanguage\":\"hu\",\"@id\":\"https:\/\/exparto.pl\/hu\/#\/schema\/logo\/image\/\",\"url\":\"https:\/\/exparto.pl\/wp-content\/uploads\/2023\/02\/logo-wektor.png\",\"contentUrl\":\"https:\/\/exparto.pl\/wp-content\/uploads\/2023\/02\/logo-wektor.png\",\"width\":1338,\"height\":143,\"caption\":\"EXPARTO\"},\"image\":{\"@id\":\"https:\/\/exparto.pl\/hu\/#\/schema\/logo\/image\/\"},\"sameAs\":[\"https:\/\/www.facebook.com\/exparto.agro\/\"]}]}<\/script>\n<!-- \/ Yoast SEO plugin. -->","yoast_head_json":{"title":"EURO raklapkocsik 100x40x1200 UD\u0179 2,5T - Exparto.pl","robots":{"index":"index","follow":"follow","max-snippet":"max-snippet:-1","max-image-preview":"max-image-preview:large","max-video-preview":"max-video-preview:-1"},"canonical":"https:\/\/exparto.pl\/hu\/produkt\/paleciak-euro-100x40x1200-udz-25t\/","og_locale":"hu_HU","og_type":"article","og_title":"EURO raklapkocsik 100x40x1200 UD\u0179 2,5T - Exparto.pl","og_description":"A keret kiv\u00e1l\u00f3 min\u0151s\u00e9g\u0171 ac\u00e9lb\u00f3l k\u00e9sz\u00fclt, ami garant\u00e1lja a term\u00e9k szil\u00e1rds\u00e1g\u00e1t \u00e9s tart\u00f3ss\u00e1g\u00e1t. A robusztus kialak\u00edt\u00e1s stabilit\u00e1st biztos\u00edt a raklapok emel\u00e9se, mozgat\u00e1sa \u00e9s t\u00e1rol\u00e1sa sor\u00e1n, minimaliz\u00e1lva az \u00e1ruk s\u00e9r\u00fcl\u00e9s\u00e9nek kock\u00e1zat\u00e1t \u00e9s biztos\u00edtva a biztons\u00e1gos munkav\u00e9gz\u00e9s felt\u00e9teleit.","og_url":"https:\/\/exparto.pl\/hu\/produkt\/paleciak-euro-100x40x1200-udz-25t\/","og_site_name":"Exparto.pl","article_publisher":"https:\/\/www.facebook.com\/exparto.agro\/","og_image":[{"width":1000,"height":1000,"url":"https:\/\/exparto.pl\/wp-content\/uploads\/2023\/11\/0be2e30684ed8996dd52897adf1d5af0-1.jpg","type":"image\/jpeg"}],"twitter_card":"summary_large_image","twitter_misc":{"Becs\u00fclt olvas\u00e1si id\u0151":"1 perc"},"schema":{"@context":"https:\/\/schema.org","@graph":[{"@type":"WebPage","@id":"https:\/\/exparto.pl\/hu\/produkt\/paleciak-euro-100x40x1200-udz-25t\/","url":"https:\/\/exparto.pl\/hu\/produkt\/paleciak-euro-100x40x1200-udz-25t\/","name":"EURO raklapkocsik 100x40x1200 UD\u0179 2,5T - Exparto.pl","isPartOf":{"@id":"https:\/\/exparto.pl\/hu\/#website"},"primaryImageOfPage":{"@id":"https:\/\/exparto.pl\/hu\/produkt\/paleciak-euro-100x40x1200-udz-25t\/#primaryimage"},"image":{"@id":"https:\/\/exparto.pl\/hu\/produkt\/paleciak-euro-100x40x1200-udz-25t\/#primaryimage"},"thumbnailUrl":"https:\/\/exparto.pl\/wp-content\/uploads\/2023\/11\/0be2e30684ed8996dd52897adf1d5af0-1.jpg","datePublished":"2023-11-13T09:52:33+00:00","breadcrumb":{"@id":"https:\/\/exparto.pl\/hu\/produkt\/paleciak-euro-100x40x1200-udz-25t\/#breadcrumb"},"inLanguage":"hu","potentialAction":[{"@type":"ReadAction","target":["https:\/\/exparto.pl\/hu\/produkt\/paleciak-euro-100x40x1200-udz-25t\/"]}]},{"@type":"ImageObject","inLanguage":"hu","@id":"https:\/\/exparto.pl\/hu\/produkt\/paleciak-euro-100x40x1200-udz-25t\/#primaryimage","url":"https:\/\/exparto.pl\/wp-content\/uploads\/2023\/11\/0be2e30684ed8996dd52897adf1d5af0-1.jpg","contentUrl":"https:\/\/exparto.pl\/wp-content\/uploads\/2023\/11\/0be2e30684ed8996dd52897adf1d5af0-1.jpg","width":1000,"height":1000},{"@type":"BreadcrumbList","@id":"https:\/\/exparto.pl\/hu\/produkt\/paleciak-euro-100x40x1200-udz-25t\/#breadcrumb","itemListElement":[{"@type":"ListItem","position":1,"name":"Honlap","item":"https:\/\/exparto.pl\/hu\/"},{"@type":"ListItem","position":2,"name":"Sklep","item":"https:\/\/exparto.pl\/sklep\/"},{"@type":"ListItem","position":3,"name":"Alkatr\u00e9szek el\u00fcls\u0151 rakod\u00f3khoz","item":"https:\/\/exparto.pl\/hu\/termekkategoria\/alkatreszek-elulso-rakodokhoz\/"},{"@type":"ListItem","position":4,"name":"Vill\u00e1k, teherhord\u00f3 keretek","item":"https:\/\/exparto.pl\/hu\/termekkategoria\/alkatreszek-elulso-rakodokhoz\/villak-teherhordo-keretek\/"},{"@type":"ListItem","position":5,"name":"Raklapos targonca teljes","item":"https:\/\/exparto.pl\/hu\/termekkategoria\/alkatreszek-elulso-rakodokhoz\/villak-teherhordo-keretek\/raklapos-targonca-teljes\/"},{"@type":"ListItem","position":6,"name":"EURO raklapkocsik 100x40x1200 UD\u0179 2,5T"}]},{"@type":"WebSite","@id":"https:\/\/exparto.pl\/hu\/#website","url":"https:\/\/exparto.pl\/hu\/","name":"EXPARTO","description":"More than agro parts","publisher":{"@id":"https:\/\/exparto.pl\/hu\/#organization"},"potentialAction":[{"@type":"SearchAction","target":{"@type":"EntryPoint","urlTemplate":"https:\/\/exparto.pl\/hu\/?s={search_term_string}"},"query-input":{"@type":"PropertyValueSpecification","valueRequired":true,"valueName":"search_term_string"}}],"inLanguage":"hu"},{"@type":"Organization","@id":"https:\/\/exparto.pl\/hu\/#organization","name":"EXPARTO","url":"https:\/\/exparto.pl\/hu\/","logo":{"@type":"ImageObject","inLanguage":"hu","@id":"https:\/\/exparto.pl\/hu\/#\/schema\/logo\/image\/","url":"https:\/\/exparto.pl\/wp-content\/uploads\/2023\/02\/logo-wektor.png","contentUrl":"https:\/\/exparto.pl\/wp-content\/uploads\/2023\/02\/logo-wektor.png","width":1338,"height":143,"caption":"EXPARTO"},"image":{"@id":"https:\/\/exparto.pl\/hu\/#\/schema\/logo\/image\/"},"sameAs":["https:\/\/www.facebook.com\/exparto.agro\/"]}]}},"_links":{"self":[{"href":"https:\/\/exparto.pl\/hu\/wp-json\/wp\/v2\/product\/9378","targetHints":{"allow":["GET"]}}],"collection":[{"href":"https:\/\/exparto.pl\/hu\/wp-json\/wp\/v2\/product"}],"about":[{"href":"https:\/\/exparto.pl\/hu\/wp-json\/wp\/v2\/types\/product"}],"replies":[{"embeddable":true,"href":"https:\/\/exparto.pl\/hu\/wp-json\/wp\/v2\/comments?post=9378"}],"wp:featuredmedia":[{"embeddable":true,"href":"https:\/\/exparto.pl\/hu\/wp-json\/wp\/v2\/media\/14645"}],"wp:attachment":[{"href":"https:\/\/exparto.pl\/hu\/wp-json\/wp\/v2\/media?parent=9378"}],"wp:term":[{"taxonomy":"product_brand","embeddable":true,"href":"https:\/\/exparto.pl\/hu\/wp-json\/wp\/v2\/product_brand?post=9378"},{"taxonomy":"product_cat","embeddable":true,"href":"https:\/\/exparto.pl\/hu\/wp-json\/wp\/v2\/product_cat?post=9378"},{"taxonomy":"product_tag","embeddable":true,"href":"https:\/\/exparto.pl\/hu\/wp-json\/wp\/v2\/product_tag?post=9378"}],"curies":[{"name":"wp","href":"https:\/\/api.w.org\/{rel}","templated":true}]}}