{"id":9392,"date":"2023-11-08T15:23:46","date_gmt":"2023-11-08T14:23:46","guid":{"rendered":"https:\/\/exparto.pl\/produkt\/hidraulikus-szuro-wo30-74-156-10-bizon-plock\/"},"modified":"2023-11-08T15:23:46","modified_gmt":"2023-11-08T14:23:46","slug":"filtr-hydrauliczny-wo30-74-156-10-bizon-plock","status":"publish","type":"product","link":"https:\/\/exparto.pl\/hu\/produkt\/filtr-hydrauliczny-wo30-74-156-10-bizon-plock\/","title":{"rendered":"Hidraulikus sz\u0171r\u0151 &#8211; WO30-74.156.10 BIZON-P\u0141OCK"},"content":{"rendered":"<p style=\"text-align: justify\"><b>Sz\u0171r\u0151 alkalmaz\u00e1sa:<\/b><\/p>\n<ul>\n<li style=\"text-align: justify\">BIZON-P\u0141OCK &#8211; REKORD 6CT107<\/li>\n<li style=\"text-align: justify\">BIZON-P\u0141OCK &#8211; SUPER SW400<\/li>\n<li style=\"text-align: justify\">BIZON P\u0141OCK &#8211; Z 056 SW400<\/li>\n<\/ul>\n","protected":false},"excerpt":{"rendered":"<p style=\"text-align: justify\">Hidraulikasz\u0171r\u0151 &#8211; WO30-74.156.10<\/p>\n","protected":false},"featured_media":9393,"comment_status":"open","ping_status":"closed","template":"","meta":{"_acf_changed":false,"inline_featured_image":false},"product_brand":[],"product_cat":[300,276],"product_tag":[],"class_list":{"0":"post-9392","1":"product","2":"type-product","3":"status-publish","4":"has-post-thumbnail","6":"product_cat-hidraulikus-szuro","7":"product_cat-szurok","9":"first","10":"outofstock","11":"taxable","12":"shipping-taxable","13":"purchasable","14":"product-type-simple"},"acf":[],"yoast_head":"<!-- This site is optimized with the Yoast SEO plugin v27.2 - https:\/\/yoast.com\/product\/yoast-seo-wordpress\/ -->\n<title>Hidraulikus sz\u0171r\u0151 - WO30-74.156.10 BIZON-P\u0141OCK - Exparto.pl<\/title>\n<meta name=\"robots\" content=\"index, follow, max-snippet:-1, max-image-preview:large, max-video-preview:-1\" \/>\n<link rel=\"canonical\" href=\"https:\/\/exparto.pl\/hu\/produkt\/filtr-hydrauliczny-wo30-74-156-10-bizon-plock\/\" \/>\n<meta property=\"og:locale\" content=\"hu_HU\" \/>\n<meta property=\"og:type\" content=\"article\" \/>\n<meta property=\"og:title\" content=\"Hidraulikus sz\u0171r\u0151 - WO30-74.156.10 BIZON-P\u0141OCK - Exparto.pl\" \/>\n<meta property=\"og:description\" content=\"Hidraulikasz\u0171r\u0151 - WO30-74.156.10\" \/>\n<meta property=\"og:url\" content=\"https:\/\/exparto.pl\/hu\/produkt\/filtr-hydrauliczny-wo30-74-156-10-bizon-plock\/\" \/>\n<meta property=\"og:site_name\" content=\"Exparto.pl\" \/>\n<meta property=\"article:publisher\" content=\"https:\/\/www.facebook.com\/exparto.agro\/\" \/>\n<meta property=\"og:image\" content=\"https:\/\/exparto.pl\/wp-content\/uploads\/2023\/11\/5644bcd839b143883d0be25e25f9fb03.jpg\" \/>\n\t<meta property=\"og:image:width\" content=\"1000\" \/>\n\t<meta property=\"og:image:height\" content=\"1000\" \/>\n\t<meta property=\"og:image:type\" content=\"image\/jpeg\" \/>\n<meta name=\"twitter:card\" content=\"summary_large_image\" \/>\n<script type=\"application\/ld+json\" class=\"yoast-schema-graph\">{\"@context\":\"https:\/\/schema.org\",\"@graph\":[{\"@type\":\"WebPage\",\"@id\":\"https:\/\/exparto.pl\/hu\/produkt\/filtr-hydrauliczny-wo30-74-156-10-bizon-plock\/\",\"url\":\"https:\/\/exparto.pl\/hu\/produkt\/filtr-hydrauliczny-wo30-74-156-10-bizon-plock\/\",\"name\":\"Hidraulikus sz\u0171r\u0151 - WO30-74.156.10 BIZON-P\u0141OCK - Exparto.pl\",\"isPartOf\":{\"@id\":\"https:\/\/exparto.pl\/hu\/#website\"},\"primaryImageOfPage\":{\"@id\":\"https:\/\/exparto.pl\/hu\/produkt\/filtr-hydrauliczny-wo30-74-156-10-bizon-plock\/#primaryimage\"},\"image\":{\"@id\":\"https:\/\/exparto.pl\/hu\/produkt\/filtr-hydrauliczny-wo30-74-156-10-bizon-plock\/#primaryimage\"},\"thumbnailUrl\":\"https:\/\/exparto.pl\/wp-content\/uploads\/2023\/11\/5644bcd839b143883d0be25e25f9fb03.jpg\",\"datePublished\":\"2023-11-08T14:23:46+00:00\",\"breadcrumb\":{\"@id\":\"https:\/\/exparto.pl\/hu\/produkt\/filtr-hydrauliczny-wo30-74-156-10-bizon-plock\/#breadcrumb\"},\"inLanguage\":\"hu\",\"potentialAction\":[{\"@type\":\"ReadAction\",\"target\":[\"https:\/\/exparto.pl\/hu\/produkt\/filtr-hydrauliczny-wo30-74-156-10-bizon-plock\/\"]}]},{\"@type\":\"ImageObject\",\"inLanguage\":\"hu\",\"@id\":\"https:\/\/exparto.pl\/hu\/produkt\/filtr-hydrauliczny-wo30-74-156-10-bizon-plock\/#primaryimage\",\"url\":\"https:\/\/exparto.pl\/wp-content\/uploads\/2023\/11\/5644bcd839b143883d0be25e25f9fb03.jpg\",\"contentUrl\":\"https:\/\/exparto.pl\/wp-content\/uploads\/2023\/11\/5644bcd839b143883d0be25e25f9fb03.jpg\",\"width\":1000,\"height\":1000},{\"@type\":\"BreadcrumbList\",\"@id\":\"https:\/\/exparto.pl\/hu\/produkt\/filtr-hydrauliczny-wo30-74-156-10-bizon-plock\/#breadcrumb\",\"itemListElement\":[{\"@type\":\"ListItem\",\"position\":1,\"name\":\"Honlap\",\"item\":\"https:\/\/exparto.pl\/hu\/\"},{\"@type\":\"ListItem\",\"position\":2,\"name\":\"Sklep\",\"item\":\"https:\/\/exparto.pl\/sklep\/\"},{\"@type\":\"ListItem\",\"position\":3,\"name\":\"Sz\u0171r\u0151k\",\"item\":\"https:\/\/exparto.pl\/hu\/termekkategoria\/szurok\/\"},{\"@type\":\"ListItem\",\"position\":4,\"name\":\"Hidraulikus sz\u0171r\u0151\",\"item\":\"https:\/\/exparto.pl\/hu\/termekkategoria\/szurok\/hidraulikus-szuro\/\"},{\"@type\":\"ListItem\",\"position\":5,\"name\":\"Hidraulikus sz\u0171r\u0151 &#8211; WO30-74.156.10 BIZON-P\u0141OCK\"}]},{\"@type\":\"WebSite\",\"@id\":\"https:\/\/exparto.pl\/hu\/#website\",\"url\":\"https:\/\/exparto.pl\/hu\/\",\"name\":\"EXPARTO\",\"description\":\"More than agro parts\",\"publisher\":{\"@id\":\"https:\/\/exparto.pl\/hu\/#organization\"},\"potentialAction\":[{\"@type\":\"SearchAction\",\"target\":{\"@type\":\"EntryPoint\",\"urlTemplate\":\"https:\/\/exparto.pl\/hu\/?s={search_term_string}\"},\"query-input\":{\"@type\":\"PropertyValueSpecification\",\"valueRequired\":true,\"valueName\":\"search_term_string\"}}],\"inLanguage\":\"hu\"},{\"@type\":\"Organization\",\"@id\":\"https:\/\/exparto.pl\/hu\/#organization\",\"name\":\"EXPARTO\",\"url\":\"https:\/\/exparto.pl\/hu\/\",\"logo\":{\"@type\":\"ImageObject\",\"inLanguage\":\"hu\",\"@id\":\"https:\/\/exparto.pl\/hu\/#\/schema\/logo\/image\/\",\"url\":\"https:\/\/exparto.pl\/wp-content\/uploads\/2023\/02\/logo-wektor.png\",\"contentUrl\":\"https:\/\/exparto.pl\/wp-content\/uploads\/2023\/02\/logo-wektor.png\",\"width\":1338,\"height\":143,\"caption\":\"EXPARTO\"},\"image\":{\"@id\":\"https:\/\/exparto.pl\/hu\/#\/schema\/logo\/image\/\"},\"sameAs\":[\"https:\/\/www.facebook.com\/exparto.agro\/\"]}]}<\/script>\n<!-- \/ Yoast SEO plugin. -->","yoast_head_json":{"title":"Hidraulikus sz\u0171r\u0151 - WO30-74.156.10 BIZON-P\u0141OCK - Exparto.pl","robots":{"index":"index","follow":"follow","max-snippet":"max-snippet:-1","max-image-preview":"max-image-preview:large","max-video-preview":"max-video-preview:-1"},"canonical":"https:\/\/exparto.pl\/hu\/produkt\/filtr-hydrauliczny-wo30-74-156-10-bizon-plock\/","og_locale":"hu_HU","og_type":"article","og_title":"Hidraulikus sz\u0171r\u0151 - WO30-74.156.10 BIZON-P\u0141OCK - Exparto.pl","og_description":"Hidraulikasz\u0171r\u0151 - WO30-74.156.10","og_url":"https:\/\/exparto.pl\/hu\/produkt\/filtr-hydrauliczny-wo30-74-156-10-bizon-plock\/","og_site_name":"Exparto.pl","article_publisher":"https:\/\/www.facebook.com\/exparto.agro\/","og_image":[{"width":1000,"height":1000,"url":"https:\/\/exparto.pl\/wp-content\/uploads\/2023\/11\/5644bcd839b143883d0be25e25f9fb03.jpg","type":"image\/jpeg"}],"twitter_card":"summary_large_image","schema":{"@context":"https:\/\/schema.org","@graph":[{"@type":"WebPage","@id":"https:\/\/exparto.pl\/hu\/produkt\/filtr-hydrauliczny-wo30-74-156-10-bizon-plock\/","url":"https:\/\/exparto.pl\/hu\/produkt\/filtr-hydrauliczny-wo30-74-156-10-bizon-plock\/","name":"Hidraulikus sz\u0171r\u0151 - WO30-74.156.10 BIZON-P\u0141OCK - Exparto.pl","isPartOf":{"@id":"https:\/\/exparto.pl\/hu\/#website"},"primaryImageOfPage":{"@id":"https:\/\/exparto.pl\/hu\/produkt\/filtr-hydrauliczny-wo30-74-156-10-bizon-plock\/#primaryimage"},"image":{"@id":"https:\/\/exparto.pl\/hu\/produkt\/filtr-hydrauliczny-wo30-74-156-10-bizon-plock\/#primaryimage"},"thumbnailUrl":"https:\/\/exparto.pl\/wp-content\/uploads\/2023\/11\/5644bcd839b143883d0be25e25f9fb03.jpg","datePublished":"2023-11-08T14:23:46+00:00","breadcrumb":{"@id":"https:\/\/exparto.pl\/hu\/produkt\/filtr-hydrauliczny-wo30-74-156-10-bizon-plock\/#breadcrumb"},"inLanguage":"hu","potentialAction":[{"@type":"ReadAction","target":["https:\/\/exparto.pl\/hu\/produkt\/filtr-hydrauliczny-wo30-74-156-10-bizon-plock\/"]}]},{"@type":"ImageObject","inLanguage":"hu","@id":"https:\/\/exparto.pl\/hu\/produkt\/filtr-hydrauliczny-wo30-74-156-10-bizon-plock\/#primaryimage","url":"https:\/\/exparto.pl\/wp-content\/uploads\/2023\/11\/5644bcd839b143883d0be25e25f9fb03.jpg","contentUrl":"https:\/\/exparto.pl\/wp-content\/uploads\/2023\/11\/5644bcd839b143883d0be25e25f9fb03.jpg","width":1000,"height":1000},{"@type":"BreadcrumbList","@id":"https:\/\/exparto.pl\/hu\/produkt\/filtr-hydrauliczny-wo30-74-156-10-bizon-plock\/#breadcrumb","itemListElement":[{"@type":"ListItem","position":1,"name":"Honlap","item":"https:\/\/exparto.pl\/hu\/"},{"@type":"ListItem","position":2,"name":"Sklep","item":"https:\/\/exparto.pl\/sklep\/"},{"@type":"ListItem","position":3,"name":"Sz\u0171r\u0151k","item":"https:\/\/exparto.pl\/hu\/termekkategoria\/szurok\/"},{"@type":"ListItem","position":4,"name":"Hidraulikus sz\u0171r\u0151","item":"https:\/\/exparto.pl\/hu\/termekkategoria\/szurok\/hidraulikus-szuro\/"},{"@type":"ListItem","position":5,"name":"Hidraulikus sz\u0171r\u0151 &#8211; WO30-74.156.10 BIZON-P\u0141OCK"}]},{"@type":"WebSite","@id":"https:\/\/exparto.pl\/hu\/#website","url":"https:\/\/exparto.pl\/hu\/","name":"EXPARTO","description":"More than agro parts","publisher":{"@id":"https:\/\/exparto.pl\/hu\/#organization"},"potentialAction":[{"@type":"SearchAction","target":{"@type":"EntryPoint","urlTemplate":"https:\/\/exparto.pl\/hu\/?s={search_term_string}"},"query-input":{"@type":"PropertyValueSpecification","valueRequired":true,"valueName":"search_term_string"}}],"inLanguage":"hu"},{"@type":"Organization","@id":"https:\/\/exparto.pl\/hu\/#organization","name":"EXPARTO","url":"https:\/\/exparto.pl\/hu\/","logo":{"@type":"ImageObject","inLanguage":"hu","@id":"https:\/\/exparto.pl\/hu\/#\/schema\/logo\/image\/","url":"https:\/\/exparto.pl\/wp-content\/uploads\/2023\/02\/logo-wektor.png","contentUrl":"https:\/\/exparto.pl\/wp-content\/uploads\/2023\/02\/logo-wektor.png","width":1338,"height":143,"caption":"EXPARTO"},"image":{"@id":"https:\/\/exparto.pl\/hu\/#\/schema\/logo\/image\/"},"sameAs":["https:\/\/www.facebook.com\/exparto.agro\/"]}]}},"_links":{"self":[{"href":"https:\/\/exparto.pl\/hu\/wp-json\/wp\/v2\/product\/9392","targetHints":{"allow":["GET"]}}],"collection":[{"href":"https:\/\/exparto.pl\/hu\/wp-json\/wp\/v2\/product"}],"about":[{"href":"https:\/\/exparto.pl\/hu\/wp-json\/wp\/v2\/types\/product"}],"replies":[{"embeddable":true,"href":"https:\/\/exparto.pl\/hu\/wp-json\/wp\/v2\/comments?post=9392"}],"wp:featuredmedia":[{"embeddable":true,"href":"https:\/\/exparto.pl\/hu\/wp-json\/wp\/v2\/media\/9393"}],"wp:attachment":[{"href":"https:\/\/exparto.pl\/hu\/wp-json\/wp\/v2\/media?parent=9392"}],"wp:term":[{"taxonomy":"product_brand","embeddable":true,"href":"https:\/\/exparto.pl\/hu\/wp-json\/wp\/v2\/product_brand?post=9392"},{"taxonomy":"product_cat","embeddable":true,"href":"https:\/\/exparto.pl\/hu\/wp-json\/wp\/v2\/product_cat?post=9392"},{"taxonomy":"product_tag","embeddable":true,"href":"https:\/\/exparto.pl\/hu\/wp-json\/wp\/v2\/product_tag?post=9392"}],"curies":[{"name":"wp","href":"https:\/\/api.w.org\/{rel}","templated":true}]}}