{"id":9398,"date":"2023-11-09T21:34:16","date_gmt":"2023-11-09T20:34:16","guid":{"rendered":"https:\/\/exparto.pl\/produkt\/kardancsuklo-32x106-36x89-pto-tengely-kereszttartoja\/"},"modified":"2023-11-09T21:34:16","modified_gmt":"2023-11-09T20:34:16","slug":"cross-armed-cross-armed-32x106-36x89-walu-walu-wom-transformer","status":"publish","type":"product","link":"https:\/\/exparto.pl\/hu\/produkt\/cross-armed-cross-armed-32x106-36x89-walu-walu-wom-transformer\/","title":{"rendered":"Kard\u00e1ncsukl\u00f3 32&#215;106 36&#215;89 PTO tengely kereszttart\u00f3ja"},"content":{"rendered":"<p style=\"text-align: justify\"><span style=\"text-align: justify\">A hajt\u00f3tengely kereszttart\u00f3ja kulcsfontoss\u00e1g\u00fa eleme a <\/span><span style=\"text-align: justify\"><br \/>\n  <span style=\"color: inherit\"><br \/>\n    <span style=\"color: inherit\"><br \/>\n      <span style=\"color: inherit\"><br \/>\n        <b>sebess\u00e9gv\u00e1lt\u00f3<\/b><br \/>\n      <\/span><br \/>\n    <\/span><br \/>\n  <\/span><br \/>\n<\/span><span style=\"text-align: justify\">  sz\u00e1mos j\u00e1rm\u0171ben \u00e9s g\u00e9pben. Ez egy keresztcsatlakoz\u00f3, amely lehet\u0151v\u00e9 teszi a teljes\u00edtm\u00e9ny \u00e1tvitel\u00e9t.  <\/span><span style=\"text-align: justify\"><span style=\"color: inherit\"><span style=\"color: inherit\"><span style=\"color: inherit\"><b>a motort\u00f3l a hajt\u00f3tengelyig<\/b><\/span><\/span><\/span><\/span><span style=\"text-align: justify\">  mik\u00f6zben lehet\u0151v\u00e9 teszi a csatlakoztatott tengelyek k\u00f6z\u00f6tti sz\u00f6g megv\u00e1ltoztat\u00e1s\u00e1t. Ezeket a term\u00e9keket sz\u00e9les k\u00f6rben haszn\u00e1lj\u00e1k szem\u00e9lyg\u00e9pkocsikban, teheraut\u00f3kban, mez\u0151gazdas\u00e1gi g\u00e9pekben \u00e9s a neh\u00e9ziparban. A kereszttart\u00f3k kiv\u00e1l\u00f3 min\u0151s\u00e9ge biztos\u00edtja a sebess\u00e9gv\u00e1lt\u00f3 hat\u00e9kony \u00e9s csendes m\u0171k\u00f6d\u00e9s\u00e9t, \u00e9s minim\u00e1lisra cs\u00f6kkenti a meghib\u00e1sod\u00e1s kock\u00e1zat\u00e1t. A csap\u00e1gyakat a villa k\u00fclseje fel\u0151l gy\u0171r\u0171k v\u00e9dik.<\/span><\/p>\n<p style=\"text-align: justify\"><span style=\"text-align: justify\"><span style=\"color: inherit\"><b>\u00d6sszehasonl\u00edt\u00e1s nem:<\/b><\/span><\/span><\/p>\n<ul>\n<li style=\"text-align: justify\">WEASLER: 200-79-06<\/li>\n<li style=\"text-align: justify\">WALTERSCHEID: 1135076, 35.06.144<\/li>\n<\/ul>\n","protected":false},"excerpt":{"rendered":"<p style=\"text-align: justify\">Kard\u00e1ncsukl\u00f3 a hajt\u00f3tengelyhez 32&#215;106 36&#215;89<\/p>\n","protected":false},"featured_media":8688,"comment_status":"open","ping_status":"closed","template":"","meta":{"_acf_changed":false,"inline_featured_image":false},"product_brand":[],"product_cat":[264,328,225],"product_tag":[],"class_list":{"0":"post-9398","1":"product","2":"type-product","3":"status-publish","4":"has-post-thumbnail","6":"product_cat-a-tengely-alkatreszei","7":"product_cat-kereszttartok","8":"product_cat-teleszkopos-mellektengelyek","10":"first","11":"instock","12":"taxable","13":"shipping-taxable","14":"purchasable","15":"product-type-simple"},"acf":[],"yoast_head":"<!-- This site is optimized with the Yoast SEO plugin v27.2 - https:\/\/yoast.com\/product\/yoast-seo-wordpress\/ -->\n<title>Kard\u00e1ncsukl\u00f3 32x106 36x89 PTO tengely kereszttart\u00f3ja - Exparto.pl<\/title>\n<meta name=\"robots\" content=\"index, follow, max-snippet:-1, max-image-preview:large, max-video-preview:-1\" \/>\n<link rel=\"canonical\" href=\"https:\/\/exparto.pl\/hu\/produkt\/cross-armed-cross-armed-32x106-36x89-walu-walu-wom-transformer\/\" \/>\n<meta property=\"og:locale\" content=\"hu_HU\" \/>\n<meta property=\"og:type\" content=\"article\" \/>\n<meta property=\"og:title\" content=\"Kard\u00e1ncsukl\u00f3 32x106 36x89 PTO tengely kereszttart\u00f3ja - Exparto.pl\" \/>\n<meta property=\"og:description\" content=\"Kard\u00e1ncsukl\u00f3 a hajt\u00f3tengelyhez 32x106 36x89\" \/>\n<meta property=\"og:url\" content=\"https:\/\/exparto.pl\/hu\/produkt\/cross-armed-cross-armed-32x106-36x89-walu-walu-wom-transformer\/\" \/>\n<meta property=\"og:site_name\" content=\"Exparto.pl\" \/>\n<meta property=\"article:publisher\" content=\"https:\/\/www.facebook.com\/exparto.agro\/\" \/>\n<meta property=\"og:image\" content=\"https:\/\/exparto.pl\/wp-content\/uploads\/2023\/11\/6e9437653680456ebf04df2f27a0d1b2.jpg\" \/>\n\t<meta property=\"og:image:width\" content=\"1000\" \/>\n\t<meta property=\"og:image:height\" content=\"1000\" \/>\n\t<meta property=\"og:image:type\" content=\"image\/jpeg\" \/>\n<meta name=\"twitter:card\" content=\"summary_large_image\" \/>\n<meta name=\"twitter:label1\" content=\"Becs\u00fclt olvas\u00e1si id\u0151\" \/>\n\t<meta name=\"twitter:data1\" content=\"1 perc\" \/>\n<script type=\"application\/ld+json\" class=\"yoast-schema-graph\">{\"@context\":\"https:\/\/schema.org\",\"@graph\":[{\"@type\":\"WebPage\",\"@id\":\"https:\/\/exparto.pl\/hu\/produkt\/cross-armed-cross-armed-32x106-36x89-walu-walu-wom-transformer\/\",\"url\":\"https:\/\/exparto.pl\/hu\/produkt\/cross-armed-cross-armed-32x106-36x89-walu-walu-wom-transformer\/\",\"name\":\"Kard\u00e1ncsukl\u00f3 32x106 36x89 PTO tengely kereszttart\u00f3ja - Exparto.pl\",\"isPartOf\":{\"@id\":\"https:\/\/exparto.pl\/hu\/#website\"},\"primaryImageOfPage\":{\"@id\":\"https:\/\/exparto.pl\/hu\/produkt\/cross-armed-cross-armed-32x106-36x89-walu-walu-wom-transformer\/#primaryimage\"},\"image\":{\"@id\":\"https:\/\/exparto.pl\/hu\/produkt\/cross-armed-cross-armed-32x106-36x89-walu-walu-wom-transformer\/#primaryimage\"},\"thumbnailUrl\":\"https:\/\/exparto.pl\/wp-content\/uploads\/2023\/11\/6e9437653680456ebf04df2f27a0d1b2.jpg\",\"datePublished\":\"2023-11-09T20:34:16+00:00\",\"breadcrumb\":{\"@id\":\"https:\/\/exparto.pl\/hu\/produkt\/cross-armed-cross-armed-32x106-36x89-walu-walu-wom-transformer\/#breadcrumb\"},\"inLanguage\":\"hu\",\"potentialAction\":[{\"@type\":\"ReadAction\",\"target\":[\"https:\/\/exparto.pl\/hu\/produkt\/cross-armed-cross-armed-32x106-36x89-walu-walu-wom-transformer\/\"]}]},{\"@type\":\"ImageObject\",\"inLanguage\":\"hu\",\"@id\":\"https:\/\/exparto.pl\/hu\/produkt\/cross-armed-cross-armed-32x106-36x89-walu-walu-wom-transformer\/#primaryimage\",\"url\":\"https:\/\/exparto.pl\/wp-content\/uploads\/2023\/11\/6e9437653680456ebf04df2f27a0d1b2.jpg\",\"contentUrl\":\"https:\/\/exparto.pl\/wp-content\/uploads\/2023\/11\/6e9437653680456ebf04df2f27a0d1b2.jpg\",\"width\":1000,\"height\":1000},{\"@type\":\"BreadcrumbList\",\"@id\":\"https:\/\/exparto.pl\/hu\/produkt\/cross-armed-cross-armed-32x106-36x89-walu-walu-wom-transformer\/#breadcrumb\",\"itemListElement\":[{\"@type\":\"ListItem\",\"position\":1,\"name\":\"Honlap\",\"item\":\"https:\/\/exparto.pl\/hu\/\"},{\"@type\":\"ListItem\",\"position\":2,\"name\":\"Sklep\",\"item\":\"https:\/\/exparto.pl\/sklep\/\"},{\"@type\":\"ListItem\",\"position\":3,\"name\":\"Teleszk\u00f3pos mell\u00e9ktengelyek\",\"item\":\"https:\/\/exparto.pl\/hu\/termekkategoria\/teleszkopos-mellektengelyek\/\"},{\"@type\":\"ListItem\",\"position\":4,\"name\":\"Kereszttart\u00f3k\",\"item\":\"https:\/\/exparto.pl\/hu\/termekkategoria\/teleszkopos-mellektengelyek\/a-tengely-alkatreszei\/kereszttartok\/\"},{\"@type\":\"ListItem\",\"position\":5,\"name\":\"Kard\u00e1ncsukl\u00f3 32&#215;106 36&#215;89 PTO tengely kereszttart\u00f3ja\"}]},{\"@type\":\"WebSite\",\"@id\":\"https:\/\/exparto.pl\/hu\/#website\",\"url\":\"https:\/\/exparto.pl\/hu\/\",\"name\":\"EXPARTO\",\"description\":\"More than agro parts\",\"publisher\":{\"@id\":\"https:\/\/exparto.pl\/hu\/#organization\"},\"potentialAction\":[{\"@type\":\"SearchAction\",\"target\":{\"@type\":\"EntryPoint\",\"urlTemplate\":\"https:\/\/exparto.pl\/hu\/?s={search_term_string}\"},\"query-input\":{\"@type\":\"PropertyValueSpecification\",\"valueRequired\":true,\"valueName\":\"search_term_string\"}}],\"inLanguage\":\"hu\"},{\"@type\":\"Organization\",\"@id\":\"https:\/\/exparto.pl\/hu\/#organization\",\"name\":\"EXPARTO\",\"url\":\"https:\/\/exparto.pl\/hu\/\",\"logo\":{\"@type\":\"ImageObject\",\"inLanguage\":\"hu\",\"@id\":\"https:\/\/exparto.pl\/hu\/#\/schema\/logo\/image\/\",\"url\":\"https:\/\/exparto.pl\/wp-content\/uploads\/2023\/02\/logo-wektor.png\",\"contentUrl\":\"https:\/\/exparto.pl\/wp-content\/uploads\/2023\/02\/logo-wektor.png\",\"width\":1338,\"height\":143,\"caption\":\"EXPARTO\"},\"image\":{\"@id\":\"https:\/\/exparto.pl\/hu\/#\/schema\/logo\/image\/\"},\"sameAs\":[\"https:\/\/www.facebook.com\/exparto.agro\/\"]}]}<\/script>\n<!-- \/ Yoast SEO plugin. -->","yoast_head_json":{"title":"Kard\u00e1ncsukl\u00f3 32x106 36x89 PTO tengely kereszttart\u00f3ja - Exparto.pl","robots":{"index":"index","follow":"follow","max-snippet":"max-snippet:-1","max-image-preview":"max-image-preview:large","max-video-preview":"max-video-preview:-1"},"canonical":"https:\/\/exparto.pl\/hu\/produkt\/cross-armed-cross-armed-32x106-36x89-walu-walu-wom-transformer\/","og_locale":"hu_HU","og_type":"article","og_title":"Kard\u00e1ncsukl\u00f3 32x106 36x89 PTO tengely kereszttart\u00f3ja - Exparto.pl","og_description":"Kard\u00e1ncsukl\u00f3 a hajt\u00f3tengelyhez 32x106 36x89","og_url":"https:\/\/exparto.pl\/hu\/produkt\/cross-armed-cross-armed-32x106-36x89-walu-walu-wom-transformer\/","og_site_name":"Exparto.pl","article_publisher":"https:\/\/www.facebook.com\/exparto.agro\/","og_image":[{"width":1000,"height":1000,"url":"https:\/\/exparto.pl\/wp-content\/uploads\/2023\/11\/6e9437653680456ebf04df2f27a0d1b2.jpg","type":"image\/jpeg"}],"twitter_card":"summary_large_image","twitter_misc":{"Becs\u00fclt olvas\u00e1si id\u0151":"1 perc"},"schema":{"@context":"https:\/\/schema.org","@graph":[{"@type":"WebPage","@id":"https:\/\/exparto.pl\/hu\/produkt\/cross-armed-cross-armed-32x106-36x89-walu-walu-wom-transformer\/","url":"https:\/\/exparto.pl\/hu\/produkt\/cross-armed-cross-armed-32x106-36x89-walu-walu-wom-transformer\/","name":"Kard\u00e1ncsukl\u00f3 32x106 36x89 PTO tengely kereszttart\u00f3ja - Exparto.pl","isPartOf":{"@id":"https:\/\/exparto.pl\/hu\/#website"},"primaryImageOfPage":{"@id":"https:\/\/exparto.pl\/hu\/produkt\/cross-armed-cross-armed-32x106-36x89-walu-walu-wom-transformer\/#primaryimage"},"image":{"@id":"https:\/\/exparto.pl\/hu\/produkt\/cross-armed-cross-armed-32x106-36x89-walu-walu-wom-transformer\/#primaryimage"},"thumbnailUrl":"https:\/\/exparto.pl\/wp-content\/uploads\/2023\/11\/6e9437653680456ebf04df2f27a0d1b2.jpg","datePublished":"2023-11-09T20:34:16+00:00","breadcrumb":{"@id":"https:\/\/exparto.pl\/hu\/produkt\/cross-armed-cross-armed-32x106-36x89-walu-walu-wom-transformer\/#breadcrumb"},"inLanguage":"hu","potentialAction":[{"@type":"ReadAction","target":["https:\/\/exparto.pl\/hu\/produkt\/cross-armed-cross-armed-32x106-36x89-walu-walu-wom-transformer\/"]}]},{"@type":"ImageObject","inLanguage":"hu","@id":"https:\/\/exparto.pl\/hu\/produkt\/cross-armed-cross-armed-32x106-36x89-walu-walu-wom-transformer\/#primaryimage","url":"https:\/\/exparto.pl\/wp-content\/uploads\/2023\/11\/6e9437653680456ebf04df2f27a0d1b2.jpg","contentUrl":"https:\/\/exparto.pl\/wp-content\/uploads\/2023\/11\/6e9437653680456ebf04df2f27a0d1b2.jpg","width":1000,"height":1000},{"@type":"BreadcrumbList","@id":"https:\/\/exparto.pl\/hu\/produkt\/cross-armed-cross-armed-32x106-36x89-walu-walu-wom-transformer\/#breadcrumb","itemListElement":[{"@type":"ListItem","position":1,"name":"Honlap","item":"https:\/\/exparto.pl\/hu\/"},{"@type":"ListItem","position":2,"name":"Sklep","item":"https:\/\/exparto.pl\/sklep\/"},{"@type":"ListItem","position":3,"name":"Teleszk\u00f3pos mell\u00e9ktengelyek","item":"https:\/\/exparto.pl\/hu\/termekkategoria\/teleszkopos-mellektengelyek\/"},{"@type":"ListItem","position":4,"name":"Kereszttart\u00f3k","item":"https:\/\/exparto.pl\/hu\/termekkategoria\/teleszkopos-mellektengelyek\/a-tengely-alkatreszei\/kereszttartok\/"},{"@type":"ListItem","position":5,"name":"Kard\u00e1ncsukl\u00f3 32&#215;106 36&#215;89 PTO tengely kereszttart\u00f3ja"}]},{"@type":"WebSite","@id":"https:\/\/exparto.pl\/hu\/#website","url":"https:\/\/exparto.pl\/hu\/","name":"EXPARTO","description":"More than agro parts","publisher":{"@id":"https:\/\/exparto.pl\/hu\/#organization"},"potentialAction":[{"@type":"SearchAction","target":{"@type":"EntryPoint","urlTemplate":"https:\/\/exparto.pl\/hu\/?s={search_term_string}"},"query-input":{"@type":"PropertyValueSpecification","valueRequired":true,"valueName":"search_term_string"}}],"inLanguage":"hu"},{"@type":"Organization","@id":"https:\/\/exparto.pl\/hu\/#organization","name":"EXPARTO","url":"https:\/\/exparto.pl\/hu\/","logo":{"@type":"ImageObject","inLanguage":"hu","@id":"https:\/\/exparto.pl\/hu\/#\/schema\/logo\/image\/","url":"https:\/\/exparto.pl\/wp-content\/uploads\/2023\/02\/logo-wektor.png","contentUrl":"https:\/\/exparto.pl\/wp-content\/uploads\/2023\/02\/logo-wektor.png","width":1338,"height":143,"caption":"EXPARTO"},"image":{"@id":"https:\/\/exparto.pl\/hu\/#\/schema\/logo\/image\/"},"sameAs":["https:\/\/www.facebook.com\/exparto.agro\/"]}]}},"_links":{"self":[{"href":"https:\/\/exparto.pl\/hu\/wp-json\/wp\/v2\/product\/9398","targetHints":{"allow":["GET"]}}],"collection":[{"href":"https:\/\/exparto.pl\/hu\/wp-json\/wp\/v2\/product"}],"about":[{"href":"https:\/\/exparto.pl\/hu\/wp-json\/wp\/v2\/types\/product"}],"replies":[{"embeddable":true,"href":"https:\/\/exparto.pl\/hu\/wp-json\/wp\/v2\/comments?post=9398"}],"wp:featuredmedia":[{"embeddable":true,"href":"https:\/\/exparto.pl\/hu\/wp-json\/wp\/v2\/media\/8688"}],"wp:attachment":[{"href":"https:\/\/exparto.pl\/hu\/wp-json\/wp\/v2\/media?parent=9398"}],"wp:term":[{"taxonomy":"product_brand","embeddable":true,"href":"https:\/\/exparto.pl\/hu\/wp-json\/wp\/v2\/product_brand?post=9398"},{"taxonomy":"product_cat","embeddable":true,"href":"https:\/\/exparto.pl\/hu\/wp-json\/wp\/v2\/product_cat?post=9398"},{"taxonomy":"product_tag","embeddable":true,"href":"https:\/\/exparto.pl\/hu\/wp-json\/wp\/v2\/product_tag?post=9398"}],"curies":[{"name":"wp","href":"https:\/\/api.w.org\/{rel}","templated":true}]}}