{"id":9402,"date":"2023-11-09T12:41:14","date_gmt":"2023-11-09T11:41:14","guid":{"rendered":"https:\/\/exparto.pl\/produkt\/fekhenger-fi-80-d35-d47-d50-d732-hl-8011-hl-6011-d50-d732-hl-8011-hl-6011\/"},"modified":"2023-11-09T12:41:14","modified_gmt":"2023-11-09T11:41:14","slug":"silownik-hamulcowy-fi-80-d35-d47-d50-d732-hl-8011-hl-6011","status":"publish","type":"product","link":"https:\/\/exparto.pl\/hu\/produkt\/silownik-hamulcowy-fi-80-d35-d47-d50-d732-hl-8011-hl-6011\/","title":{"rendered":"F\u00e9khenger Fi-80 D35, D47, D50, D732, HL 8011, HL 6011, D50, D732, HL 8011, HL 6011"},"content":{"rendered":"<p style=\"text-align: justify\">Univerz\u00e1lis dugatty\u00fas f\u00e9km\u0171k\u00f6dtet\u0151, a k\u00f6vetkez\u0151kh\u00f6z tervezve <span style=\"color: inherit\"><br \/>\n  <b>pneumatikus vez\u00e9rl\u00e9shez<\/b><br \/>\n<\/span> f\u00e9kez\u0151 tengelyek.  <span style=\"color: var(--gray-800)\">Sokoldal\u00fa felhaszn\u00e1l\u00e1s, bele\u00e9rtve mez\u0151gazdas\u00e1gi, gy\u00fcm\u00f6lcstermeszt\u00e9si, erd\u00e9szeti \u00e9s \u00e9p\u00edt\u0151ipari p\u00f3tkocsik gy\u00e1rt\u00e1sa,  <\/span><span style=\"color: var(--gray-800)\">teherg\u00e9pkocsik, speci\u00e1lis j\u00e1rm\u0171vek, mint p\u00e9ld\u00e1ul sz\u00f3r\u00f3k, h\u00edgtr\u00e1gya tart\u00e1lykocsik, permetez\u0151g\u00e9pek, hord\u00f3s teheraut\u00f3k \u00e9s egy\u00e9b j\u00e1rm\u0171vek.<\/span><span style=\"color: var(--gray-800)\"> saj\u00e1t <span style=\"color: inherit\"><b>l\u00e9gf\u00e9krendszerrel<\/b><\/span>.<\/span><\/p>\n<p style=\"text-align: justify\"><span style=\"color: inherit\"><b>A hajt\u00f3m\u0171 illeszkedik  <\/b><\/span><span style=\"color: var(--gray-800)\"><span style=\"color: inherit\"><b>m. in. mez\u0151gazdas\u00e1gi p\u00f3tkocsikhoz:<\/b><\/span><span style=\"font-weight: 600;color: inherit\"> <\/span>Autosan Sanok D-35 , D-47 , D-50 D-732 , HL 8011 , HL 6011 , HL 6011<\/span><\/p>\n<p style=\"text-align: justify\"><span style=\"color: var(--gray-800)\">valamint a DAF, Krone , Scania , RVI , MB , MB , MAN<b><span style=\"color: inherit\">m\u00e1rk\u00e1j\u00fa p\u00f3tkocsikhoz<\/span><\/b>. <\/span> JELCZ, SKODA, <span style=\"color: var(--gray-800)\">\u0141200 rakod\u00f3, m\u0171tr\u00e1gyasz\u00f3r\u00f3<\/span>.<\/p>\n<p style=\"text-align: justify\"><span style=\"color: inherit\"><b>\u00d6sszehasonl\u00edt\u00f3 sz\u00e1mok:<\/b><\/span><\/p>\n<ul>\n<li style=\"text-align: justify\">X53.12.00<\/li>\n<li style=\"text-align: justify\">7005136000<\/li>\n<li style=\"text-align: justify\">7005\/13-600\/0<\/li>\n<li style=\"text-align: justify\">340.026.001<\/li>\n<\/ul>\n","protected":false},"excerpt":{"rendered":"<p><span style=\"text-align: justify\">Pneumatikus m\u0171k\u00f6dtet\u0151 Fi-80 lengyel<\/span><\/p>\n","protected":false},"featured_media":9403,"comment_status":"open","ping_status":"closed","template":"","meta":{"_acf_changed":false,"inline_featured_image":false},"product_brand":[],"product_cat":[319,848,222],"product_tag":[],"class_list":{"0":"post-9402","1":"product","2":"type-product","3":"status-publish","4":"has-post-thumbnail","6":"product_cat-fekhengerek","7":"product_cat-pneumatikus-hengerek","8":"product_cat-potkocsi-alkatreszek","10":"first","11":"instock","12":"taxable","13":"shipping-taxable","14":"purchasable","15":"product-type-simple"},"acf":[],"yoast_head":"<!-- This site is optimized with the Yoast SEO plugin v27.3 - https:\/\/yoast.com\/product\/yoast-seo-wordpress\/ -->\n<title>F\u00e9khenger Fi-80 D35, D47, D50, D732, HL 8011, HL 6011, D50, D732, HL 8011, HL 6011 - Exparto.pl<\/title>\n<meta name=\"robots\" content=\"index, follow, max-snippet:-1, max-image-preview:large, max-video-preview:-1\" \/>\n<link rel=\"canonical\" href=\"https:\/\/exparto.pl\/hu\/produkt\/silownik-hamulcowy-fi-80-d35-d47-d50-d732-hl-8011-hl-6011\/\" \/>\n<meta property=\"og:locale\" content=\"hu_HU\" \/>\n<meta property=\"og:type\" content=\"article\" \/>\n<meta property=\"og:title\" content=\"F\u00e9khenger Fi-80 D35, D47, D50, D732, HL 8011, HL 6011, D50, D732, HL 8011, HL 6011 - Exparto.pl\" \/>\n<meta property=\"og:description\" content=\"Pneumatikus m\u0171k\u00f6dtet\u0151 Fi-80 lengyel\" \/>\n<meta property=\"og:url\" content=\"https:\/\/exparto.pl\/hu\/produkt\/silownik-hamulcowy-fi-80-d35-d47-d50-d732-hl-8011-hl-6011\/\" \/>\n<meta property=\"og:site_name\" content=\"Exparto.pl\" \/>\n<meta property=\"article:publisher\" content=\"https:\/\/www.facebook.com\/exparto.agro\/\" \/>\n<meta property=\"og:image\" content=\"https:\/\/exparto.pl\/wp-content\/uploads\/2023\/11\/1807245bd84899870f16add1168572f4.jpg\" \/>\n\t<meta property=\"og:image:width\" content=\"1000\" \/>\n\t<meta property=\"og:image:height\" content=\"1000\" \/>\n\t<meta property=\"og:image:type\" content=\"image\/jpeg\" \/>\n<meta name=\"twitter:card\" content=\"summary_large_image\" \/>\n<meta name=\"twitter:label1\" content=\"Becs\u00fclt olvas\u00e1si id\u0151\" \/>\n\t<meta name=\"twitter:data1\" content=\"1 perc\" \/>\n<script type=\"application\/ld+json\" class=\"yoast-schema-graph\">{\"@context\":\"https:\\\/\\\/schema.org\",\"@graph\":[{\"@type\":\"WebPage\",\"@id\":\"https:\\\/\\\/exparto.pl\\\/hu\\\/produkt\\\/silownik-hamulcowy-fi-80-d35-d47-d50-d732-hl-8011-hl-6011\\\/\",\"url\":\"https:\\\/\\\/exparto.pl\\\/hu\\\/produkt\\\/silownik-hamulcowy-fi-80-d35-d47-d50-d732-hl-8011-hl-6011\\\/\",\"name\":\"F\u00e9khenger Fi-80 D35, D47, D50, D732, HL 8011, HL 6011, D50, D732, HL 8011, HL 6011 - Exparto.pl\",\"isPartOf\":{\"@id\":\"https:\\\/\\\/exparto.pl\\\/hu\\\/#website\"},\"primaryImageOfPage\":{\"@id\":\"https:\\\/\\\/exparto.pl\\\/hu\\\/produkt\\\/silownik-hamulcowy-fi-80-d35-d47-d50-d732-hl-8011-hl-6011\\\/#primaryimage\"},\"image\":{\"@id\":\"https:\\\/\\\/exparto.pl\\\/hu\\\/produkt\\\/silownik-hamulcowy-fi-80-d35-d47-d50-d732-hl-8011-hl-6011\\\/#primaryimage\"},\"thumbnailUrl\":\"https:\\\/\\\/exparto.pl\\\/wp-content\\\/uploads\\\/2023\\\/11\\\/1807245bd84899870f16add1168572f4.jpg\",\"datePublished\":\"2023-11-09T11:41:14+00:00\",\"breadcrumb\":{\"@id\":\"https:\\\/\\\/exparto.pl\\\/hu\\\/produkt\\\/silownik-hamulcowy-fi-80-d35-d47-d50-d732-hl-8011-hl-6011\\\/#breadcrumb\"},\"inLanguage\":\"hu\",\"potentialAction\":[{\"@type\":\"ReadAction\",\"target\":[\"https:\\\/\\\/exparto.pl\\\/hu\\\/produkt\\\/silownik-hamulcowy-fi-80-d35-d47-d50-d732-hl-8011-hl-6011\\\/\"]}]},{\"@type\":\"ImageObject\",\"inLanguage\":\"hu\",\"@id\":\"https:\\\/\\\/exparto.pl\\\/hu\\\/produkt\\\/silownik-hamulcowy-fi-80-d35-d47-d50-d732-hl-8011-hl-6011\\\/#primaryimage\",\"url\":\"https:\\\/\\\/exparto.pl\\\/wp-content\\\/uploads\\\/2023\\\/11\\\/1807245bd84899870f16add1168572f4.jpg\",\"contentUrl\":\"https:\\\/\\\/exparto.pl\\\/wp-content\\\/uploads\\\/2023\\\/11\\\/1807245bd84899870f16add1168572f4.jpg\",\"width\":1000,\"height\":1000},{\"@type\":\"BreadcrumbList\",\"@id\":\"https:\\\/\\\/exparto.pl\\\/hu\\\/produkt\\\/silownik-hamulcowy-fi-80-d35-d47-d50-d732-hl-8011-hl-6011\\\/#breadcrumb\",\"itemListElement\":[{\"@type\":\"ListItem\",\"position\":1,\"name\":\"Honlap\",\"item\":\"https:\\\/\\\/exparto.pl\\\/hu\\\/\"},{\"@type\":\"ListItem\",\"position\":2,\"name\":\"Sklep\",\"item\":\"https:\\\/\\\/exparto.pl\\\/sklep\\\/\"},{\"@type\":\"ListItem\",\"position\":3,\"name\":\"P\u00f3tkocsi alkatr\u00e9szek\",\"item\":\"https:\\\/\\\/exparto.pl\\\/hu\\\/termekkategoria\\\/potkocsi-alkatreszek\\\/\"},{\"@type\":\"ListItem\",\"position\":4,\"name\":\"F\u00e9khengerek\",\"item\":\"https:\\\/\\\/exparto.pl\\\/hu\\\/termekkategoria\\\/potkocsi-alkatreszek\\\/fekhengerek\\\/\"},{\"@type\":\"ListItem\",\"position\":5,\"name\":\"Pneumatikus hengerek\",\"item\":\"https:\\\/\\\/exparto.pl\\\/hu\\\/termekkategoria\\\/potkocsi-alkatreszek\\\/fekhengerek\\\/pneumatikus-hengerek\\\/\"},{\"@type\":\"ListItem\",\"position\":6,\"name\":\"F\u00e9khenger Fi-80 D35, D47, D50, D732, HL 8011, HL 6011, D50, D732, HL 8011, HL 6011\"}]},{\"@type\":\"WebSite\",\"@id\":\"https:\\\/\\\/exparto.pl\\\/hu\\\/#website\",\"url\":\"https:\\\/\\\/exparto.pl\\\/hu\\\/\",\"name\":\"EXPARTO\",\"description\":\"More than agro parts\",\"publisher\":{\"@id\":\"https:\\\/\\\/exparto.pl\\\/hu\\\/#organization\"},\"potentialAction\":[{\"@type\":\"SearchAction\",\"target\":{\"@type\":\"EntryPoint\",\"urlTemplate\":\"https:\\\/\\\/exparto.pl\\\/hu\\\/?s={search_term_string}\"},\"query-input\":{\"@type\":\"PropertyValueSpecification\",\"valueRequired\":true,\"valueName\":\"search_term_string\"}}],\"inLanguage\":\"hu\"},{\"@type\":\"Organization\",\"@id\":\"https:\\\/\\\/exparto.pl\\\/hu\\\/#organization\",\"name\":\"EXPARTO\",\"url\":\"https:\\\/\\\/exparto.pl\\\/hu\\\/\",\"logo\":{\"@type\":\"ImageObject\",\"inLanguage\":\"hu\",\"@id\":\"https:\\\/\\\/exparto.pl\\\/hu\\\/#\\\/schema\\\/logo\\\/image\\\/\",\"url\":\"https:\\\/\\\/exparto.pl\\\/wp-content\\\/uploads\\\/2023\\\/02\\\/logo-wektor.png\",\"contentUrl\":\"https:\\\/\\\/exparto.pl\\\/wp-content\\\/uploads\\\/2023\\\/02\\\/logo-wektor.png\",\"width\":1338,\"height\":143,\"caption\":\"EXPARTO\"},\"image\":{\"@id\":\"https:\\\/\\\/exparto.pl\\\/hu\\\/#\\\/schema\\\/logo\\\/image\\\/\"},\"sameAs\":[\"https:\\\/\\\/www.facebook.com\\\/exparto.agro\\\/\"]}]}<\/script>\n<!-- \/ Yoast SEO plugin. -->","yoast_head_json":{"title":"F\u00e9khenger Fi-80 D35, D47, D50, D732, HL 8011, HL 6011, D50, D732, HL 8011, HL 6011 - Exparto.pl","robots":{"index":"index","follow":"follow","max-snippet":"max-snippet:-1","max-image-preview":"max-image-preview:large","max-video-preview":"max-video-preview:-1"},"canonical":"https:\/\/exparto.pl\/hu\/produkt\/silownik-hamulcowy-fi-80-d35-d47-d50-d732-hl-8011-hl-6011\/","og_locale":"hu_HU","og_type":"article","og_title":"F\u00e9khenger Fi-80 D35, D47, D50, D732, HL 8011, HL 6011, D50, D732, HL 8011, HL 6011 - Exparto.pl","og_description":"Pneumatikus m\u0171k\u00f6dtet\u0151 Fi-80 lengyel","og_url":"https:\/\/exparto.pl\/hu\/produkt\/silownik-hamulcowy-fi-80-d35-d47-d50-d732-hl-8011-hl-6011\/","og_site_name":"Exparto.pl","article_publisher":"https:\/\/www.facebook.com\/exparto.agro\/","og_image":[{"width":1000,"height":1000,"url":"https:\/\/exparto.pl\/wp-content\/uploads\/2023\/11\/1807245bd84899870f16add1168572f4.jpg","type":"image\/jpeg"}],"twitter_card":"summary_large_image","twitter_misc":{"Becs\u00fclt olvas\u00e1si id\u0151":"1 perc"},"schema":{"@context":"https:\/\/schema.org","@graph":[{"@type":"WebPage","@id":"https:\/\/exparto.pl\/hu\/produkt\/silownik-hamulcowy-fi-80-d35-d47-d50-d732-hl-8011-hl-6011\/","url":"https:\/\/exparto.pl\/hu\/produkt\/silownik-hamulcowy-fi-80-d35-d47-d50-d732-hl-8011-hl-6011\/","name":"F\u00e9khenger Fi-80 D35, D47, D50, D732, HL 8011, HL 6011, D50, D732, HL 8011, HL 6011 - Exparto.pl","isPartOf":{"@id":"https:\/\/exparto.pl\/hu\/#website"},"primaryImageOfPage":{"@id":"https:\/\/exparto.pl\/hu\/produkt\/silownik-hamulcowy-fi-80-d35-d47-d50-d732-hl-8011-hl-6011\/#primaryimage"},"image":{"@id":"https:\/\/exparto.pl\/hu\/produkt\/silownik-hamulcowy-fi-80-d35-d47-d50-d732-hl-8011-hl-6011\/#primaryimage"},"thumbnailUrl":"https:\/\/exparto.pl\/wp-content\/uploads\/2023\/11\/1807245bd84899870f16add1168572f4.jpg","datePublished":"2023-11-09T11:41:14+00:00","breadcrumb":{"@id":"https:\/\/exparto.pl\/hu\/produkt\/silownik-hamulcowy-fi-80-d35-d47-d50-d732-hl-8011-hl-6011\/#breadcrumb"},"inLanguage":"hu","potentialAction":[{"@type":"ReadAction","target":["https:\/\/exparto.pl\/hu\/produkt\/silownik-hamulcowy-fi-80-d35-d47-d50-d732-hl-8011-hl-6011\/"]}]},{"@type":"ImageObject","inLanguage":"hu","@id":"https:\/\/exparto.pl\/hu\/produkt\/silownik-hamulcowy-fi-80-d35-d47-d50-d732-hl-8011-hl-6011\/#primaryimage","url":"https:\/\/exparto.pl\/wp-content\/uploads\/2023\/11\/1807245bd84899870f16add1168572f4.jpg","contentUrl":"https:\/\/exparto.pl\/wp-content\/uploads\/2023\/11\/1807245bd84899870f16add1168572f4.jpg","width":1000,"height":1000},{"@type":"BreadcrumbList","@id":"https:\/\/exparto.pl\/hu\/produkt\/silownik-hamulcowy-fi-80-d35-d47-d50-d732-hl-8011-hl-6011\/#breadcrumb","itemListElement":[{"@type":"ListItem","position":1,"name":"Honlap","item":"https:\/\/exparto.pl\/hu\/"},{"@type":"ListItem","position":2,"name":"Sklep","item":"https:\/\/exparto.pl\/sklep\/"},{"@type":"ListItem","position":3,"name":"P\u00f3tkocsi alkatr\u00e9szek","item":"https:\/\/exparto.pl\/hu\/termekkategoria\/potkocsi-alkatreszek\/"},{"@type":"ListItem","position":4,"name":"F\u00e9khengerek","item":"https:\/\/exparto.pl\/hu\/termekkategoria\/potkocsi-alkatreszek\/fekhengerek\/"},{"@type":"ListItem","position":5,"name":"Pneumatikus hengerek","item":"https:\/\/exparto.pl\/hu\/termekkategoria\/potkocsi-alkatreszek\/fekhengerek\/pneumatikus-hengerek\/"},{"@type":"ListItem","position":6,"name":"F\u00e9khenger Fi-80 D35, D47, D50, D732, HL 8011, HL 6011, D50, D732, HL 8011, HL 6011"}]},{"@type":"WebSite","@id":"https:\/\/exparto.pl\/hu\/#website","url":"https:\/\/exparto.pl\/hu\/","name":"EXPARTO","description":"More than agro parts","publisher":{"@id":"https:\/\/exparto.pl\/hu\/#organization"},"potentialAction":[{"@type":"SearchAction","target":{"@type":"EntryPoint","urlTemplate":"https:\/\/exparto.pl\/hu\/?s={search_term_string}"},"query-input":{"@type":"PropertyValueSpecification","valueRequired":true,"valueName":"search_term_string"}}],"inLanguage":"hu"},{"@type":"Organization","@id":"https:\/\/exparto.pl\/hu\/#organization","name":"EXPARTO","url":"https:\/\/exparto.pl\/hu\/","logo":{"@type":"ImageObject","inLanguage":"hu","@id":"https:\/\/exparto.pl\/hu\/#\/schema\/logo\/image\/","url":"https:\/\/exparto.pl\/wp-content\/uploads\/2023\/02\/logo-wektor.png","contentUrl":"https:\/\/exparto.pl\/wp-content\/uploads\/2023\/02\/logo-wektor.png","width":1338,"height":143,"caption":"EXPARTO"},"image":{"@id":"https:\/\/exparto.pl\/hu\/#\/schema\/logo\/image\/"},"sameAs":["https:\/\/www.facebook.com\/exparto.agro\/"]}]}},"_links":{"self":[{"href":"https:\/\/exparto.pl\/hu\/wp-json\/wp\/v2\/product\/9402","targetHints":{"allow":["GET"]}}],"collection":[{"href":"https:\/\/exparto.pl\/hu\/wp-json\/wp\/v2\/product"}],"about":[{"href":"https:\/\/exparto.pl\/hu\/wp-json\/wp\/v2\/types\/product"}],"replies":[{"embeddable":true,"href":"https:\/\/exparto.pl\/hu\/wp-json\/wp\/v2\/comments?post=9402"}],"wp:featuredmedia":[{"embeddable":true,"href":"https:\/\/exparto.pl\/hu\/wp-json\/wp\/v2\/media\/9403"}],"wp:attachment":[{"href":"https:\/\/exparto.pl\/hu\/wp-json\/wp\/v2\/media?parent=9402"}],"wp:term":[{"taxonomy":"product_brand","embeddable":true,"href":"https:\/\/exparto.pl\/hu\/wp-json\/wp\/v2\/product_brand?post=9402"},{"taxonomy":"product_cat","embeddable":true,"href":"https:\/\/exparto.pl\/hu\/wp-json\/wp\/v2\/product_cat?post=9402"},{"taxonomy":"product_tag","embeddable":true,"href":"https:\/\/exparto.pl\/hu\/wp-json\/wp\/v2\/product_tag?post=9402"}],"curies":[{"name":"wp","href":"https:\/\/api.w.org\/{rel}","templated":true}]}}