{"id":9432,"date":"2023-11-08T14:10:12","date_gmt":"2023-11-08T13:10:12","guid":{"rendered":"https:\/\/exparto.pl\/produkt\/kupos-funyiro-kerek-nagy-1-65-z-21\/"},"modified":"2023-11-08T14:10:12","modified_gmt":"2023-11-08T13:10:12","slug":"kolo-stozkowe-do-kosiarki-duze-165-z-21","status":"publish","type":"product","link":"https:\/\/exparto.pl\/hu\/produkt\/kolo-stozkowe-do-kosiarki-duze-165-z-21\/","title":{"rendered":"K\u00fapos f\u0171ny\u00edr\u00f3 ker\u00e9k nagy 1.65 Z-21"},"content":{"rendered":"<p class=\"MsoNormal\" style=\"text-align: justify\">A fogaskerekek \u00e9s l\u00e1nckerekek biztos\u00edtott\u00e1k az<span style=\"color: inherit\"> Exparto<\/span> poz\u00edci\u00f3j\u00e1t a <span style=\"color: inherit\">lengyel er\u0151\u00e1tviteli alkatr\u00e9szek piac\u00e1nak egyik \u00e9rt\u00e9kes\u00edt\u00e9si vezet\u0151jek\u00e9nt<\/span>. A speci\u00e1lis m\u00e9r\u0151m\u0171szerek \u00e9s az \u00e9vek sor\u00e1n megszerzett tud\u00e1s lehet\u0151v\u00e9 teszi sz\u00e1munkra, hogy szinte b\u00e1rmilyen mez\u0151gazdas\u00e1gi berendez\u00e9shez az aut\u00f3iparban tervezett szabv\u00e1nynak megfelel\u0151 kerekeket sz\u00e1ll\u00edtsunk. alkalmas mechanikus sebess\u00e9gv\u00e1lt\u00f3kban val\u00f3 haszn\u00e1latra, ahol nagy terhel\u00e9st kell \u00e1tvinni, \u00e9s ahol der\u00e9ksz\u00f6g\u0171 \u00e1tvitelre van sz\u00fcks\u00e9g. Kialak\u00edt\u00e1suknak k\u00f6sz\u00f6nhet\u0151en sikeresen <span style=\"color: inherit\">tov\u00e1bb\u00edtj\u00e1k a meghajt\u00e1st k\u00fcl\u00f6nb\u00f6z\u0151 sz\u00f6gekben<\/span>, \u00e9s tengelyre vagy t\u00e1vtart\u00f3ra is felszerelhet\u0151k.<\/p>\n<p class=\"MsoNormal\" style=\"text-align: justify\">Felszerel\u00e9sek: b\u00e1l\u00e1z\u00f3k, b\u00e1l\u00e1z\u00f3pr\u00e9sek, b\u00e1lacsomagol\u00f3k, t\u00e1rcs\u00e1s kasz\u00e1l\u00f3k, gerebly\u00e9k, szecsk\u00e1z\u00f3k.<\/p>\n","protected":false},"excerpt":{"rendered":"<p class=\"MsoNormal\" style=\"text-align: justify\">K\u00fapos ker\u00e9k f\u0171ny\u00edr\u00f3hoz 1,65 m<\/p>\n","protected":false},"featured_media":9433,"comment_status":"open","ping_status":"closed","template":"","meta":{"_acf_changed":false,"inline_featured_image":false},"product_brand":[],"product_cat":[221,313],"product_tag":[],"class_list":{"0":"post-9432","1":"product","2":"type-product","3":"status-publish","4":"has-post-thumbnail","6":"product_cat-alkatreszek-funyirokhoz","7":"product_cat-kupos-kerekek","9":"first","10":"instock","11":"taxable","12":"shipping-taxable","13":"purchasable","14":"product-type-simple"},"acf":[],"yoast_head":"<!-- This site is optimized with the Yoast SEO plugin v27.4 - https:\/\/yoast.com\/product\/yoast-seo-wordpress\/ -->\n<title>K\u00fapos f\u0171ny\u00edr\u00f3 ker\u00e9k nagy 1.65 Z-21 - Exparto.pl<\/title>\n<meta name=\"robots\" content=\"index, follow, max-snippet:-1, max-image-preview:large, max-video-preview:-1\" \/>\n<link rel=\"canonical\" href=\"https:\/\/exparto.pl\/hu\/produkt\/kolo-stozkowe-do-kosiarki-duze-165-z-21\/\" \/>\n<meta property=\"og:locale\" content=\"hu_HU\" \/>\n<meta property=\"og:type\" content=\"article\" \/>\n<meta property=\"og:title\" content=\"K\u00fapos f\u0171ny\u00edr\u00f3 ker\u00e9k nagy 1.65 Z-21 - Exparto.pl\" \/>\n<meta property=\"og:description\" content=\"K\u00fapos ker\u00e9k f\u0171ny\u00edr\u00f3hoz 1,65 m\" \/>\n<meta property=\"og:url\" content=\"https:\/\/exparto.pl\/hu\/produkt\/kolo-stozkowe-do-kosiarki-duze-165-z-21\/\" \/>\n<meta property=\"og:site_name\" content=\"Exparto.pl\" \/>\n<meta property=\"article:publisher\" content=\"https:\/\/www.facebook.com\/exparto.agro\/\" \/>\n<meta property=\"og:image\" content=\"https:\/\/exparto.pl\/wp-content\/uploads\/2023\/11\/b876e5bacb38bfa48de9fe186dfa15f2.jpg\" \/>\n\t<meta property=\"og:image:width\" content=\"1000\" \/>\n\t<meta property=\"og:image:height\" content=\"1000\" \/>\n\t<meta property=\"og:image:type\" content=\"image\/jpeg\" \/>\n<meta name=\"twitter:card\" content=\"summary_large_image\" \/>\n<meta name=\"twitter:label1\" content=\"Becs\u00fclt olvas\u00e1si id\u0151\" \/>\n\t<meta name=\"twitter:data1\" content=\"1 perc\" \/>\n<script type=\"application\/ld+json\" class=\"yoast-schema-graph\">{\"@context\":\"https:\\\/\\\/schema.org\",\"@graph\":[{\"@type\":\"WebPage\",\"@id\":\"https:\\\/\\\/exparto.pl\\\/hu\\\/produkt\\\/kolo-stozkowe-do-kosiarki-duze-165-z-21\\\/\",\"url\":\"https:\\\/\\\/exparto.pl\\\/hu\\\/produkt\\\/kolo-stozkowe-do-kosiarki-duze-165-z-21\\\/\",\"name\":\"K\u00fapos f\u0171ny\u00edr\u00f3 ker\u00e9k nagy 1.65 Z-21 - Exparto.pl\",\"isPartOf\":{\"@id\":\"https:\\\/\\\/exparto.pl\\\/hu\\\/#website\"},\"primaryImageOfPage\":{\"@id\":\"https:\\\/\\\/exparto.pl\\\/hu\\\/produkt\\\/kolo-stozkowe-do-kosiarki-duze-165-z-21\\\/#primaryimage\"},\"image\":{\"@id\":\"https:\\\/\\\/exparto.pl\\\/hu\\\/produkt\\\/kolo-stozkowe-do-kosiarki-duze-165-z-21\\\/#primaryimage\"},\"thumbnailUrl\":\"https:\\\/\\\/exparto.pl\\\/wp-content\\\/uploads\\\/2023\\\/11\\\/b876e5bacb38bfa48de9fe186dfa15f2.jpg\",\"datePublished\":\"2023-11-08T13:10:12+00:00\",\"breadcrumb\":{\"@id\":\"https:\\\/\\\/exparto.pl\\\/hu\\\/produkt\\\/kolo-stozkowe-do-kosiarki-duze-165-z-21\\\/#breadcrumb\"},\"inLanguage\":\"hu\",\"potentialAction\":[{\"@type\":\"ReadAction\",\"target\":[\"https:\\\/\\\/exparto.pl\\\/hu\\\/produkt\\\/kolo-stozkowe-do-kosiarki-duze-165-z-21\\\/\"]}]},{\"@type\":\"ImageObject\",\"inLanguage\":\"hu\",\"@id\":\"https:\\\/\\\/exparto.pl\\\/hu\\\/produkt\\\/kolo-stozkowe-do-kosiarki-duze-165-z-21\\\/#primaryimage\",\"url\":\"https:\\\/\\\/exparto.pl\\\/wp-content\\\/uploads\\\/2023\\\/11\\\/b876e5bacb38bfa48de9fe186dfa15f2.jpg\",\"contentUrl\":\"https:\\\/\\\/exparto.pl\\\/wp-content\\\/uploads\\\/2023\\\/11\\\/b876e5bacb38bfa48de9fe186dfa15f2.jpg\",\"width\":1000,\"height\":1000},{\"@type\":\"BreadcrumbList\",\"@id\":\"https:\\\/\\\/exparto.pl\\\/hu\\\/produkt\\\/kolo-stozkowe-do-kosiarki-duze-165-z-21\\\/#breadcrumb\",\"itemListElement\":[{\"@type\":\"ListItem\",\"position\":1,\"name\":\"Honlap\",\"item\":\"https:\\\/\\\/exparto.pl\\\/hu\\\/\"},{\"@type\":\"ListItem\",\"position\":2,\"name\":\"Sklep\",\"item\":\"https:\\\/\\\/exparto.pl\\\/sklep\\\/\"},{\"@type\":\"ListItem\",\"position\":3,\"name\":\"Alkatr\u00e9szek f\u0171ny\u00edr\u00f3khoz\",\"item\":\"https:\\\/\\\/exparto.pl\\\/hu\\\/termekkategoria\\\/alkatreszek-funyirokhoz\\\/\"},{\"@type\":\"ListItem\",\"position\":4,\"name\":\"K\u00fapos f\u0171ny\u00edr\u00f3 ker\u00e9k nagy 1.65 Z-21\"}]},{\"@type\":\"WebSite\",\"@id\":\"https:\\\/\\\/exparto.pl\\\/hu\\\/#website\",\"url\":\"https:\\\/\\\/exparto.pl\\\/hu\\\/\",\"name\":\"EXPARTO\",\"description\":\"More than agro parts\",\"publisher\":{\"@id\":\"https:\\\/\\\/exparto.pl\\\/hu\\\/#organization\"},\"potentialAction\":[{\"@type\":\"SearchAction\",\"target\":{\"@type\":\"EntryPoint\",\"urlTemplate\":\"https:\\\/\\\/exparto.pl\\\/hu\\\/?s={search_term_string}\"},\"query-input\":{\"@type\":\"PropertyValueSpecification\",\"valueRequired\":true,\"valueName\":\"search_term_string\"}}],\"inLanguage\":\"hu\"},{\"@type\":\"Organization\",\"@id\":\"https:\\\/\\\/exparto.pl\\\/hu\\\/#organization\",\"name\":\"EXPARTO\",\"url\":\"https:\\\/\\\/exparto.pl\\\/hu\\\/\",\"logo\":{\"@type\":\"ImageObject\",\"inLanguage\":\"hu\",\"@id\":\"https:\\\/\\\/exparto.pl\\\/hu\\\/#\\\/schema\\\/logo\\\/image\\\/\",\"url\":\"https:\\\/\\\/exparto.pl\\\/wp-content\\\/uploads\\\/2023\\\/02\\\/logo-wektor.png\",\"contentUrl\":\"https:\\\/\\\/exparto.pl\\\/wp-content\\\/uploads\\\/2023\\\/02\\\/logo-wektor.png\",\"width\":1338,\"height\":143,\"caption\":\"EXPARTO\"},\"image\":{\"@id\":\"https:\\\/\\\/exparto.pl\\\/hu\\\/#\\\/schema\\\/logo\\\/image\\\/\"},\"sameAs\":[\"https:\\\/\\\/www.facebook.com\\\/exparto.agro\\\/\"]}]}<\/script>\n<!-- \/ Yoast SEO plugin. -->","yoast_head_json":{"title":"K\u00fapos f\u0171ny\u00edr\u00f3 ker\u00e9k nagy 1.65 Z-21 - Exparto.pl","robots":{"index":"index","follow":"follow","max-snippet":"max-snippet:-1","max-image-preview":"max-image-preview:large","max-video-preview":"max-video-preview:-1"},"canonical":"https:\/\/exparto.pl\/hu\/produkt\/kolo-stozkowe-do-kosiarki-duze-165-z-21\/","og_locale":"hu_HU","og_type":"article","og_title":"K\u00fapos f\u0171ny\u00edr\u00f3 ker\u00e9k nagy 1.65 Z-21 - Exparto.pl","og_description":"K\u00fapos ker\u00e9k f\u0171ny\u00edr\u00f3hoz 1,65 m","og_url":"https:\/\/exparto.pl\/hu\/produkt\/kolo-stozkowe-do-kosiarki-duze-165-z-21\/","og_site_name":"Exparto.pl","article_publisher":"https:\/\/www.facebook.com\/exparto.agro\/","og_image":[{"width":1000,"height":1000,"url":"https:\/\/exparto.pl\/wp-content\/uploads\/2023\/11\/b876e5bacb38bfa48de9fe186dfa15f2.jpg","type":"image\/jpeg"}],"twitter_card":"summary_large_image","twitter_misc":{"Becs\u00fclt olvas\u00e1si id\u0151":"1 perc"},"schema":{"@context":"https:\/\/schema.org","@graph":[{"@type":"WebPage","@id":"https:\/\/exparto.pl\/hu\/produkt\/kolo-stozkowe-do-kosiarki-duze-165-z-21\/","url":"https:\/\/exparto.pl\/hu\/produkt\/kolo-stozkowe-do-kosiarki-duze-165-z-21\/","name":"K\u00fapos f\u0171ny\u00edr\u00f3 ker\u00e9k nagy 1.65 Z-21 - Exparto.pl","isPartOf":{"@id":"https:\/\/exparto.pl\/hu\/#website"},"primaryImageOfPage":{"@id":"https:\/\/exparto.pl\/hu\/produkt\/kolo-stozkowe-do-kosiarki-duze-165-z-21\/#primaryimage"},"image":{"@id":"https:\/\/exparto.pl\/hu\/produkt\/kolo-stozkowe-do-kosiarki-duze-165-z-21\/#primaryimage"},"thumbnailUrl":"https:\/\/exparto.pl\/wp-content\/uploads\/2023\/11\/b876e5bacb38bfa48de9fe186dfa15f2.jpg","datePublished":"2023-11-08T13:10:12+00:00","breadcrumb":{"@id":"https:\/\/exparto.pl\/hu\/produkt\/kolo-stozkowe-do-kosiarki-duze-165-z-21\/#breadcrumb"},"inLanguage":"hu","potentialAction":[{"@type":"ReadAction","target":["https:\/\/exparto.pl\/hu\/produkt\/kolo-stozkowe-do-kosiarki-duze-165-z-21\/"]}]},{"@type":"ImageObject","inLanguage":"hu","@id":"https:\/\/exparto.pl\/hu\/produkt\/kolo-stozkowe-do-kosiarki-duze-165-z-21\/#primaryimage","url":"https:\/\/exparto.pl\/wp-content\/uploads\/2023\/11\/b876e5bacb38bfa48de9fe186dfa15f2.jpg","contentUrl":"https:\/\/exparto.pl\/wp-content\/uploads\/2023\/11\/b876e5bacb38bfa48de9fe186dfa15f2.jpg","width":1000,"height":1000},{"@type":"BreadcrumbList","@id":"https:\/\/exparto.pl\/hu\/produkt\/kolo-stozkowe-do-kosiarki-duze-165-z-21\/#breadcrumb","itemListElement":[{"@type":"ListItem","position":1,"name":"Honlap","item":"https:\/\/exparto.pl\/hu\/"},{"@type":"ListItem","position":2,"name":"Sklep","item":"https:\/\/exparto.pl\/sklep\/"},{"@type":"ListItem","position":3,"name":"Alkatr\u00e9szek f\u0171ny\u00edr\u00f3khoz","item":"https:\/\/exparto.pl\/hu\/termekkategoria\/alkatreszek-funyirokhoz\/"},{"@type":"ListItem","position":4,"name":"K\u00fapos f\u0171ny\u00edr\u00f3 ker\u00e9k nagy 1.65 Z-21"}]},{"@type":"WebSite","@id":"https:\/\/exparto.pl\/hu\/#website","url":"https:\/\/exparto.pl\/hu\/","name":"EXPARTO","description":"More than agro parts","publisher":{"@id":"https:\/\/exparto.pl\/hu\/#organization"},"potentialAction":[{"@type":"SearchAction","target":{"@type":"EntryPoint","urlTemplate":"https:\/\/exparto.pl\/hu\/?s={search_term_string}"},"query-input":{"@type":"PropertyValueSpecification","valueRequired":true,"valueName":"search_term_string"}}],"inLanguage":"hu"},{"@type":"Organization","@id":"https:\/\/exparto.pl\/hu\/#organization","name":"EXPARTO","url":"https:\/\/exparto.pl\/hu\/","logo":{"@type":"ImageObject","inLanguage":"hu","@id":"https:\/\/exparto.pl\/hu\/#\/schema\/logo\/image\/","url":"https:\/\/exparto.pl\/wp-content\/uploads\/2023\/02\/logo-wektor.png","contentUrl":"https:\/\/exparto.pl\/wp-content\/uploads\/2023\/02\/logo-wektor.png","width":1338,"height":143,"caption":"EXPARTO"},"image":{"@id":"https:\/\/exparto.pl\/hu\/#\/schema\/logo\/image\/"},"sameAs":["https:\/\/www.facebook.com\/exparto.agro\/"]}]}},"_links":{"self":[{"href":"https:\/\/exparto.pl\/hu\/wp-json\/wp\/v2\/product\/9432","targetHints":{"allow":["GET"]}}],"collection":[{"href":"https:\/\/exparto.pl\/hu\/wp-json\/wp\/v2\/product"}],"about":[{"href":"https:\/\/exparto.pl\/hu\/wp-json\/wp\/v2\/types\/product"}],"replies":[{"embeddable":true,"href":"https:\/\/exparto.pl\/hu\/wp-json\/wp\/v2\/comments?post=9432"}],"wp:featuredmedia":[{"embeddable":true,"href":"https:\/\/exparto.pl\/hu\/wp-json\/wp\/v2\/media\/9433"}],"wp:attachment":[{"href":"https:\/\/exparto.pl\/hu\/wp-json\/wp\/v2\/media?parent=9432"}],"wp:term":[{"taxonomy":"product_brand","embeddable":true,"href":"https:\/\/exparto.pl\/hu\/wp-json\/wp\/v2\/product_brand?post=9432"},{"taxonomy":"product_cat","embeddable":true,"href":"https:\/\/exparto.pl\/hu\/wp-json\/wp\/v2\/product_cat?post=9432"},{"taxonomy":"product_tag","embeddable":true,"href":"https:\/\/exparto.pl\/hu\/wp-json\/wp\/v2\/product_tag?post=9432"}],"curies":[{"name":"wp","href":"https:\/\/api.w.org\/{rel}","templated":true}]}}