{"id":9436,"date":"2023-11-08T08:40:01","date_gmt":"2023-11-08T07:40:01","guid":{"rendered":"https:\/\/exparto.pl\/produkt\/2-m-es-hokotro-hidraulikaval-ellatott-tartozekkal\/"},"modified":"2023-11-08T08:40:01","modified_gmt":"2023-11-08T07:40:01","slug":"dugo-csuszda-2-m-hidraulikaval","status":"publish","type":"product","link":"https:\/\/exparto.pl\/hu\/produkt\/dugo-csuszda-2-m-hidraulikaval\/","title":{"rendered":"2 m-es h\u00f3kotr\u00f3 hidraulik\u00e1val ell\u00e1tott tartoz\u00e9kkal"},"content":{"rendered":"<p style=\"text-align: justify\"><b>2 az 1-ben h\u00f3kotr\u00f3 \u00e9s traktor\u00f6sszek\u00f6t\u0151 k\u00e9szlet<\/b><\/p>\n<p style=\"text-align: justify\">A t\u00e9li havaz\u00e1s igazi kih\u00edv\u00e1st jelenthet az ingatlantulajdonosok, a gazd\u00e1lkod\u00f3k, a parkol\u00e1skezel\u0151 c\u00e9gek \u00e9s az \u00fatkarbantart\u00f3 hat\u00f3s\u00e1gok sz\u00e1m\u00e1ra. A 2 m sz\u00e9les, hidraulikus tartoz\u00e9kkal ell\u00e1tott h\u00f3kotr\u00f3 professzion\u00e1lis megold\u00e1s a <b>gyors \u00e9s hat\u00e9kony h\u00f3eltakar\u00edt\u00e1shoz<\/b>. Robusztus fel\u00e9p\u00edt\u00e9se \u00e9s k\u00f6nny\u0171 kezelhet\u0151s\u00e9ge ide\u00e1lis eszk\u00f6zz\u00e9 teszi a t\u00e9li kellemetlens\u00e9gek lek\u00fczd\u00e9s\u00e9re. A gumib\u00f3l k\u00e9sz\u00fclt penge biztos\u00edtja a munk\u00e1t a talaj s\u00e9r\u00fcl\u00e9s\u00e9t\u0151l val\u00f3 f\u00e9lelem n\u00e9lk\u00fcl.<\/p>\n<p style=\"text-align: justify\"><b>\u00c1ll\u00edthat\u00f3:<\/b><\/p>\n<ul style=\"text-align: justify\">\n<li style=\"text-align: justify\">Mechanikus h\u00e1rom s\u00edkban<\/li>\n<li style=\"text-align: justify\">Hidraulikus ( a hengeren )<\/li>\n<\/ul>\n<p style=\"text-align: justify\"><b>A k\u00e9szlet a k\u00f6vetkez\u0151ket tartalmazza:<\/b><\/p>\n<ul style=\"text-align: justify\">\n<li style=\"text-align: justify\">50x28x200 RW6 m\u0171k\u00f6dtet\u0151 50x28x200 RW6 fi25<\/li>\n<li style=\"text-align: justify\">2in1 tuz\/euro felszerel\u00e9se<\/li>\n<li style=\"text-align: justify\">H\u00f3kotr\u00f3 2 m<\/li>\n<\/ul>\n<p style=\"text-align: justify\">1,5 m, 2,5 m \u00e9s 3 m sz\u00e9less\u00e9gben is k\u00edn\u00e1lunk sz\u00e1nt\u00f3kat.<\/p>\n<div style=\"text-align: justify\">Sz\u00e1ll\u00edt\u00e1s orsz\u00e1gosan lehets\u00e9ges!!!<\/div>\n","protected":false},"excerpt":{"rendered":"<p><span style=\"text-align: justify\">2 az 1-ben h\u00f3kotr\u00f3 \u00e9s traktor\u00f6sszek\u00f6t\u0151 k\u00e9szlet<\/span><\/p>\n","protected":false},"featured_media":8379,"comment_status":"open","ping_status":"closed","template":"","meta":{"_acf_changed":false,"inline_featured_image":false},"product_brand":[],"product_cat":[312],"product_tag":[],"class_list":{"0":"post-9436","1":"product","2":"type-product","3":"status-publish","4":"has-post-thumbnail","6":"product_cat-hokotrok","8":"first","9":"outofstock","10":"taxable","11":"shipping-taxable","12":"purchasable","13":"product-type-simple"},"acf":[],"yoast_head":"<!-- This site is optimized with the Yoast SEO plugin v27.4 - https:\/\/yoast.com\/product\/yoast-seo-wordpress\/ -->\n<title>2 m-es h\u00f3kotr\u00f3 hidraulik\u00e1val ell\u00e1tott tartoz\u00e9kkal - Exparto.pl<\/title>\n<meta name=\"robots\" content=\"index, follow, max-snippet:-1, max-image-preview:large, max-video-preview:-1\" \/>\n<link rel=\"canonical\" href=\"https:\/\/exparto.pl\/hu\/produkt\/dugo-csuszda-2-m-hidraulikaval\/\" \/>\n<meta property=\"og:locale\" content=\"hu_HU\" \/>\n<meta property=\"og:type\" content=\"article\" \/>\n<meta property=\"og:title\" content=\"2 m-es h\u00f3kotr\u00f3 hidraulik\u00e1val ell\u00e1tott tartoz\u00e9kkal - Exparto.pl\" \/>\n<meta property=\"og:description\" content=\"2 az 1-ben h\u00f3kotr\u00f3 \u00e9s traktor\u00f6sszek\u00f6t\u0151 k\u00e9szlet\" \/>\n<meta property=\"og:url\" content=\"https:\/\/exparto.pl\/hu\/produkt\/dugo-csuszda-2-m-hidraulikaval\/\" \/>\n<meta property=\"og:site_name\" content=\"Exparto.pl\" \/>\n<meta property=\"article:publisher\" content=\"https:\/\/www.facebook.com\/exparto.agro\/\" \/>\n<meta property=\"og:image\" content=\"https:\/\/exparto.pl\/wp-content\/uploads\/2023\/11\/01ecf696f86b5bc0a0d68863565c0c23.jpg\" \/>\n\t<meta property=\"og:image:width\" content=\"1000\" \/>\n\t<meta property=\"og:image:height\" content=\"1000\" \/>\n\t<meta property=\"og:image:type\" content=\"image\/jpeg\" \/>\n<meta name=\"twitter:card\" content=\"summary_large_image\" \/>\n<meta name=\"twitter:label1\" content=\"Becs\u00fclt olvas\u00e1si id\u0151\" \/>\n\t<meta name=\"twitter:data1\" content=\"1 perc\" \/>\n<script type=\"application\/ld+json\" class=\"yoast-schema-graph\">{\"@context\":\"https:\\\/\\\/schema.org\",\"@graph\":[{\"@type\":\"WebPage\",\"@id\":\"https:\\\/\\\/exparto.pl\\\/hu\\\/produkt\\\/dugo-csuszda-2-m-hidraulikaval\\\/\",\"url\":\"https:\\\/\\\/exparto.pl\\\/hu\\\/produkt\\\/dugo-csuszda-2-m-hidraulikaval\\\/\",\"name\":\"2 m-es h\u00f3kotr\u00f3 hidraulik\u00e1val ell\u00e1tott tartoz\u00e9kkal - Exparto.pl\",\"isPartOf\":{\"@id\":\"https:\\\/\\\/exparto.pl\\\/hu\\\/#website\"},\"primaryImageOfPage\":{\"@id\":\"https:\\\/\\\/exparto.pl\\\/hu\\\/produkt\\\/dugo-csuszda-2-m-hidraulikaval\\\/#primaryimage\"},\"image\":{\"@id\":\"https:\\\/\\\/exparto.pl\\\/hu\\\/produkt\\\/dugo-csuszda-2-m-hidraulikaval\\\/#primaryimage\"},\"thumbnailUrl\":\"https:\\\/\\\/exparto.pl\\\/wp-content\\\/uploads\\\/2023\\\/11\\\/01ecf696f86b5bc0a0d68863565c0c23.jpg\",\"datePublished\":\"2023-11-08T07:40:01+00:00\",\"breadcrumb\":{\"@id\":\"https:\\\/\\\/exparto.pl\\\/hu\\\/produkt\\\/dugo-csuszda-2-m-hidraulikaval\\\/#breadcrumb\"},\"inLanguage\":\"hu\",\"potentialAction\":[{\"@type\":\"ReadAction\",\"target\":[\"https:\\\/\\\/exparto.pl\\\/hu\\\/produkt\\\/dugo-csuszda-2-m-hidraulikaval\\\/\"]}]},{\"@type\":\"ImageObject\",\"inLanguage\":\"hu\",\"@id\":\"https:\\\/\\\/exparto.pl\\\/hu\\\/produkt\\\/dugo-csuszda-2-m-hidraulikaval\\\/#primaryimage\",\"url\":\"https:\\\/\\\/exparto.pl\\\/wp-content\\\/uploads\\\/2023\\\/11\\\/01ecf696f86b5bc0a0d68863565c0c23.jpg\",\"contentUrl\":\"https:\\\/\\\/exparto.pl\\\/wp-content\\\/uploads\\\/2023\\\/11\\\/01ecf696f86b5bc0a0d68863565c0c23.jpg\",\"width\":1000,\"height\":1000},{\"@type\":\"BreadcrumbList\",\"@id\":\"https:\\\/\\\/exparto.pl\\\/hu\\\/produkt\\\/dugo-csuszda-2-m-hidraulikaval\\\/#breadcrumb\",\"itemListElement\":[{\"@type\":\"ListItem\",\"position\":1,\"name\":\"Honlap\",\"item\":\"https:\\\/\\\/exparto.pl\\\/hu\\\/\"},{\"@type\":\"ListItem\",\"position\":2,\"name\":\"Sklep\",\"item\":\"https:\\\/\\\/exparto.pl\\\/sklep\\\/\"},{\"@type\":\"ListItem\",\"position\":3,\"name\":\"H\u00f3kotr\u00f3k\",\"item\":\"https:\\\/\\\/exparto.pl\\\/hu\\\/termekkategoria\\\/hokotrok\\\/\"},{\"@type\":\"ListItem\",\"position\":4,\"name\":\"2 m-es h\u00f3kotr\u00f3 hidraulik\u00e1val ell\u00e1tott tartoz\u00e9kkal\"}]},{\"@type\":\"WebSite\",\"@id\":\"https:\\\/\\\/exparto.pl\\\/hu\\\/#website\",\"url\":\"https:\\\/\\\/exparto.pl\\\/hu\\\/\",\"name\":\"EXPARTO\",\"description\":\"More than agro parts\",\"publisher\":{\"@id\":\"https:\\\/\\\/exparto.pl\\\/hu\\\/#organization\"},\"potentialAction\":[{\"@type\":\"SearchAction\",\"target\":{\"@type\":\"EntryPoint\",\"urlTemplate\":\"https:\\\/\\\/exparto.pl\\\/hu\\\/?s={search_term_string}\"},\"query-input\":{\"@type\":\"PropertyValueSpecification\",\"valueRequired\":true,\"valueName\":\"search_term_string\"}}],\"inLanguage\":\"hu\"},{\"@type\":\"Organization\",\"@id\":\"https:\\\/\\\/exparto.pl\\\/hu\\\/#organization\",\"name\":\"EXPARTO\",\"url\":\"https:\\\/\\\/exparto.pl\\\/hu\\\/\",\"logo\":{\"@type\":\"ImageObject\",\"inLanguage\":\"hu\",\"@id\":\"https:\\\/\\\/exparto.pl\\\/hu\\\/#\\\/schema\\\/logo\\\/image\\\/\",\"url\":\"https:\\\/\\\/exparto.pl\\\/wp-content\\\/uploads\\\/2023\\\/02\\\/logo-wektor.png\",\"contentUrl\":\"https:\\\/\\\/exparto.pl\\\/wp-content\\\/uploads\\\/2023\\\/02\\\/logo-wektor.png\",\"width\":1338,\"height\":143,\"caption\":\"EXPARTO\"},\"image\":{\"@id\":\"https:\\\/\\\/exparto.pl\\\/hu\\\/#\\\/schema\\\/logo\\\/image\\\/\"},\"sameAs\":[\"https:\\\/\\\/www.facebook.com\\\/exparto.agro\\\/\"]}]}<\/script>\n<!-- \/ Yoast SEO plugin. -->","yoast_head_json":{"title":"2 m-es h\u00f3kotr\u00f3 hidraulik\u00e1val ell\u00e1tott tartoz\u00e9kkal - Exparto.pl","robots":{"index":"index","follow":"follow","max-snippet":"max-snippet:-1","max-image-preview":"max-image-preview:large","max-video-preview":"max-video-preview:-1"},"canonical":"https:\/\/exparto.pl\/hu\/produkt\/dugo-csuszda-2-m-hidraulikaval\/","og_locale":"hu_HU","og_type":"article","og_title":"2 m-es h\u00f3kotr\u00f3 hidraulik\u00e1val ell\u00e1tott tartoz\u00e9kkal - Exparto.pl","og_description":"2 az 1-ben h\u00f3kotr\u00f3 \u00e9s traktor\u00f6sszek\u00f6t\u0151 k\u00e9szlet","og_url":"https:\/\/exparto.pl\/hu\/produkt\/dugo-csuszda-2-m-hidraulikaval\/","og_site_name":"Exparto.pl","article_publisher":"https:\/\/www.facebook.com\/exparto.agro\/","og_image":[{"width":1000,"height":1000,"url":"https:\/\/exparto.pl\/wp-content\/uploads\/2023\/11\/01ecf696f86b5bc0a0d68863565c0c23.jpg","type":"image\/jpeg"}],"twitter_card":"summary_large_image","twitter_misc":{"Becs\u00fclt olvas\u00e1si id\u0151":"1 perc"},"schema":{"@context":"https:\/\/schema.org","@graph":[{"@type":"WebPage","@id":"https:\/\/exparto.pl\/hu\/produkt\/dugo-csuszda-2-m-hidraulikaval\/","url":"https:\/\/exparto.pl\/hu\/produkt\/dugo-csuszda-2-m-hidraulikaval\/","name":"2 m-es h\u00f3kotr\u00f3 hidraulik\u00e1val ell\u00e1tott tartoz\u00e9kkal - Exparto.pl","isPartOf":{"@id":"https:\/\/exparto.pl\/hu\/#website"},"primaryImageOfPage":{"@id":"https:\/\/exparto.pl\/hu\/produkt\/dugo-csuszda-2-m-hidraulikaval\/#primaryimage"},"image":{"@id":"https:\/\/exparto.pl\/hu\/produkt\/dugo-csuszda-2-m-hidraulikaval\/#primaryimage"},"thumbnailUrl":"https:\/\/exparto.pl\/wp-content\/uploads\/2023\/11\/01ecf696f86b5bc0a0d68863565c0c23.jpg","datePublished":"2023-11-08T07:40:01+00:00","breadcrumb":{"@id":"https:\/\/exparto.pl\/hu\/produkt\/dugo-csuszda-2-m-hidraulikaval\/#breadcrumb"},"inLanguage":"hu","potentialAction":[{"@type":"ReadAction","target":["https:\/\/exparto.pl\/hu\/produkt\/dugo-csuszda-2-m-hidraulikaval\/"]}]},{"@type":"ImageObject","inLanguage":"hu","@id":"https:\/\/exparto.pl\/hu\/produkt\/dugo-csuszda-2-m-hidraulikaval\/#primaryimage","url":"https:\/\/exparto.pl\/wp-content\/uploads\/2023\/11\/01ecf696f86b5bc0a0d68863565c0c23.jpg","contentUrl":"https:\/\/exparto.pl\/wp-content\/uploads\/2023\/11\/01ecf696f86b5bc0a0d68863565c0c23.jpg","width":1000,"height":1000},{"@type":"BreadcrumbList","@id":"https:\/\/exparto.pl\/hu\/produkt\/dugo-csuszda-2-m-hidraulikaval\/#breadcrumb","itemListElement":[{"@type":"ListItem","position":1,"name":"Honlap","item":"https:\/\/exparto.pl\/hu\/"},{"@type":"ListItem","position":2,"name":"Sklep","item":"https:\/\/exparto.pl\/sklep\/"},{"@type":"ListItem","position":3,"name":"H\u00f3kotr\u00f3k","item":"https:\/\/exparto.pl\/hu\/termekkategoria\/hokotrok\/"},{"@type":"ListItem","position":4,"name":"2 m-es h\u00f3kotr\u00f3 hidraulik\u00e1val ell\u00e1tott tartoz\u00e9kkal"}]},{"@type":"WebSite","@id":"https:\/\/exparto.pl\/hu\/#website","url":"https:\/\/exparto.pl\/hu\/","name":"EXPARTO","description":"More than agro parts","publisher":{"@id":"https:\/\/exparto.pl\/hu\/#organization"},"potentialAction":[{"@type":"SearchAction","target":{"@type":"EntryPoint","urlTemplate":"https:\/\/exparto.pl\/hu\/?s={search_term_string}"},"query-input":{"@type":"PropertyValueSpecification","valueRequired":true,"valueName":"search_term_string"}}],"inLanguage":"hu"},{"@type":"Organization","@id":"https:\/\/exparto.pl\/hu\/#organization","name":"EXPARTO","url":"https:\/\/exparto.pl\/hu\/","logo":{"@type":"ImageObject","inLanguage":"hu","@id":"https:\/\/exparto.pl\/hu\/#\/schema\/logo\/image\/","url":"https:\/\/exparto.pl\/wp-content\/uploads\/2023\/02\/logo-wektor.png","contentUrl":"https:\/\/exparto.pl\/wp-content\/uploads\/2023\/02\/logo-wektor.png","width":1338,"height":143,"caption":"EXPARTO"},"image":{"@id":"https:\/\/exparto.pl\/hu\/#\/schema\/logo\/image\/"},"sameAs":["https:\/\/www.facebook.com\/exparto.agro\/"]}]}},"_links":{"self":[{"href":"https:\/\/exparto.pl\/hu\/wp-json\/wp\/v2\/product\/9436","targetHints":{"allow":["GET"]}}],"collection":[{"href":"https:\/\/exparto.pl\/hu\/wp-json\/wp\/v2\/product"}],"about":[{"href":"https:\/\/exparto.pl\/hu\/wp-json\/wp\/v2\/types\/product"}],"replies":[{"embeddable":true,"href":"https:\/\/exparto.pl\/hu\/wp-json\/wp\/v2\/comments?post=9436"}],"wp:featuredmedia":[{"embeddable":true,"href":"https:\/\/exparto.pl\/hu\/wp-json\/wp\/v2\/media\/8379"}],"wp:attachment":[{"href":"https:\/\/exparto.pl\/hu\/wp-json\/wp\/v2\/media?parent=9436"}],"wp:term":[{"taxonomy":"product_brand","embeddable":true,"href":"https:\/\/exparto.pl\/hu\/wp-json\/wp\/v2\/product_brand?post=9436"},{"taxonomy":"product_cat","embeddable":true,"href":"https:\/\/exparto.pl\/hu\/wp-json\/wp\/v2\/product_cat?post=9436"},{"taxonomy":"product_tag","embeddable":true,"href":"https:\/\/exparto.pl\/hu\/wp-json\/wp\/v2\/product_tag?post=9436"}],"curies":[{"name":"wp","href":"https:\/\/api.w.org\/{rel}","templated":true}]}}