{"id":9448,"date":"2023-11-07T09:27:01","date_gmt":"2023-11-07T08:27:01","guid":{"rendered":"https:\/\/exparto.pl\/produkt\/legszuro-elem-wa30800e-deutz-fahr-zetor\/"},"modified":"2023-11-07T09:27:01","modified_gmt":"2023-11-07T08:27:01","slug":"legszuro-behelyezes-wa30800e-deutz-fahr-zetor","status":"publish","type":"product","link":"https:\/\/exparto.pl\/hu\/produkt\/legszuro-behelyezes-wa30800e-deutz-fahr-zetor\/","title":{"rendered":"L\u00e9gsz\u0171r\u0151 elem &#8211; WA30800E DEUTZ FAHR, ZETOR"},"content":{"rendered":"<p style=\"text-align: justify\"><b>Sz\u0171r\u0151 alkalmaz\u00e1sa:<\/b><\/p>\n<ul style=\"text-align: justify\">\n<li>CASE IH &#8211; 1000-ES SOROZAT, 900-AS SOROZAT, CS\/CSPRO\/CS KOMPAKT-SOROZAT<\/li>\n<li>CASE STEYR &#8211; 8100-AS SOROZAT, 9100-AS SOROZAT<\/li>\n<li>OSZT\u00c1LY &#8211; COMMANDOR, DOMINATOR, JAGUAR , MEGA,<\/li>\n<li>DEUTZ FAHR &#8211; ACTOR, AGROSTAR, DX SOROZAT, INTRAC, M 1300 SOROZAT, M 1600 SOROZAT, M 2000 SOROZAT, M 4000 SOROZAT, POWERLINER, POWERLINER<\/li>\n<li>FENDT &#8211; KEDVENC SOROZAT,<\/li>\n<li>JOHN DEERE &#8211; 900-AS SOROZAT, 1000-ES SOROZAT, 2000-ES SOROZAT, 3000-ES SOROZAT<\/li>\n<li>ZETOR &#8211; 1000-ES SOROZAT, 7000-ES SOROZAT, 8000-ES SOROZAT, 9000-ES SOROZAT, 10000-ES SOROZAT, FORTERRA<\/li>\n<\/ul>\n<div style=\"text-align: justify\"><span style=\"font-size: 14px;font-weight: bold;text-align: justify\">\u00d6sszehasonl\u00edt\u00f3 sz\u00e1mok \/ P\u00f3tl\u00e1sok:<\/span><\/div>\n<div style=\"text-align: justify\"><span style=\"font-size: 14px;font-weight: bold;text-align: justify\"> <\/span><\/div>\n<div>\n<div>\n<ul>\n<li style=\"text-align: justify\">AC DELCO PC183<\/li>\n<li style=\"text-align: justify\">AGCO 022186T1<\/li>\n<li style=\"text-align: justify\">AIR ARM2052<\/li>\n<li style=\"text-align: justify\">ALCO SZ\u0170R\u0150 MD230<\/li>\n<li style=\"text-align: justify\">ATLAS COPCO 16192847-00<\/li>\n<li style=\"text-align: justify\">BALDWIN PA2405<\/li>\n<li style=\"text-align: justify\">BOMAG 5821012<\/li>\n<li style=\"text-align: justify\">BOSCH 1457429950<\/li>\n<li style=\"text-align: justify\">BOSCH 9451160001<\/li>\n<li style=\"text-align: justify\">ESET 162000190701<\/li>\n<li style=\"text-align: justify\">3219420R91 ESET<\/li>\n<li style=\"text-align: justify\">CASE 3226416R1<\/li>\n<li style=\"text-align: justify\">CLAAS 6774341<\/li>\n<li style=\"text-align: justify\">CLAAS 677434.0<\/li>\n<li style=\"text-align: justify\">TISZTA SZ\u0170R\u0150K MA526<\/li>\n<li style=\"text-align: justify\">COOPERS AZA042<\/li>\n<li style=\"text-align: justify\">COOPERSFIAAM IA FLI6416<\/li>\n<li style=\"text-align: justify\">CROSLAND 9510<\/li>\n<li style=\"text-align: justify\">DAEWOO 851793138<\/li>\n<li style=\"text-align: justify\">DAF 265045<\/li>\n<li style=\"text-align: justify\">DEUTZ FAHR 1186046<\/li>\n<li style=\"text-align: justify\">DEUTZ FAHR 12153221<\/li>\n<li style=\"text-align: justify\">DEUTZ FAHR 1902077<\/li>\n<li style=\"text-align: justify\">DEUTZ FAHR 2165049<\/li>\n<li style=\"text-align: justify\">DONALDSON P140123<\/li>\n<li style=\"text-align: justify\">DONALDSON P771561<\/li>\n<li style=\"text-align: justify\">DONALDSON P801064<\/li>\n<li style=\"text-align: justify\">DONALDSON SMP551561<\/li>\n<li style=\"text-align: justify\">DONALDSON SMP551564<\/li>\n<li style=\"text-align: justify\">EVOBU 8319009084<\/li>\n<li style=\"text-align: justify\">EVOBU 8319069084<\/li>\n<li style=\"text-align: justify\">FAUN 746369<\/li>\n<li style=\"text-align: justify\">FAUN 4134366<\/li>\n<li style=\"text-align: justify\">FENDT F184230090050<\/li>\n<li style=\"text-align: justify\">FILTRON AM420<\/li>\n<li style=\"text-align: justify\">FLEETGUARD AF25044M<\/li>\n<li style=\"text-align: justify\">FLEETGUARD AF25064<\/li>\n<li style=\"text-align: justify\">FLEETGUARD AF4040<\/li>\n<li style=\"text-align: justify\">FORD 5011321<\/li>\n<li style=\"text-align: justify\">FORD 5011552<\/li>\n<li style=\"text-align: justify\">FORD A830X9601AEA<\/li>\n<li style=\"text-align: justify\">FORD A830X9601CCA<\/li>\n<li style=\"text-align: justify\">FRAM CA3281<\/li>\n<li style=\"text-align: justify\">GM 9974139<\/li>\n<li style=\"text-align: justify\">LIGET 36.00-0730.52<\/li>\n<li style=\"text-align: justify\">HENGST E115L<\/li>\n<li style=\"text-align: justify\">IVECO 1186046<\/li>\n<li style=\"text-align: justify\">IVECO 1902077<\/li>\n<li style=\"text-align: justify\">IVECO 2165049<\/li>\n<li style=\"text-align: justify\">IVECO 42078290<\/li>\n<li style=\"text-align: justify\">IVECO 4776902<\/li>\n<li style=\"text-align: justify\">IVECO 9987150<\/li>\n<li style=\"text-align: justify\">JOHN DEERE AZ30575<\/li>\n<li style=\"text-align: justify\">JOHN DEERE AZ30757<\/li>\n<li style=\"text-align: justify\">JOHN DEERE PE10011906<\/li>\n<li style=\"text-align: justify\">KAESS 6.1997.0<\/li>\n<li style=\"text-align: justify\">KNECHT AG74<\/li>\n<li style=\"text-align: justify\">KNECHT LX265<\/li>\n<li style=\"text-align: justify\">KOMATSU 13002B1810<\/li>\n<li style=\"text-align: justify\">LIEBHERR 5106189<\/li>\n<li style=\"text-align: justify\">LIEBHERR 7360753<\/li>\n<li style=\"text-align: justify\">LINDE 9831604<\/li>\n<li style=\"text-align: justify\">MAN 81.08301.6280<\/li>\n<li style=\"text-align: justify\">MANN C20325\/2<\/li>\n<li style=\"text-align: justify\">MERCEDES-BENZ 10941802<\/li>\n<li style=\"text-align: justify\">MERCEDES-BENZ 10944204<\/li>\n<li style=\"text-align: justify\">MERCEDES-BENZ 10945204<\/li>\n<li style=\"text-align: justify\">MERCEDES-BENZ 130941802<\/li>\n<li style=\"text-align: justify\">MERCEDES-BENZ 20940004<\/li>\n<li style=\"text-align: justify\">Motorcraft EFA311<\/li>\n<li style=\"text-align: justify\">PURFLUX A599<\/li>\n<li style=\"text-align: justify\">RENAULT 4212747<\/li>\n<li style=\"text-align: justify\">RENAULT 4214313<\/li>\n<li style=\"text-align: justify\">SCHAEFF 73052<\/li>\n<li style=\"text-align: justify\">SCHAEFF 5501656762<\/li>\n<li style=\"text-align: justify\">SOFIMA S2450A<\/li>\n<li style=\"text-align: justify\">STEYR 612.00.19.0037<\/li>\n<li style=\"text-align: justify\">SULLA 1144<\/li>\n<li style=\"text-align: justify\">SULLA 68527232<\/li>\n<li style=\"text-align: justify\">SULLA 88290005590<\/li>\n<li style=\"text-align: justify\">TECNOCAR A542<\/li>\n<li style=\"text-align: justify\">TECNOCAR A725<\/li>\n<li style=\"text-align: justify\">UFI 27.802.00<\/li>\n<li style=\"text-align: justify\">VOLVO 3950728<\/li>\n<li style=\"text-align: justify\">VOLVO 4780961<\/li>\n<li style=\"text-align: justify\">VOLVO 7362224<\/li>\n<li style=\"text-align: justify\">WIXFILTERS 46554E<\/li>\n<li style=\"text-align: justify\">ZETOR 10011906<\/li>\n<li style=\"text-align: justify\">ZETOR 931353<\/li>\n<\/ul>\n<\/div>\n<\/div>\n","protected":false},"excerpt":{"rendered":"<p style=\"text-align: justify\">L\u00e9gsz\u0171r\u0151 elem &#8211; WA30800E DEUTZ FAHR, ZETOR<\/p>\n","protected":false},"featured_media":8053,"comment_status":"open","ping_status":"closed","template":"","meta":{"_acf_changed":false,"inline_featured_image":false},"product_brand":[],"product_cat":[307,276],"product_tag":[],"class_list":{"0":"post-9448","1":"product","2":"type-product","3":"status-publish","4":"has-post-thumbnail","6":"product_cat-legszurobetet","7":"product_cat-szurok","9":"first","10":"outofstock","11":"taxable","12":"shipping-taxable","13":"purchasable","14":"product-type-simple"},"acf":[],"yoast_head":"<!-- This site is optimized with the Yoast SEO plugin v27.4 - https:\/\/yoast.com\/product\/yoast-seo-wordpress\/ -->\n<title>L\u00e9gsz\u0171r\u0151 elem - WA30800E DEUTZ FAHR, ZETOR - Exparto.pl<\/title>\n<meta name=\"robots\" content=\"index, follow, max-snippet:-1, max-image-preview:large, max-video-preview:-1\" \/>\n<link rel=\"canonical\" href=\"https:\/\/exparto.pl\/hu\/produkt\/legszuro-behelyezes-wa30800e-deutz-fahr-zetor\/\" \/>\n<meta property=\"og:locale\" content=\"hu_HU\" \/>\n<meta property=\"og:type\" content=\"article\" \/>\n<meta property=\"og:title\" content=\"L\u00e9gsz\u0171r\u0151 elem - WA30800E DEUTZ FAHR, ZETOR - Exparto.pl\" \/>\n<meta property=\"og:description\" content=\"L\u00e9gsz\u0171r\u0151 elem - WA30800E DEUTZ FAHR, ZETOR\" \/>\n<meta property=\"og:url\" content=\"https:\/\/exparto.pl\/hu\/produkt\/legszuro-behelyezes-wa30800e-deutz-fahr-zetor\/\" \/>\n<meta property=\"og:site_name\" content=\"Exparto.pl\" \/>\n<meta property=\"article:publisher\" content=\"https:\/\/www.facebook.com\/exparto.agro\/\" \/>\n<meta property=\"og:image\" content=\"https:\/\/exparto.pl\/wp-content\/uploads\/2023\/11\/e4aba13fad6bdf5c502249151388b396.jpg\" \/>\n\t<meta property=\"og:image:width\" content=\"1000\" \/>\n\t<meta property=\"og:image:height\" content=\"1000\" \/>\n\t<meta property=\"og:image:type\" content=\"image\/jpeg\" \/>\n<meta name=\"twitter:card\" content=\"summary_large_image\" \/>\n<meta name=\"twitter:label1\" content=\"Becs\u00fclt olvas\u00e1si id\u0151\" \/>\n\t<meta name=\"twitter:data1\" content=\"1 perc\" \/>\n<script type=\"application\/ld+json\" class=\"yoast-schema-graph\">{\"@context\":\"https:\\\/\\\/schema.org\",\"@graph\":[{\"@type\":\"WebPage\",\"@id\":\"https:\\\/\\\/exparto.pl\\\/hu\\\/produkt\\\/legszuro-behelyezes-wa30800e-deutz-fahr-zetor\\\/\",\"url\":\"https:\\\/\\\/exparto.pl\\\/hu\\\/produkt\\\/legszuro-behelyezes-wa30800e-deutz-fahr-zetor\\\/\",\"name\":\"L\u00e9gsz\u0171r\u0151 elem - WA30800E DEUTZ FAHR, ZETOR - Exparto.pl\",\"isPartOf\":{\"@id\":\"https:\\\/\\\/exparto.pl\\\/hu\\\/#website\"},\"primaryImageOfPage\":{\"@id\":\"https:\\\/\\\/exparto.pl\\\/hu\\\/produkt\\\/legszuro-behelyezes-wa30800e-deutz-fahr-zetor\\\/#primaryimage\"},\"image\":{\"@id\":\"https:\\\/\\\/exparto.pl\\\/hu\\\/produkt\\\/legszuro-behelyezes-wa30800e-deutz-fahr-zetor\\\/#primaryimage\"},\"thumbnailUrl\":\"https:\\\/\\\/exparto.pl\\\/wp-content\\\/uploads\\\/2023\\\/11\\\/e4aba13fad6bdf5c502249151388b396.jpg\",\"datePublished\":\"2023-11-07T08:27:01+00:00\",\"breadcrumb\":{\"@id\":\"https:\\\/\\\/exparto.pl\\\/hu\\\/produkt\\\/legszuro-behelyezes-wa30800e-deutz-fahr-zetor\\\/#breadcrumb\"},\"inLanguage\":\"hu\",\"potentialAction\":[{\"@type\":\"ReadAction\",\"target\":[\"https:\\\/\\\/exparto.pl\\\/hu\\\/produkt\\\/legszuro-behelyezes-wa30800e-deutz-fahr-zetor\\\/\"]}]},{\"@type\":\"ImageObject\",\"inLanguage\":\"hu\",\"@id\":\"https:\\\/\\\/exparto.pl\\\/hu\\\/produkt\\\/legszuro-behelyezes-wa30800e-deutz-fahr-zetor\\\/#primaryimage\",\"url\":\"https:\\\/\\\/exparto.pl\\\/wp-content\\\/uploads\\\/2023\\\/11\\\/e4aba13fad6bdf5c502249151388b396.jpg\",\"contentUrl\":\"https:\\\/\\\/exparto.pl\\\/wp-content\\\/uploads\\\/2023\\\/11\\\/e4aba13fad6bdf5c502249151388b396.jpg\",\"width\":1000,\"height\":1000},{\"@type\":\"BreadcrumbList\",\"@id\":\"https:\\\/\\\/exparto.pl\\\/hu\\\/produkt\\\/legszuro-behelyezes-wa30800e-deutz-fahr-zetor\\\/#breadcrumb\",\"itemListElement\":[{\"@type\":\"ListItem\",\"position\":1,\"name\":\"Honlap\",\"item\":\"https:\\\/\\\/exparto.pl\\\/hu\\\/\"},{\"@type\":\"ListItem\",\"position\":2,\"name\":\"Sklep\",\"item\":\"https:\\\/\\\/exparto.pl\\\/sklep\\\/\"},{\"@type\":\"ListItem\",\"position\":3,\"name\":\"Sz\u0171r\u0151k\",\"item\":\"https:\\\/\\\/exparto.pl\\\/hu\\\/termekkategoria\\\/szurok\\\/\"},{\"@type\":\"ListItem\",\"position\":4,\"name\":\"L\u00e9gsz\u0171r\u0151bet\u00e9t\",\"item\":\"https:\\\/\\\/exparto.pl\\\/hu\\\/termekkategoria\\\/szurok\\\/legszurobetet\\\/\"},{\"@type\":\"ListItem\",\"position\":5,\"name\":\"L\u00e9gsz\u0171r\u0151 elem &#8211; WA30800E DEUTZ FAHR, ZETOR\"}]},{\"@type\":\"WebSite\",\"@id\":\"https:\\\/\\\/exparto.pl\\\/hu\\\/#website\",\"url\":\"https:\\\/\\\/exparto.pl\\\/hu\\\/\",\"name\":\"EXPARTO\",\"description\":\"More than agro parts\",\"publisher\":{\"@id\":\"https:\\\/\\\/exparto.pl\\\/hu\\\/#organization\"},\"potentialAction\":[{\"@type\":\"SearchAction\",\"target\":{\"@type\":\"EntryPoint\",\"urlTemplate\":\"https:\\\/\\\/exparto.pl\\\/hu\\\/?s={search_term_string}\"},\"query-input\":{\"@type\":\"PropertyValueSpecification\",\"valueRequired\":true,\"valueName\":\"search_term_string\"}}],\"inLanguage\":\"hu\"},{\"@type\":\"Organization\",\"@id\":\"https:\\\/\\\/exparto.pl\\\/hu\\\/#organization\",\"name\":\"EXPARTO\",\"url\":\"https:\\\/\\\/exparto.pl\\\/hu\\\/\",\"logo\":{\"@type\":\"ImageObject\",\"inLanguage\":\"hu\",\"@id\":\"https:\\\/\\\/exparto.pl\\\/hu\\\/#\\\/schema\\\/logo\\\/image\\\/\",\"url\":\"https:\\\/\\\/exparto.pl\\\/wp-content\\\/uploads\\\/2023\\\/02\\\/logo-wektor.png\",\"contentUrl\":\"https:\\\/\\\/exparto.pl\\\/wp-content\\\/uploads\\\/2023\\\/02\\\/logo-wektor.png\",\"width\":1338,\"height\":143,\"caption\":\"EXPARTO\"},\"image\":{\"@id\":\"https:\\\/\\\/exparto.pl\\\/hu\\\/#\\\/schema\\\/logo\\\/image\\\/\"},\"sameAs\":[\"https:\\\/\\\/www.facebook.com\\\/exparto.agro\\\/\"]}]}<\/script>\n<!-- \/ Yoast SEO plugin. -->","yoast_head_json":{"title":"L\u00e9gsz\u0171r\u0151 elem - WA30800E DEUTZ FAHR, ZETOR - Exparto.pl","robots":{"index":"index","follow":"follow","max-snippet":"max-snippet:-1","max-image-preview":"max-image-preview:large","max-video-preview":"max-video-preview:-1"},"canonical":"https:\/\/exparto.pl\/hu\/produkt\/legszuro-behelyezes-wa30800e-deutz-fahr-zetor\/","og_locale":"hu_HU","og_type":"article","og_title":"L\u00e9gsz\u0171r\u0151 elem - WA30800E DEUTZ FAHR, ZETOR - Exparto.pl","og_description":"L\u00e9gsz\u0171r\u0151 elem - WA30800E DEUTZ FAHR, ZETOR","og_url":"https:\/\/exparto.pl\/hu\/produkt\/legszuro-behelyezes-wa30800e-deutz-fahr-zetor\/","og_site_name":"Exparto.pl","article_publisher":"https:\/\/www.facebook.com\/exparto.agro\/","og_image":[{"width":1000,"height":1000,"url":"https:\/\/exparto.pl\/wp-content\/uploads\/2023\/11\/e4aba13fad6bdf5c502249151388b396.jpg","type":"image\/jpeg"}],"twitter_card":"summary_large_image","twitter_misc":{"Becs\u00fclt olvas\u00e1si id\u0151":"1 perc"},"schema":{"@context":"https:\/\/schema.org","@graph":[{"@type":"WebPage","@id":"https:\/\/exparto.pl\/hu\/produkt\/legszuro-behelyezes-wa30800e-deutz-fahr-zetor\/","url":"https:\/\/exparto.pl\/hu\/produkt\/legszuro-behelyezes-wa30800e-deutz-fahr-zetor\/","name":"L\u00e9gsz\u0171r\u0151 elem - WA30800E DEUTZ FAHR, ZETOR - Exparto.pl","isPartOf":{"@id":"https:\/\/exparto.pl\/hu\/#website"},"primaryImageOfPage":{"@id":"https:\/\/exparto.pl\/hu\/produkt\/legszuro-behelyezes-wa30800e-deutz-fahr-zetor\/#primaryimage"},"image":{"@id":"https:\/\/exparto.pl\/hu\/produkt\/legszuro-behelyezes-wa30800e-deutz-fahr-zetor\/#primaryimage"},"thumbnailUrl":"https:\/\/exparto.pl\/wp-content\/uploads\/2023\/11\/e4aba13fad6bdf5c502249151388b396.jpg","datePublished":"2023-11-07T08:27:01+00:00","breadcrumb":{"@id":"https:\/\/exparto.pl\/hu\/produkt\/legszuro-behelyezes-wa30800e-deutz-fahr-zetor\/#breadcrumb"},"inLanguage":"hu","potentialAction":[{"@type":"ReadAction","target":["https:\/\/exparto.pl\/hu\/produkt\/legszuro-behelyezes-wa30800e-deutz-fahr-zetor\/"]}]},{"@type":"ImageObject","inLanguage":"hu","@id":"https:\/\/exparto.pl\/hu\/produkt\/legszuro-behelyezes-wa30800e-deutz-fahr-zetor\/#primaryimage","url":"https:\/\/exparto.pl\/wp-content\/uploads\/2023\/11\/e4aba13fad6bdf5c502249151388b396.jpg","contentUrl":"https:\/\/exparto.pl\/wp-content\/uploads\/2023\/11\/e4aba13fad6bdf5c502249151388b396.jpg","width":1000,"height":1000},{"@type":"BreadcrumbList","@id":"https:\/\/exparto.pl\/hu\/produkt\/legszuro-behelyezes-wa30800e-deutz-fahr-zetor\/#breadcrumb","itemListElement":[{"@type":"ListItem","position":1,"name":"Honlap","item":"https:\/\/exparto.pl\/hu\/"},{"@type":"ListItem","position":2,"name":"Sklep","item":"https:\/\/exparto.pl\/sklep\/"},{"@type":"ListItem","position":3,"name":"Sz\u0171r\u0151k","item":"https:\/\/exparto.pl\/hu\/termekkategoria\/szurok\/"},{"@type":"ListItem","position":4,"name":"L\u00e9gsz\u0171r\u0151bet\u00e9t","item":"https:\/\/exparto.pl\/hu\/termekkategoria\/szurok\/legszurobetet\/"},{"@type":"ListItem","position":5,"name":"L\u00e9gsz\u0171r\u0151 elem &#8211; WA30800E DEUTZ FAHR, ZETOR"}]},{"@type":"WebSite","@id":"https:\/\/exparto.pl\/hu\/#website","url":"https:\/\/exparto.pl\/hu\/","name":"EXPARTO","description":"More than agro parts","publisher":{"@id":"https:\/\/exparto.pl\/hu\/#organization"},"potentialAction":[{"@type":"SearchAction","target":{"@type":"EntryPoint","urlTemplate":"https:\/\/exparto.pl\/hu\/?s={search_term_string}"},"query-input":{"@type":"PropertyValueSpecification","valueRequired":true,"valueName":"search_term_string"}}],"inLanguage":"hu"},{"@type":"Organization","@id":"https:\/\/exparto.pl\/hu\/#organization","name":"EXPARTO","url":"https:\/\/exparto.pl\/hu\/","logo":{"@type":"ImageObject","inLanguage":"hu","@id":"https:\/\/exparto.pl\/hu\/#\/schema\/logo\/image\/","url":"https:\/\/exparto.pl\/wp-content\/uploads\/2023\/02\/logo-wektor.png","contentUrl":"https:\/\/exparto.pl\/wp-content\/uploads\/2023\/02\/logo-wektor.png","width":1338,"height":143,"caption":"EXPARTO"},"image":{"@id":"https:\/\/exparto.pl\/hu\/#\/schema\/logo\/image\/"},"sameAs":["https:\/\/www.facebook.com\/exparto.agro\/"]}]}},"_links":{"self":[{"href":"https:\/\/exparto.pl\/hu\/wp-json\/wp\/v2\/product\/9448","targetHints":{"allow":["GET"]}}],"collection":[{"href":"https:\/\/exparto.pl\/hu\/wp-json\/wp\/v2\/product"}],"about":[{"href":"https:\/\/exparto.pl\/hu\/wp-json\/wp\/v2\/types\/product"}],"replies":[{"embeddable":true,"href":"https:\/\/exparto.pl\/hu\/wp-json\/wp\/v2\/comments?post=9448"}],"wp:featuredmedia":[{"embeddable":true,"href":"https:\/\/exparto.pl\/hu\/wp-json\/wp\/v2\/media\/8053"}],"wp:attachment":[{"href":"https:\/\/exparto.pl\/hu\/wp-json\/wp\/v2\/media?parent=9448"}],"wp:term":[{"taxonomy":"product_brand","embeddable":true,"href":"https:\/\/exparto.pl\/hu\/wp-json\/wp\/v2\/product_brand?post=9448"},{"taxonomy":"product_cat","embeddable":true,"href":"https:\/\/exparto.pl\/hu\/wp-json\/wp\/v2\/product_cat?post=9448"},{"taxonomy":"product_tag","embeddable":true,"href":"https:\/\/exparto.pl\/hu\/wp-json\/wp\/v2\/product_tag?post=9448"}],"curies":[{"name":"wp","href":"https:\/\/api.w.org\/{rel}","templated":true}]}}